{"id":17624,"date":"2023-04-11T14:14:16","date_gmt":"2023-04-11T11:14:16","guid":{"rendered":"https:\/\/balticoverlanders.eu\/james-baroud\/"},"modified":"2024-05-06T22:45:43","modified_gmt":"2024-05-06T19:45:43","slug":"james-baroud","status":"publish","type":"page","link":"https:\/\/balticoverlanders.eu\/et\/james-baroud\/","title":{"rendered":"James Baroud"},"content":{"rendered":"\t\t<div data-elementor-type=\"wp-page\" data-elementor-id=\"17624\" class=\"elementor elementor-17624 elementor-17608\">\n\t\t\t\t\t\t\r\n\t\t<section\t\t class=\" elementor-section elementor-top-section elementor-element elementor-element-f22625b elementor-section-boxed elementor-section-height-default elementor-section-height-default\" data-id=\"f22625b\" data-element_type=\"section\" data-e-type=\"section\">\r\n\t\t\r\n\t\t\t\t\t\t\t\t\t\t<div class=\"elementor-container elementor-column-gap-default\" >\r\n\r\n\t\t\t\t\r\n\t\t\t\t\t\t\t\t\t\t\t\t\t\t<div\t\t class=\" elementor-column elementor-col-50 elementor-top-column elementor-element elementor-element-43ca3b1\" data-id=\"43ca3b1\" data-element_type=\"column\" data-e-type=\"column\">\r\n\t\t\t\r\n\t\t\t\r\n\t\t\t\r\n\t\t\t<div class=\"elementor-widget-wrap elementor-element-populated\">\r\n\t\t\t\t\t\t\t\t\r\n\t\t<section\t\t class=\" elementor-section elementor-inner-section elementor-element elementor-element-7354fef elementor-section-boxed elementor-section-height-default elementor-section-height-default\" data-id=\"7354fef\" data-element_type=\"section\" data-e-type=\"section\">\r\n\t\t\r\n\t\t\t\t\t\t\t\t\t\t<div class=\"elementor-container elementor-column-gap-default\" >\r\n\r\n\t\t\t\t\r\n\t\t\t\t\t\t\t\t\t\t\t\t\t\t<div\t\t class=\" elementor-column elementor-col-100 elementor-inner-column elementor-element elementor-element-9077767\" data-id=\"9077767\" data-element_type=\"column\" data-e-type=\"column\">\r\n\t\t\t\r\n\t\t\t\r\n\t\t\t\r\n\t\t\t<div class=\"elementor-widget-wrap elementor-element-populated\">\r\n\t\t\t\t\t\t\t\t<div class=\" elementor-element elementor-element-4d68c29 elementor-widget__width-initial elementor-widget elementor-widget-image\" data-id=\"4d68c29\" data-element_type=\"widget\" data-e-type=\"widget\" data-widget_type=\"image.default\">\n\t\t\t\t<div class=\"elementor-widget-container\">\n\t\t\t\t\t\t\t\t\t\t\t\t\t\t\t<img fetchpriority=\"high\" decoding=\"async\" width=\"700\" height=\"99\" src=\"https:\/\/balticoverlanders.eu\/wp-content\/uploads\/2023\/04\/James-Baroud-Logo-2022-v1.4-Horizontal-Black-Mono-.png\" class=\"attachment-large size-large wp-image-19413\" alt=\"James Baroud\" srcset=\"https:\/\/balticoverlanders.eu\/wp-content\/uploads\/2023\/04\/James-Baroud-Logo-2022-v1.4-Horizontal-Black-Mono-.png 700w, https:\/\/balticoverlanders.eu\/wp-content\/uploads\/2023\/04\/James-Baroud-Logo-2022-v1.4-Horizontal-Black-Mono--300x42.png 300w, https:\/\/balticoverlanders.eu\/wp-content\/uploads\/2023\/04\/James-Baroud-Logo-2022-v1.4-Horizontal-Black-Mono--150x21.png 150w, https:\/\/balticoverlanders.eu\/wp-content\/uploads\/2023\/04\/James-Baroud-Logo-2022-v1.4-Horizontal-Black-Mono--600x85.png 600w\" sizes=\"(max-width: 700px) 100vw, 700px\" \/>\t\t\t\t\t\t\t\t\t\t\t\t\t\t\t<\/div>\n\t\t\t\t<\/div>\n\t\t\r\n\t\t\r\n\t\t\t\t\t\t\t<\/div>\r\n\t\t\t\r\n\t\t<\/div>\r\n\t\t\t\t\t\t\t\t\t\t\t\t\t\t\t\t\t<\/div>\r\n\t\t\t\t\t\t<\/section>\r\n\t\t\r\n\t\t\r\n\t\t\t\t\t\t\t<\/div>\r\n\t\t\t\r\n\t\t<\/div>\r\n\t\t\t\t<div\t\t class=\" elementor-column elementor-col-50 elementor-top-column elementor-element elementor-element-819f927\" data-id=\"819f927\" data-element_type=\"column\" data-e-type=\"column\">\r\n\t\t\t\r\n\t\t\t\r\n\t\t\t\r\n\t\t\t<div class=\"elementor-widget-wrap\">\r\n\t\t\t\t\t\t\r\n\t\t\r\n\t\t\t\t\t\t\t<\/div>\r\n\t\t\t\r\n\t\t<\/div>\r\n\t\t\t\t\t\t\t\t\t\t\t\t\t\t\t\t\t<\/div>\r\n\t\t\t\t\t\t<\/section>\r\n\t\t\t\t\r\n\t\t<section\t\t class=\" elementor-section elementor-top-section elementor-element elementor-element-8723032 elementor-section-boxed elementor-section-height-default elementor-section-height-default\" data-id=\"8723032\" data-element_type=\"section\" data-e-type=\"section\">\r\n\t\t\r\n\t\t\t\t\t\t\t\t\t\t<div class=\"elementor-container elementor-column-gap-default\" >\r\n\r\n\t\t\t\t\r\n\t\t\t\t\t\t\t\t\t\t\t\t\t\t<div\t\t class=\" elementor-column elementor-col-50 elementor-top-column elementor-element elementor-element-3a2308a\" data-id=\"3a2308a\" data-element_type=\"column\" data-e-type=\"column\">\r\n\t\t\t\r\n\t\t\t\r\n\t\t\t\r\n\t\t\t<div class=\"elementor-widget-wrap elementor-element-populated\">\r\n\t\t\t\t\t\t\t\t<div class=\" elementor-element elementor-element-d9f9c27 elementor-widget elementor-widget-text-editor\" data-id=\"d9f9c27\" data-element_type=\"widget\" data-e-type=\"widget\" data-widget_type=\"text-editor.default\">\n\t\t\t\t<div class=\"elementor-widget-container\">\n\t\t\t\t\t\t\t\t\t<p><a href=\"https:\/\/balticoverlanders.eu\/et\/\">Baltic Overlanders<\/a> on uhke, et on ametlik edasim\u00fc\u00fcja <span style=\"text-decoration: underline;\"><br \/>\n  <a href=\"https:\/\/www.jamesbaroud.com\/en\/\">James Baroud<\/a><br \/>\n<\/span> k\u00f5igis Balti riikides &#8211; L\u00e4tis, Eestis ja Leedus. James Baroud esindab parimaid katusetelke turul ja on domineerinud katusetelkide turul juba \u00fcle 20 aasta.<\/p>\n<p>Aastak\u00fcmneid kestnud testimine k\u00f5ige ekstreemsemates tingimustes ja disaini t\u00e4iustamine on viinud paremate katusetelkide v\u00e4ljat\u00f6\u00f6tamiseni. K\u00f5ik James Baroudi katusealused telgid on standardvarustuses funktsioonidega, mille eest enamik tootjaid k\u00fcsivad lisatasu v\u00f5i mida nad ei pruugi pakkuda. Nende hulka kuuluvad suure tihedusega vahtpolster, ventilatsiooniventilaator, valgustus, s\u00e4\u00e4sev\u00f5rk, gaasip\u00fcstoliga toetatud avamine, hoiutaskud ja t\u00f6\u00f6stusharu juhtiv garantii.<\/p>\n<p>Kui olete kodust kaugel ja raske ilmaga, olete t\u00e4nulik, et valisite kvaliteetse telgi, mis on konstrueeritud ekstreemsetele ilmastikutingimustele vastu pidama. James Baroudi telkide puhul v\u00f5ite olla kindel, et teil on igas ilmastikuolukorras turvaline ja mugav.<\/p>\n<p>Tule tutvuma meie demomudelitega ja veendu ise James Baroudi telkide esmaklassilisest kvaliteedist ja \u00fclikiirest \u00fcles- ja mahav\u00f5tmisest. Meie ekspertide meeskond on alati valmis vastama k\u00f5ikidele k\u00fcsimustele ja aitama teil leida t\u00e4iuslik katusetelk j\u00e4rgmise seikluse jaoks.<\/p>\n<p>L\u00fchike ajalugu: James Baroud on olnud katusealuste telkide turul juhtpositsioonil juba \u00fcle 20 aasta ning nende kogemused ja teadmised kajastuvad nende toodete suurep\u00e4rases kvaliteedis. Nad on pidevalt testinud ja t\u00e4iustanud oma konstruktsioone, et need peaksid vastu ka k\u00f5ige karmimatele ilmastikutingimustele, tagades, et nende kliendid saavad nautida oma seiklusi \u00f5ues kindlalt ja rahulikult.<\/p>\n\t\t\t\t\t\t\t\t<\/div>\n\t\t\t\t<\/div>\n\t\t\t\t<div class=\" elementor-element elementor-element-b8cb901 elementor-widget elementor-widget-riode_widget_button\" data-id=\"b8cb901\" data-element_type=\"widget\" data-e-type=\"widget\" data-widget_type=\"riode_widget_button.default\">\n\t\t\t\t<div class=\"elementor-widget-container\">\n\t\t\t\t\t<a class=\"btn btn-primary\" href=\"https:\/\/balticoverlanders.eu\/product-category\/brands\/james-baroud\/\" >See All James Baroud Products<\/a>\t\t\t\t<\/div>\n\t\t\t\t<\/div>\n\t\t\r\n\t\t\r\n\t\t\t\t\t\t\t<\/div>\r\n\t\t\t\r\n\t\t<\/div>\r\n\t\t\t\t<div\t\t class=\" elementor-column elementor-col-50 elementor-top-column elementor-element elementor-element-54b76ca\" data-id=\"54b76ca\" data-element_type=\"column\" data-e-type=\"column\">\r\n\t\t\t\r\n\t\t\t\r\n\t\t\t\r\n\t\t\t<div class=\"elementor-widget-wrap elementor-element-populated\">\r\n\t\t\t\t\t\t\t\t\r\n\t\t<section\t\t class=\" elementor-section elementor-inner-section elementor-element elementor-element-b125e9b elementor-section-boxed elementor-section-height-default elementor-section-height-default\" data-id=\"b125e9b\" data-element_type=\"section\" data-e-type=\"section\">\r\n\t\t\r\n\t\t\t\t\t\t\t\t\t\t<div class=\"elementor-container elementor-column-gap-default\" >\r\n\r\n\t\t\t\t\r\n\t\t\t\t\t\t\t\t\t\t\t\t\t\t<div\t\t class=\" elementor-column elementor-col-50 elementor-inner-column elementor-element elementor-element-01041ba\" data-id=\"01041ba\" data-element_type=\"column\" data-e-type=\"column\">\r\n\t\t\t\r\n\t\t\t\r\n\t\t\t\r\n\t\t\t<div class=\"elementor-widget-wrap elementor-element-populated\">\r\n\t\t\t\t\t\t\t\t<div class=\" elementor-element elementor-element-8b7a80b elementor-widget__width-initial elementor-widget elementor-widget-image\" data-id=\"8b7a80b\" data-element_type=\"widget\" data-e-type=\"widget\" data-widget_type=\"image.default\">\n\t\t\t\t<div class=\"elementor-widget-container\">\n\t\t\t\t\t\t\t\t\t\t\t\t\t\t\t<img decoding=\"async\" width=\"1024\" height=\"768\" src=\"https:\/\/balticoverlanders.eu\/wp-content\/uploads\/2023\/04\/P1160261-1024x768.jpg\" class=\"attachment-large size-large wp-image-19438\" alt=\"\" srcset=\"https:\/\/balticoverlanders.eu\/wp-content\/uploads\/2023\/04\/P1160261-1024x768.jpg 1024w, https:\/\/balticoverlanders.eu\/wp-content\/uploads\/2023\/04\/P1160261-300x225.jpg 300w, https:\/\/balticoverlanders.eu\/wp-content\/uploads\/2023\/04\/P1160261-768x576.jpg 768w, https:\/\/balticoverlanders.eu\/wp-content\/uploads\/2023\/04\/P1160261-1536x1152.jpg 1536w, https:\/\/balticoverlanders.eu\/wp-content\/uploads\/2023\/04\/P1160261-2048x1536.jpg 2048w, https:\/\/balticoverlanders.eu\/wp-content\/uploads\/2023\/04\/P1160261-150x113.jpg 150w, https:\/\/balticoverlanders.eu\/wp-content\/uploads\/2023\/04\/P1160261-600x450.jpg 600w\" sizes=\"(max-width: 1024px) 100vw, 1024px\" \/>\t\t\t\t\t\t\t\t\t\t\t\t\t\t\t<\/div>\n\t\t\t\t<\/div>\n\t\t\r\n\t\t\r\n\t\t\t\t\t\t\t<\/div>\r\n\t\t\t\r\n\t\t<\/div>\r\n\t\t\t\t<div\t\t class=\" elementor-column elementor-col-50 elementor-inner-column elementor-element elementor-element-41e59f2\" data-id=\"41e59f2\" data-element_type=\"column\" data-e-type=\"column\">\r\n\t\t\t\r\n\t\t\t\r\n\t\t\t\r\n\t\t\t<div class=\"elementor-widget-wrap elementor-element-populated\">\r\n\t\t\t\t\t\t\t\t<div class=\" elementor-element elementor-element-62fe71c elementor-widget__width-initial elementor-widget elementor-widget-image\" data-id=\"62fe71c\" data-element_type=\"widget\" data-e-type=\"widget\" data-widget_type=\"image.default\">\n\t\t\t\t<div class=\"elementor-widget-container\">\n\t\t\t\t\t\t\t\t\t\t\t\t\t\t\t<img decoding=\"async\" width=\"1024\" height=\"768\" src=\"https:\/\/balticoverlanders.eu\/wp-content\/uploads\/2023\/04\/P1160264-1024x768.jpg\" class=\"attachment-large size-large wp-image-19443\" alt=\"\" srcset=\"https:\/\/balticoverlanders.eu\/wp-content\/uploads\/2023\/04\/P1160264-1024x768.jpg 1024w, https:\/\/balticoverlanders.eu\/wp-content\/uploads\/2023\/04\/P1160264-300x225.jpg 300w, https:\/\/balticoverlanders.eu\/wp-content\/uploads\/2023\/04\/P1160264-768x576.jpg 768w, https:\/\/balticoverlanders.eu\/wp-content\/uploads\/2023\/04\/P1160264-1536x1152.jpg 1536w, https:\/\/balticoverlanders.eu\/wp-content\/uploads\/2023\/04\/P1160264-2048x1536.jpg 2048w, https:\/\/balticoverlanders.eu\/wp-content\/uploads\/2023\/04\/P1160264-150x113.jpg 150w, https:\/\/balticoverlanders.eu\/wp-content\/uploads\/2023\/04\/P1160264-600x450.jpg 600w\" sizes=\"(max-width: 1024px) 100vw, 1024px\" \/>\t\t\t\t\t\t\t\t\t\t\t\t\t\t\t<\/div>\n\t\t\t\t<\/div>\n\t\t\r\n\t\t\r\n\t\t\t\t\t\t\t<\/div>\r\n\t\t\t\r\n\t\t<\/div>\r\n\t\t\t\t\t\t\t\t\t\t\t\t\t\t\t\t\t<\/div>\r\n\t\t\t\t\t\t<\/section>\r\n\t\t\t\t<div class=\" elementor-element elementor-element-9b1b861 elementor-widget elementor-widget-spacer\" data-id=\"9b1b861\" data-element_type=\"widget\" data-e-type=\"widget\" data-widget_type=\"spacer.default\">\n\t\t\t\t<div class=\"elementor-widget-container\">\n\t\t\t\t\t\t\t<div class=\"elementor-spacer\">\n\t\t\t<div class=\"elementor-spacer-inner\"><\/div>\n\t\t<\/div>\n\t\t\t\t\t\t<\/div>\n\t\t\t\t<\/div>\n\t\t\t\t\r\n\t\t<section\t\t class=\" elementor-section elementor-inner-section elementor-element elementor-element-6023e6a elementor-section-boxed elementor-section-height-default elementor-section-height-default\" data-id=\"6023e6a\" data-element_type=\"section\" data-e-type=\"section\">\r\n\t\t\r\n\t\t\t\t\t\t\t\t\t\t<div class=\"elementor-container elementor-column-gap-default\" >\r\n\r\n\t\t\t\t\r\n\t\t\t\t\t\t\t\t\t\t\t\t\t\t<div\t\t class=\" elementor-column elementor-col-50 elementor-inner-column elementor-element elementor-element-29ce2a7\" data-id=\"29ce2a7\" data-element_type=\"column\" data-e-type=\"column\">\r\n\t\t\t\r\n\t\t\t\r\n\t\t\t\r\n\t\t\t<div class=\"elementor-widget-wrap elementor-element-populated\">\r\n\t\t\t\t\t\t\t\t<div class=\" elementor-element elementor-element-56c9ddb elementor-widget__width-initial elementor-widget elementor-widget-image\" data-id=\"56c9ddb\" data-element_type=\"widget\" data-e-type=\"widget\" data-widget_type=\"image.default\">\n\t\t\t\t<div class=\"elementor-widget-container\">\n\t\t\t\t\t\t\t\t\t\t\t\t\t\t\t<img loading=\"lazy\" decoding=\"async\" width=\"1024\" height=\"768\" src=\"https:\/\/balticoverlanders.eu\/wp-content\/uploads\/2023\/04\/P1160184-1024x768.jpg\" class=\"attachment-large size-large wp-image-19423\" alt=\"\" srcset=\"https:\/\/balticoverlanders.eu\/wp-content\/uploads\/2023\/04\/P1160184-1024x768.jpg 1024w, https:\/\/balticoverlanders.eu\/wp-content\/uploads\/2023\/04\/P1160184-300x225.jpg 300w, https:\/\/balticoverlanders.eu\/wp-content\/uploads\/2023\/04\/P1160184-768x576.jpg 768w, https:\/\/balticoverlanders.eu\/wp-content\/uploads\/2023\/04\/P1160184-1536x1152.jpg 1536w, https:\/\/balticoverlanders.eu\/wp-content\/uploads\/2023\/04\/P1160184-2048x1536.jpg 2048w, https:\/\/balticoverlanders.eu\/wp-content\/uploads\/2023\/04\/P1160184-150x113.jpg 150w, https:\/\/balticoverlanders.eu\/wp-content\/uploads\/2023\/04\/P1160184-600x450.jpg 600w\" sizes=\"(max-width: 1024px) 100vw, 1024px\" \/>\t\t\t\t\t\t\t\t\t\t\t\t\t\t\t<\/div>\n\t\t\t\t<\/div>\n\t\t\r\n\t\t\r\n\t\t\t\t\t\t\t<\/div>\r\n\t\t\t\r\n\t\t<\/div>\r\n\t\t\t\t<div\t\t class=\" elementor-column elementor-col-50 elementor-inner-column elementor-element elementor-element-d50e97a\" data-id=\"d50e97a\" data-element_type=\"column\" data-e-type=\"column\">\r\n\t\t\t\r\n\t\t\t\r\n\t\t\t\r\n\t\t\t<div class=\"elementor-widget-wrap elementor-element-populated\">\r\n\t\t\t\t\t\t\t\t<div class=\" elementor-element elementor-element-363f5b3 elementor-widget__width-initial elementor-widget elementor-widget-image\" data-id=\"363f5b3\" data-element_type=\"widget\" data-e-type=\"widget\" data-widget_type=\"image.default\">\n\t\t\t\t<div class=\"elementor-widget-container\">\n\t\t\t\t\t\t\t\t\t\t\t\t\t\t\t<img loading=\"lazy\" decoding=\"async\" width=\"1024\" height=\"768\" src=\"https:\/\/balticoverlanders.eu\/wp-content\/uploads\/2023\/04\/P1160269-1024x768.jpg\" class=\"attachment-large size-large wp-image-19418\" alt=\"\" srcset=\"https:\/\/balticoverlanders.eu\/wp-content\/uploads\/2023\/04\/P1160269-1024x768.jpg 1024w, https:\/\/balticoverlanders.eu\/wp-content\/uploads\/2023\/04\/P1160269-300x225.jpg 300w, https:\/\/balticoverlanders.eu\/wp-content\/uploads\/2023\/04\/P1160269-768x576.jpg 768w, https:\/\/balticoverlanders.eu\/wp-content\/uploads\/2023\/04\/P1160269-1536x1152.jpg 1536w, https:\/\/balticoverlanders.eu\/wp-content\/uploads\/2023\/04\/P1160269-2048x1536.jpg 2048w, https:\/\/balticoverlanders.eu\/wp-content\/uploads\/2023\/04\/P1160269-150x113.jpg 150w, https:\/\/balticoverlanders.eu\/wp-content\/uploads\/2023\/04\/P1160269-600x450.jpg 600w\" sizes=\"(max-width: 1024px) 100vw, 1024px\" \/>\t\t\t\t\t\t\t\t\t\t\t\t\t\t\t<\/div>\n\t\t\t\t<\/div>\n\t\t\r\n\t\t\r\n\t\t\t\t\t\t\t<\/div>\r\n\t\t\t\r\n\t\t<\/div>\r\n\t\t\t\t\t\t\t\t\t\t\t\t\t\t\t\t\t<\/div>\r\n\t\t\t\t\t\t<\/section>\r\n\t\t\r\n\t\t\r\n\t\t\t\t\t\t\t<\/div>\r\n\t\t\t\r\n\t\t<\/div>\r\n\t\t\t\t\t\t\t\t\t\t\t\t\t\t\t\t\t<\/div>\r\n\t\t\t\t\t\t<\/section>\r\n\t\t\t\t<\/div>\n\t\t","protected":false},"excerpt":{"rendered":"<p>Baltic Overlanders on uhke, et on ametlik edasim\u00fc\u00fcja James Baroud k\u00f5igis Balti riikides &#8211; L\u00e4tis, Eestis ja Leedus. James Baroud esindab parimaid katusetelke turul ja on domineerinud katusetelkide turul juba \u00fcle 20 aasta. Aastak\u00fcmneid kestnud testimine k\u00f5ige ekstreemsemates tingimustes ja disaini t\u00e4iustamine on viinud paremate katusetelkide v\u00e4ljat\u00f6\u00f6tamiseni. K\u00f5ik James Baroudi katusealused telgid on standardvarustuses funktsioonidega, [&hellip;]<\/p>\n","protected":false},"author":1,"featured_media":0,"parent":0,"menu_order":0,"comment_status":"closed","ping_status":"closed","template":"elementor_header_footer","meta":{"footnotes":""},"class_list":["post-17624","page","type-page","status-publish","hentry"],"yoast_head":"<!-- This site is optimized with the Yoast SEO plugin v27.3 - https:\/\/yoast.com\/product\/yoast-seo-wordpress\/ -->\n<title>James Baroud - BALTIC OVERLANDERS<\/title>\n<meta name=\"description\" content=\"Avastage \u00fclim vabadus ja seiklus James Baroudi katusealuste telkidega igale autole ja 4x4-le. (Balti riigid - L\u00e4ti, Eesti, Leedu).\" \/>\n<meta name=\"robots\" content=\"index, follow, max-snippet:-1, max-image-preview:large, max-video-preview:-1\" \/>\n<link rel=\"canonical\" href=\"https:\/\/balticoverlanders.eu\/et\/james-baroud\/\" \/>\n<meta property=\"og:locale\" content=\"et_EE\" \/>\n<meta property=\"og:type\" content=\"article\" \/>\n<meta property=\"og:title\" content=\"James Baroud - BALTIC OVERLANDERS\" \/>\n<meta property=\"og:description\" content=\"Avastage \u00fclim vabadus ja seiklus James Baroudi autode ja 4x4-ide katusealuste telkidega. (Balti riigid - L\u00e4ti, Eesti, Leedu).\" \/>\n<meta property=\"og:url\" content=\"https:\/\/balticoverlanders.eu\/et\/james-baroud\/\" \/>\n<meta property=\"og:site_name\" content=\"BALTIC OVERLANDERS\" \/>\n<meta property=\"article:modified_time\" content=\"2024-05-06T19:45:43+00:00\" \/>\n<meta property=\"og:image\" content=\"https:\/\/balticoverlanders.eu\/wp-content\/uploads\/2023\/04\/James-Baroud-Logo-2022-v1.4-Horizontal-Black-Mono-.png\" \/>\n<meta name=\"twitter:card\" content=\"summary_large_image\" \/>\n<meta name=\"twitter:title\" content=\"James Baroud - BALTIC OVERLANDERS\" \/>\n<meta name=\"twitter:description\" content=\"Avastage \u00fclim vabadus ja seiklus James Baroudi autode ja 4x4-ide katusealuste telkidega. (Balti riigid - L\u00e4ti, Eesti, Leedu).\" \/>\n<meta name=\"twitter:label1\" content=\"Est. reading time\" \/>\n\t<meta name=\"twitter:data1\" content=\"1 minut\" \/>\n<script type=\"application\/ld+json\" class=\"yoast-schema-graph\">{\"@context\":\"https:\\\/\\\/schema.org\",\"@graph\":[{\"@type\":\"WebPage\",\"@id\":\"https:\\\/\\\/balticoverlanders.eu\\\/et\\\/james-baroud\\\/\",\"url\":\"https:\\\/\\\/balticoverlanders.eu\\\/et\\\/james-baroud\\\/\",\"name\":\"James Baroud - BALTIC OVERLANDERS\",\"isPartOf\":{\"@id\":\"https:\\\/\\\/balticoverlanders.eu\\\/et\\\/#website\"},\"primaryImageOfPage\":{\"@id\":\"https:\\\/\\\/balticoverlanders.eu\\\/et\\\/james-baroud\\\/#primaryimage\"},\"image\":{\"@id\":\"https:\\\/\\\/balticoverlanders.eu\\\/et\\\/james-baroud\\\/#primaryimage\"},\"thumbnailUrl\":\"https:\\\/\\\/balticoverlanders.eu\\\/wp-content\\\/uploads\\\/2023\\\/04\\\/James-Baroud-Logo-2022-v1.4-Horizontal-Black-Mono-.png\",\"datePublished\":\"2023-04-11T11:14:16+00:00\",\"dateModified\":\"2024-05-06T19:45:43+00:00\",\"description\":\"Avastage \u00fclim vabadus ja seiklus James Baroudi katusealuste telkidega igale autole ja 4x4-le. (Balti riigid - L\u00e4ti, Eesti, Leedu).\",\"breadcrumb\":{\"@id\":\"https:\\\/\\\/balticoverlanders.eu\\\/et\\\/james-baroud\\\/#breadcrumb\"},\"inLanguage\":\"et\",\"potentialAction\":[{\"@type\":\"ReadAction\",\"target\":[\"https:\\\/\\\/balticoverlanders.eu\\\/et\\\/james-baroud\\\/\"]}]},{\"@type\":\"ImageObject\",\"inLanguage\":\"et\",\"@id\":\"https:\\\/\\\/balticoverlanders.eu\\\/et\\\/james-baroud\\\/#primaryimage\",\"url\":\"https:\\\/\\\/balticoverlanders.eu\\\/wp-content\\\/uploads\\\/2023\\\/04\\\/James-Baroud-Logo-2022-v1.4-Horizontal-Black-Mono-.png\",\"contentUrl\":\"https:\\\/\\\/balticoverlanders.eu\\\/wp-content\\\/uploads\\\/2023\\\/04\\\/James-Baroud-Logo-2022-v1.4-Horizontal-Black-Mono-.png\"},{\"@type\":\"BreadcrumbList\",\"@id\":\"https:\\\/\\\/balticoverlanders.eu\\\/et\\\/james-baroud\\\/#breadcrumb\",\"itemListElement\":[{\"@type\":\"ListItem\",\"position\":1,\"name\":\"Home\",\"item\":\"https:\\\/\\\/balticoverlanders.eu\\\/et\\\/home\\\/\"},{\"@type\":\"ListItem\",\"position\":2,\"name\":\"James Baroud\"}]},{\"@type\":\"WebSite\",\"@id\":\"https:\\\/\\\/balticoverlanders.eu\\\/et\\\/#website\",\"url\":\"https:\\\/\\\/balticoverlanders.eu\\\/et\\\/\",\"name\":\"BALTIC OVERLANDERS\",\"description\":\"Your one-stop shop in Latvia, Estonia, and Lithuania for all your car camping, rooftop tent and accessory needs.\",\"publisher\":{\"@id\":\"https:\\\/\\\/balticoverlanders.eu\\\/et\\\/#organization\"},\"potentialAction\":[{\"@type\":\"SearchAction\",\"target\":{\"@type\":\"EntryPoint\",\"urlTemplate\":\"https:\\\/\\\/balticoverlanders.eu\\\/et\\\/?s={search_term_string}\"},\"query-input\":{\"@type\":\"PropertyValueSpecification\",\"valueRequired\":true,\"valueName\":\"search_term_string\"}}],\"inLanguage\":\"et\"},{\"@type\":\"Organization\",\"@id\":\"https:\\\/\\\/balticoverlanders.eu\\\/et\\\/#organization\",\"name\":\"BALTIC OVERLANDERS\",\"url\":\"https:\\\/\\\/balticoverlanders.eu\\\/et\\\/\",\"logo\":{\"@type\":\"ImageObject\",\"inLanguage\":\"et\",\"@id\":\"https:\\\/\\\/balticoverlanders.eu\\\/et\\\/#\\\/schema\\\/logo\\\/image\\\/\",\"url\":\"https:\\\/\\\/balticoverlanders.eu\\\/wp-content\\\/uploads\\\/2023\\\/04\\\/BALTIC-OVERLANDERS-LOGO.jpg\",\"contentUrl\":\"https:\\\/\\\/balticoverlanders.eu\\\/wp-content\\\/uploads\\\/2023\\\/04\\\/BALTIC-OVERLANDERS-LOGO.jpg\",\"width\":1497,\"height\":310,\"caption\":\"BALTIC OVERLANDERS\"},\"image\":{\"@id\":\"https:\\\/\\\/balticoverlanders.eu\\\/et\\\/#\\\/schema\\\/logo\\\/image\\\/\"},\"sameAs\":[\"https:\\\/\\\/www.instagram.com\\\/balticoverlanders\\\/\"]}]}<\/script>\n<!-- \/ Yoast SEO plugin. -->","yoast_head_json":{"title":"James Baroud - BALTIC OVERLANDERS","description":"Avastage \u00fclim vabadus ja seiklus James Baroudi katusealuste telkidega igale autole ja 4x4-le. (Balti riigid - L\u00e4ti, Eesti, Leedu).","robots":{"index":"index","follow":"follow","max-snippet":"max-snippet:-1","max-image-preview":"max-image-preview:large","max-video-preview":"max-video-preview:-1"},"canonical":"https:\/\/balticoverlanders.eu\/et\/james-baroud\/","og_locale":"et_EE","og_type":"article","og_title":"James Baroud - BALTIC OVERLANDERS","og_description":"Avastage \u00fclim vabadus ja seiklus James Baroudi autode ja 4x4-ide katusealuste telkidega. (Balti riigid - L\u00e4ti, Eesti, Leedu).","og_url":"https:\/\/balticoverlanders.eu\/et\/james-baroud\/","og_site_name":"BALTIC OVERLANDERS","article_modified_time":"2024-05-06T19:45:43+00:00","og_image":[{"url":"https:\/\/balticoverlanders.eu\/wp-content\/uploads\/2023\/04\/James-Baroud-Logo-2022-v1.4-Horizontal-Black-Mono-.png","type":"","width":"","height":""}],"twitter_card":"summary_large_image","twitter_title":"James Baroud - BALTIC OVERLANDERS","twitter_description":"Avastage \u00fclim vabadus ja seiklus James Baroudi autode ja 4x4-ide katusealuste telkidega. (Balti riigid - L\u00e4ti, Eesti, Leedu).","twitter_misc":{"Est. reading time":"1 minut"},"schema":{"@context":"https:\/\/schema.org","@graph":[{"@type":"WebPage","@id":"https:\/\/balticoverlanders.eu\/et\/james-baroud\/","url":"https:\/\/balticoverlanders.eu\/et\/james-baroud\/","name":"James Baroud - BALTIC OVERLANDERS","isPartOf":{"@id":"https:\/\/balticoverlanders.eu\/et\/#website"},"primaryImageOfPage":{"@id":"https:\/\/balticoverlanders.eu\/et\/james-baroud\/#primaryimage"},"image":{"@id":"https:\/\/balticoverlanders.eu\/et\/james-baroud\/#primaryimage"},"thumbnailUrl":"https:\/\/balticoverlanders.eu\/wp-content\/uploads\/2023\/04\/James-Baroud-Logo-2022-v1.4-Horizontal-Black-Mono-.png","datePublished":"2023-04-11T11:14:16+00:00","dateModified":"2024-05-06T19:45:43+00:00","description":"Avastage \u00fclim vabadus ja seiklus James Baroudi katusealuste telkidega igale autole ja 4x4-le. (Balti riigid - L\u00e4ti, Eesti, Leedu).","breadcrumb":{"@id":"https:\/\/balticoverlanders.eu\/et\/james-baroud\/#breadcrumb"},"inLanguage":"et","potentialAction":[{"@type":"ReadAction","target":["https:\/\/balticoverlanders.eu\/et\/james-baroud\/"]}]},{"@type":"ImageObject","inLanguage":"et","@id":"https:\/\/balticoverlanders.eu\/et\/james-baroud\/#primaryimage","url":"https:\/\/balticoverlanders.eu\/wp-content\/uploads\/2023\/04\/James-Baroud-Logo-2022-v1.4-Horizontal-Black-Mono-.png","contentUrl":"https:\/\/balticoverlanders.eu\/wp-content\/uploads\/2023\/04\/James-Baroud-Logo-2022-v1.4-Horizontal-Black-Mono-.png"},{"@type":"BreadcrumbList","@id":"https:\/\/balticoverlanders.eu\/et\/james-baroud\/#breadcrumb","itemListElement":[{"@type":"ListItem","position":1,"name":"Home","item":"https:\/\/balticoverlanders.eu\/et\/home\/"},{"@type":"ListItem","position":2,"name":"James Baroud"}]},{"@type":"WebSite","@id":"https:\/\/balticoverlanders.eu\/et\/#website","url":"https:\/\/balticoverlanders.eu\/et\/","name":"BALTIC OVERLANDERS","description":"Your one-stop shop in Latvia, Estonia, and Lithuania for all your car camping, rooftop tent and accessory needs.","publisher":{"@id":"https:\/\/balticoverlanders.eu\/et\/#organization"},"potentialAction":[{"@type":"SearchAction","target":{"@type":"EntryPoint","urlTemplate":"https:\/\/balticoverlanders.eu\/et\/?s={search_term_string}"},"query-input":{"@type":"PropertyValueSpecification","valueRequired":true,"valueName":"search_term_string"}}],"inLanguage":"et"},{"@type":"Organization","@id":"https:\/\/balticoverlanders.eu\/et\/#organization","name":"BALTIC OVERLANDERS","url":"https:\/\/balticoverlanders.eu\/et\/","logo":{"@type":"ImageObject","inLanguage":"et","@id":"https:\/\/balticoverlanders.eu\/et\/#\/schema\/logo\/image\/","url":"https:\/\/balticoverlanders.eu\/wp-content\/uploads\/2023\/04\/BALTIC-OVERLANDERS-LOGO.jpg","contentUrl":"https:\/\/balticoverlanders.eu\/wp-content\/uploads\/2023\/04\/BALTIC-OVERLANDERS-LOGO.jpg","width":1497,"height":310,"caption":"BALTIC OVERLANDERS"},"image":{"@id":"https:\/\/balticoverlanders.eu\/et\/#\/schema\/logo\/image\/"},"sameAs":["https:\/\/www.instagram.com\/balticoverlanders\/"]}]}},"_links":{"self":[{"href":"https:\/\/balticoverlanders.eu\/et\/wp-json\/wp\/v2\/pages\/17624","targetHints":{"allow":["GET"]}}],"collection":[{"href":"https:\/\/balticoverlanders.eu\/et\/wp-json\/wp\/v2\/pages"}],"about":[{"href":"https:\/\/balticoverlanders.eu\/et\/wp-json\/wp\/v2\/types\/page"}],"author":[{"embeddable":true,"href":"https:\/\/balticoverlanders.eu\/et\/wp-json\/wp\/v2\/users\/1"}],"replies":[{"embeddable":true,"href":"https:\/\/balticoverlanders.eu\/et\/wp-json\/wp\/v2\/comments?post=17624"}],"version-history":[{"count":5,"href":"https:\/\/balticoverlanders.eu\/et\/wp-json\/wp\/v2\/pages\/17624\/revisions"}],"predecessor-version":[{"id":39613,"href":"https:\/\/balticoverlanders.eu\/et\/wp-json\/wp\/v2\/pages\/17624\/revisions\/39613"}],"wp:attachment":[{"href":"https:\/\/balticoverlanders.eu\/et\/wp-json\/wp\/v2\/media?parent=17624"}],"curies":[{"name":"wp","href":"https:\/\/api.w.org\/{rel}","templated":true}]}}