{"id":26027,"date":"2023-05-17T16:38:01","date_gmt":"2023-05-17T13:38:01","guid":{"rendered":"https:\/\/balticoverlanders.eu\/precu-nomaksa\/"},"modified":"2024-05-06T22:43:11","modified_gmt":"2024-05-06T19:43:11","slug":"jarelmaks","status":"publish","type":"page","link":"https:\/\/balticoverlanders.eu\/et\/jarelmaks\/","title":{"rendered":"J\u00e4relmaks"},"content":{"rendered":"\t\t<div data-elementor-type=\"wp-page\" data-elementor-id=\"26027\" class=\"elementor elementor-26027 elementor-26022\">\n\t\t\t\t\t\t\r\n\t\t<section\t\t class=\" elementor-section elementor-top-section elementor-element elementor-element-28841b3 elementor-section-boxed elementor-section-height-default elementor-section-height-default\" data-id=\"28841b3\" data-element_type=\"section\" data-e-type=\"section\">\r\n\t\t\r\n\t\t\t\t\t\t\t\t\t\t<div class=\"elementor-container elementor-column-gap-default\" >\r\n\r\n\t\t\t\t\r\n\t\t\t\t\t\t\t\t\t\t\t\t\t\t<div\t\t class=\" elementor-column elementor-col-100 elementor-top-column elementor-element elementor-element-e102bdd\" data-id=\"e102bdd\" data-element_type=\"column\" data-e-type=\"column\">\r\n\t\t\t\r\n\t\t\t\r\n\t\t\t\r\n\t\t\t<div class=\"elementor-widget-wrap elementor-element-populated\">\r\n\t\t\t\t\t\t\t\t\r\n\t\t<section\t\t class=\" elementor-section elementor-inner-section elementor-element elementor-element-c11b98a elementor-section-boxed elementor-section-height-default elementor-section-height-default\" data-id=\"c11b98a\" data-element_type=\"section\" data-e-type=\"section\">\r\n\t\t\r\n\t\t\t\t\t\t\t\t\t\t<div class=\"elementor-container elementor-column-gap-default\" >\r\n\r\n\t\t\t\t\r\n\t\t\t\t\t\t\t\t\t\t\t\t\t\t<div\t\t class=\" elementor-column elementor-col-50 elementor-inner-column elementor-element elementor-element-c3cf41d\" data-id=\"c3cf41d\" data-element_type=\"column\" data-e-type=\"column\">\r\n\t\t\t\r\n\t\t\t\r\n\t\t\t\r\n\t\t\t<div class=\"elementor-widget-wrap elementor-element-populated\">\r\n\t\t\t\t\t\t\t\t<div class=\" elementor-element elementor-element-75a5b15 elementor-widget elementor-widget-image\" data-id=\"75a5b15\" data-element_type=\"widget\" data-e-type=\"widget\" data-widget_type=\"image.default\">\n\t\t\t\t<div class=\"elementor-widget-container\">\n\t\t\t\t\t\t\t\t\t\t\t\t\t\t\t<img fetchpriority=\"high\" decoding=\"async\" width=\"1024\" height=\"576\" src=\"https:\/\/balticoverlanders.eu\/wp-content\/uploads\/2023\/07\/NJraUeYS-1024x576.jpeg\" class=\"attachment-large size-large wp-image-29383\" alt=\"InBank x Baltic Overlanders (English)\" srcset=\"https:\/\/balticoverlanders.eu\/wp-content\/uploads\/2023\/07\/NJraUeYS-1024x576.jpeg 1024w, https:\/\/balticoverlanders.eu\/wp-content\/uploads\/2023\/07\/NJraUeYS-300x169.jpeg 300w, https:\/\/balticoverlanders.eu\/wp-content\/uploads\/2023\/07\/NJraUeYS-768x432.jpeg 768w, https:\/\/balticoverlanders.eu\/wp-content\/uploads\/2023\/07\/NJraUeYS-1536x864.jpeg 1536w, https:\/\/balticoverlanders.eu\/wp-content\/uploads\/2023\/07\/NJraUeYS-2048x1152.jpeg 2048w, https:\/\/balticoverlanders.eu\/wp-content\/uploads\/2023\/07\/NJraUeYS-150x84.jpeg 150w, https:\/\/balticoverlanders.eu\/wp-content\/uploads\/2023\/07\/NJraUeYS-600x338.jpeg 600w\" sizes=\"(max-width: 1024px) 100vw, 1024px\" \/>\t\t\t\t\t\t\t\t\t\t\t\t\t\t\t<\/div>\n\t\t\t\t<\/div>\n\t\t\r\n\t\t\r\n\t\t\t\t\t\t\t<\/div>\r\n\t\t\t\r\n\t\t<\/div>\r\n\t\t\t\t<div\t\t class=\" elementor-column elementor-col-50 elementor-inner-column elementor-element elementor-element-9d73670\" data-id=\"9d73670\" data-element_type=\"column\" data-e-type=\"column\">\r\n\t\t\t\r\n\t\t\t\r\n\t\t\t\r\n\t\t\t<div class=\"elementor-widget-wrap elementor-element-populated\">\r\n\t\t\t\t\t\t\t\t<div class=\" elementor-element elementor-element-e7ca170 elementor-widget elementor-widget-text-editor\" data-id=\"e7ca170\" data-element_type=\"widget\" data-e-type=\"widget\" data-widget_type=\"text-editor.default\">\n\t\t\t\t<div class=\"elementor-widget-container\">\n\t\t\t\t\t\t\t\t\t<p><a href=\"https:\/\/www.inbank.lv\/en\">Panga j\u00e4relmaksuga ostmine<\/a> v\u00f5imaldab teil muuta suured \u00fchekordsed kulutused v\u00e4iksemateks igakuisteks kuludeks ning tasuda toodete ja teenuste eest osamaksetena. V\u00f5tke maksmiseks rohkem aega ja jaotage kulud kuni 2 aasta peale. Esimene makse kuu aega hiljem.<\/p>\n<h5>Pankade rendiostu eelised:<\/h5>\n<p>&#8211; Paindlik lahendus suurte kulude jaoks<br \/>&#8211; Te valite osamakse suuruse<br \/>&#8211; Te valite osamakseperioodi<br \/>&#8211; Teie valite maksekuup\u00e4eva<br \/>&#8211; Vastus taotlusele \u00fche minuti jooksul<\/p>\n<h5>Rahastamistingimused:<\/h5>\n<p>&#8211; Rahastamissumma: 100 &#8211; 10 000 \u20ac<br \/>&#8211; Ajavahemik: 3 &#8211; 24 kuud<br \/>&#8211; Intressim\u00e4\u00e4r: 0%<br \/>&#8211; Ettemaks: 0 \u20ac<br \/>&#8211; Lepingu haldamise tasu: 0 \u20ac<br \/>&#8211; Lepingutasu: 0 \u20ac<\/p>\n\t\t\t\t\t\t\t\t<\/div>\n\t\t\t\t<\/div>\n\t\t\r\n\t\t\r\n\t\t\t\t\t\t\t<\/div>\r\n\t\t\t\r\n\t\t<\/div>\r\n\t\t\t\t\t\t\t\t\t\t\t\t\t\t\t\t\t<\/div>\r\n\t\t\t\t\t\t<\/section>\r\n\t\t\r\n\t\t\r\n\t\t\t\t\t\t\t<\/div>\r\n\t\t\t\r\n\t\t<\/div>\r\n\t\t\t\t\t\t\t\t\t\t\t\t\t\t\t\t\t<\/div>\r\n\t\t\t\t\t\t<\/section>\r\n\t\t\t\t\r\n\t\t<section\t\t class=\" elementor-section elementor-top-section elementor-element elementor-element-3b1a420 elementor-section-boxed elementor-section-height-default elementor-section-height-default\" data-id=\"3b1a420\" data-element_type=\"section\" data-e-type=\"section\">\r\n\t\t\r\n\t\t\t\t\t\t\t\t\t\t<div class=\"elementor-container elementor-column-gap-default\" >\r\n\r\n\t\t\t\t\r\n\t\t\t\t\t\t\t\t\t\t\t\t\t\t<div\t\t class=\" elementor-column elementor-col-100 elementor-top-column elementor-element elementor-element-a2f5172\" data-id=\"a2f5172\" data-element_type=\"column\" data-e-type=\"column\">\r\n\t\t\t\r\n\t\t\t\r\n\t\t\t\r\n\t\t\t<div class=\"elementor-widget-wrap elementor-element-populated\">\r\n\t\t\t\t\t\t\t\t<div class=\" elementor-element elementor-element-4af19dc elementor-widget elementor-widget-html\" data-id=\"4af19dc\" data-element_type=\"widget\" data-e-type=\"widget\" data-widget_type=\"html.default\">\n\t\t\t\t<div class=\"elementor-widget-container\">\n\t\t\t\t\t<iframe frameborder=\"0\" scrolling=\"no\" height=\"230\" width=\"1200\" src=\"https:\/\/calculator.inbank.ee\/calculator\/indivy\/plan?amount=3700&amp;shop_uuid=0a21aa40-ce62-443d-b1e3-8150ec2c6b35&amp;product_code=hp_epos_0_interest_balticoverlanders&amp;currency=eur&amp;lang=en&amp;template=editable_amount&amp;mode=white&amp;logo=true&amp;show_sample=false&amp;start_session=true&amp;secondary_color=black\"><\/iframe>\t\t\t\t<\/div>\n\t\t\t\t<\/div>\n\t\t\r\n\t\t\r\n\t\t\t\t\t\t\t<\/div>\r\n\t\t\t\r\n\t\t<\/div>\r\n\t\t\t\t\t\t\t\t\t\t\t\t\t\t\t\t\t<\/div>\r\n\t\t\t\t\t\t<\/section>\r\n\t\t\t\t\r\n\t\t<section\t\t class=\" elementor-section elementor-top-section elementor-element elementor-element-725bd7c elementor-section-boxed elementor-section-height-default elementor-section-height-default\" data-id=\"725bd7c\" data-element_type=\"section\" data-e-type=\"section\">\r\n\t\t\r\n\t\t\t\t\t\t\t\t\t\t<div class=\"elementor-container elementor-column-gap-default\" >\r\n\r\n\t\t\t\t\r\n\t\t\t\t\t\t\t\t\t\t\t\t\t\t<div\t\t class=\" elementor-column elementor-col-100 elementor-top-column elementor-element elementor-element-7a050f7\" data-id=\"7a050f7\" data-element_type=\"column\" data-e-type=\"column\">\r\n\t\t\t\r\n\t\t\t\r\n\t\t\t\r\n\t\t\t<div class=\"elementor-widget-wrap elementor-element-populated\">\r\n\t\t\t\t\t\t\t\t<div class=\" elementor-element elementor-element-89748c1 elementor-widget elementor-widget-text-editor\" data-id=\"89748c1\" data-element_type=\"widget\" data-e-type=\"widget\" data-widget_type=\"text-editor.default\">\n\t\t\t\t<div class=\"elementor-widget-container\">\n\t\t\t\t\t\t\t\t\t<p>Inbank j\u00e4relmaksu kulukuse m\u00e4\u00e4r on 0% aastas j\u00e4rgmistel n\u00e4idistingimustel: lepingu eseme hind kohe tasumisel (netohind) 3000 eurot, laenusumma 3000 eurot, sissemakse 0 eurot, lepinguperiood 24 kuud, aastane fikseeritud intressim\u00e4\u00e4r 0% ostusummast, lepingutasu 0 eurot, igakuine haldustasu 0 eurot. Igakuine tasu kokku 125 eurot. Tagasimakstav laenusumma on kokku 3000 eurot. Finantsteenust pakub <a href=\"https:\/\/www.inbank.lv\/en\">AS Inbank Finance<\/a>. Enne lepingu s\u00f5lmimist lugege finantsteenuse tingimusi ja vajadusel konsulteerige spetsialistiga.<\/p>\n<p>Kui teil on k\u00fcsimusi v\u00f5i soovite saada lisateavet InBanki toodete kohta, v\u00f5tke palun \u00fchendust aadressil.<\/p>\n<p>+37166939000<br \/>info@inbank.lv<\/p>\n\t\t\t\t\t\t\t\t<\/div>\n\t\t\t\t<\/div>\n\t\t\r\n\t\t\r\n\t\t\t\t\t\t\t<\/div>\r\n\t\t\t\r\n\t\t<\/div>\r\n\t\t\t\t\t\t\t\t\t\t\t\t\t\t\t\t\t<\/div>\r\n\t\t\t\t\t\t<\/section>\r\n\t\t\t\t<\/div>\n\t\t","protected":false},"excerpt":{"rendered":"<p>Panga j\u00e4relmaksuga ostmine v\u00f5imaldab teil muuta suured \u00fchekordsed kulutused v\u00e4iksemateks igakuisteks kuludeks ning tasuda toodete ja teenuste eest osamaksetena. V\u00f5tke maksmiseks rohkem aega ja jaotage kulud kuni 2 aasta peale. Esimene makse kuu aega hiljem. Pankade rendiostu eelised: &#8211; Paindlik lahendus suurte kulude jaoks&#8211; Te valite osamakse suuruse&#8211; Te valite osamakseperioodi&#8211; Teie valite maksekuup\u00e4eva&#8211; Vastus [&hellip;]<\/p>\n","protected":false},"author":1,"featured_media":0,"parent":0,"menu_order":0,"comment_status":"closed","ping_status":"closed","template":"","meta":{"footnotes":""},"class_list":["post-26027","page","type-page","status-publish","hentry"],"yoast_head":"<!-- This site is optimized with the Yoast SEO plugin v27.3 - https:\/\/yoast.com\/product\/yoast-seo-wordpress\/ -->\n<title>J\u00e4relmaks | Auto katusetelk | James Baroud<\/title>\n<meta name=\"description\" content=\"J\u00e4relmaksuga ostmiseks kvaliteetsed auto katusetelgid. Minge James Baroudi auto katusetelgiga autoseiklusele. Autokatusetelgid nii vabaajas\u00f5itudeks kui ka off-road seiklusteks.\" \/>\n<meta name=\"robots\" content=\"index, follow, max-snippet:-1, max-image-preview:large, max-video-preview:-1\" \/>\n<link rel=\"canonical\" href=\"https:\/\/balticoverlanders.eu\/et\/jarelmaks\/\" \/>\n<meta property=\"og:locale\" content=\"et_EE\" \/>\n<meta property=\"og:type\" content=\"article\" \/>\n<meta property=\"og:title\" content=\"J\u00e4relmaks | Auto katusetelk | James Baroud\" \/>\n<meta property=\"og:description\" content=\"J\u00e4relmaksuga ostmiseks kvaliteetsed auto katusetelgid. Minge James Baroudi auto katusetelgiga autoseiklusele. Autokatusetelgid nii vabaajas\u00f5itudeks kui ka off-road seiklusteks.\" \/>\n<meta property=\"og:url\" content=\"https:\/\/balticoverlanders.eu\/et\/jarelmaks\/\" \/>\n<meta property=\"og:site_name\" content=\"BALTIC OVERLANDERS\" \/>\n<meta property=\"article:modified_time\" content=\"2024-05-06T19:43:11+00:00\" \/>\n<meta property=\"og:image\" content=\"https:\/\/balticoverlanders.eu\/wp-content\/uploads\/2023\/07\/NJraUeYS-1024x576.jpeg\" \/>\n<meta name=\"twitter:card\" content=\"summary_large_image\" \/>\n<meta name=\"twitter:label1\" content=\"Est. reading time\" \/>\n\t<meta name=\"twitter:data1\" content=\"2 minutit\" \/>\n<script type=\"application\/ld+json\" class=\"yoast-schema-graph\">{\"@context\":\"https:\\\/\\\/schema.org\",\"@graph\":[{\"@type\":\"WebPage\",\"@id\":\"https:\\\/\\\/balticoverlanders.eu\\\/et\\\/jarelmaks\\\/\",\"url\":\"https:\\\/\\\/balticoverlanders.eu\\\/et\\\/jarelmaks\\\/\",\"name\":\"J\u00e4relmaks | Auto katusetelk | James Baroud\",\"isPartOf\":{\"@id\":\"https:\\\/\\\/balticoverlanders.eu\\\/et\\\/#website\"},\"primaryImageOfPage\":{\"@id\":\"https:\\\/\\\/balticoverlanders.eu\\\/et\\\/jarelmaks\\\/#primaryimage\"},\"image\":{\"@id\":\"https:\\\/\\\/balticoverlanders.eu\\\/et\\\/jarelmaks\\\/#primaryimage\"},\"thumbnailUrl\":\"https:\\\/\\\/balticoverlanders.eu\\\/wp-content\\\/uploads\\\/2023\\\/07\\\/NJraUeYS-1024x576.jpeg\",\"datePublished\":\"2023-05-17T13:38:01+00:00\",\"dateModified\":\"2024-05-06T19:43:11+00:00\",\"description\":\"J\u00e4relmaksuga ostmiseks kvaliteetsed auto katusetelgid. Minge James Baroudi auto katusetelgiga autoseiklusele. Autokatusetelgid nii vabaajas\u00f5itudeks kui ka off-road seiklusteks.\",\"breadcrumb\":{\"@id\":\"https:\\\/\\\/balticoverlanders.eu\\\/et\\\/jarelmaks\\\/#breadcrumb\"},\"inLanguage\":\"et\",\"potentialAction\":[{\"@type\":\"ReadAction\",\"target\":[\"https:\\\/\\\/balticoverlanders.eu\\\/et\\\/jarelmaks\\\/\"]}]},{\"@type\":\"ImageObject\",\"inLanguage\":\"et\",\"@id\":\"https:\\\/\\\/balticoverlanders.eu\\\/et\\\/jarelmaks\\\/#primaryimage\",\"url\":\"https:\\\/\\\/balticoverlanders.eu\\\/wp-content\\\/uploads\\\/2023\\\/07\\\/NJraUeYS-1024x576.jpeg\",\"contentUrl\":\"https:\\\/\\\/balticoverlanders.eu\\\/wp-content\\\/uploads\\\/2023\\\/07\\\/NJraUeYS-1024x576.jpeg\"},{\"@type\":\"BreadcrumbList\",\"@id\":\"https:\\\/\\\/balticoverlanders.eu\\\/et\\\/jarelmaks\\\/#breadcrumb\",\"itemListElement\":[{\"@type\":\"ListItem\",\"position\":1,\"name\":\"Home\",\"item\":\"https:\\\/\\\/balticoverlanders.eu\\\/et\\\/home\\\/\"},{\"@type\":\"ListItem\",\"position\":2,\"name\":\"J\u00e4relmaks\"}]},{\"@type\":\"WebSite\",\"@id\":\"https:\\\/\\\/balticoverlanders.eu\\\/et\\\/#website\",\"url\":\"https:\\\/\\\/balticoverlanders.eu\\\/et\\\/\",\"name\":\"BALTIC OVERLANDERS\",\"description\":\"Your one-stop shop in Latvia, Estonia, and Lithuania for all your car camping, rooftop tent and accessory needs.\",\"publisher\":{\"@id\":\"https:\\\/\\\/balticoverlanders.eu\\\/et\\\/#organization\"},\"potentialAction\":[{\"@type\":\"SearchAction\",\"target\":{\"@type\":\"EntryPoint\",\"urlTemplate\":\"https:\\\/\\\/balticoverlanders.eu\\\/et\\\/?s={search_term_string}\"},\"query-input\":{\"@type\":\"PropertyValueSpecification\",\"valueRequired\":true,\"valueName\":\"search_term_string\"}}],\"inLanguage\":\"et\"},{\"@type\":\"Organization\",\"@id\":\"https:\\\/\\\/balticoverlanders.eu\\\/et\\\/#organization\",\"name\":\"BALTIC OVERLANDERS\",\"url\":\"https:\\\/\\\/balticoverlanders.eu\\\/et\\\/\",\"logo\":{\"@type\":\"ImageObject\",\"inLanguage\":\"et\",\"@id\":\"https:\\\/\\\/balticoverlanders.eu\\\/et\\\/#\\\/schema\\\/logo\\\/image\\\/\",\"url\":\"https:\\\/\\\/balticoverlanders.eu\\\/wp-content\\\/uploads\\\/2023\\\/04\\\/BALTIC-OVERLANDERS-LOGO.jpg\",\"contentUrl\":\"https:\\\/\\\/balticoverlanders.eu\\\/wp-content\\\/uploads\\\/2023\\\/04\\\/BALTIC-OVERLANDERS-LOGO.jpg\",\"width\":1497,\"height\":310,\"caption\":\"BALTIC OVERLANDERS\"},\"image\":{\"@id\":\"https:\\\/\\\/balticoverlanders.eu\\\/et\\\/#\\\/schema\\\/logo\\\/image\\\/\"},\"sameAs\":[\"https:\\\/\\\/www.instagram.com\\\/balticoverlanders\\\/\"]}]}<\/script>\n<!-- \/ Yoast SEO plugin. -->","yoast_head_json":{"title":"J\u00e4relmaks | Auto katusetelk | James Baroud","description":"J\u00e4relmaksuga ostmiseks kvaliteetsed auto katusetelgid. Minge James Baroudi auto katusetelgiga autoseiklusele. Autokatusetelgid nii vabaajas\u00f5itudeks kui ka off-road seiklusteks.","robots":{"index":"index","follow":"follow","max-snippet":"max-snippet:-1","max-image-preview":"max-image-preview:large","max-video-preview":"max-video-preview:-1"},"canonical":"https:\/\/balticoverlanders.eu\/et\/jarelmaks\/","og_locale":"et_EE","og_type":"article","og_title":"J\u00e4relmaks | Auto katusetelk | James Baroud","og_description":"J\u00e4relmaksuga ostmiseks kvaliteetsed auto katusetelgid. Minge James Baroudi auto katusetelgiga autoseiklusele. Autokatusetelgid nii vabaajas\u00f5itudeks kui ka off-road seiklusteks.","og_url":"https:\/\/balticoverlanders.eu\/et\/jarelmaks\/","og_site_name":"BALTIC OVERLANDERS","article_modified_time":"2024-05-06T19:43:11+00:00","og_image":[{"url":"https:\/\/balticoverlanders.eu\/wp-content\/uploads\/2023\/07\/NJraUeYS-1024x576.jpeg","type":"","width":"","height":""}],"twitter_card":"summary_large_image","twitter_misc":{"Est. reading time":"2 minutit"},"schema":{"@context":"https:\/\/schema.org","@graph":[{"@type":"WebPage","@id":"https:\/\/balticoverlanders.eu\/et\/jarelmaks\/","url":"https:\/\/balticoverlanders.eu\/et\/jarelmaks\/","name":"J\u00e4relmaks | Auto katusetelk | James Baroud","isPartOf":{"@id":"https:\/\/balticoverlanders.eu\/et\/#website"},"primaryImageOfPage":{"@id":"https:\/\/balticoverlanders.eu\/et\/jarelmaks\/#primaryimage"},"image":{"@id":"https:\/\/balticoverlanders.eu\/et\/jarelmaks\/#primaryimage"},"thumbnailUrl":"https:\/\/balticoverlanders.eu\/wp-content\/uploads\/2023\/07\/NJraUeYS-1024x576.jpeg","datePublished":"2023-05-17T13:38:01+00:00","dateModified":"2024-05-06T19:43:11+00:00","description":"J\u00e4relmaksuga ostmiseks kvaliteetsed auto katusetelgid. Minge James Baroudi auto katusetelgiga autoseiklusele. Autokatusetelgid nii vabaajas\u00f5itudeks kui ka off-road seiklusteks.","breadcrumb":{"@id":"https:\/\/balticoverlanders.eu\/et\/jarelmaks\/#breadcrumb"},"inLanguage":"et","potentialAction":[{"@type":"ReadAction","target":["https:\/\/balticoverlanders.eu\/et\/jarelmaks\/"]}]},{"@type":"ImageObject","inLanguage":"et","@id":"https:\/\/balticoverlanders.eu\/et\/jarelmaks\/#primaryimage","url":"https:\/\/balticoverlanders.eu\/wp-content\/uploads\/2023\/07\/NJraUeYS-1024x576.jpeg","contentUrl":"https:\/\/balticoverlanders.eu\/wp-content\/uploads\/2023\/07\/NJraUeYS-1024x576.jpeg"},{"@type":"BreadcrumbList","@id":"https:\/\/balticoverlanders.eu\/et\/jarelmaks\/#breadcrumb","itemListElement":[{"@type":"ListItem","position":1,"name":"Home","item":"https:\/\/balticoverlanders.eu\/et\/home\/"},{"@type":"ListItem","position":2,"name":"J\u00e4relmaks"}]},{"@type":"WebSite","@id":"https:\/\/balticoverlanders.eu\/et\/#website","url":"https:\/\/balticoverlanders.eu\/et\/","name":"BALTIC OVERLANDERS","description":"Your one-stop shop in Latvia, Estonia, and Lithuania for all your car camping, rooftop tent and accessory needs.","publisher":{"@id":"https:\/\/balticoverlanders.eu\/et\/#organization"},"potentialAction":[{"@type":"SearchAction","target":{"@type":"EntryPoint","urlTemplate":"https:\/\/balticoverlanders.eu\/et\/?s={search_term_string}"},"query-input":{"@type":"PropertyValueSpecification","valueRequired":true,"valueName":"search_term_string"}}],"inLanguage":"et"},{"@type":"Organization","@id":"https:\/\/balticoverlanders.eu\/et\/#organization","name":"BALTIC OVERLANDERS","url":"https:\/\/balticoverlanders.eu\/et\/","logo":{"@type":"ImageObject","inLanguage":"et","@id":"https:\/\/balticoverlanders.eu\/et\/#\/schema\/logo\/image\/","url":"https:\/\/balticoverlanders.eu\/wp-content\/uploads\/2023\/04\/BALTIC-OVERLANDERS-LOGO.jpg","contentUrl":"https:\/\/balticoverlanders.eu\/wp-content\/uploads\/2023\/04\/BALTIC-OVERLANDERS-LOGO.jpg","width":1497,"height":310,"caption":"BALTIC OVERLANDERS"},"image":{"@id":"https:\/\/balticoverlanders.eu\/et\/#\/schema\/logo\/image\/"},"sameAs":["https:\/\/www.instagram.com\/balticoverlanders\/"]}]}},"_links":{"self":[{"href":"https:\/\/balticoverlanders.eu\/et\/wp-json\/wp\/v2\/pages\/26027","targetHints":{"allow":["GET"]}}],"collection":[{"href":"https:\/\/balticoverlanders.eu\/et\/wp-json\/wp\/v2\/pages"}],"about":[{"href":"https:\/\/balticoverlanders.eu\/et\/wp-json\/wp\/v2\/types\/page"}],"author":[{"embeddable":true,"href":"https:\/\/balticoverlanders.eu\/et\/wp-json\/wp\/v2\/users\/1"}],"replies":[{"embeddable":true,"href":"https:\/\/balticoverlanders.eu\/et\/wp-json\/wp\/v2\/comments?post=26027"}],"version-history":[{"count":28,"href":"https:\/\/balticoverlanders.eu\/et\/wp-json\/wp\/v2\/pages\/26027\/revisions"}],"predecessor-version":[{"id":39478,"href":"https:\/\/balticoverlanders.eu\/et\/wp-json\/wp\/v2\/pages\/26027\/revisions\/39478"}],"wp:attachment":[{"href":"https:\/\/balticoverlanders.eu\/et\/wp-json\/wp\/v2\/media?parent=26027"}],"curies":[{"name":"wp","href":"https:\/\/api.w.org\/{rel}","templated":true}]}}