{"id":39188,"date":"2023-04-11T18:57:46","date_gmt":"2023-04-11T15:57:46","guid":{"rendered":"https:\/\/balticoverlanders.eu\/katusetelkide-rentimise-eeskirjad\/"},"modified":"2023-04-11T18:57:46","modified_gmt":"2023-04-11T15:57:46","slug":"katusetelkide-rentimise-eeskirjad","status":"publish","type":"page","link":"https:\/\/balticoverlanders.eu\/et\/katusetelkide-rentimise-eeskirjad\/","title":{"rendered":"Katusetelkide rentimise eeskirjad"},"content":{"rendered":"<p><strong>Baltic Overlandersi<\/strong> rendis\u00fcsteem on loodud selleks, et hoida teid kursis v\u00e4rskeima teabe osas meie pakkumiste ja hindade kohta ning teha tellimuste esitamine arvutist v\u00f5i mobiiltelefonist lihtsaks.<\/p>\n<ul data-rte-list=\"default\">\n<li>Et v\u00e4ltida arusaamatusi renditavate seadmete \u00fcleandmisel, palume olla rendiperioodi jooksul renditavate seadmete suhtes ettevaatlik. Renditavate seadmete \u00fcleandmine peab olema puhas, kuiv ja kahjustamata (samas seisukorras, nagu need on vastu v\u00f5etud), vastasel juhul tuleb maksta hooldus-\/remondi- v\u00f5i viivistasu.<\/li>\n<li>Andke renditehnika \u00f5igeaegselt &#8211; vastavalt lepingule &#8211; \u00fcle. Vastasel juhul v\u00f5ib teie tegevusetus h\u00e4irida teiste inimeste puhkust ja suurendada teie kulusid.<\/li>\n<li>Planeerige oma puhkus aegsasti ette ja broneerige vajalik varustus ette.<\/li>\n<\/ul>\n<p>Renditingimustes on m\u00e4\u00e4ratletud Baltic Overlanders&nbsp; (OVERLAND READY SIA, reg. nr 40203448240) poolt juriidilistele ja eraisikutele seadmete ja muude esemete rendi kord. K\u00e4esolevad tingimused tehakse igale \u00fc\u00fcrnikule teatavaks enne lepingu allkirjastamist ja rendiobjektide k\u00e4ttesaamist ning need on \u00fc\u00fcrnikule siduvad alates rendilepingu allkirjastamise kuup\u00e4evast.<\/p>\n<p>Meie renditeenistus v\u00f5tab tellimusi vastu t\u00e4htajatult aadressil https:\/\/balticoverlanders.eu\/rent-try-buy\/ v\u00f5i igal t\u00f6\u00f6p\u00e4eval kell 9:00-19:00 telefonil 22412653 v\u00f5i e-posti aadressil info@balticoverlanders.eu.<\/p>\n<h3>\u00dc\u00dcRIMAKSU TINGIMUSED<\/h3>\n<p><strong>1. M\u00c4\u00c4RUSTES KASUTATUD M\u00d5ISTED:<\/strong><\/p>\n<p>1.1 Kaup &#8211; rendileandja omandis ja\/v\u00f5i valduses olevad esemed, seadmed jne. Kaupade omandi\u00f5igus j\u00e4\u00e4b rendileandjale kogu k\u00e4esoleva rendilepingu kehtivuse ajaks.<\/p>\n<p><strong>2. RENDILEPINGU ESE<\/strong><\/p>\n<p>2.1. \u00dc\u00fcrileandja annab kauba \u00fcle ja \u00fc\u00fcrnik v\u00f5tab selle vastu kasutamiseks tasu eest vastavalt rendilepingule, lepingu lisadele ning kinnitus- ja vastuv\u00f5tukirjadele vastavalt lepingu ja tsiviilseadustiku 2112 s\u00e4tetele. &#8211; 2156.<\/p>\n<p>2.2 Liisinguandja v\u00f5ib Liisinguv\u00f5tjale osutada muid teenuseid, mis on seotud liisitud Kauba transpordi, paigaldamise, demonteerimise, remondi, hoolduse jne. Liisinguandja v\u00f5ib m\u00fc\u00fca Kaupu ja muid materjale Liisinguv\u00f5tjale arve alusel.<\/p>\n<p><strong>3. INVENTARI \u00dcLEANDMISE &#8211; VASTUV\u00d5TMISE JA TAGASTAMISE KORD<\/strong><\/p>\n<p>3.1. \u00dc\u00fcrileandja annab kauba \u00fcle ja \u00fc\u00fcrnik v\u00f5tab selle vastu rendilepingu alusel rendi vastuv\u00f5tu- ja \u00fcleandmistunnistuse alusel, milles on m\u00e4rgitud:<\/p>\n<p>3.1.1. Inventari nimetus ja kogus;<\/p>\n<p>3.1.2. \u00dc\u00fcrihind koos k\u00e4ibemaksuga;<\/p>\n<p>3.1.3. \u00dcleandmise aeg &#8211; vastuv\u00f5tmine (p\u00e4ev, kuu, aasta);<\/p>\n<p>3.1.5. K\u00f5rvalteenuste maksumus.<\/p>\n<p>3.2. Rentnik tagastab ja \u00fc\u00fcrileandja v\u00f5tab inventari vastu vastuv\u00f5tu- ja \u00fcleandmisakti alusel, milles on m\u00e4rgitud:<\/p>\n<p>3.2.1. Kaupade nimetus ja kogus;<\/p>\n<p>3.2.2. kauba vastuv\u00f5tmise aeg (p\u00e4ev, kuu, aasta);<\/p>\n<p>3.2.3. Kauba vastuv\u00f5tmise ja \u00fcleandmise koht (aadress);<\/p>\n<p>3.2.4. defektne (kahjustatud) ja\/v\u00f5i vigane kaup, kui see on olemas.<\/p>\n<p><strong>4. RENOVEERIMISE AJALUGU<\/strong><\/p>\n<p>4.1. Kaup antakse \u00fc\u00fcrileandja k\u00e4sutusse v\u00e4hemalt 1 n\u00e4dalaks.<\/p>\n<p>4.2. Rendiperiood l\u00f5peb p\u00e4eval, mil kaup tagastatakse \u00fc\u00fcrileandjale.<\/p>\n<p>4.3. Minimaalne rendiperiood on \u00fcks n\u00e4dal.<\/p>\n<p><strong>5. RENT, MAKSE JA TRAHVID<\/strong><\/p>\n<p>5.1. Pooled lepivad kokku, et renditasu ja muude teenuste eest makstav tasu s\u00e4testatakse kauba rendiarves ning vastuv\u00f5tu- ja \u00fcleandmistunnistuses.<\/p>\n<p>5.2. Toote broneerimisel v\u00f5etakse 30% kogu broneerimistasust.<\/p>\n<p>5.3. Kui broneering t\u00fchistatakse, teatades sellest selges\u00f5naliselt \u00fc\u00fcrileandjale ja saades 14 p\u00e4eva enne rendikuup\u00e4eva kinnituse, tagastatakse 30% kogu broneerimistasust ja makstud tagatisraha.<\/p>\n<p>5.4. \u00dclej\u00e4\u00e4nud 70% kogu broneerimistasust ja tagatisraha n\u00f5utakse sisse 7 p\u00e4eva enne rendikuup\u00e4eva.<\/p>\n<p>5.5. Kui broneering t\u00fchistatakse, teatades sellest selges\u00f5naliselt \u00fc\u00fcrileandjale ja saades t\u00fchistamise kinnituse v\u00e4hem kui 14 p\u00e4eva enne rendikuup\u00e4eva, ei tagastata 30% kogu tasutud broneerimistasust.<\/p>\n<p>5.6. Kui broneering t\u00fchistatakse, teatades sellest selges\u00f5naliselt \u00fc\u00fcrileandjale ja saades t\u00fchistamise kohta kinnituse v\u00e4hem kui 7 p\u00e4eva enne rendikuup\u00e4eva, j\u00e4\u00e4b 100% renditasust saamata ja tagatisraha tagastatakse.<\/p>\n<p>5.7. Renditasu kauba kasutamise eest arvutatakse k\u00f5igi kalendrip\u00e4evade eest, mille jooksul inventar on rentniku juures.<\/p>\n<p>5.8. Rentnik maksab veebipoe eest pangakaardiga, mida toetab Stripe&#8217;i s\u00fcsteem.<\/p>\n<p>5.9. Kauba kahjustumise, h\u00e4vimise, varguse v\u00f5i kadumise korral arvutab \u00fc\u00fcrileandja renditasu kuni kuup\u00e4evani, mil \u00fc\u00fcrnik tasub \u00fc\u00fcrileandjale tekitatud kahju eest.<\/p>\n<p>5.10. \u00dc\u00fcrileandjal on \u00f5igus n\u00f5uda tagatisraha.<\/p>\n<p><strong>6. RENTNIKU \u00d5IGUSED, KOHUSTUSED JA VASTUTUS<\/strong><\/p>\n<p>6.1. \u00dc\u00fcrnik on kohustatud tagama \u00fc\u00fcrileandja esindajale juurdep\u00e4\u00e4su kauba kasutuskohale, kui \u00fc\u00fcrileandja soovib seda kontrollida v\u00f5i kontrollida inventari tehnilist seisukorda ja selle kasutamist. K\u00f5ik inventari kontrollimise ja j\u00e4relevalve k\u00e4igus avastatud rikkumised, sealhulgas defektid (kahjustused) ja puudused inventari osas, kantakse akti. \u00dc\u00fcrnik on kohustatud k\u00f5rvaldama k\u00f5ik puudused ja puudused, mis on tuvastatud akti alusel, v\u00e4lja arvatud juhul, kui need on p\u00f5hjustatud \u00fc\u00fcrileandja s\u00fc\u00fcst v\u00f5i k\u00e4itumisest.<\/p>\n<p>6.2. Juhul kui kaubal, mille \u00fc\u00fcrnik on \u00fc\u00fcrileandjalt kasutamiseks vastu v\u00f5tnud, on varjatud puudusi v\u00f5i defekte, mida ei ole avastatud \u00fcleandmis- vastuv\u00f5tuakti allkirjastamisel, peab \u00fc\u00fcrnik viivitamatult teavitama \u00fc\u00fcrileandjat avastatud puudustest v\u00f5i defektidest (kahjustustest) ja kui need on p\u00f5hjendatud, peab \u00fc\u00fcrileandja need puudused ja defektid omal kulul k\u00f5rvaldama poolte vahel kirjalikult kokkulepitud t\u00e4htaja jooksul. Punkt 6.2. sellisel juhul ei maksa rentnik remondi ajal remonditava inventari eest renditasu. Kui \u00fc\u00fcrnik ei teavita \u00fc\u00fcrileandjat k\u00e4esolevas lepingus s\u00e4testatud t\u00e4htaja jooksul avastatud varjatud puudustest v\u00f5i puudustest, kaotab \u00fc\u00fcrnik \u00f5iguse neid hiljem n\u00f5uda ja\/v\u00f5i tugineda neile oma tulevaste vastuv\u00e4idete, n\u00f5uete ja n\u00f5udmiste esitamisel.<\/p>\n<p>6.3. Alates hetkest, mil kaup antakse \u00fc\u00fcrilev\u00f5tjale \u00fcle, vastutab \u00fc\u00fcrnik materiaalselt k\u00f5igi riskide eest, sealhulgas, kuid mitte ainult, kauba kahjustamise, varguse jne eest. \u00dc\u00fcrnik vastutab kauba \u00f5igeaegse tagastamise eest \u00fc\u00fcrileandjale vastavalt k\u00e4esolevale lepingule. Rentnik tagab rendiperioodi jooksul k\u00f5ik vajalikud turvameetmed, et v\u00e4ltida inventari sattumist kolmandate isikute valdusesse.<\/p>\n<p>6.5. Rentnik peab j\u00e4rgima k\u00f5iki kehtivaid juhiseid ja n\u00f5udeid kauba kasutamise ja ohutuse kohta vastavalt L\u00e4ti Vabariigi \u00f5igusaktidele, samuti kasutama ja hooldama kasutamiseks saadud kaupa n\u00f5uetekohaselt ja hoolikalt; kandma k\u00f5ik kulud, mis on vajalikud kauba normaalseks kasutamiseks selle kasutamise ajal. \u00dc\u00fcrileandja ei vastuta kahju eest, mis on tekkinud \u00fc\u00fcrnikule v\u00f5i kolmandatele isikutele inventari eba\u00f5ige kasutamise, inventari kasutuseeskirjade eiramise v\u00f5i juhul, kui kaupa kasutavad isikud, kellel L\u00e4ti Vabariigi seaduste ja m\u00e4\u00e4ruste kohaselt puudub selline \u00f5igus.<\/p>\n<p>6.6. Rentnik on kohustatud kasutama ja kontrollima inventari kasutamist otstarbel, milleks see on ette n\u00e4htud.<\/p>\n<p>6.7. \u00dc\u00fcrnikul ei ole \u00f5igust anda kaupa \u00fcle kolmandatele isikutele ilma \u00fc\u00fcrileandja kirjaliku n\u00f5usolekuta.<\/p>\n<p>6.8. \u00dc\u00fcrnik on kohustatud viivitamatult teavitama \u00fc\u00fcrileandjat kirjalikult kauba kahjustumisest, vargusest v\u00f5i kadumisest, samuti \u00fc\u00fcrniku vastu algatatud maksej\u00f5uetusmenetlusest v\u00f5i kui \u00fc\u00fcrnik on tegelikult muutunud maksej\u00f5uetuks v\u00f5i likvideeritud.<\/p>\n<p>6.9. Kauba kahjustumise, varguse v\u00f5i kadumise korral on \u00fc\u00fcrnik kohustatud iseseisvalt h\u00fcvitama \u00fc\u00fcrileandjale kauba v\u00e4\u00e4rtuse ning riigi poolt kehtestatud k\u00e4ibemaksu. Kauba kahjustumise korral h\u00fcvitab \u00fc\u00fcrnik \u00fc\u00fcrileandjale kauba remondikulud. H\u00fcvitamine toimub vastavalt arvetele, nendel m\u00e4rgitud aja jooksul ja summas.<\/p>\n<p>6.10. P\u00e4rast kauba \u00fcleandmist peab rentnik tagastama selle rendileandjale puhtana ja igas m\u00f5ttes samas seisukorras, nagu ta selle k\u00e4tte sai. K\u00f5ik kulutused, mida \u00fc\u00fcrileandja kannab seoses kauba puhastamisega, kannab \u00fc\u00fcrnik.<\/p>\n<p>6.11. \u00dc\u00fcrnik on kohustatud tasuma inventari kasutamise eest rendi ja muid makseid vastavalt k\u00e4esoleva lepingu tingimustele.<\/p>\n<p>6.12. Kogu renditud vara on \u00fc\u00fcrileandja omand ja \u00fc\u00fcrnikul ei ole \u00f5igust seda koormata ega v\u00f5\u00f5randada. Juhul kui kolmas isik p\u00fc\u00fcab sundt\u00e4ita, pantida, koormata v\u00f5i muul viisil sundt\u00e4ita, teavitab rentnik sellest viivitamatult (1 p\u00e4eva jooksul) kirjalikult ja suuliselt \u00fc\u00fcrileandjat.<\/p>\n<p>6.13. Juhul kui rentnik keeldub inventari vedamisest, kannab rentnik transpordikulud.<\/p>\n<p><strong>7. RENDILEANDJA \u00d5IGUSED, KOHUSTUSED JA VASTUTUS<\/strong><\/p>\n<p>7.1. \u00dc\u00fcrileandjal on \u00f5igus n\u00f5uda, et \u00fc\u00fcrnik maksaks enne kauba \u00fc\u00fcrniku kasutusse andmist tagatisraha, v\u00f5i keelduda kauba \u00fcleandmisest \u00fc\u00fcrnikule \u00fcldse. Tagatisraha v\u00f5ib kasutada \u00fc\u00fcrniku viivisarvete ja kauba tagastamata, kahjustatud v\u00e4\u00e4rtuse tasumiseks. Tagatisraha ei vabasta \u00fc\u00fcrnikku kohustusest maksta \u00fc\u00fcrileandjale viivist hilinenud maksete eest, samuti kohustusest maksta kahju.<\/p>\n<p>7.2. Kui \u00fc\u00fcrnik on kauba \u00fc\u00fcrileandjale etten\u00e4htud korras t\u00e4ielikult tagastanud ja tasunud k\u00f5ik \u00fc\u00fcrileandja arved, tagastatakse \u00fc\u00fcrniku poolt makstud tagatisraha \u00fc\u00fcrnikule t\u00e4ies ulatuses.<\/p>\n<p>7.3. Liisinguv\u00f5tja taotlusel annab liisinguandja kasutuskohas v\u00f5i teabevahetuse teel n\u00f5u k\u00fcsimustes, mis on otseselt seotud liisitud seadmete kasutamisega.<\/p>\n<p>7.4. \u00dc\u00fcrileandja ei vastuta rentnikule kauba kasutamise k\u00e4igus v\u00f5i selle tagaj\u00e4rjel tekkinud otseste v\u00f5i kaudsete kahjude eest.<\/p>\n<p>7.5. \u00dc\u00fcrileandjal on \u00f5igus kontrollida kauba tehnilist seisundit ja kasutuskohta ning kontrollida, kas see vastab ohutusn\u00f5uetele enne ja p\u00e4rast selle \u00fcleandmist \u00fc\u00fcrnikule.<\/p>\n<p>7.6. \u00dc\u00fcrileandjal on \u00f5igus kontrollida \u00fc\u00fcrniku poolt renditingimuste t\u00e4itmist kogu rendiperioodi jooksul.<\/p>\n<p>7.7. Juhul, kui rentnik rikub renditingimusi, eelk\u00f5ige j\u00e4tab arvete tasumata, v\u00f5i kui liisinguandja omandi\u00f5igus rentnikule \u00fcleantud kaupadele on ohus v\u00f5i kui on p\u00f5hjendatud kahtlusi rentniku suutlikkuses j\u00e4tkata rendilepinguga v\u00f5etud kohustuste t\u00e4itmist, on liisinguandjal \u00f5igus n\u00f5uda ja n\u00f5uda rentnikult viivitamatult sisse talle rendiks \u00fcleantud inventari v\u00f5i koguda kogu inventar viivitamatult iseseisvalt rentniku kasutuskohtadest.<\/p>\n<p>7.8. Kui \u00fc\u00fcrnik ei tagasta kaupa \u00fc\u00fcrileandja n\u00f5udmisel ja\/v\u00f5i kui \u00fc\u00fcrileandja ei saa kaupa ise k\u00e4tte, loetakse \u00fc\u00fcrnikule \u00fcleantud kaup kadunuks ja \u00fc\u00fcrnik on kohustatud h\u00fcvitama \u00fc\u00fcrileandjale kaotatud kauba v\u00e4\u00e4rtuse t\u00e4ies ulatuses \u00fc\u00fcrileandja arve alusel.<\/p>\n<p><strong>8. Kaupade transport.<\/strong><\/p>\n<p>8.1. Kui \u00fc\u00fcrnik valib k\u00e4ttetoimetamisteenuse, on \u00fc\u00fcrileandja kohustatud p\u00e4rast tellimuse esitamist ja kokkuleppimist \u00fc\u00fcrileandja transpordiga toimetama kauba \u00fc\u00fcrnikule kauba kasutuskohta. Transporditeenused kannab \u00fc\u00fcrnik vastavalt \u00fc\u00fcrileandja tariifidele. Juhul kui transport peatub tarnekohas p\u00f5hjustel, mis ei s\u00f5ltu \u00fc\u00fcrileandjast, kannab \u00fc\u00fcrnik k\u00f5ik transpordikatkestusega seotud kulud. S\u00f5iduki t\u00fchik\u00e4ik t\u00e4hendab s\u00f5iduki viibimist tarnekohas rohkem kui 1 (\u00fcks) tund, tingimusel, et selle aja jooksul ei teostata tarnitud kaupade laadimise, mahalaadimise, kokkupanemise v\u00f5i liikumisega seotud t\u00f6\u00f6d.<\/p>\n<p>8.2. Rentnik peab tagama transpordi\u00fchenduse kogunemiskohta.<\/p>\n<p>8.3. \u00dc\u00fcrileandja transpordikulud kehtivad ka juhul, kui kaup tagastatakse \u00fc\u00fcrileandjale.<\/p>\n<p>8.4. Kui kauba kokkupaneku tarnekohas peab teostama \u00fc\u00fcrileandja t\u00f6\u00f6taja(d), tehakse see eraldi tasu eest, mille m\u00e4\u00e4r on 25,00 eurot tunnis ilma k\u00e4ibemaksuta inimese kohta.<\/p>\n<p><strong>9. Muud asjakohased tingimused.<\/strong><\/p>\n<p>9.1. Kohaletoimetamise kuup\u00e4ev tuleb m\u00e4\u00e4rata esmasp\u00e4evaks vahemikus. 8:00 kuni 12:00 v\u00f5i eraldi kokkuleppel muul ajal. Kogumise aeg peab olema esmasp\u00e4ev alates 10.00. 14:00-19:00 v\u00f5i eraldi kokkuleppel muul ajal.<\/p>\n<p>9.2. Liisinguv\u00f5tjal on \u00f5igus osaleda kauba numbrilise ja tehnilise seisundi kontrollimisel kauba \u00fcleandmisel liisinguandjale. K\u00f5ik kontrolli k\u00e4igus tuvastatud kauba puudused ja puuduj\u00e4\u00e4gid registreeritakse t\u00f5endis, millele kirjutavad alla rendileandja ja rendilev\u00f5tja volitatud isikud, kes on kohal. Juhul kui \u00fc\u00fcrniku volitatud esindaja ei osale kauba \u00fcleandmisel, koostab \u00fc\u00fcrileandja \u00fchepoolselt akti kauba puuduste ja puuduste kohta.<\/p>\n<p>Kui \u00fc\u00fcrnik ei ole kasutanud oma \u00f5igust kontrollida kauba puudusi ja\/v\u00f5i puudusi 2 (kahe) p\u00e4eva jooksul, loetakse, et \u00fc\u00fcrnik on k\u00f5ik kauba puudused ja\/v\u00f5i puudused p\u00f5hjendatult aktsepteerinud. Sellisel juhul, kui \u00fc\u00fcrnik ei ole 2 (kahe) p\u00e4eva jooksul kirjalikult kinnitanud soovi j\u00e4tkata puuduva kauba rentimist, v\u00e4ljastab ja edastab \u00fc\u00fcrileandja \u00fc\u00fcrnikule arve puuduva v\u00f5i kahjustatud kauba eest.<\/p>\n<p><strong>10. Kontaktandmed<\/strong><\/p>\n<p>10.1 Kui teil on k\u00fcsimusi <strong>Baltic Overlandersi renditingimuste<\/strong> kohta, v\u00f5tke palun \u00fchendust Baltic Overlandersi meeskonnaga, kasutades allpool toodud kontaktandmeid:<\/p>\n<p>Baltic Overlanders (Overland Ready SIA)<\/p>\n<ul>\n<li style=\"font-weight: 400;\" aria-level=\"1\">Registreerimisnumber: 40203448240<\/li>\n<li style=\"font-weight: 400;\" aria-level=\"1\">Registrij\u00e4rgne asukoht: Iecavase t\u00e4nav 1-24, Riia, LV-1083, L\u00e4ti.<\/li>\n<li style=\"font-weight: 400;\" aria-level=\"1\">Tellimuse vastuv\u00f5tt \/ paigaldus: Matisa t\u00e4nav 8, Riia, LV-1001, L\u00e4ti<\/li>\n<li style=\"font-weight: 400;\" aria-level=\"1\">E-post: info@balticoverlanders.eu<\/li>\n<li style=\"font-weight: 400;\" aria-level=\"1\">Mobiiltelefon (+371) 2241-2653<\/li>\n<\/ul>\n","protected":false},"excerpt":{"rendered":"<p>Baltic Overlandersi rendis\u00fcsteem on loodud selleks, et hoida teid kursis v\u00e4rskeima teabe osas meie pakkumiste ja hindade kohta ning teha tellimuste esitamine arvutist v\u00f5i mobiiltelefonist lihtsaks. Et v\u00e4ltida arusaamatusi renditavate seadmete \u00fcleandmisel, palume olla rendiperioodi jooksul renditavate seadmete suhtes ettevaatlik. Renditavate seadmete \u00fcleandmine peab olema puhas, kuiv ja kahjustamata (samas seisukorras, nagu need on vastu [&hellip;]<\/p>\n","protected":false},"author":1,"featured_media":0,"parent":0,"menu_order":0,"comment_status":"closed","ping_status":"closed","template":"","meta":{"footnotes":""},"class_list":["post-39188","page","type-page","status-publish","hentry"],"yoast_head":"<!-- This site is optimized with the Yoast SEO plugin v27.3 - https:\/\/yoast.com\/product\/yoast-seo-wordpress\/ -->\n<title>Katusetelkide rentimise eeskirjad - BALTIC OVERLANDERS<\/title>\n<meta name=\"robots\" content=\"noindex, nofollow\" \/>\n<meta property=\"og:locale\" content=\"et_EE\" \/>\n<meta property=\"og:type\" content=\"article\" \/>\n<meta property=\"og:title\" content=\"Katusetelkide rentimise eeskirjad - BALTIC OVERLANDERS\" \/>\n<meta property=\"og:description\" content=\"Baltic Overlandersi rendis\u00fcsteem on loodud selleks, et hoida teid kursis v\u00e4rskeima teabe osas meie pakkumiste ja hindade kohta ning teha tellimuste esitamine arvutist v\u00f5i mobiiltelefonist lihtsaks. Et v\u00e4ltida arusaamatusi renditavate seadmete \u00fcleandmisel, palume olla rendiperioodi jooksul renditavate seadmete suhtes ettevaatlik. Renditavate seadmete \u00fcleandmine peab olema puhas, kuiv ja kahjustamata (samas seisukorras, nagu need on vastu [&hellip;]\" \/>\n<meta property=\"og:url\" content=\"https:\/\/balticoverlanders.eu\/et\/katusetelkide-rentimise-eeskirjad\/\" \/>\n<meta property=\"og:site_name\" content=\"BALTIC OVERLANDERS\" \/>\n<meta property=\"og:image\" content=\"https:\/\/balticoverlanders.eu\/wp-content\/uploads\/2023\/04\/BALTIC-OVERLANDERS-LOGO.jpg\" \/>\n\t<meta property=\"og:image:width\" content=\"1497\" \/>\n\t<meta property=\"og:image:height\" content=\"310\" \/>\n\t<meta property=\"og:image:type\" content=\"image\/jpeg\" \/>\n<meta name=\"twitter:card\" content=\"summary_large_image\" \/>\n<meta name=\"twitter:label1\" content=\"Est. reading time\" \/>\n\t<meta name=\"twitter:data1\" content=\"8 minutit\" \/>\n<script type=\"application\/ld+json\" class=\"yoast-schema-graph\">{\"@context\":\"https:\\\/\\\/schema.org\",\"@graph\":[{\"@type\":\"WebPage\",\"@id\":\"https:\\\/\\\/balticoverlanders.eu\\\/et\\\/katusetelkide-rentimise-eeskirjad\\\/\",\"url\":\"https:\\\/\\\/balticoverlanders.eu\\\/et\\\/katusetelkide-rentimise-eeskirjad\\\/\",\"name\":\"Katusetelkide rentimise eeskirjad - BALTIC OVERLANDERS\",\"isPartOf\":{\"@id\":\"https:\\\/\\\/balticoverlanders.eu\\\/et\\\/#website\"},\"datePublished\":\"2023-04-11T15:57:46+00:00\",\"breadcrumb\":{\"@id\":\"https:\\\/\\\/balticoverlanders.eu\\\/et\\\/katusetelkide-rentimise-eeskirjad\\\/#breadcrumb\"},\"inLanguage\":\"et\",\"potentialAction\":[{\"@type\":\"ReadAction\",\"target\":[\"https:\\\/\\\/balticoverlanders.eu\\\/et\\\/katusetelkide-rentimise-eeskirjad\\\/\"]}]},{\"@type\":\"BreadcrumbList\",\"@id\":\"https:\\\/\\\/balticoverlanders.eu\\\/et\\\/katusetelkide-rentimise-eeskirjad\\\/#breadcrumb\",\"itemListElement\":[{\"@type\":\"ListItem\",\"position\":1,\"name\":\"Home\",\"item\":\"https:\\\/\\\/balticoverlanders.eu\\\/et\\\/home\\\/\"},{\"@type\":\"ListItem\",\"position\":2,\"name\":\"Katusetelkide rentimise eeskirjad\"}]},{\"@type\":\"WebSite\",\"@id\":\"https:\\\/\\\/balticoverlanders.eu\\\/et\\\/#website\",\"url\":\"https:\\\/\\\/balticoverlanders.eu\\\/et\\\/\",\"name\":\"BALTIC OVERLANDERS\",\"description\":\"Your one-stop shop in Latvia, Estonia, and Lithuania for all your car camping, rooftop tent and accessory needs.\",\"publisher\":{\"@id\":\"https:\\\/\\\/balticoverlanders.eu\\\/et\\\/#organization\"},\"potentialAction\":[{\"@type\":\"SearchAction\",\"target\":{\"@type\":\"EntryPoint\",\"urlTemplate\":\"https:\\\/\\\/balticoverlanders.eu\\\/et\\\/?s={search_term_string}\"},\"query-input\":{\"@type\":\"PropertyValueSpecification\",\"valueRequired\":true,\"valueName\":\"search_term_string\"}}],\"inLanguage\":\"et\"},{\"@type\":\"Organization\",\"@id\":\"https:\\\/\\\/balticoverlanders.eu\\\/et\\\/#organization\",\"name\":\"BALTIC OVERLANDERS\",\"url\":\"https:\\\/\\\/balticoverlanders.eu\\\/et\\\/\",\"logo\":{\"@type\":\"ImageObject\",\"inLanguage\":\"et\",\"@id\":\"https:\\\/\\\/balticoverlanders.eu\\\/et\\\/#\\\/schema\\\/logo\\\/image\\\/\",\"url\":\"https:\\\/\\\/balticoverlanders.eu\\\/wp-content\\\/uploads\\\/2023\\\/04\\\/BALTIC-OVERLANDERS-LOGO.jpg\",\"contentUrl\":\"https:\\\/\\\/balticoverlanders.eu\\\/wp-content\\\/uploads\\\/2023\\\/04\\\/BALTIC-OVERLANDERS-LOGO.jpg\",\"width\":1497,\"height\":310,\"caption\":\"BALTIC OVERLANDERS\"},\"image\":{\"@id\":\"https:\\\/\\\/balticoverlanders.eu\\\/et\\\/#\\\/schema\\\/logo\\\/image\\\/\"},\"sameAs\":[\"https:\\\/\\\/www.instagram.com\\\/balticoverlanders\\\/\"]}]}<\/script>\n<!-- \/ Yoast SEO plugin. -->","yoast_head_json":{"title":"Katusetelkide rentimise eeskirjad - BALTIC OVERLANDERS","robots":{"index":"noindex","follow":"nofollow"},"og_locale":"et_EE","og_type":"article","og_title":"Katusetelkide rentimise eeskirjad - BALTIC OVERLANDERS","og_description":"Baltic Overlandersi rendis\u00fcsteem on loodud selleks, et hoida teid kursis v\u00e4rskeima teabe osas meie pakkumiste ja hindade kohta ning teha tellimuste esitamine arvutist v\u00f5i mobiiltelefonist lihtsaks. Et v\u00e4ltida arusaamatusi renditavate seadmete \u00fcleandmisel, palume olla rendiperioodi jooksul renditavate seadmete suhtes ettevaatlik. Renditavate seadmete \u00fcleandmine peab olema puhas, kuiv ja kahjustamata (samas seisukorras, nagu need on vastu [&hellip;]","og_url":"https:\/\/balticoverlanders.eu\/et\/katusetelkide-rentimise-eeskirjad\/","og_site_name":"BALTIC OVERLANDERS","og_image":[{"width":1497,"height":310,"url":"https:\/\/balticoverlanders.eu\/wp-content\/uploads\/2023\/04\/BALTIC-OVERLANDERS-LOGO.jpg","type":"image\/jpeg"}],"twitter_card":"summary_large_image","twitter_misc":{"Est. reading time":"8 minutit"},"schema":{"@context":"https:\/\/schema.org","@graph":[{"@type":"WebPage","@id":"https:\/\/balticoverlanders.eu\/et\/katusetelkide-rentimise-eeskirjad\/","url":"https:\/\/balticoverlanders.eu\/et\/katusetelkide-rentimise-eeskirjad\/","name":"Katusetelkide rentimise eeskirjad - BALTIC OVERLANDERS","isPartOf":{"@id":"https:\/\/balticoverlanders.eu\/et\/#website"},"datePublished":"2023-04-11T15:57:46+00:00","breadcrumb":{"@id":"https:\/\/balticoverlanders.eu\/et\/katusetelkide-rentimise-eeskirjad\/#breadcrumb"},"inLanguage":"et","potentialAction":[{"@type":"ReadAction","target":["https:\/\/balticoverlanders.eu\/et\/katusetelkide-rentimise-eeskirjad\/"]}]},{"@type":"BreadcrumbList","@id":"https:\/\/balticoverlanders.eu\/et\/katusetelkide-rentimise-eeskirjad\/#breadcrumb","itemListElement":[{"@type":"ListItem","position":1,"name":"Home","item":"https:\/\/balticoverlanders.eu\/et\/home\/"},{"@type":"ListItem","position":2,"name":"Katusetelkide rentimise eeskirjad"}]},{"@type":"WebSite","@id":"https:\/\/balticoverlanders.eu\/et\/#website","url":"https:\/\/balticoverlanders.eu\/et\/","name":"BALTIC OVERLANDERS","description":"Your one-stop shop in Latvia, Estonia, and Lithuania for all your car camping, rooftop tent and accessory needs.","publisher":{"@id":"https:\/\/balticoverlanders.eu\/et\/#organization"},"potentialAction":[{"@type":"SearchAction","target":{"@type":"EntryPoint","urlTemplate":"https:\/\/balticoverlanders.eu\/et\/?s={search_term_string}"},"query-input":{"@type":"PropertyValueSpecification","valueRequired":true,"valueName":"search_term_string"}}],"inLanguage":"et"},{"@type":"Organization","@id":"https:\/\/balticoverlanders.eu\/et\/#organization","name":"BALTIC OVERLANDERS","url":"https:\/\/balticoverlanders.eu\/et\/","logo":{"@type":"ImageObject","inLanguage":"et","@id":"https:\/\/balticoverlanders.eu\/et\/#\/schema\/logo\/image\/","url":"https:\/\/balticoverlanders.eu\/wp-content\/uploads\/2023\/04\/BALTIC-OVERLANDERS-LOGO.jpg","contentUrl":"https:\/\/balticoverlanders.eu\/wp-content\/uploads\/2023\/04\/BALTIC-OVERLANDERS-LOGO.jpg","width":1497,"height":310,"caption":"BALTIC OVERLANDERS"},"image":{"@id":"https:\/\/balticoverlanders.eu\/et\/#\/schema\/logo\/image\/"},"sameAs":["https:\/\/www.instagram.com\/balticoverlanders\/"]}]}},"_links":{"self":[{"href":"https:\/\/balticoverlanders.eu\/et\/wp-json\/wp\/v2\/pages\/39188","targetHints":{"allow":["GET"]}}],"collection":[{"href":"https:\/\/balticoverlanders.eu\/et\/wp-json\/wp\/v2\/pages"}],"about":[{"href":"https:\/\/balticoverlanders.eu\/et\/wp-json\/wp\/v2\/types\/page"}],"author":[{"embeddable":true,"href":"https:\/\/balticoverlanders.eu\/et\/wp-json\/wp\/v2\/users\/1"}],"replies":[{"embeddable":true,"href":"https:\/\/balticoverlanders.eu\/et\/wp-json\/wp\/v2\/comments?post=39188"}],"version-history":[{"count":0,"href":"https:\/\/balticoverlanders.eu\/et\/wp-json\/wp\/v2\/pages\/39188\/revisions"}],"wp:attachment":[{"href":"https:\/\/balticoverlanders.eu\/et\/wp-json\/wp\/v2\/media?parent=39188"}],"curies":[{"name":"wp","href":"https:\/\/api.w.org\/{rel}","templated":true}]}}