{"id":102112,"date":"2024-06-02T17:17:48","date_gmt":"2024-06-02T14:17:48","guid":{"rendered":"https:\/\/balticoverlanders.eu\/product\/thule-wingbar-evo-flush-rail-thule-wingbar-evo-flush-rail\/"},"modified":"2024-06-02T17:17:48","modified_gmt":"2024-06-02T14:17:48","slug":"thule-wingbar-evo-flush-rail-thule-wingbar-evo-flush-rail","status":"publish","type":"product","link":"https:\/\/balticoverlanders.eu\/et\/toode\/thule-wingbar-evo-flush-rail-thule-wingbar-evo-flush-rail\/","title":{"rendered":"Thule WingBar Evo Flush Rail Thule WingBar Evo Flush Rail"},"content":{"rendered":"<h4>Toote kirjeldus<\/h4>\n<p><strong>Aerod\u00fcnaamiline ja vaikne<\/strong><\/p>\n<p>Thule WingBar Evo on parim katuseraamiga s\u00fcsteem, mis on m\u00f5eldud erakordselt vaikseks s\u00f5iduks. Aerod\u00fcnaamilise profiiliga konstrueeritud s\u00fcsteem v\u00e4hendab m\u00fcra ja k\u00fctusekulu. Selle avar laadimisala \u00fchildub paljude lisaseadmete ja kanduritega, muutes selle mitmek\u00fclgseks erinevate transpordivajaduste jaoks. Thule WingBar Evo suudab turvaliselt kanda kuni 100 kg raskusi ja sellel on integreeritud T-trajektoorid, mis v\u00f5imaldavad h\u00f5lpsasti paigaldada kauba- v\u00f5i spordikandjaid.   <\/p>\n<h4>Omadused<\/h4>\n<ul>\n<li><strong>T\u00e4ielik s\u00fcsteem:<\/strong> Sisaldab 4 h\u00f5lpsasti paigaldatavat koormakanduri jalga ja 2 Thule WingBar Evo koormariba.<\/li>\n<li><strong>QuickAccess liides:<\/strong> \u00dclemine T-tee v\u00f5imaldab tarvikute sujuvat paigaldamist ja eemaldamist.<\/li>\n<li><strong>WindDiffuser tehnoloogia:<\/strong> H\u00e4irib \u00f5huvoolu, et v\u00e4hendada m\u00fcra ja \u00f5hutakistust, suurendades k\u00fctuses\u00e4\u00e4stu.<\/li>\n<li><strong>BoxBeam sisemine struktuur:<\/strong> tagab vastupidavuse ja ohutuse.<\/li>\n<li><strong>Turvalisus:<\/strong> Thule One-Key lukkudega (kaasas), mis tagab meelerahu.<\/li>\n<li><strong>S\u00f5idukispetsiifiline kohandamine:<\/strong> Valitud koormariba laius, jalad ja paigalduskomplekt on spetsiaalselt kohandatud teie s\u00f5idukile, et see sobiks ideaalselt.<\/li>\n<\/ul>\n<h4>Spetsifikatsioonid<\/h4>\n<ul>\n<li><strong>Maksimaalne kandev\u00f5ime:<\/strong> 100 kg. Palun kontrollige oma s\u00f5iduki maksimaalset kandev\u00f5imet, et tagada \u00fchilduvus. <\/li>\n<\/ul>\n","protected":false},"excerpt":{"rendered":"<p>Toote kirjeldus Aerod\u00fcnaamiline ja vaikne Thule WingBar Evo on parim katuseraamiga s\u00fcsteem, mis on m\u00f5eldud erakordselt vaikseks s\u00f5iduks. Aerod\u00fcnaamilise profiiliga konstrueeritud s\u00fcsteem v\u00e4hendab m\u00fcra ja k\u00fctusekulu. Selle avar laadimisala \u00fchildub paljude lisaseadmete ja kanduritega, muutes selle mitmek\u00fclgseks erinevate transpordivajaduste jaoks. Thule WingBar Evo suudab turvaliselt kanda kuni 100 kg raskusi ja sellel on integreeritud T-trajektoorid, [&hellip;]<\/p>\n","protected":false},"featured_media":46392,"template":"","meta":[],"product_brand":[],"product_cat":[602,603],"product_tag":[],"class_list":{"0":"post-102112","1":"product","2":"type-product","3":"status-publish","4":"has-post-thumbnail","6":"product_cat-katusekohvrid","7":"product_cat-thule-et","9":"first","10":"onbackorder","11":"taxable","12":"shipping-taxable","13":"purchasable","14":"product-type-variable"},"yoast_head":"<!-- This site is optimized with the Yoast SEO plugin v27.3 - https:\/\/yoast.com\/product\/yoast-seo-wordpress\/ -->\n<title>Thule WingBar Evo Flush Rail Thule WingBar Evo Flush Rail - BALTIC OVERLANDERS<\/title>\n<meta name=\"description\" content=\"Thule WingBar Evo on aerod\u00fcnaamiline katuseraamiga s\u00fcsteem, mis tagab erakordselt vaikse s\u00f5idu. Suur laadimisala ja kuni 100kg. Valmistatud Flushed Raili jaoks\" \/>\n<meta name=\"robots\" content=\"index, follow, max-snippet:-1, max-image-preview:large, max-video-preview:-1\" \/>\n<link rel=\"canonical\" href=\"https:\/\/balticoverlanders.eu\/et\/toode\/thule-wingbar-evo-flush-rail-thule-wingbar-evo-flush-rail\/\" \/>\n<meta property=\"og:locale\" content=\"et_EE\" \/>\n<meta property=\"og:type\" content=\"article\" \/>\n<meta property=\"og:title\" content=\"Thule WingBar Evo Flush Rail Thule WingBar Evo Flush Rail - BALTIC OVERLANDERS\" \/>\n<meta property=\"og:description\" content=\"Thule WingBar Evo on aerod\u00fcnaamiline katuseraamiga s\u00fcsteem, mis tagab erakordselt vaikse s\u00f5idu. Suur laadimisala ja kuni 100kg. Valmistatud Flushed Raili jaoks\" \/>\n<meta property=\"og:url\" content=\"https:\/\/balticoverlanders.eu\/et\/toode\/thule-wingbar-evo-flush-rail-thule-wingbar-evo-flush-rail\/\" \/>\n<meta property=\"og:site_name\" content=\"BALTIC OVERLANDERS\" \/>\n<meta property=\"og:image\" content=\"https:\/\/balticoverlanders.eu\/wp-content\/uploads\/2024\/06\/thule-evo-flush-rail-4-units-1-1.jpg\" \/>\n\t<meta property=\"og:image:width\" content=\"1000\" \/>\n\t<meta property=\"og:image:height\" content=\"1000\" \/>\n\t<meta property=\"og:image:type\" content=\"image\/jpeg\" \/>\n<meta name=\"twitter:card\" content=\"summary_large_image\" \/>\n<meta name=\"twitter:label1\" content=\"Est. reading time\" \/>\n\t<meta name=\"twitter:data1\" content=\"1 minut\" \/>\n<script type=\"application\/ld+json\" class=\"yoast-schema-graph\">{\"@context\":\"https:\\\/\\\/schema.org\",\"@graph\":[{\"@type\":\"WebPage\",\"@id\":\"https:\\\/\\\/balticoverlanders.eu\\\/et\\\/toode\\\/thule-wingbar-evo-flush-rail-thule-wingbar-evo-flush-rail\\\/\",\"url\":\"https:\\\/\\\/balticoverlanders.eu\\\/et\\\/toode\\\/thule-wingbar-evo-flush-rail-thule-wingbar-evo-flush-rail\\\/\",\"name\":\"Thule WingBar Evo Flush Rail Thule WingBar Evo Flush Rail - BALTIC OVERLANDERS\",\"isPartOf\":{\"@id\":\"https:\\\/\\\/balticoverlanders.eu\\\/et\\\/#website\"},\"primaryImageOfPage\":{\"@id\":\"https:\\\/\\\/balticoverlanders.eu\\\/et\\\/toode\\\/thule-wingbar-evo-flush-rail-thule-wingbar-evo-flush-rail\\\/#primaryimage\"},\"image\":{\"@id\":\"https:\\\/\\\/balticoverlanders.eu\\\/et\\\/toode\\\/thule-wingbar-evo-flush-rail-thule-wingbar-evo-flush-rail\\\/#primaryimage\"},\"thumbnailUrl\":\"https:\\\/\\\/balticoverlanders.eu\\\/wp-content\\\/uploads\\\/2024\\\/06\\\/thule-evo-flush-rail-4-units-1-1.jpg\",\"datePublished\":\"2024-06-02T14:17:48+00:00\",\"description\":\"Thule WingBar Evo on aerod\u00fcnaamiline katuseraamiga s\u00fcsteem, mis tagab erakordselt vaikse s\u00f5idu. Suur laadimisala ja kuni 100kg. Valmistatud Flushed Raili jaoks\",\"breadcrumb\":{\"@id\":\"https:\\\/\\\/balticoverlanders.eu\\\/et\\\/toode\\\/thule-wingbar-evo-flush-rail-thule-wingbar-evo-flush-rail\\\/#breadcrumb\"},\"inLanguage\":\"et\",\"potentialAction\":[{\"@type\":\"ReadAction\",\"target\":[\"https:\\\/\\\/balticoverlanders.eu\\\/et\\\/toode\\\/thule-wingbar-evo-flush-rail-thule-wingbar-evo-flush-rail\\\/\"]}]},{\"@type\":\"ImageObject\",\"inLanguage\":\"et\",\"@id\":\"https:\\\/\\\/balticoverlanders.eu\\\/et\\\/toode\\\/thule-wingbar-evo-flush-rail-thule-wingbar-evo-flush-rail\\\/#primaryimage\",\"url\":\"https:\\\/\\\/balticoverlanders.eu\\\/wp-content\\\/uploads\\\/2024\\\/06\\\/thule-evo-flush-rail-4-units-1-1.jpg\",\"contentUrl\":\"https:\\\/\\\/balticoverlanders.eu\\\/wp-content\\\/uploads\\\/2024\\\/06\\\/thule-evo-flush-rail-4-units-1-1.jpg\",\"width\":1000,\"height\":1000},{\"@type\":\"BreadcrumbList\",\"@id\":\"https:\\\/\\\/balticoverlanders.eu\\\/et\\\/toode\\\/thule-wingbar-evo-flush-rail-thule-wingbar-evo-flush-rail\\\/#breadcrumb\",\"itemListElement\":[{\"@type\":\"ListItem\",\"position\":1,\"name\":\"Home\",\"item\":\"https:\\\/\\\/balticoverlanders.eu\\\/et\\\/home\\\/\"},{\"@type\":\"ListItem\",\"position\":2,\"name\":\"Kauplus\",\"item\":\"https:\\\/\\\/balticoverlanders.eu\\\/et\\\/kauplus\\\/\"},{\"@type\":\"ListItem\",\"position\":3,\"name\":\"Thule WingBar Evo Flush Rail Thule WingBar Evo Flush Rail\"}]},{\"@type\":\"WebSite\",\"@id\":\"https:\\\/\\\/balticoverlanders.eu\\\/et\\\/#website\",\"url\":\"https:\\\/\\\/balticoverlanders.eu\\\/et\\\/\",\"name\":\"BALTIC OVERLANDERS\",\"description\":\"Your one-stop shop in Latvia, Estonia, and Lithuania for all your car camping, rooftop tent and accessory needs.\",\"publisher\":{\"@id\":\"https:\\\/\\\/balticoverlanders.eu\\\/et\\\/#organization\"},\"potentialAction\":[{\"@type\":\"SearchAction\",\"target\":{\"@type\":\"EntryPoint\",\"urlTemplate\":\"https:\\\/\\\/balticoverlanders.eu\\\/et\\\/?s={search_term_string}\"},\"query-input\":{\"@type\":\"PropertyValueSpecification\",\"valueRequired\":true,\"valueName\":\"search_term_string\"}}],\"inLanguage\":\"et\"},{\"@type\":\"Organization\",\"@id\":\"https:\\\/\\\/balticoverlanders.eu\\\/et\\\/#organization\",\"name\":\"BALTIC OVERLANDERS\",\"url\":\"https:\\\/\\\/balticoverlanders.eu\\\/et\\\/\",\"logo\":{\"@type\":\"ImageObject\",\"inLanguage\":\"et\",\"@id\":\"https:\\\/\\\/balticoverlanders.eu\\\/et\\\/#\\\/schema\\\/logo\\\/image\\\/\",\"url\":\"https:\\\/\\\/balticoverlanders.eu\\\/wp-content\\\/uploads\\\/2023\\\/04\\\/BALTIC-OVERLANDERS-LOGO.jpg\",\"contentUrl\":\"https:\\\/\\\/balticoverlanders.eu\\\/wp-content\\\/uploads\\\/2023\\\/04\\\/BALTIC-OVERLANDERS-LOGO.jpg\",\"width\":1497,\"height\":310,\"caption\":\"BALTIC OVERLANDERS\"},\"image\":{\"@id\":\"https:\\\/\\\/balticoverlanders.eu\\\/et\\\/#\\\/schema\\\/logo\\\/image\\\/\"},\"sameAs\":[\"https:\\\/\\\/www.instagram.com\\\/balticoverlanders\\\/\"]}]}<\/script>\n<!-- \/ Yoast SEO plugin. -->","yoast_head_json":{"title":"Thule WingBar Evo Flush Rail Thule WingBar Evo Flush Rail - BALTIC OVERLANDERS","description":"Thule WingBar Evo on aerod\u00fcnaamiline katuseraamiga s\u00fcsteem, mis tagab erakordselt vaikse s\u00f5idu. Suur laadimisala ja kuni 100kg. Valmistatud Flushed Raili jaoks","robots":{"index":"index","follow":"follow","max-snippet":"max-snippet:-1","max-image-preview":"max-image-preview:large","max-video-preview":"max-video-preview:-1"},"canonical":"https:\/\/balticoverlanders.eu\/et\/toode\/thule-wingbar-evo-flush-rail-thule-wingbar-evo-flush-rail\/","og_locale":"et_EE","og_type":"article","og_title":"Thule WingBar Evo Flush Rail Thule WingBar Evo Flush Rail - BALTIC OVERLANDERS","og_description":"Thule WingBar Evo on aerod\u00fcnaamiline katuseraamiga s\u00fcsteem, mis tagab erakordselt vaikse s\u00f5idu. Suur laadimisala ja kuni 100kg. Valmistatud Flushed Raili jaoks","og_url":"https:\/\/balticoverlanders.eu\/et\/toode\/thule-wingbar-evo-flush-rail-thule-wingbar-evo-flush-rail\/","og_site_name":"BALTIC OVERLANDERS","og_image":[{"width":1000,"height":1000,"url":"https:\/\/balticoverlanders.eu\/wp-content\/uploads\/2024\/06\/thule-evo-flush-rail-4-units-1-1.jpg","type":"image\/jpeg"}],"twitter_card":"summary_large_image","twitter_misc":{"Est. reading time":"1 minut"},"schema":{"@context":"https:\/\/schema.org","@graph":[{"@type":"WebPage","@id":"https:\/\/balticoverlanders.eu\/et\/toode\/thule-wingbar-evo-flush-rail-thule-wingbar-evo-flush-rail\/","url":"https:\/\/balticoverlanders.eu\/et\/toode\/thule-wingbar-evo-flush-rail-thule-wingbar-evo-flush-rail\/","name":"Thule WingBar Evo Flush Rail Thule WingBar Evo Flush Rail - BALTIC OVERLANDERS","isPartOf":{"@id":"https:\/\/balticoverlanders.eu\/et\/#website"},"primaryImageOfPage":{"@id":"https:\/\/balticoverlanders.eu\/et\/toode\/thule-wingbar-evo-flush-rail-thule-wingbar-evo-flush-rail\/#primaryimage"},"image":{"@id":"https:\/\/balticoverlanders.eu\/et\/toode\/thule-wingbar-evo-flush-rail-thule-wingbar-evo-flush-rail\/#primaryimage"},"thumbnailUrl":"https:\/\/balticoverlanders.eu\/wp-content\/uploads\/2024\/06\/thule-evo-flush-rail-4-units-1-1.jpg","datePublished":"2024-06-02T14:17:48+00:00","description":"Thule WingBar Evo on aerod\u00fcnaamiline katuseraamiga s\u00fcsteem, mis tagab erakordselt vaikse s\u00f5idu. Suur laadimisala ja kuni 100kg. Valmistatud Flushed Raili jaoks","breadcrumb":{"@id":"https:\/\/balticoverlanders.eu\/et\/toode\/thule-wingbar-evo-flush-rail-thule-wingbar-evo-flush-rail\/#breadcrumb"},"inLanguage":"et","potentialAction":[{"@type":"ReadAction","target":["https:\/\/balticoverlanders.eu\/et\/toode\/thule-wingbar-evo-flush-rail-thule-wingbar-evo-flush-rail\/"]}]},{"@type":"ImageObject","inLanguage":"et","@id":"https:\/\/balticoverlanders.eu\/et\/toode\/thule-wingbar-evo-flush-rail-thule-wingbar-evo-flush-rail\/#primaryimage","url":"https:\/\/balticoverlanders.eu\/wp-content\/uploads\/2024\/06\/thule-evo-flush-rail-4-units-1-1.jpg","contentUrl":"https:\/\/balticoverlanders.eu\/wp-content\/uploads\/2024\/06\/thule-evo-flush-rail-4-units-1-1.jpg","width":1000,"height":1000},{"@type":"BreadcrumbList","@id":"https:\/\/balticoverlanders.eu\/et\/toode\/thule-wingbar-evo-flush-rail-thule-wingbar-evo-flush-rail\/#breadcrumb","itemListElement":[{"@type":"ListItem","position":1,"name":"Home","item":"https:\/\/balticoverlanders.eu\/et\/home\/"},{"@type":"ListItem","position":2,"name":"Kauplus","item":"https:\/\/balticoverlanders.eu\/et\/kauplus\/"},{"@type":"ListItem","position":3,"name":"Thule WingBar Evo Flush Rail Thule WingBar Evo Flush Rail"}]},{"@type":"WebSite","@id":"https:\/\/balticoverlanders.eu\/et\/#website","url":"https:\/\/balticoverlanders.eu\/et\/","name":"BALTIC OVERLANDERS","description":"Your one-stop shop in Latvia, Estonia, and Lithuania for all your car camping, rooftop tent and accessory needs.","publisher":{"@id":"https:\/\/balticoverlanders.eu\/et\/#organization"},"potentialAction":[{"@type":"SearchAction","target":{"@type":"EntryPoint","urlTemplate":"https:\/\/balticoverlanders.eu\/et\/?s={search_term_string}"},"query-input":{"@type":"PropertyValueSpecification","valueRequired":true,"valueName":"search_term_string"}}],"inLanguage":"et"},{"@type":"Organization","@id":"https:\/\/balticoverlanders.eu\/et\/#organization","name":"BALTIC OVERLANDERS","url":"https:\/\/balticoverlanders.eu\/et\/","logo":{"@type":"ImageObject","inLanguage":"et","@id":"https:\/\/balticoverlanders.eu\/et\/#\/schema\/logo\/image\/","url":"https:\/\/balticoverlanders.eu\/wp-content\/uploads\/2023\/04\/BALTIC-OVERLANDERS-LOGO.jpg","contentUrl":"https:\/\/balticoverlanders.eu\/wp-content\/uploads\/2023\/04\/BALTIC-OVERLANDERS-LOGO.jpg","width":1497,"height":310,"caption":"BALTIC OVERLANDERS"},"image":{"@id":"https:\/\/balticoverlanders.eu\/et\/#\/schema\/logo\/image\/"},"sameAs":["https:\/\/www.instagram.com\/balticoverlanders\/"]}]}},"_links":{"self":[{"href":"https:\/\/balticoverlanders.eu\/et\/wp-json\/wp\/v2\/product\/102112","targetHints":{"allow":["GET"]}}],"collection":[{"href":"https:\/\/balticoverlanders.eu\/et\/wp-json\/wp\/v2\/product"}],"about":[{"href":"https:\/\/balticoverlanders.eu\/et\/wp-json\/wp\/v2\/types\/product"}],"wp:featuredmedia":[{"embeddable":true,"href":"https:\/\/balticoverlanders.eu\/et\/wp-json\/wp\/v2\/media\/46392"}],"wp:attachment":[{"href":"https:\/\/balticoverlanders.eu\/et\/wp-json\/wp\/v2\/media?parent=102112"}],"wp:term":[{"taxonomy":"product_brand","embeddable":true,"href":"https:\/\/balticoverlanders.eu\/et\/wp-json\/wp\/v2\/product_brand?post=102112"},{"taxonomy":"product_cat","embeddable":true,"href":"https:\/\/balticoverlanders.eu\/et\/wp-json\/wp\/v2\/product_cat?post=102112"},{"taxonomy":"product_tag","embeddable":true,"href":"https:\/\/balticoverlanders.eu\/et\/wp-json\/wp\/v2\/product_tag?post=102112"}],"curies":[{"name":"wp","href":"https:\/\/api.w.org\/{rel}","templated":true}]}}