{"id":16835,"date":"2023-03-18T16:21:10","date_gmt":"2023-03-18T14:21:10","guid":{"rendered":"https:\/\/balticoverlanders.eu\/product\/odyssey-m\/"},"modified":"2023-06-30T16:13:31","modified_gmt":"2023-06-30T13:13:31","slug":"james-baroud-odyssey-m-auto-katus-telk","status":"publish","type":"product","link":"https:\/\/balticoverlanders.eu\/et\/toode\/james-baroud-odyssey-m-auto-katus-telk\/","title":{"rendered":"James Baroud Odyssey M"},"content":{"rendered":"<p class=\"preFade fadeIn disable-executed-animation\"><strong>ODYSSEY M &#8211; Premium kvaliteet 100% pimendusega<br \/>\n<\/strong><\/p>\n<ul>\n<li class=\"preFade fadeIn disable-executed-animation\">2 t\u00e4iskasvanule ja 1 lapsele<\/li>\n<li class=\"preFade fadeIn disable-executed-animation\">madratsi suurus 140 cm x 200 cm<\/li>\n<li class=\"preFade fadeIn disable-executed-animation\">avatud k\u00f5rgus 100 cm<\/li>\n<\/ul>\n<p>Kvaliteetne ehitus ja materjalid teevad James Baroud Odyssey telgist universaalse katusealuse telgi, mis on ideaalne valik igasuguseks telkimiseks v\u00f5i maastikul toimuvaks matkaks. See on kerge (seda saab paigaldada 2 inimest \u00fche s\u00f5iduteega), mahutab kuni 2 t\u00e4iskasvanut ja 1 lapse, on vastupidav ka k\u00f5ige ekstreemsemates tingimustes, pakub maksimaalset mugavust t\u00e4nu suure tihedusega madratsile ja 100% pimendavale, isoleeritud ja vastupidavale kangale ning on \u00fcks lihtsamaid ja kiiremini avatavaid ja suletavaid telke (1 minut).<\/p>\n<p>Nii et olenemata sellest, kas te matkate \u00fcksi k\u00f5rbes v\u00f5i matkate perega metsas, v\u00f5ite loota James Baroud Odyssey&#8217;le, mis pakub teile k\u00f5ige rohkem kvaliteeti, turvalisust ja mugavust.<\/p>\n","protected":false},"excerpt":{"rendered":"<p>ODYSSEY M &#8211; Premium kvaliteet 100% pimendusega<\/p>\n<ul>\n<li class=\"preFade fadeIn disable-executed-animation\">2 t\u00e4iskasvanule ja 1 lapsele<\/li>\n<li class=\"preFade fadeIn disable-executed-animation\">madratsi suurus 140 cm x 200 cm<\/li>\n<li class=\"preFade fadeIn disable-executed-animation\">avatud k\u00f5rgus 100 cm<\/li>\n<\/ul>\n<p>INNOVATSIOON, MUGAVUS, TUGEVUS JA KIIRUS<\/p>\n<p>Need on peamised elemendid, mis on teinud James Baroudi katusetelgid \u00fclemaailmselt kuulsaks.<\/p>\n","protected":false},"featured_media":8365,"template":"","meta":[],"product_brand":[],"product_cat":[211,210],"product_tag":[],"class_list":{"0":"post-16835","1":"product","2":"type-product","3":"status-publish","4":"has-post-thumbnail","6":"product_cat-katusetelgid","7":"product_cat-james-baroud-et","9":"first","10":"instock","11":"taxable","12":"shipping-taxable","13":"purchasable","14":"product-type-variable"},"yoast_head":"<!-- This site is optimized with the Yoast SEO plugin v27.2 - https:\/\/yoast.com\/product\/yoast-seo-wordpress\/ -->\n<title>James Baroud Odyssey M - BALTIC OVERLANDERS<\/title>\n<meta name=\"description\" content=\"James Baroud Odyssey telk - kvaliteetne, mugav ja vastupidav. Sobib ideaalselt telkimiseks ja matkamiseks. Avasta kohe!\" \/>\n<meta name=\"robots\" content=\"index, follow, max-snippet:-1, max-image-preview:large, max-video-preview:-1\" \/>\n<link rel=\"canonical\" href=\"https:\/\/balticoverlanders.eu\/et\/toode\/james-baroud-odyssey-m-auto-katus-telk\/\" \/>\n<meta property=\"og:locale\" content=\"et_EE\" \/>\n<meta property=\"og:type\" content=\"article\" \/>\n<meta property=\"og:title\" content=\"James Baroud Odyssey M - BALTIC OVERLANDERS\" \/>\n<meta property=\"og:description\" content=\"James Baroud Odyssey telk - kvaliteetne, mugav ja vastupidav. Sobib ideaalselt telkimiseks ja matkamiseks. Avasta kohe!\" \/>\n<meta property=\"og:url\" content=\"https:\/\/balticoverlanders.eu\/et\/toode\/james-baroud-odyssey-m-auto-katus-telk\/\" \/>\n<meta property=\"og:site_name\" content=\"BALTIC OVERLANDERS\" \/>\n<meta property=\"article:modified_time\" content=\"2023-06-30T13:13:31+00:00\" \/>\n<meta property=\"og:image\" content=\"https:\/\/balticoverlanders.eu\/wp-content\/uploads\/2023\/03\/James-Baroud-Odyssey-Transparent-BG1.png\" \/>\n\t<meta property=\"og:image:width\" content=\"1000\" \/>\n\t<meta property=\"og:image:height\" content=\"667\" \/>\n\t<meta property=\"og:image:type\" content=\"image\/png\" \/>\n<meta name=\"twitter:card\" content=\"summary_large_image\" \/>\n<meta name=\"twitter:label1\" content=\"Est. reading time\" \/>\n\t<meta name=\"twitter:data1\" content=\"1 minut\" \/>\n<script type=\"application\/ld+json\" class=\"yoast-schema-graph\">{\"@context\":\"https:\/\/schema.org\",\"@graph\":[{\"@type\":\"WebPage\",\"@id\":\"https:\/\/balticoverlanders.eu\/et\/toode\/james-baroud-odyssey-m-auto-katus-telk\/\",\"url\":\"https:\/\/balticoverlanders.eu\/et\/toode\/james-baroud-odyssey-m-auto-katus-telk\/\",\"name\":\"James Baroud Odyssey M - BALTIC OVERLANDERS\",\"isPartOf\":{\"@id\":\"https:\/\/balticoverlanders.eu\/et\/#website\"},\"primaryImageOfPage\":{\"@id\":\"https:\/\/balticoverlanders.eu\/et\/toode\/james-baroud-odyssey-m-auto-katus-telk\/#primaryimage\"},\"image\":{\"@id\":\"https:\/\/balticoverlanders.eu\/et\/toode\/james-baroud-odyssey-m-auto-katus-telk\/#primaryimage\"},\"thumbnailUrl\":\"https:\/\/balticoverlanders.eu\/wp-content\/uploads\/2023\/03\/James-Baroud-Odyssey-Transparent-BG1.png\",\"datePublished\":\"2023-03-18T14:21:10+00:00\",\"dateModified\":\"2023-06-30T13:13:31+00:00\",\"description\":\"James Baroud Odyssey telk - kvaliteetne, mugav ja vastupidav. Sobib ideaalselt telkimiseks ja matkamiseks. Avasta kohe!\",\"breadcrumb\":{\"@id\":\"https:\/\/balticoverlanders.eu\/et\/toode\/james-baroud-odyssey-m-auto-katus-telk\/#breadcrumb\"},\"inLanguage\":\"et\",\"potentialAction\":[{\"@type\":\"ReadAction\",\"target\":[\"https:\/\/balticoverlanders.eu\/et\/toode\/james-baroud-odyssey-m-auto-katus-telk\/\"]}]},{\"@type\":\"ImageObject\",\"inLanguage\":\"et\",\"@id\":\"https:\/\/balticoverlanders.eu\/et\/toode\/james-baroud-odyssey-m-auto-katus-telk\/#primaryimage\",\"url\":\"https:\/\/balticoverlanders.eu\/wp-content\/uploads\/2023\/03\/James-Baroud-Odyssey-Transparent-BG1.png\",\"contentUrl\":\"https:\/\/balticoverlanders.eu\/wp-content\/uploads\/2023\/03\/James-Baroud-Odyssey-Transparent-BG1.png\",\"width\":1000,\"height\":667},{\"@type\":\"BreadcrumbList\",\"@id\":\"https:\/\/balticoverlanders.eu\/et\/toode\/james-baroud-odyssey-m-auto-katus-telk\/#breadcrumb\",\"itemListElement\":[{\"@type\":\"ListItem\",\"position\":1,\"name\":\"Home\",\"item\":\"https:\/\/balticoverlanders.eu\/et\/home\/\"},{\"@type\":\"ListItem\",\"position\":2,\"name\":\"Kauplus\",\"item\":\"https:\/\/balticoverlanders.eu\/et\/kauplus\/\"},{\"@type\":\"ListItem\",\"position\":3,\"name\":\"James Baroud Odyssey M\"}]},{\"@type\":\"WebSite\",\"@id\":\"https:\/\/balticoverlanders.eu\/et\/#website\",\"url\":\"https:\/\/balticoverlanders.eu\/et\/\",\"name\":\"BALTIC OVERLANDERS\",\"description\":\"Your one-stop shop in Latvia, Estonia, and Lithuania for all your car camping, rooftop tent and accessory needs.\",\"publisher\":{\"@id\":\"https:\/\/balticoverlanders.eu\/et\/#organization\"},\"potentialAction\":[{\"@type\":\"SearchAction\",\"target\":{\"@type\":\"EntryPoint\",\"urlTemplate\":\"https:\/\/balticoverlanders.eu\/et\/?s={search_term_string}\"},\"query-input\":{\"@type\":\"PropertyValueSpecification\",\"valueRequired\":true,\"valueName\":\"search_term_string\"}}],\"inLanguage\":\"et\"},{\"@type\":\"Organization\",\"@id\":\"https:\/\/balticoverlanders.eu\/et\/#organization\",\"name\":\"BALTIC OVERLANDERS\",\"url\":\"https:\/\/balticoverlanders.eu\/et\/\",\"logo\":{\"@type\":\"ImageObject\",\"inLanguage\":\"et\",\"@id\":\"https:\/\/balticoverlanders.eu\/et\/#\/schema\/logo\/image\/\",\"url\":\"https:\/\/balticoverlanders.eu\/wp-content\/uploads\/2023\/04\/BALTIC-OVERLANDERS-LOGO.jpg\",\"contentUrl\":\"https:\/\/balticoverlanders.eu\/wp-content\/uploads\/2023\/04\/BALTIC-OVERLANDERS-LOGO.jpg\",\"width\":1497,\"height\":310,\"caption\":\"BALTIC OVERLANDERS\"},\"image\":{\"@id\":\"https:\/\/balticoverlanders.eu\/et\/#\/schema\/logo\/image\/\"},\"sameAs\":[\"https:\/\/www.instagram.com\/balticoverlanders\/\"]}]}<\/script>\n<!-- \/ Yoast SEO plugin. -->","yoast_head_json":{"title":"James Baroud Odyssey M - BALTIC OVERLANDERS","description":"James Baroud Odyssey telk - kvaliteetne, mugav ja vastupidav. Sobib ideaalselt telkimiseks ja matkamiseks. Avasta kohe!","robots":{"index":"index","follow":"follow","max-snippet":"max-snippet:-1","max-image-preview":"max-image-preview:large","max-video-preview":"max-video-preview:-1"},"canonical":"https:\/\/balticoverlanders.eu\/et\/toode\/james-baroud-odyssey-m-auto-katus-telk\/","og_locale":"et_EE","og_type":"article","og_title":"James Baroud Odyssey M - BALTIC OVERLANDERS","og_description":"James Baroud Odyssey telk - kvaliteetne, mugav ja vastupidav. Sobib ideaalselt telkimiseks ja matkamiseks. Avasta kohe!","og_url":"https:\/\/balticoverlanders.eu\/et\/toode\/james-baroud-odyssey-m-auto-katus-telk\/","og_site_name":"BALTIC OVERLANDERS","article_modified_time":"2023-06-30T13:13:31+00:00","og_image":[{"width":1000,"height":667,"url":"https:\/\/balticoverlanders.eu\/wp-content\/uploads\/2023\/03\/James-Baroud-Odyssey-Transparent-BG1.png","type":"image\/png"}],"twitter_card":"summary_large_image","twitter_misc":{"Est. reading time":"1 minut"},"schema":{"@context":"https:\/\/schema.org","@graph":[{"@type":"WebPage","@id":"https:\/\/balticoverlanders.eu\/et\/toode\/james-baroud-odyssey-m-auto-katus-telk\/","url":"https:\/\/balticoverlanders.eu\/et\/toode\/james-baroud-odyssey-m-auto-katus-telk\/","name":"James Baroud Odyssey M - BALTIC OVERLANDERS","isPartOf":{"@id":"https:\/\/balticoverlanders.eu\/et\/#website"},"primaryImageOfPage":{"@id":"https:\/\/balticoverlanders.eu\/et\/toode\/james-baroud-odyssey-m-auto-katus-telk\/#primaryimage"},"image":{"@id":"https:\/\/balticoverlanders.eu\/et\/toode\/james-baroud-odyssey-m-auto-katus-telk\/#primaryimage"},"thumbnailUrl":"https:\/\/balticoverlanders.eu\/wp-content\/uploads\/2023\/03\/James-Baroud-Odyssey-Transparent-BG1.png","datePublished":"2023-03-18T14:21:10+00:00","dateModified":"2023-06-30T13:13:31+00:00","description":"James Baroud Odyssey telk - kvaliteetne, mugav ja vastupidav. Sobib ideaalselt telkimiseks ja matkamiseks. Avasta kohe!","breadcrumb":{"@id":"https:\/\/balticoverlanders.eu\/et\/toode\/james-baroud-odyssey-m-auto-katus-telk\/#breadcrumb"},"inLanguage":"et","potentialAction":[{"@type":"ReadAction","target":["https:\/\/balticoverlanders.eu\/et\/toode\/james-baroud-odyssey-m-auto-katus-telk\/"]}]},{"@type":"ImageObject","inLanguage":"et","@id":"https:\/\/balticoverlanders.eu\/et\/toode\/james-baroud-odyssey-m-auto-katus-telk\/#primaryimage","url":"https:\/\/balticoverlanders.eu\/wp-content\/uploads\/2023\/03\/James-Baroud-Odyssey-Transparent-BG1.png","contentUrl":"https:\/\/balticoverlanders.eu\/wp-content\/uploads\/2023\/03\/James-Baroud-Odyssey-Transparent-BG1.png","width":1000,"height":667},{"@type":"BreadcrumbList","@id":"https:\/\/balticoverlanders.eu\/et\/toode\/james-baroud-odyssey-m-auto-katus-telk\/#breadcrumb","itemListElement":[{"@type":"ListItem","position":1,"name":"Home","item":"https:\/\/balticoverlanders.eu\/et\/home\/"},{"@type":"ListItem","position":2,"name":"Kauplus","item":"https:\/\/balticoverlanders.eu\/et\/kauplus\/"},{"@type":"ListItem","position":3,"name":"James Baroud Odyssey M"}]},{"@type":"WebSite","@id":"https:\/\/balticoverlanders.eu\/et\/#website","url":"https:\/\/balticoverlanders.eu\/et\/","name":"BALTIC OVERLANDERS","description":"Your one-stop shop in Latvia, Estonia, and Lithuania for all your car camping, rooftop tent and accessory needs.","publisher":{"@id":"https:\/\/balticoverlanders.eu\/et\/#organization"},"potentialAction":[{"@type":"SearchAction","target":{"@type":"EntryPoint","urlTemplate":"https:\/\/balticoverlanders.eu\/et\/?s={search_term_string}"},"query-input":{"@type":"PropertyValueSpecification","valueRequired":true,"valueName":"search_term_string"}}],"inLanguage":"et"},{"@type":"Organization","@id":"https:\/\/balticoverlanders.eu\/et\/#organization","name":"BALTIC OVERLANDERS","url":"https:\/\/balticoverlanders.eu\/et\/","logo":{"@type":"ImageObject","inLanguage":"et","@id":"https:\/\/balticoverlanders.eu\/et\/#\/schema\/logo\/image\/","url":"https:\/\/balticoverlanders.eu\/wp-content\/uploads\/2023\/04\/BALTIC-OVERLANDERS-LOGO.jpg","contentUrl":"https:\/\/balticoverlanders.eu\/wp-content\/uploads\/2023\/04\/BALTIC-OVERLANDERS-LOGO.jpg","width":1497,"height":310,"caption":"BALTIC OVERLANDERS"},"image":{"@id":"https:\/\/balticoverlanders.eu\/et\/#\/schema\/logo\/image\/"},"sameAs":["https:\/\/www.instagram.com\/balticoverlanders\/"]}]}},"_links":{"self":[{"href":"https:\/\/balticoverlanders.eu\/et\/wp-json\/wp\/v2\/product\/16835","targetHints":{"allow":["GET"]}}],"collection":[{"href":"https:\/\/balticoverlanders.eu\/et\/wp-json\/wp\/v2\/product"}],"about":[{"href":"https:\/\/balticoverlanders.eu\/et\/wp-json\/wp\/v2\/types\/product"}],"wp:featuredmedia":[{"embeddable":true,"href":"https:\/\/balticoverlanders.eu\/et\/wp-json\/wp\/v2\/media\/8365"}],"wp:attachment":[{"href":"https:\/\/balticoverlanders.eu\/et\/wp-json\/wp\/v2\/media?parent=16835"}],"wp:term":[{"taxonomy":"product_brand","embeddable":true,"href":"https:\/\/balticoverlanders.eu\/et\/wp-json\/wp\/v2\/product_brand?post=16835"},{"taxonomy":"product_cat","embeddable":true,"href":"https:\/\/balticoverlanders.eu\/et\/wp-json\/wp\/v2\/product_cat?post=16835"},{"taxonomy":"product_tag","embeddable":true,"href":"https:\/\/balticoverlanders.eu\/et\/wp-json\/wp\/v2\/product_tag?post=16835"}],"curies":[{"name":"wp","href":"https:\/\/api.w.org\/{rel}","templated":true}]}}