{"id":17020,"date":"2023-03-12T11:16:23","date_gmt":"2023-03-12T09:16:23","guid":{"rendered":"https:\/\/balticoverlanders.eu\/product\/space-m\/"},"modified":"2023-06-30T17:27:31","modified_gmt":"2023-06-30T14:27:31","slug":"james-baroud-space-m-auto-katus-telk","status":"publish","type":"product","link":"https:\/\/balticoverlanders.eu\/et\/toode\/james-baroud-space-m-auto-katus-telk\/","title":{"rendered":"James Baroud Space M"},"content":{"rendered":"<p class=\"preFade fadeIn disable-executed-animation\"><strong>SPACE M &#8211; Rohkem ruumi \u00fcleval, rohkem mugavust.<br \/>\n<\/strong><\/p>\n<ul>\n<li class=\"preFade fadeIn disable-executed-animation\">2 t\u00e4iskasvanule ja 1 lapsele<\/li>\n<li class=\"preFade fadeIn disable-executed-animation\">madratsi suurus 140 cm x 200 cm<\/li>\n<li class=\"preFade fadeIn disable-executed-animation\">avatud k\u00f5rgus 145 cm<\/li>\n<\/ul>\n<p>James Baroud Space katusealune telk on disainitud nii, et ka k\u00f5ige pikematele kasutajatele on t\u00e4nu 40 cm pikkusele jalale ja 145 cm pikkusele peale m\u00f5eldud eesmisele kompassile rohkem mugavust pakkuda. Uuenduslik katusprofiil suurendab ka \u00f5huringlust l\u00e4bi telgi ja pakub koos loomuliku tuulutusava soojemale \u00f5hule, kui see t\u00f5useb. Suured uksed ja aknad tagavad suurep\u00e4rase ristvoolu ventilatsiooni ja 180\u00ba vaate.<\/p>\n<p>See on saadaval suuruses S, mille m\u00f5\u00f5tmed on 130&#215;200 cm, suuruses M, mille m\u00f5\u00f5tmed on 140x200cm ja suuruses XL, mille m\u00f5\u00f5tmed on 160x224cm.<\/p>\n<p><img fetchpriority=\"high\" decoding=\"async\" class=\"alignnone size-medium wp-image-6062\" src=\"https:\/\/balticoverlanders.eu\/wp-content\/uploads\/2023\/03\/SpaceM_1-300x300.png\" alt=\"\" width=\"300\" height=\"300\" srcset=\"https:\/\/balticoverlanders.eu\/wp-content\/uploads\/2023\/03\/SpaceM_1-300x300.png 300w, https:\/\/balticoverlanders.eu\/wp-content\/uploads\/2023\/03\/SpaceM_1-150x150.png 150w, https:\/\/balticoverlanders.eu\/wp-content\/uploads\/2023\/03\/SpaceM_1.png 500w\" sizes=\"(max-width: 300px) 100vw, 300px\" \/> <img decoding=\"async\" class=\"alignnone size-medium wp-image-6061\" src=\"https:\/\/balticoverlanders.eu\/wp-content\/uploads\/2023\/03\/SpaceM_2-300x300.png\" alt=\"\" width=\"300\" height=\"300\" srcset=\"https:\/\/balticoverlanders.eu\/wp-content\/uploads\/2023\/03\/SpaceM_2-300x300.png 300w, https:\/\/balticoverlanders.eu\/wp-content\/uploads\/2023\/03\/SpaceM_2-150x150.png 150w, https:\/\/balticoverlanders.eu\/wp-content\/uploads\/2023\/03\/SpaceM_2.png 500w\" sizes=\"(max-width: 300px) 100vw, 300px\" \/> <img decoding=\"async\" class=\"alignnone size-medium wp-image-6060\" src=\"https:\/\/balticoverlanders.eu\/wp-content\/uploads\/2023\/03\/SpaceM_3-300x300.png\" alt=\"\" width=\"300\" height=\"300\" srcset=\"https:\/\/balticoverlanders.eu\/wp-content\/uploads\/2023\/03\/SpaceM_3-300x300.png 300w, https:\/\/balticoverlanders.eu\/wp-content\/uploads\/2023\/03\/SpaceM_3-150x150.png 150w, https:\/\/balticoverlanders.eu\/wp-content\/uploads\/2023\/03\/SpaceM_3.png 500w\" sizes=\"(max-width: 300px) 100vw, 300px\" \/> <img loading=\"lazy\" decoding=\"async\" class=\"alignnone size-medium wp-image-6059\" src=\"https:\/\/balticoverlanders.eu\/wp-content\/uploads\/2023\/03\/SpaceM_4-300x300.png\" alt=\"\" width=\"300\" height=\"300\" srcset=\"https:\/\/balticoverlanders.eu\/wp-content\/uploads\/2023\/03\/SpaceM_4-300x300.png 300w, https:\/\/balticoverlanders.eu\/wp-content\/uploads\/2023\/03\/SpaceM_4-150x150.png 150w, https:\/\/balticoverlanders.eu\/wp-content\/uploads\/2023\/03\/SpaceM_4.png 500w\" sizes=\"(max-width: 300px) 100vw, 300px\" \/><\/p>\n","protected":false},"excerpt":{"rendered":"<p>SPACE M &#8211; Rohkem ruumi \u00fcleval, rohkem mugavust.<\/p>\n<ul>\n<li class=\"preFade fadeIn disable-executed-animation\">2 t\u00e4iskasvanule ja 1 lapsele<\/li>\n<li class=\"preFade fadeIn disable-executed-animation\">madratsi suurus 140 cm x 200 cm<\/li>\n<li class=\"preFade fadeIn disable-executed-animation\">avatud k\u00f5rgus 145 cm<\/li>\n<\/ul>\n<p>INNOVATSIOON, MUGAVUS, TUGEVUS JA KIIRUS<\/p>\n<p>Need on peamised elemendid, mis on teinud James Baroudi katusetelgid \u00fclemaailmselt kuulsaks.<\/p>\n","protected":false},"featured_media":6069,"template":"","meta":[],"product_brand":[],"product_cat":[211,210],"product_tag":[],"class_list":{"0":"post-17020","1":"product","2":"type-product","3":"status-publish","4":"has-post-thumbnail","6":"product_cat-katusetelgid","7":"product_cat-james-baroud-et","9":"first","10":"instock","11":"taxable","12":"shipping-taxable","13":"purchasable","14":"product-type-variable"},"yoast_head":"<!-- This site is optimized with the Yoast SEO plugin v27.2 - https:\/\/yoast.com\/product\/yoast-seo-wordpress\/ -->\n<title>James Baroud Space M - BALTIC OVERLANDERS<\/title>\n<meta name=\"robots\" content=\"index, follow, max-snippet:-1, max-image-preview:large, max-video-preview:-1\" \/>\n<link rel=\"canonical\" href=\"https:\/\/balticoverlanders.eu\/et\/toode\/james-baroud-space-m-auto-katus-telk\/\" \/>\n<meta property=\"og:locale\" content=\"et_EE\" \/>\n<meta property=\"og:type\" content=\"article\" \/>\n<meta property=\"og:title\" content=\"James Baroud Space M - BALTIC OVERLANDERS\" \/>\n<meta property=\"og:description\" content=\"SPACE M - Rohkem ruumi \u00fcleval, rohkem mugavust.   2 t\u00e4iskasvanule ja 1 lapsele  madratsi suurus 140 cm x 200 cm  avatud k\u00f5rgus 145 cm  INNOVATSIOON, MUGAVUS, TUGEVUS JA KIIRUS  Need on peamised elemendid, mis on teinud James Baroudi katusetelgid \u00fclemaailmselt kuulsaks.\" \/>\n<meta property=\"og:url\" content=\"https:\/\/balticoverlanders.eu\/et\/toode\/james-baroud-space-m-auto-katus-telk\/\" \/>\n<meta property=\"og:site_name\" content=\"BALTIC OVERLANDERS\" \/>\n<meta property=\"article:modified_time\" content=\"2023-06-30T14:27:31+00:00\" \/>\n<meta property=\"og:image\" content=\"https:\/\/balticoverlanders.eu\/wp-content\/uploads\/2023\/03\/SpaceSTD-Black18.png\" \/>\n\t<meta property=\"og:image:width\" content=\"1000\" \/>\n\t<meta property=\"og:image:height\" content=\"667\" \/>\n\t<meta property=\"og:image:type\" content=\"image\/png\" \/>\n<meta name=\"twitter:card\" content=\"summary_large_image\" \/>\n<meta name=\"twitter:label1\" content=\"Est. reading time\" \/>\n\t<meta name=\"twitter:data1\" content=\"2 minutit\" \/>\n<script type=\"application\/ld+json\" class=\"yoast-schema-graph\">{\"@context\":\"https:\/\/schema.org\",\"@graph\":[{\"@type\":\"WebPage\",\"@id\":\"https:\/\/balticoverlanders.eu\/et\/toode\/james-baroud-space-m-auto-katus-telk\/\",\"url\":\"https:\/\/balticoverlanders.eu\/et\/toode\/james-baroud-space-m-auto-katus-telk\/\",\"name\":\"James Baroud Space M - BALTIC OVERLANDERS\",\"isPartOf\":{\"@id\":\"https:\/\/balticoverlanders.eu\/et\/#website\"},\"primaryImageOfPage\":{\"@id\":\"https:\/\/balticoverlanders.eu\/et\/toode\/james-baroud-space-m-auto-katus-telk\/#primaryimage\"},\"image\":{\"@id\":\"https:\/\/balticoverlanders.eu\/et\/toode\/james-baroud-space-m-auto-katus-telk\/#primaryimage\"},\"thumbnailUrl\":\"https:\/\/balticoverlanders.eu\/wp-content\/uploads\/2023\/03\/SpaceSTD-Black18.png\",\"datePublished\":\"2023-03-12T09:16:23+00:00\",\"dateModified\":\"2023-06-30T14:27:31+00:00\",\"breadcrumb\":{\"@id\":\"https:\/\/balticoverlanders.eu\/et\/toode\/james-baroud-space-m-auto-katus-telk\/#breadcrumb\"},\"inLanguage\":\"et\",\"potentialAction\":[{\"@type\":\"ReadAction\",\"target\":[\"https:\/\/balticoverlanders.eu\/et\/toode\/james-baroud-space-m-auto-katus-telk\/\"]}]},{\"@type\":\"ImageObject\",\"inLanguage\":\"et\",\"@id\":\"https:\/\/balticoverlanders.eu\/et\/toode\/james-baroud-space-m-auto-katus-telk\/#primaryimage\",\"url\":\"https:\/\/balticoverlanders.eu\/wp-content\/uploads\/2023\/03\/SpaceSTD-Black18.png\",\"contentUrl\":\"https:\/\/balticoverlanders.eu\/wp-content\/uploads\/2023\/03\/SpaceSTD-Black18.png\",\"width\":1000,\"height\":667},{\"@type\":\"BreadcrumbList\",\"@id\":\"https:\/\/balticoverlanders.eu\/et\/toode\/james-baroud-space-m-auto-katus-telk\/#breadcrumb\",\"itemListElement\":[{\"@type\":\"ListItem\",\"position\":1,\"name\":\"Home\",\"item\":\"https:\/\/balticoverlanders.eu\/et\/home\/\"},{\"@type\":\"ListItem\",\"position\":2,\"name\":\"Kauplus\",\"item\":\"https:\/\/balticoverlanders.eu\/et\/kauplus\/\"},{\"@type\":\"ListItem\",\"position\":3,\"name\":\"James Baroud Space M\"}]},{\"@type\":\"WebSite\",\"@id\":\"https:\/\/balticoverlanders.eu\/et\/#website\",\"url\":\"https:\/\/balticoverlanders.eu\/et\/\",\"name\":\"BALTIC OVERLANDERS\",\"description\":\"Your one-stop shop in Latvia, Estonia, and Lithuania for all your car camping, rooftop tent and accessory needs.\",\"publisher\":{\"@id\":\"https:\/\/balticoverlanders.eu\/et\/#organization\"},\"potentialAction\":[{\"@type\":\"SearchAction\",\"target\":{\"@type\":\"EntryPoint\",\"urlTemplate\":\"https:\/\/balticoverlanders.eu\/et\/?s={search_term_string}\"},\"query-input\":{\"@type\":\"PropertyValueSpecification\",\"valueRequired\":true,\"valueName\":\"search_term_string\"}}],\"inLanguage\":\"et\"},{\"@type\":\"Organization\",\"@id\":\"https:\/\/balticoverlanders.eu\/et\/#organization\",\"name\":\"BALTIC OVERLANDERS\",\"url\":\"https:\/\/balticoverlanders.eu\/et\/\",\"logo\":{\"@type\":\"ImageObject\",\"inLanguage\":\"et\",\"@id\":\"https:\/\/balticoverlanders.eu\/et\/#\/schema\/logo\/image\/\",\"url\":\"https:\/\/balticoverlanders.eu\/wp-content\/uploads\/2023\/04\/BALTIC-OVERLANDERS-LOGO.jpg\",\"contentUrl\":\"https:\/\/balticoverlanders.eu\/wp-content\/uploads\/2023\/04\/BALTIC-OVERLANDERS-LOGO.jpg\",\"width\":1497,\"height\":310,\"caption\":\"BALTIC OVERLANDERS\"},\"image\":{\"@id\":\"https:\/\/balticoverlanders.eu\/et\/#\/schema\/logo\/image\/\"},\"sameAs\":[\"https:\/\/www.instagram.com\/balticoverlanders\/\"]}]}<\/script>\n<!-- \/ Yoast SEO plugin. -->","yoast_head_json":{"title":"James Baroud Space M - BALTIC OVERLANDERS","robots":{"index":"index","follow":"follow","max-snippet":"max-snippet:-1","max-image-preview":"max-image-preview:large","max-video-preview":"max-video-preview:-1"},"canonical":"https:\/\/balticoverlanders.eu\/et\/toode\/james-baroud-space-m-auto-katus-telk\/","og_locale":"et_EE","og_type":"article","og_title":"James Baroud Space M - BALTIC OVERLANDERS","og_description":"SPACE M - Rohkem ruumi \u00fcleval, rohkem mugavust.   2 t\u00e4iskasvanule ja 1 lapsele  madratsi suurus 140 cm x 200 cm  avatud k\u00f5rgus 145 cm  INNOVATSIOON, MUGAVUS, TUGEVUS JA KIIRUS  Need on peamised elemendid, mis on teinud James Baroudi katusetelgid \u00fclemaailmselt kuulsaks.","og_url":"https:\/\/balticoverlanders.eu\/et\/toode\/james-baroud-space-m-auto-katus-telk\/","og_site_name":"BALTIC OVERLANDERS","article_modified_time":"2023-06-30T14:27:31+00:00","og_image":[{"width":1000,"height":667,"url":"https:\/\/balticoverlanders.eu\/wp-content\/uploads\/2023\/03\/SpaceSTD-Black18.png","type":"image\/png"}],"twitter_card":"summary_large_image","twitter_misc":{"Est. reading time":"2 minutit"},"schema":{"@context":"https:\/\/schema.org","@graph":[{"@type":"WebPage","@id":"https:\/\/balticoverlanders.eu\/et\/toode\/james-baroud-space-m-auto-katus-telk\/","url":"https:\/\/balticoverlanders.eu\/et\/toode\/james-baroud-space-m-auto-katus-telk\/","name":"James Baroud Space M - BALTIC OVERLANDERS","isPartOf":{"@id":"https:\/\/balticoverlanders.eu\/et\/#website"},"primaryImageOfPage":{"@id":"https:\/\/balticoverlanders.eu\/et\/toode\/james-baroud-space-m-auto-katus-telk\/#primaryimage"},"image":{"@id":"https:\/\/balticoverlanders.eu\/et\/toode\/james-baroud-space-m-auto-katus-telk\/#primaryimage"},"thumbnailUrl":"https:\/\/balticoverlanders.eu\/wp-content\/uploads\/2023\/03\/SpaceSTD-Black18.png","datePublished":"2023-03-12T09:16:23+00:00","dateModified":"2023-06-30T14:27:31+00:00","breadcrumb":{"@id":"https:\/\/balticoverlanders.eu\/et\/toode\/james-baroud-space-m-auto-katus-telk\/#breadcrumb"},"inLanguage":"et","potentialAction":[{"@type":"ReadAction","target":["https:\/\/balticoverlanders.eu\/et\/toode\/james-baroud-space-m-auto-katus-telk\/"]}]},{"@type":"ImageObject","inLanguage":"et","@id":"https:\/\/balticoverlanders.eu\/et\/toode\/james-baroud-space-m-auto-katus-telk\/#primaryimage","url":"https:\/\/balticoverlanders.eu\/wp-content\/uploads\/2023\/03\/SpaceSTD-Black18.png","contentUrl":"https:\/\/balticoverlanders.eu\/wp-content\/uploads\/2023\/03\/SpaceSTD-Black18.png","width":1000,"height":667},{"@type":"BreadcrumbList","@id":"https:\/\/balticoverlanders.eu\/et\/toode\/james-baroud-space-m-auto-katus-telk\/#breadcrumb","itemListElement":[{"@type":"ListItem","position":1,"name":"Home","item":"https:\/\/balticoverlanders.eu\/et\/home\/"},{"@type":"ListItem","position":2,"name":"Kauplus","item":"https:\/\/balticoverlanders.eu\/et\/kauplus\/"},{"@type":"ListItem","position":3,"name":"James Baroud Space M"}]},{"@type":"WebSite","@id":"https:\/\/balticoverlanders.eu\/et\/#website","url":"https:\/\/balticoverlanders.eu\/et\/","name":"BALTIC OVERLANDERS","description":"Your one-stop shop in Latvia, Estonia, and Lithuania for all your car camping, rooftop tent and accessory needs.","publisher":{"@id":"https:\/\/balticoverlanders.eu\/et\/#organization"},"potentialAction":[{"@type":"SearchAction","target":{"@type":"EntryPoint","urlTemplate":"https:\/\/balticoverlanders.eu\/et\/?s={search_term_string}"},"query-input":{"@type":"PropertyValueSpecification","valueRequired":true,"valueName":"search_term_string"}}],"inLanguage":"et"},{"@type":"Organization","@id":"https:\/\/balticoverlanders.eu\/et\/#organization","name":"BALTIC OVERLANDERS","url":"https:\/\/balticoverlanders.eu\/et\/","logo":{"@type":"ImageObject","inLanguage":"et","@id":"https:\/\/balticoverlanders.eu\/et\/#\/schema\/logo\/image\/","url":"https:\/\/balticoverlanders.eu\/wp-content\/uploads\/2023\/04\/BALTIC-OVERLANDERS-LOGO.jpg","contentUrl":"https:\/\/balticoverlanders.eu\/wp-content\/uploads\/2023\/04\/BALTIC-OVERLANDERS-LOGO.jpg","width":1497,"height":310,"caption":"BALTIC OVERLANDERS"},"image":{"@id":"https:\/\/balticoverlanders.eu\/et\/#\/schema\/logo\/image\/"},"sameAs":["https:\/\/www.instagram.com\/balticoverlanders\/"]}]}},"_links":{"self":[{"href":"https:\/\/balticoverlanders.eu\/et\/wp-json\/wp\/v2\/product\/17020","targetHints":{"allow":["GET"]}}],"collection":[{"href":"https:\/\/balticoverlanders.eu\/et\/wp-json\/wp\/v2\/product"}],"about":[{"href":"https:\/\/balticoverlanders.eu\/et\/wp-json\/wp\/v2\/types\/product"}],"wp:featuredmedia":[{"embeddable":true,"href":"https:\/\/balticoverlanders.eu\/et\/wp-json\/wp\/v2\/media\/6069"}],"wp:attachment":[{"href":"https:\/\/balticoverlanders.eu\/et\/wp-json\/wp\/v2\/media?parent=17020"}],"wp:term":[{"taxonomy":"product_brand","embeddable":true,"href":"https:\/\/balticoverlanders.eu\/et\/wp-json\/wp\/v2\/product_brand?post=17020"},{"taxonomy":"product_cat","embeddable":true,"href":"https:\/\/balticoverlanders.eu\/et\/wp-json\/wp\/v2\/product_cat?post=17020"},{"taxonomy":"product_tag","embeddable":true,"href":"https:\/\/balticoverlanders.eu\/et\/wp-json\/wp\/v2\/product_tag?post=17020"}],"curies":[{"name":"wp","href":"https:\/\/api.w.org\/{rel}","templated":true}]}}