{"id":39198,"date":"2024-04-05T15:27:43","date_gmt":"2024-04-05T12:27:43","guid":{"rendered":"https:\/\/balticoverlanders.eu\/product\/wild-land-bush-cruiser-120\/"},"modified":"2024-05-06T22:40:30","modified_gmt":"2024-05-06T19:40:30","slug":"wild-land-bush-cruiser-120","status":"publish","type":"product","link":"https:\/\/balticoverlanders.eu\/et\/toode\/wild-land-bush-cruiser-120\/","title":{"rendered":"Wild Land Bush Cruiser 120"},"content":{"rendered":"<p><strong>Tutvustame Bush Cruiser&#8217;i: Katusetelk: Ultimate Hard Shell Roof Tent: The Ultimate Hard Shell Roof Tent<\/strong><\/p>\n<p><strong>\u00dclevaade:<\/strong><\/p>\n<ul>\n<li>Bush Cruiser, Wild Landi uusim mudel, m\u00e4\u00e4ratleb oma uuendusliku disaini ja esmaklassiliste funktsioonidega telkimise mugavuse uuesti.<\/li>\n<li>See on m\u00f5eldud liikuvatele seiklejatele ja pakub v\u00f5rratult lihtsat seadistamist ja kokkupanekut, mist\u00f5ttu on see ideaalne nii autoreisidele kui ka vaba\u00f5huhuvilistele.<\/li>\n<\/ul>\n<p><strong>Peamised omadused:<\/strong><\/p>\n<ul>\n<li>Patenteeritud madala profiiliga disain koos unikaalse alumiiniumist lamelliraami alusega v\u00e4hendab kaalu, mahtu ja kondensatsiooni.<\/li>\n<li>Karmimisvastane alumiiniumist k\u00f5vakattega katus koos integreeritud lastiriiulidega kajakkide, surfilaudade, lisavarustuse ja isegi p\u00e4ikesepaneelide transportimiseks.<\/li>\n<li>Gaasipaneeliga avamine, sisemiselt paigaldatud kaitseks ilmastiku eest.<\/li>\n<li>Kiire 60-sekundiline \u00fcles- ja mahapanek ilma t\u00fclikate aknapostideta.<\/li>\n<li>Avar tagumine uks ja \u00fclisuured k\u00fclgmised aknad lihtsa juurdep\u00e4\u00e4su ja panoraamvaate tagamiseks.<\/li>\n<li>LED-riba valgustuse tagamiseks \u00f6\u00f6sel.<\/li>\n<li>Katuseraami risttugede k\u00fclge h\u00f5lpsasti kinnitatav, et tagada stabiilsus ja turvalisus.<\/li>\n<li>Veekindel telk, telgikorpus ja p\u00f5rand tagavad kuiva ja mugava telkimise iga ilmaga.<\/li>\n<li>Alumiiniumist ekstrusioonist k\u00fcljed pakuvad kinnituskohti lisavarustuse jaoks.<\/li>\n<\/ul>\n<p><strong>Saadaolevad mudelid:<\/strong><\/p>\n<ul>\n<li>Bush Cruiser on saadaval kahes laiuses: 120 cm ja 140 cm, mis v\u00f5imaldab valida erinevate s\u00f5idukite seadistuste ja telkimise eelistuste vahel.<\/li>\n<\/ul>\n<p><strong>Kaasasolevad tarvikud:<\/strong><\/p>\n<ul>\n<li>Iga Bush Cruiser on varustatud praktiliste \u00fclaosas asuvate lastiriiulite, kingakottide ja LED-lambiga, mis tagab, et olete oma v\u00e4liseiklusteks t\u00e4ielikult varustatud.<\/li>\n<\/ul>\n","protected":false},"excerpt":{"rendered":"<p>\u00dclemine k\u00f5va kest, k\u00f5ik alumiiniumist mesilasi must, suletud k\u00f5rge ainult 15 cm ja 18 cm alumiiniumprofiiliga allpool, T-rida pikemal k\u00fcljel lisatarvikute kinnitamiseks, 2 eemaldatavat riba lisavarustuse jms kinnitamiseks, metallist rihmad telgi sulgemiseks Komplektis: teleskoopredel kuni 230 cm pikkune, asjad, kingataskud, LED-valgus sees koos valgustugevuse reguleerimise ja sisse-v\u00e4lja l\u00fclitamisega, 2 tk eemaldatavat riba, paigalduskomplekt koos juhistega.<\/p>\n","protected":false},"featured_media":50882,"template":"","meta":[],"product_brand":[],"product_cat":[211,487],"product_tag":[],"class_list":{"0":"post-39198","1":"product","2":"type-product","3":"status-publish","4":"has-post-thumbnail","6":"product_cat-katusetelgid","7":"product_cat-metsik-maa","9":"first","10":"onbackorder","11":"taxable","12":"shipping-taxable","13":"purchasable","14":"product-type-simple"},"yoast_head":"<!-- This site is optimized with the Yoast SEO plugin v27.3 - https:\/\/yoast.com\/product\/yoast-seo-wordpress\/ -->\n<title>Wild Land Bush Cruiser 120 - BALTIC OVERLANDERS<\/title>\n<meta name=\"description\" content=\"Tutvu meie vastupidava alumiiniumist telgiga Wild Land Bush Cruiser, mille telkimise lisatarvikud pakuvad mugavust. Lihtne kokkupanek, kompaktne, multifunktsionaalne.\" \/>\n<meta name=\"robots\" content=\"index, follow, max-snippet:-1, max-image-preview:large, max-video-preview:-1\" \/>\n<link rel=\"canonical\" href=\"https:\/\/balticoverlanders.eu\/et\/toode\/wild-land-bush-cruiser-120\/\" \/>\n<meta property=\"og:locale\" content=\"et_EE\" \/>\n<meta property=\"og:type\" content=\"article\" \/>\n<meta property=\"og:title\" content=\"Wild Land Bush Cruiser 120 - BALTIC OVERLANDERS\" \/>\n<meta property=\"og:description\" content=\"Tutvu meie vastupidava alumiiniumist telgiga Wild Land Bush Cruiser, mille telkimise lisatarvikud pakuvad mugavust. Lihtne kokkupanek, kompaktne, multifunktsionaalne.\" \/>\n<meta property=\"og:url\" content=\"https:\/\/balticoverlanders.eu\/et\/toode\/wild-land-bush-cruiser-120\/\" \/>\n<meta property=\"og:site_name\" content=\"BALTIC OVERLANDERS\" \/>\n<meta property=\"article:modified_time\" content=\"2024-05-06T19:40:30+00:00\" \/>\n<meta property=\"og:image\" content=\"https:\/\/balticoverlanders.eu\/wp-content\/uploads\/2024\/04\/WhatsApp-Image-2024-04-03-at-8.48.25-AM.jpeg\" \/>\n\t<meta property=\"og:image:width\" content=\"1600\" \/>\n\t<meta property=\"og:image:height\" content=\"1200\" \/>\n\t<meta property=\"og:image:type\" content=\"image\/jpeg\" \/>\n<meta name=\"twitter:card\" content=\"summary_large_image\" \/>\n<meta name=\"twitter:label1\" content=\"Est. reading time\" \/>\n\t<meta name=\"twitter:data1\" content=\"1 minut\" \/>\n<script type=\"application\/ld+json\" class=\"yoast-schema-graph\">{\"@context\":\"https:\\\/\\\/schema.org\",\"@graph\":[{\"@type\":\"WebPage\",\"@id\":\"https:\\\/\\\/balticoverlanders.eu\\\/et\\\/toode\\\/wild-land-bush-cruiser-120\\\/\",\"url\":\"https:\\\/\\\/balticoverlanders.eu\\\/et\\\/toode\\\/wild-land-bush-cruiser-120\\\/\",\"name\":\"Wild Land Bush Cruiser 120 - BALTIC OVERLANDERS\",\"isPartOf\":{\"@id\":\"https:\\\/\\\/balticoverlanders.eu\\\/et\\\/#website\"},\"primaryImageOfPage\":{\"@id\":\"https:\\\/\\\/balticoverlanders.eu\\\/et\\\/toode\\\/wild-land-bush-cruiser-120\\\/#primaryimage\"},\"image\":{\"@id\":\"https:\\\/\\\/balticoverlanders.eu\\\/et\\\/toode\\\/wild-land-bush-cruiser-120\\\/#primaryimage\"},\"thumbnailUrl\":\"https:\\\/\\\/balticoverlanders.eu\\\/wp-content\\\/uploads\\\/2024\\\/04\\\/Wild-Land-Bush-Cruiser-II-roof-top-tent_006.jpg\",\"datePublished\":\"2024-04-05T12:27:43+00:00\",\"dateModified\":\"2024-05-06T19:40:30+00:00\",\"description\":\"Tutvu meie vastupidava alumiiniumist telgiga Wild Land Bush Cruiser, mille telkimise lisatarvikud pakuvad mugavust. Lihtne kokkupanek, kompaktne, multifunktsionaalne.\",\"breadcrumb\":{\"@id\":\"https:\\\/\\\/balticoverlanders.eu\\\/et\\\/toode\\\/wild-land-bush-cruiser-120\\\/#breadcrumb\"},\"inLanguage\":\"et\",\"potentialAction\":[{\"@type\":\"ReadAction\",\"target\":[\"https:\\\/\\\/balticoverlanders.eu\\\/et\\\/toode\\\/wild-land-bush-cruiser-120\\\/\"]}]},{\"@type\":\"ImageObject\",\"inLanguage\":\"et\",\"@id\":\"https:\\\/\\\/balticoverlanders.eu\\\/et\\\/toode\\\/wild-land-bush-cruiser-120\\\/#primaryimage\",\"url\":\"https:\\\/\\\/balticoverlanders.eu\\\/wp-content\\\/uploads\\\/2024\\\/04\\\/Wild-Land-Bush-Cruiser-II-roof-top-tent_006.jpg\",\"contentUrl\":\"https:\\\/\\\/balticoverlanders.eu\\\/wp-content\\\/uploads\\\/2024\\\/04\\\/Wild-Land-Bush-Cruiser-II-roof-top-tent_006.jpg\",\"width\":1920,\"height\":1080},{\"@type\":\"BreadcrumbList\",\"@id\":\"https:\\\/\\\/balticoverlanders.eu\\\/et\\\/toode\\\/wild-land-bush-cruiser-120\\\/#breadcrumb\",\"itemListElement\":[{\"@type\":\"ListItem\",\"position\":1,\"name\":\"Home\",\"item\":\"https:\\\/\\\/balticoverlanders.eu\\\/et\\\/home\\\/\"},{\"@type\":\"ListItem\",\"position\":2,\"name\":\"Kauplus\",\"item\":\"https:\\\/\\\/balticoverlanders.eu\\\/et\\\/kauplus\\\/\"},{\"@type\":\"ListItem\",\"position\":3,\"name\":\"Wild Land Bush Cruiser 120\"}]},{\"@type\":\"WebSite\",\"@id\":\"https:\\\/\\\/balticoverlanders.eu\\\/et\\\/#website\",\"url\":\"https:\\\/\\\/balticoverlanders.eu\\\/et\\\/\",\"name\":\"BALTIC OVERLANDERS\",\"description\":\"Your one-stop shop in Latvia, Estonia, and Lithuania for all your car camping, rooftop tent and accessory needs.\",\"publisher\":{\"@id\":\"https:\\\/\\\/balticoverlanders.eu\\\/et\\\/#organization\"},\"potentialAction\":[{\"@type\":\"SearchAction\",\"target\":{\"@type\":\"EntryPoint\",\"urlTemplate\":\"https:\\\/\\\/balticoverlanders.eu\\\/et\\\/?s={search_term_string}\"},\"query-input\":{\"@type\":\"PropertyValueSpecification\",\"valueRequired\":true,\"valueName\":\"search_term_string\"}}],\"inLanguage\":\"et\"},{\"@type\":\"Organization\",\"@id\":\"https:\\\/\\\/balticoverlanders.eu\\\/et\\\/#organization\",\"name\":\"BALTIC OVERLANDERS\",\"url\":\"https:\\\/\\\/balticoverlanders.eu\\\/et\\\/\",\"logo\":{\"@type\":\"ImageObject\",\"inLanguage\":\"et\",\"@id\":\"https:\\\/\\\/balticoverlanders.eu\\\/et\\\/#\\\/schema\\\/logo\\\/image\\\/\",\"url\":\"https:\\\/\\\/balticoverlanders.eu\\\/wp-content\\\/uploads\\\/2023\\\/04\\\/BALTIC-OVERLANDERS-LOGO.jpg\",\"contentUrl\":\"https:\\\/\\\/balticoverlanders.eu\\\/wp-content\\\/uploads\\\/2023\\\/04\\\/BALTIC-OVERLANDERS-LOGO.jpg\",\"width\":1497,\"height\":310,\"caption\":\"BALTIC OVERLANDERS\"},\"image\":{\"@id\":\"https:\\\/\\\/balticoverlanders.eu\\\/et\\\/#\\\/schema\\\/logo\\\/image\\\/\"},\"sameAs\":[\"https:\\\/\\\/www.instagram.com\\\/balticoverlanders\\\/\"]}]}<\/script>\n<!-- \/ Yoast SEO plugin. -->","yoast_head_json":{"title":"Wild Land Bush Cruiser 120 - BALTIC OVERLANDERS","description":"Tutvu meie vastupidava alumiiniumist telgiga Wild Land Bush Cruiser, mille telkimise lisatarvikud pakuvad mugavust. Lihtne kokkupanek, kompaktne, multifunktsionaalne.","robots":{"index":"index","follow":"follow","max-snippet":"max-snippet:-1","max-image-preview":"max-image-preview:large","max-video-preview":"max-video-preview:-1"},"canonical":"https:\/\/balticoverlanders.eu\/et\/toode\/wild-land-bush-cruiser-120\/","og_locale":"et_EE","og_type":"article","og_title":"Wild Land Bush Cruiser 120 - BALTIC OVERLANDERS","og_description":"Tutvu meie vastupidava alumiiniumist telgiga Wild Land Bush Cruiser, mille telkimise lisatarvikud pakuvad mugavust. Lihtne kokkupanek, kompaktne, multifunktsionaalne.","og_url":"https:\/\/balticoverlanders.eu\/et\/toode\/wild-land-bush-cruiser-120\/","og_site_name":"BALTIC OVERLANDERS","article_modified_time":"2024-05-06T19:40:30+00:00","og_image":[{"width":1600,"height":1200,"url":"https:\/\/balticoverlanders.eu\/wp-content\/uploads\/2024\/04\/WhatsApp-Image-2024-04-03-at-8.48.25-AM.jpeg","type":"image\/jpeg"}],"twitter_card":"summary_large_image","twitter_misc":{"Est. reading time":"1 minut"},"schema":{"@context":"https:\/\/schema.org","@graph":[{"@type":"WebPage","@id":"https:\/\/balticoverlanders.eu\/et\/toode\/wild-land-bush-cruiser-120\/","url":"https:\/\/balticoverlanders.eu\/et\/toode\/wild-land-bush-cruiser-120\/","name":"Wild Land Bush Cruiser 120 - BALTIC OVERLANDERS","isPartOf":{"@id":"https:\/\/balticoverlanders.eu\/et\/#website"},"primaryImageOfPage":{"@id":"https:\/\/balticoverlanders.eu\/et\/toode\/wild-land-bush-cruiser-120\/#primaryimage"},"image":{"@id":"https:\/\/balticoverlanders.eu\/et\/toode\/wild-land-bush-cruiser-120\/#primaryimage"},"thumbnailUrl":"https:\/\/balticoverlanders.eu\/wp-content\/uploads\/2024\/04\/Wild-Land-Bush-Cruiser-II-roof-top-tent_006.jpg","datePublished":"2024-04-05T12:27:43+00:00","dateModified":"2024-05-06T19:40:30+00:00","description":"Tutvu meie vastupidava alumiiniumist telgiga Wild Land Bush Cruiser, mille telkimise lisatarvikud pakuvad mugavust. Lihtne kokkupanek, kompaktne, multifunktsionaalne.","breadcrumb":{"@id":"https:\/\/balticoverlanders.eu\/et\/toode\/wild-land-bush-cruiser-120\/#breadcrumb"},"inLanguage":"et","potentialAction":[{"@type":"ReadAction","target":["https:\/\/balticoverlanders.eu\/et\/toode\/wild-land-bush-cruiser-120\/"]}]},{"@type":"ImageObject","inLanguage":"et","@id":"https:\/\/balticoverlanders.eu\/et\/toode\/wild-land-bush-cruiser-120\/#primaryimage","url":"https:\/\/balticoverlanders.eu\/wp-content\/uploads\/2024\/04\/Wild-Land-Bush-Cruiser-II-roof-top-tent_006.jpg","contentUrl":"https:\/\/balticoverlanders.eu\/wp-content\/uploads\/2024\/04\/Wild-Land-Bush-Cruiser-II-roof-top-tent_006.jpg","width":1920,"height":1080},{"@type":"BreadcrumbList","@id":"https:\/\/balticoverlanders.eu\/et\/toode\/wild-land-bush-cruiser-120\/#breadcrumb","itemListElement":[{"@type":"ListItem","position":1,"name":"Home","item":"https:\/\/balticoverlanders.eu\/et\/home\/"},{"@type":"ListItem","position":2,"name":"Kauplus","item":"https:\/\/balticoverlanders.eu\/et\/kauplus\/"},{"@type":"ListItem","position":3,"name":"Wild Land Bush Cruiser 120"}]},{"@type":"WebSite","@id":"https:\/\/balticoverlanders.eu\/et\/#website","url":"https:\/\/balticoverlanders.eu\/et\/","name":"BALTIC OVERLANDERS","description":"Your one-stop shop in Latvia, Estonia, and Lithuania for all your car camping, rooftop tent and accessory needs.","publisher":{"@id":"https:\/\/balticoverlanders.eu\/et\/#organization"},"potentialAction":[{"@type":"SearchAction","target":{"@type":"EntryPoint","urlTemplate":"https:\/\/balticoverlanders.eu\/et\/?s={search_term_string}"},"query-input":{"@type":"PropertyValueSpecification","valueRequired":true,"valueName":"search_term_string"}}],"inLanguage":"et"},{"@type":"Organization","@id":"https:\/\/balticoverlanders.eu\/et\/#organization","name":"BALTIC OVERLANDERS","url":"https:\/\/balticoverlanders.eu\/et\/","logo":{"@type":"ImageObject","inLanguage":"et","@id":"https:\/\/balticoverlanders.eu\/et\/#\/schema\/logo\/image\/","url":"https:\/\/balticoverlanders.eu\/wp-content\/uploads\/2023\/04\/BALTIC-OVERLANDERS-LOGO.jpg","contentUrl":"https:\/\/balticoverlanders.eu\/wp-content\/uploads\/2023\/04\/BALTIC-OVERLANDERS-LOGO.jpg","width":1497,"height":310,"caption":"BALTIC OVERLANDERS"},"image":{"@id":"https:\/\/balticoverlanders.eu\/et\/#\/schema\/logo\/image\/"},"sameAs":["https:\/\/www.instagram.com\/balticoverlanders\/"]}]}},"_links":{"self":[{"href":"https:\/\/balticoverlanders.eu\/et\/wp-json\/wp\/v2\/product\/39198","targetHints":{"allow":["GET"]}}],"collection":[{"href":"https:\/\/balticoverlanders.eu\/et\/wp-json\/wp\/v2\/product"}],"about":[{"href":"https:\/\/balticoverlanders.eu\/et\/wp-json\/wp\/v2\/types\/product"}],"wp:featuredmedia":[{"embeddable":true,"href":"https:\/\/balticoverlanders.eu\/et\/wp-json\/wp\/v2\/media\/50882"}],"wp:attachment":[{"href":"https:\/\/balticoverlanders.eu\/et\/wp-json\/wp\/v2\/media?parent=39198"}],"wp:term":[{"taxonomy":"product_brand","embeddable":true,"href":"https:\/\/balticoverlanders.eu\/et\/wp-json\/wp\/v2\/product_brand?post=39198"},{"taxonomy":"product_cat","embeddable":true,"href":"https:\/\/balticoverlanders.eu\/et\/wp-json\/wp\/v2\/product_cat?post=39198"},{"taxonomy":"product_tag","embeddable":true,"href":"https:\/\/balticoverlanders.eu\/et\/wp-json\/wp\/v2\/product_tag?post=39198"}],"curies":[{"name":"wp","href":"https:\/\/api.w.org\/{rel}","templated":true}]}}