{"id":39208,"date":"2024-03-17T13:50:19","date_gmt":"2024-03-17T11:50:19","guid":{"rendered":"https:\/\/balticoverlanders.eu\/product\/wild-land-desert-cruiser-120\/"},"modified":"2024-05-06T22:40:33","modified_gmt":"2024-05-06T19:40:33","slug":"wild-land-desert-cruiser-120","status":"publish","type":"product","link":"https:\/\/balticoverlanders.eu\/et\/toode\/wild-land-desert-cruiser-120\/","title":{"rendered":"Wild Land Desert Cruiser 120"},"content":{"rendered":"<p><em>Avastage vastupidavuse, disaini ja mugavuse tipptase meie revolutsioonilise katuse telgiga. Meie telk on loodud seiklejatele, kes n\u00f5uavad parimat, ja see defineerib uuesti majutuse \u00f5ues.<\/em><\/p>\n<p><strong>V\u00f5rratu funktsioonid:<\/strong><\/p>\n<ul>\n<li><strong>Erakordselt \u00f5huke disain:<\/strong> Meie katusetelk on vaid 18 cm paksune, sealhulgas selle all olevad tugevad alumiiniumprofiilid, mis tagab v\u00f5rratu kompaktsuse, ilma et see tooks kaasa mugavuse v\u00e4henemise.<\/li>\n<li><strong>Mitmek\u00fclgsed ladustamislahendused:<\/strong> Meie telk on varustatud alumiiniumist korpuse ja r\u00f6\u00f6bastega, mis maksimeerib ruumikasutust, v\u00f5imaldades mugavat pagasi, jalgrataste, kajakkide v\u00f5i isegi p\u00e4ikesepaneelide hoiustamist katusel.<\/li>\n<li><strong>Lihtne seadistamine:<\/strong> Meie telk avaneb h\u00fcdraulilise avamiss\u00fcsteemi abil alla minutiga, mis tagab muretu kokkupaneku isegi k\u00f5ige raskemates tingimustes.<\/li>\n<li><strong>Luksuslik interj\u00f6\u00f6r:<\/strong> Sisseehitatud LED-valgustus ja avarad aknad loovad \u00f5hulise \u00f5hkkonna, mis sobib ideaalselt l\u00f5\u00f5gastumiseks p\u00e4rast seikluslikku p\u00e4eva.<\/li>\n<li><strong>Ilmastikukindel disain:<\/strong> J\u00e4\u00e4ge vihmahoogude ajal kuivaks ja hubaseks t\u00e4nu tihendatud \u00f5mblustele ja strateegiliselt paigutatud t\u00f5mblukkudele, mis takistavad vee sissetungi. Meie uuenduslik fliisileht juhib vee \u00e4ra nagu katusekraav, tagades alati kuiva siseruumi.<\/li>\n<li><strong>Optimeeritud ventilatsioon:<\/strong> H\u00fcvasti kondensatsiooniprobleemidega t\u00e4nu spetsiaalsele ventilatsiooniavale, mis s\u00e4ilitab \u00f5huvoolu olenemata v\u00e4listest tingimustest, tagades mugava \u00f5hkkonna telgis.<\/li>\n<li><strong>Lihtne hooldus:<\/strong> K\u00f5ik meie telgi komponendid on t\u00e4ielikult eemaldatavad, mis v\u00f5imaldab h\u00f5lpsat puhastamist ja hooldust. Lisaks saate nautida meelerahu t\u00e4nu meie ulatuslikule garantiij\u00e4rgsele teenindusele, mis tagab p\u00fcsiva rahulolu.<\/li>\n<\/ul>\n<p><strong>Kohandage oma kogemust:<\/strong><\/p>\n<ul>\n<li><strong>T\u00e4iendavad tarvikud:<\/strong> T\u00e4iustage oma telkimisvarustust meie tarvikute valikuga, sealhulgas spetsiaalse isolatsiooni, mitmek\u00fclgsete vestib\u00fc\u00fclkatuste, markiiside ja lisaseadmetega, mis on m\u00f5eldud teie seikluste t\u00e4iendamiseks.<\/li>\n<\/ul>\n<p>Suurendage oma \u00f5uekogemust meie esmaklassilise katuse telgiga &#8211; kus vastupidavus, disain ja mugavus \u00fchinevad, et luua unustamatuid m\u00e4lestusi vaba taeva all.<\/p>\n","protected":false},"excerpt":{"rendered":"<p>\u00dclemine k\u00f5va kate, k\u00f5ik alumiiniumist mesilasi must, suletud k\u00f5rge vaid 15 cm ja 18 cm alumiiniumprofiiliga allpool, T-rida pikemal k\u00fcljel lisatarvikute kinnitamiseks, 2 eemaldatavat riba lisavarustuse jms kinnitamiseks, metalllukud telgi sulgemiseks.<\/p>\n<p>Komplektis: teleskoopredel kuni 230 cm pikkune, asjad, kingataskud, LED-valgustus sees koos valgustugevuse reguleerimise ja sisse\/v\u00e4lja l\u00fclitamisega, 2 tk eemaldatavat latti, paigalduskomplekt koos juhendiga.<\/p>\n","protected":false},"featured_media":33836,"template":"","meta":[],"product_brand":[],"product_cat":[211,487],"product_tag":[],"class_list":{"0":"post-39208","1":"product","2":"type-product","3":"status-publish","4":"has-post-thumbnail","6":"product_cat-katusetelgid","7":"product_cat-metsik-maa","9":"first","10":"onbackorder","11":"taxable","12":"shipping-taxable","13":"purchasable","14":"product-type-simple"},"yoast_head":"<!-- This site is optimized with the Yoast SEO plugin v27.3 - https:\/\/yoast.com\/product\/yoast-seo-wordpress\/ -->\n<title>Wild Land Desert Cruiser 120 - BALTIC OVERLANDERS<\/title>\n<meta name=\"description\" content=\"Premium mustast alumiiniumist k\u00f5vakattega katusetelk koos teleskoopredeliga, LED-valgusega, eemaldatavate trellide ja kinnituskomplektiga maastikulise seikluse jaoks.\" \/>\n<meta name=\"robots\" content=\"index, follow, max-snippet:-1, max-image-preview:large, max-video-preview:-1\" \/>\n<link rel=\"canonical\" href=\"https:\/\/balticoverlanders.eu\/et\/toode\/wild-land-desert-cruiser-120\/\" \/>\n<meta property=\"og:locale\" content=\"et_EE\" \/>\n<meta property=\"og:type\" content=\"article\" \/>\n<meta property=\"og:title\" content=\"Wild Land Desert Cruiser 120 - BALTIC OVERLANDERS\" \/>\n<meta property=\"og:description\" content=\"Premium mustast alumiiniumist k\u00f5vakattega katusetelk koos teleskoopredeliga, LED-valgusega, eemaldatavate trellide ja kinnituskomplektiga maastikulise seikluse jaoks.\" \/>\n<meta property=\"og:url\" content=\"https:\/\/balticoverlanders.eu\/et\/toode\/wild-land-desert-cruiser-120\/\" \/>\n<meta property=\"og:site_name\" content=\"BALTIC OVERLANDERS\" \/>\n<meta property=\"article:modified_time\" content=\"2024-05-06T19:40:33+00:00\" \/>\n<meta property=\"og:image\" content=\"https:\/\/balticoverlanders.eu\/wp-content\/uploads\/2024\/03\/Dolomity-namiot-dachowy-Desert-Cruiser-II-120-rozlozony-na-Volvo-V90-zdjecie-z-tylu-auta-zblizenie-na-bryle-i-jakosc-wykonania.jpg\" \/>\n\t<meta property=\"og:image:width\" content=\"1500\" \/>\n\t<meta property=\"og:image:height\" content=\"1000\" \/>\n\t<meta property=\"og:image:type\" content=\"image\/jpeg\" \/>\n<meta name=\"twitter:card\" content=\"summary_large_image\" \/>\n<meta name=\"twitter:label1\" content=\"Est. reading time\" \/>\n\t<meta name=\"twitter:data1\" content=\"1 minut\" \/>\n<script type=\"application\/ld+json\" class=\"yoast-schema-graph\">{\"@context\":\"https:\\\/\\\/schema.org\",\"@graph\":[{\"@type\":\"WebPage\",\"@id\":\"https:\\\/\\\/balticoverlanders.eu\\\/et\\\/toode\\\/wild-land-desert-cruiser-120\\\/\",\"url\":\"https:\\\/\\\/balticoverlanders.eu\\\/et\\\/toode\\\/wild-land-desert-cruiser-120\\\/\",\"name\":\"Wild Land Desert Cruiser 120 - BALTIC OVERLANDERS\",\"isPartOf\":{\"@id\":\"https:\\\/\\\/balticoverlanders.eu\\\/et\\\/#website\"},\"primaryImageOfPage\":{\"@id\":\"https:\\\/\\\/balticoverlanders.eu\\\/et\\\/toode\\\/wild-land-desert-cruiser-120\\\/#primaryimage\"},\"image\":{\"@id\":\"https:\\\/\\\/balticoverlanders.eu\\\/et\\\/toode\\\/wild-land-desert-cruiser-120\\\/#primaryimage\"},\"thumbnailUrl\":\"https:\\\/\\\/balticoverlanders.eu\\\/wp-content\\\/uploads\\\/2024\\\/03\\\/Dolomity-namiot-dachowy-Desert-Cruiser-II-120-rozlozony-na-Volvo-V90-zdjecie-z-tylu-auta-zblizenie-na-bryle-i-jakosc-wykonania.jpg\",\"datePublished\":\"2024-03-17T11:50:19+00:00\",\"dateModified\":\"2024-05-06T19:40:33+00:00\",\"description\":\"Premium mustast alumiiniumist k\u00f5vakattega katusetelk koos teleskoopredeliga, LED-valgusega, eemaldatavate trellide ja kinnituskomplektiga maastikulise seikluse jaoks.\",\"breadcrumb\":{\"@id\":\"https:\\\/\\\/balticoverlanders.eu\\\/et\\\/toode\\\/wild-land-desert-cruiser-120\\\/#breadcrumb\"},\"inLanguage\":\"et\",\"potentialAction\":[{\"@type\":\"ReadAction\",\"target\":[\"https:\\\/\\\/balticoverlanders.eu\\\/et\\\/toode\\\/wild-land-desert-cruiser-120\\\/\"]}]},{\"@type\":\"ImageObject\",\"inLanguage\":\"et\",\"@id\":\"https:\\\/\\\/balticoverlanders.eu\\\/et\\\/toode\\\/wild-land-desert-cruiser-120\\\/#primaryimage\",\"url\":\"https:\\\/\\\/balticoverlanders.eu\\\/wp-content\\\/uploads\\\/2024\\\/03\\\/Dolomity-namiot-dachowy-Desert-Cruiser-II-120-rozlozony-na-Volvo-V90-zdjecie-z-tylu-auta-zblizenie-na-bryle-i-jakosc-wykonania.jpg\",\"contentUrl\":\"https:\\\/\\\/balticoverlanders.eu\\\/wp-content\\\/uploads\\\/2024\\\/03\\\/Dolomity-namiot-dachowy-Desert-Cruiser-II-120-rozlozony-na-Volvo-V90-zdjecie-z-tylu-auta-zblizenie-na-bryle-i-jakosc-wykonania.jpg\",\"width\":1500,\"height\":1000},{\"@type\":\"BreadcrumbList\",\"@id\":\"https:\\\/\\\/balticoverlanders.eu\\\/et\\\/toode\\\/wild-land-desert-cruiser-120\\\/#breadcrumb\",\"itemListElement\":[{\"@type\":\"ListItem\",\"position\":1,\"name\":\"Home\",\"item\":\"https:\\\/\\\/balticoverlanders.eu\\\/et\\\/home\\\/\"},{\"@type\":\"ListItem\",\"position\":2,\"name\":\"Kauplus\",\"item\":\"https:\\\/\\\/balticoverlanders.eu\\\/et\\\/kauplus\\\/\"},{\"@type\":\"ListItem\",\"position\":3,\"name\":\"Wild Land Desert Cruiser 120\"}]},{\"@type\":\"WebSite\",\"@id\":\"https:\\\/\\\/balticoverlanders.eu\\\/et\\\/#website\",\"url\":\"https:\\\/\\\/balticoverlanders.eu\\\/et\\\/\",\"name\":\"BALTIC OVERLANDERS\",\"description\":\"Your one-stop shop in Latvia, Estonia, and Lithuania for all your car camping, rooftop tent and accessory needs.\",\"publisher\":{\"@id\":\"https:\\\/\\\/balticoverlanders.eu\\\/et\\\/#organization\"},\"potentialAction\":[{\"@type\":\"SearchAction\",\"target\":{\"@type\":\"EntryPoint\",\"urlTemplate\":\"https:\\\/\\\/balticoverlanders.eu\\\/et\\\/?s={search_term_string}\"},\"query-input\":{\"@type\":\"PropertyValueSpecification\",\"valueRequired\":true,\"valueName\":\"search_term_string\"}}],\"inLanguage\":\"et\"},{\"@type\":\"Organization\",\"@id\":\"https:\\\/\\\/balticoverlanders.eu\\\/et\\\/#organization\",\"name\":\"BALTIC OVERLANDERS\",\"url\":\"https:\\\/\\\/balticoverlanders.eu\\\/et\\\/\",\"logo\":{\"@type\":\"ImageObject\",\"inLanguage\":\"et\",\"@id\":\"https:\\\/\\\/balticoverlanders.eu\\\/et\\\/#\\\/schema\\\/logo\\\/image\\\/\",\"url\":\"https:\\\/\\\/balticoverlanders.eu\\\/wp-content\\\/uploads\\\/2023\\\/04\\\/BALTIC-OVERLANDERS-LOGO.jpg\",\"contentUrl\":\"https:\\\/\\\/balticoverlanders.eu\\\/wp-content\\\/uploads\\\/2023\\\/04\\\/BALTIC-OVERLANDERS-LOGO.jpg\",\"width\":1497,\"height\":310,\"caption\":\"BALTIC OVERLANDERS\"},\"image\":{\"@id\":\"https:\\\/\\\/balticoverlanders.eu\\\/et\\\/#\\\/schema\\\/logo\\\/image\\\/\"},\"sameAs\":[\"https:\\\/\\\/www.instagram.com\\\/balticoverlanders\\\/\"]}]}<\/script>\n<!-- \/ Yoast SEO plugin. -->","yoast_head_json":{"title":"Wild Land Desert Cruiser 120 - BALTIC OVERLANDERS","description":"Premium mustast alumiiniumist k\u00f5vakattega katusetelk koos teleskoopredeliga, LED-valgusega, eemaldatavate trellide ja kinnituskomplektiga maastikulise seikluse jaoks.","robots":{"index":"index","follow":"follow","max-snippet":"max-snippet:-1","max-image-preview":"max-image-preview:large","max-video-preview":"max-video-preview:-1"},"canonical":"https:\/\/balticoverlanders.eu\/et\/toode\/wild-land-desert-cruiser-120\/","og_locale":"et_EE","og_type":"article","og_title":"Wild Land Desert Cruiser 120 - BALTIC OVERLANDERS","og_description":"Premium mustast alumiiniumist k\u00f5vakattega katusetelk koos teleskoopredeliga, LED-valgusega, eemaldatavate trellide ja kinnituskomplektiga maastikulise seikluse jaoks.","og_url":"https:\/\/balticoverlanders.eu\/et\/toode\/wild-land-desert-cruiser-120\/","og_site_name":"BALTIC OVERLANDERS","article_modified_time":"2024-05-06T19:40:33+00:00","og_image":[{"width":1500,"height":1000,"url":"https:\/\/balticoverlanders.eu\/wp-content\/uploads\/2024\/03\/Dolomity-namiot-dachowy-Desert-Cruiser-II-120-rozlozony-na-Volvo-V90-zdjecie-z-tylu-auta-zblizenie-na-bryle-i-jakosc-wykonania.jpg","type":"image\/jpeg"}],"twitter_card":"summary_large_image","twitter_misc":{"Est. reading time":"1 minut"},"schema":{"@context":"https:\/\/schema.org","@graph":[{"@type":"WebPage","@id":"https:\/\/balticoverlanders.eu\/et\/toode\/wild-land-desert-cruiser-120\/","url":"https:\/\/balticoverlanders.eu\/et\/toode\/wild-land-desert-cruiser-120\/","name":"Wild Land Desert Cruiser 120 - BALTIC OVERLANDERS","isPartOf":{"@id":"https:\/\/balticoverlanders.eu\/et\/#website"},"primaryImageOfPage":{"@id":"https:\/\/balticoverlanders.eu\/et\/toode\/wild-land-desert-cruiser-120\/#primaryimage"},"image":{"@id":"https:\/\/balticoverlanders.eu\/et\/toode\/wild-land-desert-cruiser-120\/#primaryimage"},"thumbnailUrl":"https:\/\/balticoverlanders.eu\/wp-content\/uploads\/2024\/03\/Dolomity-namiot-dachowy-Desert-Cruiser-II-120-rozlozony-na-Volvo-V90-zdjecie-z-tylu-auta-zblizenie-na-bryle-i-jakosc-wykonania.jpg","datePublished":"2024-03-17T11:50:19+00:00","dateModified":"2024-05-06T19:40:33+00:00","description":"Premium mustast alumiiniumist k\u00f5vakattega katusetelk koos teleskoopredeliga, LED-valgusega, eemaldatavate trellide ja kinnituskomplektiga maastikulise seikluse jaoks.","breadcrumb":{"@id":"https:\/\/balticoverlanders.eu\/et\/toode\/wild-land-desert-cruiser-120\/#breadcrumb"},"inLanguage":"et","potentialAction":[{"@type":"ReadAction","target":["https:\/\/balticoverlanders.eu\/et\/toode\/wild-land-desert-cruiser-120\/"]}]},{"@type":"ImageObject","inLanguage":"et","@id":"https:\/\/balticoverlanders.eu\/et\/toode\/wild-land-desert-cruiser-120\/#primaryimage","url":"https:\/\/balticoverlanders.eu\/wp-content\/uploads\/2024\/03\/Dolomity-namiot-dachowy-Desert-Cruiser-II-120-rozlozony-na-Volvo-V90-zdjecie-z-tylu-auta-zblizenie-na-bryle-i-jakosc-wykonania.jpg","contentUrl":"https:\/\/balticoverlanders.eu\/wp-content\/uploads\/2024\/03\/Dolomity-namiot-dachowy-Desert-Cruiser-II-120-rozlozony-na-Volvo-V90-zdjecie-z-tylu-auta-zblizenie-na-bryle-i-jakosc-wykonania.jpg","width":1500,"height":1000},{"@type":"BreadcrumbList","@id":"https:\/\/balticoverlanders.eu\/et\/toode\/wild-land-desert-cruiser-120\/#breadcrumb","itemListElement":[{"@type":"ListItem","position":1,"name":"Home","item":"https:\/\/balticoverlanders.eu\/et\/home\/"},{"@type":"ListItem","position":2,"name":"Kauplus","item":"https:\/\/balticoverlanders.eu\/et\/kauplus\/"},{"@type":"ListItem","position":3,"name":"Wild Land Desert Cruiser 120"}]},{"@type":"WebSite","@id":"https:\/\/balticoverlanders.eu\/et\/#website","url":"https:\/\/balticoverlanders.eu\/et\/","name":"BALTIC OVERLANDERS","description":"Your one-stop shop in Latvia, Estonia, and Lithuania for all your car camping, rooftop tent and accessory needs.","publisher":{"@id":"https:\/\/balticoverlanders.eu\/et\/#organization"},"potentialAction":[{"@type":"SearchAction","target":{"@type":"EntryPoint","urlTemplate":"https:\/\/balticoverlanders.eu\/et\/?s={search_term_string}"},"query-input":{"@type":"PropertyValueSpecification","valueRequired":true,"valueName":"search_term_string"}}],"inLanguage":"et"},{"@type":"Organization","@id":"https:\/\/balticoverlanders.eu\/et\/#organization","name":"BALTIC OVERLANDERS","url":"https:\/\/balticoverlanders.eu\/et\/","logo":{"@type":"ImageObject","inLanguage":"et","@id":"https:\/\/balticoverlanders.eu\/et\/#\/schema\/logo\/image\/","url":"https:\/\/balticoverlanders.eu\/wp-content\/uploads\/2023\/04\/BALTIC-OVERLANDERS-LOGO.jpg","contentUrl":"https:\/\/balticoverlanders.eu\/wp-content\/uploads\/2023\/04\/BALTIC-OVERLANDERS-LOGO.jpg","width":1497,"height":310,"caption":"BALTIC OVERLANDERS"},"image":{"@id":"https:\/\/balticoverlanders.eu\/et\/#\/schema\/logo\/image\/"},"sameAs":["https:\/\/www.instagram.com\/balticoverlanders\/"]}]}},"_links":{"self":[{"href":"https:\/\/balticoverlanders.eu\/et\/wp-json\/wp\/v2\/product\/39208","targetHints":{"allow":["GET"]}}],"collection":[{"href":"https:\/\/balticoverlanders.eu\/et\/wp-json\/wp\/v2\/product"}],"about":[{"href":"https:\/\/balticoverlanders.eu\/et\/wp-json\/wp\/v2\/types\/product"}],"wp:featuredmedia":[{"embeddable":true,"href":"https:\/\/balticoverlanders.eu\/et\/wp-json\/wp\/v2\/media\/33836"}],"wp:attachment":[{"href":"https:\/\/balticoverlanders.eu\/et\/wp-json\/wp\/v2\/media?parent=39208"}],"wp:term":[{"taxonomy":"product_brand","embeddable":true,"href":"https:\/\/balticoverlanders.eu\/et\/wp-json\/wp\/v2\/product_brand?post=39208"},{"taxonomy":"product_cat","embeddable":true,"href":"https:\/\/balticoverlanders.eu\/et\/wp-json\/wp\/v2\/product_cat?post=39208"},{"taxonomy":"product_tag","embeddable":true,"href":"https:\/\/balticoverlanders.eu\/et\/wp-json\/wp\/v2\/product_tag?post=39208"}],"curies":[{"name":"wp","href":"https:\/\/api.w.org\/{rel}","templated":true}]}}