{"id":39210,"date":"2024-03-17T14:14:46","date_gmt":"2024-03-17T12:14:46","guid":{"rendered":"https:\/\/balticoverlanders.eu\/product\/wild-land-desert-cruiser-140\/"},"modified":"2024-05-06T22:40:34","modified_gmt":"2024-05-06T19:40:34","slug":"wild-land-desert-cruiser-140","status":"publish","type":"product","link":"https:\/\/balticoverlanders.eu\/et\/toode\/wild-land-desert-cruiser-140\/","title":{"rendered":"Wild Land Desert Cruiser 140"},"content":{"rendered":"<p><em>Vastupidavus, disain ja v\u00f5rratu mugavus<\/em><\/p>\n<p><strong>Ainulaadsed omadused:<\/strong><\/p>\n<ul>\n<li><strong>Erakordselt \u00f5huke disain:<\/strong> Telk on ainult 18 cm paksune, kaasa arvatud telgi all olevad alumiiniumprofiilid.<\/li>\n<li><strong>Mugavus pakkimisel:<\/strong> Padja sees olev magamiskott saab sulgeda.<\/li>\n<li><strong>Mitmek\u00fclgne kasutamine:<\/strong> Alumiiniumist korpus ja kaasasolevad r\u00f6\u00f6pad v\u00f5imaldavad t\u00e4iendavat ruumikasutust.<\/li>\n<li><strong>Kohandatavad r\u00f6\u00f6pad:<\/strong> T-pesad pikematel k\u00fclgedel v\u00e4lisvalgustuse, k\u00fclgmiste ruloode v\u00f5i muude seadmete paigaldamiseks.<\/li>\n<li><strong>H\u00fcdrauliline avamiss\u00fcsteem:<\/strong> Paigaldatakse v\u00e4hem kui minutiga, et telkimine oleks kiire ja probleemivaba.<\/li>\n<li><strong>Integreeritud valgustus:<\/strong> LED-riba sisemine valgustus.<\/li>\n<li><strong>Ruumikas interj\u00f6\u00f6r:<\/strong> Suuri aknaid k\u00fclgedel, mis loovad avatud ja \u00f5hulise tunde.<\/li>\n<li><strong>Ilmastikukaitse:<\/strong> Vee sissetungi takistavad teibitud \u00f5mblused ja strateegiliselt kujundatud voldik.<\/li>\n<li><strong>Optimeeritud ventilatsioon:<\/strong> T\u00e4iendav ventilatsiooniava takistab kondenseerumist, tagades mugavuse igas kliimas.<\/li>\n<li><strong>Lihtne hooldus:<\/strong> T\u00e4ielikult eemaldatavad elemendid mugavaks pesemiseks ja hoolduseks.<\/li>\n<li><strong>Garantiij\u00e4rgne teenindus:<\/strong> Varuosade k\u00e4ttesaadavus ka p\u00e4rast garantiiperioodi l\u00f5ppu.<\/li>\n<\/ul>\n<p><strong>Uus versioon II:<\/strong><\/p>\n<ul>\n<li><strong>Stiilne disain:<\/strong> H\u00f5bedased alumiiniumelemendid on asendatud stiilse musta v\u00e4rviga.<\/li>\n<li><strong>T\u00e4iustatud valgustus:<\/strong> Reguleeritav LED-riba koos l\u00fclitiga kohandatava heleduse jaoks.<\/li>\n<li><strong>Parem katvus:<\/strong> Peamine telgikate ulatub n\u00fc\u00fcd \u00fclevalt alla.<\/li>\n<li><strong>Lisatud mugavus:<\/strong> Sisemine tasku v\u00e4iksemate esemete hoidmiseks alumises osas.<\/li>\n<\/ul>\n<p><strong>T\u00e4iendavad tarvikud saadaval:<\/strong><\/p>\n<ul>\n<li><strong>Spetsiaalne isolatsioon:<\/strong> Suurendada soojusmugavust erinevates ilmastikutingimustes.<\/li>\n<li><strong>Universaalne vestib\u00fc\u00fcli katus:<\/strong> Laiendage kaitstud ruumi mitmek\u00fclgsete telkimisv\u00f5imaluste jaoks.<\/li>\n<li><strong>Markiisid ja lisad:<\/strong> Laiendavad elamispinda ja kaitsevad elementide eest.<\/li>\n<\/ul>\n<p><strong>Kogemused telkimisest k\u00f5rgtasemel koos Desert Cruiser 140 katusetendi versiooniga II. Tellige oma t\u00e4na!<\/strong><\/p>\n","protected":false},"excerpt":{"rendered":"<p>\u00dclemine k\u00f5va kest, k\u00f5ik alumiiniumist mesilase must, suletud k\u00f5rge ainult 15 cm ja 18 cm alumiiniumprofiiliga allpool, T-rida pikemal k\u00fcljel lisatarvikute kinnitamiseks, 2 eemaldatavat riba lisavarustuse jms kinnitamiseks, metallsulgurid telgi sulgemiseks.<\/p>\n<p>Komplektis: teleskoopredel kuni 230 cm pikkune, asjad, kingataskud, LED-valgustus sees koos valgustugevuse reguleerimise ja sisse\/v\u00e4lja l\u00fclitamisega, 2 tk eemaldatavat latti, paigalduskomplekt koos juhendiga.<\/p>\n","protected":false},"featured_media":33900,"template":"","meta":[],"product_brand":[],"product_cat":[211,487],"product_tag":[],"class_list":{"0":"post-39210","1":"product","2":"type-product","3":"status-publish","4":"has-post-thumbnail","6":"product_cat-katusetelgid","7":"product_cat-metsik-maa","9":"first","10":"onbackorder","11":"taxable","12":"shipping-taxable","13":"purchasable","14":"product-type-simple"},"yoast_head":"<!-- This site is optimized with the Yoast SEO plugin v27.3 - https:\/\/yoast.com\/product\/yoast-seo-wordpress\/ -->\n<title>Wild Land Desert Cruiser 140 - BALTIC OVERLANDERS<\/title>\n<meta name=\"description\" content=\"Premium must alumiiniumist k\u00f5vakattega katusetelk, millel on eemaldatavad latid, LED-valgustus, teleskoopredel ja lisatarvikute komplekt. Kvaliteetne k\u00e4mpingulahendus.\" \/>\n<meta name=\"robots\" content=\"index, follow, max-snippet:-1, max-image-preview:large, max-video-preview:-1\" \/>\n<link rel=\"canonical\" href=\"https:\/\/balticoverlanders.eu\/et\/toode\/wild-land-desert-cruiser-140\/\" \/>\n<meta property=\"og:locale\" content=\"et_EE\" \/>\n<meta property=\"og:type\" content=\"article\" \/>\n<meta property=\"og:title\" content=\"Wild Land Desert Cruiser 140 - BALTIC OVERLANDERS\" \/>\n<meta property=\"og:description\" content=\"Premium must alumiiniumist k\u00f5vakattega katusetelk, millel on eemaldatavad latid, LED-valgustus, teleskoopredel ja lisatarvikute komplekt. Kvaliteetne k\u00e4mpingulahendus.\" \/>\n<meta property=\"og:url\" content=\"https:\/\/balticoverlanders.eu\/et\/toode\/wild-land-desert-cruiser-140\/\" \/>\n<meta property=\"og:site_name\" content=\"BALTIC OVERLANDERS\" \/>\n<meta property=\"article:modified_time\" content=\"2024-05-06T19:40:34+00:00\" \/>\n<meta property=\"og:image\" content=\"https:\/\/balticoverlanders.eu\/wp-content\/uploads\/2024\/03\/namiot-dachowy-Desert-Cruiser-II-rozlozony-duza-kubatura-w-srodu-wysokosc-110-cm-bardzo-wygodnie-i-komfortowo-idealny-dla-2-osob.jpg\" \/>\n\t<meta property=\"og:image:width\" content=\"740\" \/>\n\t<meta property=\"og:image:height\" content=\"770\" \/>\n\t<meta property=\"og:image:type\" content=\"image\/jpeg\" \/>\n<meta name=\"twitter:card\" content=\"summary_large_image\" \/>\n<meta name=\"twitter:label1\" content=\"Est. reading time\" \/>\n\t<meta name=\"twitter:data1\" content=\"1 minut\" \/>\n<script type=\"application\/ld+json\" class=\"yoast-schema-graph\">{\"@context\":\"https:\\\/\\\/schema.org\",\"@graph\":[{\"@type\":\"WebPage\",\"@id\":\"https:\\\/\\\/balticoverlanders.eu\\\/et\\\/toode\\\/wild-land-desert-cruiser-140\\\/\",\"url\":\"https:\\\/\\\/balticoverlanders.eu\\\/et\\\/toode\\\/wild-land-desert-cruiser-140\\\/\",\"name\":\"Wild Land Desert Cruiser 140 - BALTIC OVERLANDERS\",\"isPartOf\":{\"@id\":\"https:\\\/\\\/balticoverlanders.eu\\\/et\\\/#website\"},\"primaryImageOfPage\":{\"@id\":\"https:\\\/\\\/balticoverlanders.eu\\\/et\\\/toode\\\/wild-land-desert-cruiser-140\\\/#primaryimage\"},\"image\":{\"@id\":\"https:\\\/\\\/balticoverlanders.eu\\\/et\\\/toode\\\/wild-land-desert-cruiser-140\\\/#primaryimage\"},\"thumbnailUrl\":\"https:\\\/\\\/balticoverlanders.eu\\\/wp-content\\\/uploads\\\/2024\\\/03\\\/namiot-dachowy-Desert-Cruiser-II-rozlozony-duza-kubatura-w-srodu-wysokosc-110-cm-bardzo-wygodnie-i-komfortowo-idealny-dla-2-osob.jpg\",\"datePublished\":\"2024-03-17T12:14:46+00:00\",\"dateModified\":\"2024-05-06T19:40:34+00:00\",\"description\":\"Premium must alumiiniumist k\u00f5vakattega katusetelk, millel on eemaldatavad latid, LED-valgustus, teleskoopredel ja lisatarvikute komplekt. Kvaliteetne k\u00e4mpingulahendus.\",\"breadcrumb\":{\"@id\":\"https:\\\/\\\/balticoverlanders.eu\\\/et\\\/toode\\\/wild-land-desert-cruiser-140\\\/#breadcrumb\"},\"inLanguage\":\"et\",\"potentialAction\":[{\"@type\":\"ReadAction\",\"target\":[\"https:\\\/\\\/balticoverlanders.eu\\\/et\\\/toode\\\/wild-land-desert-cruiser-140\\\/\"]}]},{\"@type\":\"ImageObject\",\"inLanguage\":\"et\",\"@id\":\"https:\\\/\\\/balticoverlanders.eu\\\/et\\\/toode\\\/wild-land-desert-cruiser-140\\\/#primaryimage\",\"url\":\"https:\\\/\\\/balticoverlanders.eu\\\/wp-content\\\/uploads\\\/2024\\\/03\\\/namiot-dachowy-Desert-Cruiser-II-rozlozony-duza-kubatura-w-srodu-wysokosc-110-cm-bardzo-wygodnie-i-komfortowo-idealny-dla-2-osob.jpg\",\"contentUrl\":\"https:\\\/\\\/balticoverlanders.eu\\\/wp-content\\\/uploads\\\/2024\\\/03\\\/namiot-dachowy-Desert-Cruiser-II-rozlozony-duza-kubatura-w-srodu-wysokosc-110-cm-bardzo-wygodnie-i-komfortowo-idealny-dla-2-osob.jpg\",\"width\":740,\"height\":770},{\"@type\":\"BreadcrumbList\",\"@id\":\"https:\\\/\\\/balticoverlanders.eu\\\/et\\\/toode\\\/wild-land-desert-cruiser-140\\\/#breadcrumb\",\"itemListElement\":[{\"@type\":\"ListItem\",\"position\":1,\"name\":\"Home\",\"item\":\"https:\\\/\\\/balticoverlanders.eu\\\/et\\\/home\\\/\"},{\"@type\":\"ListItem\",\"position\":2,\"name\":\"Kauplus\",\"item\":\"https:\\\/\\\/balticoverlanders.eu\\\/et\\\/kauplus\\\/\"},{\"@type\":\"ListItem\",\"position\":3,\"name\":\"Wild Land Desert Cruiser 140\"}]},{\"@type\":\"WebSite\",\"@id\":\"https:\\\/\\\/balticoverlanders.eu\\\/et\\\/#website\",\"url\":\"https:\\\/\\\/balticoverlanders.eu\\\/et\\\/\",\"name\":\"BALTIC OVERLANDERS\",\"description\":\"Your one-stop shop in Latvia, Estonia, and Lithuania for all your car camping, rooftop tent and accessory needs.\",\"publisher\":{\"@id\":\"https:\\\/\\\/balticoverlanders.eu\\\/et\\\/#organization\"},\"potentialAction\":[{\"@type\":\"SearchAction\",\"target\":{\"@type\":\"EntryPoint\",\"urlTemplate\":\"https:\\\/\\\/balticoverlanders.eu\\\/et\\\/?s={search_term_string}\"},\"query-input\":{\"@type\":\"PropertyValueSpecification\",\"valueRequired\":true,\"valueName\":\"search_term_string\"}}],\"inLanguage\":\"et\"},{\"@type\":\"Organization\",\"@id\":\"https:\\\/\\\/balticoverlanders.eu\\\/et\\\/#organization\",\"name\":\"BALTIC OVERLANDERS\",\"url\":\"https:\\\/\\\/balticoverlanders.eu\\\/et\\\/\",\"logo\":{\"@type\":\"ImageObject\",\"inLanguage\":\"et\",\"@id\":\"https:\\\/\\\/balticoverlanders.eu\\\/et\\\/#\\\/schema\\\/logo\\\/image\\\/\",\"url\":\"https:\\\/\\\/balticoverlanders.eu\\\/wp-content\\\/uploads\\\/2023\\\/04\\\/BALTIC-OVERLANDERS-LOGO.jpg\",\"contentUrl\":\"https:\\\/\\\/balticoverlanders.eu\\\/wp-content\\\/uploads\\\/2023\\\/04\\\/BALTIC-OVERLANDERS-LOGO.jpg\",\"width\":1497,\"height\":310,\"caption\":\"BALTIC OVERLANDERS\"},\"image\":{\"@id\":\"https:\\\/\\\/balticoverlanders.eu\\\/et\\\/#\\\/schema\\\/logo\\\/image\\\/\"},\"sameAs\":[\"https:\\\/\\\/www.instagram.com\\\/balticoverlanders\\\/\"]}]}<\/script>\n<!-- \/ Yoast SEO plugin. -->","yoast_head_json":{"title":"Wild Land Desert Cruiser 140 - BALTIC OVERLANDERS","description":"Premium must alumiiniumist k\u00f5vakattega katusetelk, millel on eemaldatavad latid, LED-valgustus, teleskoopredel ja lisatarvikute komplekt. Kvaliteetne k\u00e4mpingulahendus.","robots":{"index":"index","follow":"follow","max-snippet":"max-snippet:-1","max-image-preview":"max-image-preview:large","max-video-preview":"max-video-preview:-1"},"canonical":"https:\/\/balticoverlanders.eu\/et\/toode\/wild-land-desert-cruiser-140\/","og_locale":"et_EE","og_type":"article","og_title":"Wild Land Desert Cruiser 140 - BALTIC OVERLANDERS","og_description":"Premium must alumiiniumist k\u00f5vakattega katusetelk, millel on eemaldatavad latid, LED-valgustus, teleskoopredel ja lisatarvikute komplekt. Kvaliteetne k\u00e4mpingulahendus.","og_url":"https:\/\/balticoverlanders.eu\/et\/toode\/wild-land-desert-cruiser-140\/","og_site_name":"BALTIC OVERLANDERS","article_modified_time":"2024-05-06T19:40:34+00:00","og_image":[{"width":740,"height":770,"url":"https:\/\/balticoverlanders.eu\/wp-content\/uploads\/2024\/03\/namiot-dachowy-Desert-Cruiser-II-rozlozony-duza-kubatura-w-srodu-wysokosc-110-cm-bardzo-wygodnie-i-komfortowo-idealny-dla-2-osob.jpg","type":"image\/jpeg"}],"twitter_card":"summary_large_image","twitter_misc":{"Est. reading time":"1 minut"},"schema":{"@context":"https:\/\/schema.org","@graph":[{"@type":"WebPage","@id":"https:\/\/balticoverlanders.eu\/et\/toode\/wild-land-desert-cruiser-140\/","url":"https:\/\/balticoverlanders.eu\/et\/toode\/wild-land-desert-cruiser-140\/","name":"Wild Land Desert Cruiser 140 - BALTIC OVERLANDERS","isPartOf":{"@id":"https:\/\/balticoverlanders.eu\/et\/#website"},"primaryImageOfPage":{"@id":"https:\/\/balticoverlanders.eu\/et\/toode\/wild-land-desert-cruiser-140\/#primaryimage"},"image":{"@id":"https:\/\/balticoverlanders.eu\/et\/toode\/wild-land-desert-cruiser-140\/#primaryimage"},"thumbnailUrl":"https:\/\/balticoverlanders.eu\/wp-content\/uploads\/2024\/03\/namiot-dachowy-Desert-Cruiser-II-rozlozony-duza-kubatura-w-srodu-wysokosc-110-cm-bardzo-wygodnie-i-komfortowo-idealny-dla-2-osob.jpg","datePublished":"2024-03-17T12:14:46+00:00","dateModified":"2024-05-06T19:40:34+00:00","description":"Premium must alumiiniumist k\u00f5vakattega katusetelk, millel on eemaldatavad latid, LED-valgustus, teleskoopredel ja lisatarvikute komplekt. Kvaliteetne k\u00e4mpingulahendus.","breadcrumb":{"@id":"https:\/\/balticoverlanders.eu\/et\/toode\/wild-land-desert-cruiser-140\/#breadcrumb"},"inLanguage":"et","potentialAction":[{"@type":"ReadAction","target":["https:\/\/balticoverlanders.eu\/et\/toode\/wild-land-desert-cruiser-140\/"]}]},{"@type":"ImageObject","inLanguage":"et","@id":"https:\/\/balticoverlanders.eu\/et\/toode\/wild-land-desert-cruiser-140\/#primaryimage","url":"https:\/\/balticoverlanders.eu\/wp-content\/uploads\/2024\/03\/namiot-dachowy-Desert-Cruiser-II-rozlozony-duza-kubatura-w-srodu-wysokosc-110-cm-bardzo-wygodnie-i-komfortowo-idealny-dla-2-osob.jpg","contentUrl":"https:\/\/balticoverlanders.eu\/wp-content\/uploads\/2024\/03\/namiot-dachowy-Desert-Cruiser-II-rozlozony-duza-kubatura-w-srodu-wysokosc-110-cm-bardzo-wygodnie-i-komfortowo-idealny-dla-2-osob.jpg","width":740,"height":770},{"@type":"BreadcrumbList","@id":"https:\/\/balticoverlanders.eu\/et\/toode\/wild-land-desert-cruiser-140\/#breadcrumb","itemListElement":[{"@type":"ListItem","position":1,"name":"Home","item":"https:\/\/balticoverlanders.eu\/et\/home\/"},{"@type":"ListItem","position":2,"name":"Kauplus","item":"https:\/\/balticoverlanders.eu\/et\/kauplus\/"},{"@type":"ListItem","position":3,"name":"Wild Land Desert Cruiser 140"}]},{"@type":"WebSite","@id":"https:\/\/balticoverlanders.eu\/et\/#website","url":"https:\/\/balticoverlanders.eu\/et\/","name":"BALTIC OVERLANDERS","description":"Your one-stop shop in Latvia, Estonia, and Lithuania for all your car camping, rooftop tent and accessory needs.","publisher":{"@id":"https:\/\/balticoverlanders.eu\/et\/#organization"},"potentialAction":[{"@type":"SearchAction","target":{"@type":"EntryPoint","urlTemplate":"https:\/\/balticoverlanders.eu\/et\/?s={search_term_string}"},"query-input":{"@type":"PropertyValueSpecification","valueRequired":true,"valueName":"search_term_string"}}],"inLanguage":"et"},{"@type":"Organization","@id":"https:\/\/balticoverlanders.eu\/et\/#organization","name":"BALTIC OVERLANDERS","url":"https:\/\/balticoverlanders.eu\/et\/","logo":{"@type":"ImageObject","inLanguage":"et","@id":"https:\/\/balticoverlanders.eu\/et\/#\/schema\/logo\/image\/","url":"https:\/\/balticoverlanders.eu\/wp-content\/uploads\/2023\/04\/BALTIC-OVERLANDERS-LOGO.jpg","contentUrl":"https:\/\/balticoverlanders.eu\/wp-content\/uploads\/2023\/04\/BALTIC-OVERLANDERS-LOGO.jpg","width":1497,"height":310,"caption":"BALTIC OVERLANDERS"},"image":{"@id":"https:\/\/balticoverlanders.eu\/et\/#\/schema\/logo\/image\/"},"sameAs":["https:\/\/www.instagram.com\/balticoverlanders\/"]}]}},"_links":{"self":[{"href":"https:\/\/balticoverlanders.eu\/et\/wp-json\/wp\/v2\/product\/39210","targetHints":{"allow":["GET"]}}],"collection":[{"href":"https:\/\/balticoverlanders.eu\/et\/wp-json\/wp\/v2\/product"}],"about":[{"href":"https:\/\/balticoverlanders.eu\/et\/wp-json\/wp\/v2\/types\/product"}],"wp:featuredmedia":[{"embeddable":true,"href":"https:\/\/balticoverlanders.eu\/et\/wp-json\/wp\/v2\/media\/33900"}],"wp:attachment":[{"href":"https:\/\/balticoverlanders.eu\/et\/wp-json\/wp\/v2\/media?parent=39210"}],"wp:term":[{"taxonomy":"product_brand","embeddable":true,"href":"https:\/\/balticoverlanders.eu\/et\/wp-json\/wp\/v2\/product_brand?post=39210"},{"taxonomy":"product_cat","embeddable":true,"href":"https:\/\/balticoverlanders.eu\/et\/wp-json\/wp\/v2\/product_cat?post=39210"},{"taxonomy":"product_tag","embeddable":true,"href":"https:\/\/balticoverlanders.eu\/et\/wp-json\/wp\/v2\/product_tag?post=39210"}],"curies":[{"name":"wp","href":"https:\/\/api.w.org\/{rel}","templated":true}]}}