{"id":39218,"date":"2024-02-19T17:11:40","date_gmt":"2024-02-19T15:11:40","guid":{"rendered":"https:\/\/balticoverlanders.eu\/product\/dometic-go-compact-laagri-laud\/"},"modified":"2024-05-06T22:40:39","modified_gmt":"2024-05-06T19:40:39","slug":"dometic-go-compact-laagri-laud","status":"publish","type":"product","link":"https:\/\/balticoverlanders.eu\/et\/toode\/dometic-go-compact-laagri-laud\/","title":{"rendered":"Dometic GO Compact laagri laud"},"content":{"rendered":"<p><strong>Tutvustame Dometic Go Compact Camp Table \/ Bambus<\/strong><\/p>\n<p>Kogege Dometic Go Compact Camp Table&#8217;i mugavust ja mitmek\u00fclgsust, mis on valmistatud ainulaadse disainiga, et t\u00f5sta teie seiklusi \u00f5ues. See uuenduslik laud on varustatud vastupidavate pinnamaterjalide ja tugeva konstruktsiooniga, mis tagab usaldusv\u00e4\u00e4rsuse, kuhu iganes teid ka reiside ajal ei viiks. T\u00e4nu ruumi s\u00e4\u00e4stvale kokkupandavale disainile on transportimine lihtne, mist\u00f5ttu on see oluline kaaslane telkimiseks, piknikule ja muukski.<\/p>\n<p><strong>Peamised omadused:<\/strong><\/p>\n<ul>\n<li><strong>Reguleeritav k\u00f5rgus:<\/strong> Lihtne \u00fcleminek kolme erineva k\u00f5rguse vahel, mis vastab erinevatele vajadustele, sealhulgas kohvilaud, laste laud ja s\u00f6\u00f6gi-\/ettevalmistuspind.<\/li>\n<li><strong>Rohked istekohad:<\/strong> Ideaalne koht s\u00f6\u00f6gi nautimiseks v\u00f5i tegevusteks kogunemiseks.<\/li>\n<li><strong>Optimeeritud mugavus:<\/strong> See tagab stabiilsuse ja maksimeerib mugavust kasutamise ajal.<\/li>\n<li><strong>Kompaktne teisaldatavus:<\/strong> Kokkupandav kuni poole s\u00f5iduki pagasiruumi laiuseni, mis v\u00f5imaldab h\u00f5lpsat transporti ja hoiustamist.<\/li>\n<li><strong>Premium materjalid:<\/strong> Pind on valmistatud massiivsest bambusest ja jalad on valmistatud vastupidavast alumiiniumist, mis tagab nii stiili kui ka vastupidavuse teie seiklusteks \u00f5ues.<\/li>\n<li><strong>Integreeritud kandek\u00e4epide:<\/strong> h\u00f5lbustab lihtsat transportimist \u00fchest kohast teise, suurendades mugavust liikvel olles.<\/li>\n<li><strong>\u00dchilduvus:<\/strong> See on osa Dometic Go kollektsioonist, mis pakub \u00f5mblusteta integratsiooni teiste toodetega, et pakkuda t\u00e4ielikku v\u00e4litingimustes viibimise kogemust.<\/li>\n<\/ul>\n<p><strong>Parandage oma \u00f5uekogemust Dometic Go abil:<\/strong><\/p>\n<p>Vabastage oma \u00f5uek\u00e4ikude t\u00e4ielik potentsiaal Dometic Go Compact Camp Table&#8217;iga. See mitmek\u00fclgne laud tagab mugavuse, mugavuse ja stiilsuse, olenemata sellest, kas te matkate looduses v\u00f5i naudite piknikku pargis. Suurendage oma seiklusi Dometic Go abil &#8211; see on teie usaldusv\u00e4\u00e4rne kaaslane k\u00f5igi teie \u00f5uevajaduste jaoks.<\/p>\n<p><a href=\"https:\/\/balticoverlanders.eu\/product\/dometic-go-camp-table-storage-bag\/\"><em>Kandekott m\u00fc\u00fcakse eraldi.<\/em><\/a><\/p>\n","protected":false},"excerpt":{"rendered":"<p>Dometici CMP T4 laual on elastne bambuspind ja tugevad alumiiniumjalad, mis klapivad kokku, et mahtuda lihtsaks transportimiseks poole laiusesse pagasiruumi. Valige kolme k\u00f5rguse vahel, et seda saaks kasutada mitmel otstarbel \u00f5ues.<\/p>\n","protected":false},"featured_media":31486,"template":"","meta":[],"product_brand":[],"product_cat":[495,496],"product_tag":[],"class_list":{"0":"post-39218","1":"product","2":"type-product","3":"status-publish","4":"has-post-thumbnail","6":"product_cat-dometic-et","7":"product_cat-telkimislaud","9":"first","10":"onbackorder","11":"taxable","12":"shipping-taxable","13":"purchasable","14":"product-type-simple"},"yoast_head":"<!-- This site is optimized with the Yoast SEO plugin v27.3 - https:\/\/yoast.com\/product\/yoast-seo-wordpress\/ -->\n<title>Dometic GO Compact laagri laud - BALTIC OVERLANDERS<\/title>\n<meta name=\"description\" content=\"Dometic CMP T4 laud: Kaasaskantav, vastupidav bambuspind kokkupandavate alumiiniumjalgadega, mis pakub mitmek\u00fclgsust ja mugavust v\u00e4listegevuseks.\" \/>\n<meta name=\"robots\" content=\"index, follow, max-snippet:-1, max-image-preview:large, max-video-preview:-1\" \/>\n<link rel=\"canonical\" href=\"https:\/\/balticoverlanders.eu\/et\/toode\/dometic-go-compact-laagri-laud\/\" \/>\n<meta property=\"og:locale\" content=\"et_EE\" \/>\n<meta property=\"og:type\" content=\"article\" \/>\n<meta property=\"og:title\" content=\"Dometic GO Compact laagri laud - BALTIC OVERLANDERS\" \/>\n<meta property=\"og:description\" content=\"Dometic CMP T4 laud: Kaasaskantav, vastupidav bambuspind kokkupandavate alumiiniumjalgadega, mis pakub mitmek\u00fclgsust ja mugavust v\u00e4listegevuseks.\" \/>\n<meta property=\"og:url\" content=\"https:\/\/balticoverlanders.eu\/et\/toode\/dometic-go-compact-laagri-laud\/\" \/>\n<meta property=\"og:site_name\" content=\"BALTIC OVERLANDERS\" \/>\n<meta property=\"article:modified_time\" content=\"2024-05-06T19:40:39+00:00\" \/>\n<meta property=\"og:image\" content=\"https:\/\/balticoverlanders.eu\/wp-content\/uploads\/2024\/02\/tbra041_1.jpg\" \/>\n\t<meta property=\"og:image:width\" content=\"1024\" \/>\n\t<meta property=\"og:image:height\" content=\"768\" \/>\n\t<meta property=\"og:image:type\" content=\"image\/jpeg\" \/>\n<meta name=\"twitter:card\" content=\"summary_large_image\" \/>\n<meta name=\"twitter:label1\" content=\"Est. reading time\" \/>\n\t<meta name=\"twitter:data1\" content=\"1 minut\" \/>\n<script type=\"application\/ld+json\" class=\"yoast-schema-graph\">{\"@context\":\"https:\\\/\\\/schema.org\",\"@graph\":[{\"@type\":\"WebPage\",\"@id\":\"https:\\\/\\\/balticoverlanders.eu\\\/et\\\/toode\\\/dometic-go-compact-laagri-laud\\\/\",\"url\":\"https:\\\/\\\/balticoverlanders.eu\\\/et\\\/toode\\\/dometic-go-compact-laagri-laud\\\/\",\"name\":\"Dometic GO Compact laagri laud - BALTIC OVERLANDERS\",\"isPartOf\":{\"@id\":\"https:\\\/\\\/balticoverlanders.eu\\\/et\\\/#website\"},\"primaryImageOfPage\":{\"@id\":\"https:\\\/\\\/balticoverlanders.eu\\\/et\\\/toode\\\/dometic-go-compact-laagri-laud\\\/#primaryimage\"},\"image\":{\"@id\":\"https:\\\/\\\/balticoverlanders.eu\\\/et\\\/toode\\\/dometic-go-compact-laagri-laud\\\/#primaryimage\"},\"thumbnailUrl\":\"https:\\\/\\\/balticoverlanders.eu\\\/wp-content\\\/uploads\\\/2024\\\/02\\\/tbra041_1.jpg\",\"datePublished\":\"2024-02-19T15:11:40+00:00\",\"dateModified\":\"2024-05-06T19:40:39+00:00\",\"description\":\"Dometic CMP T4 laud: Kaasaskantav, vastupidav bambuspind kokkupandavate alumiiniumjalgadega, mis pakub mitmek\u00fclgsust ja mugavust v\u00e4listegevuseks.\",\"breadcrumb\":{\"@id\":\"https:\\\/\\\/balticoverlanders.eu\\\/et\\\/toode\\\/dometic-go-compact-laagri-laud\\\/#breadcrumb\"},\"inLanguage\":\"et\",\"potentialAction\":[{\"@type\":\"ReadAction\",\"target\":[\"https:\\\/\\\/balticoverlanders.eu\\\/et\\\/toode\\\/dometic-go-compact-laagri-laud\\\/\"]}]},{\"@type\":\"ImageObject\",\"inLanguage\":\"et\",\"@id\":\"https:\\\/\\\/balticoverlanders.eu\\\/et\\\/toode\\\/dometic-go-compact-laagri-laud\\\/#primaryimage\",\"url\":\"https:\\\/\\\/balticoverlanders.eu\\\/wp-content\\\/uploads\\\/2024\\\/02\\\/tbra041_1.jpg\",\"contentUrl\":\"https:\\\/\\\/balticoverlanders.eu\\\/wp-content\\\/uploads\\\/2024\\\/02\\\/tbra041_1.jpg\",\"width\":1024,\"height\":768},{\"@type\":\"BreadcrumbList\",\"@id\":\"https:\\\/\\\/balticoverlanders.eu\\\/et\\\/toode\\\/dometic-go-compact-laagri-laud\\\/#breadcrumb\",\"itemListElement\":[{\"@type\":\"ListItem\",\"position\":1,\"name\":\"Home\",\"item\":\"https:\\\/\\\/balticoverlanders.eu\\\/et\\\/home\\\/\"},{\"@type\":\"ListItem\",\"position\":2,\"name\":\"Kauplus\",\"item\":\"https:\\\/\\\/balticoverlanders.eu\\\/et\\\/kauplus\\\/\"},{\"@type\":\"ListItem\",\"position\":3,\"name\":\"Dometic GO Compact laagri laud\"}]},{\"@type\":\"WebSite\",\"@id\":\"https:\\\/\\\/balticoverlanders.eu\\\/et\\\/#website\",\"url\":\"https:\\\/\\\/balticoverlanders.eu\\\/et\\\/\",\"name\":\"BALTIC OVERLANDERS\",\"description\":\"Your one-stop shop in Latvia, Estonia, and Lithuania for all your car camping, rooftop tent and accessory needs.\",\"publisher\":{\"@id\":\"https:\\\/\\\/balticoverlanders.eu\\\/et\\\/#organization\"},\"potentialAction\":[{\"@type\":\"SearchAction\",\"target\":{\"@type\":\"EntryPoint\",\"urlTemplate\":\"https:\\\/\\\/balticoverlanders.eu\\\/et\\\/?s={search_term_string}\"},\"query-input\":{\"@type\":\"PropertyValueSpecification\",\"valueRequired\":true,\"valueName\":\"search_term_string\"}}],\"inLanguage\":\"et\"},{\"@type\":\"Organization\",\"@id\":\"https:\\\/\\\/balticoverlanders.eu\\\/et\\\/#organization\",\"name\":\"BALTIC OVERLANDERS\",\"url\":\"https:\\\/\\\/balticoverlanders.eu\\\/et\\\/\",\"logo\":{\"@type\":\"ImageObject\",\"inLanguage\":\"et\",\"@id\":\"https:\\\/\\\/balticoverlanders.eu\\\/et\\\/#\\\/schema\\\/logo\\\/image\\\/\",\"url\":\"https:\\\/\\\/balticoverlanders.eu\\\/wp-content\\\/uploads\\\/2023\\\/04\\\/BALTIC-OVERLANDERS-LOGO.jpg\",\"contentUrl\":\"https:\\\/\\\/balticoverlanders.eu\\\/wp-content\\\/uploads\\\/2023\\\/04\\\/BALTIC-OVERLANDERS-LOGO.jpg\",\"width\":1497,\"height\":310,\"caption\":\"BALTIC OVERLANDERS\"},\"image\":{\"@id\":\"https:\\\/\\\/balticoverlanders.eu\\\/et\\\/#\\\/schema\\\/logo\\\/image\\\/\"},\"sameAs\":[\"https:\\\/\\\/www.instagram.com\\\/balticoverlanders\\\/\"]}]}<\/script>\n<!-- \/ Yoast SEO plugin. -->","yoast_head_json":{"title":"Dometic GO Compact laagri laud - BALTIC OVERLANDERS","description":"Dometic CMP T4 laud: Kaasaskantav, vastupidav bambuspind kokkupandavate alumiiniumjalgadega, mis pakub mitmek\u00fclgsust ja mugavust v\u00e4listegevuseks.","robots":{"index":"index","follow":"follow","max-snippet":"max-snippet:-1","max-image-preview":"max-image-preview:large","max-video-preview":"max-video-preview:-1"},"canonical":"https:\/\/balticoverlanders.eu\/et\/toode\/dometic-go-compact-laagri-laud\/","og_locale":"et_EE","og_type":"article","og_title":"Dometic GO Compact laagri laud - BALTIC OVERLANDERS","og_description":"Dometic CMP T4 laud: Kaasaskantav, vastupidav bambuspind kokkupandavate alumiiniumjalgadega, mis pakub mitmek\u00fclgsust ja mugavust v\u00e4listegevuseks.","og_url":"https:\/\/balticoverlanders.eu\/et\/toode\/dometic-go-compact-laagri-laud\/","og_site_name":"BALTIC OVERLANDERS","article_modified_time":"2024-05-06T19:40:39+00:00","og_image":[{"width":1024,"height":768,"url":"https:\/\/balticoverlanders.eu\/wp-content\/uploads\/2024\/02\/tbra041_1.jpg","type":"image\/jpeg"}],"twitter_card":"summary_large_image","twitter_misc":{"Est. reading time":"1 minut"},"schema":{"@context":"https:\/\/schema.org","@graph":[{"@type":"WebPage","@id":"https:\/\/balticoverlanders.eu\/et\/toode\/dometic-go-compact-laagri-laud\/","url":"https:\/\/balticoverlanders.eu\/et\/toode\/dometic-go-compact-laagri-laud\/","name":"Dometic GO Compact laagri laud - BALTIC OVERLANDERS","isPartOf":{"@id":"https:\/\/balticoverlanders.eu\/et\/#website"},"primaryImageOfPage":{"@id":"https:\/\/balticoverlanders.eu\/et\/toode\/dometic-go-compact-laagri-laud\/#primaryimage"},"image":{"@id":"https:\/\/balticoverlanders.eu\/et\/toode\/dometic-go-compact-laagri-laud\/#primaryimage"},"thumbnailUrl":"https:\/\/balticoverlanders.eu\/wp-content\/uploads\/2024\/02\/tbra041_1.jpg","datePublished":"2024-02-19T15:11:40+00:00","dateModified":"2024-05-06T19:40:39+00:00","description":"Dometic CMP T4 laud: Kaasaskantav, vastupidav bambuspind kokkupandavate alumiiniumjalgadega, mis pakub mitmek\u00fclgsust ja mugavust v\u00e4listegevuseks.","breadcrumb":{"@id":"https:\/\/balticoverlanders.eu\/et\/toode\/dometic-go-compact-laagri-laud\/#breadcrumb"},"inLanguage":"et","potentialAction":[{"@type":"ReadAction","target":["https:\/\/balticoverlanders.eu\/et\/toode\/dometic-go-compact-laagri-laud\/"]}]},{"@type":"ImageObject","inLanguage":"et","@id":"https:\/\/balticoverlanders.eu\/et\/toode\/dometic-go-compact-laagri-laud\/#primaryimage","url":"https:\/\/balticoverlanders.eu\/wp-content\/uploads\/2024\/02\/tbra041_1.jpg","contentUrl":"https:\/\/balticoverlanders.eu\/wp-content\/uploads\/2024\/02\/tbra041_1.jpg","width":1024,"height":768},{"@type":"BreadcrumbList","@id":"https:\/\/balticoverlanders.eu\/et\/toode\/dometic-go-compact-laagri-laud\/#breadcrumb","itemListElement":[{"@type":"ListItem","position":1,"name":"Home","item":"https:\/\/balticoverlanders.eu\/et\/home\/"},{"@type":"ListItem","position":2,"name":"Kauplus","item":"https:\/\/balticoverlanders.eu\/et\/kauplus\/"},{"@type":"ListItem","position":3,"name":"Dometic GO Compact laagri laud"}]},{"@type":"WebSite","@id":"https:\/\/balticoverlanders.eu\/et\/#website","url":"https:\/\/balticoverlanders.eu\/et\/","name":"BALTIC OVERLANDERS","description":"Your one-stop shop in Latvia, Estonia, and Lithuania for all your car camping, rooftop tent and accessory needs.","publisher":{"@id":"https:\/\/balticoverlanders.eu\/et\/#organization"},"potentialAction":[{"@type":"SearchAction","target":{"@type":"EntryPoint","urlTemplate":"https:\/\/balticoverlanders.eu\/et\/?s={search_term_string}"},"query-input":{"@type":"PropertyValueSpecification","valueRequired":true,"valueName":"search_term_string"}}],"inLanguage":"et"},{"@type":"Organization","@id":"https:\/\/balticoverlanders.eu\/et\/#organization","name":"BALTIC OVERLANDERS","url":"https:\/\/balticoverlanders.eu\/et\/","logo":{"@type":"ImageObject","inLanguage":"et","@id":"https:\/\/balticoverlanders.eu\/et\/#\/schema\/logo\/image\/","url":"https:\/\/balticoverlanders.eu\/wp-content\/uploads\/2023\/04\/BALTIC-OVERLANDERS-LOGO.jpg","contentUrl":"https:\/\/balticoverlanders.eu\/wp-content\/uploads\/2023\/04\/BALTIC-OVERLANDERS-LOGO.jpg","width":1497,"height":310,"caption":"BALTIC OVERLANDERS"},"image":{"@id":"https:\/\/balticoverlanders.eu\/et\/#\/schema\/logo\/image\/"},"sameAs":["https:\/\/www.instagram.com\/balticoverlanders\/"]}]}},"_links":{"self":[{"href":"https:\/\/balticoverlanders.eu\/et\/wp-json\/wp\/v2\/product\/39218","targetHints":{"allow":["GET"]}}],"collection":[{"href":"https:\/\/balticoverlanders.eu\/et\/wp-json\/wp\/v2\/product"}],"about":[{"href":"https:\/\/balticoverlanders.eu\/et\/wp-json\/wp\/v2\/types\/product"}],"wp:featuredmedia":[{"embeddable":true,"href":"https:\/\/balticoverlanders.eu\/et\/wp-json\/wp\/v2\/media\/31486"}],"wp:attachment":[{"href":"https:\/\/balticoverlanders.eu\/et\/wp-json\/wp\/v2\/media?parent=39218"}],"wp:term":[{"taxonomy":"product_brand","embeddable":true,"href":"https:\/\/balticoverlanders.eu\/et\/wp-json\/wp\/v2\/product_brand?post=39218"},{"taxonomy":"product_cat","embeddable":true,"href":"https:\/\/balticoverlanders.eu\/et\/wp-json\/wp\/v2\/product_cat?post=39218"},{"taxonomy":"product_tag","embeddable":true,"href":"https:\/\/balticoverlanders.eu\/et\/wp-json\/wp\/v2\/product_tag?post=39218"}],"curies":[{"name":"wp","href":"https:\/\/api.w.org\/{rel}","templated":true}]}}