{"id":39241,"date":"2024-02-19T16:59:04","date_gmt":"2024-02-19T14:59:04","guid":{"rendered":"https:\/\/balticoverlanders.eu\/product\/dometic-go-compact-laagripink-silt\/"},"modified":"2024-05-06T22:41:35","modified_gmt":"2024-05-06T19:41:35","slug":"dometic-go-compact-laagripink-silt","status":"publish","type":"product","link":"https:\/\/balticoverlanders.eu\/et\/toode\/dometic-go-compact-laagripink-silt\/","title":{"rendered":"Dometic GO Compact laagripink, Silt"},"content":{"rendered":"<p><strong>Tutvustame Dometic Go Compact laagriplatsi\/laagriplatvormi<\/strong><\/p>\n<p><strong>\u00dclevaade:<\/strong> Dometic Go Compact Camp Bench on teie lahendus kergele ja vastupidavale istumiskohale \u00f5ues, mis on valmistatud spetsiaalselt kahele inimesele. See pink pakub mugavust ja stabiilsust elegantses ja kompaktses disainis, olenemata sellest, kas olete telkimas, piknikul v\u00f5i lihtsalt \u00f5ues nautimas.<\/p>\n<p><strong>Omadused:<\/strong><\/p>\n<ul>\n<li><strong>Kahekohaline istekoht:<\/strong> Kahe t\u00e4iskasvanu jaoks, kes kannavad kuni 136 kg kehakaalu.<\/li>\n<li><strong>Ruumis\u00e4\u00e4stlik disain:<\/strong> Kokkupandav \u00fclimalt kompaktseks, mist\u00f5ttu on seda lihtne transportida ja hoiustada.<\/li>\n<li><strong>Premium konstruktsioon:<\/strong> Kergestatud alumiiniumraam ja 600D-kangas, mis tagab pikaajalise vastupidavuse.<\/li>\n<li><strong>Kaasaskantavus:<\/strong> Kaasas on mugav kandekott, mis v\u00f5imaldab h\u00f5lpsasti transportida.<\/li>\n<li><strong>Mitmek\u00fclgne kasutamine:<\/strong> T\u00e4iuslik telkimisreiside, v\u00e4li\u00fcrituste, spordi\u00fcrituste ja muude \u00fcrituste jaoks.<\/li>\n<\/ul>\n<p>Parandage oma \u00f5uekogemust Dometic Go Compact Camp Bench\/Sildiga. See on loodud mugavuse, vastupidavuse ja mugavuse tagamiseks ning on ideaalne istumislahendus teie j\u00e4rgmiseks seikluseks.<\/p>\n","protected":false},"excerpt":{"rendered":"<p>Dometic lahendab vajaduse kergete ja tugevate istumiskohtade j\u00e4rele v\u00e4ljas, pakkudes kahele inimesele m\u00f5eldud kompaktset laagripinki CMP-B2. Mahutab kuni 150 kg ja seda saab kasutada istumiskohana, jahutusaluse hoidjana v\u00f5i lihtsa lauana.<\/p>\n","protected":false},"featured_media":31457,"template":"","meta":[],"product_brand":[],"product_cat":[495,539],"product_tag":[],"class_list":{"0":"post-39241","1":"product","2":"type-product","3":"status-publish","4":"has-post-thumbnail","6":"product_cat-dometic-et","7":"product_cat-telkimispink","9":"first","10":"onbackorder","11":"taxable","12":"shipping-taxable","13":"purchasable","14":"product-type-simple"},"yoast_head":"<!-- This site is optimized with the Yoast SEO plugin v27.2 - https:\/\/yoast.com\/product\/yoast-seo-wordpress\/ -->\n<title>Dometic GO Compact laagripink, Silt - BALTIC OVERLANDERS<\/title>\n<meta name=\"description\" content=\"Dometic lahendab vajaduse kergete ja tugevate istumiskohtade j\u00e4rele v\u00e4ljas, pakkudes kahele inimesele m\u00f5eldud kompaktset laagripinki CMP-B2. Mahutab kuni 150 kg ja seda saab kasutada istumiskohana, jahutusaluse hoidjana v\u00f5i lihtsa lauana.\" \/>\n<meta name=\"robots\" content=\"index, follow, max-snippet:-1, max-image-preview:large, max-video-preview:-1\" \/>\n<link rel=\"canonical\" href=\"https:\/\/balticoverlanders.eu\/et\/toode\/dometic-go-compact-laagripink-silt\/\" \/>\n<meta property=\"og:locale\" content=\"et_EE\" \/>\n<meta property=\"og:type\" content=\"article\" \/>\n<meta property=\"og:title\" content=\"Dometic GO Compact laagripink, Silt - BALTIC OVERLANDERS\" \/>\n<meta property=\"og:description\" content=\"Dometic lahendab vajaduse kergete ja tugevate istumiskohtade j\u00e4rele v\u00e4ljas, pakkudes kahele inimesele m\u00f5eldud kompaktset laagripinki CMP-B2. Mahutab kuni 150 kg ja seda saab kasutada istumiskohana, jahutusaluse hoidjana v\u00f5i lihtsa lauana.\" \/>\n<meta property=\"og:url\" content=\"https:\/\/balticoverlanders.eu\/et\/toode\/dometic-go-compact-laagripink-silt\/\" \/>\n<meta property=\"og:site_name\" content=\"BALTIC OVERLANDERS\" \/>\n<meta property=\"article:modified_time\" content=\"2024-05-06T19:41:35+00:00\" \/>\n<meta property=\"og:image\" content=\"https:\/\/balticoverlanders.eu\/wp-content\/uploads\/2024\/02\/chai015_3.jpg\" \/>\n\t<meta property=\"og:image:width\" content=\"650\" \/>\n\t<meta property=\"og:image:height\" content=\"488\" \/>\n\t<meta property=\"og:image:type\" content=\"image\/jpeg\" \/>\n<meta name=\"twitter:card\" content=\"summary_large_image\" \/>\n<meta name=\"twitter:label1\" content=\"Est. reading time\" \/>\n\t<meta name=\"twitter:data1\" content=\"1 minut\" \/>\n<script type=\"application\/ld+json\" class=\"yoast-schema-graph\">{\"@context\":\"https:\/\/schema.org\",\"@graph\":[{\"@type\":\"WebPage\",\"@id\":\"https:\/\/balticoverlanders.eu\/et\/toode\/dometic-go-compact-laagripink-silt\/\",\"url\":\"https:\/\/balticoverlanders.eu\/et\/toode\/dometic-go-compact-laagripink-silt\/\",\"name\":\"Dometic GO Compact laagripink, Silt - BALTIC OVERLANDERS\",\"isPartOf\":{\"@id\":\"https:\/\/balticoverlanders.eu\/et\/#website\"},\"primaryImageOfPage\":{\"@id\":\"https:\/\/balticoverlanders.eu\/et\/toode\/dometic-go-compact-laagripink-silt\/#primaryimage\"},\"image\":{\"@id\":\"https:\/\/balticoverlanders.eu\/et\/toode\/dometic-go-compact-laagripink-silt\/#primaryimage\"},\"thumbnailUrl\":\"https:\/\/balticoverlanders.eu\/wp-content\/uploads\/2024\/02\/chai015_3.jpg\",\"datePublished\":\"2024-02-19T14:59:04+00:00\",\"dateModified\":\"2024-05-06T19:41:35+00:00\",\"description\":\"Dometic lahendab vajaduse kergete ja tugevate istumiskohtade j\u00e4rele v\u00e4ljas, pakkudes kahele inimesele m\u00f5eldud kompaktset laagripinki CMP-B2. Mahutab kuni 150 kg ja seda saab kasutada istumiskohana, jahutusaluse hoidjana v\u00f5i lihtsa lauana.\",\"breadcrumb\":{\"@id\":\"https:\/\/balticoverlanders.eu\/et\/toode\/dometic-go-compact-laagripink-silt\/#breadcrumb\"},\"inLanguage\":\"et\",\"potentialAction\":[{\"@type\":\"ReadAction\",\"target\":[\"https:\/\/balticoverlanders.eu\/et\/toode\/dometic-go-compact-laagripink-silt\/\"]}]},{\"@type\":\"ImageObject\",\"inLanguage\":\"et\",\"@id\":\"https:\/\/balticoverlanders.eu\/et\/toode\/dometic-go-compact-laagripink-silt\/#primaryimage\",\"url\":\"https:\/\/balticoverlanders.eu\/wp-content\/uploads\/2024\/02\/chai015_3.jpg\",\"contentUrl\":\"https:\/\/balticoverlanders.eu\/wp-content\/uploads\/2024\/02\/chai015_3.jpg\",\"width\":650,\"height\":488},{\"@type\":\"BreadcrumbList\",\"@id\":\"https:\/\/balticoverlanders.eu\/et\/toode\/dometic-go-compact-laagripink-silt\/#breadcrumb\",\"itemListElement\":[{\"@type\":\"ListItem\",\"position\":1,\"name\":\"Home\",\"item\":\"https:\/\/balticoverlanders.eu\/et\/home\/\"},{\"@type\":\"ListItem\",\"position\":2,\"name\":\"Kauplus\",\"item\":\"https:\/\/balticoverlanders.eu\/et\/kauplus\/\"},{\"@type\":\"ListItem\",\"position\":3,\"name\":\"Dometic GO Compact laagripink, Silt\"}]},{\"@type\":\"WebSite\",\"@id\":\"https:\/\/balticoverlanders.eu\/et\/#website\",\"url\":\"https:\/\/balticoverlanders.eu\/et\/\",\"name\":\"BALTIC OVERLANDERS\",\"description\":\"Your one-stop shop in Latvia, Estonia, and Lithuania for all your car camping, rooftop tent and accessory needs.\",\"publisher\":{\"@id\":\"https:\/\/balticoverlanders.eu\/et\/#organization\"},\"potentialAction\":[{\"@type\":\"SearchAction\",\"target\":{\"@type\":\"EntryPoint\",\"urlTemplate\":\"https:\/\/balticoverlanders.eu\/et\/?s={search_term_string}\"},\"query-input\":{\"@type\":\"PropertyValueSpecification\",\"valueRequired\":true,\"valueName\":\"search_term_string\"}}],\"inLanguage\":\"et\"},{\"@type\":\"Organization\",\"@id\":\"https:\/\/balticoverlanders.eu\/et\/#organization\",\"name\":\"BALTIC OVERLANDERS\",\"url\":\"https:\/\/balticoverlanders.eu\/et\/\",\"logo\":{\"@type\":\"ImageObject\",\"inLanguage\":\"et\",\"@id\":\"https:\/\/balticoverlanders.eu\/et\/#\/schema\/logo\/image\/\",\"url\":\"https:\/\/balticoverlanders.eu\/wp-content\/uploads\/2023\/04\/BALTIC-OVERLANDERS-LOGO.jpg\",\"contentUrl\":\"https:\/\/balticoverlanders.eu\/wp-content\/uploads\/2023\/04\/BALTIC-OVERLANDERS-LOGO.jpg\",\"width\":1497,\"height\":310,\"caption\":\"BALTIC OVERLANDERS\"},\"image\":{\"@id\":\"https:\/\/balticoverlanders.eu\/et\/#\/schema\/logo\/image\/\"},\"sameAs\":[\"https:\/\/www.instagram.com\/balticoverlanders\/\"]}]}<\/script>\n<!-- \/ Yoast SEO plugin. -->","yoast_head_json":{"title":"Dometic GO Compact laagripink, Silt - BALTIC OVERLANDERS","description":"Dometic lahendab vajaduse kergete ja tugevate istumiskohtade j\u00e4rele v\u00e4ljas, pakkudes kahele inimesele m\u00f5eldud kompaktset laagripinki CMP-B2. Mahutab kuni 150 kg ja seda saab kasutada istumiskohana, jahutusaluse hoidjana v\u00f5i lihtsa lauana.","robots":{"index":"index","follow":"follow","max-snippet":"max-snippet:-1","max-image-preview":"max-image-preview:large","max-video-preview":"max-video-preview:-1"},"canonical":"https:\/\/balticoverlanders.eu\/et\/toode\/dometic-go-compact-laagripink-silt\/","og_locale":"et_EE","og_type":"article","og_title":"Dometic GO Compact laagripink, Silt - BALTIC OVERLANDERS","og_description":"Dometic lahendab vajaduse kergete ja tugevate istumiskohtade j\u00e4rele v\u00e4ljas, pakkudes kahele inimesele m\u00f5eldud kompaktset laagripinki CMP-B2. Mahutab kuni 150 kg ja seda saab kasutada istumiskohana, jahutusaluse hoidjana v\u00f5i lihtsa lauana.","og_url":"https:\/\/balticoverlanders.eu\/et\/toode\/dometic-go-compact-laagripink-silt\/","og_site_name":"BALTIC OVERLANDERS","article_modified_time":"2024-05-06T19:41:35+00:00","og_image":[{"width":650,"height":488,"url":"https:\/\/balticoverlanders.eu\/wp-content\/uploads\/2024\/02\/chai015_3.jpg","type":"image\/jpeg"}],"twitter_card":"summary_large_image","twitter_misc":{"Est. reading time":"1 minut"},"schema":{"@context":"https:\/\/schema.org","@graph":[{"@type":"WebPage","@id":"https:\/\/balticoverlanders.eu\/et\/toode\/dometic-go-compact-laagripink-silt\/","url":"https:\/\/balticoverlanders.eu\/et\/toode\/dometic-go-compact-laagripink-silt\/","name":"Dometic GO Compact laagripink, Silt - BALTIC OVERLANDERS","isPartOf":{"@id":"https:\/\/balticoverlanders.eu\/et\/#website"},"primaryImageOfPage":{"@id":"https:\/\/balticoverlanders.eu\/et\/toode\/dometic-go-compact-laagripink-silt\/#primaryimage"},"image":{"@id":"https:\/\/balticoverlanders.eu\/et\/toode\/dometic-go-compact-laagripink-silt\/#primaryimage"},"thumbnailUrl":"https:\/\/balticoverlanders.eu\/wp-content\/uploads\/2024\/02\/chai015_3.jpg","datePublished":"2024-02-19T14:59:04+00:00","dateModified":"2024-05-06T19:41:35+00:00","description":"Dometic lahendab vajaduse kergete ja tugevate istumiskohtade j\u00e4rele v\u00e4ljas, pakkudes kahele inimesele m\u00f5eldud kompaktset laagripinki CMP-B2. Mahutab kuni 150 kg ja seda saab kasutada istumiskohana, jahutusaluse hoidjana v\u00f5i lihtsa lauana.","breadcrumb":{"@id":"https:\/\/balticoverlanders.eu\/et\/toode\/dometic-go-compact-laagripink-silt\/#breadcrumb"},"inLanguage":"et","potentialAction":[{"@type":"ReadAction","target":["https:\/\/balticoverlanders.eu\/et\/toode\/dometic-go-compact-laagripink-silt\/"]}]},{"@type":"ImageObject","inLanguage":"et","@id":"https:\/\/balticoverlanders.eu\/et\/toode\/dometic-go-compact-laagripink-silt\/#primaryimage","url":"https:\/\/balticoverlanders.eu\/wp-content\/uploads\/2024\/02\/chai015_3.jpg","contentUrl":"https:\/\/balticoverlanders.eu\/wp-content\/uploads\/2024\/02\/chai015_3.jpg","width":650,"height":488},{"@type":"BreadcrumbList","@id":"https:\/\/balticoverlanders.eu\/et\/toode\/dometic-go-compact-laagripink-silt\/#breadcrumb","itemListElement":[{"@type":"ListItem","position":1,"name":"Home","item":"https:\/\/balticoverlanders.eu\/et\/home\/"},{"@type":"ListItem","position":2,"name":"Kauplus","item":"https:\/\/balticoverlanders.eu\/et\/kauplus\/"},{"@type":"ListItem","position":3,"name":"Dometic GO Compact laagripink, Silt"}]},{"@type":"WebSite","@id":"https:\/\/balticoverlanders.eu\/et\/#website","url":"https:\/\/balticoverlanders.eu\/et\/","name":"BALTIC OVERLANDERS","description":"Your one-stop shop in Latvia, Estonia, and Lithuania for all your car camping, rooftop tent and accessory needs.","publisher":{"@id":"https:\/\/balticoverlanders.eu\/et\/#organization"},"potentialAction":[{"@type":"SearchAction","target":{"@type":"EntryPoint","urlTemplate":"https:\/\/balticoverlanders.eu\/et\/?s={search_term_string}"},"query-input":{"@type":"PropertyValueSpecification","valueRequired":true,"valueName":"search_term_string"}}],"inLanguage":"et"},{"@type":"Organization","@id":"https:\/\/balticoverlanders.eu\/et\/#organization","name":"BALTIC OVERLANDERS","url":"https:\/\/balticoverlanders.eu\/et\/","logo":{"@type":"ImageObject","inLanguage":"et","@id":"https:\/\/balticoverlanders.eu\/et\/#\/schema\/logo\/image\/","url":"https:\/\/balticoverlanders.eu\/wp-content\/uploads\/2023\/04\/BALTIC-OVERLANDERS-LOGO.jpg","contentUrl":"https:\/\/balticoverlanders.eu\/wp-content\/uploads\/2023\/04\/BALTIC-OVERLANDERS-LOGO.jpg","width":1497,"height":310,"caption":"BALTIC OVERLANDERS"},"image":{"@id":"https:\/\/balticoverlanders.eu\/et\/#\/schema\/logo\/image\/"},"sameAs":["https:\/\/www.instagram.com\/balticoverlanders\/"]}]}},"_links":{"self":[{"href":"https:\/\/balticoverlanders.eu\/et\/wp-json\/wp\/v2\/product\/39241","targetHints":{"allow":["GET"]}}],"collection":[{"href":"https:\/\/balticoverlanders.eu\/et\/wp-json\/wp\/v2\/product"}],"about":[{"href":"https:\/\/balticoverlanders.eu\/et\/wp-json\/wp\/v2\/types\/product"}],"wp:featuredmedia":[{"embeddable":true,"href":"https:\/\/balticoverlanders.eu\/et\/wp-json\/wp\/v2\/media\/31457"}],"wp:attachment":[{"href":"https:\/\/balticoverlanders.eu\/et\/wp-json\/wp\/v2\/media?parent=39241"}],"wp:term":[{"taxonomy":"product_brand","embeddable":true,"href":"https:\/\/balticoverlanders.eu\/et\/wp-json\/wp\/v2\/product_brand?post=39241"},{"taxonomy":"product_cat","embeddable":true,"href":"https:\/\/balticoverlanders.eu\/et\/wp-json\/wp\/v2\/product_cat?post=39241"},{"taxonomy":"product_tag","embeddable":true,"href":"https:\/\/balticoverlanders.eu\/et\/wp-json\/wp\/v2\/product_tag?post=39241"}],"curies":[{"name":"wp","href":"https:\/\/api.w.org\/{rel}","templated":true}]}}