{"id":39242,"date":"2024-02-19T16:24:20","date_gmt":"2024-02-19T14:24:20","guid":{"rendered":"https:\/\/balticoverlanders.eu\/product\/dometic-go-hydration-water-jug-11l-hydration-water-faucet-combo\/"},"modified":"2024-05-06T22:41:36","modified_gmt":"2024-05-06T19:41:36","slug":"dometic-go-hydration-water-jug-11l-hydration-water-faucet-combo","status":"publish","type":"product","link":"https:\/\/balticoverlanders.eu\/et\/toode\/dometic-go-hydration-water-jug-11l-hydration-water-faucet-combo\/","title":{"rendered":"Dometic GO Hydration Water Jug 11L &amp; Hydration Water Faucet combo"},"content":{"rendered":"<ul>\n<li><strong>Maksimaalne v\u00f5imsus<\/strong>: Meie veemahuti \u00fcletab standardseid suurusi, tagades teile piisava varustuse oma seiklusteks v\u00e4ljas.<\/li>\n<li><strong>Mitmek\u00fclgsed v\u00e4ljastusv\u00f5imalused<\/strong>: Nautige mitmete doseerimisv\u00f5imaluste mugavust, sealhulgas kaks avaust, mis on m\u00f5eldud lihtsaks t\u00e4itmiseks, doseerimiseks ja puhastamiseks.<\/li>\n<li><strong>Kaasaskantav disain<\/strong>: See konteiner on valmistatud kaasaskantavust silmas pidades ja sobib ideaalselt s\u00f5idukist telkimisplatsile transportimiseks. Selle \u00f5huke profiil sobib h\u00f5lpsasti teie s\u00f5iduki rattaaluse taha, et seda saaks h\u00f5lpsasti hoiustada.<\/li>\n<li><strong>Mugav k\u00e4sitsemine<\/strong>: Dometic GO Max veekonteiner on varustatud eemaldatavate rihmaga kandek\u00e4epidemetega, mis tagab mugava transpordi. Sisseehitatud kinnitusjuhid tagavad turvalise k\u00e4sitsemise reisi ajal.<\/li>\n<li><strong>T\u00e4iustatud funktsionaalsus<\/strong>: See konteiner pakub lisav\u00f5imalusi teie v\u00e4listingimustes.<\/li>\n<li><strong>Turvaline ja vastupidav konstruktsioon<\/strong>: Meie veekonteiner on valmistatud BPA-vabast, toiduks kasutatavast LDPE-st, mis seab ohutuse ja vastupidavuse esikohale, et tagada teie meelerahu.<\/li>\n<li><strong>Mugav kasutamine<\/strong>: Kogege probleemivaba kasutamist Dometic GO h\u00fcdratsiooniveekraani lihtsa \u00fche puudutusega funktsiooniga, mis kuulub ostu juurde.<\/li>\n<\/ul>\n","protected":false},"excerpt":{"rendered":"<p>Dometic&#8217;s Hydration Water Jug 11 l\/2.9Gal &amp; Faucet v\u00f5imaldab teil h\u00f5lpsasti hoida ja valada vajalikku vett. Hoidke seda oma s\u00f5idukis v\u00f5i telkimiskohas, et tagada mugav ja turvaline 11-liitrine veevarustus.<\/p>\n","protected":false},"featured_media":31371,"template":"","meta":[],"product_brand":[],"product_cat":[495,542],"product_tag":[],"class_list":{"0":"post-39242","1":"product","2":"type-product","3":"status-publish","4":"has-post-thumbnail","6":"product_cat-dometic-et","7":"product_cat-hudratsioon","9":"first","10":"onbackorder","11":"taxable","12":"shipping-taxable","13":"purchasable","14":"product-type-variable"},"yoast_head":"<!-- This site is optimized with the Yoast SEO plugin v27.3 - https:\/\/yoast.com\/product\/yoast-seo-wordpress\/ -->\n<title>Dometic GO Hydration Water Jug 11L &amp; Hydration Water Faucet combo - BALTIC OVERLANDERS<\/title>\n<meta name=\"description\" content=\"Dometic&#039;s Hydration Water Jug 11 l\/2.9Gal &amp; Faucet v\u00f5imaldab teil h\u00f5lpsasti hoida ja valada vajalikku vett.\" \/>\n<meta name=\"robots\" content=\"index, follow, max-snippet:-1, max-image-preview:large, max-video-preview:-1\" \/>\n<link rel=\"canonical\" href=\"https:\/\/balticoverlanders.eu\/et\/toode\/dometic-go-hydration-water-jug-11l-hydration-water-faucet-combo\/\" \/>\n<meta property=\"og:locale\" content=\"et_EE\" \/>\n<meta property=\"og:type\" content=\"article\" \/>\n<meta property=\"og:title\" content=\"Dometic GO Hydration Water Jug 11L &amp; Hydration Water Faucet combo - BALTIC OVERLANDERS\" \/>\n<meta property=\"og:description\" content=\"Dometic&#039;s Hydration Water Jug 11 l\/2.9Gal &amp; Faucet v\u00f5imaldab teil h\u00f5lpsasti hoida ja valada vajalikku vett.\" \/>\n<meta property=\"og:url\" content=\"https:\/\/balticoverlanders.eu\/et\/toode\/dometic-go-hydration-water-jug-11l-hydration-water-faucet-combo\/\" \/>\n<meta property=\"og:site_name\" content=\"BALTIC OVERLANDERS\" \/>\n<meta property=\"article:modified_time\" content=\"2024-05-06T19:41:36+00:00\" \/>\n<meta property=\"og:image\" content=\"https:\/\/balticoverlanders.eu\/wp-content\/uploads\/2024\/02\/newwtan075con.jpg\" \/>\n\t<meta property=\"og:image:width\" content=\"1024\" \/>\n\t<meta property=\"og:image:height\" content=\"768\" \/>\n\t<meta property=\"og:image:type\" content=\"image\/jpeg\" \/>\n<meta name=\"twitter:card\" content=\"summary_large_image\" \/>\n<meta name=\"twitter:label1\" content=\"Est. reading time\" \/>\n\t<meta name=\"twitter:data1\" content=\"1 minut\" \/>\n<script type=\"application\/ld+json\" class=\"yoast-schema-graph\">{\"@context\":\"https:\\\/\\\/schema.org\",\"@graph\":[{\"@type\":\"WebPage\",\"@id\":\"https:\\\/\\\/balticoverlanders.eu\\\/et\\\/toode\\\/dometic-go-hydration-water-jug-11l-hydration-water-faucet-combo\\\/\",\"url\":\"https:\\\/\\\/balticoverlanders.eu\\\/et\\\/toode\\\/dometic-go-hydration-water-jug-11l-hydration-water-faucet-combo\\\/\",\"name\":\"Dometic GO Hydration Water Jug 11L &amp; Hydration Water Faucet combo - BALTIC OVERLANDERS\",\"isPartOf\":{\"@id\":\"https:\\\/\\\/balticoverlanders.eu\\\/et\\\/#website\"},\"primaryImageOfPage\":{\"@id\":\"https:\\\/\\\/balticoverlanders.eu\\\/et\\\/toode\\\/dometic-go-hydration-water-jug-11l-hydration-water-faucet-combo\\\/#primaryimage\"},\"image\":{\"@id\":\"https:\\\/\\\/balticoverlanders.eu\\\/et\\\/toode\\\/dometic-go-hydration-water-jug-11l-hydration-water-faucet-combo\\\/#primaryimage\"},\"thumbnailUrl\":\"https:\\\/\\\/balticoverlanders.eu\\\/wp-content\\\/uploads\\\/2024\\\/02\\\/newwtan075con.jpg\",\"datePublished\":\"2024-02-19T14:24:20+00:00\",\"dateModified\":\"2024-05-06T19:41:36+00:00\",\"description\":\"Dometic's Hydration Water Jug 11 l\\\/2.9Gal & Faucet v\u00f5imaldab teil h\u00f5lpsasti hoida ja valada vajalikku vett.\",\"breadcrumb\":{\"@id\":\"https:\\\/\\\/balticoverlanders.eu\\\/et\\\/toode\\\/dometic-go-hydration-water-jug-11l-hydration-water-faucet-combo\\\/#breadcrumb\"},\"inLanguage\":\"et\",\"potentialAction\":[{\"@type\":\"ReadAction\",\"target\":[\"https:\\\/\\\/balticoverlanders.eu\\\/et\\\/toode\\\/dometic-go-hydration-water-jug-11l-hydration-water-faucet-combo\\\/\"]}]},{\"@type\":\"ImageObject\",\"inLanguage\":\"et\",\"@id\":\"https:\\\/\\\/balticoverlanders.eu\\\/et\\\/toode\\\/dometic-go-hydration-water-jug-11l-hydration-water-faucet-combo\\\/#primaryimage\",\"url\":\"https:\\\/\\\/balticoverlanders.eu\\\/wp-content\\\/uploads\\\/2024\\\/02\\\/newwtan075con.jpg\",\"contentUrl\":\"https:\\\/\\\/balticoverlanders.eu\\\/wp-content\\\/uploads\\\/2024\\\/02\\\/newwtan075con.jpg\",\"width\":1024,\"height\":768},{\"@type\":\"BreadcrumbList\",\"@id\":\"https:\\\/\\\/balticoverlanders.eu\\\/et\\\/toode\\\/dometic-go-hydration-water-jug-11l-hydration-water-faucet-combo\\\/#breadcrumb\",\"itemListElement\":[{\"@type\":\"ListItem\",\"position\":1,\"name\":\"Home\",\"item\":\"https:\\\/\\\/balticoverlanders.eu\\\/et\\\/home\\\/\"},{\"@type\":\"ListItem\",\"position\":2,\"name\":\"Kauplus\",\"item\":\"https:\\\/\\\/balticoverlanders.eu\\\/et\\\/kauplus\\\/\"},{\"@type\":\"ListItem\",\"position\":3,\"name\":\"Dometic GO Hydration Water Jug 11L &amp; Hydration Water Faucet combo\"}]},{\"@type\":\"WebSite\",\"@id\":\"https:\\\/\\\/balticoverlanders.eu\\\/et\\\/#website\",\"url\":\"https:\\\/\\\/balticoverlanders.eu\\\/et\\\/\",\"name\":\"BALTIC OVERLANDERS\",\"description\":\"Your one-stop shop in Latvia, Estonia, and Lithuania for all your car camping, rooftop tent and accessory needs.\",\"publisher\":{\"@id\":\"https:\\\/\\\/balticoverlanders.eu\\\/et\\\/#organization\"},\"potentialAction\":[{\"@type\":\"SearchAction\",\"target\":{\"@type\":\"EntryPoint\",\"urlTemplate\":\"https:\\\/\\\/balticoverlanders.eu\\\/et\\\/?s={search_term_string}\"},\"query-input\":{\"@type\":\"PropertyValueSpecification\",\"valueRequired\":true,\"valueName\":\"search_term_string\"}}],\"inLanguage\":\"et\"},{\"@type\":\"Organization\",\"@id\":\"https:\\\/\\\/balticoverlanders.eu\\\/et\\\/#organization\",\"name\":\"BALTIC OVERLANDERS\",\"url\":\"https:\\\/\\\/balticoverlanders.eu\\\/et\\\/\",\"logo\":{\"@type\":\"ImageObject\",\"inLanguage\":\"et\",\"@id\":\"https:\\\/\\\/balticoverlanders.eu\\\/et\\\/#\\\/schema\\\/logo\\\/image\\\/\",\"url\":\"https:\\\/\\\/balticoverlanders.eu\\\/wp-content\\\/uploads\\\/2023\\\/04\\\/BALTIC-OVERLANDERS-LOGO.jpg\",\"contentUrl\":\"https:\\\/\\\/balticoverlanders.eu\\\/wp-content\\\/uploads\\\/2023\\\/04\\\/BALTIC-OVERLANDERS-LOGO.jpg\",\"width\":1497,\"height\":310,\"caption\":\"BALTIC OVERLANDERS\"},\"image\":{\"@id\":\"https:\\\/\\\/balticoverlanders.eu\\\/et\\\/#\\\/schema\\\/logo\\\/image\\\/\"},\"sameAs\":[\"https:\\\/\\\/www.instagram.com\\\/balticoverlanders\\\/\"]}]}<\/script>\n<!-- \/ Yoast SEO plugin. -->","yoast_head_json":{"title":"Dometic GO Hydration Water Jug 11L &amp; Hydration Water Faucet combo - BALTIC OVERLANDERS","description":"Dometic's Hydration Water Jug 11 l\/2.9Gal & Faucet v\u00f5imaldab teil h\u00f5lpsasti hoida ja valada vajalikku vett.","robots":{"index":"index","follow":"follow","max-snippet":"max-snippet:-1","max-image-preview":"max-image-preview:large","max-video-preview":"max-video-preview:-1"},"canonical":"https:\/\/balticoverlanders.eu\/et\/toode\/dometic-go-hydration-water-jug-11l-hydration-water-faucet-combo\/","og_locale":"et_EE","og_type":"article","og_title":"Dometic GO Hydration Water Jug 11L &amp; Hydration Water Faucet combo - BALTIC OVERLANDERS","og_description":"Dometic's Hydration Water Jug 11 l\/2.9Gal & Faucet v\u00f5imaldab teil h\u00f5lpsasti hoida ja valada vajalikku vett.","og_url":"https:\/\/balticoverlanders.eu\/et\/toode\/dometic-go-hydration-water-jug-11l-hydration-water-faucet-combo\/","og_site_name":"BALTIC OVERLANDERS","article_modified_time":"2024-05-06T19:41:36+00:00","og_image":[{"width":1024,"height":768,"url":"https:\/\/balticoverlanders.eu\/wp-content\/uploads\/2024\/02\/newwtan075con.jpg","type":"image\/jpeg"}],"twitter_card":"summary_large_image","twitter_misc":{"Est. reading time":"1 minut"},"schema":{"@context":"https:\/\/schema.org","@graph":[{"@type":"WebPage","@id":"https:\/\/balticoverlanders.eu\/et\/toode\/dometic-go-hydration-water-jug-11l-hydration-water-faucet-combo\/","url":"https:\/\/balticoverlanders.eu\/et\/toode\/dometic-go-hydration-water-jug-11l-hydration-water-faucet-combo\/","name":"Dometic GO Hydration Water Jug 11L &amp; Hydration Water Faucet combo - BALTIC OVERLANDERS","isPartOf":{"@id":"https:\/\/balticoverlanders.eu\/et\/#website"},"primaryImageOfPage":{"@id":"https:\/\/balticoverlanders.eu\/et\/toode\/dometic-go-hydration-water-jug-11l-hydration-water-faucet-combo\/#primaryimage"},"image":{"@id":"https:\/\/balticoverlanders.eu\/et\/toode\/dometic-go-hydration-water-jug-11l-hydration-water-faucet-combo\/#primaryimage"},"thumbnailUrl":"https:\/\/balticoverlanders.eu\/wp-content\/uploads\/2024\/02\/newwtan075con.jpg","datePublished":"2024-02-19T14:24:20+00:00","dateModified":"2024-05-06T19:41:36+00:00","description":"Dometic's Hydration Water Jug 11 l\/2.9Gal & Faucet v\u00f5imaldab teil h\u00f5lpsasti hoida ja valada vajalikku vett.","breadcrumb":{"@id":"https:\/\/balticoverlanders.eu\/et\/toode\/dometic-go-hydration-water-jug-11l-hydration-water-faucet-combo\/#breadcrumb"},"inLanguage":"et","potentialAction":[{"@type":"ReadAction","target":["https:\/\/balticoverlanders.eu\/et\/toode\/dometic-go-hydration-water-jug-11l-hydration-water-faucet-combo\/"]}]},{"@type":"ImageObject","inLanguage":"et","@id":"https:\/\/balticoverlanders.eu\/et\/toode\/dometic-go-hydration-water-jug-11l-hydration-water-faucet-combo\/#primaryimage","url":"https:\/\/balticoverlanders.eu\/wp-content\/uploads\/2024\/02\/newwtan075con.jpg","contentUrl":"https:\/\/balticoverlanders.eu\/wp-content\/uploads\/2024\/02\/newwtan075con.jpg","width":1024,"height":768},{"@type":"BreadcrumbList","@id":"https:\/\/balticoverlanders.eu\/et\/toode\/dometic-go-hydration-water-jug-11l-hydration-water-faucet-combo\/#breadcrumb","itemListElement":[{"@type":"ListItem","position":1,"name":"Home","item":"https:\/\/balticoverlanders.eu\/et\/home\/"},{"@type":"ListItem","position":2,"name":"Kauplus","item":"https:\/\/balticoverlanders.eu\/et\/kauplus\/"},{"@type":"ListItem","position":3,"name":"Dometic GO Hydration Water Jug 11L &amp; Hydration Water Faucet combo"}]},{"@type":"WebSite","@id":"https:\/\/balticoverlanders.eu\/et\/#website","url":"https:\/\/balticoverlanders.eu\/et\/","name":"BALTIC OVERLANDERS","description":"Your one-stop shop in Latvia, Estonia, and Lithuania for all your car camping, rooftop tent and accessory needs.","publisher":{"@id":"https:\/\/balticoverlanders.eu\/et\/#organization"},"potentialAction":[{"@type":"SearchAction","target":{"@type":"EntryPoint","urlTemplate":"https:\/\/balticoverlanders.eu\/et\/?s={search_term_string}"},"query-input":{"@type":"PropertyValueSpecification","valueRequired":true,"valueName":"search_term_string"}}],"inLanguage":"et"},{"@type":"Organization","@id":"https:\/\/balticoverlanders.eu\/et\/#organization","name":"BALTIC OVERLANDERS","url":"https:\/\/balticoverlanders.eu\/et\/","logo":{"@type":"ImageObject","inLanguage":"et","@id":"https:\/\/balticoverlanders.eu\/et\/#\/schema\/logo\/image\/","url":"https:\/\/balticoverlanders.eu\/wp-content\/uploads\/2023\/04\/BALTIC-OVERLANDERS-LOGO.jpg","contentUrl":"https:\/\/balticoverlanders.eu\/wp-content\/uploads\/2023\/04\/BALTIC-OVERLANDERS-LOGO.jpg","width":1497,"height":310,"caption":"BALTIC OVERLANDERS"},"image":{"@id":"https:\/\/balticoverlanders.eu\/et\/#\/schema\/logo\/image\/"},"sameAs":["https:\/\/www.instagram.com\/balticoverlanders\/"]}]}},"_links":{"self":[{"href":"https:\/\/balticoverlanders.eu\/et\/wp-json\/wp\/v2\/product\/39242","targetHints":{"allow":["GET"]}}],"collection":[{"href":"https:\/\/balticoverlanders.eu\/et\/wp-json\/wp\/v2\/product"}],"about":[{"href":"https:\/\/balticoverlanders.eu\/et\/wp-json\/wp\/v2\/types\/product"}],"wp:featuredmedia":[{"embeddable":true,"href":"https:\/\/balticoverlanders.eu\/et\/wp-json\/wp\/v2\/media\/31371"}],"wp:attachment":[{"href":"https:\/\/balticoverlanders.eu\/et\/wp-json\/wp\/v2\/media?parent=39242"}],"wp:term":[{"taxonomy":"product_brand","embeddable":true,"href":"https:\/\/balticoverlanders.eu\/et\/wp-json\/wp\/v2\/product_brand?post=39242"},{"taxonomy":"product_cat","embeddable":true,"href":"https:\/\/balticoverlanders.eu\/et\/wp-json\/wp\/v2\/product_cat?post=39242"},{"taxonomy":"product_tag","embeddable":true,"href":"https:\/\/balticoverlanders.eu\/et\/wp-json\/wp\/v2\/product_tag?post=39242"}],"curies":[{"name":"wp","href":"https:\/\/api.w.org\/{rel}","templated":true}]}}