{"id":39243,"date":"2024-02-18T17:23:48","date_gmt":"2024-02-18T15:23:48","guid":{"rendered":"https:\/\/balticoverlanders.eu\/product\/dometic-go-hydration-veekraan-kaasaskantav-isetoituv-veekraan\/"},"modified":"2024-05-06T22:41:36","modified_gmt":"2024-05-06T19:41:36","slug":"dometic-go-hydration-veekraan-kaasaskantav-isetoituv-veekraan","status":"publish","type":"product","link":"https:\/\/balticoverlanders.eu\/et\/toode\/dometic-go-hydration-veekraan-kaasaskantav-isetoituv-veekraan\/","title":{"rendered":"Dometic GO Hydration veekraan Kaasaskantav, isetoituv veekraan"},"content":{"rendered":"<p><strong>Peamised omadused:<\/strong><\/p>\n<ul>\n<li><strong>Puuteoperatsioon<\/strong>: Lihtne puutetundlik juhtimine muudab kraani kasutamise lihtsaks, automaatne v\u00e4ljal\u00fclitus tagab optimaalse vees\u00e4\u00e4stu.<\/li>\n<li><strong>Integreeritud LED-valgus<\/strong>: Integreeritud LED-valguse abil saate h\u00f5lpsasti liikuda \u00f6\u00f6sel v\u00f5i h\u00e4maras olukorras, tagades n\u00e4htavuse ja mugavuse.<\/li>\n<li><strong>Topeltpuudutuse funktsionaalsus<\/strong>: Aktiveerib veevoolu koheselt topeltkraaniga, mis v\u00f5imaldab kiiret ja t\u00f5husat v\u00e4ljastamist.<\/li>\n<li><strong>Mitmek\u00fclgne paigutus<\/strong>: Magnetiline alus, mis v\u00f5imaldab turvalist kasutamist erinevatel pindadel.<\/li>\n<li><strong>Pikaajaline aku<\/strong>: Suure mahutavusega aku, mille abil saate nautida kuni 150 liitri vee v\u00e4ljastamist \u00fche laadimisega, tagades pikemaajalise kasutamise ilma katkestusteta.<\/li>\n<li><strong>Vastupidav konstruktsioon<\/strong>: Meie IPX4-klassiga kraan on valmistatud BPA-vabadest, toiduainetele sobivatest materjalidest, mis tagavad vastupidavuse ja ohutuse.<\/li>\n<li><strong>\u00dchildub vesikannuga<\/strong>: Saamatult integreerub Hydration Water Jugiga, et saada t\u00e4ielik h\u00fcdratsioonilahendus.<\/li>\n<li><strong>Osa Dometic Go kollektsioonist<\/strong>: Meie veekraan on osa Dometic Go kollektsioonist, mis on loodud teie \u00f5ues seikluste t\u00e4iendamiseks, pakkudes v\u00f5rratut funktsionaalsust ja usaldusv\u00e4\u00e4rsust.<\/li>\n<\/ul>\n","protected":false},"excerpt":{"rendered":"<p>Dometici HYD WF h\u00fcdratsiooniveehurt muudab mis tahes veepaagi v\u00e4lik\u00f6\u00f6gi kraaniks, v\u00f5imaldades teil anda ainult seda, mida vajate, ilma raiskamiseta. \u00dchendage HYD J11 h\u00fcdratsiooniveekannuga v\u00f5i m\u00f5ne muu veepaagiga, et saada vett alati, kui seda vajate.<\/p>\n","protected":false},"featured_media":31342,"template":"","meta":[],"product_brand":[],"product_cat":[495,542],"product_tag":[],"class_list":{"0":"post-39243","1":"product","2":"type-product","3":"status-publish","4":"has-post-thumbnail","6":"product_cat-dometic-et","7":"product_cat-hudratsioon","9":"first","10":"onbackorder","11":"taxable","12":"shipping-taxable","13":"purchasable","14":"product-type-simple"},"yoast_head":"<!-- This site is optimized with the Yoast SEO plugin v27.3 - https:\/\/yoast.com\/product\/yoast-seo-wordpress\/ -->\n<title>Dometic GO Hydration veekraan Kaasaskantav, isetoituv veekraan - BALTIC OVERLANDERS<\/title>\n<meta name=\"description\" content=\"&quot;Avastage Dometic&#039;i HYD WF h\u00fcdratsiooniveekraan v\u00e4litingimustes, mis muudab iga mahuti k\u00f6\u00f6gikraaniks ilma j\u00e4\u00e4tmeteta.&quot;\" \/>\n<meta name=\"robots\" content=\"index, follow, max-snippet:-1, max-image-preview:large, max-video-preview:-1\" \/>\n<link rel=\"canonical\" href=\"https:\/\/balticoverlanders.eu\/et\/toode\/dometic-go-hydration-veekraan-kaasaskantav-isetoituv-veekraan\/\" \/>\n<meta property=\"og:locale\" content=\"et_EE\" \/>\n<meta property=\"og:type\" content=\"article\" \/>\n<meta property=\"og:title\" content=\"Dometic GO Hydration veekraan Kaasaskantav, isetoituv veekraan - BALTIC OVERLANDERS\" \/>\n<meta property=\"og:description\" content=\"&quot;Avastage Dometic&#039;i HYD WF h\u00fcdratsiooniveekraan v\u00e4litingimustes, mis muudab iga mahuti k\u00f6\u00f6gikraaniks ilma j\u00e4\u00e4tmeteta.&quot;\" \/>\n<meta property=\"og:url\" content=\"https:\/\/balticoverlanders.eu\/et\/toode\/dometic-go-hydration-veekraan-kaasaskantav-isetoituv-veekraan\/\" \/>\n<meta property=\"og:site_name\" content=\"BALTIC OVERLANDERS\" \/>\n<meta property=\"article:modified_time\" content=\"2024-05-06T19:41:36+00:00\" \/>\n<meta property=\"og:image\" content=\"https:\/\/balticoverlanders.eu\/wp-content\/uploads\/2024\/02\/wtan068_1.jpg\" \/>\n\t<meta property=\"og:image:width\" content=\"650\" \/>\n\t<meta property=\"og:image:height\" content=\"488\" \/>\n\t<meta property=\"og:image:type\" content=\"image\/jpeg\" \/>\n<meta name=\"twitter:card\" content=\"summary_large_image\" \/>\n<meta name=\"twitter:label1\" content=\"Est. reading time\" \/>\n\t<meta name=\"twitter:data1\" content=\"1 minut\" \/>\n<script type=\"application\/ld+json\" class=\"yoast-schema-graph\">{\"@context\":\"https:\\\/\\\/schema.org\",\"@graph\":[{\"@type\":\"WebPage\",\"@id\":\"https:\\\/\\\/balticoverlanders.eu\\\/et\\\/toode\\\/dometic-go-hydration-veekraan-kaasaskantav-isetoituv-veekraan\\\/\",\"url\":\"https:\\\/\\\/balticoverlanders.eu\\\/et\\\/toode\\\/dometic-go-hydration-veekraan-kaasaskantav-isetoituv-veekraan\\\/\",\"name\":\"Dometic GO Hydration veekraan Kaasaskantav, isetoituv veekraan - BALTIC OVERLANDERS\",\"isPartOf\":{\"@id\":\"https:\\\/\\\/balticoverlanders.eu\\\/et\\\/#website\"},\"primaryImageOfPage\":{\"@id\":\"https:\\\/\\\/balticoverlanders.eu\\\/et\\\/toode\\\/dometic-go-hydration-veekraan-kaasaskantav-isetoituv-veekraan\\\/#primaryimage\"},\"image\":{\"@id\":\"https:\\\/\\\/balticoverlanders.eu\\\/et\\\/toode\\\/dometic-go-hydration-veekraan-kaasaskantav-isetoituv-veekraan\\\/#primaryimage\"},\"thumbnailUrl\":\"https:\\\/\\\/balticoverlanders.eu\\\/wp-content\\\/uploads\\\/2024\\\/02\\\/wtan068_1.jpg\",\"datePublished\":\"2024-02-18T15:23:48+00:00\",\"dateModified\":\"2024-05-06T19:41:36+00:00\",\"description\":\"\\\"Avastage Dometic'i HYD WF h\u00fcdratsiooniveekraan v\u00e4litingimustes, mis muudab iga mahuti k\u00f6\u00f6gikraaniks ilma j\u00e4\u00e4tmeteta.\\\"\",\"breadcrumb\":{\"@id\":\"https:\\\/\\\/balticoverlanders.eu\\\/et\\\/toode\\\/dometic-go-hydration-veekraan-kaasaskantav-isetoituv-veekraan\\\/#breadcrumb\"},\"inLanguage\":\"et\",\"potentialAction\":[{\"@type\":\"ReadAction\",\"target\":[\"https:\\\/\\\/balticoverlanders.eu\\\/et\\\/toode\\\/dometic-go-hydration-veekraan-kaasaskantav-isetoituv-veekraan\\\/\"]}]},{\"@type\":\"ImageObject\",\"inLanguage\":\"et\",\"@id\":\"https:\\\/\\\/balticoverlanders.eu\\\/et\\\/toode\\\/dometic-go-hydration-veekraan-kaasaskantav-isetoituv-veekraan\\\/#primaryimage\",\"url\":\"https:\\\/\\\/balticoverlanders.eu\\\/wp-content\\\/uploads\\\/2024\\\/02\\\/wtan068_1.jpg\",\"contentUrl\":\"https:\\\/\\\/balticoverlanders.eu\\\/wp-content\\\/uploads\\\/2024\\\/02\\\/wtan068_1.jpg\",\"width\":650,\"height\":488},{\"@type\":\"BreadcrumbList\",\"@id\":\"https:\\\/\\\/balticoverlanders.eu\\\/et\\\/toode\\\/dometic-go-hydration-veekraan-kaasaskantav-isetoituv-veekraan\\\/#breadcrumb\",\"itemListElement\":[{\"@type\":\"ListItem\",\"position\":1,\"name\":\"Home\",\"item\":\"https:\\\/\\\/balticoverlanders.eu\\\/et\\\/home\\\/\"},{\"@type\":\"ListItem\",\"position\":2,\"name\":\"Kauplus\",\"item\":\"https:\\\/\\\/balticoverlanders.eu\\\/et\\\/kauplus\\\/\"},{\"@type\":\"ListItem\",\"position\":3,\"name\":\"Dometic GO Hydration veekraan Kaasaskantav, isetoituv veekraan\"}]},{\"@type\":\"WebSite\",\"@id\":\"https:\\\/\\\/balticoverlanders.eu\\\/et\\\/#website\",\"url\":\"https:\\\/\\\/balticoverlanders.eu\\\/et\\\/\",\"name\":\"BALTIC OVERLANDERS\",\"description\":\"Your one-stop shop in Latvia, Estonia, and Lithuania for all your car camping, rooftop tent and accessory needs.\",\"publisher\":{\"@id\":\"https:\\\/\\\/balticoverlanders.eu\\\/et\\\/#organization\"},\"potentialAction\":[{\"@type\":\"SearchAction\",\"target\":{\"@type\":\"EntryPoint\",\"urlTemplate\":\"https:\\\/\\\/balticoverlanders.eu\\\/et\\\/?s={search_term_string}\"},\"query-input\":{\"@type\":\"PropertyValueSpecification\",\"valueRequired\":true,\"valueName\":\"search_term_string\"}}],\"inLanguage\":\"et\"},{\"@type\":\"Organization\",\"@id\":\"https:\\\/\\\/balticoverlanders.eu\\\/et\\\/#organization\",\"name\":\"BALTIC OVERLANDERS\",\"url\":\"https:\\\/\\\/balticoverlanders.eu\\\/et\\\/\",\"logo\":{\"@type\":\"ImageObject\",\"inLanguage\":\"et\",\"@id\":\"https:\\\/\\\/balticoverlanders.eu\\\/et\\\/#\\\/schema\\\/logo\\\/image\\\/\",\"url\":\"https:\\\/\\\/balticoverlanders.eu\\\/wp-content\\\/uploads\\\/2023\\\/04\\\/BALTIC-OVERLANDERS-LOGO.jpg\",\"contentUrl\":\"https:\\\/\\\/balticoverlanders.eu\\\/wp-content\\\/uploads\\\/2023\\\/04\\\/BALTIC-OVERLANDERS-LOGO.jpg\",\"width\":1497,\"height\":310,\"caption\":\"BALTIC OVERLANDERS\"},\"image\":{\"@id\":\"https:\\\/\\\/balticoverlanders.eu\\\/et\\\/#\\\/schema\\\/logo\\\/image\\\/\"},\"sameAs\":[\"https:\\\/\\\/www.instagram.com\\\/balticoverlanders\\\/\"]}]}<\/script>\n<!-- \/ Yoast SEO plugin. -->","yoast_head_json":{"title":"Dometic GO Hydration veekraan Kaasaskantav, isetoituv veekraan - BALTIC OVERLANDERS","description":"\"Avastage Dometic'i HYD WF h\u00fcdratsiooniveekraan v\u00e4litingimustes, mis muudab iga mahuti k\u00f6\u00f6gikraaniks ilma j\u00e4\u00e4tmeteta.\"","robots":{"index":"index","follow":"follow","max-snippet":"max-snippet:-1","max-image-preview":"max-image-preview:large","max-video-preview":"max-video-preview:-1"},"canonical":"https:\/\/balticoverlanders.eu\/et\/toode\/dometic-go-hydration-veekraan-kaasaskantav-isetoituv-veekraan\/","og_locale":"et_EE","og_type":"article","og_title":"Dometic GO Hydration veekraan Kaasaskantav, isetoituv veekraan - BALTIC OVERLANDERS","og_description":"\"Avastage Dometic'i HYD WF h\u00fcdratsiooniveekraan v\u00e4litingimustes, mis muudab iga mahuti k\u00f6\u00f6gikraaniks ilma j\u00e4\u00e4tmeteta.\"","og_url":"https:\/\/balticoverlanders.eu\/et\/toode\/dometic-go-hydration-veekraan-kaasaskantav-isetoituv-veekraan\/","og_site_name":"BALTIC OVERLANDERS","article_modified_time":"2024-05-06T19:41:36+00:00","og_image":[{"width":650,"height":488,"url":"https:\/\/balticoverlanders.eu\/wp-content\/uploads\/2024\/02\/wtan068_1.jpg","type":"image\/jpeg"}],"twitter_card":"summary_large_image","twitter_misc":{"Est. reading time":"1 minut"},"schema":{"@context":"https:\/\/schema.org","@graph":[{"@type":"WebPage","@id":"https:\/\/balticoverlanders.eu\/et\/toode\/dometic-go-hydration-veekraan-kaasaskantav-isetoituv-veekraan\/","url":"https:\/\/balticoverlanders.eu\/et\/toode\/dometic-go-hydration-veekraan-kaasaskantav-isetoituv-veekraan\/","name":"Dometic GO Hydration veekraan Kaasaskantav, isetoituv veekraan - BALTIC OVERLANDERS","isPartOf":{"@id":"https:\/\/balticoverlanders.eu\/et\/#website"},"primaryImageOfPage":{"@id":"https:\/\/balticoverlanders.eu\/et\/toode\/dometic-go-hydration-veekraan-kaasaskantav-isetoituv-veekraan\/#primaryimage"},"image":{"@id":"https:\/\/balticoverlanders.eu\/et\/toode\/dometic-go-hydration-veekraan-kaasaskantav-isetoituv-veekraan\/#primaryimage"},"thumbnailUrl":"https:\/\/balticoverlanders.eu\/wp-content\/uploads\/2024\/02\/wtan068_1.jpg","datePublished":"2024-02-18T15:23:48+00:00","dateModified":"2024-05-06T19:41:36+00:00","description":"\"Avastage Dometic'i HYD WF h\u00fcdratsiooniveekraan v\u00e4litingimustes, mis muudab iga mahuti k\u00f6\u00f6gikraaniks ilma j\u00e4\u00e4tmeteta.\"","breadcrumb":{"@id":"https:\/\/balticoverlanders.eu\/et\/toode\/dometic-go-hydration-veekraan-kaasaskantav-isetoituv-veekraan\/#breadcrumb"},"inLanguage":"et","potentialAction":[{"@type":"ReadAction","target":["https:\/\/balticoverlanders.eu\/et\/toode\/dometic-go-hydration-veekraan-kaasaskantav-isetoituv-veekraan\/"]}]},{"@type":"ImageObject","inLanguage":"et","@id":"https:\/\/balticoverlanders.eu\/et\/toode\/dometic-go-hydration-veekraan-kaasaskantav-isetoituv-veekraan\/#primaryimage","url":"https:\/\/balticoverlanders.eu\/wp-content\/uploads\/2024\/02\/wtan068_1.jpg","contentUrl":"https:\/\/balticoverlanders.eu\/wp-content\/uploads\/2024\/02\/wtan068_1.jpg","width":650,"height":488},{"@type":"BreadcrumbList","@id":"https:\/\/balticoverlanders.eu\/et\/toode\/dometic-go-hydration-veekraan-kaasaskantav-isetoituv-veekraan\/#breadcrumb","itemListElement":[{"@type":"ListItem","position":1,"name":"Home","item":"https:\/\/balticoverlanders.eu\/et\/home\/"},{"@type":"ListItem","position":2,"name":"Kauplus","item":"https:\/\/balticoverlanders.eu\/et\/kauplus\/"},{"@type":"ListItem","position":3,"name":"Dometic GO Hydration veekraan Kaasaskantav, isetoituv veekraan"}]},{"@type":"WebSite","@id":"https:\/\/balticoverlanders.eu\/et\/#website","url":"https:\/\/balticoverlanders.eu\/et\/","name":"BALTIC OVERLANDERS","description":"Your one-stop shop in Latvia, Estonia, and Lithuania for all your car camping, rooftop tent and accessory needs.","publisher":{"@id":"https:\/\/balticoverlanders.eu\/et\/#organization"},"potentialAction":[{"@type":"SearchAction","target":{"@type":"EntryPoint","urlTemplate":"https:\/\/balticoverlanders.eu\/et\/?s={search_term_string}"},"query-input":{"@type":"PropertyValueSpecification","valueRequired":true,"valueName":"search_term_string"}}],"inLanguage":"et"},{"@type":"Organization","@id":"https:\/\/balticoverlanders.eu\/et\/#organization","name":"BALTIC OVERLANDERS","url":"https:\/\/balticoverlanders.eu\/et\/","logo":{"@type":"ImageObject","inLanguage":"et","@id":"https:\/\/balticoverlanders.eu\/et\/#\/schema\/logo\/image\/","url":"https:\/\/balticoverlanders.eu\/wp-content\/uploads\/2023\/04\/BALTIC-OVERLANDERS-LOGO.jpg","contentUrl":"https:\/\/balticoverlanders.eu\/wp-content\/uploads\/2023\/04\/BALTIC-OVERLANDERS-LOGO.jpg","width":1497,"height":310,"caption":"BALTIC OVERLANDERS"},"image":{"@id":"https:\/\/balticoverlanders.eu\/et\/#\/schema\/logo\/image\/"},"sameAs":["https:\/\/www.instagram.com\/balticoverlanders\/"]}]}},"_links":{"self":[{"href":"https:\/\/balticoverlanders.eu\/et\/wp-json\/wp\/v2\/product\/39243","targetHints":{"allow":["GET"]}}],"collection":[{"href":"https:\/\/balticoverlanders.eu\/et\/wp-json\/wp\/v2\/product"}],"about":[{"href":"https:\/\/balticoverlanders.eu\/et\/wp-json\/wp\/v2\/types\/product"}],"wp:featuredmedia":[{"embeddable":true,"href":"https:\/\/balticoverlanders.eu\/et\/wp-json\/wp\/v2\/media\/31342"}],"wp:attachment":[{"href":"https:\/\/balticoverlanders.eu\/et\/wp-json\/wp\/v2\/media?parent=39243"}],"wp:term":[{"taxonomy":"product_brand","embeddable":true,"href":"https:\/\/balticoverlanders.eu\/et\/wp-json\/wp\/v2\/product_brand?post=39243"},{"taxonomy":"product_cat","embeddable":true,"href":"https:\/\/balticoverlanders.eu\/et\/wp-json\/wp\/v2\/product_cat?post=39243"},{"taxonomy":"product_tag","embeddable":true,"href":"https:\/\/balticoverlanders.eu\/et\/wp-json\/wp\/v2\/product_tag?post=39243"}],"curies":[{"name":"wp","href":"https:\/\/api.w.org\/{rel}","templated":true}]}}