{"id":39265,"date":"2024-02-13T17:09:46","date_gmt":"2024-02-13T15:09:46","guid":{"rendered":"https:\/\/balticoverlanders.eu\/product\/dometic-go-hydration-veekann-11l\/"},"modified":"2024-05-06T22:41:49","modified_gmt":"2024-05-06T19:41:49","slug":"dometic-go-hydration-veekann-11l","status":"publish","type":"product","link":"https:\/\/balticoverlanders.eu\/et\/toode\/dometic-go-hydration-veekann-11l\/","title":{"rendered":"Dometic GO Hydration veekann 11L"},"content":{"rendered":"<div class=\"w-full text-token-text-primary\" data-testid=\"conversation-turn-3\">\n<div class=\"px-4 py-2 justify-center text-base md:gap-6 m-auto\">\n<div class=\"flex flex-1 text-base mx-auto gap-3 md:px-5 lg:px-1 xl:px-5 md:max-w-3xl lg:max-w-[40rem] xl:max-w-[48rem] group final-completion\">\n<div class=\"relative flex w-full flex-col agent-turn\">\n<div class=\"flex-col gap-1 md:gap-3\">\n<div class=\"flex flex-grow flex-col max-w-full\">\n<div class=\"min-h-[20px] text-message flex flex-col items-start gap-3 whitespace-pre-wrap break-words [.text-message+&amp;]:mt-5 overflow-x-auto\" data-message-author-role=\"assistant\" data-message-id=\"1d1e59ca-7415-4ce4-ad6e-b742e75fc7e0\">\n<div class=\"markdown prose w-full break-words dark:prose-invert dark\">\n<p><strong>Tutvustame Dometic GO Hydration veekannu 11L<\/strong><\/p>\n<p>Dometic HYD J11 Hydration Water Jug 11L veekannuga saate vedelikku, kuhu iganes teie seiklused teid ka ei vii. See mugavaks ja vastupidavaks disainitud veekann on h\u00e4davajalik kaaslane telkimiseks, vaba\u00f5hu\u00fcritusteks v\u00f5i h\u00e4daolukordadeks s\u00f5idukis hoidmiseks.<\/p>\n<p><strong>Omadused:<\/strong><\/p>\n<ul>\n<li><strong>Mahtu maksimeeriv disain:<\/strong> Meie veekannu mahutab erinevalt tavalistest 10-liitristest mahutitest muljetavaldavad 11 liitrit, tagades teile piisava veevarustuse, kuhu iganes te ka ei l\u00e4heksite.<\/li>\n<li><strong>Mitmesugused v\u00e4ljastusv\u00f5imalused:<\/strong> Kahe avaga varustatud, mis v\u00f5imaldavad h\u00f5lpsat t\u00e4itmist, doseerimist ja puhastamist, muutes vedeliku jootmise muretuteks.<\/li>\n<li><strong>Lihtne transportida:<\/strong> Mugav, eemaldatav rihmaga k\u00e4epide, mis v\u00f5imaldab h\u00f5lpsasti transportida seda autost telkimisplatsile: See on disainitud nii, et see mahub mugavalt teie s\u00f5iduki ratta taga asuvasse ruumi.<\/li>\n<li><strong>Vastupidav konstruktsioon:<\/strong> BPA-vabast, toiduks kasutatavast LDPE-st, mis tagab ohutuse ja vastupidavuse, et teie vesi j\u00e4\u00e4ks puhtaks ja v\u00e4rskeks.<\/li>\n<li><strong>Mitmek\u00fclgne \u00fchenduvus:<\/strong> Sisaldab lisaseadmete kinnitamiseks m\u00f5eldud kraanikaussi ja kiir\u00fchendust, mis v\u00f5imaldab teil kohandada oma h\u00fcdratsioonikogemust.<\/li>\n<li><strong>\u00dchildub Hydration Water Faucet<\/strong> &#8217;iga: lisamugavuse ja funktsionaalsuse lisamiseks integreerub sujuvalt Hydration Water Faucet&#8217;iga.<\/li>\n<\/ul>\n<p>Kas olete matkal, matkal v\u00f5i lihtsalt liikvel, Dometic GO Hydration Water Jug 11L on teie usaldusv\u00e4\u00e4rne lahendus, et hoida end niisutatuna ja v\u00e4rskena.<\/p>\n<\/div>\n<\/div>\n<\/div>\n<div class=\"mt-1 flex justify-start gap-3 empty:hidden\">\n<div class=\"text-gray-400 flex self-end lg:self-center justify-center lg:justify-start mt-0 -ml-1 visible\">\n<p>&nbsp;<\/p>\n<div class=\"flex items-center gap-1.5 text-xs\"><\/div>\n<div class=\"flex\"><\/div>\n<\/div>\n<\/div>\n<\/div>\n<div class=\"absolute\">\n<div class=\"flex w-full gap-2 items-center justify-center\"><\/div>\n<\/div>\n<\/div>\n<\/div>\n<\/div>\n<\/div>\n<div class=\"mx-auto\">\n<div data-projection-id=\"53\">\n<div class=\"mx-auto mt-2 inline-flex rounded-xl border border-gray-100 dark:border-gray-700\"><\/div>\n<\/div>\n<\/div>\n","protected":false},"excerpt":{"rendered":"<p>Dometic HYD J11 Hydration Water Jug 11L v\u00f5imaldab teil h\u00f5lpsasti hoida ja valada vajalikku vett. Hoidke seda oma s\u00f5idukis v\u00f5i telkimiskohas, et tagada mugav ja turvaline 11-liitrine veevarustus. Tugeva ja vastupidava konstruktsiooni t\u00f5ttu on see ideaalne veekann telkimiseks v\u00f5i muudeks v\u00e4litegevusteks.<\/p>\n","protected":false},"featured_media":31312,"template":"","meta":[],"product_brand":[],"product_cat":[495,542],"product_tag":[],"class_list":{"0":"post-39265","1":"product","2":"type-product","3":"status-publish","4":"has-post-thumbnail","6":"product_cat-dometic-et","7":"product_cat-hudratsioon","9":"first","10":"onbackorder","11":"taxable","12":"shipping-taxable","13":"purchasable","14":"product-type-variable","15":"has-default-attributes"},"yoast_head":"<!-- This site is optimized with the Yoast SEO plugin v27.3 - https:\/\/yoast.com\/product\/yoast-seo-wordpress\/ -->\n<title>Dometic GO Hydration veekann 11L - BALTIC OVERLANDERS<\/title>\n<meta name=\"description\" content=\"Hankige Dometic 11L h\u00fcdratsioonikann, et hoida vett mugavalt \u00f5ues toimuva tegevuse ajal. Vastupidav disain tagab vastupidavuse h\u00fcdratsioonivajaduste rahuldamiseks.\" \/>\n<meta name=\"robots\" content=\"index, follow, max-snippet:-1, max-image-preview:large, max-video-preview:-1\" \/>\n<link rel=\"canonical\" href=\"https:\/\/balticoverlanders.eu\/et\/toode\/dometic-go-hydration-veekann-11l\/\" \/>\n<meta property=\"og:locale\" content=\"et_EE\" \/>\n<meta property=\"og:type\" content=\"article\" \/>\n<meta property=\"og:title\" content=\"Dometic GO Hydration veekann 11L - BALTIC OVERLANDERS\" \/>\n<meta property=\"og:description\" content=\"Hankige Dometic 11L h\u00fcdratsioonikann, et hoida vett mugavalt \u00f5ues toimuva tegevuse ajal. Vastupidav disain tagab vastupidavuse h\u00fcdratsioonivajaduste rahuldamiseks.\" \/>\n<meta property=\"og:url\" content=\"https:\/\/balticoverlanders.eu\/et\/toode\/dometic-go-hydration-veekann-11l\/\" \/>\n<meta property=\"og:site_name\" content=\"BALTIC OVERLANDERS\" \/>\n<meta property=\"article:modified_time\" content=\"2024-05-06T19:41:49+00:00\" \/>\n<meta property=\"og:image\" content=\"https:\/\/balticoverlanders.eu\/wp-content\/uploads\/2024\/02\/wtan065-wtan067con.jpg\" \/>\n\t<meta property=\"og:image:width\" content=\"1242\" \/>\n\t<meta property=\"og:image:height\" content=\"1199\" \/>\n\t<meta property=\"og:image:type\" content=\"image\/jpeg\" \/>\n<meta name=\"twitter:card\" content=\"summary_large_image\" \/>\n<meta name=\"twitter:label1\" content=\"Est. reading time\" \/>\n\t<meta name=\"twitter:data1\" content=\"1 minut\" \/>\n<script type=\"application\/ld+json\" class=\"yoast-schema-graph\">{\"@context\":\"https:\\\/\\\/schema.org\",\"@graph\":[{\"@type\":\"WebPage\",\"@id\":\"https:\\\/\\\/balticoverlanders.eu\\\/et\\\/toode\\\/dometic-go-hydration-veekann-11l\\\/\",\"url\":\"https:\\\/\\\/balticoverlanders.eu\\\/et\\\/toode\\\/dometic-go-hydration-veekann-11l\\\/\",\"name\":\"Dometic GO Hydration veekann 11L - BALTIC OVERLANDERS\",\"isPartOf\":{\"@id\":\"https:\\\/\\\/balticoverlanders.eu\\\/et\\\/#website\"},\"primaryImageOfPage\":{\"@id\":\"https:\\\/\\\/balticoverlanders.eu\\\/et\\\/toode\\\/dometic-go-hydration-veekann-11l\\\/#primaryimage\"},\"image\":{\"@id\":\"https:\\\/\\\/balticoverlanders.eu\\\/et\\\/toode\\\/dometic-go-hydration-veekann-11l\\\/#primaryimage\"},\"thumbnailUrl\":\"https:\\\/\\\/balticoverlanders.eu\\\/wp-content\\\/uploads\\\/2024\\\/02\\\/wtan065-wtan067con.jpg\",\"datePublished\":\"2024-02-13T15:09:46+00:00\",\"dateModified\":\"2024-05-06T19:41:49+00:00\",\"description\":\"Hankige Dometic 11L h\u00fcdratsioonikann, et hoida vett mugavalt \u00f5ues toimuva tegevuse ajal. Vastupidav disain tagab vastupidavuse h\u00fcdratsioonivajaduste rahuldamiseks.\",\"breadcrumb\":{\"@id\":\"https:\\\/\\\/balticoverlanders.eu\\\/et\\\/toode\\\/dometic-go-hydration-veekann-11l\\\/#breadcrumb\"},\"inLanguage\":\"et\",\"potentialAction\":[{\"@type\":\"ReadAction\",\"target\":[\"https:\\\/\\\/balticoverlanders.eu\\\/et\\\/toode\\\/dometic-go-hydration-veekann-11l\\\/\"]}]},{\"@type\":\"ImageObject\",\"inLanguage\":\"et\",\"@id\":\"https:\\\/\\\/balticoverlanders.eu\\\/et\\\/toode\\\/dometic-go-hydration-veekann-11l\\\/#primaryimage\",\"url\":\"https:\\\/\\\/balticoverlanders.eu\\\/wp-content\\\/uploads\\\/2024\\\/02\\\/wtan065-wtan067con.jpg\",\"contentUrl\":\"https:\\\/\\\/balticoverlanders.eu\\\/wp-content\\\/uploads\\\/2024\\\/02\\\/wtan065-wtan067con.jpg\",\"width\":1242,\"height\":1199},{\"@type\":\"BreadcrumbList\",\"@id\":\"https:\\\/\\\/balticoverlanders.eu\\\/et\\\/toode\\\/dometic-go-hydration-veekann-11l\\\/#breadcrumb\",\"itemListElement\":[{\"@type\":\"ListItem\",\"position\":1,\"name\":\"Home\",\"item\":\"https:\\\/\\\/balticoverlanders.eu\\\/et\\\/home\\\/\"},{\"@type\":\"ListItem\",\"position\":2,\"name\":\"Kauplus\",\"item\":\"https:\\\/\\\/balticoverlanders.eu\\\/et\\\/kauplus\\\/\"},{\"@type\":\"ListItem\",\"position\":3,\"name\":\"Dometic GO Hydration veekann 11L\"}]},{\"@type\":\"WebSite\",\"@id\":\"https:\\\/\\\/balticoverlanders.eu\\\/et\\\/#website\",\"url\":\"https:\\\/\\\/balticoverlanders.eu\\\/et\\\/\",\"name\":\"BALTIC OVERLANDERS\",\"description\":\"Your one-stop shop in Latvia, Estonia, and Lithuania for all your car camping, rooftop tent and accessory needs.\",\"publisher\":{\"@id\":\"https:\\\/\\\/balticoverlanders.eu\\\/et\\\/#organization\"},\"potentialAction\":[{\"@type\":\"SearchAction\",\"target\":{\"@type\":\"EntryPoint\",\"urlTemplate\":\"https:\\\/\\\/balticoverlanders.eu\\\/et\\\/?s={search_term_string}\"},\"query-input\":{\"@type\":\"PropertyValueSpecification\",\"valueRequired\":true,\"valueName\":\"search_term_string\"}}],\"inLanguage\":\"et\"},{\"@type\":\"Organization\",\"@id\":\"https:\\\/\\\/balticoverlanders.eu\\\/et\\\/#organization\",\"name\":\"BALTIC OVERLANDERS\",\"url\":\"https:\\\/\\\/balticoverlanders.eu\\\/et\\\/\",\"logo\":{\"@type\":\"ImageObject\",\"inLanguage\":\"et\",\"@id\":\"https:\\\/\\\/balticoverlanders.eu\\\/et\\\/#\\\/schema\\\/logo\\\/image\\\/\",\"url\":\"https:\\\/\\\/balticoverlanders.eu\\\/wp-content\\\/uploads\\\/2023\\\/04\\\/BALTIC-OVERLANDERS-LOGO.jpg\",\"contentUrl\":\"https:\\\/\\\/balticoverlanders.eu\\\/wp-content\\\/uploads\\\/2023\\\/04\\\/BALTIC-OVERLANDERS-LOGO.jpg\",\"width\":1497,\"height\":310,\"caption\":\"BALTIC OVERLANDERS\"},\"image\":{\"@id\":\"https:\\\/\\\/balticoverlanders.eu\\\/et\\\/#\\\/schema\\\/logo\\\/image\\\/\"},\"sameAs\":[\"https:\\\/\\\/www.instagram.com\\\/balticoverlanders\\\/\"]}]}<\/script>\n<!-- \/ Yoast SEO plugin. -->","yoast_head_json":{"title":"Dometic GO Hydration veekann 11L - BALTIC OVERLANDERS","description":"Hankige Dometic 11L h\u00fcdratsioonikann, et hoida vett mugavalt \u00f5ues toimuva tegevuse ajal. Vastupidav disain tagab vastupidavuse h\u00fcdratsioonivajaduste rahuldamiseks.","robots":{"index":"index","follow":"follow","max-snippet":"max-snippet:-1","max-image-preview":"max-image-preview:large","max-video-preview":"max-video-preview:-1"},"canonical":"https:\/\/balticoverlanders.eu\/et\/toode\/dometic-go-hydration-veekann-11l\/","og_locale":"et_EE","og_type":"article","og_title":"Dometic GO Hydration veekann 11L - BALTIC OVERLANDERS","og_description":"Hankige Dometic 11L h\u00fcdratsioonikann, et hoida vett mugavalt \u00f5ues toimuva tegevuse ajal. Vastupidav disain tagab vastupidavuse h\u00fcdratsioonivajaduste rahuldamiseks.","og_url":"https:\/\/balticoverlanders.eu\/et\/toode\/dometic-go-hydration-veekann-11l\/","og_site_name":"BALTIC OVERLANDERS","article_modified_time":"2024-05-06T19:41:49+00:00","og_image":[{"width":1242,"height":1199,"url":"https:\/\/balticoverlanders.eu\/wp-content\/uploads\/2024\/02\/wtan065-wtan067con.jpg","type":"image\/jpeg"}],"twitter_card":"summary_large_image","twitter_misc":{"Est. reading time":"1 minut"},"schema":{"@context":"https:\/\/schema.org","@graph":[{"@type":"WebPage","@id":"https:\/\/balticoverlanders.eu\/et\/toode\/dometic-go-hydration-veekann-11l\/","url":"https:\/\/balticoverlanders.eu\/et\/toode\/dometic-go-hydration-veekann-11l\/","name":"Dometic GO Hydration veekann 11L - BALTIC OVERLANDERS","isPartOf":{"@id":"https:\/\/balticoverlanders.eu\/et\/#website"},"primaryImageOfPage":{"@id":"https:\/\/balticoverlanders.eu\/et\/toode\/dometic-go-hydration-veekann-11l\/#primaryimage"},"image":{"@id":"https:\/\/balticoverlanders.eu\/et\/toode\/dometic-go-hydration-veekann-11l\/#primaryimage"},"thumbnailUrl":"https:\/\/balticoverlanders.eu\/wp-content\/uploads\/2024\/02\/wtan065-wtan067con.jpg","datePublished":"2024-02-13T15:09:46+00:00","dateModified":"2024-05-06T19:41:49+00:00","description":"Hankige Dometic 11L h\u00fcdratsioonikann, et hoida vett mugavalt \u00f5ues toimuva tegevuse ajal. Vastupidav disain tagab vastupidavuse h\u00fcdratsioonivajaduste rahuldamiseks.","breadcrumb":{"@id":"https:\/\/balticoverlanders.eu\/et\/toode\/dometic-go-hydration-veekann-11l\/#breadcrumb"},"inLanguage":"et","potentialAction":[{"@type":"ReadAction","target":["https:\/\/balticoverlanders.eu\/et\/toode\/dometic-go-hydration-veekann-11l\/"]}]},{"@type":"ImageObject","inLanguage":"et","@id":"https:\/\/balticoverlanders.eu\/et\/toode\/dometic-go-hydration-veekann-11l\/#primaryimage","url":"https:\/\/balticoverlanders.eu\/wp-content\/uploads\/2024\/02\/wtan065-wtan067con.jpg","contentUrl":"https:\/\/balticoverlanders.eu\/wp-content\/uploads\/2024\/02\/wtan065-wtan067con.jpg","width":1242,"height":1199},{"@type":"BreadcrumbList","@id":"https:\/\/balticoverlanders.eu\/et\/toode\/dometic-go-hydration-veekann-11l\/#breadcrumb","itemListElement":[{"@type":"ListItem","position":1,"name":"Home","item":"https:\/\/balticoverlanders.eu\/et\/home\/"},{"@type":"ListItem","position":2,"name":"Kauplus","item":"https:\/\/balticoverlanders.eu\/et\/kauplus\/"},{"@type":"ListItem","position":3,"name":"Dometic GO Hydration veekann 11L"}]},{"@type":"WebSite","@id":"https:\/\/balticoverlanders.eu\/et\/#website","url":"https:\/\/balticoverlanders.eu\/et\/","name":"BALTIC OVERLANDERS","description":"Your one-stop shop in Latvia, Estonia, and Lithuania for all your car camping, rooftop tent and accessory needs.","publisher":{"@id":"https:\/\/balticoverlanders.eu\/et\/#organization"},"potentialAction":[{"@type":"SearchAction","target":{"@type":"EntryPoint","urlTemplate":"https:\/\/balticoverlanders.eu\/et\/?s={search_term_string}"},"query-input":{"@type":"PropertyValueSpecification","valueRequired":true,"valueName":"search_term_string"}}],"inLanguage":"et"},{"@type":"Organization","@id":"https:\/\/balticoverlanders.eu\/et\/#organization","name":"BALTIC OVERLANDERS","url":"https:\/\/balticoverlanders.eu\/et\/","logo":{"@type":"ImageObject","inLanguage":"et","@id":"https:\/\/balticoverlanders.eu\/et\/#\/schema\/logo\/image\/","url":"https:\/\/balticoverlanders.eu\/wp-content\/uploads\/2023\/04\/BALTIC-OVERLANDERS-LOGO.jpg","contentUrl":"https:\/\/balticoverlanders.eu\/wp-content\/uploads\/2023\/04\/BALTIC-OVERLANDERS-LOGO.jpg","width":1497,"height":310,"caption":"BALTIC OVERLANDERS"},"image":{"@id":"https:\/\/balticoverlanders.eu\/et\/#\/schema\/logo\/image\/"},"sameAs":["https:\/\/www.instagram.com\/balticoverlanders\/"]}]}},"_links":{"self":[{"href":"https:\/\/balticoverlanders.eu\/et\/wp-json\/wp\/v2\/product\/39265","targetHints":{"allow":["GET"]}}],"collection":[{"href":"https:\/\/balticoverlanders.eu\/et\/wp-json\/wp\/v2\/product"}],"about":[{"href":"https:\/\/balticoverlanders.eu\/et\/wp-json\/wp\/v2\/types\/product"}],"wp:featuredmedia":[{"embeddable":true,"href":"https:\/\/balticoverlanders.eu\/et\/wp-json\/wp\/v2\/media\/31312"}],"wp:attachment":[{"href":"https:\/\/balticoverlanders.eu\/et\/wp-json\/wp\/v2\/media?parent=39265"}],"wp:term":[{"taxonomy":"product_brand","embeddable":true,"href":"https:\/\/balticoverlanders.eu\/et\/wp-json\/wp\/v2\/product_brand?post=39265"},{"taxonomy":"product_cat","embeddable":true,"href":"https:\/\/balticoverlanders.eu\/et\/wp-json\/wp\/v2\/product_cat?post=39265"},{"taxonomy":"product_tag","embeddable":true,"href":"https:\/\/balticoverlanders.eu\/et\/wp-json\/wp\/v2\/product_tag?post=39265"}],"curies":[{"name":"wp","href":"https:\/\/api.w.org\/{rel}","templated":true}]}}