{"id":39280,"date":"2024-02-19T16:38:46","date_gmt":"2024-02-19T14:38:46","guid":{"rendered":"https:\/\/balticoverlanders.eu\/product\/dometic-go-compact-matkatool\/"},"modified":"2024-05-06T22:41:51","modified_gmt":"2024-05-06T19:41:51","slug":"dometic-go-compact-matkatool","status":"publish","type":"product","link":"https:\/\/balticoverlanders.eu\/et\/toode\/dometic-go-compact-matkatool\/","title":{"rendered":"Dometic GO Compact matkatool"},"content":{"rendered":"<p><strong>Tutvustame Dometic GO Compact matkatooli<\/strong><\/p>\n<p>Kogege loodust mugavalt Dometic Compact Camp Chairi abil. See kaasaskantav istumislahendus sobib ideaalselt mitmesugusteks \u00f5ues toimuvateks tegevusteks, alates piknikutest ja telkimisest kuni l\u00f5\u00f5gastumiseni tagahoovis.<\/p>\n<p><strong>Omadused:<\/strong><\/p>\n<ul>\n<li><strong>Kokkupandav disain:<\/strong> Lihtsalt kokku volditav, et mahutada see teie pagasiruumi, mis muudab selle mugavaks pakkimiseks ja hoiustamiseks teie v\u00e4lisk\u00e4ikudel.<\/li>\n<li><strong>Mugavad istekohad:<\/strong> See tagab mugavuse ja vastupidavuse igas suuruses kasutajatele.<\/li>\n<li><strong>Kvaliteetsed materjalid:<\/strong> See tool on valmistatud vastupidavast 600D-kangast, kergest alumiiniumist ja stiilsetest p\u00f6\u00f6gipuidust k\u00e4etoedest, mis on ehitatud nii, et see kestab paljusid v\u00e4ljas\u00f5ite.<\/li>\n<li><strong>T\u00e4iendav ladustamine:<\/strong> Varustatud tagaistme tasku, mis pakub mugavat hoiukohta v\u00e4ikestele esemetele, nagu raamatud, suupisted v\u00f5i telefon, kui sa \u00f5ues puhkad.<\/li>\n<li><strong>Kandekott kaasas:<\/strong> Kaasas on kott, mis h\u00f5lbustab transportimist teie lemmikv\u00e4ljakule ja sealt tagasi.<\/li>\n<\/ul>\n<p>\u00dcksk\u00f5ik, kas naudite s\u00f6\u00f6ki, loete v\u00f5i lihtsalt naudite maastikku, Dometic GO Compact Camp Chair pakub kaasaskantavat mugavust, kuhu iganes teie seiklused teid ka ei viiks.<\/p>\n","protected":false},"excerpt":{"rendered":"<p>Dometic CMP C1 Compact Camp Chair pakub mugavat, kaasaskantavat istumisv\u00f5imalust s\u00f6\u00f6miseks, lugemiseks, meelelahutuseks ja lihtsalt \u00f5ues viibimiseks.<\/p>\n","protected":false},"featured_media":31410,"template":"","meta":[],"product_brand":[],"product_cat":[495,566],"product_tag":[],"class_list":{"0":"post-39280","1":"product","2":"type-product","3":"status-publish","4":"has-post-thumbnail","6":"product_cat-dometic-et","7":"product_cat-telkimistool","9":"first","10":"onbackorder","11":"taxable","12":"shipping-taxable","13":"purchasable","14":"product-type-variable"},"yoast_head":"<!-- This site is optimized with the Yoast SEO plugin v27.3 - https:\/\/yoast.com\/product\/yoast-seo-wordpress\/ -->\n<title>Dometic GO Compact matkatool - BALTIC OVERLANDERS<\/title>\n<meta name=\"description\" content=\"Dometic CMP C1 Compact Camp Chair pakub mugavat, kaasaskantavat istumisv\u00f5imalust s\u00f6\u00f6miseks, lugemiseks, meelelahutuseks ja lihtsalt \u00f5ues viibimiseks.\" \/>\n<meta name=\"robots\" content=\"index, follow, max-snippet:-1, max-image-preview:large, max-video-preview:-1\" \/>\n<link rel=\"canonical\" href=\"https:\/\/balticoverlanders.eu\/et\/toode\/dometic-go-compact-matkatool\/\" \/>\n<meta property=\"og:locale\" content=\"et_EE\" \/>\n<meta property=\"og:type\" content=\"article\" \/>\n<meta property=\"og:title\" content=\"Dometic GO Compact matkatool - BALTIC OVERLANDERS\" \/>\n<meta property=\"og:description\" content=\"Dometic CMP C1 Compact Camp Chair pakub mugavat, kaasaskantavat istumisv\u00f5imalust s\u00f6\u00f6miseks, lugemiseks, meelelahutuseks ja lihtsalt \u00f5ues viibimiseks.\" \/>\n<meta property=\"og:url\" content=\"https:\/\/balticoverlanders.eu\/et\/toode\/dometic-go-compact-matkatool\/\" \/>\n<meta property=\"og:site_name\" content=\"BALTIC OVERLANDERS\" \/>\n<meta property=\"article:modified_time\" content=\"2024-05-06T19:41:51+00:00\" \/>\n<meta property=\"og:image\" content=\"https:\/\/balticoverlanders.eu\/wp-content\/uploads\/2024\/02\/chai012-chai014con.jpg\" \/>\n\t<meta property=\"og:image:width\" content=\"1363\" \/>\n\t<meta property=\"og:image:height\" content=\"1200\" \/>\n\t<meta property=\"og:image:type\" content=\"image\/jpeg\" \/>\n<meta name=\"twitter:card\" content=\"summary_large_image\" \/>\n<meta name=\"twitter:label1\" content=\"Est. reading time\" \/>\n\t<meta name=\"twitter:data1\" content=\"1 minut\" \/>\n<script type=\"application\/ld+json\" class=\"yoast-schema-graph\">{\"@context\":\"https:\\\/\\\/schema.org\",\"@graph\":[{\"@type\":\"WebPage\",\"@id\":\"https:\\\/\\\/balticoverlanders.eu\\\/et\\\/toode\\\/dometic-go-compact-matkatool\\\/\",\"url\":\"https:\\\/\\\/balticoverlanders.eu\\\/et\\\/toode\\\/dometic-go-compact-matkatool\\\/\",\"name\":\"Dometic GO Compact matkatool - BALTIC OVERLANDERS\",\"isPartOf\":{\"@id\":\"https:\\\/\\\/balticoverlanders.eu\\\/et\\\/#website\"},\"primaryImageOfPage\":{\"@id\":\"https:\\\/\\\/balticoverlanders.eu\\\/et\\\/toode\\\/dometic-go-compact-matkatool\\\/#primaryimage\"},\"image\":{\"@id\":\"https:\\\/\\\/balticoverlanders.eu\\\/et\\\/toode\\\/dometic-go-compact-matkatool\\\/#primaryimage\"},\"thumbnailUrl\":\"https:\\\/\\\/balticoverlanders.eu\\\/wp-content\\\/uploads\\\/2024\\\/02\\\/chai012-chai014con.jpg\",\"datePublished\":\"2024-02-19T14:38:46+00:00\",\"dateModified\":\"2024-05-06T19:41:51+00:00\",\"description\":\"Dometic CMP C1 Compact Camp Chair pakub mugavat, kaasaskantavat istumisv\u00f5imalust s\u00f6\u00f6miseks, lugemiseks, meelelahutuseks ja lihtsalt \u00f5ues viibimiseks.\",\"breadcrumb\":{\"@id\":\"https:\\\/\\\/balticoverlanders.eu\\\/et\\\/toode\\\/dometic-go-compact-matkatool\\\/#breadcrumb\"},\"inLanguage\":\"et\",\"potentialAction\":[{\"@type\":\"ReadAction\",\"target\":[\"https:\\\/\\\/balticoverlanders.eu\\\/et\\\/toode\\\/dometic-go-compact-matkatool\\\/\"]}]},{\"@type\":\"ImageObject\",\"inLanguage\":\"et\",\"@id\":\"https:\\\/\\\/balticoverlanders.eu\\\/et\\\/toode\\\/dometic-go-compact-matkatool\\\/#primaryimage\",\"url\":\"https:\\\/\\\/balticoverlanders.eu\\\/wp-content\\\/uploads\\\/2024\\\/02\\\/chai012-chai014con.jpg\",\"contentUrl\":\"https:\\\/\\\/balticoverlanders.eu\\\/wp-content\\\/uploads\\\/2024\\\/02\\\/chai012-chai014con.jpg\",\"width\":1363,\"height\":1200},{\"@type\":\"BreadcrumbList\",\"@id\":\"https:\\\/\\\/balticoverlanders.eu\\\/et\\\/toode\\\/dometic-go-compact-matkatool\\\/#breadcrumb\",\"itemListElement\":[{\"@type\":\"ListItem\",\"position\":1,\"name\":\"Home\",\"item\":\"https:\\\/\\\/balticoverlanders.eu\\\/et\\\/home\\\/\"},{\"@type\":\"ListItem\",\"position\":2,\"name\":\"Kauplus\",\"item\":\"https:\\\/\\\/balticoverlanders.eu\\\/et\\\/kauplus\\\/\"},{\"@type\":\"ListItem\",\"position\":3,\"name\":\"Dometic GO Compact matkatool\"}]},{\"@type\":\"WebSite\",\"@id\":\"https:\\\/\\\/balticoverlanders.eu\\\/et\\\/#website\",\"url\":\"https:\\\/\\\/balticoverlanders.eu\\\/et\\\/\",\"name\":\"BALTIC OVERLANDERS\",\"description\":\"Your one-stop shop in Latvia, Estonia, and Lithuania for all your car camping, rooftop tent and accessory needs.\",\"publisher\":{\"@id\":\"https:\\\/\\\/balticoverlanders.eu\\\/et\\\/#organization\"},\"potentialAction\":[{\"@type\":\"SearchAction\",\"target\":{\"@type\":\"EntryPoint\",\"urlTemplate\":\"https:\\\/\\\/balticoverlanders.eu\\\/et\\\/?s={search_term_string}\"},\"query-input\":{\"@type\":\"PropertyValueSpecification\",\"valueRequired\":true,\"valueName\":\"search_term_string\"}}],\"inLanguage\":\"et\"},{\"@type\":\"Organization\",\"@id\":\"https:\\\/\\\/balticoverlanders.eu\\\/et\\\/#organization\",\"name\":\"BALTIC OVERLANDERS\",\"url\":\"https:\\\/\\\/balticoverlanders.eu\\\/et\\\/\",\"logo\":{\"@type\":\"ImageObject\",\"inLanguage\":\"et\",\"@id\":\"https:\\\/\\\/balticoverlanders.eu\\\/et\\\/#\\\/schema\\\/logo\\\/image\\\/\",\"url\":\"https:\\\/\\\/balticoverlanders.eu\\\/wp-content\\\/uploads\\\/2023\\\/04\\\/BALTIC-OVERLANDERS-LOGO.jpg\",\"contentUrl\":\"https:\\\/\\\/balticoverlanders.eu\\\/wp-content\\\/uploads\\\/2023\\\/04\\\/BALTIC-OVERLANDERS-LOGO.jpg\",\"width\":1497,\"height\":310,\"caption\":\"BALTIC OVERLANDERS\"},\"image\":{\"@id\":\"https:\\\/\\\/balticoverlanders.eu\\\/et\\\/#\\\/schema\\\/logo\\\/image\\\/\"},\"sameAs\":[\"https:\\\/\\\/www.instagram.com\\\/balticoverlanders\\\/\"]}]}<\/script>\n<!-- \/ Yoast SEO plugin. -->","yoast_head_json":{"title":"Dometic GO Compact matkatool - BALTIC OVERLANDERS","description":"Dometic CMP C1 Compact Camp Chair pakub mugavat, kaasaskantavat istumisv\u00f5imalust s\u00f6\u00f6miseks, lugemiseks, meelelahutuseks ja lihtsalt \u00f5ues viibimiseks.","robots":{"index":"index","follow":"follow","max-snippet":"max-snippet:-1","max-image-preview":"max-image-preview:large","max-video-preview":"max-video-preview:-1"},"canonical":"https:\/\/balticoverlanders.eu\/et\/toode\/dometic-go-compact-matkatool\/","og_locale":"et_EE","og_type":"article","og_title":"Dometic GO Compact matkatool - BALTIC OVERLANDERS","og_description":"Dometic CMP C1 Compact Camp Chair pakub mugavat, kaasaskantavat istumisv\u00f5imalust s\u00f6\u00f6miseks, lugemiseks, meelelahutuseks ja lihtsalt \u00f5ues viibimiseks.","og_url":"https:\/\/balticoverlanders.eu\/et\/toode\/dometic-go-compact-matkatool\/","og_site_name":"BALTIC OVERLANDERS","article_modified_time":"2024-05-06T19:41:51+00:00","og_image":[{"width":1363,"height":1200,"url":"https:\/\/balticoverlanders.eu\/wp-content\/uploads\/2024\/02\/chai012-chai014con.jpg","type":"image\/jpeg"}],"twitter_card":"summary_large_image","twitter_misc":{"Est. reading time":"1 minut"},"schema":{"@context":"https:\/\/schema.org","@graph":[{"@type":"WebPage","@id":"https:\/\/balticoverlanders.eu\/et\/toode\/dometic-go-compact-matkatool\/","url":"https:\/\/balticoverlanders.eu\/et\/toode\/dometic-go-compact-matkatool\/","name":"Dometic GO Compact matkatool - BALTIC OVERLANDERS","isPartOf":{"@id":"https:\/\/balticoverlanders.eu\/et\/#website"},"primaryImageOfPage":{"@id":"https:\/\/balticoverlanders.eu\/et\/toode\/dometic-go-compact-matkatool\/#primaryimage"},"image":{"@id":"https:\/\/balticoverlanders.eu\/et\/toode\/dometic-go-compact-matkatool\/#primaryimage"},"thumbnailUrl":"https:\/\/balticoverlanders.eu\/wp-content\/uploads\/2024\/02\/chai012-chai014con.jpg","datePublished":"2024-02-19T14:38:46+00:00","dateModified":"2024-05-06T19:41:51+00:00","description":"Dometic CMP C1 Compact Camp Chair pakub mugavat, kaasaskantavat istumisv\u00f5imalust s\u00f6\u00f6miseks, lugemiseks, meelelahutuseks ja lihtsalt \u00f5ues viibimiseks.","breadcrumb":{"@id":"https:\/\/balticoverlanders.eu\/et\/toode\/dometic-go-compact-matkatool\/#breadcrumb"},"inLanguage":"et","potentialAction":[{"@type":"ReadAction","target":["https:\/\/balticoverlanders.eu\/et\/toode\/dometic-go-compact-matkatool\/"]}]},{"@type":"ImageObject","inLanguage":"et","@id":"https:\/\/balticoverlanders.eu\/et\/toode\/dometic-go-compact-matkatool\/#primaryimage","url":"https:\/\/balticoverlanders.eu\/wp-content\/uploads\/2024\/02\/chai012-chai014con.jpg","contentUrl":"https:\/\/balticoverlanders.eu\/wp-content\/uploads\/2024\/02\/chai012-chai014con.jpg","width":1363,"height":1200},{"@type":"BreadcrumbList","@id":"https:\/\/balticoverlanders.eu\/et\/toode\/dometic-go-compact-matkatool\/#breadcrumb","itemListElement":[{"@type":"ListItem","position":1,"name":"Home","item":"https:\/\/balticoverlanders.eu\/et\/home\/"},{"@type":"ListItem","position":2,"name":"Kauplus","item":"https:\/\/balticoverlanders.eu\/et\/kauplus\/"},{"@type":"ListItem","position":3,"name":"Dometic GO Compact matkatool"}]},{"@type":"WebSite","@id":"https:\/\/balticoverlanders.eu\/et\/#website","url":"https:\/\/balticoverlanders.eu\/et\/","name":"BALTIC OVERLANDERS","description":"Your one-stop shop in Latvia, Estonia, and Lithuania for all your car camping, rooftop tent and accessory needs.","publisher":{"@id":"https:\/\/balticoverlanders.eu\/et\/#organization"},"potentialAction":[{"@type":"SearchAction","target":{"@type":"EntryPoint","urlTemplate":"https:\/\/balticoverlanders.eu\/et\/?s={search_term_string}"},"query-input":{"@type":"PropertyValueSpecification","valueRequired":true,"valueName":"search_term_string"}}],"inLanguage":"et"},{"@type":"Organization","@id":"https:\/\/balticoverlanders.eu\/et\/#organization","name":"BALTIC OVERLANDERS","url":"https:\/\/balticoverlanders.eu\/et\/","logo":{"@type":"ImageObject","inLanguage":"et","@id":"https:\/\/balticoverlanders.eu\/et\/#\/schema\/logo\/image\/","url":"https:\/\/balticoverlanders.eu\/wp-content\/uploads\/2023\/04\/BALTIC-OVERLANDERS-LOGO.jpg","contentUrl":"https:\/\/balticoverlanders.eu\/wp-content\/uploads\/2023\/04\/BALTIC-OVERLANDERS-LOGO.jpg","width":1497,"height":310,"caption":"BALTIC OVERLANDERS"},"image":{"@id":"https:\/\/balticoverlanders.eu\/et\/#\/schema\/logo\/image\/"},"sameAs":["https:\/\/www.instagram.com\/balticoverlanders\/"]}]}},"_links":{"self":[{"href":"https:\/\/balticoverlanders.eu\/et\/wp-json\/wp\/v2\/product\/39280","targetHints":{"allow":["GET"]}}],"collection":[{"href":"https:\/\/balticoverlanders.eu\/et\/wp-json\/wp\/v2\/product"}],"about":[{"href":"https:\/\/balticoverlanders.eu\/et\/wp-json\/wp\/v2\/types\/product"}],"wp:featuredmedia":[{"embeddable":true,"href":"https:\/\/balticoverlanders.eu\/et\/wp-json\/wp\/v2\/media\/31410"}],"wp:attachment":[{"href":"https:\/\/balticoverlanders.eu\/et\/wp-json\/wp\/v2\/media?parent=39280"}],"wp:term":[{"taxonomy":"product_brand","embeddable":true,"href":"https:\/\/balticoverlanders.eu\/et\/wp-json\/wp\/v2\/product_brand?post=39280"},{"taxonomy":"product_cat","embeddable":true,"href":"https:\/\/balticoverlanders.eu\/et\/wp-json\/wp\/v2\/product_cat?post=39280"},{"taxonomy":"product_tag","embeddable":true,"href":"https:\/\/balticoverlanders.eu\/et\/wp-json\/wp\/v2\/product_tag?post=39280"}],"curies":[{"name":"wp","href":"https:\/\/api.w.org\/{rel}","templated":true}]}}