{"id":39422,"date":"2024-02-12T16:57:32","date_gmt":"2024-02-12T14:57:32","guid":{"rendered":"https:\/\/balticoverlanders.eu\/product\/dometic-cfx3-slide-35-45-kulmiku-slaider-cfx3-35-ja-cfx3-45-jaoks\/"},"modified":"2024-05-06T22:42:35","modified_gmt":"2024-05-06T19:42:35","slug":"dometic-cfx3-slide-35-45-kulmiku-slaider-cfx3-35-ja-cfx3-45-jaoks","status":"publish","type":"product","link":"https:\/\/balticoverlanders.eu\/et\/toode\/dometic-cfx3-slide-35-45-kulmiku-slaider-cfx3-35-ja-cfx3-45-jaoks\/","title":{"rendered":"Dometic CFX3 Slide 35\/45 K\u00fclmiku slaider CFX3 35 ja CFX3 45 jaoks"},"content":{"rendered":"<p><strong>Tutvustame teie CFX-seeria jahuti jaoks m\u00f5eldud \u00fclimat k\u00fclmiku slaidi<\/strong><\/p>\n<p>Suurendage oma \u00f5ues seiklusi meie esmaklassilise k\u00fclmiku slaidi abil, mis on hoolikalt kujundatud, et t\u00e4iendada teie CFX3 35, CFX3 45 ja sarnaste m\u00f5\u00f5tmetega CFX-mudeleid. Vastupidavuse ja mugavuse tagamiseks valmistatud k\u00fclmiku liugur on teie ideaalne kaaslane, et hoida oma jahutuskappi turvaliselt ja k\u00e4ttesaadavana igal reisil.<\/p>\n<p><strong>Peamised omadused:<\/strong><\/p>\n<ul>\n<li><strong>Maksimaalne kandev\u00f5ime:<\/strong> Meie k\u00fclmiku liugur tagab teie jahutuskapi ja selle sisu usaldusv\u00e4\u00e4rse kandev\u00f5ime kuni 220 naela v\u00f5i 100 kg, isegi karmil maastikul.<\/li>\n<li><strong>T\u00e4ielikult laiendatav disain:<\/strong> Nautige vaevata juurdep\u00e4\u00e4su oma k\u00fclmiku sisule t\u00e4nu meie t\u00e4ielikult pikendatavale liugurile, mis muudab esemete k\u00e4ttesaamise v\u00e4litingimustes toimuvate kogunemiste v\u00f5i matkade ajal muretuteks.<\/li>\n<li><strong>Vastupidav lukustuss\u00fcsteem:<\/strong> \u00dctle h\u00fcvasti t\u00fc\u00fctule kl\u00f5binale s\u00f5idu ajal. Meie k\u00fclmiku liuguril on vastupidav lukustuss\u00fcsteem, mis on loodud vibratsiooni minimeerimiseks ja vaikseks s\u00f5iduks.<\/li>\n<li><strong>Tolmukate:<\/strong> Integreeritud tolmukate hoiab liiva ja mustuse eemal, kaitstes teie liugurr\u00f6\u00f6paid ja s\u00e4ilitades sujuva toimimise kogu reisi v\u00e4ltel.<\/li>\n<li><strong>Optimeeritud kaalujaotus:<\/strong> Meie t\u00e4iuslikuks konstrueeritud Fridge Slide on optimeeritud disainiga, mis minimeerib tarbetut kaalu, suurendades teie s\u00f5iduki j\u00f5udlust, ilma et see kahjustaks funktsionaalsust.<\/li>\n<li><strong>T\u00e4ielik paigalduskomplekt:<\/strong> Iga k\u00fclmiku liugur on varustatud kinnitusrihmade ja M6 poldidega, mis h\u00f5lbustavad lihtsat paigaldusprotsessi ja tagavad teie jahuti turvalise paigaldamise.<\/li>\n<\/ul>\n<p>Parandage oma \u00f5uesolekut meie k\u00fclmiku Slide&#8217;iga ja nautige v\u00f5rratut mugavust ja usaldusv\u00e4\u00e4rsust, kuhu iganes teie seiklused teid ka ei vii.<\/p>\n","protected":false},"excerpt":{"rendered":"<p>R\u00e4nda muretult. Dometic CFX3 k\u00fclmiku liugur on m\u00f5eldud selleks, et v\u00f5imaldada h\u00f5lpsat juurdep\u00e4\u00e4su CFX3-k\u00fclmikule matkaauto, kaubiku, veoauto, maasturi, haagise v\u00f5i paadi tagaosast. Tugev konstruktsioon, suur maksimaalne kandev\u00f5ime ja vastupidav lukustuss\u00fcsteem muudavad CFX3-k\u00fclmikute slaidid kohustuslikuks t\u00f5sisele v\u00e4lisk\u00fclastajale.<\/p>\n","protected":false},"featured_media":31298,"template":"","meta":[],"product_brand":[],"product_cat":[495,582],"product_tag":[],"class_list":{"0":"post-39422","1":"product","2":"type-product","3":"status-publish","4":"has-post-thumbnail","6":"product_cat-dometic-et","7":"product_cat-jahutid","9":"first","10":"onbackorder","11":"taxable","12":"shipping-taxable","13":"purchasable","14":"product-type-simple"},"yoast_head":"<!-- This site is optimized with the Yoast SEO plugin v27.3 - https:\/\/yoast.com\/product\/yoast-seo-wordpress\/ -->\n<title>Dometic CFX3 Slide 35\/45 K\u00fclmiku slaider CFX3 35 ja CFX3 45 jaoks - BALTIC OVERLANDERS<\/title>\n<meta name=\"description\" content=\"Tutvu Dometic CFX3 k\u00fclmiku slaidiga, mis v\u00f5imaldab h\u00f5lpsasti ligi p\u00e4\u00e4seda mootoriga jahutile, mis on ideaalne mugavust ja vastupidavust hindavatele seiklejatele.\" \/>\n<meta name=\"robots\" content=\"index, follow, max-snippet:-1, max-image-preview:large, max-video-preview:-1\" \/>\n<link rel=\"canonical\" href=\"https:\/\/balticoverlanders.eu\/et\/toode\/dometic-cfx3-slide-35-45-kulmiku-slaider-cfx3-35-ja-cfx3-45-jaoks\/\" \/>\n<meta property=\"og:locale\" content=\"et_EE\" \/>\n<meta property=\"og:type\" content=\"article\" \/>\n<meta property=\"og:title\" content=\"Dometic CFX3 Slide 35\/45 K\u00fclmiku slaider CFX3 35 ja CFX3 45 jaoks - BALTIC OVERLANDERS\" \/>\n<meta property=\"og:description\" content=\"Tutvu Dometic CFX3 k\u00fclmiku slaidiga, mis v\u00f5imaldab h\u00f5lpsasti ligi p\u00e4\u00e4seda mootoriga jahutile, mis on ideaalne mugavust ja vastupidavust hindavatele seiklejatele.\" \/>\n<meta property=\"og:url\" content=\"https:\/\/balticoverlanders.eu\/et\/toode\/dometic-cfx3-slide-35-45-kulmiku-slaider-cfx3-35-ja-cfx3-45-jaoks\/\" \/>\n<meta property=\"og:site_name\" content=\"BALTIC OVERLANDERS\" \/>\n<meta property=\"article:modified_time\" content=\"2024-05-06T19:42:35+00:00\" \/>\n<meta property=\"og:image\" content=\"https:\/\/balticoverlanders.eu\/wp-content\/uploads\/2024\/02\/CFX3-Slide-55-1-1-scaled.jpg\" \/>\n\t<meta property=\"og:image:width\" content=\"2560\" \/>\n\t<meta property=\"og:image:height\" content=\"2560\" \/>\n\t<meta property=\"og:image:type\" content=\"image\/jpeg\" \/>\n<meta name=\"twitter:card\" content=\"summary_large_image\" \/>\n<meta name=\"twitter:label1\" content=\"Est. reading time\" \/>\n\t<meta name=\"twitter:data1\" content=\"1 minut\" \/>\n<script type=\"application\/ld+json\" class=\"yoast-schema-graph\">{\"@context\":\"https:\\\/\\\/schema.org\",\"@graph\":[{\"@type\":\"WebPage\",\"@id\":\"https:\\\/\\\/balticoverlanders.eu\\\/et\\\/toode\\\/dometic-cfx3-slide-35-45-kulmiku-slaider-cfx3-35-ja-cfx3-45-jaoks\\\/\",\"url\":\"https:\\\/\\\/balticoverlanders.eu\\\/et\\\/toode\\\/dometic-cfx3-slide-35-45-kulmiku-slaider-cfx3-35-ja-cfx3-45-jaoks\\\/\",\"name\":\"Dometic CFX3 Slide 35\\\/45 K\u00fclmiku slaider CFX3 35 ja CFX3 45 jaoks - BALTIC OVERLANDERS\",\"isPartOf\":{\"@id\":\"https:\\\/\\\/balticoverlanders.eu\\\/et\\\/#website\"},\"primaryImageOfPage\":{\"@id\":\"https:\\\/\\\/balticoverlanders.eu\\\/et\\\/toode\\\/dometic-cfx3-slide-35-45-kulmiku-slaider-cfx3-35-ja-cfx3-45-jaoks\\\/#primaryimage\"},\"image\":{\"@id\":\"https:\\\/\\\/balticoverlanders.eu\\\/et\\\/toode\\\/dometic-cfx3-slide-35-45-kulmiku-slaider-cfx3-35-ja-cfx3-45-jaoks\\\/#primaryimage\"},\"thumbnailUrl\":\"https:\\\/\\\/balticoverlanders.eu\\\/wp-content\\\/uploads\\\/2024\\\/02\\\/CFX3-Slide-55-1-1-scaled.jpg\",\"datePublished\":\"2024-02-12T14:57:32+00:00\",\"dateModified\":\"2024-05-06T19:42:35+00:00\",\"description\":\"Tutvu Dometic CFX3 k\u00fclmiku slaidiga, mis v\u00f5imaldab h\u00f5lpsasti ligi p\u00e4\u00e4seda mootoriga jahutile, mis on ideaalne mugavust ja vastupidavust hindavatele seiklejatele.\",\"breadcrumb\":{\"@id\":\"https:\\\/\\\/balticoverlanders.eu\\\/et\\\/toode\\\/dometic-cfx3-slide-35-45-kulmiku-slaider-cfx3-35-ja-cfx3-45-jaoks\\\/#breadcrumb\"},\"inLanguage\":\"et\",\"potentialAction\":[{\"@type\":\"ReadAction\",\"target\":[\"https:\\\/\\\/balticoverlanders.eu\\\/et\\\/toode\\\/dometic-cfx3-slide-35-45-kulmiku-slaider-cfx3-35-ja-cfx3-45-jaoks\\\/\"]}]},{\"@type\":\"ImageObject\",\"inLanguage\":\"et\",\"@id\":\"https:\\\/\\\/balticoverlanders.eu\\\/et\\\/toode\\\/dometic-cfx3-slide-35-45-kulmiku-slaider-cfx3-35-ja-cfx3-45-jaoks\\\/#primaryimage\",\"url\":\"https:\\\/\\\/balticoverlanders.eu\\\/wp-content\\\/uploads\\\/2024\\\/02\\\/CFX3-Slide-55-1-1-scaled.jpg\",\"contentUrl\":\"https:\\\/\\\/balticoverlanders.eu\\\/wp-content\\\/uploads\\\/2024\\\/02\\\/CFX3-Slide-55-1-1-scaled.jpg\",\"width\":2560,\"height\":2560},{\"@type\":\"BreadcrumbList\",\"@id\":\"https:\\\/\\\/balticoverlanders.eu\\\/et\\\/toode\\\/dometic-cfx3-slide-35-45-kulmiku-slaider-cfx3-35-ja-cfx3-45-jaoks\\\/#breadcrumb\",\"itemListElement\":[{\"@type\":\"ListItem\",\"position\":1,\"name\":\"Home\",\"item\":\"https:\\\/\\\/balticoverlanders.eu\\\/et\\\/home\\\/\"},{\"@type\":\"ListItem\",\"position\":2,\"name\":\"Kauplus\",\"item\":\"https:\\\/\\\/balticoverlanders.eu\\\/et\\\/kauplus\\\/\"},{\"@type\":\"ListItem\",\"position\":3,\"name\":\"Dometic CFX3 Slide 35\\\/45 K\u00fclmiku slaider CFX3 35 ja CFX3 45 jaoks\"}]},{\"@type\":\"WebSite\",\"@id\":\"https:\\\/\\\/balticoverlanders.eu\\\/et\\\/#website\",\"url\":\"https:\\\/\\\/balticoverlanders.eu\\\/et\\\/\",\"name\":\"BALTIC OVERLANDERS\",\"description\":\"Your one-stop shop in Latvia, Estonia, and Lithuania for all your car camping, rooftop tent and accessory needs.\",\"publisher\":{\"@id\":\"https:\\\/\\\/balticoverlanders.eu\\\/et\\\/#organization\"},\"potentialAction\":[{\"@type\":\"SearchAction\",\"target\":{\"@type\":\"EntryPoint\",\"urlTemplate\":\"https:\\\/\\\/balticoverlanders.eu\\\/et\\\/?s={search_term_string}\"},\"query-input\":{\"@type\":\"PropertyValueSpecification\",\"valueRequired\":true,\"valueName\":\"search_term_string\"}}],\"inLanguage\":\"et\"},{\"@type\":\"Organization\",\"@id\":\"https:\\\/\\\/balticoverlanders.eu\\\/et\\\/#organization\",\"name\":\"BALTIC OVERLANDERS\",\"url\":\"https:\\\/\\\/balticoverlanders.eu\\\/et\\\/\",\"logo\":{\"@type\":\"ImageObject\",\"inLanguage\":\"et\",\"@id\":\"https:\\\/\\\/balticoverlanders.eu\\\/et\\\/#\\\/schema\\\/logo\\\/image\\\/\",\"url\":\"https:\\\/\\\/balticoverlanders.eu\\\/wp-content\\\/uploads\\\/2023\\\/04\\\/BALTIC-OVERLANDERS-LOGO.jpg\",\"contentUrl\":\"https:\\\/\\\/balticoverlanders.eu\\\/wp-content\\\/uploads\\\/2023\\\/04\\\/BALTIC-OVERLANDERS-LOGO.jpg\",\"width\":1497,\"height\":310,\"caption\":\"BALTIC OVERLANDERS\"},\"image\":{\"@id\":\"https:\\\/\\\/balticoverlanders.eu\\\/et\\\/#\\\/schema\\\/logo\\\/image\\\/\"},\"sameAs\":[\"https:\\\/\\\/www.instagram.com\\\/balticoverlanders\\\/\"]}]}<\/script>\n<!-- \/ Yoast SEO plugin. -->","yoast_head_json":{"title":"Dometic CFX3 Slide 35\/45 K\u00fclmiku slaider CFX3 35 ja CFX3 45 jaoks - BALTIC OVERLANDERS","description":"Tutvu Dometic CFX3 k\u00fclmiku slaidiga, mis v\u00f5imaldab h\u00f5lpsasti ligi p\u00e4\u00e4seda mootoriga jahutile, mis on ideaalne mugavust ja vastupidavust hindavatele seiklejatele.","robots":{"index":"index","follow":"follow","max-snippet":"max-snippet:-1","max-image-preview":"max-image-preview:large","max-video-preview":"max-video-preview:-1"},"canonical":"https:\/\/balticoverlanders.eu\/et\/toode\/dometic-cfx3-slide-35-45-kulmiku-slaider-cfx3-35-ja-cfx3-45-jaoks\/","og_locale":"et_EE","og_type":"article","og_title":"Dometic CFX3 Slide 35\/45 K\u00fclmiku slaider CFX3 35 ja CFX3 45 jaoks - BALTIC OVERLANDERS","og_description":"Tutvu Dometic CFX3 k\u00fclmiku slaidiga, mis v\u00f5imaldab h\u00f5lpsasti ligi p\u00e4\u00e4seda mootoriga jahutile, mis on ideaalne mugavust ja vastupidavust hindavatele seiklejatele.","og_url":"https:\/\/balticoverlanders.eu\/et\/toode\/dometic-cfx3-slide-35-45-kulmiku-slaider-cfx3-35-ja-cfx3-45-jaoks\/","og_site_name":"BALTIC OVERLANDERS","article_modified_time":"2024-05-06T19:42:35+00:00","og_image":[{"width":2560,"height":2560,"url":"https:\/\/balticoverlanders.eu\/wp-content\/uploads\/2024\/02\/CFX3-Slide-55-1-1-scaled.jpg","type":"image\/jpeg"}],"twitter_card":"summary_large_image","twitter_misc":{"Est. reading time":"1 minut"},"schema":{"@context":"https:\/\/schema.org","@graph":[{"@type":"WebPage","@id":"https:\/\/balticoverlanders.eu\/et\/toode\/dometic-cfx3-slide-35-45-kulmiku-slaider-cfx3-35-ja-cfx3-45-jaoks\/","url":"https:\/\/balticoverlanders.eu\/et\/toode\/dometic-cfx3-slide-35-45-kulmiku-slaider-cfx3-35-ja-cfx3-45-jaoks\/","name":"Dometic CFX3 Slide 35\/45 K\u00fclmiku slaider CFX3 35 ja CFX3 45 jaoks - BALTIC OVERLANDERS","isPartOf":{"@id":"https:\/\/balticoverlanders.eu\/et\/#website"},"primaryImageOfPage":{"@id":"https:\/\/balticoverlanders.eu\/et\/toode\/dometic-cfx3-slide-35-45-kulmiku-slaider-cfx3-35-ja-cfx3-45-jaoks\/#primaryimage"},"image":{"@id":"https:\/\/balticoverlanders.eu\/et\/toode\/dometic-cfx3-slide-35-45-kulmiku-slaider-cfx3-35-ja-cfx3-45-jaoks\/#primaryimage"},"thumbnailUrl":"https:\/\/balticoverlanders.eu\/wp-content\/uploads\/2024\/02\/CFX3-Slide-55-1-1-scaled.jpg","datePublished":"2024-02-12T14:57:32+00:00","dateModified":"2024-05-06T19:42:35+00:00","description":"Tutvu Dometic CFX3 k\u00fclmiku slaidiga, mis v\u00f5imaldab h\u00f5lpsasti ligi p\u00e4\u00e4seda mootoriga jahutile, mis on ideaalne mugavust ja vastupidavust hindavatele seiklejatele.","breadcrumb":{"@id":"https:\/\/balticoverlanders.eu\/et\/toode\/dometic-cfx3-slide-35-45-kulmiku-slaider-cfx3-35-ja-cfx3-45-jaoks\/#breadcrumb"},"inLanguage":"et","potentialAction":[{"@type":"ReadAction","target":["https:\/\/balticoverlanders.eu\/et\/toode\/dometic-cfx3-slide-35-45-kulmiku-slaider-cfx3-35-ja-cfx3-45-jaoks\/"]}]},{"@type":"ImageObject","inLanguage":"et","@id":"https:\/\/balticoverlanders.eu\/et\/toode\/dometic-cfx3-slide-35-45-kulmiku-slaider-cfx3-35-ja-cfx3-45-jaoks\/#primaryimage","url":"https:\/\/balticoverlanders.eu\/wp-content\/uploads\/2024\/02\/CFX3-Slide-55-1-1-scaled.jpg","contentUrl":"https:\/\/balticoverlanders.eu\/wp-content\/uploads\/2024\/02\/CFX3-Slide-55-1-1-scaled.jpg","width":2560,"height":2560},{"@type":"BreadcrumbList","@id":"https:\/\/balticoverlanders.eu\/et\/toode\/dometic-cfx3-slide-35-45-kulmiku-slaider-cfx3-35-ja-cfx3-45-jaoks\/#breadcrumb","itemListElement":[{"@type":"ListItem","position":1,"name":"Home","item":"https:\/\/balticoverlanders.eu\/et\/home\/"},{"@type":"ListItem","position":2,"name":"Kauplus","item":"https:\/\/balticoverlanders.eu\/et\/kauplus\/"},{"@type":"ListItem","position":3,"name":"Dometic CFX3 Slide 35\/45 K\u00fclmiku slaider CFX3 35 ja CFX3 45 jaoks"}]},{"@type":"WebSite","@id":"https:\/\/balticoverlanders.eu\/et\/#website","url":"https:\/\/balticoverlanders.eu\/et\/","name":"BALTIC OVERLANDERS","description":"Your one-stop shop in Latvia, Estonia, and Lithuania for all your car camping, rooftop tent and accessory needs.","publisher":{"@id":"https:\/\/balticoverlanders.eu\/et\/#organization"},"potentialAction":[{"@type":"SearchAction","target":{"@type":"EntryPoint","urlTemplate":"https:\/\/balticoverlanders.eu\/et\/?s={search_term_string}"},"query-input":{"@type":"PropertyValueSpecification","valueRequired":true,"valueName":"search_term_string"}}],"inLanguage":"et"},{"@type":"Organization","@id":"https:\/\/balticoverlanders.eu\/et\/#organization","name":"BALTIC OVERLANDERS","url":"https:\/\/balticoverlanders.eu\/et\/","logo":{"@type":"ImageObject","inLanguage":"et","@id":"https:\/\/balticoverlanders.eu\/et\/#\/schema\/logo\/image\/","url":"https:\/\/balticoverlanders.eu\/wp-content\/uploads\/2023\/04\/BALTIC-OVERLANDERS-LOGO.jpg","contentUrl":"https:\/\/balticoverlanders.eu\/wp-content\/uploads\/2023\/04\/BALTIC-OVERLANDERS-LOGO.jpg","width":1497,"height":310,"caption":"BALTIC OVERLANDERS"},"image":{"@id":"https:\/\/balticoverlanders.eu\/et\/#\/schema\/logo\/image\/"},"sameAs":["https:\/\/www.instagram.com\/balticoverlanders\/"]}]}},"_links":{"self":[{"href":"https:\/\/balticoverlanders.eu\/et\/wp-json\/wp\/v2\/product\/39422","targetHints":{"allow":["GET"]}}],"collection":[{"href":"https:\/\/balticoverlanders.eu\/et\/wp-json\/wp\/v2\/product"}],"about":[{"href":"https:\/\/balticoverlanders.eu\/et\/wp-json\/wp\/v2\/types\/product"}],"wp:featuredmedia":[{"embeddable":true,"href":"https:\/\/balticoverlanders.eu\/et\/wp-json\/wp\/v2\/media\/31298"}],"wp:attachment":[{"href":"https:\/\/balticoverlanders.eu\/et\/wp-json\/wp\/v2\/media?parent=39422"}],"wp:term":[{"taxonomy":"product_brand","embeddable":true,"href":"https:\/\/balticoverlanders.eu\/et\/wp-json\/wp\/v2\/product_brand?post=39422"},{"taxonomy":"product_cat","embeddable":true,"href":"https:\/\/balticoverlanders.eu\/et\/wp-json\/wp\/v2\/product_cat?post=39422"},{"taxonomy":"product_tag","embeddable":true,"href":"https:\/\/balticoverlanders.eu\/et\/wp-json\/wp\/v2\/product_tag?post=39422"}],"curies":[{"name":"wp","href":"https:\/\/api.w.org\/{rel}","templated":true}]}}