{"id":39451,"date":"2024-02-12T16:41:14","date_gmt":"2024-02-12T14:41:14","guid":{"rendered":"https:\/\/balticoverlanders.eu\/product\/dometic-cfx3-55im-kaasaskantav-kompressorjahuti-jaavalmistusfunktsiooniga-53-l\/"},"modified":"2024-05-06T22:42:46","modified_gmt":"2024-05-06T19:42:46","slug":"dometic-cfx3-55im-kaasaskantav-kompressorjahuti-jaavalmistusfunktsiooniga-53-l","status":"publish","type":"product","link":"https:\/\/balticoverlanders.eu\/et\/toode\/dometic-cfx3-55im-kaasaskantav-kompressorjahuti-jaavalmistusfunktsiooniga-53-l\/","title":{"rendered":"Dometic CFX3 55IM Kaasaskantav kompressorjahuti j\u00e4\u00e4valmistusfunktsiooniga, 53 l"},"content":{"rendered":"<p><strong>Suurep\u00e4rane koguv\u00f5imsus<\/strong><\/p>\n<ul>\n<li>Ruumikas 53-liitrine mahutavus tagab, et teil on piisavalt ruumi k\u00f5igile h\u00e4davajalikele asjadele, olenemata sellest, kas olete n\u00e4dalavahetuse matkal v\u00f5i pikemal teekonnal.<\/li>\n<\/ul>\n<p><strong>Kiire j\u00e4\u00e4 tootmine<\/strong><\/p>\n<ul>\n<li>Kiire j\u00e4\u00e4plaadi ja kaasasolevate silikoonist j\u00e4\u00e4salvestega varustatud kaasaskantav kompressorjahuti toodab j\u00e4\u00e4d m\u00f5ne tunniga, hoides teie joogid v\u00e4rskendavalt k\u00fclmana, kuhu iganes teie seiklused teid ka ei vii.<\/li>\n<\/ul>\n<p><strong>Vastupidav konstruktsioon<\/strong><\/p>\n<ul>\n<li>CFX3 on ehitatud nii, et see peab vastu reisimise raskustele, ning sellel on raske, kuid kerge ExoFrame konstruktsioon, mille servad on kaitstud kaitseraamiga ja alumiiniumsulamist k\u00e4epidemed, mis tagab vastupidavuse, ilma et see kahjustaks kaasaskantavust.<\/li>\n<\/ul>\n<p><strong>T\u00f5hus jahutustehnoloogia<\/strong><\/p>\n<ul>\n<li>T\u00e4nu t\u00e4iustatud VMSO3 kompressorjahutuse tehnoloogiale jahutab CFX3 t\u00f5husalt vahemikus +20 \u00b0C kuni -22 \u00b0C, tagades, et teie toidud ja joogid p\u00fcsivad ideaalsel temperatuuril ka k\u00f5ige karmimates tingimustes.<\/li>\n<\/ul>\n<p><strong>Intuitiivne juhtimine ja j\u00e4relevalve<\/strong><\/p>\n<ul>\n<li>J\u00e4\u00e4ge h\u00f5lpsasti loetava k\u00f5rgresolutsioonilise v\u00e4rvilise ekraani ja pehmete nuppude abil kontrolli alla, mis v\u00f5imaldab sujuvat juhtimist ja jahuti j\u00f5udluse j\u00e4lgimist, mis lisab teie seiklustel lisamugavust.<\/li>\n<\/ul>\n<p><strong>Aku kaitses\u00fcsteem<\/strong><\/p>\n<ul>\n<li>CFX3 on varustatud 3-astmelise d\u00fcnaamilise aku kaitses\u00fcsteemiga, mis takistab t\u00fchja autoakut v\u00f5i lubab topeltakude s\u00fcgavat t\u00fchjenemist, andes teile meelerahu pikemate reiside ajal.<\/li>\n<\/ul>\n<p><strong>Nutikas \u00fchenduvus<\/strong><\/p>\n<ul>\n<li>CFX3 rakendus v\u00f5imaldab temperatuuri reguleerimist WiFi v\u00f5i Bluetoothi kaudu ja annab teile s\u00f5rmej\u00e4lje abil \u00fclevaate funktsioonide toimimisest, nii et saate oma jahutit h\u00f5lpsasti hallata.<\/li>\n<\/ul>\n<p><strong>Kogemused kaasaskantava jahutuse j\u00e4rgmisest tasemest<\/strong><\/p>\n<ul>\n<li>Olgu tegemist telkimise, v\u00e4ljas\u00f5idu v\u00f5i matkaga, kaasaskantav kompressorjahuti CFX3 koos j\u00e4\u00e4valmistusfunktsiooniga on teie parim reisikaaslane, mis pakub v\u00f5rratut mugavust, vastupidavust ja j\u00f5udlust k\u00f5igi teie seikluste jaoks.<\/li>\n<\/ul>\n","protected":false},"excerpt":{"rendered":"<p>See muljetavaldav elektritoitega jahuti v\u00f5imaldab teil tuua rohkem toitu ja jooke, mida te armastate, kuhu iganes te ka ei l\u00e4heksite. Selle tugev konstruktsioon on ehitatud vastupidavaks v\u00e4litingimustes kasutamiseks. Nautige t\u00f5husat ja mugavat jahutust t\u00e4nu mobiilirakendusele, mis annab teie Dometic CFX3 juhtimise s\u00f5rmeotsa. Mine kaugemale, j\u00e4\u00e4 kauemaks ja koge rohkem.<\/p>\n","protected":false},"featured_media":31256,"template":"","meta":[],"product_brand":[],"product_cat":[495,582],"product_tag":[],"class_list":{"0":"post-39451","1":"product","2":"type-product","3":"status-publish","4":"has-post-thumbnail","6":"product_cat-dometic-et","7":"product_cat-jahutid","9":"first","10":"onbackorder","11":"taxable","12":"shipping-taxable","13":"purchasable","14":"product-type-simple"},"yoast_head":"<!-- This site is optimized with the Yoast SEO plugin v27.3 - https:\/\/yoast.com\/product\/yoast-seo-wordpress\/ -->\n<title>Dometic CFX3 55IM Kaasaskantav kompressorjahuti j\u00e4\u00e4valmistusfunktsiooniga, 53 l - BALTIC OVERLANDERS<\/title>\n<meta name=\"description\" content=\"Kogege \u00fclimat jahutust v\u00e4litingimustes Dometic CFX3 j\u00e4\u00e4masinaga jahuti. Vastupidav konstruktsioon, t\u00f5hus jahutus ja lihtsa rakenduse juhtimine.\" \/>\n<meta name=\"robots\" content=\"index, follow, max-snippet:-1, max-image-preview:large, max-video-preview:-1\" \/>\n<link rel=\"canonical\" href=\"https:\/\/balticoverlanders.eu\/et\/toode\/dometic-cfx3-55im-kaasaskantav-kompressorjahuti-jaavalmistusfunktsiooniga-53-l\/\" \/>\n<meta property=\"og:locale\" content=\"et_EE\" \/>\n<meta property=\"og:type\" content=\"article\" \/>\n<meta property=\"og:title\" content=\"Dometic CFX3 55IM Kaasaskantav kompressorjahuti j\u00e4\u00e4valmistusfunktsiooniga, 53 l - BALTIC OVERLANDERS\" \/>\n<meta property=\"og:description\" content=\"Kogege \u00fclimat jahutust v\u00e4litingimustes Dometic CFX3 j\u00e4\u00e4masinaga jahuti. Vastupidav konstruktsioon, t\u00f5hus jahutus ja lihtsa rakenduse juhtimine.\" \/>\n<meta property=\"og:url\" content=\"https:\/\/balticoverlanders.eu\/et\/toode\/dometic-cfx3-55im-kaasaskantav-kompressorjahuti-jaavalmistusfunktsiooniga-53-l\/\" \/>\n<meta property=\"og:site_name\" content=\"BALTIC OVERLANDERS\" \/>\n<meta property=\"article:modified_time\" content=\"2024-05-06T19:42:46+00:00\" \/>\n<meta property=\"og:image\" content=\"https:\/\/balticoverlanders.eu\/wp-content\/uploads\/2024\/02\/cfx3-55-c-9600025328-p401_lowres.jpg\" \/>\n\t<meta property=\"og:image:width\" content=\"650\" \/>\n\t<meta property=\"og:image:height\" content=\"488\" \/>\n\t<meta property=\"og:image:type\" content=\"image\/jpeg\" \/>\n<meta name=\"twitter:card\" content=\"summary_large_image\" \/>\n<meta name=\"twitter:label1\" content=\"Est. reading time\" \/>\n\t<meta name=\"twitter:data1\" content=\"1 minut\" \/>\n<script type=\"application\/ld+json\" class=\"yoast-schema-graph\">{\"@context\":\"https:\\\/\\\/schema.org\",\"@graph\":[{\"@type\":\"WebPage\",\"@id\":\"https:\\\/\\\/balticoverlanders.eu\\\/et\\\/toode\\\/dometic-cfx3-55im-kaasaskantav-kompressorjahuti-jaavalmistusfunktsiooniga-53-l\\\/\",\"url\":\"https:\\\/\\\/balticoverlanders.eu\\\/et\\\/toode\\\/dometic-cfx3-55im-kaasaskantav-kompressorjahuti-jaavalmistusfunktsiooniga-53-l\\\/\",\"name\":\"Dometic CFX3 55IM Kaasaskantav kompressorjahuti j\u00e4\u00e4valmistusfunktsiooniga, 53 l - BALTIC OVERLANDERS\",\"isPartOf\":{\"@id\":\"https:\\\/\\\/balticoverlanders.eu\\\/et\\\/#website\"},\"primaryImageOfPage\":{\"@id\":\"https:\\\/\\\/balticoverlanders.eu\\\/et\\\/toode\\\/dometic-cfx3-55im-kaasaskantav-kompressorjahuti-jaavalmistusfunktsiooniga-53-l\\\/#primaryimage\"},\"image\":{\"@id\":\"https:\\\/\\\/balticoverlanders.eu\\\/et\\\/toode\\\/dometic-cfx3-55im-kaasaskantav-kompressorjahuti-jaavalmistusfunktsiooniga-53-l\\\/#primaryimage\"},\"thumbnailUrl\":\"https:\\\/\\\/balticoverlanders.eu\\\/wp-content\\\/uploads\\\/2024\\\/02\\\/cfx3-55-c-9600025328-p401_lowres.jpg\",\"datePublished\":\"2024-02-12T14:41:14+00:00\",\"dateModified\":\"2024-05-06T19:42:46+00:00\",\"description\":\"Kogege \u00fclimat jahutust v\u00e4litingimustes Dometic CFX3 j\u00e4\u00e4masinaga jahuti. Vastupidav konstruktsioon, t\u00f5hus jahutus ja lihtsa rakenduse juhtimine.\",\"breadcrumb\":{\"@id\":\"https:\\\/\\\/balticoverlanders.eu\\\/et\\\/toode\\\/dometic-cfx3-55im-kaasaskantav-kompressorjahuti-jaavalmistusfunktsiooniga-53-l\\\/#breadcrumb\"},\"inLanguage\":\"et\",\"potentialAction\":[{\"@type\":\"ReadAction\",\"target\":[\"https:\\\/\\\/balticoverlanders.eu\\\/et\\\/toode\\\/dometic-cfx3-55im-kaasaskantav-kompressorjahuti-jaavalmistusfunktsiooniga-53-l\\\/\"]}]},{\"@type\":\"ImageObject\",\"inLanguage\":\"et\",\"@id\":\"https:\\\/\\\/balticoverlanders.eu\\\/et\\\/toode\\\/dometic-cfx3-55im-kaasaskantav-kompressorjahuti-jaavalmistusfunktsiooniga-53-l\\\/#primaryimage\",\"url\":\"https:\\\/\\\/balticoverlanders.eu\\\/wp-content\\\/uploads\\\/2024\\\/02\\\/cfx3-55-c-9600025328-p401_lowres.jpg\",\"contentUrl\":\"https:\\\/\\\/balticoverlanders.eu\\\/wp-content\\\/uploads\\\/2024\\\/02\\\/cfx3-55-c-9600025328-p401_lowres.jpg\",\"width\":650,\"height\":488},{\"@type\":\"BreadcrumbList\",\"@id\":\"https:\\\/\\\/balticoverlanders.eu\\\/et\\\/toode\\\/dometic-cfx3-55im-kaasaskantav-kompressorjahuti-jaavalmistusfunktsiooniga-53-l\\\/#breadcrumb\",\"itemListElement\":[{\"@type\":\"ListItem\",\"position\":1,\"name\":\"Home\",\"item\":\"https:\\\/\\\/balticoverlanders.eu\\\/et\\\/home\\\/\"},{\"@type\":\"ListItem\",\"position\":2,\"name\":\"Kauplus\",\"item\":\"https:\\\/\\\/balticoverlanders.eu\\\/et\\\/kauplus\\\/\"},{\"@type\":\"ListItem\",\"position\":3,\"name\":\"Dometic CFX3 55IM Kaasaskantav kompressorjahuti j\u00e4\u00e4valmistusfunktsiooniga, 53 l\"}]},{\"@type\":\"WebSite\",\"@id\":\"https:\\\/\\\/balticoverlanders.eu\\\/et\\\/#website\",\"url\":\"https:\\\/\\\/balticoverlanders.eu\\\/et\\\/\",\"name\":\"BALTIC OVERLANDERS\",\"description\":\"Your one-stop shop in Latvia, Estonia, and Lithuania for all your car camping, rooftop tent and accessory needs.\",\"publisher\":{\"@id\":\"https:\\\/\\\/balticoverlanders.eu\\\/et\\\/#organization\"},\"potentialAction\":[{\"@type\":\"SearchAction\",\"target\":{\"@type\":\"EntryPoint\",\"urlTemplate\":\"https:\\\/\\\/balticoverlanders.eu\\\/et\\\/?s={search_term_string}\"},\"query-input\":{\"@type\":\"PropertyValueSpecification\",\"valueRequired\":true,\"valueName\":\"search_term_string\"}}],\"inLanguage\":\"et\"},{\"@type\":\"Organization\",\"@id\":\"https:\\\/\\\/balticoverlanders.eu\\\/et\\\/#organization\",\"name\":\"BALTIC OVERLANDERS\",\"url\":\"https:\\\/\\\/balticoverlanders.eu\\\/et\\\/\",\"logo\":{\"@type\":\"ImageObject\",\"inLanguage\":\"et\",\"@id\":\"https:\\\/\\\/balticoverlanders.eu\\\/et\\\/#\\\/schema\\\/logo\\\/image\\\/\",\"url\":\"https:\\\/\\\/balticoverlanders.eu\\\/wp-content\\\/uploads\\\/2023\\\/04\\\/BALTIC-OVERLANDERS-LOGO.jpg\",\"contentUrl\":\"https:\\\/\\\/balticoverlanders.eu\\\/wp-content\\\/uploads\\\/2023\\\/04\\\/BALTIC-OVERLANDERS-LOGO.jpg\",\"width\":1497,\"height\":310,\"caption\":\"BALTIC OVERLANDERS\"},\"image\":{\"@id\":\"https:\\\/\\\/balticoverlanders.eu\\\/et\\\/#\\\/schema\\\/logo\\\/image\\\/\"},\"sameAs\":[\"https:\\\/\\\/www.instagram.com\\\/balticoverlanders\\\/\"]}]}<\/script>\n<!-- \/ Yoast SEO plugin. -->","yoast_head_json":{"title":"Dometic CFX3 55IM Kaasaskantav kompressorjahuti j\u00e4\u00e4valmistusfunktsiooniga, 53 l - BALTIC OVERLANDERS","description":"Kogege \u00fclimat jahutust v\u00e4litingimustes Dometic CFX3 j\u00e4\u00e4masinaga jahuti. Vastupidav konstruktsioon, t\u00f5hus jahutus ja lihtsa rakenduse juhtimine.","robots":{"index":"index","follow":"follow","max-snippet":"max-snippet:-1","max-image-preview":"max-image-preview:large","max-video-preview":"max-video-preview:-1"},"canonical":"https:\/\/balticoverlanders.eu\/et\/toode\/dometic-cfx3-55im-kaasaskantav-kompressorjahuti-jaavalmistusfunktsiooniga-53-l\/","og_locale":"et_EE","og_type":"article","og_title":"Dometic CFX3 55IM Kaasaskantav kompressorjahuti j\u00e4\u00e4valmistusfunktsiooniga, 53 l - BALTIC OVERLANDERS","og_description":"Kogege \u00fclimat jahutust v\u00e4litingimustes Dometic CFX3 j\u00e4\u00e4masinaga jahuti. Vastupidav konstruktsioon, t\u00f5hus jahutus ja lihtsa rakenduse juhtimine.","og_url":"https:\/\/balticoverlanders.eu\/et\/toode\/dometic-cfx3-55im-kaasaskantav-kompressorjahuti-jaavalmistusfunktsiooniga-53-l\/","og_site_name":"BALTIC OVERLANDERS","article_modified_time":"2024-05-06T19:42:46+00:00","og_image":[{"width":650,"height":488,"url":"https:\/\/balticoverlanders.eu\/wp-content\/uploads\/2024\/02\/cfx3-55-c-9600025328-p401_lowres.jpg","type":"image\/jpeg"}],"twitter_card":"summary_large_image","twitter_misc":{"Est. reading time":"1 minut"},"schema":{"@context":"https:\/\/schema.org","@graph":[{"@type":"WebPage","@id":"https:\/\/balticoverlanders.eu\/et\/toode\/dometic-cfx3-55im-kaasaskantav-kompressorjahuti-jaavalmistusfunktsiooniga-53-l\/","url":"https:\/\/balticoverlanders.eu\/et\/toode\/dometic-cfx3-55im-kaasaskantav-kompressorjahuti-jaavalmistusfunktsiooniga-53-l\/","name":"Dometic CFX3 55IM Kaasaskantav kompressorjahuti j\u00e4\u00e4valmistusfunktsiooniga, 53 l - BALTIC OVERLANDERS","isPartOf":{"@id":"https:\/\/balticoverlanders.eu\/et\/#website"},"primaryImageOfPage":{"@id":"https:\/\/balticoverlanders.eu\/et\/toode\/dometic-cfx3-55im-kaasaskantav-kompressorjahuti-jaavalmistusfunktsiooniga-53-l\/#primaryimage"},"image":{"@id":"https:\/\/balticoverlanders.eu\/et\/toode\/dometic-cfx3-55im-kaasaskantav-kompressorjahuti-jaavalmistusfunktsiooniga-53-l\/#primaryimage"},"thumbnailUrl":"https:\/\/balticoverlanders.eu\/wp-content\/uploads\/2024\/02\/cfx3-55-c-9600025328-p401_lowres.jpg","datePublished":"2024-02-12T14:41:14+00:00","dateModified":"2024-05-06T19:42:46+00:00","description":"Kogege \u00fclimat jahutust v\u00e4litingimustes Dometic CFX3 j\u00e4\u00e4masinaga jahuti. Vastupidav konstruktsioon, t\u00f5hus jahutus ja lihtsa rakenduse juhtimine.","breadcrumb":{"@id":"https:\/\/balticoverlanders.eu\/et\/toode\/dometic-cfx3-55im-kaasaskantav-kompressorjahuti-jaavalmistusfunktsiooniga-53-l\/#breadcrumb"},"inLanguage":"et","potentialAction":[{"@type":"ReadAction","target":["https:\/\/balticoverlanders.eu\/et\/toode\/dometic-cfx3-55im-kaasaskantav-kompressorjahuti-jaavalmistusfunktsiooniga-53-l\/"]}]},{"@type":"ImageObject","inLanguage":"et","@id":"https:\/\/balticoverlanders.eu\/et\/toode\/dometic-cfx3-55im-kaasaskantav-kompressorjahuti-jaavalmistusfunktsiooniga-53-l\/#primaryimage","url":"https:\/\/balticoverlanders.eu\/wp-content\/uploads\/2024\/02\/cfx3-55-c-9600025328-p401_lowres.jpg","contentUrl":"https:\/\/balticoverlanders.eu\/wp-content\/uploads\/2024\/02\/cfx3-55-c-9600025328-p401_lowres.jpg","width":650,"height":488},{"@type":"BreadcrumbList","@id":"https:\/\/balticoverlanders.eu\/et\/toode\/dometic-cfx3-55im-kaasaskantav-kompressorjahuti-jaavalmistusfunktsiooniga-53-l\/#breadcrumb","itemListElement":[{"@type":"ListItem","position":1,"name":"Home","item":"https:\/\/balticoverlanders.eu\/et\/home\/"},{"@type":"ListItem","position":2,"name":"Kauplus","item":"https:\/\/balticoverlanders.eu\/et\/kauplus\/"},{"@type":"ListItem","position":3,"name":"Dometic CFX3 55IM Kaasaskantav kompressorjahuti j\u00e4\u00e4valmistusfunktsiooniga, 53 l"}]},{"@type":"WebSite","@id":"https:\/\/balticoverlanders.eu\/et\/#website","url":"https:\/\/balticoverlanders.eu\/et\/","name":"BALTIC OVERLANDERS","description":"Your one-stop shop in Latvia, Estonia, and Lithuania for all your car camping, rooftop tent and accessory needs.","publisher":{"@id":"https:\/\/balticoverlanders.eu\/et\/#organization"},"potentialAction":[{"@type":"SearchAction","target":{"@type":"EntryPoint","urlTemplate":"https:\/\/balticoverlanders.eu\/et\/?s={search_term_string}"},"query-input":{"@type":"PropertyValueSpecification","valueRequired":true,"valueName":"search_term_string"}}],"inLanguage":"et"},{"@type":"Organization","@id":"https:\/\/balticoverlanders.eu\/et\/#organization","name":"BALTIC OVERLANDERS","url":"https:\/\/balticoverlanders.eu\/et\/","logo":{"@type":"ImageObject","inLanguage":"et","@id":"https:\/\/balticoverlanders.eu\/et\/#\/schema\/logo\/image\/","url":"https:\/\/balticoverlanders.eu\/wp-content\/uploads\/2023\/04\/BALTIC-OVERLANDERS-LOGO.jpg","contentUrl":"https:\/\/balticoverlanders.eu\/wp-content\/uploads\/2023\/04\/BALTIC-OVERLANDERS-LOGO.jpg","width":1497,"height":310,"caption":"BALTIC OVERLANDERS"},"image":{"@id":"https:\/\/balticoverlanders.eu\/et\/#\/schema\/logo\/image\/"},"sameAs":["https:\/\/www.instagram.com\/balticoverlanders\/"]}]}},"_links":{"self":[{"href":"https:\/\/balticoverlanders.eu\/et\/wp-json\/wp\/v2\/product\/39451","targetHints":{"allow":["GET"]}}],"collection":[{"href":"https:\/\/balticoverlanders.eu\/et\/wp-json\/wp\/v2\/product"}],"about":[{"href":"https:\/\/balticoverlanders.eu\/et\/wp-json\/wp\/v2\/types\/product"}],"wp:featuredmedia":[{"embeddable":true,"href":"https:\/\/balticoverlanders.eu\/et\/wp-json\/wp\/v2\/media\/31256"}],"wp:attachment":[{"href":"https:\/\/balticoverlanders.eu\/et\/wp-json\/wp\/v2\/media?parent=39451"}],"wp:term":[{"taxonomy":"product_brand","embeddable":true,"href":"https:\/\/balticoverlanders.eu\/et\/wp-json\/wp\/v2\/product_brand?post=39451"},{"taxonomy":"product_cat","embeddable":true,"href":"https:\/\/balticoverlanders.eu\/et\/wp-json\/wp\/v2\/product_cat?post=39451"},{"taxonomy":"product_tag","embeddable":true,"href":"https:\/\/balticoverlanders.eu\/et\/wp-json\/wp\/v2\/product_tag?post=39451"}],"curies":[{"name":"wp","href":"https:\/\/api.w.org\/{rel}","templated":true}]}}