{"id":39453,"date":"2024-02-12T16:05:00","date_gmt":"2024-02-12T14:05:00","guid":{"rendered":"https:\/\/balticoverlanders.eu\/product\/dometic-cfx3-45-kaasaskantav-kompressorjahuti-46-l\/"},"modified":"2024-05-06T22:42:49","modified_gmt":"2024-05-06T19:42:49","slug":"dometic-cfx3-45-kaasaskantav-kompressorjahuti-46-l","status":"publish","type":"product","link":"https:\/\/balticoverlanders.eu\/et\/toode\/dometic-cfx3-45-kaasaskantav-kompressorjahuti-46-l\/","title":{"rendered":"Dometic CFX3 45 Kaasaskantav kompressorjahuti, 46 l"},"content":{"rendered":"<p><strong>Tutvustame Dometic CFX3: teie \u00fclimalt t\u00f5hus jahuti<\/strong><\/p>\n<p><strong>1. Suurep\u00e4rane v\u00f5imsus<\/strong><\/p>\n<ul>\n<li>Nautige 46 liitri suursugust kogumahtu, mis pakub piisavalt ruumi k\u00f5igile teie lemmiktoitudele ja -jookidele.<\/li>\n<\/ul>\n<p><strong>2. Vastupidav konstruktsioon<\/strong><\/p>\n<ul>\n<li>Ehitatud k\u00f5ige karmimateks v\u00e4liseiklusteks, millel on tugev ExoFrame konstruktsioon koos kaitseraamiga kaitstud servade ja kergete alumiiniumsulamist k\u00e4epidemetega.<\/li>\n<\/ul>\n<p><strong>3. T\u00e4iustatud jahutustehnoloogia<\/strong><\/p>\n<ul>\n<li>Kasutage v\u00f5imsat VMSO3 kompressorjahutustehnoloogiat, mis jahutab t\u00f5husalt vahemikus +20\u00b0C kuni -22\u00b0C, tagades, et teie esemed p\u00fcsivad v\u00e4rskena igas keskkonnas.<\/li>\n<\/ul>\n<p><strong>4. Intuitiivne juhtimine ja j\u00e4relevalve<\/strong><\/p>\n<ul>\n<li>J\u00e4\u00e4ge h\u00f5lpsasti loetava k\u00f5rgresolutsioonilise v\u00e4rvilise ekraani ja pehmete puutenuppude abil kontrolli alla, mis v\u00f5imaldab sujuvat kontrolli ja jahuti j\u00f5udluse j\u00e4lgimist.<\/li>\n<\/ul>\n<p><strong>5. Mugav mobiilirakendus<\/strong><\/p>\n<ul>\n<li>CFX3 rakendus v\u00f5imaldab temperatuuri reguleerida WiFi v\u00f5i Bluetoothi kaudu, kus iganes te ka ei viibiks, ning pakub optimaalseks haldamiseks juurdep\u00e4\u00e4su tulemuslikkuse ajaloole.<\/li>\n<\/ul>\n<p><strong>6. Intelligentne aku kaitse<\/strong><\/p>\n<ul>\n<li>V\u00f5ite olla rahulik, teades, et 3-astmeline d\u00fcnaamiline aku kaitses\u00fcsteem hoiab \u00e4ra t\u00fchja autoaku v\u00f5i v\u00f5imaldab kahe aku s\u00fcgavat t\u00fchjendamist, tagades usaldusv\u00e4\u00e4rse t\u00f6\u00f6, kuhu iganes te ka ei l\u00e4heksite.<\/li>\n<\/ul>\n<p><strong>7. T\u00f5hustatud pitser ja t\u00f5husus<\/strong><\/p>\n<ul>\n<li>Kasuta aktiivse tihendi tehnoloogiat, mis tagab suurep\u00e4rase tihenduse, et hoida jahedat \u00f5hku ja v\u00e4hendada energiatarbimist, hoides teie esemed kauem jahedamana.<\/li>\n<\/ul>\n<p>Dometic CFX3 abil saate minna kaugemale, viibida kauem ja kogeda rohkem oma seiklustel v\u00e4ljas.<\/p>\n","protected":false},"excerpt":{"rendered":"<p>See \u00fclimalt v\u00f5imas elektritoitega jahuti v\u00f5imaldab teil tuua rohkem toitu ja jooke, mida te armastate, kuhu iganes te ka ei l\u00e4heksite. Selle tugev konstruktsioon on ehitatud vastupidavaks v\u00e4litingimustes kasutamiseks. Nautige v\u00f5imsat ja t\u00f5husat jahutust koos mugavusega t\u00e4nu mobiilirakendusele, mis asetab teie Dometic CFX3 juhtimise teie k\u00e4eulatuses. Mine kaugemale, j\u00e4\u00e4 kauemaks ja koge rohkem.<\/p>\n","protected":false},"featured_media":31228,"template":"","meta":[],"product_brand":[],"product_cat":[495,582],"product_tag":[],"class_list":{"0":"post-39453","1":"product","2":"type-product","3":"status-publish","4":"has-post-thumbnail","6":"product_cat-dometic-et","7":"product_cat-jahutid","9":"first","10":"onbackorder","11":"taxable","12":"shipping-taxable","13":"purchasable","14":"product-type-simple"},"yoast_head":"<!-- This site is optimized with the Yoast SEO plugin v27.3 - https:\/\/yoast.com\/product\/yoast-seo-wordpress\/ -->\n<title>Dometic CFX3 45 Kaasaskantav kompressorjahuti, 46 l - BALTIC OVERLANDERS<\/title>\n<meta name=\"description\" content=\"Nautige tipptasemel jahutust v\u00e4listingimustes Dometic CFX3 46L elektriajamiga jahuti abil. Tugev ehitus, jahe t\u00f5husus ja rakenduse mugavus\" \/>\n<meta name=\"robots\" content=\"index, follow, max-snippet:-1, max-image-preview:large, max-video-preview:-1\" \/>\n<link rel=\"canonical\" href=\"https:\/\/balticoverlanders.eu\/et\/toode\/dometic-cfx3-45-kaasaskantav-kompressorjahuti-46-l\/\" \/>\n<meta property=\"og:locale\" content=\"et_EE\" \/>\n<meta property=\"og:type\" content=\"article\" \/>\n<meta property=\"og:title\" content=\"Dometic CFX3 45 Kaasaskantav kompressorjahuti, 46 l - BALTIC OVERLANDERS\" \/>\n<meta property=\"og:description\" content=\"Nautige tipptasemel jahutust v\u00e4listingimustes Dometic CFX3 46L elektriajamiga jahuti abil. Tugev ehitus, jahe t\u00f5husus ja rakenduse mugavus\" \/>\n<meta property=\"og:url\" content=\"https:\/\/balticoverlanders.eu\/et\/toode\/dometic-cfx3-45-kaasaskantav-kompressorjahuti-46-l\/\" \/>\n<meta property=\"og:site_name\" content=\"BALTIC OVERLANDERS\" \/>\n<meta property=\"article:modified_time\" content=\"2024-05-06T19:42:49+00:00\" \/>\n<meta property=\"og:image\" content=\"https:\/\/balticoverlanders.eu\/wp-content\/uploads\/2024\/02\/cfx3-45-9600025326-p401_lowres.jpg\" \/>\n\t<meta property=\"og:image:width\" content=\"1024\" \/>\n\t<meta property=\"og:image:height\" content=\"768\" \/>\n\t<meta property=\"og:image:type\" content=\"image\/jpeg\" \/>\n<meta name=\"twitter:card\" content=\"summary_large_image\" \/>\n<meta name=\"twitter:label1\" content=\"Est. reading time\" \/>\n\t<meta name=\"twitter:data1\" content=\"1 minut\" \/>\n<script type=\"application\/ld+json\" class=\"yoast-schema-graph\">{\"@context\":\"https:\\\/\\\/schema.org\",\"@graph\":[{\"@type\":\"WebPage\",\"@id\":\"https:\\\/\\\/balticoverlanders.eu\\\/et\\\/toode\\\/dometic-cfx3-45-kaasaskantav-kompressorjahuti-46-l\\\/\",\"url\":\"https:\\\/\\\/balticoverlanders.eu\\\/et\\\/toode\\\/dometic-cfx3-45-kaasaskantav-kompressorjahuti-46-l\\\/\",\"name\":\"Dometic CFX3 45 Kaasaskantav kompressorjahuti, 46 l - BALTIC OVERLANDERS\",\"isPartOf\":{\"@id\":\"https:\\\/\\\/balticoverlanders.eu\\\/et\\\/#website\"},\"primaryImageOfPage\":{\"@id\":\"https:\\\/\\\/balticoverlanders.eu\\\/et\\\/toode\\\/dometic-cfx3-45-kaasaskantav-kompressorjahuti-46-l\\\/#primaryimage\"},\"image\":{\"@id\":\"https:\\\/\\\/balticoverlanders.eu\\\/et\\\/toode\\\/dometic-cfx3-45-kaasaskantav-kompressorjahuti-46-l\\\/#primaryimage\"},\"thumbnailUrl\":\"https:\\\/\\\/balticoverlanders.eu\\\/wp-content\\\/uploads\\\/2024\\\/02\\\/cfx3-45-9600025326-p401_lowres.jpg\",\"datePublished\":\"2024-02-12T14:05:00+00:00\",\"dateModified\":\"2024-05-06T19:42:49+00:00\",\"description\":\"Nautige tipptasemel jahutust v\u00e4listingimustes Dometic CFX3 46L elektriajamiga jahuti abil. Tugev ehitus, jahe t\u00f5husus ja rakenduse mugavus\",\"breadcrumb\":{\"@id\":\"https:\\\/\\\/balticoverlanders.eu\\\/et\\\/toode\\\/dometic-cfx3-45-kaasaskantav-kompressorjahuti-46-l\\\/#breadcrumb\"},\"inLanguage\":\"et\",\"potentialAction\":[{\"@type\":\"ReadAction\",\"target\":[\"https:\\\/\\\/balticoverlanders.eu\\\/et\\\/toode\\\/dometic-cfx3-45-kaasaskantav-kompressorjahuti-46-l\\\/\"]}]},{\"@type\":\"ImageObject\",\"inLanguage\":\"et\",\"@id\":\"https:\\\/\\\/balticoverlanders.eu\\\/et\\\/toode\\\/dometic-cfx3-45-kaasaskantav-kompressorjahuti-46-l\\\/#primaryimage\",\"url\":\"https:\\\/\\\/balticoverlanders.eu\\\/wp-content\\\/uploads\\\/2024\\\/02\\\/cfx3-45-9600025326-p401_lowres.jpg\",\"contentUrl\":\"https:\\\/\\\/balticoverlanders.eu\\\/wp-content\\\/uploads\\\/2024\\\/02\\\/cfx3-45-9600025326-p401_lowres.jpg\",\"width\":1024,\"height\":768},{\"@type\":\"BreadcrumbList\",\"@id\":\"https:\\\/\\\/balticoverlanders.eu\\\/et\\\/toode\\\/dometic-cfx3-45-kaasaskantav-kompressorjahuti-46-l\\\/#breadcrumb\",\"itemListElement\":[{\"@type\":\"ListItem\",\"position\":1,\"name\":\"Home\",\"item\":\"https:\\\/\\\/balticoverlanders.eu\\\/et\\\/home\\\/\"},{\"@type\":\"ListItem\",\"position\":2,\"name\":\"Kauplus\",\"item\":\"https:\\\/\\\/balticoverlanders.eu\\\/et\\\/kauplus\\\/\"},{\"@type\":\"ListItem\",\"position\":3,\"name\":\"Dometic CFX3 45 Kaasaskantav kompressorjahuti, 46 l\"}]},{\"@type\":\"WebSite\",\"@id\":\"https:\\\/\\\/balticoverlanders.eu\\\/et\\\/#website\",\"url\":\"https:\\\/\\\/balticoverlanders.eu\\\/et\\\/\",\"name\":\"BALTIC OVERLANDERS\",\"description\":\"Your one-stop shop in Latvia, Estonia, and Lithuania for all your car camping, rooftop tent and accessory needs.\",\"publisher\":{\"@id\":\"https:\\\/\\\/balticoverlanders.eu\\\/et\\\/#organization\"},\"potentialAction\":[{\"@type\":\"SearchAction\",\"target\":{\"@type\":\"EntryPoint\",\"urlTemplate\":\"https:\\\/\\\/balticoverlanders.eu\\\/et\\\/?s={search_term_string}\"},\"query-input\":{\"@type\":\"PropertyValueSpecification\",\"valueRequired\":true,\"valueName\":\"search_term_string\"}}],\"inLanguage\":\"et\"},{\"@type\":\"Organization\",\"@id\":\"https:\\\/\\\/balticoverlanders.eu\\\/et\\\/#organization\",\"name\":\"BALTIC OVERLANDERS\",\"url\":\"https:\\\/\\\/balticoverlanders.eu\\\/et\\\/\",\"logo\":{\"@type\":\"ImageObject\",\"inLanguage\":\"et\",\"@id\":\"https:\\\/\\\/balticoverlanders.eu\\\/et\\\/#\\\/schema\\\/logo\\\/image\\\/\",\"url\":\"https:\\\/\\\/balticoverlanders.eu\\\/wp-content\\\/uploads\\\/2023\\\/04\\\/BALTIC-OVERLANDERS-LOGO.jpg\",\"contentUrl\":\"https:\\\/\\\/balticoverlanders.eu\\\/wp-content\\\/uploads\\\/2023\\\/04\\\/BALTIC-OVERLANDERS-LOGO.jpg\",\"width\":1497,\"height\":310,\"caption\":\"BALTIC OVERLANDERS\"},\"image\":{\"@id\":\"https:\\\/\\\/balticoverlanders.eu\\\/et\\\/#\\\/schema\\\/logo\\\/image\\\/\"},\"sameAs\":[\"https:\\\/\\\/www.instagram.com\\\/balticoverlanders\\\/\"]}]}<\/script>\n<!-- \/ Yoast SEO plugin. -->","yoast_head_json":{"title":"Dometic CFX3 45 Kaasaskantav kompressorjahuti, 46 l - BALTIC OVERLANDERS","description":"Nautige tipptasemel jahutust v\u00e4listingimustes Dometic CFX3 46L elektriajamiga jahuti abil. Tugev ehitus, jahe t\u00f5husus ja rakenduse mugavus","robots":{"index":"index","follow":"follow","max-snippet":"max-snippet:-1","max-image-preview":"max-image-preview:large","max-video-preview":"max-video-preview:-1"},"canonical":"https:\/\/balticoverlanders.eu\/et\/toode\/dometic-cfx3-45-kaasaskantav-kompressorjahuti-46-l\/","og_locale":"et_EE","og_type":"article","og_title":"Dometic CFX3 45 Kaasaskantav kompressorjahuti, 46 l - BALTIC OVERLANDERS","og_description":"Nautige tipptasemel jahutust v\u00e4listingimustes Dometic CFX3 46L elektriajamiga jahuti abil. Tugev ehitus, jahe t\u00f5husus ja rakenduse mugavus","og_url":"https:\/\/balticoverlanders.eu\/et\/toode\/dometic-cfx3-45-kaasaskantav-kompressorjahuti-46-l\/","og_site_name":"BALTIC OVERLANDERS","article_modified_time":"2024-05-06T19:42:49+00:00","og_image":[{"width":1024,"height":768,"url":"https:\/\/balticoverlanders.eu\/wp-content\/uploads\/2024\/02\/cfx3-45-9600025326-p401_lowres.jpg","type":"image\/jpeg"}],"twitter_card":"summary_large_image","twitter_misc":{"Est. reading time":"1 minut"},"schema":{"@context":"https:\/\/schema.org","@graph":[{"@type":"WebPage","@id":"https:\/\/balticoverlanders.eu\/et\/toode\/dometic-cfx3-45-kaasaskantav-kompressorjahuti-46-l\/","url":"https:\/\/balticoverlanders.eu\/et\/toode\/dometic-cfx3-45-kaasaskantav-kompressorjahuti-46-l\/","name":"Dometic CFX3 45 Kaasaskantav kompressorjahuti, 46 l - BALTIC OVERLANDERS","isPartOf":{"@id":"https:\/\/balticoverlanders.eu\/et\/#website"},"primaryImageOfPage":{"@id":"https:\/\/balticoverlanders.eu\/et\/toode\/dometic-cfx3-45-kaasaskantav-kompressorjahuti-46-l\/#primaryimage"},"image":{"@id":"https:\/\/balticoverlanders.eu\/et\/toode\/dometic-cfx3-45-kaasaskantav-kompressorjahuti-46-l\/#primaryimage"},"thumbnailUrl":"https:\/\/balticoverlanders.eu\/wp-content\/uploads\/2024\/02\/cfx3-45-9600025326-p401_lowres.jpg","datePublished":"2024-02-12T14:05:00+00:00","dateModified":"2024-05-06T19:42:49+00:00","description":"Nautige tipptasemel jahutust v\u00e4listingimustes Dometic CFX3 46L elektriajamiga jahuti abil. Tugev ehitus, jahe t\u00f5husus ja rakenduse mugavus","breadcrumb":{"@id":"https:\/\/balticoverlanders.eu\/et\/toode\/dometic-cfx3-45-kaasaskantav-kompressorjahuti-46-l\/#breadcrumb"},"inLanguage":"et","potentialAction":[{"@type":"ReadAction","target":["https:\/\/balticoverlanders.eu\/et\/toode\/dometic-cfx3-45-kaasaskantav-kompressorjahuti-46-l\/"]}]},{"@type":"ImageObject","inLanguage":"et","@id":"https:\/\/balticoverlanders.eu\/et\/toode\/dometic-cfx3-45-kaasaskantav-kompressorjahuti-46-l\/#primaryimage","url":"https:\/\/balticoverlanders.eu\/wp-content\/uploads\/2024\/02\/cfx3-45-9600025326-p401_lowres.jpg","contentUrl":"https:\/\/balticoverlanders.eu\/wp-content\/uploads\/2024\/02\/cfx3-45-9600025326-p401_lowres.jpg","width":1024,"height":768},{"@type":"BreadcrumbList","@id":"https:\/\/balticoverlanders.eu\/et\/toode\/dometic-cfx3-45-kaasaskantav-kompressorjahuti-46-l\/#breadcrumb","itemListElement":[{"@type":"ListItem","position":1,"name":"Home","item":"https:\/\/balticoverlanders.eu\/et\/home\/"},{"@type":"ListItem","position":2,"name":"Kauplus","item":"https:\/\/balticoverlanders.eu\/et\/kauplus\/"},{"@type":"ListItem","position":3,"name":"Dometic CFX3 45 Kaasaskantav kompressorjahuti, 46 l"}]},{"@type":"WebSite","@id":"https:\/\/balticoverlanders.eu\/et\/#website","url":"https:\/\/balticoverlanders.eu\/et\/","name":"BALTIC OVERLANDERS","description":"Your one-stop shop in Latvia, Estonia, and Lithuania for all your car camping, rooftop tent and accessory needs.","publisher":{"@id":"https:\/\/balticoverlanders.eu\/et\/#organization"},"potentialAction":[{"@type":"SearchAction","target":{"@type":"EntryPoint","urlTemplate":"https:\/\/balticoverlanders.eu\/et\/?s={search_term_string}"},"query-input":{"@type":"PropertyValueSpecification","valueRequired":true,"valueName":"search_term_string"}}],"inLanguage":"et"},{"@type":"Organization","@id":"https:\/\/balticoverlanders.eu\/et\/#organization","name":"BALTIC OVERLANDERS","url":"https:\/\/balticoverlanders.eu\/et\/","logo":{"@type":"ImageObject","inLanguage":"et","@id":"https:\/\/balticoverlanders.eu\/et\/#\/schema\/logo\/image\/","url":"https:\/\/balticoverlanders.eu\/wp-content\/uploads\/2023\/04\/BALTIC-OVERLANDERS-LOGO.jpg","contentUrl":"https:\/\/balticoverlanders.eu\/wp-content\/uploads\/2023\/04\/BALTIC-OVERLANDERS-LOGO.jpg","width":1497,"height":310,"caption":"BALTIC OVERLANDERS"},"image":{"@id":"https:\/\/balticoverlanders.eu\/et\/#\/schema\/logo\/image\/"},"sameAs":["https:\/\/www.instagram.com\/balticoverlanders\/"]}]}},"_links":{"self":[{"href":"https:\/\/balticoverlanders.eu\/et\/wp-json\/wp\/v2\/product\/39453","targetHints":{"allow":["GET"]}}],"collection":[{"href":"https:\/\/balticoverlanders.eu\/et\/wp-json\/wp\/v2\/product"}],"about":[{"href":"https:\/\/balticoverlanders.eu\/et\/wp-json\/wp\/v2\/types\/product"}],"wp:featuredmedia":[{"embeddable":true,"href":"https:\/\/balticoverlanders.eu\/et\/wp-json\/wp\/v2\/media\/31228"}],"wp:attachment":[{"href":"https:\/\/balticoverlanders.eu\/et\/wp-json\/wp\/v2\/media?parent=39453"}],"wp:term":[{"taxonomy":"product_brand","embeddable":true,"href":"https:\/\/balticoverlanders.eu\/et\/wp-json\/wp\/v2\/product_brand?post=39453"},{"taxonomy":"product_cat","embeddable":true,"href":"https:\/\/balticoverlanders.eu\/et\/wp-json\/wp\/v2\/product_cat?post=39453"},{"taxonomy":"product_tag","embeddable":true,"href":"https:\/\/balticoverlanders.eu\/et\/wp-json\/wp\/v2\/product_tag?post=39453"}],"curies":[{"name":"wp","href":"https:\/\/api.w.org\/{rel}","templated":true}]}}