{"id":39472,"date":"2024-02-11T18:20:46","date_gmt":"2024-02-11T16:20:46","guid":{"rendered":"https:\/\/balticoverlanders.eu\/product\/dometic-cfx3-25-mobiilne-kompressorjahuti-25-l\/"},"modified":"2024-05-06T22:43:02","modified_gmt":"2024-05-06T19:43:02","slug":"dometic-cfx3-25-mobiilne-kompressorjahuti-25-l","status":"publish","type":"product","link":"https:\/\/balticoverlanders.eu\/et\/toode\/dometic-cfx3-25-mobiilne-kompressorjahuti-25-l\/","title":{"rendered":"Dometic CFX3 25 Mobiilne kompressorjahuti, 25 l"},"content":{"rendered":"<p>Tutvustame Dometic CFX3, mis on teie parim jahutuskaaslane v\u00e4ljas:<\/p>\n<ul>\n<li>Kogumaht 25 liitrit mahutab 40 purki v\u00f5i viis 1,5-liitrist pudelit.<\/li>\n<li>Raske, kuid kerge ExoFrame konstruktsioon, mille servad on kaitstud kaitseraamiga ja alumiiniumsulamist k\u00e4epidemed.<\/li>\n<li>V\u00f5imas VMSO3 kompressori jahutustehnoloogia jahutab t\u00f5husalt vahemikus +20\u00b0C kuni -22\u00b0C.<\/li>\n<li>Lihtsalt loetav k\u00f5rgresolutsiooniline v\u00e4rviline ekraan ja pehmete nuppudega nupud lihtsaks juhtimiseks ja j\u00e4lgimiseks.<\/li>\n<li>CFX3 rakendus v\u00f5imaldab temperatuuri reguleerimist WiFi v\u00f5i Bluetoothi kaudu ja annab tulemuslikkuse ajalugu.<\/li>\n<li>D\u00fcnaamiline aku kaitses\u00fcsteem takistab s\u00f5iduki aku t\u00fchjenemist v\u00f5i lubab topeltakudelt s\u00fcgavat t\u00fchjenemist.<\/li>\n<li>Vastupidav, kerge ja kompaktne disain tagab mugava kaasaskantavuse.<\/li>\n<\/ul>\n<p>&nbsp;<\/p>\n","protected":false},"excerpt":{"rendered":"<p>See v\u00f5imas jahuti v\u00f5imaldab teil v\u00f5tta kaasa rohkem toitu ja jooke, mida te armastate, kuhu iganes te ka ei l\u00e4heks. Selle tugev konstruktsioon on loodud v\u00e4litingimustes kasutamiseks, samas kui selle mugav mobiilirakendus annab Dometic CFX3 juhtimise teie s\u00f5rmeotsa. Mine kaugemale, j\u00e4\u00e4 kauemaks ja koge rohkem.<\/p>\n","protected":false},"featured_media":31228,"template":"","meta":[],"product_brand":[],"product_cat":[495,582],"product_tag":[],"class_list":{"0":"post-39472","1":"product","2":"type-product","3":"status-publish","4":"has-post-thumbnail","6":"product_cat-dometic-et","7":"product_cat-jahutid","9":"first","10":"onbackorder","11":"taxable","12":"shipping-taxable","13":"purchasable","14":"product-type-simple"},"yoast_head":"<!-- This site is optimized with the Yoast SEO plugin v27.2 - https:\/\/yoast.com\/product\/yoast-seo-wordpress\/ -->\n<title>Dometic CFX3 25 Mobiilne kompressorjahuti, 25 l - BALTIC OVERLANDERS<\/title>\n<meta name=\"description\" content=\"V\u00f5ta oma \u00f5ues seiklused kontrolli alla Dometic CFX3 jahuti abil. Tugev disain, mobiilirakenduse mugavus. Sinu parim reisikaaslane.\" \/>\n<meta name=\"robots\" content=\"index, follow, max-snippet:-1, max-image-preview:large, max-video-preview:-1\" \/>\n<link rel=\"canonical\" href=\"https:\/\/balticoverlanders.eu\/et\/toode\/dometic-cfx3-25-mobiilne-kompressorjahuti-25-l\/\" \/>\n<meta property=\"og:locale\" content=\"et_EE\" \/>\n<meta property=\"og:type\" content=\"article\" \/>\n<meta property=\"og:title\" content=\"Dometic CFX3 25 Mobiilne kompressorjahuti, 25 l - BALTIC OVERLANDERS\" \/>\n<meta property=\"og:description\" content=\"V\u00f5ta oma \u00f5ues seiklused kontrolli alla Dometic CFX3 jahuti abil. Tugev disain, mobiilirakenduse mugavus. Sinu parim reisikaaslane.\" \/>\n<meta property=\"og:url\" content=\"https:\/\/balticoverlanders.eu\/et\/toode\/dometic-cfx3-25-mobiilne-kompressorjahuti-25-l\/\" \/>\n<meta property=\"og:site_name\" content=\"BALTIC OVERLANDERS\" \/>\n<meta property=\"article:modified_time\" content=\"2024-05-06T19:43:02+00:00\" \/>\n<meta property=\"og:image\" content=\"https:\/\/balticoverlanders.eu\/wp-content\/uploads\/2024\/02\/cfx3-45-9600025326-p401_lowres.jpg\" \/>\n\t<meta property=\"og:image:width\" content=\"1024\" \/>\n\t<meta property=\"og:image:height\" content=\"768\" \/>\n\t<meta property=\"og:image:type\" content=\"image\/jpeg\" \/>\n<meta name=\"twitter:card\" content=\"summary_large_image\" \/>\n<meta name=\"twitter:label1\" content=\"Est. reading time\" \/>\n\t<meta name=\"twitter:data1\" content=\"1 minut\" \/>\n<script type=\"application\/ld+json\" class=\"yoast-schema-graph\">{\"@context\":\"https:\/\/schema.org\",\"@graph\":[{\"@type\":\"WebPage\",\"@id\":\"https:\/\/balticoverlanders.eu\/et\/toode\/dometic-cfx3-25-mobiilne-kompressorjahuti-25-l\/\",\"url\":\"https:\/\/balticoverlanders.eu\/et\/toode\/dometic-cfx3-25-mobiilne-kompressorjahuti-25-l\/\",\"name\":\"Dometic CFX3 25 Mobiilne kompressorjahuti, 25 l - BALTIC OVERLANDERS\",\"isPartOf\":{\"@id\":\"https:\/\/balticoverlanders.eu\/et\/#website\"},\"primaryImageOfPage\":{\"@id\":\"https:\/\/balticoverlanders.eu\/et\/toode\/dometic-cfx3-25-mobiilne-kompressorjahuti-25-l\/#primaryimage\"},\"image\":{\"@id\":\"https:\/\/balticoverlanders.eu\/et\/toode\/dometic-cfx3-25-mobiilne-kompressorjahuti-25-l\/#primaryimage\"},\"thumbnailUrl\":\"https:\/\/balticoverlanders.eu\/wp-content\/uploads\/2024\/02\/cfx3-45-9600025326-p401_lowres.jpg\",\"datePublished\":\"2024-02-11T16:20:46+00:00\",\"dateModified\":\"2024-05-06T19:43:02+00:00\",\"description\":\"V\u00f5ta oma \u00f5ues seiklused kontrolli alla Dometic CFX3 jahuti abil. Tugev disain, mobiilirakenduse mugavus. Sinu parim reisikaaslane.\",\"breadcrumb\":{\"@id\":\"https:\/\/balticoverlanders.eu\/et\/toode\/dometic-cfx3-25-mobiilne-kompressorjahuti-25-l\/#breadcrumb\"},\"inLanguage\":\"et\",\"potentialAction\":[{\"@type\":\"ReadAction\",\"target\":[\"https:\/\/balticoverlanders.eu\/et\/toode\/dometic-cfx3-25-mobiilne-kompressorjahuti-25-l\/\"]}]},{\"@type\":\"ImageObject\",\"inLanguage\":\"et\",\"@id\":\"https:\/\/balticoverlanders.eu\/et\/toode\/dometic-cfx3-25-mobiilne-kompressorjahuti-25-l\/#primaryimage\",\"url\":\"https:\/\/balticoverlanders.eu\/wp-content\/uploads\/2024\/02\/cfx3-45-9600025326-p401_lowres.jpg\",\"contentUrl\":\"https:\/\/balticoverlanders.eu\/wp-content\/uploads\/2024\/02\/cfx3-45-9600025326-p401_lowres.jpg\",\"width\":1024,\"height\":768},{\"@type\":\"BreadcrumbList\",\"@id\":\"https:\/\/balticoverlanders.eu\/et\/toode\/dometic-cfx3-25-mobiilne-kompressorjahuti-25-l\/#breadcrumb\",\"itemListElement\":[{\"@type\":\"ListItem\",\"position\":1,\"name\":\"Home\",\"item\":\"https:\/\/balticoverlanders.eu\/et\/home\/\"},{\"@type\":\"ListItem\",\"position\":2,\"name\":\"Kauplus\",\"item\":\"https:\/\/balticoverlanders.eu\/et\/kauplus\/\"},{\"@type\":\"ListItem\",\"position\":3,\"name\":\"Dometic CFX3 25 Mobiilne kompressorjahuti, 25 l\"}]},{\"@type\":\"WebSite\",\"@id\":\"https:\/\/balticoverlanders.eu\/et\/#website\",\"url\":\"https:\/\/balticoverlanders.eu\/et\/\",\"name\":\"BALTIC OVERLANDERS\",\"description\":\"Your one-stop shop in Latvia, Estonia, and Lithuania for all your car camping, rooftop tent and accessory needs.\",\"publisher\":{\"@id\":\"https:\/\/balticoverlanders.eu\/et\/#organization\"},\"potentialAction\":[{\"@type\":\"SearchAction\",\"target\":{\"@type\":\"EntryPoint\",\"urlTemplate\":\"https:\/\/balticoverlanders.eu\/et\/?s={search_term_string}\"},\"query-input\":{\"@type\":\"PropertyValueSpecification\",\"valueRequired\":true,\"valueName\":\"search_term_string\"}}],\"inLanguage\":\"et\"},{\"@type\":\"Organization\",\"@id\":\"https:\/\/balticoverlanders.eu\/et\/#organization\",\"name\":\"BALTIC OVERLANDERS\",\"url\":\"https:\/\/balticoverlanders.eu\/et\/\",\"logo\":{\"@type\":\"ImageObject\",\"inLanguage\":\"et\",\"@id\":\"https:\/\/balticoverlanders.eu\/et\/#\/schema\/logo\/image\/\",\"url\":\"https:\/\/balticoverlanders.eu\/wp-content\/uploads\/2023\/04\/BALTIC-OVERLANDERS-LOGO.jpg\",\"contentUrl\":\"https:\/\/balticoverlanders.eu\/wp-content\/uploads\/2023\/04\/BALTIC-OVERLANDERS-LOGO.jpg\",\"width\":1497,\"height\":310,\"caption\":\"BALTIC OVERLANDERS\"},\"image\":{\"@id\":\"https:\/\/balticoverlanders.eu\/et\/#\/schema\/logo\/image\/\"},\"sameAs\":[\"https:\/\/www.instagram.com\/balticoverlanders\/\"]}]}<\/script>\n<!-- \/ Yoast SEO plugin. -->","yoast_head_json":{"title":"Dometic CFX3 25 Mobiilne kompressorjahuti, 25 l - BALTIC OVERLANDERS","description":"V\u00f5ta oma \u00f5ues seiklused kontrolli alla Dometic CFX3 jahuti abil. Tugev disain, mobiilirakenduse mugavus. Sinu parim reisikaaslane.","robots":{"index":"index","follow":"follow","max-snippet":"max-snippet:-1","max-image-preview":"max-image-preview:large","max-video-preview":"max-video-preview:-1"},"canonical":"https:\/\/balticoverlanders.eu\/et\/toode\/dometic-cfx3-25-mobiilne-kompressorjahuti-25-l\/","og_locale":"et_EE","og_type":"article","og_title":"Dometic CFX3 25 Mobiilne kompressorjahuti, 25 l - BALTIC OVERLANDERS","og_description":"V\u00f5ta oma \u00f5ues seiklused kontrolli alla Dometic CFX3 jahuti abil. Tugev disain, mobiilirakenduse mugavus. Sinu parim reisikaaslane.","og_url":"https:\/\/balticoverlanders.eu\/et\/toode\/dometic-cfx3-25-mobiilne-kompressorjahuti-25-l\/","og_site_name":"BALTIC OVERLANDERS","article_modified_time":"2024-05-06T19:43:02+00:00","og_image":[{"width":1024,"height":768,"url":"https:\/\/balticoverlanders.eu\/wp-content\/uploads\/2024\/02\/cfx3-45-9600025326-p401_lowres.jpg","type":"image\/jpeg"}],"twitter_card":"summary_large_image","twitter_misc":{"Est. reading time":"1 minut"},"schema":{"@context":"https:\/\/schema.org","@graph":[{"@type":"WebPage","@id":"https:\/\/balticoverlanders.eu\/et\/toode\/dometic-cfx3-25-mobiilne-kompressorjahuti-25-l\/","url":"https:\/\/balticoverlanders.eu\/et\/toode\/dometic-cfx3-25-mobiilne-kompressorjahuti-25-l\/","name":"Dometic CFX3 25 Mobiilne kompressorjahuti, 25 l - BALTIC OVERLANDERS","isPartOf":{"@id":"https:\/\/balticoverlanders.eu\/et\/#website"},"primaryImageOfPage":{"@id":"https:\/\/balticoverlanders.eu\/et\/toode\/dometic-cfx3-25-mobiilne-kompressorjahuti-25-l\/#primaryimage"},"image":{"@id":"https:\/\/balticoverlanders.eu\/et\/toode\/dometic-cfx3-25-mobiilne-kompressorjahuti-25-l\/#primaryimage"},"thumbnailUrl":"https:\/\/balticoverlanders.eu\/wp-content\/uploads\/2024\/02\/cfx3-45-9600025326-p401_lowres.jpg","datePublished":"2024-02-11T16:20:46+00:00","dateModified":"2024-05-06T19:43:02+00:00","description":"V\u00f5ta oma \u00f5ues seiklused kontrolli alla Dometic CFX3 jahuti abil. Tugev disain, mobiilirakenduse mugavus. Sinu parim reisikaaslane.","breadcrumb":{"@id":"https:\/\/balticoverlanders.eu\/et\/toode\/dometic-cfx3-25-mobiilne-kompressorjahuti-25-l\/#breadcrumb"},"inLanguage":"et","potentialAction":[{"@type":"ReadAction","target":["https:\/\/balticoverlanders.eu\/et\/toode\/dometic-cfx3-25-mobiilne-kompressorjahuti-25-l\/"]}]},{"@type":"ImageObject","inLanguage":"et","@id":"https:\/\/balticoverlanders.eu\/et\/toode\/dometic-cfx3-25-mobiilne-kompressorjahuti-25-l\/#primaryimage","url":"https:\/\/balticoverlanders.eu\/wp-content\/uploads\/2024\/02\/cfx3-45-9600025326-p401_lowres.jpg","contentUrl":"https:\/\/balticoverlanders.eu\/wp-content\/uploads\/2024\/02\/cfx3-45-9600025326-p401_lowres.jpg","width":1024,"height":768},{"@type":"BreadcrumbList","@id":"https:\/\/balticoverlanders.eu\/et\/toode\/dometic-cfx3-25-mobiilne-kompressorjahuti-25-l\/#breadcrumb","itemListElement":[{"@type":"ListItem","position":1,"name":"Home","item":"https:\/\/balticoverlanders.eu\/et\/home\/"},{"@type":"ListItem","position":2,"name":"Kauplus","item":"https:\/\/balticoverlanders.eu\/et\/kauplus\/"},{"@type":"ListItem","position":3,"name":"Dometic CFX3 25 Mobiilne kompressorjahuti, 25 l"}]},{"@type":"WebSite","@id":"https:\/\/balticoverlanders.eu\/et\/#website","url":"https:\/\/balticoverlanders.eu\/et\/","name":"BALTIC OVERLANDERS","description":"Your one-stop shop in Latvia, Estonia, and Lithuania for all your car camping, rooftop tent and accessory needs.","publisher":{"@id":"https:\/\/balticoverlanders.eu\/et\/#organization"},"potentialAction":[{"@type":"SearchAction","target":{"@type":"EntryPoint","urlTemplate":"https:\/\/balticoverlanders.eu\/et\/?s={search_term_string}"},"query-input":{"@type":"PropertyValueSpecification","valueRequired":true,"valueName":"search_term_string"}}],"inLanguage":"et"},{"@type":"Organization","@id":"https:\/\/balticoverlanders.eu\/et\/#organization","name":"BALTIC OVERLANDERS","url":"https:\/\/balticoverlanders.eu\/et\/","logo":{"@type":"ImageObject","inLanguage":"et","@id":"https:\/\/balticoverlanders.eu\/et\/#\/schema\/logo\/image\/","url":"https:\/\/balticoverlanders.eu\/wp-content\/uploads\/2023\/04\/BALTIC-OVERLANDERS-LOGO.jpg","contentUrl":"https:\/\/balticoverlanders.eu\/wp-content\/uploads\/2023\/04\/BALTIC-OVERLANDERS-LOGO.jpg","width":1497,"height":310,"caption":"BALTIC OVERLANDERS"},"image":{"@id":"https:\/\/balticoverlanders.eu\/et\/#\/schema\/logo\/image\/"},"sameAs":["https:\/\/www.instagram.com\/balticoverlanders\/"]}]}},"_links":{"self":[{"href":"https:\/\/balticoverlanders.eu\/et\/wp-json\/wp\/v2\/product\/39472","targetHints":{"allow":["GET"]}}],"collection":[{"href":"https:\/\/balticoverlanders.eu\/et\/wp-json\/wp\/v2\/product"}],"about":[{"href":"https:\/\/balticoverlanders.eu\/et\/wp-json\/wp\/v2\/types\/product"}],"wp:featuredmedia":[{"embeddable":true,"href":"https:\/\/balticoverlanders.eu\/et\/wp-json\/wp\/v2\/media\/31228"}],"wp:attachment":[{"href":"https:\/\/balticoverlanders.eu\/et\/wp-json\/wp\/v2\/media?parent=39472"}],"wp:term":[{"taxonomy":"product_brand","embeddable":true,"href":"https:\/\/balticoverlanders.eu\/et\/wp-json\/wp\/v2\/product_brand?post=39472"},{"taxonomy":"product_cat","embeddable":true,"href":"https:\/\/balticoverlanders.eu\/et\/wp-json\/wp\/v2\/product_cat?post=39472"},{"taxonomy":"product_tag","embeddable":true,"href":"https:\/\/balticoverlanders.eu\/et\/wp-json\/wp\/v2\/product_tag?post=39472"}],"curies":[{"name":"wp","href":"https:\/\/api.w.org\/{rel}","templated":true}]}}