{"id":39508,"date":"2023-04-18T17:41:07","date_gmt":"2023-04-18T14:41:07","guid":{"rendered":"https:\/\/balticoverlanders.eu\/product\/james-baroud-kulgmised-kulgmised-seinad\/"},"modified":"2024-05-06T22:44:29","modified_gmt":"2024-05-06T19:44:29","slug":"james-baroud-kulgmised-kulgmised-seinad","status":"publish","type":"product","link":"https:\/\/balticoverlanders.eu\/et\/toode\/james-baroud-kulgmised-kulgmised-seinad\/","title":{"rendered":"James Baroud k\u00fclgmised k\u00fclgmised seinad"},"content":{"rendered":"<p>Otsid oma katusetelgiga telkimisel lisakaitset ja privaatsust? JAMES BAROUD SIDE-AWNING on n\u00fc\u00fcd saadaval kolmest k\u00fclgseinast koosneva komplektiga, millel on suured aknad ja \u00fcks uks. Selle komplekti abil saate luua t\u00e4iendavaid riietus- ja puhkeruume, hoides end samal ajal p\u00e4ikese v\u00f5i vihma eest kaitstud.<\/p>\n<p>Siin on m\u00f5ned JAMES BAROUD SIDE-AWNINGi peamised omadused koos k\u00fclgseinadega:<\/p>\n<ul>\n<li>Poolringikujuline profiil koos j\u00e4rgneva torustikur\u00f6\u00f6paga kinnitatakse risttala ja peaosa k\u00fclge ning k\u00fclgsein t\u00f5mmatakse torustikur\u00f6\u00f6passe. See loob tuule- ja veekindla \u00fchenduse.<\/li>\n<li>Esisein on t\u00f5mmatud alumiiniumprofiili torustikur\u00f6\u00f6passe ja \u00fchendatud k\u00fclgseintega t\u00f5mblukuga, mis tagab t\u00e4ieliku privaatsuse.<\/li>\n<li>K\u00fclgmurde k\u00fclgseinte k\u00f5rgus on umbes 170-175 cm, mis annab piisavalt ruumi mugavaks seismiseks ja liikumiseks.<\/li>\n<li>Veet\u00f5kke \u00f5mblus on umbes 30 cm pikkune, mis tagab, et j\u00e4\u00e4te vihmase ilmaga kuivaks.<\/li>\n<li>\u00dcmarad aknad on t\u00f5eline pilgup\u00fc\u00fcdja ja loovad markiisi sees helge ja s\u00f5braliku atmosf\u00e4\u00e4ri.<\/li>\n<li>Aknad on varustatud s\u00e4\u00e4sev\u00f5rkudega ja neid saab vajadusel l\u00e4bipaistmatult sulgeda, tagades teile t\u00e4ieliku privaatsuse ja kaitse.<\/li>\n<\/ul>\n<p>JAMES BAROUD SIDE-AWNING&#8217;ile lisatud illustratsioonid n\u00e4itavad selgelt, kui lihtne on paigaldada s\u00f5iduki k\u00fcljele kinnitatavale markiisile k\u00fclgpaneelid.<\/p>\n","protected":false},"excerpt":{"rendered":"<ul>\n<li>Lisage oma JAMES BAROUD SIDE-AWNING&#8217;ile kolm suurte akende ja uksega k\u00fclgseinu, mis pakuvad lisakaitset ja privaatsust.<\/li>\n<li>Poolringikujuline profiil koos torustikuga v\u00f5imaldab lihtsat paigaldamist ning tuule- ja veekindlat \u00fchendamist.<\/li>\n<\/ul>\n<p>Saadaval kahes suuruses koos m\u00f5lema James Baroud k\u00fclgmurde m\u00f5\u00f5tmetega:<\/p>\n<ul>\n<li>200 cm x 270 cm<\/li>\n<li>250 cm x 270 cm<\/li>\n<\/ul>\n","protected":false},"featured_media":22048,"template":"","meta":[],"product_brand":[],"product_cat":[210],"product_tag":[],"class_list":{"0":"post-39508","1":"product","2":"type-product","3":"status-publish","4":"has-post-thumbnail","6":"product_cat-james-baroud-et","8":"first","9":"instock","10":"taxable","11":"shipping-taxable","12":"purchasable","13":"product-type-variable"},"yoast_head":"<!-- This site is optimized with the Yoast SEO plugin v27.3 - https:\/\/yoast.com\/product\/yoast-seo-wordpress\/ -->\n<title>JAMES BAROUD SIDE-AWNING k\u00fclgseinad | T\u00e4iendav kaitse ja privaatsus<\/title>\n<meta name=\"description\" content=\"Looge t\u00e4iendavaid riietus- ja puhkeruume JAMES BAROUD SIDE-AWNING komplektiga, mis koosneb kolmest suurte akende ja uksega k\u00fclgseinast. Lihtne kokkupanek ning tuule- ja veekindel \u00fchendus.\" \/>\n<meta name=\"robots\" content=\"index, follow, max-snippet:-1, max-image-preview:large, max-video-preview:-1\" \/>\n<link rel=\"canonical\" href=\"https:\/\/balticoverlanders.eu\/et\/toode\/james-baroud-kulgmised-kulgmised-seinad\/\" \/>\n<meta property=\"og:locale\" content=\"et_EE\" \/>\n<meta property=\"og:type\" content=\"article\" \/>\n<meta property=\"og:title\" content=\"JAMES BAROUD SIDE-AWNING k\u00fclgseinad | T\u00e4iendav kaitse ja privaatsus\" \/>\n<meta property=\"og:description\" content=\"Looge t\u00e4iendavaid riietus- ja puhkeruume JAMES BAROUD SIDE-AWNING komplektiga, mis koosneb kolmest suurte akende ja uksega k\u00fclgseinast. Lihtne kokkupanek ning tuule- ja veekindel \u00fchendus.\" \/>\n<meta property=\"og:url\" content=\"https:\/\/balticoverlanders.eu\/et\/toode\/james-baroud-kulgmised-kulgmised-seinad\/\" \/>\n<meta property=\"og:site_name\" content=\"BALTIC OVERLANDERS\" \/>\n<meta property=\"article:modified_time\" content=\"2024-05-06T19:44:29+00:00\" \/>\n<meta property=\"og:image\" content=\"https:\/\/balticoverlanders.eu\/wp-content\/uploads\/2023\/04\/James-Baroud-Products-Accessories-Awning-Walls-3.jpg\" \/>\n\t<meta property=\"og:image:width\" content=\"1134\" \/>\n\t<meta property=\"og:image:height\" content=\"850\" \/>\n\t<meta property=\"og:image:type\" content=\"image\/jpeg\" \/>\n<meta name=\"twitter:card\" content=\"summary_large_image\" \/>\n<meta name=\"twitter:label1\" content=\"Est. reading time\" \/>\n\t<meta name=\"twitter:data1\" content=\"1 minut\" \/>\n<script type=\"application\/ld+json\" class=\"yoast-schema-graph\">{\"@context\":\"https:\\\/\\\/schema.org\",\"@graph\":[{\"@type\":\"WebPage\",\"@id\":\"https:\\\/\\\/balticoverlanders.eu\\\/et\\\/toode\\\/james-baroud-kulgmised-kulgmised-seinad\\\/\",\"url\":\"https:\\\/\\\/balticoverlanders.eu\\\/et\\\/toode\\\/james-baroud-kulgmised-kulgmised-seinad\\\/\",\"name\":\"JAMES BAROUD SIDE-AWNING k\u00fclgseinad | T\u00e4iendav kaitse ja privaatsus\",\"isPartOf\":{\"@id\":\"https:\\\/\\\/balticoverlanders.eu\\\/et\\\/#website\"},\"primaryImageOfPage\":{\"@id\":\"https:\\\/\\\/balticoverlanders.eu\\\/et\\\/toode\\\/james-baroud-kulgmised-kulgmised-seinad\\\/#primaryimage\"},\"image\":{\"@id\":\"https:\\\/\\\/balticoverlanders.eu\\\/et\\\/toode\\\/james-baroud-kulgmised-kulgmised-seinad\\\/#primaryimage\"},\"thumbnailUrl\":\"https:\\\/\\\/balticoverlanders.eu\\\/wp-content\\\/uploads\\\/2023\\\/04\\\/James-Baroud-Products-Accessories-Awning-Walls-3.jpg\",\"datePublished\":\"2023-04-18T14:41:07+00:00\",\"dateModified\":\"2024-05-06T19:44:29+00:00\",\"description\":\"Looge t\u00e4iendavaid riietus- ja puhkeruume JAMES BAROUD SIDE-AWNING komplektiga, mis koosneb kolmest suurte akende ja uksega k\u00fclgseinast. Lihtne kokkupanek ning tuule- ja veekindel \u00fchendus.\",\"breadcrumb\":{\"@id\":\"https:\\\/\\\/balticoverlanders.eu\\\/et\\\/toode\\\/james-baroud-kulgmised-kulgmised-seinad\\\/#breadcrumb\"},\"inLanguage\":\"et\",\"potentialAction\":[{\"@type\":\"ReadAction\",\"target\":[\"https:\\\/\\\/balticoverlanders.eu\\\/et\\\/toode\\\/james-baroud-kulgmised-kulgmised-seinad\\\/\"]}]},{\"@type\":\"ImageObject\",\"inLanguage\":\"et\",\"@id\":\"https:\\\/\\\/balticoverlanders.eu\\\/et\\\/toode\\\/james-baroud-kulgmised-kulgmised-seinad\\\/#primaryimage\",\"url\":\"https:\\\/\\\/balticoverlanders.eu\\\/wp-content\\\/uploads\\\/2023\\\/04\\\/James-Baroud-Products-Accessories-Awning-Walls-3.jpg\",\"contentUrl\":\"https:\\\/\\\/balticoverlanders.eu\\\/wp-content\\\/uploads\\\/2023\\\/04\\\/James-Baroud-Products-Accessories-Awning-Walls-3.jpg\",\"width\":1134,\"height\":850},{\"@type\":\"BreadcrumbList\",\"@id\":\"https:\\\/\\\/balticoverlanders.eu\\\/et\\\/toode\\\/james-baroud-kulgmised-kulgmised-seinad\\\/#breadcrumb\",\"itemListElement\":[{\"@type\":\"ListItem\",\"position\":1,\"name\":\"Home\",\"item\":\"https:\\\/\\\/balticoverlanders.eu\\\/et\\\/home\\\/\"},{\"@type\":\"ListItem\",\"position\":2,\"name\":\"Kauplus\",\"item\":\"https:\\\/\\\/balticoverlanders.eu\\\/et\\\/kauplus\\\/\"},{\"@type\":\"ListItem\",\"position\":3,\"name\":\"James Baroud k\u00fclgmised k\u00fclgmised seinad\"}]},{\"@type\":\"WebSite\",\"@id\":\"https:\\\/\\\/balticoverlanders.eu\\\/et\\\/#website\",\"url\":\"https:\\\/\\\/balticoverlanders.eu\\\/et\\\/\",\"name\":\"BALTIC OVERLANDERS\",\"description\":\"Your one-stop shop in Latvia, Estonia, and Lithuania for all your car camping, rooftop tent and accessory needs.\",\"publisher\":{\"@id\":\"https:\\\/\\\/balticoverlanders.eu\\\/et\\\/#organization\"},\"potentialAction\":[{\"@type\":\"SearchAction\",\"target\":{\"@type\":\"EntryPoint\",\"urlTemplate\":\"https:\\\/\\\/balticoverlanders.eu\\\/et\\\/?s={search_term_string}\"},\"query-input\":{\"@type\":\"PropertyValueSpecification\",\"valueRequired\":true,\"valueName\":\"search_term_string\"}}],\"inLanguage\":\"et\"},{\"@type\":\"Organization\",\"@id\":\"https:\\\/\\\/balticoverlanders.eu\\\/et\\\/#organization\",\"name\":\"BALTIC OVERLANDERS\",\"url\":\"https:\\\/\\\/balticoverlanders.eu\\\/et\\\/\",\"logo\":{\"@type\":\"ImageObject\",\"inLanguage\":\"et\",\"@id\":\"https:\\\/\\\/balticoverlanders.eu\\\/et\\\/#\\\/schema\\\/logo\\\/image\\\/\",\"url\":\"https:\\\/\\\/balticoverlanders.eu\\\/wp-content\\\/uploads\\\/2023\\\/04\\\/BALTIC-OVERLANDERS-LOGO.jpg\",\"contentUrl\":\"https:\\\/\\\/balticoverlanders.eu\\\/wp-content\\\/uploads\\\/2023\\\/04\\\/BALTIC-OVERLANDERS-LOGO.jpg\",\"width\":1497,\"height\":310,\"caption\":\"BALTIC OVERLANDERS\"},\"image\":{\"@id\":\"https:\\\/\\\/balticoverlanders.eu\\\/et\\\/#\\\/schema\\\/logo\\\/image\\\/\"},\"sameAs\":[\"https:\\\/\\\/www.instagram.com\\\/balticoverlanders\\\/\"]}]}<\/script>\n<!-- \/ Yoast SEO plugin. -->","yoast_head_json":{"title":"JAMES BAROUD SIDE-AWNING k\u00fclgseinad | T\u00e4iendav kaitse ja privaatsus","description":"Looge t\u00e4iendavaid riietus- ja puhkeruume JAMES BAROUD SIDE-AWNING komplektiga, mis koosneb kolmest suurte akende ja uksega k\u00fclgseinast. Lihtne kokkupanek ning tuule- ja veekindel \u00fchendus.","robots":{"index":"index","follow":"follow","max-snippet":"max-snippet:-1","max-image-preview":"max-image-preview:large","max-video-preview":"max-video-preview:-1"},"canonical":"https:\/\/balticoverlanders.eu\/et\/toode\/james-baroud-kulgmised-kulgmised-seinad\/","og_locale":"et_EE","og_type":"article","og_title":"JAMES BAROUD SIDE-AWNING k\u00fclgseinad | T\u00e4iendav kaitse ja privaatsus","og_description":"Looge t\u00e4iendavaid riietus- ja puhkeruume JAMES BAROUD SIDE-AWNING komplektiga, mis koosneb kolmest suurte akende ja uksega k\u00fclgseinast. Lihtne kokkupanek ning tuule- ja veekindel \u00fchendus.","og_url":"https:\/\/balticoverlanders.eu\/et\/toode\/james-baroud-kulgmised-kulgmised-seinad\/","og_site_name":"BALTIC OVERLANDERS","article_modified_time":"2024-05-06T19:44:29+00:00","og_image":[{"width":1134,"height":850,"url":"https:\/\/balticoverlanders.eu\/wp-content\/uploads\/2023\/04\/James-Baroud-Products-Accessories-Awning-Walls-3.jpg","type":"image\/jpeg"}],"twitter_card":"summary_large_image","twitter_misc":{"Est. reading time":"1 minut"},"schema":{"@context":"https:\/\/schema.org","@graph":[{"@type":"WebPage","@id":"https:\/\/balticoverlanders.eu\/et\/toode\/james-baroud-kulgmised-kulgmised-seinad\/","url":"https:\/\/balticoverlanders.eu\/et\/toode\/james-baroud-kulgmised-kulgmised-seinad\/","name":"JAMES BAROUD SIDE-AWNING k\u00fclgseinad | T\u00e4iendav kaitse ja privaatsus","isPartOf":{"@id":"https:\/\/balticoverlanders.eu\/et\/#website"},"primaryImageOfPage":{"@id":"https:\/\/balticoverlanders.eu\/et\/toode\/james-baroud-kulgmised-kulgmised-seinad\/#primaryimage"},"image":{"@id":"https:\/\/balticoverlanders.eu\/et\/toode\/james-baroud-kulgmised-kulgmised-seinad\/#primaryimage"},"thumbnailUrl":"https:\/\/balticoverlanders.eu\/wp-content\/uploads\/2023\/04\/James-Baroud-Products-Accessories-Awning-Walls-3.jpg","datePublished":"2023-04-18T14:41:07+00:00","dateModified":"2024-05-06T19:44:29+00:00","description":"Looge t\u00e4iendavaid riietus- ja puhkeruume JAMES BAROUD SIDE-AWNING komplektiga, mis koosneb kolmest suurte akende ja uksega k\u00fclgseinast. Lihtne kokkupanek ning tuule- ja veekindel \u00fchendus.","breadcrumb":{"@id":"https:\/\/balticoverlanders.eu\/et\/toode\/james-baroud-kulgmised-kulgmised-seinad\/#breadcrumb"},"inLanguage":"et","potentialAction":[{"@type":"ReadAction","target":["https:\/\/balticoverlanders.eu\/et\/toode\/james-baroud-kulgmised-kulgmised-seinad\/"]}]},{"@type":"ImageObject","inLanguage":"et","@id":"https:\/\/balticoverlanders.eu\/et\/toode\/james-baroud-kulgmised-kulgmised-seinad\/#primaryimage","url":"https:\/\/balticoverlanders.eu\/wp-content\/uploads\/2023\/04\/James-Baroud-Products-Accessories-Awning-Walls-3.jpg","contentUrl":"https:\/\/balticoverlanders.eu\/wp-content\/uploads\/2023\/04\/James-Baroud-Products-Accessories-Awning-Walls-3.jpg","width":1134,"height":850},{"@type":"BreadcrumbList","@id":"https:\/\/balticoverlanders.eu\/et\/toode\/james-baroud-kulgmised-kulgmised-seinad\/#breadcrumb","itemListElement":[{"@type":"ListItem","position":1,"name":"Home","item":"https:\/\/balticoverlanders.eu\/et\/home\/"},{"@type":"ListItem","position":2,"name":"Kauplus","item":"https:\/\/balticoverlanders.eu\/et\/kauplus\/"},{"@type":"ListItem","position":3,"name":"James Baroud k\u00fclgmised k\u00fclgmised seinad"}]},{"@type":"WebSite","@id":"https:\/\/balticoverlanders.eu\/et\/#website","url":"https:\/\/balticoverlanders.eu\/et\/","name":"BALTIC OVERLANDERS","description":"Your one-stop shop in Latvia, Estonia, and Lithuania for all your car camping, rooftop tent and accessory needs.","publisher":{"@id":"https:\/\/balticoverlanders.eu\/et\/#organization"},"potentialAction":[{"@type":"SearchAction","target":{"@type":"EntryPoint","urlTemplate":"https:\/\/balticoverlanders.eu\/et\/?s={search_term_string}"},"query-input":{"@type":"PropertyValueSpecification","valueRequired":true,"valueName":"search_term_string"}}],"inLanguage":"et"},{"@type":"Organization","@id":"https:\/\/balticoverlanders.eu\/et\/#organization","name":"BALTIC OVERLANDERS","url":"https:\/\/balticoverlanders.eu\/et\/","logo":{"@type":"ImageObject","inLanguage":"et","@id":"https:\/\/balticoverlanders.eu\/et\/#\/schema\/logo\/image\/","url":"https:\/\/balticoverlanders.eu\/wp-content\/uploads\/2023\/04\/BALTIC-OVERLANDERS-LOGO.jpg","contentUrl":"https:\/\/balticoverlanders.eu\/wp-content\/uploads\/2023\/04\/BALTIC-OVERLANDERS-LOGO.jpg","width":1497,"height":310,"caption":"BALTIC OVERLANDERS"},"image":{"@id":"https:\/\/balticoverlanders.eu\/et\/#\/schema\/logo\/image\/"},"sameAs":["https:\/\/www.instagram.com\/balticoverlanders\/"]}]}},"_links":{"self":[{"href":"https:\/\/balticoverlanders.eu\/et\/wp-json\/wp\/v2\/product\/39508","targetHints":{"allow":["GET"]}}],"collection":[{"href":"https:\/\/balticoverlanders.eu\/et\/wp-json\/wp\/v2\/product"}],"about":[{"href":"https:\/\/balticoverlanders.eu\/et\/wp-json\/wp\/v2\/types\/product"}],"wp:featuredmedia":[{"embeddable":true,"href":"https:\/\/balticoverlanders.eu\/et\/wp-json\/wp\/v2\/media\/22048"}],"wp:attachment":[{"href":"https:\/\/balticoverlanders.eu\/et\/wp-json\/wp\/v2\/media?parent=39508"}],"wp:term":[{"taxonomy":"product_brand","embeddable":true,"href":"https:\/\/balticoverlanders.eu\/et\/wp-json\/wp\/v2\/product_brand?post=39508"},{"taxonomy":"product_cat","embeddable":true,"href":"https:\/\/balticoverlanders.eu\/et\/wp-json\/wp\/v2\/product_cat?post=39508"},{"taxonomy":"product_tag","embeddable":true,"href":"https:\/\/balticoverlanders.eu\/et\/wp-json\/wp\/v2\/product_tag?post=39508"}],"curies":[{"name":"wp","href":"https:\/\/api.w.org\/{rel}","templated":true}]}}