{"id":42835,"date":"2024-05-18T11:25:32","date_gmt":"2024-05-18T08:25:32","guid":{"rendered":"https:\/\/balticoverlanders.eu\/product\/wild-land-lite-cruiser-120-katusetelk\/"},"modified":"2024-05-20T15:31:00","modified_gmt":"2024-05-20T12:31:00","slug":"wild-land-lite-cruiser-120-katusetelk","status":"publish","type":"product","link":"https:\/\/balticoverlanders.eu\/et\/toode\/wild-land-lite-cruiser-120-katusetelk\/","title":{"rendered":"Wild Land Lite Cruiser 120 katusetelk"},"content":{"rendered":"<h2>Wild Land Lite Cruiser 120 katusetelk: Teie \u00fclim reisikaaslane<\/h2>\n<h3>\u00dclevaade<\/h3>\n<p>Tutvustame Lite Cruiser 120 katusetelk, mis on ideaalne lahendus neile, kes otsivad seiklusi ilma mugavuse osas j\u00e4releandmisi tegemata. See uuenduslik telk on kavandatud nii, et see mahub ka k\u00f5ige v\u00e4iksematesse autodesse, ning on kokkupanduna kompaktne, kuid p\u00fcstitatuna ruumikas ja vastupidav. See on ideaalne lahendus kahele inimesele, mis v\u00f5imaldab muretut k\u00e4mpinguelamust.<\/p>\n<h3>Peamised omadused<\/h3>\n<p><strong>Kompaktne ja kerge disain<\/strong>:<\/p>\n<ul>\n<li><strong>M\u00f5\u00f5tmed<\/strong>: Kokkupandud telk on vaid 110 cm lai, 125 cm pikk ja 30 cm k\u00f5rge.<\/li>\n<li><strong>Kaal<\/strong>: Kaal: Kerget alumiiniumkonstruktsiooni, mis kaalub koos redeliga vaid 39 kg.<\/li>\n<\/ul>\n<p><strong>Vastupidav konstruktsioon<\/strong>:<\/p>\n<ul>\n<li>Valmistatud 600D Rip-Stop Polycotton PU 2000mm segust p\u00f5hiosa jaoks ja 210D Rip-Stop Polyoxford PU 3000mm k\u00e4rjevaiba jaoks, mis on viimistletud UPF50+ p\u00e4ikesekaitse kihiga.<\/li>\n<\/ul>\n<p><strong>Kiire seadistamine<\/strong>:<\/p>\n<ul>\n<li>Avaneb v\u00e4hem kui minutiga, pakkudes magamispinda 120&#215;215 cm.<\/li>\n<li>Madrats on maksimaalse mugavuse tagamiseks \u00fcks jaotuseta t\u00fckk.<\/li>\n<\/ul>\n<h3>Mugavus ja mugavus<\/h3>\n<p><strong>Panoraamaknad<\/strong>:<\/p>\n<ul>\n<li>Nautige loodust panoraamakende abil, mida saab vihma ajal sulgeda, et v\u00e4ltida vee sissep\u00e4\u00e4su.<\/li>\n<li>Teibitud \u00f5mblused ja \u00fcmberpaigutatud telgikatte t\u00f5mblukk tagavad veekindluse, samal ajal kui spetsiaalselt projekteeritud voldiplaat juhib vett m\u00f6\u00f6da v\u00e4lisseinu nagu kanaali.<\/li>\n<\/ul>\n<p><strong>Ventilatsioon<\/strong>:<\/p>\n<ul>\n<li>Piisav \u00f5huringlus koos t\u00e4iendava ventilatsiooniavaga sees, et v\u00e4ltida kondenseerumist.<\/li>\n<li>Sisetaskud v\u00e4ikeste esemete, n\u00e4iteks prillide v\u00f5i mobiiltelefoni hoidmiseks.<\/li>\n<\/ul>\n<p><strong>Mugav madrats<\/strong>:<\/p>\n<ul>\n<li>Pakub katkematut magamiskogemust \u00fcheainsa, jagamata madratsiga, mis lisab mugavust.<\/li>\n<\/ul>\n<h3>T\u00e4iendavad omadused<\/h3>\n<p><strong>Ilmastikukindel<\/strong>:<\/p>\n<ul>\n<li>Telgi materjalid ja konstruktsioon on kavandatud vastu pidama erinevatele ilmastikutingimustele, tagades vastupidavuse ja mugavuse aastaringselt.<\/li>\n<\/ul>\n<p><strong>Lihtne ladustamine ja hooldus<\/strong>:<\/p>\n<ul>\n<li>Eemaldatav ja hoiustatav redel telgis v\u00f5i autos.<\/li>\n<li>Eemaldatavad elemendid lihtsaks puhastamiseks ja hoolduseks.<\/li>\n<\/ul>\n<h3>Miks valida Lite Cruiser 120?<\/h3>\n<p>Kogege loodust nagu kunagi varem Lite Cruiser 120 katusetendiga. Selle tugev konstruktsioon, kiire seadistus ja k\u00f5ikv\u00f5imalikud ilmastikuolud teevad sellest \u00fclima kaaslase mis tahes seikluseks. Olenemata sellest, kas telkimine toimub suvel v\u00f5i lumistel maastikel, Lite Cruiser 120 tagab mugava ja muretu kogemuse.<\/p>\n<p>V\u00f5tke vastu seiklusvaim Lite Cruiser 120 katusealuse telgiga &#8211; siin kohtuvad mugavus ja vastupidavus ning iga teekond muutub meeldej\u00e4\u00e4vaks.<\/p>\n","protected":false},"excerpt":{"rendered":"<p>\u00dclikerge ja taskukohane pehme koorega katusetelk, kompaktne suurus k\u00f5ikidele v\u00e4ikestele autodele, kaaluga vaid 39 kg, tippm\u00fc\u00fcja \u00fcksikule ja noorele paarile Komplektis teleskoopredel kuni 230 cm pikkusega, madrats, jalatsitaskud, LED-valgustus sees, paigalduskomplekt koos juhendiga.<\/p>\n","protected":false},"featured_media":42371,"template":"","meta":[],"product_brand":[],"product_cat":[211,487],"product_tag":[],"class_list":{"0":"post-42835","1":"product","2":"type-product","3":"status-publish","4":"has-post-thumbnail","6":"product_cat-katusetelgid","7":"product_cat-metsik-maa","9":"first","10":"onbackorder","11":"taxable","12":"shipping-taxable","13":"purchasable","14":"product-type-simple"},"yoast_head":"<!-- This site is optimized with the Yoast SEO plugin v27.2 - https:\/\/yoast.com\/product\/yoast-seo-wordpress\/ -->\n<title>Wild Land Lite Cruiser 120 katusetelk - BALTIC OVERLANDERS<\/title>\n<meta name=\"description\" content=\"Avastage meie \u00fclikerge ja taskukohane pehme katusekattega telk v\u00e4ikestele autodele, mis kaalub vaid 39 kg. Sobib ideaalselt \u00fcksikutele ja noortele paaridele. Sisaldab redelit, madratsit, LED-valgustit ja paigalduskomplekti.\" \/>\n<meta name=\"robots\" content=\"index, follow, max-snippet:-1, max-image-preview:large, max-video-preview:-1\" \/>\n<link rel=\"canonical\" href=\"https:\/\/balticoverlanders.eu\/et\/toode\/wild-land-lite-cruiser-120-katusetelk\/\" \/>\n<meta property=\"og:locale\" content=\"et_EE\" \/>\n<meta property=\"og:type\" content=\"article\" \/>\n<meta property=\"og:title\" content=\"Wild Land Lite Cruiser 120 katusetelk - BALTIC OVERLANDERS\" \/>\n<meta property=\"og:description\" content=\"Avastage meie \u00fclikerge ja taskukohane pehme katusekattega telk v\u00e4ikestele autodele, mis kaalub vaid 39 kg. Sobib ideaalselt \u00fcksikutele ja noortele paaridele. Sisaldab redelit, madratsit, LED-valgustit ja paigalduskomplekti.\" \/>\n<meta property=\"og:url\" content=\"https:\/\/balticoverlanders.eu\/et\/toode\/wild-land-lite-cruiser-120-katusetelk\/\" \/>\n<meta property=\"og:site_name\" content=\"BALTIC OVERLANDERS\" \/>\n<meta property=\"article:modified_time\" content=\"2024-05-20T12:31:00+00:00\" \/>\n<meta property=\"og:image\" content=\"https:\/\/balticoverlanders.eu\/wp-content\/uploads\/2024\/05\/namiot-dachowy-Lite-Cruiser-rozlozony-z-otwartymi-oknami-rozlozony-stolik-i-krzesla-VW-Golf-Hatchback-poziom.jpg\" \/>\n\t<meta property=\"og:image:width\" content=\"1681\" \/>\n\t<meta property=\"og:image:height\" content=\"1000\" \/>\n\t<meta property=\"og:image:type\" content=\"image\/jpeg\" \/>\n<meta name=\"twitter:card\" content=\"summary_large_image\" \/>\n<meta name=\"twitter:label1\" content=\"Est. reading time\" \/>\n\t<meta name=\"twitter:data1\" content=\"2 minutit\" \/>\n<script type=\"application\/ld+json\" class=\"yoast-schema-graph\">{\"@context\":\"https:\/\/schema.org\",\"@graph\":[{\"@type\":\"WebPage\",\"@id\":\"https:\/\/balticoverlanders.eu\/et\/toode\/wild-land-lite-cruiser-120-katusetelk\/\",\"url\":\"https:\/\/balticoverlanders.eu\/et\/toode\/wild-land-lite-cruiser-120-katusetelk\/\",\"name\":\"Wild Land Lite Cruiser 120 katusetelk - BALTIC OVERLANDERS\",\"isPartOf\":{\"@id\":\"https:\/\/balticoverlanders.eu\/et\/#website\"},\"primaryImageOfPage\":{\"@id\":\"https:\/\/balticoverlanders.eu\/et\/toode\/wild-land-lite-cruiser-120-katusetelk\/#primaryimage\"},\"image\":{\"@id\":\"https:\/\/balticoverlanders.eu\/et\/toode\/wild-land-lite-cruiser-120-katusetelk\/#primaryimage\"},\"thumbnailUrl\":\"https:\/\/balticoverlanders.eu\/wp-content\/uploads\/2024\/05\/namiot-dachowy-Lite-Cruiser-rozlozony-z-otwartymi-oknami-rozlozony-stolik-i-krzesla-VW-Golf-Hatchback-poziom.jpg\",\"datePublished\":\"2024-05-18T08:25:32+00:00\",\"dateModified\":\"2024-05-20T12:31:00+00:00\",\"description\":\"Avastage meie \u00fclikerge ja taskukohane pehme katusekattega telk v\u00e4ikestele autodele, mis kaalub vaid 39 kg. Sobib ideaalselt \u00fcksikutele ja noortele paaridele. Sisaldab redelit, madratsit, LED-valgustit ja paigalduskomplekti.\",\"breadcrumb\":{\"@id\":\"https:\/\/balticoverlanders.eu\/et\/toode\/wild-land-lite-cruiser-120-katusetelk\/#breadcrumb\"},\"inLanguage\":\"et\",\"potentialAction\":[{\"@type\":\"ReadAction\",\"target\":[\"https:\/\/balticoverlanders.eu\/et\/toode\/wild-land-lite-cruiser-120-katusetelk\/\"]}]},{\"@type\":\"ImageObject\",\"inLanguage\":\"et\",\"@id\":\"https:\/\/balticoverlanders.eu\/et\/toode\/wild-land-lite-cruiser-120-katusetelk\/#primaryimage\",\"url\":\"https:\/\/balticoverlanders.eu\/wp-content\/uploads\/2024\/05\/namiot-dachowy-Lite-Cruiser-rozlozony-z-otwartymi-oknami-rozlozony-stolik-i-krzesla-VW-Golf-Hatchback-poziom.jpg\",\"contentUrl\":\"https:\/\/balticoverlanders.eu\/wp-content\/uploads\/2024\/05\/namiot-dachowy-Lite-Cruiser-rozlozony-z-otwartymi-oknami-rozlozony-stolik-i-krzesla-VW-Golf-Hatchback-poziom.jpg\",\"width\":1681,\"height\":1000},{\"@type\":\"BreadcrumbList\",\"@id\":\"https:\/\/balticoverlanders.eu\/et\/toode\/wild-land-lite-cruiser-120-katusetelk\/#breadcrumb\",\"itemListElement\":[{\"@type\":\"ListItem\",\"position\":1,\"name\":\"Home\",\"item\":\"https:\/\/balticoverlanders.eu\/et\/home\/\"},{\"@type\":\"ListItem\",\"position\":2,\"name\":\"Kauplus\",\"item\":\"https:\/\/balticoverlanders.eu\/et\/kauplus\/\"},{\"@type\":\"ListItem\",\"position\":3,\"name\":\"Wild Land Lite Cruiser 120 katusetelk\"}]},{\"@type\":\"WebSite\",\"@id\":\"https:\/\/balticoverlanders.eu\/et\/#website\",\"url\":\"https:\/\/balticoverlanders.eu\/et\/\",\"name\":\"BALTIC OVERLANDERS\",\"description\":\"Your one-stop shop in Latvia, Estonia, and Lithuania for all your car camping, rooftop tent and accessory needs.\",\"publisher\":{\"@id\":\"https:\/\/balticoverlanders.eu\/et\/#organization\"},\"potentialAction\":[{\"@type\":\"SearchAction\",\"target\":{\"@type\":\"EntryPoint\",\"urlTemplate\":\"https:\/\/balticoverlanders.eu\/et\/?s={search_term_string}\"},\"query-input\":{\"@type\":\"PropertyValueSpecification\",\"valueRequired\":true,\"valueName\":\"search_term_string\"}}],\"inLanguage\":\"et\"},{\"@type\":\"Organization\",\"@id\":\"https:\/\/balticoverlanders.eu\/et\/#organization\",\"name\":\"BALTIC OVERLANDERS\",\"url\":\"https:\/\/balticoverlanders.eu\/et\/\",\"logo\":{\"@type\":\"ImageObject\",\"inLanguage\":\"et\",\"@id\":\"https:\/\/balticoverlanders.eu\/et\/#\/schema\/logo\/image\/\",\"url\":\"https:\/\/balticoverlanders.eu\/wp-content\/uploads\/2023\/04\/BALTIC-OVERLANDERS-LOGO.jpg\",\"contentUrl\":\"https:\/\/balticoverlanders.eu\/wp-content\/uploads\/2023\/04\/BALTIC-OVERLANDERS-LOGO.jpg\",\"width\":1497,\"height\":310,\"caption\":\"BALTIC OVERLANDERS\"},\"image\":{\"@id\":\"https:\/\/balticoverlanders.eu\/et\/#\/schema\/logo\/image\/\"},\"sameAs\":[\"https:\/\/www.instagram.com\/balticoverlanders\/\"]}]}<\/script>\n<!-- \/ Yoast SEO plugin. -->","yoast_head_json":{"title":"Wild Land Lite Cruiser 120 katusetelk - BALTIC OVERLANDERS","description":"Avastage meie \u00fclikerge ja taskukohane pehme katusekattega telk v\u00e4ikestele autodele, mis kaalub vaid 39 kg. Sobib ideaalselt \u00fcksikutele ja noortele paaridele. Sisaldab redelit, madratsit, LED-valgustit ja paigalduskomplekti.","robots":{"index":"index","follow":"follow","max-snippet":"max-snippet:-1","max-image-preview":"max-image-preview:large","max-video-preview":"max-video-preview:-1"},"canonical":"https:\/\/balticoverlanders.eu\/et\/toode\/wild-land-lite-cruiser-120-katusetelk\/","og_locale":"et_EE","og_type":"article","og_title":"Wild Land Lite Cruiser 120 katusetelk - BALTIC OVERLANDERS","og_description":"Avastage meie \u00fclikerge ja taskukohane pehme katusekattega telk v\u00e4ikestele autodele, mis kaalub vaid 39 kg. Sobib ideaalselt \u00fcksikutele ja noortele paaridele. Sisaldab redelit, madratsit, LED-valgustit ja paigalduskomplekti.","og_url":"https:\/\/balticoverlanders.eu\/et\/toode\/wild-land-lite-cruiser-120-katusetelk\/","og_site_name":"BALTIC OVERLANDERS","article_modified_time":"2024-05-20T12:31:00+00:00","og_image":[{"width":1681,"height":1000,"url":"https:\/\/balticoverlanders.eu\/wp-content\/uploads\/2024\/05\/namiot-dachowy-Lite-Cruiser-rozlozony-z-otwartymi-oknami-rozlozony-stolik-i-krzesla-VW-Golf-Hatchback-poziom.jpg","type":"image\/jpeg"}],"twitter_card":"summary_large_image","twitter_misc":{"Est. reading time":"2 minutit"},"schema":{"@context":"https:\/\/schema.org","@graph":[{"@type":"WebPage","@id":"https:\/\/balticoverlanders.eu\/et\/toode\/wild-land-lite-cruiser-120-katusetelk\/","url":"https:\/\/balticoverlanders.eu\/et\/toode\/wild-land-lite-cruiser-120-katusetelk\/","name":"Wild Land Lite Cruiser 120 katusetelk - BALTIC OVERLANDERS","isPartOf":{"@id":"https:\/\/balticoverlanders.eu\/et\/#website"},"primaryImageOfPage":{"@id":"https:\/\/balticoverlanders.eu\/et\/toode\/wild-land-lite-cruiser-120-katusetelk\/#primaryimage"},"image":{"@id":"https:\/\/balticoverlanders.eu\/et\/toode\/wild-land-lite-cruiser-120-katusetelk\/#primaryimage"},"thumbnailUrl":"https:\/\/balticoverlanders.eu\/wp-content\/uploads\/2024\/05\/namiot-dachowy-Lite-Cruiser-rozlozony-z-otwartymi-oknami-rozlozony-stolik-i-krzesla-VW-Golf-Hatchback-poziom.jpg","datePublished":"2024-05-18T08:25:32+00:00","dateModified":"2024-05-20T12:31:00+00:00","description":"Avastage meie \u00fclikerge ja taskukohane pehme katusekattega telk v\u00e4ikestele autodele, mis kaalub vaid 39 kg. Sobib ideaalselt \u00fcksikutele ja noortele paaridele. Sisaldab redelit, madratsit, LED-valgustit ja paigalduskomplekti.","breadcrumb":{"@id":"https:\/\/balticoverlanders.eu\/et\/toode\/wild-land-lite-cruiser-120-katusetelk\/#breadcrumb"},"inLanguage":"et","potentialAction":[{"@type":"ReadAction","target":["https:\/\/balticoverlanders.eu\/et\/toode\/wild-land-lite-cruiser-120-katusetelk\/"]}]},{"@type":"ImageObject","inLanguage":"et","@id":"https:\/\/balticoverlanders.eu\/et\/toode\/wild-land-lite-cruiser-120-katusetelk\/#primaryimage","url":"https:\/\/balticoverlanders.eu\/wp-content\/uploads\/2024\/05\/namiot-dachowy-Lite-Cruiser-rozlozony-z-otwartymi-oknami-rozlozony-stolik-i-krzesla-VW-Golf-Hatchback-poziom.jpg","contentUrl":"https:\/\/balticoverlanders.eu\/wp-content\/uploads\/2024\/05\/namiot-dachowy-Lite-Cruiser-rozlozony-z-otwartymi-oknami-rozlozony-stolik-i-krzesla-VW-Golf-Hatchback-poziom.jpg","width":1681,"height":1000},{"@type":"BreadcrumbList","@id":"https:\/\/balticoverlanders.eu\/et\/toode\/wild-land-lite-cruiser-120-katusetelk\/#breadcrumb","itemListElement":[{"@type":"ListItem","position":1,"name":"Home","item":"https:\/\/balticoverlanders.eu\/et\/home\/"},{"@type":"ListItem","position":2,"name":"Kauplus","item":"https:\/\/balticoverlanders.eu\/et\/kauplus\/"},{"@type":"ListItem","position":3,"name":"Wild Land Lite Cruiser 120 katusetelk"}]},{"@type":"WebSite","@id":"https:\/\/balticoverlanders.eu\/et\/#website","url":"https:\/\/balticoverlanders.eu\/et\/","name":"BALTIC OVERLANDERS","description":"Your one-stop shop in Latvia, Estonia, and Lithuania for all your car camping, rooftop tent and accessory needs.","publisher":{"@id":"https:\/\/balticoverlanders.eu\/et\/#organization"},"potentialAction":[{"@type":"SearchAction","target":{"@type":"EntryPoint","urlTemplate":"https:\/\/balticoverlanders.eu\/et\/?s={search_term_string}"},"query-input":{"@type":"PropertyValueSpecification","valueRequired":true,"valueName":"search_term_string"}}],"inLanguage":"et"},{"@type":"Organization","@id":"https:\/\/balticoverlanders.eu\/et\/#organization","name":"BALTIC OVERLANDERS","url":"https:\/\/balticoverlanders.eu\/et\/","logo":{"@type":"ImageObject","inLanguage":"et","@id":"https:\/\/balticoverlanders.eu\/et\/#\/schema\/logo\/image\/","url":"https:\/\/balticoverlanders.eu\/wp-content\/uploads\/2023\/04\/BALTIC-OVERLANDERS-LOGO.jpg","contentUrl":"https:\/\/balticoverlanders.eu\/wp-content\/uploads\/2023\/04\/BALTIC-OVERLANDERS-LOGO.jpg","width":1497,"height":310,"caption":"BALTIC OVERLANDERS"},"image":{"@id":"https:\/\/balticoverlanders.eu\/et\/#\/schema\/logo\/image\/"},"sameAs":["https:\/\/www.instagram.com\/balticoverlanders\/"]}]}},"_links":{"self":[{"href":"https:\/\/balticoverlanders.eu\/et\/wp-json\/wp\/v2\/product\/42835","targetHints":{"allow":["GET"]}}],"collection":[{"href":"https:\/\/balticoverlanders.eu\/et\/wp-json\/wp\/v2\/product"}],"about":[{"href":"https:\/\/balticoverlanders.eu\/et\/wp-json\/wp\/v2\/types\/product"}],"wp:featuredmedia":[{"embeddable":true,"href":"https:\/\/balticoverlanders.eu\/et\/wp-json\/wp\/v2\/media\/42371"}],"wp:attachment":[{"href":"https:\/\/balticoverlanders.eu\/et\/wp-json\/wp\/v2\/media?parent=42835"}],"wp:term":[{"taxonomy":"product_brand","embeddable":true,"href":"https:\/\/balticoverlanders.eu\/et\/wp-json\/wp\/v2\/product_brand?post=42835"},{"taxonomy":"product_cat","embeddable":true,"href":"https:\/\/balticoverlanders.eu\/et\/wp-json\/wp\/v2\/product_cat?post=42835"},{"taxonomy":"product_tag","embeddable":true,"href":"https:\/\/balticoverlanders.eu\/et\/wp-json\/wp\/v2\/product_tag?post=42835"}],"curies":[{"name":"wp","href":"https:\/\/api.w.org\/{rel}","templated":true}]}}