{"id":42839,"date":"2024-05-18T11:38:36","date_gmt":"2024-05-18T08:38:36","guid":{"rendered":"https:\/\/balticoverlanders.eu\/product\/wild-land-wild-cruiser-pro-250-katusetelk\/"},"modified":"2024-05-20T15:31:02","modified_gmt":"2024-05-20T12:31:02","slug":"wild-land-wild-cruiser-pro-250-katusetelk","status":"publish","type":"product","link":"https:\/\/balticoverlanders.eu\/et\/toode\/wild-land-wild-cruiser-pro-250-katusetelk\/","title":{"rendered":"Wild Land Wild Cruiser PRO 250 katusetelk"},"content":{"rendered":"<p><strong>Wild Land Wild Cruiser PRO 250 katusetelk: Teie \u00fclim lahendus pere telkimiseks<\/strong><\/p>\n<p><strong>\u00dclevaade<\/strong><\/p>\n<p>Tutvustame Wild Cruiser PRO 250 katusetelki, mis on mugavuse, mugavuse ja vastupidavuse kehastus pere telkimise seiklusteks. See uuenduslik telk on m\u00f5eldud kuni kuue inimese majutamiseks ja pakub 250&#215;200 cm suurust magamispinda. See on ideaalne suuremate s\u00f5idukite jaoks ja ideaalne kaaslane aastaringseks reisimiseks, pakkudes erakordset mugavust ja kasutusmugavust.<\/p>\n<p><strong>Peamised omadused<\/strong><\/p>\n<ul>\n<li><strong>Ruumikas ja mugav disain:<\/strong> Telk ulatub s\u00f5iduki piirjoonest kaugemale, luues avarat ruumi magamiseks ja tegevuseks. T\u00e4nu v\u00e4hem kui \u00fcheminutilisele seadistamisajale kulub rohkem aega seikluste nautimiseks.<\/li>\n<li><strong>Panoraamvaated:<\/strong> Suured panoraamaknad k\u00f5ikidel k\u00fclgedel v\u00f5imaldavad teil saada \u00fchendust loodusega, pakkudes suurep\u00e4raseid vaateid ja rohkelt loomulikku valgust.<\/li>\n<li><strong>T\u00e4iustatud mugavus:<\/strong> PRO-versioon sisaldab isoleeritud peavoodrit, mis tagab suurep\u00e4rase soojusmugavuse k\u00f5ikides ilmastikutingimustes, ning integreeritud LED-valgusribasid, mis loovad hubase \u00f5hkkonna.<\/li>\n<li><strong>Mugavus ja mugavus<\/strong><\/li>\n<li><strong>Piisavalt ruumi:<\/strong> Telgi sisemuses on t\u00e4iendavad hoiuruumid ja taskud, mis aitavad hoida teie asjad organiseeritult ja kergesti ligip\u00e4\u00e4setavana.<\/li>\n<li><strong>Mugav magamine:<\/strong> Telgis on 8 cm paksune liigeseta madrats, mis tagab v\u00f5rratu mugavuse, et magada rahulikku \u00f6\u00f6d.<\/li>\n<li><strong>Suurep\u00e4rane ventilatsioon:<\/strong> T\u00e4iendavad ventilatsiooniavad peaosas ja esiosas, et v\u00e4ltida kondenseerumist, tagavad telgi konstruktsiooni t\u00f5ttu piisava \u00f5huringluse.<\/li>\n<li><strong>Ilmastikukindel:<\/strong> Raamkonstruktsioon v\u00f5imaldab ventilatsiooni ka siis, kui telk on vihma ajal suletud, tagades kuiva ja mugava siseruumi.<\/li>\n<\/ul>\n<p><strong>T\u00e4iendavad omadused<\/strong><\/p>\n<ul>\n<li><strong>Mitmeotstarbeline ruum:<\/strong> Telgi all olevat ala saab kasutada laua p\u00fcstitamiseks, toiduvalmistamiseks ja \u00fchistegevuseks, mis teeb sellest mitmek\u00fclgse telkimislahenduse.<\/li>\n<li><strong>Eemaldatavad elemendid:<\/strong> K\u00f5ik telgi osad on t\u00e4ielikult eemaldatavad, et neid oleks lihtne puhastada ja hooldada. Madratsikatet saab pesta ja materjali saab impregneerida, et pikendada selle kasutusiga.<\/li>\n<li><strong>Garantiij\u00e4rgne teenindus:<\/strong> Isegi p\u00e4rast 2-aastast garantiiperioodi v\u00f5ite toetuda meie garantiij\u00e4rgsele teenindusele, kus enamik varuosi on kergesti k\u00e4ttesaadavad.<\/li>\n<li><strong>Valikulised lisaseadmed:<\/strong> Suurendage oma telkimiskogemust lisatarvikutega, nagu spetsiaalne isolatsioon, auto piirjoonest kaugemale ulatuv vestib\u00fc\u00fcl v\u00f5i universaalne vestib\u00fc\u00fcl\/markiis.<\/li>\n<\/ul>\n<p><strong>Miks valida Wild Land Wild Cruiser PRO 250?<\/strong><\/p>\n<p>Avastage loodus koos Wild Cruiser PRO 250 katusetendiga. Selle peres\u00f5bralik disain, kiire \u00fclesehitus ja tugevad funktsioonid teevad sellest parima valiku mis tahes telkimisseikluseks. Olenemata sellest, kas uurite p\u00e4ikesepaistelisi randu v\u00f5i lumist m\u00e4ge, Wild Cruiser PRO 250 tagab mugava ja meeldej\u00e4\u00e4va kogemuse kogu perele.<\/p>\n<p><strong>Alusta oma j\u00e4rgmist seiklust Wild Cruiser PRO 250 katusetendiga &#8211; kus perekondlik mugavus ja erakordne vastupidavus kohtuvad, muutes iga reisi unustamatuks.<\/strong><\/p>\n","protected":false},"excerpt":{"rendered":"<p>Taskukohane pere pehme kestaga katusetelk. Uuel PRO versioonil on soojustatud peavooder parema soojusmugavuse tagamiseks kuumadel p\u00e4evadel ja k\u00fclmemal aastaajal, LED-valgustus sees, Cordurast valmistatud kate palju lihtsamaks kokkuvoldimiseks T\u00e4ielik koos teleskoopredeliga kuni 230 cm pikkusega, madrats, jalatsitaskud, 2 lisajalga telgi toetamiseks ja tasandamiseks, LED-valgustus sees, paigalduskomplekt koos juhendiga.<\/p>\n","protected":false},"featured_media":42408,"template":"","meta":[],"product_brand":[],"product_cat":[211,487],"product_tag":[],"class_list":{"0":"post-42839","1":"product","2":"type-product","3":"status-publish","4":"has-post-thumbnail","6":"product_cat-katusetelgid","7":"product_cat-metsik-maa","9":"first","10":"onbackorder","11":"taxable","12":"shipping-taxable","13":"purchasable","14":"product-type-simple"},"yoast_head":"<!-- This site is optimized with the Yoast SEO plugin v27.3 - https:\/\/yoast.com\/product\/yoast-seo-wordpress\/ -->\n<title>Wild Land Wild Cruiser PRO 250 katusetelk - BALTIC OVERLANDERS<\/title>\n<meta name=\"description\" content=\"Taskukohane pere pehme katusekattega telk koos soojustatud peavoodri, LED-valgustuse, vastupidava Cordura kattega, teleskoopredeliga, madratsiga, jalataskutega, tugijalgadega ja kinnituskomplektiga.\" \/>\n<meta name=\"robots\" content=\"index, follow, max-snippet:-1, max-image-preview:large, max-video-preview:-1\" \/>\n<link rel=\"canonical\" href=\"https:\/\/balticoverlanders.eu\/et\/toode\/wild-land-wild-cruiser-pro-250-katusetelk\/\" \/>\n<meta property=\"og:locale\" content=\"et_EE\" \/>\n<meta property=\"og:type\" content=\"article\" \/>\n<meta property=\"og:title\" content=\"Wild Land Wild Cruiser PRO 250 katusetelk - BALTIC OVERLANDERS\" \/>\n<meta property=\"og:description\" content=\"Taskukohane pere pehme katusekattega telk koos soojustatud peavoodri, LED-valgustuse, vastupidava Cordura kattega, teleskoopredeliga, madratsiga, jalataskutega, tugijalgadega ja kinnituskomplektiga.\" \/>\n<meta property=\"og:url\" content=\"https:\/\/balticoverlanders.eu\/et\/toode\/wild-land-wild-cruiser-pro-250-katusetelk\/\" \/>\n<meta property=\"og:site_name\" content=\"BALTIC OVERLANDERS\" \/>\n<meta property=\"article:modified_time\" content=\"2024-05-20T12:31:02+00:00\" \/>\n<meta property=\"og:image\" content=\"https:\/\/balticoverlanders.eu\/wp-content\/uploads\/2024\/05\/namiot-dachowy-Wild-Cruiser-PRO-250-rozlozony-na-Wranglerze-widok-z-tylu-auta.jpg\" \/>\n\t<meta property=\"og:image:width\" content=\"1500\" \/>\n\t<meta property=\"og:image:height\" content=\"1000\" \/>\n\t<meta property=\"og:image:type\" content=\"image\/jpeg\" \/>\n<meta name=\"twitter:card\" content=\"summary_large_image\" \/>\n<meta name=\"twitter:label1\" content=\"Est. reading time\" \/>\n\t<meta name=\"twitter:data1\" content=\"2 minutit\" \/>\n<script type=\"application\/ld+json\" class=\"yoast-schema-graph\">{\"@context\":\"https:\\\/\\\/schema.org\",\"@graph\":[{\"@type\":\"WebPage\",\"@id\":\"https:\\\/\\\/balticoverlanders.eu\\\/et\\\/toode\\\/wild-land-wild-cruiser-pro-250-katusetelk\\\/\",\"url\":\"https:\\\/\\\/balticoverlanders.eu\\\/et\\\/toode\\\/wild-land-wild-cruiser-pro-250-katusetelk\\\/\",\"name\":\"Wild Land Wild Cruiser PRO 250 katusetelk - BALTIC OVERLANDERS\",\"isPartOf\":{\"@id\":\"https:\\\/\\\/balticoverlanders.eu\\\/et\\\/#website\"},\"primaryImageOfPage\":{\"@id\":\"https:\\\/\\\/balticoverlanders.eu\\\/et\\\/toode\\\/wild-land-wild-cruiser-pro-250-katusetelk\\\/#primaryimage\"},\"image\":{\"@id\":\"https:\\\/\\\/balticoverlanders.eu\\\/et\\\/toode\\\/wild-land-wild-cruiser-pro-250-katusetelk\\\/#primaryimage\"},\"thumbnailUrl\":\"https:\\\/\\\/balticoverlanders.eu\\\/wp-content\\\/uploads\\\/2024\\\/05\\\/namiot-dachowy-Wild-Cruiser-PRO-250-rozlozony-na-Wranglerze-widok-z-tylu-auta.jpg\",\"datePublished\":\"2024-05-18T08:38:36+00:00\",\"dateModified\":\"2024-05-20T12:31:02+00:00\",\"description\":\"Taskukohane pere pehme katusekattega telk koos soojustatud peavoodri, LED-valgustuse, vastupidava Cordura kattega, teleskoopredeliga, madratsiga, jalataskutega, tugijalgadega ja kinnituskomplektiga.\",\"breadcrumb\":{\"@id\":\"https:\\\/\\\/balticoverlanders.eu\\\/et\\\/toode\\\/wild-land-wild-cruiser-pro-250-katusetelk\\\/#breadcrumb\"},\"inLanguage\":\"et\",\"potentialAction\":[{\"@type\":\"ReadAction\",\"target\":[\"https:\\\/\\\/balticoverlanders.eu\\\/et\\\/toode\\\/wild-land-wild-cruiser-pro-250-katusetelk\\\/\"]}]},{\"@type\":\"ImageObject\",\"inLanguage\":\"et\",\"@id\":\"https:\\\/\\\/balticoverlanders.eu\\\/et\\\/toode\\\/wild-land-wild-cruiser-pro-250-katusetelk\\\/#primaryimage\",\"url\":\"https:\\\/\\\/balticoverlanders.eu\\\/wp-content\\\/uploads\\\/2024\\\/05\\\/namiot-dachowy-Wild-Cruiser-PRO-250-rozlozony-na-Wranglerze-widok-z-tylu-auta.jpg\",\"contentUrl\":\"https:\\\/\\\/balticoverlanders.eu\\\/wp-content\\\/uploads\\\/2024\\\/05\\\/namiot-dachowy-Wild-Cruiser-PRO-250-rozlozony-na-Wranglerze-widok-z-tylu-auta.jpg\",\"width\":1500,\"height\":1000},{\"@type\":\"BreadcrumbList\",\"@id\":\"https:\\\/\\\/balticoverlanders.eu\\\/et\\\/toode\\\/wild-land-wild-cruiser-pro-250-katusetelk\\\/#breadcrumb\",\"itemListElement\":[{\"@type\":\"ListItem\",\"position\":1,\"name\":\"Home\",\"item\":\"https:\\\/\\\/balticoverlanders.eu\\\/et\\\/home\\\/\"},{\"@type\":\"ListItem\",\"position\":2,\"name\":\"Kauplus\",\"item\":\"https:\\\/\\\/balticoverlanders.eu\\\/et\\\/kauplus\\\/\"},{\"@type\":\"ListItem\",\"position\":3,\"name\":\"Wild Land Wild Cruiser PRO 250 katusetelk\"}]},{\"@type\":\"WebSite\",\"@id\":\"https:\\\/\\\/balticoverlanders.eu\\\/et\\\/#website\",\"url\":\"https:\\\/\\\/balticoverlanders.eu\\\/et\\\/\",\"name\":\"BALTIC OVERLANDERS\",\"description\":\"Your one-stop shop in Latvia, Estonia, and Lithuania for all your car camping, rooftop tent and accessory needs.\",\"publisher\":{\"@id\":\"https:\\\/\\\/balticoverlanders.eu\\\/et\\\/#organization\"},\"potentialAction\":[{\"@type\":\"SearchAction\",\"target\":{\"@type\":\"EntryPoint\",\"urlTemplate\":\"https:\\\/\\\/balticoverlanders.eu\\\/et\\\/?s={search_term_string}\"},\"query-input\":{\"@type\":\"PropertyValueSpecification\",\"valueRequired\":true,\"valueName\":\"search_term_string\"}}],\"inLanguage\":\"et\"},{\"@type\":\"Organization\",\"@id\":\"https:\\\/\\\/balticoverlanders.eu\\\/et\\\/#organization\",\"name\":\"BALTIC OVERLANDERS\",\"url\":\"https:\\\/\\\/balticoverlanders.eu\\\/et\\\/\",\"logo\":{\"@type\":\"ImageObject\",\"inLanguage\":\"et\",\"@id\":\"https:\\\/\\\/balticoverlanders.eu\\\/et\\\/#\\\/schema\\\/logo\\\/image\\\/\",\"url\":\"https:\\\/\\\/balticoverlanders.eu\\\/wp-content\\\/uploads\\\/2023\\\/04\\\/BALTIC-OVERLANDERS-LOGO.jpg\",\"contentUrl\":\"https:\\\/\\\/balticoverlanders.eu\\\/wp-content\\\/uploads\\\/2023\\\/04\\\/BALTIC-OVERLANDERS-LOGO.jpg\",\"width\":1497,\"height\":310,\"caption\":\"BALTIC OVERLANDERS\"},\"image\":{\"@id\":\"https:\\\/\\\/balticoverlanders.eu\\\/et\\\/#\\\/schema\\\/logo\\\/image\\\/\"},\"sameAs\":[\"https:\\\/\\\/www.instagram.com\\\/balticoverlanders\\\/\"]}]}<\/script>\n<!-- \/ Yoast SEO plugin. -->","yoast_head_json":{"title":"Wild Land Wild Cruiser PRO 250 katusetelk - BALTIC OVERLANDERS","description":"Taskukohane pere pehme katusekattega telk koos soojustatud peavoodri, LED-valgustuse, vastupidava Cordura kattega, teleskoopredeliga, madratsiga, jalataskutega, tugijalgadega ja kinnituskomplektiga.","robots":{"index":"index","follow":"follow","max-snippet":"max-snippet:-1","max-image-preview":"max-image-preview:large","max-video-preview":"max-video-preview:-1"},"canonical":"https:\/\/balticoverlanders.eu\/et\/toode\/wild-land-wild-cruiser-pro-250-katusetelk\/","og_locale":"et_EE","og_type":"article","og_title":"Wild Land Wild Cruiser PRO 250 katusetelk - BALTIC OVERLANDERS","og_description":"Taskukohane pere pehme katusekattega telk koos soojustatud peavoodri, LED-valgustuse, vastupidava Cordura kattega, teleskoopredeliga, madratsiga, jalataskutega, tugijalgadega ja kinnituskomplektiga.","og_url":"https:\/\/balticoverlanders.eu\/et\/toode\/wild-land-wild-cruiser-pro-250-katusetelk\/","og_site_name":"BALTIC OVERLANDERS","article_modified_time":"2024-05-20T12:31:02+00:00","og_image":[{"width":1500,"height":1000,"url":"https:\/\/balticoverlanders.eu\/wp-content\/uploads\/2024\/05\/namiot-dachowy-Wild-Cruiser-PRO-250-rozlozony-na-Wranglerze-widok-z-tylu-auta.jpg","type":"image\/jpeg"}],"twitter_card":"summary_large_image","twitter_misc":{"Est. reading time":"2 minutit"},"schema":{"@context":"https:\/\/schema.org","@graph":[{"@type":"WebPage","@id":"https:\/\/balticoverlanders.eu\/et\/toode\/wild-land-wild-cruiser-pro-250-katusetelk\/","url":"https:\/\/balticoverlanders.eu\/et\/toode\/wild-land-wild-cruiser-pro-250-katusetelk\/","name":"Wild Land Wild Cruiser PRO 250 katusetelk - BALTIC OVERLANDERS","isPartOf":{"@id":"https:\/\/balticoverlanders.eu\/et\/#website"},"primaryImageOfPage":{"@id":"https:\/\/balticoverlanders.eu\/et\/toode\/wild-land-wild-cruiser-pro-250-katusetelk\/#primaryimage"},"image":{"@id":"https:\/\/balticoverlanders.eu\/et\/toode\/wild-land-wild-cruiser-pro-250-katusetelk\/#primaryimage"},"thumbnailUrl":"https:\/\/balticoverlanders.eu\/wp-content\/uploads\/2024\/05\/namiot-dachowy-Wild-Cruiser-PRO-250-rozlozony-na-Wranglerze-widok-z-tylu-auta.jpg","datePublished":"2024-05-18T08:38:36+00:00","dateModified":"2024-05-20T12:31:02+00:00","description":"Taskukohane pere pehme katusekattega telk koos soojustatud peavoodri, LED-valgustuse, vastupidava Cordura kattega, teleskoopredeliga, madratsiga, jalataskutega, tugijalgadega ja kinnituskomplektiga.","breadcrumb":{"@id":"https:\/\/balticoverlanders.eu\/et\/toode\/wild-land-wild-cruiser-pro-250-katusetelk\/#breadcrumb"},"inLanguage":"et","potentialAction":[{"@type":"ReadAction","target":["https:\/\/balticoverlanders.eu\/et\/toode\/wild-land-wild-cruiser-pro-250-katusetelk\/"]}]},{"@type":"ImageObject","inLanguage":"et","@id":"https:\/\/balticoverlanders.eu\/et\/toode\/wild-land-wild-cruiser-pro-250-katusetelk\/#primaryimage","url":"https:\/\/balticoverlanders.eu\/wp-content\/uploads\/2024\/05\/namiot-dachowy-Wild-Cruiser-PRO-250-rozlozony-na-Wranglerze-widok-z-tylu-auta.jpg","contentUrl":"https:\/\/balticoverlanders.eu\/wp-content\/uploads\/2024\/05\/namiot-dachowy-Wild-Cruiser-PRO-250-rozlozony-na-Wranglerze-widok-z-tylu-auta.jpg","width":1500,"height":1000},{"@type":"BreadcrumbList","@id":"https:\/\/balticoverlanders.eu\/et\/toode\/wild-land-wild-cruiser-pro-250-katusetelk\/#breadcrumb","itemListElement":[{"@type":"ListItem","position":1,"name":"Home","item":"https:\/\/balticoverlanders.eu\/et\/home\/"},{"@type":"ListItem","position":2,"name":"Kauplus","item":"https:\/\/balticoverlanders.eu\/et\/kauplus\/"},{"@type":"ListItem","position":3,"name":"Wild Land Wild Cruiser PRO 250 katusetelk"}]},{"@type":"WebSite","@id":"https:\/\/balticoverlanders.eu\/et\/#website","url":"https:\/\/balticoverlanders.eu\/et\/","name":"BALTIC OVERLANDERS","description":"Your one-stop shop in Latvia, Estonia, and Lithuania for all your car camping, rooftop tent and accessory needs.","publisher":{"@id":"https:\/\/balticoverlanders.eu\/et\/#organization"},"potentialAction":[{"@type":"SearchAction","target":{"@type":"EntryPoint","urlTemplate":"https:\/\/balticoverlanders.eu\/et\/?s={search_term_string}"},"query-input":{"@type":"PropertyValueSpecification","valueRequired":true,"valueName":"search_term_string"}}],"inLanguage":"et"},{"@type":"Organization","@id":"https:\/\/balticoverlanders.eu\/et\/#organization","name":"BALTIC OVERLANDERS","url":"https:\/\/balticoverlanders.eu\/et\/","logo":{"@type":"ImageObject","inLanguage":"et","@id":"https:\/\/balticoverlanders.eu\/et\/#\/schema\/logo\/image\/","url":"https:\/\/balticoverlanders.eu\/wp-content\/uploads\/2023\/04\/BALTIC-OVERLANDERS-LOGO.jpg","contentUrl":"https:\/\/balticoverlanders.eu\/wp-content\/uploads\/2023\/04\/BALTIC-OVERLANDERS-LOGO.jpg","width":1497,"height":310,"caption":"BALTIC OVERLANDERS"},"image":{"@id":"https:\/\/balticoverlanders.eu\/et\/#\/schema\/logo\/image\/"},"sameAs":["https:\/\/www.instagram.com\/balticoverlanders\/"]}]}},"_links":{"self":[{"href":"https:\/\/balticoverlanders.eu\/et\/wp-json\/wp\/v2\/product\/42839","targetHints":{"allow":["GET"]}}],"collection":[{"href":"https:\/\/balticoverlanders.eu\/et\/wp-json\/wp\/v2\/product"}],"about":[{"href":"https:\/\/balticoverlanders.eu\/et\/wp-json\/wp\/v2\/types\/product"}],"wp:featuredmedia":[{"embeddable":true,"href":"https:\/\/balticoverlanders.eu\/et\/wp-json\/wp\/v2\/media\/42408"}],"wp:attachment":[{"href":"https:\/\/balticoverlanders.eu\/et\/wp-json\/wp\/v2\/media?parent=42839"}],"wp:term":[{"taxonomy":"product_brand","embeddable":true,"href":"https:\/\/balticoverlanders.eu\/et\/wp-json\/wp\/v2\/product_brand?post=42839"},{"taxonomy":"product_cat","embeddable":true,"href":"https:\/\/balticoverlanders.eu\/et\/wp-json\/wp\/v2\/product_cat?post=42839"},{"taxonomy":"product_tag","embeddable":true,"href":"https:\/\/balticoverlanders.eu\/et\/wp-json\/wp\/v2\/product_tag?post=42839"}],"curies":[{"name":"wp","href":"https:\/\/api.w.org\/{rel}","templated":true}]}}