{"id":42845,"date":"2024-05-18T10:44:57","date_gmt":"2024-05-18T07:44:57","guid":{"rendered":"https:\/\/balticoverlanders.eu\/product\/wild-land-voyager-pro-140-katusetelk\/"},"modified":"2024-05-20T15:40:13","modified_gmt":"2024-05-20T12:40:13","slug":"wild-land-voyager-pro-140-katusetelk","status":"publish","type":"product","link":"https:\/\/balticoverlanders.eu\/et\/toode\/wild-land-voyager-pro-140-katusetelk\/","title":{"rendered":"Wild Land Voyager PRO 140 katusetelk"},"content":{"rendered":"<div class=\"flex flex-grow flex-col max-w-full\">\n<div class=\"min-h-[20px] text-message flex flex-col items-start whitespace-pre-wrap break-words [.text-message+&amp;]:mt-5 juice:w-full juice:items-end overflow-x-auto gap-2\" dir=\"auto\" data-message-author-role=\"assistant\" data-message-id=\"d6398d34-9458-4e61-8ae8-e520b81841d5\">\n<div class=\"flex w-full flex-col gap-1 juice:empty:hidden juice:first:pt-[3px]\">\n<div class=\"markdown prose w-full break-words dark:prose-invert dark\">\n<h3>Voyager PRO 140 katusetelk: Telkimine: Teie \u00fclimuslik matkakaaslane<\/h3>\n<h4>\u00dclevaade<\/h4>\n<p>Tutvustame Voyager PRO 140 katusetent, mis on t\u00e4iuslik segu mugavusest, vastupidavusest ja mugavusest. See kahe inimese jaoks m\u00f5eldud uuenduslik telk on kokkupanduna kompaktne, kuid p\u00fcstitatuna ruumikas ja mugav. See sobib ideaalselt igale autole, sealhulgas v\u00e4ikestele autodele ja Euroopa pick-upidele, ning on teie lahendus aastaringseteks reisiseiklusteks.<\/p>\n<h4>Peamised omadused<\/h4>\n<ul>\n<li><strong>Kompaktne ja ruumikas disain<\/strong>: Magamispind on 230&#215;132 cm. Kokkuvolditud kujul on selle m\u00f5\u00f5tmed vaid 147&#215;126 cm ja k\u00f5rgus vaid 29 cm.<\/li>\n<li><strong>Vastupidav konstruktsioon<\/strong>: Valmistatud t\u00e4ielikult alumiiniumist, sealhulgas \u00fclemine osa ja struktuur. Kaanel on T-pesad tarvikute paigaldamiseks.<\/li>\n<li><strong>Ilmastikukindel<\/strong>: WL-tech materjalist, veekindel kuni PU 12000mm. Tagab pimeduse sees katkematu une tagamiseks isegi varajase p\u00e4ikeset\u00f5usu ajal.<\/li>\n<li><strong>3-kihilised aknad<\/strong>: M\u00f5lemal k\u00fcljel on 3-kihilised aknad (p\u00f5hitelgi, s\u00e4\u00e4sev\u00f5rk ja l\u00e4bipaistev materjal), mis tagavad optimaalse mugavuse iga ilmaga.<\/li>\n<li><strong>Kiire seadistamine<\/strong>: Kokkupandav ja kokkuvolditav v\u00e4hem kui minutiga paari lihtsa liigutusega. Ei ole vaja lisaklambreid ega aknakatteid.<\/li>\n<\/ul>\n<h4>Mugavus ja mugavus<\/h4>\n<ul>\n<li><strong>LED-valgustus<\/strong>: sisaldab reguleeritava valgustugevusega LED-riba ja USB-v\u00e4ljundit mis tahes energiapanga \u00fchendamiseks.<\/li>\n<li><strong>Hoiutaskud<\/strong>: Erinevad taskud telgi sees k\u00e4ep\u00e4raste esemete hoidmiseks.<\/li>\n<li><strong>Mugav madrats<\/strong>: 5 cm paksune madrats eemaldatava, pestava kattega. Koosneb \u00fchest elemendist, mis tagab suurema mugavuse.<\/li>\n<li><strong>Ventilatsioon<\/strong>: Piisav \u00f5huringlus koos ventilatsiooniavadega ees ja taga, et v\u00e4ltida kondenseerumist.<\/li>\n<li><strong>Isoleeritud peakatte<\/strong>: Hoiab telgi sees mugava temperatuuri, v\u00e4hendades kondensatsiooni.<\/li>\n<\/ul>\n<h4>T\u00e4iendavad omadused<\/h4>\n<ul>\n<li><strong>Alumiiniumist teleskoopredel<\/strong>: Telgi sees v\u00f5i autos hoiustatav.<\/li>\n<li><strong>Eemaldatavad elemendid<\/strong>: Telgi iga osa on t\u00e4ielikult eemaldatav, et seda oleks lihtne puhastada ja hooldada.<\/li>\n<li><strong>Garantiij\u00e4rgne teenindus<\/strong>: Isegi p\u00e4rast 2-aastast garantiiperioodi v\u00f5ite toetuda garantiij\u00e4rgsele teenindusele, kus on kergesti k\u00e4ttesaadavad varuosad.<\/li>\n<\/ul>\n<h4>Miks valida Voyager PRO 140?<\/h4>\n<p>Voyager PRO 140 katusealuse telgiga saate nautida loodust nagu kunagi varem. Selle tugev konstruktsioon, kiire seadistus ja k\u00f5ikv\u00f5imalikud ilmastikuolud teevad sellest \u00fclima kaaslase mis tahes seikluseks. Voyager PRO 140 tagab mugava ja muretu kogemuse nii suvisel telkimisel kui ka lumistel maastikel, olenemata sellest, kas te matkate suvel v\u00f5i uurite lumistel maastikel.<\/p>\n<p>V\u00f5ta vastu seiklusvaimu Voyager PRO 140 katusealuse telgiga &#8211; kus mugavus ja vastupidavus kohtuvad ning iga reis muutub meeldej\u00e4\u00e4vaks.<\/p>\n<\/div>\n<\/div>\n<\/div>\n<\/div>\n<div class=\"mt-1 flex gap-3 empty:hidden juice:-ml-3\">\n<div class=\"items-center justify-start rounded-xl p-1 flex\">\n<div class=\"flex items-center\">\n<p>&nbsp;<\/p>\n<div class=\"flex\"><\/div>\n<div class=\"flex items-center pb-0.5 juice:pb-0\"><\/div>\n<\/div>\n<\/div>\n<\/div>\n","protected":false},"excerpt":{"rendered":"<p>Sobib ideaalselt igale autole, isegi v\u00e4ikesele. 2 inimesele, kokkupanduna kompaktne ning seestpoolt ruumikas ja mugav. Suletud k\u00f5rge vaid 25 cm ja 28 cm alumiiniumprofiiliga allpool, pehme krae parema telgi ventilatsiooni jaoks, kui see on suletud, PRO seeria on m\u00f5eldud aastaringseks reisimiseks, t\u00e4ielik flysheet on valmistatud WL-tech materjalist, veekindel kuni PU 12000mm, 3-kihilised aknad m\u00f5lemal pool telki, 360\u00b0panoraamvaade, Komplektis: teleskoopredel kuni 230 cm pikkune, asjad, kingataskud, LED valgus sees, 2 lisajala telgi toetamiseks ja tasandamiseks, paigalduskomplekt koos juhendiga.<\/p>\n","protected":false},"featured_media":51206,"template":"","meta":[],"product_brand":[],"product_cat":[211,487],"product_tag":[],"class_list":{"0":"post-42845","1":"product","2":"type-product","3":"status-publish","4":"has-post-thumbnail","6":"product_cat-katusetelgid","7":"product_cat-metsik-maa","9":"first","10":"onbackorder","11":"taxable","12":"shipping-taxable","13":"purchasable","14":"product-type-simple"},"yoast_head":"<!-- This site is optimized with the Yoast SEO plugin v27.3 - https:\/\/yoast.com\/product\/yoast-seo-wordpress\/ -->\n<title>Wild Land Voyager PRO 140 katusetelk - BALTIC OVERLANDERS<\/title>\n<meta name=\"description\" content=\"Kompaktne ja ruumikas telk sobib ideaalselt v\u00e4ikestele autodele. Ideaalne kahele inimesele. Aastaringselt kasutatav, veekindel WL-tehnoloogiline materjal, 360\u00b0 panoraamvaade, sisaldab teleskoopredelit ja LED-valgustit.\" \/>\n<meta name=\"robots\" content=\"index, follow, max-snippet:-1, max-image-preview:large, max-video-preview:-1\" \/>\n<link rel=\"canonical\" href=\"https:\/\/balticoverlanders.eu\/et\/toode\/wild-land-voyager-pro-140-katusetelk\/\" \/>\n<meta property=\"og:locale\" content=\"et_EE\" \/>\n<meta property=\"og:type\" content=\"article\" \/>\n<meta property=\"og:title\" content=\"Wild Land Voyager PRO 140 katusetelk - BALTIC OVERLANDERS\" \/>\n<meta property=\"og:description\" content=\"Kompaktne ja ruumikas telk sobib ideaalselt v\u00e4ikestele autodele. Ideaalne kahele inimesele. Aastaringselt kasutatav, veekindel WL-tehnoloogiline materjal, 360\u00b0 panoraamvaade, sisaldab teleskoopredelit ja LED-valgustit.\" \/>\n<meta property=\"og:url\" content=\"https:\/\/balticoverlanders.eu\/et\/toode\/wild-land-voyager-pro-140-katusetelk\/\" \/>\n<meta property=\"og:site_name\" content=\"BALTIC OVERLANDERS\" \/>\n<meta property=\"article:modified_time\" content=\"2024-05-20T12:40:13+00:00\" \/>\n<meta property=\"og:image\" content=\"https:\/\/balticoverlanders.eu\/wp-content\/uploads\/2024\/05\/Screenshot-2024-05-18-130913.png\" \/>\n\t<meta property=\"og:image:width\" content=\"599\" \/>\n\t<meta property=\"og:image:height\" content=\"481\" \/>\n\t<meta property=\"og:image:type\" content=\"image\/png\" \/>\n<meta name=\"twitter:card\" content=\"summary_large_image\" \/>\n<meta name=\"twitter:label1\" content=\"Est. reading time\" \/>\n\t<meta name=\"twitter:data1\" content=\"2 minutit\" \/>\n<script type=\"application\/ld+json\" class=\"yoast-schema-graph\">{\"@context\":\"https:\\\/\\\/schema.org\",\"@graph\":[{\"@type\":\"WebPage\",\"@id\":\"https:\\\/\\\/balticoverlanders.eu\\\/et\\\/toode\\\/wild-land-voyager-pro-140-katusetelk\\\/\",\"url\":\"https:\\\/\\\/balticoverlanders.eu\\\/et\\\/toode\\\/wild-land-voyager-pro-140-katusetelk\\\/\",\"name\":\"Wild Land Voyager PRO 140 katusetelk - BALTIC OVERLANDERS\",\"isPartOf\":{\"@id\":\"https:\\\/\\\/balticoverlanders.eu\\\/et\\\/#website\"},\"primaryImageOfPage\":{\"@id\":\"https:\\\/\\\/balticoverlanders.eu\\\/et\\\/toode\\\/wild-land-voyager-pro-140-katusetelk\\\/#primaryimage\"},\"image\":{\"@id\":\"https:\\\/\\\/balticoverlanders.eu\\\/et\\\/toode\\\/wild-land-voyager-pro-140-katusetelk\\\/#primaryimage\"},\"thumbnailUrl\":\"https:\\\/\\\/balticoverlanders.eu\\\/wp-content\\\/uploads\\\/2024\\\/05\\\/innovative-tent-for-car-outdoor.jpeg\",\"datePublished\":\"2024-05-18T07:44:57+00:00\",\"dateModified\":\"2024-05-20T12:40:13+00:00\",\"description\":\"Kompaktne ja ruumikas telk sobib ideaalselt v\u00e4ikestele autodele. Ideaalne kahele inimesele. Aastaringselt kasutatav, veekindel WL-tehnoloogiline materjal, 360\u00b0 panoraamvaade, sisaldab teleskoopredelit ja LED-valgustit.\",\"breadcrumb\":{\"@id\":\"https:\\\/\\\/balticoverlanders.eu\\\/et\\\/toode\\\/wild-land-voyager-pro-140-katusetelk\\\/#breadcrumb\"},\"inLanguage\":\"et\",\"potentialAction\":[{\"@type\":\"ReadAction\",\"target\":[\"https:\\\/\\\/balticoverlanders.eu\\\/et\\\/toode\\\/wild-land-voyager-pro-140-katusetelk\\\/\"]}]},{\"@type\":\"ImageObject\",\"inLanguage\":\"et\",\"@id\":\"https:\\\/\\\/balticoverlanders.eu\\\/et\\\/toode\\\/wild-land-voyager-pro-140-katusetelk\\\/#primaryimage\",\"url\":\"https:\\\/\\\/balticoverlanders.eu\\\/wp-content\\\/uploads\\\/2024\\\/05\\\/innovative-tent-for-car-outdoor.jpeg\",\"contentUrl\":\"https:\\\/\\\/balticoverlanders.eu\\\/wp-content\\\/uploads\\\/2024\\\/05\\\/innovative-tent-for-car-outdoor.jpeg\",\"width\":1180,\"height\":722},{\"@type\":\"BreadcrumbList\",\"@id\":\"https:\\\/\\\/balticoverlanders.eu\\\/et\\\/toode\\\/wild-land-voyager-pro-140-katusetelk\\\/#breadcrumb\",\"itemListElement\":[{\"@type\":\"ListItem\",\"position\":1,\"name\":\"Home\",\"item\":\"https:\\\/\\\/balticoverlanders.eu\\\/et\\\/home\\\/\"},{\"@type\":\"ListItem\",\"position\":2,\"name\":\"Kauplus\",\"item\":\"https:\\\/\\\/balticoverlanders.eu\\\/et\\\/kauplus\\\/\"},{\"@type\":\"ListItem\",\"position\":3,\"name\":\"Wild Land Voyager PRO 140 katusetelk\"}]},{\"@type\":\"WebSite\",\"@id\":\"https:\\\/\\\/balticoverlanders.eu\\\/et\\\/#website\",\"url\":\"https:\\\/\\\/balticoverlanders.eu\\\/et\\\/\",\"name\":\"BALTIC OVERLANDERS\",\"description\":\"Your one-stop shop in Latvia, Estonia, and Lithuania for all your car camping, rooftop tent and accessory needs.\",\"publisher\":{\"@id\":\"https:\\\/\\\/balticoverlanders.eu\\\/et\\\/#organization\"},\"potentialAction\":[{\"@type\":\"SearchAction\",\"target\":{\"@type\":\"EntryPoint\",\"urlTemplate\":\"https:\\\/\\\/balticoverlanders.eu\\\/et\\\/?s={search_term_string}\"},\"query-input\":{\"@type\":\"PropertyValueSpecification\",\"valueRequired\":true,\"valueName\":\"search_term_string\"}}],\"inLanguage\":\"et\"},{\"@type\":\"Organization\",\"@id\":\"https:\\\/\\\/balticoverlanders.eu\\\/et\\\/#organization\",\"name\":\"BALTIC OVERLANDERS\",\"url\":\"https:\\\/\\\/balticoverlanders.eu\\\/et\\\/\",\"logo\":{\"@type\":\"ImageObject\",\"inLanguage\":\"et\",\"@id\":\"https:\\\/\\\/balticoverlanders.eu\\\/et\\\/#\\\/schema\\\/logo\\\/image\\\/\",\"url\":\"https:\\\/\\\/balticoverlanders.eu\\\/wp-content\\\/uploads\\\/2023\\\/04\\\/BALTIC-OVERLANDERS-LOGO.jpg\",\"contentUrl\":\"https:\\\/\\\/balticoverlanders.eu\\\/wp-content\\\/uploads\\\/2023\\\/04\\\/BALTIC-OVERLANDERS-LOGO.jpg\",\"width\":1497,\"height\":310,\"caption\":\"BALTIC OVERLANDERS\"},\"image\":{\"@id\":\"https:\\\/\\\/balticoverlanders.eu\\\/et\\\/#\\\/schema\\\/logo\\\/image\\\/\"},\"sameAs\":[\"https:\\\/\\\/www.instagram.com\\\/balticoverlanders\\\/\"]}]}<\/script>\n<!-- \/ Yoast SEO plugin. -->","yoast_head_json":{"title":"Wild Land Voyager PRO 140 katusetelk - BALTIC OVERLANDERS","description":"Kompaktne ja ruumikas telk sobib ideaalselt v\u00e4ikestele autodele. Ideaalne kahele inimesele. Aastaringselt kasutatav, veekindel WL-tehnoloogiline materjal, 360\u00b0 panoraamvaade, sisaldab teleskoopredelit ja LED-valgustit.","robots":{"index":"index","follow":"follow","max-snippet":"max-snippet:-1","max-image-preview":"max-image-preview:large","max-video-preview":"max-video-preview:-1"},"canonical":"https:\/\/balticoverlanders.eu\/et\/toode\/wild-land-voyager-pro-140-katusetelk\/","og_locale":"et_EE","og_type":"article","og_title":"Wild Land Voyager PRO 140 katusetelk - BALTIC OVERLANDERS","og_description":"Kompaktne ja ruumikas telk sobib ideaalselt v\u00e4ikestele autodele. Ideaalne kahele inimesele. Aastaringselt kasutatav, veekindel WL-tehnoloogiline materjal, 360\u00b0 panoraamvaade, sisaldab teleskoopredelit ja LED-valgustit.","og_url":"https:\/\/balticoverlanders.eu\/et\/toode\/wild-land-voyager-pro-140-katusetelk\/","og_site_name":"BALTIC OVERLANDERS","article_modified_time":"2024-05-20T12:40:13+00:00","og_image":[{"width":599,"height":481,"url":"https:\/\/balticoverlanders.eu\/wp-content\/uploads\/2024\/05\/Screenshot-2024-05-18-130913.png","type":"image\/png"}],"twitter_card":"summary_large_image","twitter_misc":{"Est. reading time":"2 minutit"},"schema":{"@context":"https:\/\/schema.org","@graph":[{"@type":"WebPage","@id":"https:\/\/balticoverlanders.eu\/et\/toode\/wild-land-voyager-pro-140-katusetelk\/","url":"https:\/\/balticoverlanders.eu\/et\/toode\/wild-land-voyager-pro-140-katusetelk\/","name":"Wild Land Voyager PRO 140 katusetelk - BALTIC OVERLANDERS","isPartOf":{"@id":"https:\/\/balticoverlanders.eu\/et\/#website"},"primaryImageOfPage":{"@id":"https:\/\/balticoverlanders.eu\/et\/toode\/wild-land-voyager-pro-140-katusetelk\/#primaryimage"},"image":{"@id":"https:\/\/balticoverlanders.eu\/et\/toode\/wild-land-voyager-pro-140-katusetelk\/#primaryimage"},"thumbnailUrl":"https:\/\/balticoverlanders.eu\/wp-content\/uploads\/2024\/05\/innovative-tent-for-car-outdoor.jpeg","datePublished":"2024-05-18T07:44:57+00:00","dateModified":"2024-05-20T12:40:13+00:00","description":"Kompaktne ja ruumikas telk sobib ideaalselt v\u00e4ikestele autodele. Ideaalne kahele inimesele. Aastaringselt kasutatav, veekindel WL-tehnoloogiline materjal, 360\u00b0 panoraamvaade, sisaldab teleskoopredelit ja LED-valgustit.","breadcrumb":{"@id":"https:\/\/balticoverlanders.eu\/et\/toode\/wild-land-voyager-pro-140-katusetelk\/#breadcrumb"},"inLanguage":"et","potentialAction":[{"@type":"ReadAction","target":["https:\/\/balticoverlanders.eu\/et\/toode\/wild-land-voyager-pro-140-katusetelk\/"]}]},{"@type":"ImageObject","inLanguage":"et","@id":"https:\/\/balticoverlanders.eu\/et\/toode\/wild-land-voyager-pro-140-katusetelk\/#primaryimage","url":"https:\/\/balticoverlanders.eu\/wp-content\/uploads\/2024\/05\/innovative-tent-for-car-outdoor.jpeg","contentUrl":"https:\/\/balticoverlanders.eu\/wp-content\/uploads\/2024\/05\/innovative-tent-for-car-outdoor.jpeg","width":1180,"height":722},{"@type":"BreadcrumbList","@id":"https:\/\/balticoverlanders.eu\/et\/toode\/wild-land-voyager-pro-140-katusetelk\/#breadcrumb","itemListElement":[{"@type":"ListItem","position":1,"name":"Home","item":"https:\/\/balticoverlanders.eu\/et\/home\/"},{"@type":"ListItem","position":2,"name":"Kauplus","item":"https:\/\/balticoverlanders.eu\/et\/kauplus\/"},{"@type":"ListItem","position":3,"name":"Wild Land Voyager PRO 140 katusetelk"}]},{"@type":"WebSite","@id":"https:\/\/balticoverlanders.eu\/et\/#website","url":"https:\/\/balticoverlanders.eu\/et\/","name":"BALTIC OVERLANDERS","description":"Your one-stop shop in Latvia, Estonia, and Lithuania for all your car camping, rooftop tent and accessory needs.","publisher":{"@id":"https:\/\/balticoverlanders.eu\/et\/#organization"},"potentialAction":[{"@type":"SearchAction","target":{"@type":"EntryPoint","urlTemplate":"https:\/\/balticoverlanders.eu\/et\/?s={search_term_string}"},"query-input":{"@type":"PropertyValueSpecification","valueRequired":true,"valueName":"search_term_string"}}],"inLanguage":"et"},{"@type":"Organization","@id":"https:\/\/balticoverlanders.eu\/et\/#organization","name":"BALTIC OVERLANDERS","url":"https:\/\/balticoverlanders.eu\/et\/","logo":{"@type":"ImageObject","inLanguage":"et","@id":"https:\/\/balticoverlanders.eu\/et\/#\/schema\/logo\/image\/","url":"https:\/\/balticoverlanders.eu\/wp-content\/uploads\/2023\/04\/BALTIC-OVERLANDERS-LOGO.jpg","contentUrl":"https:\/\/balticoverlanders.eu\/wp-content\/uploads\/2023\/04\/BALTIC-OVERLANDERS-LOGO.jpg","width":1497,"height":310,"caption":"BALTIC OVERLANDERS"},"image":{"@id":"https:\/\/balticoverlanders.eu\/et\/#\/schema\/logo\/image\/"},"sameAs":["https:\/\/www.instagram.com\/balticoverlanders\/"]}]}},"_links":{"self":[{"href":"https:\/\/balticoverlanders.eu\/et\/wp-json\/wp\/v2\/product\/42845","targetHints":{"allow":["GET"]}}],"collection":[{"href":"https:\/\/balticoverlanders.eu\/et\/wp-json\/wp\/v2\/product"}],"about":[{"href":"https:\/\/balticoverlanders.eu\/et\/wp-json\/wp\/v2\/types\/product"}],"wp:featuredmedia":[{"embeddable":true,"href":"https:\/\/balticoverlanders.eu\/et\/wp-json\/wp\/v2\/media\/51206"}],"wp:attachment":[{"href":"https:\/\/balticoverlanders.eu\/et\/wp-json\/wp\/v2\/media?parent=42845"}],"wp:term":[{"taxonomy":"product_brand","embeddable":true,"href":"https:\/\/balticoverlanders.eu\/et\/wp-json\/wp\/v2\/product_brand?post=42845"},{"taxonomy":"product_cat","embeddable":true,"href":"https:\/\/balticoverlanders.eu\/et\/wp-json\/wp\/v2\/product_cat?post=42845"},{"taxonomy":"product_tag","embeddable":true,"href":"https:\/\/balticoverlanders.eu\/et\/wp-json\/wp\/v2\/product_tag?post=42845"}],"curies":[{"name":"wp","href":"https:\/\/api.w.org\/{rel}","templated":true}]}}