{"id":42858,"date":"2024-05-18T11:17:22","date_gmt":"2024-05-18T08:17:22","guid":{"rendered":"https:\/\/balticoverlanders.eu\/product\/wild-land-voyager-pro-230-katusetelk\/"},"modified":"2024-05-20T15:40:22","modified_gmt":"2024-05-20T12:40:22","slug":"wild-land-voyager-pro-230-katusetelk","status":"publish","type":"product","link":"https:\/\/balticoverlanders.eu\/et\/toode\/wild-land-voyager-pro-230-katusetelk\/","title":{"rendered":"Wild Land Voyager PRO 230 katusetelk"},"content":{"rendered":"<h2>Voyager PRO 230 katusetelk: Teie \u00fclim pere telkimiskaaslane<\/h2>\n<h3>\u00dclevaade<\/h3>\n<p>Tutvustame Voyager PRO 230 katusetelki, mis on uskumatult ruumikas ja mugav katusetelk, mis on m\u00f5eldud peredele ja aastaringseks reisimiseks. Tugeva alumiiniumist korpusega telk on ehitatud nii, et see peab vastu mis tahes ilmastikutingimustele, tagades hubase puhkekoha, \u00fcksk\u00f5ik kuhu teie seiklused teid ka ei viiks.<\/p>\n<h3>Peamised omadused<\/h3>\n<h4><strong>Ruumikas ja kompaktne disain<\/strong><\/h4>\n<ul>\n<li><strong>Magamisala<\/strong>: 230&#215;200 cm, mis pakub piisavalt ruumi kogu perele.<\/li>\n<li><strong>Kokkuvolditud m\u00f5\u00f5tmed<\/strong>: Kokkuvolditud kujul on telk vaid 29 cm k\u00f5rge, mist\u00f5ttu on see kergem kui tavaline katusekast ja sobib ideaalselt nii suurtele s\u00f5idukitele kui ka pereautodele.<\/li>\n<li><strong>Kaal<\/strong>: Vaatamata suurele magamispinnale kaalub telk vaid 66 kg, mis tagab lihtsa transpordi ja paigaldamise.<\/li>\n<\/ul>\n<h4><strong>Vastupidav konstruktsioon<\/strong><\/h4>\n<ul>\n<li><strong>Materjalid<\/strong>: WL-tech materjalist, mis pakub 12000 mm PU veekindlust. See on v\u00e4ga h\u00e4sti hingav, vastupidav kahjustustele ja deformatsioonile ning tagab pimeduse telgis, et magada katkematult.<\/li>\n<li><strong>3-kihilised aknad<\/strong>: Varustatud p\u00f5hitelkmaterjaliga, s\u00e4\u00e4sev\u00f5rguga ja l\u00e4bipaistvate kihtidega, mis tagavad mugavuse iga ilmaga, sealhulgas tugeva tuule, tugeva vihma ja lume korral.<\/li>\n<\/ul>\n<h4><strong>Ilmastikukindel<\/strong><\/h4>\n<ul>\n<li><strong>T\u00e4ielik troopika<\/strong>: Telgi konstruktsioon sisaldab t\u00e4istroopikat, mis pakub t\u00e4iendavat ilmastikukaitset, tagades mugavuse ka ebasoodsates tingimustes.<\/li>\n<li><strong>Isoleeritud peakatte<\/strong>: Telgi \u00fclemine osa on valmistatud isoleeritud materjalist, mis takistab liigset kuumenemist kuumadel p\u00e4evadel ja s\u00e4ilitab soojuse jahedamal temperatuuril. Selline konstruktsioon v\u00e4hendab ka kondenseerumist, v\u00e4hendades temperatuurierinevusi.<\/li>\n<\/ul>\n<h3>Mugavus ja mugavus<\/h3>\n<h4><strong>Kiire seadistamine<\/strong><\/h4>\n<ul>\n<li><strong>Kasutamise lihtsus<\/strong>: Lihtsate liigutustega avaneb ja klapib v\u00e4hem kui minutiga, v\u00e4listades vajaduse t\u00e4iendavate n\u00f6\u00f6pide v\u00f5i aknakatete j\u00e4rele.<\/li>\n<\/ul>\n<h4><strong>Siseomadused<\/strong><\/h4>\n<ul>\n<li><strong>Panoraamaknad<\/strong>: Naudi hingematvaid vaateid telgi igast k\u00fcljest, aknad ja sissep\u00e4\u00e4sud on varustatud s\u00e4\u00e4sev\u00f5rkudega, mis hoiavad putukad eemal.<\/li>\n<li><strong>Hoiutaskud<\/strong>: Erineva suurusega taskud telgi sees, et hoida k\u00e4ep\u00e4raseid esemeid, tagades, et k\u00f5ik on k\u00e4eulatuses.<\/li>\n<li><strong>LED-valgustus<\/strong>: USB-v\u00e4ljundiga paindlik LED-riba, mis tagab mugava valgustuse telgi sees.<\/li>\n<\/ul>\n<h4><strong>Mugav madrats<\/strong><\/h4>\n<ul>\n<li><strong>Disain<\/strong>: 5 cm paksune madrats on \u00fcks eraldamatu element, mis pakub mugavust ja stabiilsust ilma liigeste nihkumise h\u00e4irimiseta. Kate on valmistatud materjalist, mis on meeldiva puudutusega.<\/li>\n<\/ul>\n<h4><strong>Ventilatsioon<\/strong><\/h4>\n<ul>\n<li><strong>\u00d5huringlus<\/strong>: T\u00e4iendavad ventilatsiooniavad takistavad auru kondenseerumist isegi suurte temperatuurierinevuste korral.<\/li>\n<\/ul>\n<h3>T\u00e4iendavad omadused<\/h3>\n<h4><strong>Alumiiniumist teleskoopredel<\/strong><\/h4>\n<ul>\n<li><strong>Disain<\/strong>: Must alumiiniumist teleskoopredel, mis on eemaldatav ja mida saab p\u00e4rast kokkupanemist telgis v\u00f5i autos hoiustada.<\/li>\n<\/ul>\n<h4><strong>Eemaldatavad elemendid<\/strong><\/h4>\n<ul>\n<li><strong>Hooldus<\/strong>: Telgi iga osa on t\u00e4ielikult eemaldatav, et seda oleks lihtne puhastada ja hooldada. Madratsikatet saab pesta ja materjali saab pikaealisuse tagamiseks uuesti immutada.<\/li>\n<\/ul>\n<h3>Garantiij\u00e4rgne teenindus<\/h3>\n<ul>\n<li><strong>Toetus<\/strong>: Isegi p\u00e4rast 2-aastast garantiiperioodi v\u00f5ite toetuda garantiij\u00e4rgsele teenindusele, kus on kergesti k\u00e4ttesaadavad varuosad, mis tagab, et teie telk j\u00e4\u00e4b parimasse seisukorda.<\/li>\n<\/ul>\n<h3>Miks valida Voyager PRO 230?<\/h3>\n<p>Voyager PRO 230 katusealuse telgiga saate nautida v\u00f5rratut mugavust, vastupidavust ja kasutusmugavust. Selle tugev konstruktsioon, kiire seadistamine ja k\u00f5ikv\u00f5imalikud ilmastikuolud teevad sellest \u00fclima kaaslase pere seiklusteks. Voyager PRO 230 tagab kogu perele mugava ja probleemivaba matkaelamuse nii suvel kui ka lumistel maastikel, olenemata sellest, kas telkimine toimub suvel v\u00f5i lumisel maastikul.<\/p>\n<p>Hinga seiklusvaimu Voyager PRO 230 katusetendiga &#8211; siin kohtuvad avar mugavus ja vastupidavus, muutes iga reisi unustamatuks.<\/p>\n","protected":false},"excerpt":{"rendered":"<p>Uskumatult avar ja mugav peretelk. Suletud k\u00f5rge vaid 25 cm ja 28 cm alumiiniumprofiiliga allpool, pehme krae parema telgi ventilatsiooni jaoks, kui see on suletud, PRO seeria on m\u00f5eldud aastaringseks reisimiseks, t\u00e4isplaat on valmistatud WL-tech materjalist, veekindel kuni PU 12000mm, 3-kihilised aknad telgi m\u00f5lemal k\u00fcljel, 360\u00b0panoraamvaade, Komplektis: teleskoopredel kuni 230 cm pikkune, madrats, jalatsitaskud, LED-valgustus sees, 2 lisajala telgi toetamiseks ja tasandamiseks, paigalduskomplekt koos juhendiga&#8221;<\/p>\n","protected":false},"featured_media":51163,"template":"","meta":[],"product_brand":[],"product_cat":[211,487],"product_tag":[],"class_list":{"0":"post-42858","1":"product","2":"type-product","3":"status-publish","4":"has-post-thumbnail","6":"product_cat-katusetelgid","7":"product_cat-metsik-maa","9":"first","10":"onbackorder","11":"taxable","12":"shipping-taxable","13":"purchasable","14":"product-type-simple"},"yoast_head":"<!-- This site is optimized with the Yoast SEO plugin v27.3 - https:\/\/yoast.com\/product\/yoast-seo-wordpress\/ -->\n<title>Wild Land Voyager PRO 230 katusetelk - BALTIC OVERLANDERS<\/title>\n<meta name=\"description\" content=\"Avastage meie ruumikas peretelk: 360\u00b0 panoraamvaade, veekindel, aastaringselt kasutatav, teleskoopredel, LED-valgustus, madrats ja palju muud. Sobib ideaalselt teie j\u00e4rgmiseks seikluseks.\" \/>\n<meta name=\"robots\" content=\"index, follow, max-snippet:-1, max-image-preview:large, max-video-preview:-1\" \/>\n<link rel=\"canonical\" href=\"https:\/\/balticoverlanders.eu\/et\/toode\/wild-land-voyager-pro-230-katusetelk\/\" \/>\n<meta property=\"og:locale\" content=\"et_EE\" \/>\n<meta property=\"og:type\" content=\"article\" \/>\n<meta property=\"og:title\" content=\"Wild Land Voyager PRO 230 katusetelk - BALTIC OVERLANDERS\" \/>\n<meta property=\"og:description\" content=\"Avastage meie ruumikas peretelk: 360\u00b0 panoraamvaade, veekindel, aastaringselt kasutatav, teleskoopredel, LED-valgustus, madrats ja palju muud. Sobib ideaalselt teie j\u00e4rgmiseks seikluseks.\" \/>\n<meta property=\"og:url\" content=\"https:\/\/balticoverlanders.eu\/et\/toode\/wild-land-voyager-pro-230-katusetelk\/\" \/>\n<meta property=\"og:site_name\" content=\"BALTIC OVERLANDERS\" \/>\n<meta property=\"article:modified_time\" content=\"2024-05-20T12:40:22+00:00\" \/>\n<meta property=\"og:image\" content=\"https:\/\/balticoverlanders.eu\/wp-content\/uploads\/2024\/05\/WhatsApp-Image-2024-05-18-at-1.45.28-PM.jpeg\" \/>\n\t<meta property=\"og:image:width\" content=\"1500\" \/>\n\t<meta property=\"og:image:height\" content=\"1000\" \/>\n\t<meta property=\"og:image:type\" content=\"image\/jpeg\" \/>\n<meta name=\"twitter:card\" content=\"summary_large_image\" \/>\n<meta name=\"twitter:label1\" content=\"Est. reading time\" \/>\n\t<meta name=\"twitter:data1\" content=\"2 minutit\" \/>\n<script type=\"application\/ld+json\" class=\"yoast-schema-graph\">{\"@context\":\"https:\\\/\\\/schema.org\",\"@graph\":[{\"@type\":\"WebPage\",\"@id\":\"https:\\\/\\\/balticoverlanders.eu\\\/et\\\/toode\\\/wild-land-voyager-pro-230-katusetelk\\\/\",\"url\":\"https:\\\/\\\/balticoverlanders.eu\\\/et\\\/toode\\\/wild-land-voyager-pro-230-katusetelk\\\/\",\"name\":\"Wild Land Voyager PRO 230 katusetelk - BALTIC OVERLANDERS\",\"isPartOf\":{\"@id\":\"https:\\\/\\\/balticoverlanders.eu\\\/et\\\/#website\"},\"primaryImageOfPage\":{\"@id\":\"https:\\\/\\\/balticoverlanders.eu\\\/et\\\/toode\\\/wild-land-voyager-pro-230-katusetelk\\\/#primaryimage\"},\"image\":{\"@id\":\"https:\\\/\\\/balticoverlanders.eu\\\/et\\\/toode\\\/wild-land-voyager-pro-230-katusetelk\\\/#primaryimage\"},\"thumbnailUrl\":\"https:\\\/\\\/balticoverlanders.eu\\\/wp-content\\\/uploads\\\/2024\\\/05\\\/Wild-Land-Voyager-PRO-roof-top-tent_009-1-scaled.jpg\",\"datePublished\":\"2024-05-18T08:17:22+00:00\",\"dateModified\":\"2024-05-20T12:40:22+00:00\",\"description\":\"Avastage meie ruumikas peretelk: 360\u00b0 panoraamvaade, veekindel, aastaringselt kasutatav, teleskoopredel, LED-valgustus, madrats ja palju muud. Sobib ideaalselt teie j\u00e4rgmiseks seikluseks.\",\"breadcrumb\":{\"@id\":\"https:\\\/\\\/balticoverlanders.eu\\\/et\\\/toode\\\/wild-land-voyager-pro-230-katusetelk\\\/#breadcrumb\"},\"inLanguage\":\"et\",\"potentialAction\":[{\"@type\":\"ReadAction\",\"target\":[\"https:\\\/\\\/balticoverlanders.eu\\\/et\\\/toode\\\/wild-land-voyager-pro-230-katusetelk\\\/\"]}]},{\"@type\":\"ImageObject\",\"inLanguage\":\"et\",\"@id\":\"https:\\\/\\\/balticoverlanders.eu\\\/et\\\/toode\\\/wild-land-voyager-pro-230-katusetelk\\\/#primaryimage\",\"url\":\"https:\\\/\\\/balticoverlanders.eu\\\/wp-content\\\/uploads\\\/2024\\\/05\\\/Wild-Land-Voyager-PRO-roof-top-tent_009-1-scaled.jpg\",\"contentUrl\":\"https:\\\/\\\/balticoverlanders.eu\\\/wp-content\\\/uploads\\\/2024\\\/05\\\/Wild-Land-Voyager-PRO-roof-top-tent_009-1-scaled.jpg\",\"width\":2560,\"height\":1703},{\"@type\":\"BreadcrumbList\",\"@id\":\"https:\\\/\\\/balticoverlanders.eu\\\/et\\\/toode\\\/wild-land-voyager-pro-230-katusetelk\\\/#breadcrumb\",\"itemListElement\":[{\"@type\":\"ListItem\",\"position\":1,\"name\":\"Home\",\"item\":\"https:\\\/\\\/balticoverlanders.eu\\\/et\\\/home\\\/\"},{\"@type\":\"ListItem\",\"position\":2,\"name\":\"Kauplus\",\"item\":\"https:\\\/\\\/balticoverlanders.eu\\\/et\\\/kauplus\\\/\"},{\"@type\":\"ListItem\",\"position\":3,\"name\":\"Wild Land Voyager PRO 230 katusetelk\"}]},{\"@type\":\"WebSite\",\"@id\":\"https:\\\/\\\/balticoverlanders.eu\\\/et\\\/#website\",\"url\":\"https:\\\/\\\/balticoverlanders.eu\\\/et\\\/\",\"name\":\"BALTIC OVERLANDERS\",\"description\":\"Your one-stop shop in Latvia, Estonia, and Lithuania for all your car camping, rooftop tent and accessory needs.\",\"publisher\":{\"@id\":\"https:\\\/\\\/balticoverlanders.eu\\\/et\\\/#organization\"},\"potentialAction\":[{\"@type\":\"SearchAction\",\"target\":{\"@type\":\"EntryPoint\",\"urlTemplate\":\"https:\\\/\\\/balticoverlanders.eu\\\/et\\\/?s={search_term_string}\"},\"query-input\":{\"@type\":\"PropertyValueSpecification\",\"valueRequired\":true,\"valueName\":\"search_term_string\"}}],\"inLanguage\":\"et\"},{\"@type\":\"Organization\",\"@id\":\"https:\\\/\\\/balticoverlanders.eu\\\/et\\\/#organization\",\"name\":\"BALTIC OVERLANDERS\",\"url\":\"https:\\\/\\\/balticoverlanders.eu\\\/et\\\/\",\"logo\":{\"@type\":\"ImageObject\",\"inLanguage\":\"et\",\"@id\":\"https:\\\/\\\/balticoverlanders.eu\\\/et\\\/#\\\/schema\\\/logo\\\/image\\\/\",\"url\":\"https:\\\/\\\/balticoverlanders.eu\\\/wp-content\\\/uploads\\\/2023\\\/04\\\/BALTIC-OVERLANDERS-LOGO.jpg\",\"contentUrl\":\"https:\\\/\\\/balticoverlanders.eu\\\/wp-content\\\/uploads\\\/2023\\\/04\\\/BALTIC-OVERLANDERS-LOGO.jpg\",\"width\":1497,\"height\":310,\"caption\":\"BALTIC OVERLANDERS\"},\"image\":{\"@id\":\"https:\\\/\\\/balticoverlanders.eu\\\/et\\\/#\\\/schema\\\/logo\\\/image\\\/\"},\"sameAs\":[\"https:\\\/\\\/www.instagram.com\\\/balticoverlanders\\\/\"]}]}<\/script>\n<!-- \/ Yoast SEO plugin. -->","yoast_head_json":{"title":"Wild Land Voyager PRO 230 katusetelk - BALTIC OVERLANDERS","description":"Avastage meie ruumikas peretelk: 360\u00b0 panoraamvaade, veekindel, aastaringselt kasutatav, teleskoopredel, LED-valgustus, madrats ja palju muud. Sobib ideaalselt teie j\u00e4rgmiseks seikluseks.","robots":{"index":"index","follow":"follow","max-snippet":"max-snippet:-1","max-image-preview":"max-image-preview:large","max-video-preview":"max-video-preview:-1"},"canonical":"https:\/\/balticoverlanders.eu\/et\/toode\/wild-land-voyager-pro-230-katusetelk\/","og_locale":"et_EE","og_type":"article","og_title":"Wild Land Voyager PRO 230 katusetelk - BALTIC OVERLANDERS","og_description":"Avastage meie ruumikas peretelk: 360\u00b0 panoraamvaade, veekindel, aastaringselt kasutatav, teleskoopredel, LED-valgustus, madrats ja palju muud. Sobib ideaalselt teie j\u00e4rgmiseks seikluseks.","og_url":"https:\/\/balticoverlanders.eu\/et\/toode\/wild-land-voyager-pro-230-katusetelk\/","og_site_name":"BALTIC OVERLANDERS","article_modified_time":"2024-05-20T12:40:22+00:00","og_image":[{"width":1500,"height":1000,"url":"https:\/\/balticoverlanders.eu\/wp-content\/uploads\/2024\/05\/WhatsApp-Image-2024-05-18-at-1.45.28-PM.jpeg","type":"image\/jpeg"}],"twitter_card":"summary_large_image","twitter_misc":{"Est. reading time":"2 minutit"},"schema":{"@context":"https:\/\/schema.org","@graph":[{"@type":"WebPage","@id":"https:\/\/balticoverlanders.eu\/et\/toode\/wild-land-voyager-pro-230-katusetelk\/","url":"https:\/\/balticoverlanders.eu\/et\/toode\/wild-land-voyager-pro-230-katusetelk\/","name":"Wild Land Voyager PRO 230 katusetelk - BALTIC OVERLANDERS","isPartOf":{"@id":"https:\/\/balticoverlanders.eu\/et\/#website"},"primaryImageOfPage":{"@id":"https:\/\/balticoverlanders.eu\/et\/toode\/wild-land-voyager-pro-230-katusetelk\/#primaryimage"},"image":{"@id":"https:\/\/balticoverlanders.eu\/et\/toode\/wild-land-voyager-pro-230-katusetelk\/#primaryimage"},"thumbnailUrl":"https:\/\/balticoverlanders.eu\/wp-content\/uploads\/2024\/05\/Wild-Land-Voyager-PRO-roof-top-tent_009-1-scaled.jpg","datePublished":"2024-05-18T08:17:22+00:00","dateModified":"2024-05-20T12:40:22+00:00","description":"Avastage meie ruumikas peretelk: 360\u00b0 panoraamvaade, veekindel, aastaringselt kasutatav, teleskoopredel, LED-valgustus, madrats ja palju muud. Sobib ideaalselt teie j\u00e4rgmiseks seikluseks.","breadcrumb":{"@id":"https:\/\/balticoverlanders.eu\/et\/toode\/wild-land-voyager-pro-230-katusetelk\/#breadcrumb"},"inLanguage":"et","potentialAction":[{"@type":"ReadAction","target":["https:\/\/balticoverlanders.eu\/et\/toode\/wild-land-voyager-pro-230-katusetelk\/"]}]},{"@type":"ImageObject","inLanguage":"et","@id":"https:\/\/balticoverlanders.eu\/et\/toode\/wild-land-voyager-pro-230-katusetelk\/#primaryimage","url":"https:\/\/balticoverlanders.eu\/wp-content\/uploads\/2024\/05\/Wild-Land-Voyager-PRO-roof-top-tent_009-1-scaled.jpg","contentUrl":"https:\/\/balticoverlanders.eu\/wp-content\/uploads\/2024\/05\/Wild-Land-Voyager-PRO-roof-top-tent_009-1-scaled.jpg","width":2560,"height":1703},{"@type":"BreadcrumbList","@id":"https:\/\/balticoverlanders.eu\/et\/toode\/wild-land-voyager-pro-230-katusetelk\/#breadcrumb","itemListElement":[{"@type":"ListItem","position":1,"name":"Home","item":"https:\/\/balticoverlanders.eu\/et\/home\/"},{"@type":"ListItem","position":2,"name":"Kauplus","item":"https:\/\/balticoverlanders.eu\/et\/kauplus\/"},{"@type":"ListItem","position":3,"name":"Wild Land Voyager PRO 230 katusetelk"}]},{"@type":"WebSite","@id":"https:\/\/balticoverlanders.eu\/et\/#website","url":"https:\/\/balticoverlanders.eu\/et\/","name":"BALTIC OVERLANDERS","description":"Your one-stop shop in Latvia, Estonia, and Lithuania for all your car camping, rooftop tent and accessory needs.","publisher":{"@id":"https:\/\/balticoverlanders.eu\/et\/#organization"},"potentialAction":[{"@type":"SearchAction","target":{"@type":"EntryPoint","urlTemplate":"https:\/\/balticoverlanders.eu\/et\/?s={search_term_string}"},"query-input":{"@type":"PropertyValueSpecification","valueRequired":true,"valueName":"search_term_string"}}],"inLanguage":"et"},{"@type":"Organization","@id":"https:\/\/balticoverlanders.eu\/et\/#organization","name":"BALTIC OVERLANDERS","url":"https:\/\/balticoverlanders.eu\/et\/","logo":{"@type":"ImageObject","inLanguage":"et","@id":"https:\/\/balticoverlanders.eu\/et\/#\/schema\/logo\/image\/","url":"https:\/\/balticoverlanders.eu\/wp-content\/uploads\/2023\/04\/BALTIC-OVERLANDERS-LOGO.jpg","contentUrl":"https:\/\/balticoverlanders.eu\/wp-content\/uploads\/2023\/04\/BALTIC-OVERLANDERS-LOGO.jpg","width":1497,"height":310,"caption":"BALTIC OVERLANDERS"},"image":{"@id":"https:\/\/balticoverlanders.eu\/et\/#\/schema\/logo\/image\/"},"sameAs":["https:\/\/www.instagram.com\/balticoverlanders\/"]}]}},"_links":{"self":[{"href":"https:\/\/balticoverlanders.eu\/et\/wp-json\/wp\/v2\/product\/42858","targetHints":{"allow":["GET"]}}],"collection":[{"href":"https:\/\/balticoverlanders.eu\/et\/wp-json\/wp\/v2\/product"}],"about":[{"href":"https:\/\/balticoverlanders.eu\/et\/wp-json\/wp\/v2\/types\/product"}],"wp:featuredmedia":[{"embeddable":true,"href":"https:\/\/balticoverlanders.eu\/et\/wp-json\/wp\/v2\/media\/51163"}],"wp:attachment":[{"href":"https:\/\/balticoverlanders.eu\/et\/wp-json\/wp\/v2\/media?parent=42858"}],"wp:term":[{"taxonomy":"product_brand","embeddable":true,"href":"https:\/\/balticoverlanders.eu\/et\/wp-json\/wp\/v2\/product_brand?post=42858"},{"taxonomy":"product_cat","embeddable":true,"href":"https:\/\/balticoverlanders.eu\/et\/wp-json\/wp\/v2\/product_cat?post=42858"},{"taxonomy":"product_tag","embeddable":true,"href":"https:\/\/balticoverlanders.eu\/et\/wp-json\/wp\/v2\/product_tag?post=42858"}],"curies":[{"name":"wp","href":"https:\/\/api.w.org\/{rel}","templated":true}]}}