{"id":42864,"date":"2024-05-18T11:05:35","date_gmt":"2024-05-18T08:05:35","guid":{"rendered":"https:\/\/balticoverlanders.eu\/product\/wild-land-voyager-pro-160-katusetelk\/"},"modified":"2024-05-20T15:40:24","modified_gmt":"2024-05-20T12:40:24","slug":"wild-land-voyager-pro-160-katusetelk","status":"publish","type":"product","link":"https:\/\/balticoverlanders.eu\/et\/toode\/wild-land-voyager-pro-160-katusetelk\/","title":{"rendered":"Wild Land Voyager PRO 160 katusetelk"},"content":{"rendered":"<div class=\"flex flex-grow flex-col max-w-full\">\n<div class=\"min-h-[20px] text-message flex flex-col items-start whitespace-pre-wrap break-words [.text-message+&amp;]:mt-5 juice:w-full juice:items-end overflow-x-auto gap-2\" dir=\"auto\" data-message-author-role=\"assistant\" data-message-id=\"d6398d34-9458-4e61-8ae8-e520b81841d5\">\n<div class=\"flex w-full flex-col gap-1 juice:empty:hidden juice:first:pt-[3px]\">\n<div class=\"markdown prose w-full break-words dark:prose-invert dark\">\n<h3>Voyager PRO 160 katusetelk: Telkimine: Teie \u00fclimuslik matkakaaslane<\/h3>\n<h4>\u00dclevaade<\/h4>\n<p>Tutvustame Voyager PRO 160 katusetelk, mis on mugavuse, vastupidavuse ja mugavuse tipp. See uuenduslik telk on ideaalselt kavandatud 3-4 inimesele, olles kokku panduna kompaktne, kuid p\u00fcstitatuna ruumikas ja mugav. See on ideaalne v\u00e4ikeste luukp\u00e4raste autode ja aastaringselt reisivate inimeste jaoks, sest see on teie sobiv lahendus k\u00f5ikv\u00f5imalike seikluste jaoks.<\/p>\n<h4>Peamised omadused<\/h4>\n<ul>\n<li><strong>Kompaktne ja ruumikas disain<\/strong>: 230&#215;160 cm suurune magamispind. Kokkupanduna on selle m\u00f5\u00f5tmed vaid 174&#215;124 cm ja k\u00f5rgus vaid 29 cm, mis teeb selle v\u00e4iksemaks kui tavalise katuseboksi.<\/li>\n<li><strong>Vastupidav konstruktsioon<\/strong>: Telk on vastupidav ja m\u00f5eldud vastu pidama erinevatele ilmastikutingimustele.<\/li>\n<li><strong>Ilmastikukindel<\/strong>: voldik on valmistatud WL-tech materjalist, mis on veekindel kuni PU 12000mm. See patenteeritud materjal tagab ka suure hingavuse ning vastupidavuse kahjustustele ja deformatsioonidele, tagades pimeduse telgis, et magada katkematult isegi varajase p\u00e4ikeset\u00f5usu ajal.<\/li>\n<li><strong>3-kihilised aknad<\/strong>: M\u00f5lemal k\u00fcljel on 3-kihilised aknad (p\u00f5hitelgi, s\u00e4\u00e4sev\u00f5rk ja l\u00e4bipaistev materjal), mis tagavad optimaalse mugavuse iga ilmaga.<\/li>\n<li><strong>Kiire seadistamine<\/strong>: Kokkupandav ja kokkuvolditav v\u00e4hem kui minutiga paari lihtsa liigutusega. Ei ole vaja lisaklambreid ega aknakatteid.<\/li>\n<\/ul>\n<h4>Mugavus ja mugavus<\/h4>\n<ul>\n<li><strong>LED-valgustus<\/strong>: sisaldab paindlikku LED-riba USB-v\u00e4ljundiga, mis v\u00f5imaldab \u00fchendada mis tahes elektripanga, tagades piisava valgustuse telgis.<\/li>\n<li><strong>Hoiutaskud<\/strong>: Erinevad taskud telgi sees k\u00e4ep\u00e4raste esemete hoidmiseks, hoides teie ruumi korrastatuna ja segadusteta.<\/li>\n<li><strong>Mugav madrats<\/strong>: 5 cm paksune madrats, mis on valmistatud \u00fchest elemendist, et suurendada mugavust. Madratsi kate on meeldiva puudutusega, eemaldatav ja pestav.<\/li>\n<li><strong>Ventilatsioon<\/strong>: Piisav \u00f5huringlus koos t\u00e4iendavate ventilatsiooniavadega, et v\u00e4ltida kondenseerumist isegi suurte temperatuurierinevuste korral.<\/li>\n<li><strong>Isoleeritud peakatte<\/strong>: Hoiab telgi sees mugava temperatuuri, v\u00e4hendades kondensatsiooni ja v\u00e4ltides liigset kuumust suvel ning kiiret jahtumist madalamatel temperatuuridel.<\/li>\n<\/ul>\n<h4>T\u00e4iendavad omadused<\/h4>\n<ul>\n<li><strong>Alumiiniumist teleskoopredel<\/strong>: Komplektis on must alumiiniumist teleskoopredel, mida saab hoida telgi sees v\u00f5i autos, kui seda ei kasutata.<\/li>\n<li><strong>Eemaldatavad elemendid<\/strong>: Telgi iga osa on t\u00e4ielikult eemaldatav, et seda oleks lihtne puhastada ja hooldada, mis tagab pikaealisuse ja h\u00fcgieeni.<\/li>\n<li><strong>Garantiij\u00e4rgne teenindus<\/strong>: Isegi p\u00e4rast 2-aastast garantiiperioodi v\u00f5ite toetuda garantiij\u00e4rgsele teenindusele, kus on kergesti k\u00e4ttesaadavad varuosad.<\/li>\n<\/ul>\n<h4>Miks valida Voyager PRO 160?<\/h4>\n<p>Voyager PRO 160 katusealuse telgiga saate nautida loodust nagu kunagi varem. Selle tugev konstruktsioon, kiire seadistus ja k\u00f5ikv\u00f5imalikud ilmastikuolud teevad sellest \u00fclima kaaslase mis tahes seikluseks. Voyager PRO 160 tagab mugava ja muretu kogemuse nii suvisel telkimisel kui ka lumistel maastikel, olenemata sellest, kas te matkate suvel v\u00f5i uurite lumist maastikku.<\/p>\n<p>Voyager PRO 160 katusealuse telgiga saate nautida seiklusvaimu &#8211; siin kohtuvad mugavus ja vastupidavus ning iga reis muutub meeldej\u00e4\u00e4vaks.<\/p>\n<\/div>\n<\/div>\n<\/div>\n<\/div>\n","protected":false},"excerpt":{"rendered":"<p>\u00c4\u00e4rmiselt kompaktne ja samas ideaalne 3-4 inimesele. Suletud k\u00f5rge vaid 25 cm ja 28 cm alumiiniumprofiiliga allpool, pehme krae parema telgi ventilatsiooni jaoks, kui see on suletud, PRO seeria on m\u00f5eldud aastaringseks reisimiseks, t\u00e4ielik flysheet on valmistatud WL-tech materjalist, veekindel kuni PU 12000mm, 3-kihilised aknad m\u00f5lemal pool telki, 360\u00b0panoraamvaade, Komplektis: teleskoopredel kuni 230 cm pikkune, madrats, kingataskud, LED valgus sees, 2 lisajalga telgi toetamiseks ja tasandamiseks, paigalduskomplekt koos juhendiga.<\/p>\n","protected":false},"featured_media":51227,"template":"","meta":[],"product_brand":[],"product_cat":[211,487],"product_tag":[],"class_list":{"0":"post-42864","1":"product","2":"type-product","3":"status-publish","4":"has-post-thumbnail","6":"product_cat-katusetelgid","7":"product_cat-metsik-maa","9":"first","10":"onbackorder","11":"taxable","12":"shipping-taxable","13":"purchasable","14":"product-type-simple"},"yoast_head":"<!-- This site is optimized with the Yoast SEO plugin v27.3 - https:\/\/yoast.com\/product\/yoast-seo-wordpress\/ -->\n<title>Wild Land Voyager PRO 160 katusetelk - BALTIC OVERLANDERS<\/title>\n<meta name=\"description\" content=\"Kompaktne, kuid 3-4 inimesele sobiv telk pakub 360\u00b0 vaateid, veekindlat WL-tehnoloogilist materjali ja t\u00e4iuslikke lisatarvikuid aastaringseks reisimiseks.\" \/>\n<meta name=\"robots\" content=\"index, follow, max-snippet:-1, max-image-preview:large, max-video-preview:-1\" \/>\n<link rel=\"canonical\" href=\"https:\/\/balticoverlanders.eu\/et\/toode\/wild-land-voyager-pro-160-katusetelk\/\" \/>\n<meta property=\"og:locale\" content=\"et_EE\" \/>\n<meta property=\"og:type\" content=\"article\" \/>\n<meta property=\"og:title\" content=\"Wild Land Voyager PRO 160 katusetelk - BALTIC OVERLANDERS\" \/>\n<meta property=\"og:description\" content=\"Kompaktne, kuid 3-4 inimesele sobiv telk pakub 360\u00b0 vaateid, veekindlat WL-tehnoloogilist materjali ja t\u00e4iuslikke lisatarvikuid aastaringseks reisimiseks.\" \/>\n<meta property=\"og:url\" content=\"https:\/\/balticoverlanders.eu\/et\/toode\/wild-land-voyager-pro-160-katusetelk\/\" \/>\n<meta property=\"og:site_name\" content=\"BALTIC OVERLANDERS\" \/>\n<meta property=\"article:modified_time\" content=\"2024-05-20T12:40:24+00:00\" \/>\n<meta property=\"og:image\" content=\"https:\/\/balticoverlanders.eu\/wp-content\/uploads\/2024\/05\/WhatsApp-Image-2024-05-18-at-1.28.27-PM.jpeg\" \/>\n\t<meta property=\"og:image:width\" content=\"1600\" \/>\n\t<meta property=\"og:image:height\" content=\"1200\" \/>\n\t<meta property=\"og:image:type\" content=\"image\/jpeg\" \/>\n<meta name=\"twitter:card\" content=\"summary_large_image\" \/>\n<meta name=\"twitter:label1\" content=\"Est. reading time\" \/>\n\t<meta name=\"twitter:data1\" content=\"2 minutit\" \/>\n<script type=\"application\/ld+json\" class=\"yoast-schema-graph\">{\"@context\":\"https:\\\/\\\/schema.org\",\"@graph\":[{\"@type\":\"WebPage\",\"@id\":\"https:\\\/\\\/balticoverlanders.eu\\\/et\\\/toode\\\/wild-land-voyager-pro-160-katusetelk\\\/\",\"url\":\"https:\\\/\\\/balticoverlanders.eu\\\/et\\\/toode\\\/wild-land-voyager-pro-160-katusetelk\\\/\",\"name\":\"Wild Land Voyager PRO 160 katusetelk - BALTIC OVERLANDERS\",\"isPartOf\":{\"@id\":\"https:\\\/\\\/balticoverlanders.eu\\\/et\\\/#website\"},\"primaryImageOfPage\":{\"@id\":\"https:\\\/\\\/balticoverlanders.eu\\\/et\\\/toode\\\/wild-land-voyager-pro-160-katusetelk\\\/#primaryimage\"},\"image\":{\"@id\":\"https:\\\/\\\/balticoverlanders.eu\\\/et\\\/toode\\\/wild-land-voyager-pro-160-katusetelk\\\/#primaryimage\"},\"thumbnailUrl\":\"https:\\\/\\\/balticoverlanders.eu\\\/wp-content\\\/uploads\\\/2024\\\/05\\\/WhatsApp-Image-2024-06-30-at-7.47.12-PM.jpeg\",\"datePublished\":\"2024-05-18T08:05:35+00:00\",\"dateModified\":\"2024-05-20T12:40:24+00:00\",\"description\":\"Kompaktne, kuid 3-4 inimesele sobiv telk pakub 360\u00b0 vaateid, veekindlat WL-tehnoloogilist materjali ja t\u00e4iuslikke lisatarvikuid aastaringseks reisimiseks.\",\"breadcrumb\":{\"@id\":\"https:\\\/\\\/balticoverlanders.eu\\\/et\\\/toode\\\/wild-land-voyager-pro-160-katusetelk\\\/#breadcrumb\"},\"inLanguage\":\"et\",\"potentialAction\":[{\"@type\":\"ReadAction\",\"target\":[\"https:\\\/\\\/balticoverlanders.eu\\\/et\\\/toode\\\/wild-land-voyager-pro-160-katusetelk\\\/\"]}]},{\"@type\":\"ImageObject\",\"inLanguage\":\"et\",\"@id\":\"https:\\\/\\\/balticoverlanders.eu\\\/et\\\/toode\\\/wild-land-voyager-pro-160-katusetelk\\\/#primaryimage\",\"url\":\"https:\\\/\\\/balticoverlanders.eu\\\/wp-content\\\/uploads\\\/2024\\\/05\\\/WhatsApp-Image-2024-06-30-at-7.47.12-PM.jpeg\",\"contentUrl\":\"https:\\\/\\\/balticoverlanders.eu\\\/wp-content\\\/uploads\\\/2024\\\/05\\\/WhatsApp-Image-2024-06-30-at-7.47.12-PM.jpeg\",\"width\":800,\"height\":600},{\"@type\":\"BreadcrumbList\",\"@id\":\"https:\\\/\\\/balticoverlanders.eu\\\/et\\\/toode\\\/wild-land-voyager-pro-160-katusetelk\\\/#breadcrumb\",\"itemListElement\":[{\"@type\":\"ListItem\",\"position\":1,\"name\":\"Home\",\"item\":\"https:\\\/\\\/balticoverlanders.eu\\\/et\\\/home\\\/\"},{\"@type\":\"ListItem\",\"position\":2,\"name\":\"Kauplus\",\"item\":\"https:\\\/\\\/balticoverlanders.eu\\\/et\\\/kauplus\\\/\"},{\"@type\":\"ListItem\",\"position\":3,\"name\":\"Wild Land Voyager PRO 160 katusetelk\"}]},{\"@type\":\"WebSite\",\"@id\":\"https:\\\/\\\/balticoverlanders.eu\\\/et\\\/#website\",\"url\":\"https:\\\/\\\/balticoverlanders.eu\\\/et\\\/\",\"name\":\"BALTIC OVERLANDERS\",\"description\":\"Your one-stop shop in Latvia, Estonia, and Lithuania for all your car camping, rooftop tent and accessory needs.\",\"publisher\":{\"@id\":\"https:\\\/\\\/balticoverlanders.eu\\\/et\\\/#organization\"},\"potentialAction\":[{\"@type\":\"SearchAction\",\"target\":{\"@type\":\"EntryPoint\",\"urlTemplate\":\"https:\\\/\\\/balticoverlanders.eu\\\/et\\\/?s={search_term_string}\"},\"query-input\":{\"@type\":\"PropertyValueSpecification\",\"valueRequired\":true,\"valueName\":\"search_term_string\"}}],\"inLanguage\":\"et\"},{\"@type\":\"Organization\",\"@id\":\"https:\\\/\\\/balticoverlanders.eu\\\/et\\\/#organization\",\"name\":\"BALTIC OVERLANDERS\",\"url\":\"https:\\\/\\\/balticoverlanders.eu\\\/et\\\/\",\"logo\":{\"@type\":\"ImageObject\",\"inLanguage\":\"et\",\"@id\":\"https:\\\/\\\/balticoverlanders.eu\\\/et\\\/#\\\/schema\\\/logo\\\/image\\\/\",\"url\":\"https:\\\/\\\/balticoverlanders.eu\\\/wp-content\\\/uploads\\\/2023\\\/04\\\/BALTIC-OVERLANDERS-LOGO.jpg\",\"contentUrl\":\"https:\\\/\\\/balticoverlanders.eu\\\/wp-content\\\/uploads\\\/2023\\\/04\\\/BALTIC-OVERLANDERS-LOGO.jpg\",\"width\":1497,\"height\":310,\"caption\":\"BALTIC OVERLANDERS\"},\"image\":{\"@id\":\"https:\\\/\\\/balticoverlanders.eu\\\/et\\\/#\\\/schema\\\/logo\\\/image\\\/\"},\"sameAs\":[\"https:\\\/\\\/www.instagram.com\\\/balticoverlanders\\\/\"]}]}<\/script>\n<!-- \/ Yoast SEO plugin. -->","yoast_head_json":{"title":"Wild Land Voyager PRO 160 katusetelk - BALTIC OVERLANDERS","description":"Kompaktne, kuid 3-4 inimesele sobiv telk pakub 360\u00b0 vaateid, veekindlat WL-tehnoloogilist materjali ja t\u00e4iuslikke lisatarvikuid aastaringseks reisimiseks.","robots":{"index":"index","follow":"follow","max-snippet":"max-snippet:-1","max-image-preview":"max-image-preview:large","max-video-preview":"max-video-preview:-1"},"canonical":"https:\/\/balticoverlanders.eu\/et\/toode\/wild-land-voyager-pro-160-katusetelk\/","og_locale":"et_EE","og_type":"article","og_title":"Wild Land Voyager PRO 160 katusetelk - BALTIC OVERLANDERS","og_description":"Kompaktne, kuid 3-4 inimesele sobiv telk pakub 360\u00b0 vaateid, veekindlat WL-tehnoloogilist materjali ja t\u00e4iuslikke lisatarvikuid aastaringseks reisimiseks.","og_url":"https:\/\/balticoverlanders.eu\/et\/toode\/wild-land-voyager-pro-160-katusetelk\/","og_site_name":"BALTIC OVERLANDERS","article_modified_time":"2024-05-20T12:40:24+00:00","og_image":[{"width":1600,"height":1200,"url":"https:\/\/balticoverlanders.eu\/wp-content\/uploads\/2024\/05\/WhatsApp-Image-2024-05-18-at-1.28.27-PM.jpeg","type":"image\/jpeg"}],"twitter_card":"summary_large_image","twitter_misc":{"Est. reading time":"2 minutit"},"schema":{"@context":"https:\/\/schema.org","@graph":[{"@type":"WebPage","@id":"https:\/\/balticoverlanders.eu\/et\/toode\/wild-land-voyager-pro-160-katusetelk\/","url":"https:\/\/balticoverlanders.eu\/et\/toode\/wild-land-voyager-pro-160-katusetelk\/","name":"Wild Land Voyager PRO 160 katusetelk - BALTIC OVERLANDERS","isPartOf":{"@id":"https:\/\/balticoverlanders.eu\/et\/#website"},"primaryImageOfPage":{"@id":"https:\/\/balticoverlanders.eu\/et\/toode\/wild-land-voyager-pro-160-katusetelk\/#primaryimage"},"image":{"@id":"https:\/\/balticoverlanders.eu\/et\/toode\/wild-land-voyager-pro-160-katusetelk\/#primaryimage"},"thumbnailUrl":"https:\/\/balticoverlanders.eu\/wp-content\/uploads\/2024\/05\/WhatsApp-Image-2024-06-30-at-7.47.12-PM.jpeg","datePublished":"2024-05-18T08:05:35+00:00","dateModified":"2024-05-20T12:40:24+00:00","description":"Kompaktne, kuid 3-4 inimesele sobiv telk pakub 360\u00b0 vaateid, veekindlat WL-tehnoloogilist materjali ja t\u00e4iuslikke lisatarvikuid aastaringseks reisimiseks.","breadcrumb":{"@id":"https:\/\/balticoverlanders.eu\/et\/toode\/wild-land-voyager-pro-160-katusetelk\/#breadcrumb"},"inLanguage":"et","potentialAction":[{"@type":"ReadAction","target":["https:\/\/balticoverlanders.eu\/et\/toode\/wild-land-voyager-pro-160-katusetelk\/"]}]},{"@type":"ImageObject","inLanguage":"et","@id":"https:\/\/balticoverlanders.eu\/et\/toode\/wild-land-voyager-pro-160-katusetelk\/#primaryimage","url":"https:\/\/balticoverlanders.eu\/wp-content\/uploads\/2024\/05\/WhatsApp-Image-2024-06-30-at-7.47.12-PM.jpeg","contentUrl":"https:\/\/balticoverlanders.eu\/wp-content\/uploads\/2024\/05\/WhatsApp-Image-2024-06-30-at-7.47.12-PM.jpeg","width":800,"height":600},{"@type":"BreadcrumbList","@id":"https:\/\/balticoverlanders.eu\/et\/toode\/wild-land-voyager-pro-160-katusetelk\/#breadcrumb","itemListElement":[{"@type":"ListItem","position":1,"name":"Home","item":"https:\/\/balticoverlanders.eu\/et\/home\/"},{"@type":"ListItem","position":2,"name":"Kauplus","item":"https:\/\/balticoverlanders.eu\/et\/kauplus\/"},{"@type":"ListItem","position":3,"name":"Wild Land Voyager PRO 160 katusetelk"}]},{"@type":"WebSite","@id":"https:\/\/balticoverlanders.eu\/et\/#website","url":"https:\/\/balticoverlanders.eu\/et\/","name":"BALTIC OVERLANDERS","description":"Your one-stop shop in Latvia, Estonia, and Lithuania for all your car camping, rooftop tent and accessory needs.","publisher":{"@id":"https:\/\/balticoverlanders.eu\/et\/#organization"},"potentialAction":[{"@type":"SearchAction","target":{"@type":"EntryPoint","urlTemplate":"https:\/\/balticoverlanders.eu\/et\/?s={search_term_string}"},"query-input":{"@type":"PropertyValueSpecification","valueRequired":true,"valueName":"search_term_string"}}],"inLanguage":"et"},{"@type":"Organization","@id":"https:\/\/balticoverlanders.eu\/et\/#organization","name":"BALTIC OVERLANDERS","url":"https:\/\/balticoverlanders.eu\/et\/","logo":{"@type":"ImageObject","inLanguage":"et","@id":"https:\/\/balticoverlanders.eu\/et\/#\/schema\/logo\/image\/","url":"https:\/\/balticoverlanders.eu\/wp-content\/uploads\/2023\/04\/BALTIC-OVERLANDERS-LOGO.jpg","contentUrl":"https:\/\/balticoverlanders.eu\/wp-content\/uploads\/2023\/04\/BALTIC-OVERLANDERS-LOGO.jpg","width":1497,"height":310,"caption":"BALTIC OVERLANDERS"},"image":{"@id":"https:\/\/balticoverlanders.eu\/et\/#\/schema\/logo\/image\/"},"sameAs":["https:\/\/www.instagram.com\/balticoverlanders\/"]}]}},"_links":{"self":[{"href":"https:\/\/balticoverlanders.eu\/et\/wp-json\/wp\/v2\/product\/42864","targetHints":{"allow":["GET"]}}],"collection":[{"href":"https:\/\/balticoverlanders.eu\/et\/wp-json\/wp\/v2\/product"}],"about":[{"href":"https:\/\/balticoverlanders.eu\/et\/wp-json\/wp\/v2\/types\/product"}],"wp:featuredmedia":[{"embeddable":true,"href":"https:\/\/balticoverlanders.eu\/et\/wp-json\/wp\/v2\/media\/51227"}],"wp:attachment":[{"href":"https:\/\/balticoverlanders.eu\/et\/wp-json\/wp\/v2\/media?parent=42864"}],"wp:term":[{"taxonomy":"product_brand","embeddable":true,"href":"https:\/\/balticoverlanders.eu\/et\/wp-json\/wp\/v2\/product_brand?post=42864"},{"taxonomy":"product_cat","embeddable":true,"href":"https:\/\/balticoverlanders.eu\/et\/wp-json\/wp\/v2\/product_cat?post=42864"},{"taxonomy":"product_tag","embeddable":true,"href":"https:\/\/balticoverlanders.eu\/et\/wp-json\/wp\/v2\/product_tag?post=42864"}],"curies":[{"name":"wp","href":"https:\/\/api.w.org\/{rel}","templated":true}]}}