{"id":29527,"date":"2023-05-17T16:38:01","date_gmt":"2023-05-17T13:38:01","guid":{"rendered":"https:\/\/balticoverlanders.eu\/vuokraostot\/"},"modified":"2024-01-31T23:11:10","modified_gmt":"2024-01-31T21:11:10","slug":"vuokraostot","status":"publish","type":"page","link":"https:\/\/balticoverlanders.eu\/fi\/vuokraostot\/","title":{"rendered":"Vuokraostot"},"content":{"rendered":"\t\t<div data-elementor-type=\"wp-page\" data-elementor-id=\"29527\" class=\"elementor elementor-29527 elementor-26022\">\n\t\t\t\t\t\t\r\n\t\t<section\t\t class=\" elementor-section elementor-top-section elementor-element elementor-element-28841b3 elementor-section-boxed elementor-section-height-default elementor-section-height-default\" data-id=\"28841b3\" data-element_type=\"section\" data-e-type=\"section\">\r\n\t\t\r\n\t\t\t\t\t\t\t\t\t\t<div class=\"elementor-container elementor-column-gap-default\" >\r\n\r\n\t\t\t\t\r\n\t\t\t\t\t\t\t\t\t\t\t\t\t\t<div\t\t class=\" elementor-column elementor-col-100 elementor-top-column elementor-element elementor-element-e102bdd\" data-id=\"e102bdd\" data-element_type=\"column\" data-e-type=\"column\">\r\n\t\t\t\r\n\t\t\t\r\n\t\t\t\r\n\t\t\t<div class=\"elementor-widget-wrap elementor-element-populated\">\r\n\t\t\t\t\t\t\t\t\r\n\t\t<section\t\t class=\" elementor-section elementor-inner-section elementor-element elementor-element-c11b98a elementor-section-boxed elementor-section-height-default elementor-section-height-default\" data-id=\"c11b98a\" data-element_type=\"section\" data-e-type=\"section\">\r\n\t\t\r\n\t\t\t\t\t\t\t\t\t\t<div class=\"elementor-container elementor-column-gap-default\" >\r\n\r\n\t\t\t\t\r\n\t\t\t\t\t\t\t\t\t\t\t\t\t\t<div\t\t class=\" elementor-column elementor-col-50 elementor-inner-column elementor-element elementor-element-c3cf41d\" data-id=\"c3cf41d\" data-element_type=\"column\" data-e-type=\"column\">\r\n\t\t\t\r\n\t\t\t\r\n\t\t\t\r\n\t\t\t<div class=\"elementor-widget-wrap elementor-element-populated\">\r\n\t\t\t\t\t\t\t\t<div class=\" elementor-element elementor-element-75a5b15 elementor-widget elementor-widget-image\" data-id=\"75a5b15\" data-element_type=\"widget\" data-e-type=\"widget\" data-widget_type=\"image.default\">\n\t\t\t\t<div class=\"elementor-widget-container\">\n\t\t\t\t\t\t\t\t\t\t\t\t\t\t\t<img fetchpriority=\"high\" decoding=\"async\" width=\"1024\" height=\"576\" src=\"https:\/\/balticoverlanders.eu\/wp-content\/uploads\/2023\/07\/NJraUeYS-1024x576.jpeg\" class=\"attachment-large size-large wp-image-29544\" alt=\"\" srcset=\"https:\/\/balticoverlanders.eu\/wp-content\/uploads\/2023\/07\/NJraUeYS-1024x576.jpeg 1024w, https:\/\/balticoverlanders.eu\/wp-content\/uploads\/2023\/07\/NJraUeYS-300x169.jpeg 300w, https:\/\/balticoverlanders.eu\/wp-content\/uploads\/2023\/07\/NJraUeYS-768x432.jpeg 768w, https:\/\/balticoverlanders.eu\/wp-content\/uploads\/2023\/07\/NJraUeYS-1536x864.jpeg 1536w, https:\/\/balticoverlanders.eu\/wp-content\/uploads\/2023\/07\/NJraUeYS-2048x1152.jpeg 2048w, https:\/\/balticoverlanders.eu\/wp-content\/uploads\/2023\/07\/NJraUeYS-150x84.jpeg 150w, https:\/\/balticoverlanders.eu\/wp-content\/uploads\/2023\/07\/NJraUeYS-600x338.jpeg 600w\" sizes=\"(max-width: 1024px) 100vw, 1024px\" \/>\t\t\t\t\t\t\t\t\t\t\t\t\t\t\t<\/div>\n\t\t\t\t<\/div>\n\t\t\r\n\t\t\r\n\t\t\t\t\t\t\t<\/div>\r\n\t\t\t\r\n\t\t<\/div>\r\n\t\t\t\t<div\t\t class=\" elementor-column elementor-col-50 elementor-inner-column elementor-element elementor-element-9d73670\" data-id=\"9d73670\" data-element_type=\"column\" data-e-type=\"column\">\r\n\t\t\t\r\n\t\t\t\r\n\t\t\t\r\n\t\t\t<div class=\"elementor-widget-wrap elementor-element-populated\">\r\n\t\t\t\t\t\t\t\t<div class=\" elementor-element elementor-element-e7ca170 elementor-widget elementor-widget-text-editor\" data-id=\"e7ca170\" data-element_type=\"widget\" data-e-type=\"widget\" data-widget_type=\"text-editor.default\">\n\t\t\t\t<div class=\"elementor-widget-container\">\n\t\t\t\t\t\t\t\t\t<p><a href=\"https:\/\/www.inbank.lv\/en\">Osamaksukaupan<\/a> avulla voit muuttaa suuren kertaluonteisen menon pienemmiksi kuukausittaisiksi menoiksi ja maksaa tuotteet ja palvelut eriss\u00e4. Ota enemm\u00e4n aikaa maksamiseen ja jaa kulut jopa kahdelle vuodelle. Ensimm\u00e4inen maksu kuukautta my\u00f6hemmin.<\/p>\n<h5>Pankin osamaksukaupan edut:<\/h5>\n<p>&#8211; Joustava ratkaisu suuriin kustannuksiin<br \/>&#8211; Sin\u00e4 valitset maksuer\u00e4n m\u00e4\u00e4r\u00e4n<br \/>&#8211; Sin\u00e4 valitset osamaksukauden<br \/>&#8211; Sin\u00e4 valitset maksup\u00e4iv\u00e4n<br \/>&#8211; Vastaus hakemukseen minuutissa<\/p>\n<h5>Rahoitusehdot:<\/h5>\n<p>&#8211; Rahoituksen m\u00e4\u00e4r\u00e4: 100 &#8211; 10 000 \u20ac<br \/>&#8211; Ajanjakso: 24 kuukautta<br \/>&#8211; Korko: 0%<br \/>&#8211; Ennakkomaksu: 0 \u20ac<br \/>&#8211; Sopimuksen hallinnointipalkkio: 0 \u20ac<br \/>&#8211; Sopimuspalkkio: 0 \u20ac<\/p>\n\t\t\t\t\t\t\t\t<\/div>\n\t\t\t\t<\/div>\n\t\t\r\n\t\t\r\n\t\t\t\t\t\t\t<\/div>\r\n\t\t\t\r\n\t\t<\/div>\r\n\t\t\t\t\t\t\t\t\t\t\t\t\t\t\t\t\t<\/div>\r\n\t\t\t\t\t\t<\/section>\r\n\t\t\r\n\t\t\r\n\t\t\t\t\t\t\t<\/div>\r\n\t\t\t\r\n\t\t<\/div>\r\n\t\t\t\t\t\t\t\t\t\t\t\t\t\t\t\t\t<\/div>\r\n\t\t\t\t\t\t<\/section>\r\n\t\t\t\t\r\n\t\t<section\t\t class=\" elementor-section elementor-top-section elementor-element elementor-element-3b1a420 elementor-section-boxed elementor-section-height-default elementor-section-height-default\" data-id=\"3b1a420\" data-element_type=\"section\" data-e-type=\"section\">\r\n\t\t\r\n\t\t\t\t\t\t\t\t\t\t<div class=\"elementor-container elementor-column-gap-default\" >\r\n\r\n\t\t\t\t\r\n\t\t\t\t\t\t\t\t\t\t\t\t\t\t<div\t\t class=\" elementor-column elementor-col-100 elementor-top-column elementor-element elementor-element-a2f5172\" data-id=\"a2f5172\" data-element_type=\"column\" data-e-type=\"column\">\r\n\t\t\t\r\n\t\t\t\r\n\t\t\t\r\n\t\t\t<div class=\"elementor-widget-wrap elementor-element-populated\">\r\n\t\t\t\t\t\t\t\t<div class=\" elementor-element elementor-element-4af19dc elementor-widget elementor-widget-html\" data-id=\"4af19dc\" data-element_type=\"widget\" data-e-type=\"widget\" data-widget_type=\"html.default\">\n\t\t\t\t<div class=\"elementor-widget-container\">\n\t\t\t\t\t<iframe frameborder=\"0\" scrolling=\"no\" height=\"230\" width=\"1200\" src=\"https:\/\/calculator.inbank.ee\/calculator\/indivy\/plan?amount=3700&amp;shop_uuid=0a21aa40-ce62-443d-b1e3-8150ec2c6b35&amp;product_code=hp_epos_0_interest_balticoverlanders&amp;currency=eur&amp;lang=en&amp;template=editable_amount&amp;mode=white&amp;logo=true&amp;show_sample=false&amp;start_session=true&amp;secondary_color=black\"><\/iframe>\t\t\t\t<\/div>\n\t\t\t\t<\/div>\n\t\t\r\n\t\t\r\n\t\t\t\t\t\t\t<\/div>\r\n\t\t\t\r\n\t\t<\/div>\r\n\t\t\t\t\t\t\t\t\t\t\t\t\t\t\t\t\t<\/div>\r\n\t\t\t\t\t\t<\/section>\r\n\t\t\t\t\r\n\t\t<section\t\t class=\" elementor-section elementor-top-section elementor-element elementor-element-725bd7c elementor-section-boxed elementor-section-height-default elementor-section-height-default\" data-id=\"725bd7c\" data-element_type=\"section\" data-e-type=\"section\">\r\n\t\t\r\n\t\t\t\t\t\t\t\t\t\t<div class=\"elementor-container elementor-column-gap-default\" >\r\n\r\n\t\t\t\t\r\n\t\t\t\t\t\t\t\t\t\t\t\t\t\t<div\t\t class=\" elementor-column elementor-col-100 elementor-top-column elementor-element elementor-element-7a050f7\" data-id=\"7a050f7\" data-element_type=\"column\" data-e-type=\"column\">\r\n\t\t\t\r\n\t\t\t\r\n\t\t\t\r\n\t\t\t<div class=\"elementor-widget-wrap elementor-element-populated\">\r\n\t\t\t\t\t\t\t\t<div class=\" elementor-element elementor-element-89748c1 elementor-widget elementor-widget-text-editor\" data-id=\"89748c1\" data-element_type=\"widget\" data-e-type=\"widget\" data-widget_type=\"text-editor.default\">\n\t\t\t\t<div class=\"elementor-widget-container\">\n\t\t\t\t\t\t\t\t\t<p>Inbankin osamaksukaupan kustannuskorko on 0 % vuodessa seuraavin esimerkkiehdoin: sopimuksen kohteen hinta heti maksettuna (nettohinta) 3000 euroa, lainasumma 3000 euroa, k\u00e4siraha 0 euroa, sopimuskausi 24 kuukautta, vuotuinen kiinte\u00e4 korko 0 % kauppasummasta, sopimuskorvaus 0 euroa, kuukausittainen hoitopalkkio 0 euroa. Kuukausimaksu yhteens\u00e4 125 euroa. Takaisinmaksettavan lainan kokonaism\u00e4\u00e4r\u00e4 on 3000 euroa. Rahoituspalvelun tarjoaa <a href=\"https:\/\/www.inbank.lv\/en\">AS Inbank Finance<\/a>. Lue rahoituspalvelun ehdot ennen sopimuksen tekemist\u00e4 ja kysy tarvittaessa neuvoa ammattilaiselta.<\/p>\n<p>Jos sinulla on kysytt\u00e4v\u00e4\u00e4 tai haluat lis\u00e4tietoja InBank-tuotteista, ota yhteytt\u00e4 osoitteeseen.<\/p>\n<p>+37166939000<br \/>info@inbank.lv<\/p>\n\t\t\t\t\t\t\t\t<\/div>\n\t\t\t\t<\/div>\n\t\t\r\n\t\t\r\n\t\t\t\t\t\t\t<\/div>\r\n\t\t\t\r\n\t\t<\/div>\r\n\t\t\t\t\t\t\t\t\t\t\t\t\t\t\t\t\t<\/div>\r\n\t\t\t\t\t\t<\/section>\r\n\t\t\t\t<\/div>\n\t\t","protected":false},"excerpt":{"rendered":"<p>Osamaksukaupan avulla voit muuttaa suuren kertaluonteisen menon pienemmiksi kuukausittaisiksi menoiksi ja maksaa tuotteet ja palvelut eriss\u00e4. Ota enemm\u00e4n aikaa maksamiseen ja jaa kulut jopa kahdelle vuodelle. Ensimm\u00e4inen maksu kuukautta my\u00f6hemmin. Pankin osamaksukaupan edut: &#8211; Joustava ratkaisu suuriin kustannuksiin&#8211; Sin\u00e4 valitset maksuer\u00e4n m\u00e4\u00e4r\u00e4n&#8211; Sin\u00e4 valitset osamaksukauden&#8211; Sin\u00e4 valitset maksup\u00e4iv\u00e4n&#8211; Vastaus hakemukseen minuutissa Rahoitusehdot: &#8211; Rahoituksen m\u00e4\u00e4r\u00e4: [&hellip;]<\/p>\n","protected":false},"author":1,"featured_media":0,"parent":0,"menu_order":0,"comment_status":"closed","ping_status":"closed","template":"","meta":{"footnotes":""},"class_list":["post-29527","page","type-page","status-publish","hentry"],"yoast_head":"<!-- This site is optimized with the Yoast SEO plugin v27.3 - https:\/\/yoast.com\/product\/yoast-seo-wordpress\/ -->\n<title>Vuokrausostot | Edulliset auton kattoteltat | James Baroud<\/title>\n<meta name=\"description\" content=\"Edulliset autojen kattoteltat vuokrausostoksille. Koe seikkailumatkailu James Baroudin kanssa. T\u00e4ydellinen autoleirint\u00e4\u00e4n ja maastomatkoihin.\" \/>\n<meta name=\"robots\" content=\"index, follow, max-snippet:-1, max-image-preview:large, max-video-preview:-1\" \/>\n<link rel=\"canonical\" href=\"https:\/\/balticoverlanders.eu\/fi\/vuokraostot\/\" \/>\n<meta property=\"og:locale\" content=\"fi_FI\" \/>\n<meta property=\"og:type\" content=\"article\" \/>\n<meta property=\"og:title\" content=\"Vuokrausostot | Edulliset auton kattoteltat | James Baroud\" \/>\n<meta property=\"og:description\" content=\"Edulliset autojen kattoteltat vuokrausostoksille. Koe seikkailumatkailu James Baroudin kanssa. T\u00e4ydellinen autoleirint\u00e4\u00e4n ja maastomatkoihin.\" \/>\n<meta property=\"og:url\" content=\"https:\/\/balticoverlanders.eu\/fi\/vuokraostot\/\" \/>\n<meta property=\"og:site_name\" content=\"BALTIC OVERLANDERS\" \/>\n<meta property=\"article:modified_time\" content=\"2024-01-31T21:11:10+00:00\" \/>\n<meta property=\"og:image\" content=\"https:\/\/balticoverlanders.eu\/wp-content\/uploads\/2023\/07\/NJraUeYS-1024x576.jpeg\" \/>\n<meta name=\"twitter:card\" content=\"summary_large_image\" \/>\n<meta name=\"twitter:label1\" content=\"Arvioitu lukuaika\" \/>\n\t<meta name=\"twitter:data1\" content=\"1 minuutti\" \/>\n<script type=\"application\/ld+json\" class=\"yoast-schema-graph\">{\"@context\":\"https:\\\/\\\/schema.org\",\"@graph\":[{\"@type\":\"WebPage\",\"@id\":\"https:\\\/\\\/balticoverlanders.eu\\\/fi\\\/vuokraostot\\\/\",\"url\":\"https:\\\/\\\/balticoverlanders.eu\\\/fi\\\/vuokraostot\\\/\",\"name\":\"Vuokrausostot | Edulliset auton kattoteltat | James Baroud\",\"isPartOf\":{\"@id\":\"https:\\\/\\\/balticoverlanders.eu\\\/fi\\\/#website\"},\"primaryImageOfPage\":{\"@id\":\"https:\\\/\\\/balticoverlanders.eu\\\/fi\\\/vuokraostot\\\/#primaryimage\"},\"image\":{\"@id\":\"https:\\\/\\\/balticoverlanders.eu\\\/fi\\\/vuokraostot\\\/#primaryimage\"},\"thumbnailUrl\":\"https:\\\/\\\/balticoverlanders.eu\\\/wp-content\\\/uploads\\\/2023\\\/07\\\/NJraUeYS-1024x576.jpeg\",\"datePublished\":\"2023-05-17T13:38:01+00:00\",\"dateModified\":\"2024-01-31T21:11:10+00:00\",\"description\":\"Edulliset autojen kattoteltat vuokrausostoksille. Koe seikkailumatkailu James Baroudin kanssa. T\u00e4ydellinen autoleirint\u00e4\u00e4n ja maastomatkoihin.\",\"breadcrumb\":{\"@id\":\"https:\\\/\\\/balticoverlanders.eu\\\/fi\\\/vuokraostot\\\/#breadcrumb\"},\"inLanguage\":\"fi\",\"potentialAction\":[{\"@type\":\"ReadAction\",\"target\":[\"https:\\\/\\\/balticoverlanders.eu\\\/fi\\\/vuokraostot\\\/\"]}]},{\"@type\":\"ImageObject\",\"inLanguage\":\"fi\",\"@id\":\"https:\\\/\\\/balticoverlanders.eu\\\/fi\\\/vuokraostot\\\/#primaryimage\",\"url\":\"https:\\\/\\\/balticoverlanders.eu\\\/wp-content\\\/uploads\\\/2023\\\/07\\\/NJraUeYS-1024x576.jpeg\",\"contentUrl\":\"https:\\\/\\\/balticoverlanders.eu\\\/wp-content\\\/uploads\\\/2023\\\/07\\\/NJraUeYS-1024x576.jpeg\"},{\"@type\":\"BreadcrumbList\",\"@id\":\"https:\\\/\\\/balticoverlanders.eu\\\/fi\\\/vuokraostot\\\/#breadcrumb\",\"itemListElement\":[{\"@type\":\"ListItem\",\"position\":1,\"name\":\"Home\",\"item\":\"https:\\\/\\\/balticoverlanders.eu\\\/fi\\\/?page_id=30138\"},{\"@type\":\"ListItem\",\"position\":2,\"name\":\"Vuokraostot\"}]},{\"@type\":\"WebSite\",\"@id\":\"https:\\\/\\\/balticoverlanders.eu\\\/fi\\\/#website\",\"url\":\"https:\\\/\\\/balticoverlanders.eu\\\/fi\\\/\",\"name\":\"BALTIC OVERLANDERS\",\"description\":\"Your one-stop shop in Latvia, Estonia, and Lithuania for all your car camping, rooftop tent and accessory needs.\",\"potentialAction\":[{\"@type\":\"SearchAction\",\"target\":{\"@type\":\"EntryPoint\",\"urlTemplate\":\"https:\\\/\\\/balticoverlanders.eu\\\/fi\\\/?s={search_term_string}\"},\"query-input\":{\"@type\":\"PropertyValueSpecification\",\"valueRequired\":true,\"valueName\":\"search_term_string\"}}],\"inLanguage\":\"fi\"}]}<\/script>\n<!-- \/ Yoast SEO plugin. -->","yoast_head_json":{"title":"Vuokrausostot | Edulliset auton kattoteltat | James Baroud","description":"Edulliset autojen kattoteltat vuokrausostoksille. Koe seikkailumatkailu James Baroudin kanssa. T\u00e4ydellinen autoleirint\u00e4\u00e4n ja maastomatkoihin.","robots":{"index":"index","follow":"follow","max-snippet":"max-snippet:-1","max-image-preview":"max-image-preview:large","max-video-preview":"max-video-preview:-1"},"canonical":"https:\/\/balticoverlanders.eu\/fi\/vuokraostot\/","og_locale":"fi_FI","og_type":"article","og_title":"Vuokrausostot | Edulliset auton kattoteltat | James Baroud","og_description":"Edulliset autojen kattoteltat vuokrausostoksille. Koe seikkailumatkailu James Baroudin kanssa. T\u00e4ydellinen autoleirint\u00e4\u00e4n ja maastomatkoihin.","og_url":"https:\/\/balticoverlanders.eu\/fi\/vuokraostot\/","og_site_name":"BALTIC OVERLANDERS","article_modified_time":"2024-01-31T21:11:10+00:00","og_image":[{"url":"https:\/\/balticoverlanders.eu\/wp-content\/uploads\/2023\/07\/NJraUeYS-1024x576.jpeg","type":"","width":"","height":""}],"twitter_card":"summary_large_image","twitter_misc":{"Arvioitu lukuaika":"1 minuutti"},"schema":{"@context":"https:\/\/schema.org","@graph":[{"@type":"WebPage","@id":"https:\/\/balticoverlanders.eu\/fi\/vuokraostot\/","url":"https:\/\/balticoverlanders.eu\/fi\/vuokraostot\/","name":"Vuokrausostot | Edulliset auton kattoteltat | James Baroud","isPartOf":{"@id":"https:\/\/balticoverlanders.eu\/fi\/#website"},"primaryImageOfPage":{"@id":"https:\/\/balticoverlanders.eu\/fi\/vuokraostot\/#primaryimage"},"image":{"@id":"https:\/\/balticoverlanders.eu\/fi\/vuokraostot\/#primaryimage"},"thumbnailUrl":"https:\/\/balticoverlanders.eu\/wp-content\/uploads\/2023\/07\/NJraUeYS-1024x576.jpeg","datePublished":"2023-05-17T13:38:01+00:00","dateModified":"2024-01-31T21:11:10+00:00","description":"Edulliset autojen kattoteltat vuokrausostoksille. Koe seikkailumatkailu James Baroudin kanssa. T\u00e4ydellinen autoleirint\u00e4\u00e4n ja maastomatkoihin.","breadcrumb":{"@id":"https:\/\/balticoverlanders.eu\/fi\/vuokraostot\/#breadcrumb"},"inLanguage":"fi","potentialAction":[{"@type":"ReadAction","target":["https:\/\/balticoverlanders.eu\/fi\/vuokraostot\/"]}]},{"@type":"ImageObject","inLanguage":"fi","@id":"https:\/\/balticoverlanders.eu\/fi\/vuokraostot\/#primaryimage","url":"https:\/\/balticoverlanders.eu\/wp-content\/uploads\/2023\/07\/NJraUeYS-1024x576.jpeg","contentUrl":"https:\/\/balticoverlanders.eu\/wp-content\/uploads\/2023\/07\/NJraUeYS-1024x576.jpeg"},{"@type":"BreadcrumbList","@id":"https:\/\/balticoverlanders.eu\/fi\/vuokraostot\/#breadcrumb","itemListElement":[{"@type":"ListItem","position":1,"name":"Home","item":"https:\/\/balticoverlanders.eu\/fi\/?page_id=30138"},{"@type":"ListItem","position":2,"name":"Vuokraostot"}]},{"@type":"WebSite","@id":"https:\/\/balticoverlanders.eu\/fi\/#website","url":"https:\/\/balticoverlanders.eu\/fi\/","name":"BALTIC OVERLANDERS","description":"Your one-stop shop in Latvia, Estonia, and Lithuania for all your car camping, rooftop tent and accessory needs.","potentialAction":[{"@type":"SearchAction","target":{"@type":"EntryPoint","urlTemplate":"https:\/\/balticoverlanders.eu\/fi\/?s={search_term_string}"},"query-input":{"@type":"PropertyValueSpecification","valueRequired":true,"valueName":"search_term_string"}}],"inLanguage":"fi"}]}},"_links":{"self":[{"href":"https:\/\/balticoverlanders.eu\/fi\/wp-json\/wp\/v2\/pages\/29527","targetHints":{"allow":["GET"]}}],"collection":[{"href":"https:\/\/balticoverlanders.eu\/fi\/wp-json\/wp\/v2\/pages"}],"about":[{"href":"https:\/\/balticoverlanders.eu\/fi\/wp-json\/wp\/v2\/types\/page"}],"author":[{"embeddable":true,"href":"https:\/\/balticoverlanders.eu\/fi\/wp-json\/wp\/v2\/users\/1"}],"replies":[{"embeddable":true,"href":"https:\/\/balticoverlanders.eu\/fi\/wp-json\/wp\/v2\/comments?post=29527"}],"version-history":[{"count":3,"href":"https:\/\/balticoverlanders.eu\/fi\/wp-json\/wp\/v2\/pages\/29527\/revisions"}],"predecessor-version":[{"id":29594,"href":"https:\/\/balticoverlanders.eu\/fi\/wp-json\/wp\/v2\/pages\/29527\/revisions\/29594"}],"wp:attachment":[{"href":"https:\/\/balticoverlanders.eu\/fi\/wp-json\/wp\/v2\/media?parent=29527"}],"curies":[{"name":"wp","href":"https:\/\/api.w.org\/{rel}","templated":true}]}}