{"id":29704,"date":"2023-04-11T14:14:16","date_gmt":"2023-04-11T11:14:16","guid":{"rendered":"https:\/\/balticoverlanders.eu\/james-baroud\/"},"modified":"2024-01-31T23:19:24","modified_gmt":"2024-01-31T21:19:24","slug":"james-baroud","status":"publish","type":"page","link":"https:\/\/balticoverlanders.eu\/fi\/james-baroud\/","title":{"rendered":"James Baroud"},"content":{"rendered":"\t\t<div data-elementor-type=\"wp-page\" data-elementor-id=\"29704\" class=\"elementor elementor-29704 elementor-17608\">\n\t\t\t\t\t\t\r\n\t\t<section\t\t class=\" elementor-section elementor-top-section elementor-element elementor-element-f22625b elementor-section-boxed elementor-section-height-default elementor-section-height-default\" data-id=\"f22625b\" data-element_type=\"section\" data-e-type=\"section\">\r\n\t\t\r\n\t\t\t\t\t\t\t\t\t\t<div class=\"elementor-container elementor-column-gap-default\" >\r\n\r\n\t\t\t\t\r\n\t\t\t\t\t\t\t\t\t\t\t\t\t\t<div\t\t class=\" elementor-column elementor-col-50 elementor-top-column elementor-element elementor-element-43ca3b1\" data-id=\"43ca3b1\" data-element_type=\"column\" data-e-type=\"column\">\r\n\t\t\t\r\n\t\t\t\r\n\t\t\t\r\n\t\t\t<div class=\"elementor-widget-wrap elementor-element-populated\">\r\n\t\t\t\t\t\t\t\t\r\n\t\t<section\t\t class=\" elementor-section elementor-inner-section elementor-element elementor-element-7354fef elementor-section-boxed elementor-section-height-default elementor-section-height-default\" data-id=\"7354fef\" data-element_type=\"section\" data-e-type=\"section\">\r\n\t\t\r\n\t\t\t\t\t\t\t\t\t\t<div class=\"elementor-container elementor-column-gap-default\" >\r\n\r\n\t\t\t\t\r\n\t\t\t\t\t\t\t\t\t\t\t\t\t\t<div\t\t class=\" elementor-column elementor-col-100 elementor-inner-column elementor-element elementor-element-9077767\" data-id=\"9077767\" data-element_type=\"column\" data-e-type=\"column\">\r\n\t\t\t\r\n\t\t\t\r\n\t\t\t\r\n\t\t\t<div class=\"elementor-widget-wrap elementor-element-populated\">\r\n\t\t\t\t\t\t\t\t<div class=\" elementor-element elementor-element-4d68c29 elementor-widget__width-initial elementor-widget elementor-widget-image\" data-id=\"4d68c29\" data-element_type=\"widget\" data-e-type=\"widget\" data-widget_type=\"image.default\">\n\t\t\t\t<div class=\"elementor-widget-container\">\n\t\t\t\t\t\t\t\t\t\t\t\t\t\t\t<img fetchpriority=\"high\" decoding=\"async\" width=\"700\" height=\"99\" src=\"https:\/\/balticoverlanders.eu\/wp-content\/uploads\/2023\/04\/James-Baroud-Logo-2022-v1.4-Horizontal-Black-Mono-.png\" class=\"attachment-large size-large wp-image-29706\" alt=\"\" srcset=\"https:\/\/balticoverlanders.eu\/wp-content\/uploads\/2023\/04\/James-Baroud-Logo-2022-v1.4-Horizontal-Black-Mono-.png 700w, https:\/\/balticoverlanders.eu\/wp-content\/uploads\/2023\/04\/James-Baroud-Logo-2022-v1.4-Horizontal-Black-Mono--300x42.png 300w, https:\/\/balticoverlanders.eu\/wp-content\/uploads\/2023\/04\/James-Baroud-Logo-2022-v1.4-Horizontal-Black-Mono--150x21.png 150w, https:\/\/balticoverlanders.eu\/wp-content\/uploads\/2023\/04\/James-Baroud-Logo-2022-v1.4-Horizontal-Black-Mono--600x85.png 600w\" sizes=\"(max-width: 700px) 100vw, 700px\" \/>\t\t\t\t\t\t\t\t\t\t\t\t\t\t\t<\/div>\n\t\t\t\t<\/div>\n\t\t\r\n\t\t\r\n\t\t\t\t\t\t\t<\/div>\r\n\t\t\t\r\n\t\t<\/div>\r\n\t\t\t\t\t\t\t\t\t\t\t\t\t\t\t\t\t<\/div>\r\n\t\t\t\t\t\t<\/section>\r\n\t\t\r\n\t\t\r\n\t\t\t\t\t\t\t<\/div>\r\n\t\t\t\r\n\t\t<\/div>\r\n\t\t\t\t<div\t\t class=\" elementor-column elementor-col-50 elementor-top-column elementor-element elementor-element-819f927\" data-id=\"819f927\" data-element_type=\"column\" data-e-type=\"column\">\r\n\t\t\t\r\n\t\t\t\r\n\t\t\t\r\n\t\t\t<div class=\"elementor-widget-wrap\">\r\n\t\t\t\t\t\t\r\n\t\t\r\n\t\t\t\t\t\t\t<\/div>\r\n\t\t\t\r\n\t\t<\/div>\r\n\t\t\t\t\t\t\t\t\t\t\t\t\t\t\t\t\t<\/div>\r\n\t\t\t\t\t\t<\/section>\r\n\t\t\t\t\r\n\t\t<section\t\t class=\" elementor-section elementor-top-section elementor-element elementor-element-8723032 elementor-section-boxed elementor-section-height-default elementor-section-height-default\" data-id=\"8723032\" data-element_type=\"section\" data-e-type=\"section\">\r\n\t\t\r\n\t\t\t\t\t\t\t\t\t\t<div class=\"elementor-container elementor-column-gap-default\" >\r\n\r\n\t\t\t\t\r\n\t\t\t\t\t\t\t\t\t\t\t\t\t\t<div\t\t class=\" elementor-column elementor-col-50 elementor-top-column elementor-element elementor-element-3a2308a\" data-id=\"3a2308a\" data-element_type=\"column\" data-e-type=\"column\">\r\n\t\t\t\r\n\t\t\t\r\n\t\t\t\r\n\t\t\t<div class=\"elementor-widget-wrap elementor-element-populated\">\r\n\t\t\t\t\t\t\t\t<div class=\" elementor-element elementor-element-d9f9c27 elementor-widget elementor-widget-text-editor\" data-id=\"d9f9c27\" data-element_type=\"widget\" data-e-type=\"widget\" data-widget_type=\"text-editor.default\">\n\t\t\t\t<div class=\"elementor-widget-container\">\n\t\t\t\t\t\t\t\t\t<p><a href=\"https:\/\/balticoverlanders.eu\/fi\/\">Baltic Overlanders<\/a> on ylpe\u00e4 siit\u00e4, ett\u00e4 se on virallinen jakelija seuraaville tuotteille <span style=\"text-decoration: underline;\"><br \/>\n  <a href=\"https:\/\/www.jamesbaroud.com\/en\/\">James Baroud<\/a><br \/>\n<\/span> kaikissa Baltian maissa &#8211; Latviassa, Virossa ja Liettuassa. James Baroud edustaa markkinoiden parhaita kattotelttoja, ja se on hallinnut premium-kattoteltta-alan markkinoita jo yli 20 vuoden ajan.<\/p>\n<p>Vuosikymmeni\u00e4 kest\u00e4nyt testaus \u00e4\u00e4rimm\u00e4isiss\u00e4 olosuhteissa ja suunnittelun hienos\u00e4\u00e4d\u00f6t ovat johtaneet ylivoimaisen kattotelttavalikoiman kehittymiseen. Kaikissa James Baroudin kattoteltoissa on vakiona ominaisuuksia, joista useimmat valmistajat veloittavat lis\u00e4maksua tai joita ne eiv\u00e4t v\u00e4ltt\u00e4m\u00e4tt\u00e4 tarjoa. N\u00e4ihin kuuluvat tihe\u00e4 vaahtomuovipatja, tuuletin, valaistus, hyttysverkko, kaasujousiavusteinen avaus, s\u00e4ilytystaskut ja alan johtava takuu.<\/p>\n<p>Kun olet kaukana kotoa ja kova s\u00e4\u00e4 painaa p\u00e4\u00e4lle, olet kiitollinen siit\u00e4, ett\u00e4 valitsit laadukkaan teltan, joka on suunniteltu kest\u00e4m\u00e4\u00e4n \u00e4\u00e4rimm\u00e4isi\u00e4 s\u00e4\u00e4olosuhteita. James Baroudin telttojen ansiosta voit olla varma, ett\u00e4 olet turvassa ja viihtyis\u00e4 kaikissa s\u00e4\u00e4olosuhteissa.<\/p>\n<p>Tule tutustumaan esittelymalleihimme ja n\u00e4e itse James Baroudin telttojen ensiluokkainen laatu ja eritt\u00e4in nopea pystytys ja purkaminen. Asiantuntijatiimimme on aina valmiina vastaamaan kaikkiin kysymyksiisi ja auttamaan sinua l\u00f6yt\u00e4m\u00e4\u00e4n t\u00e4ydellisen kattoteltan seuraavaa seikkailuasi varten.<\/p>\n<p>Lyhyt historia: James Baroud on ollut johtava kattotelttamarkkinoilla yli 20 vuoden ajan, ja heid\u00e4n kokemuksensa ja asiantuntemuksensa n\u00e4kyv\u00e4t tuotteidensa erinomaisessa laadussa. He ovat jatkuvasti testanneet ja parantaneet mallejaan, jotta ne kest\u00e4v\u00e4t kovimmatkin s\u00e4\u00e4olosuhteet, ja varmistavat, ett\u00e4 asiakkaat voivat nauttia ulkoilmael\u00e4m\u00e4st\u00e4 luottavaisin mielin ja mielenrauhassa.<\/p>\n\t\t\t\t\t\t\t\t<\/div>\n\t\t\t\t<\/div>\n\t\t\t\t<div class=\" elementor-element elementor-element-b8cb901 elementor-widget elementor-widget-riode_widget_button\" data-id=\"b8cb901\" data-element_type=\"widget\" data-e-type=\"widget\" data-widget_type=\"riode_widget_button.default\">\n\t\t\t\t<div class=\"elementor-widget-container\">\n\t\t\t\t\t<a class=\"btn btn-primary\" href=\"https:\/\/balticoverlanders.eu\/product-category\/brands\/james-baroud\/\" >See All James Baroud Products<\/a>\t\t\t\t<\/div>\n\t\t\t\t<\/div>\n\t\t\r\n\t\t\r\n\t\t\t\t\t\t\t<\/div>\r\n\t\t\t\r\n\t\t<\/div>\r\n\t\t\t\t<div\t\t class=\" elementor-column elementor-col-50 elementor-top-column elementor-element elementor-element-54b76ca\" data-id=\"54b76ca\" data-element_type=\"column\" data-e-type=\"column\">\r\n\t\t\t\r\n\t\t\t\r\n\t\t\t\r\n\t\t\t<div class=\"elementor-widget-wrap elementor-element-populated\">\r\n\t\t\t\t\t\t\t\t\r\n\t\t<section\t\t class=\" elementor-section elementor-inner-section elementor-element elementor-element-b125e9b elementor-section-boxed elementor-section-height-default elementor-section-height-default\" data-id=\"b125e9b\" data-element_type=\"section\" data-e-type=\"section\">\r\n\t\t\r\n\t\t\t\t\t\t\t\t\t\t<div class=\"elementor-container elementor-column-gap-default\" >\r\n\r\n\t\t\t\t\r\n\t\t\t\t\t\t\t\t\t\t\t\t\t\t<div\t\t class=\" elementor-column elementor-col-50 elementor-inner-column elementor-element elementor-element-01041ba\" data-id=\"01041ba\" data-element_type=\"column\" data-e-type=\"column\">\r\n\t\t\t\r\n\t\t\t\r\n\t\t\t\r\n\t\t\t<div class=\"elementor-widget-wrap elementor-element-populated\">\r\n\t\t\t\t\t\t\t\t<div class=\" elementor-element elementor-element-8b7a80b elementor-widget__width-initial elementor-widget elementor-widget-image\" data-id=\"8b7a80b\" data-element_type=\"widget\" data-e-type=\"widget\" data-widget_type=\"image.default\">\n\t\t\t\t<div class=\"elementor-widget-container\">\n\t\t\t\t\t\t\t\t\t\t\t\t\t\t\t<img decoding=\"async\" width=\"1024\" height=\"768\" src=\"https:\/\/balticoverlanders.eu\/wp-content\/uploads\/2023\/04\/P1160261-1024x768.jpg\" class=\"attachment-large size-large wp-image-29712\" alt=\"\" srcset=\"https:\/\/balticoverlanders.eu\/wp-content\/uploads\/2023\/04\/P1160261-1024x768.jpg 1024w, https:\/\/balticoverlanders.eu\/wp-content\/uploads\/2023\/04\/P1160261-300x225.jpg 300w, https:\/\/balticoverlanders.eu\/wp-content\/uploads\/2023\/04\/P1160261-768x576.jpg 768w, https:\/\/balticoverlanders.eu\/wp-content\/uploads\/2023\/04\/P1160261-1536x1152.jpg 1536w, https:\/\/balticoverlanders.eu\/wp-content\/uploads\/2023\/04\/P1160261-2048x1536.jpg 2048w, https:\/\/balticoverlanders.eu\/wp-content\/uploads\/2023\/04\/P1160261-150x113.jpg 150w, https:\/\/balticoverlanders.eu\/wp-content\/uploads\/2023\/04\/P1160261-600x450.jpg 600w\" sizes=\"(max-width: 1024px) 100vw, 1024px\" \/>\t\t\t\t\t\t\t\t\t\t\t\t\t\t\t<\/div>\n\t\t\t\t<\/div>\n\t\t\r\n\t\t\r\n\t\t\t\t\t\t\t<\/div>\r\n\t\t\t\r\n\t\t<\/div>\r\n\t\t\t\t<div\t\t class=\" elementor-column elementor-col-50 elementor-inner-column elementor-element elementor-element-41e59f2\" data-id=\"41e59f2\" data-element_type=\"column\" data-e-type=\"column\">\r\n\t\t\t\r\n\t\t\t\r\n\t\t\t\r\n\t\t\t<div class=\"elementor-widget-wrap elementor-element-populated\">\r\n\t\t\t\t\t\t\t\t<div class=\" elementor-element elementor-element-62fe71c elementor-widget__width-initial elementor-widget elementor-widget-image\" data-id=\"62fe71c\" data-element_type=\"widget\" data-e-type=\"widget\" data-widget_type=\"image.default\">\n\t\t\t\t<div class=\"elementor-widget-container\">\n\t\t\t\t\t\t\t\t\t\t\t\t\t\t\t<img decoding=\"async\" width=\"1024\" height=\"768\" src=\"https:\/\/balticoverlanders.eu\/wp-content\/uploads\/2023\/04\/P1160264-1024x768.jpg\" class=\"attachment-large size-large wp-image-29714\" alt=\"\" srcset=\"https:\/\/balticoverlanders.eu\/wp-content\/uploads\/2023\/04\/P1160264-1024x768.jpg 1024w, https:\/\/balticoverlanders.eu\/wp-content\/uploads\/2023\/04\/P1160264-300x225.jpg 300w, https:\/\/balticoverlanders.eu\/wp-content\/uploads\/2023\/04\/P1160264-768x576.jpg 768w, https:\/\/balticoverlanders.eu\/wp-content\/uploads\/2023\/04\/P1160264-1536x1152.jpg 1536w, https:\/\/balticoverlanders.eu\/wp-content\/uploads\/2023\/04\/P1160264-2048x1536.jpg 2048w, https:\/\/balticoverlanders.eu\/wp-content\/uploads\/2023\/04\/P1160264-150x113.jpg 150w, https:\/\/balticoverlanders.eu\/wp-content\/uploads\/2023\/04\/P1160264-600x450.jpg 600w\" sizes=\"(max-width: 1024px) 100vw, 1024px\" \/>\t\t\t\t\t\t\t\t\t\t\t\t\t\t\t<\/div>\n\t\t\t\t<\/div>\n\t\t\r\n\t\t\r\n\t\t\t\t\t\t\t<\/div>\r\n\t\t\t\r\n\t\t<\/div>\r\n\t\t\t\t\t\t\t\t\t\t\t\t\t\t\t\t\t<\/div>\r\n\t\t\t\t\t\t<\/section>\r\n\t\t\t\t<div class=\" elementor-element elementor-element-9b1b861 elementor-widget elementor-widget-spacer\" data-id=\"9b1b861\" data-element_type=\"widget\" data-e-type=\"widget\" data-widget_type=\"spacer.default\">\n\t\t\t\t<div class=\"elementor-widget-container\">\n\t\t\t\t\t\t\t<div class=\"elementor-spacer\">\n\t\t\t<div class=\"elementor-spacer-inner\"><\/div>\n\t\t<\/div>\n\t\t\t\t\t\t<\/div>\n\t\t\t\t<\/div>\n\t\t\t\t\r\n\t\t<section\t\t class=\" elementor-section elementor-inner-section elementor-element elementor-element-6023e6a elementor-section-boxed elementor-section-height-default elementor-section-height-default\" data-id=\"6023e6a\" data-element_type=\"section\" data-e-type=\"section\">\r\n\t\t\r\n\t\t\t\t\t\t\t\t\t\t<div class=\"elementor-container elementor-column-gap-default\" >\r\n\r\n\t\t\t\t\r\n\t\t\t\t\t\t\t\t\t\t\t\t\t\t<div\t\t class=\" elementor-column elementor-col-50 elementor-inner-column elementor-element elementor-element-29ce2a7\" data-id=\"29ce2a7\" data-element_type=\"column\" data-e-type=\"column\">\r\n\t\t\t\r\n\t\t\t\r\n\t\t\t\r\n\t\t\t<div class=\"elementor-widget-wrap elementor-element-populated\">\r\n\t\t\t\t\t\t\t\t<div class=\" elementor-element elementor-element-56c9ddb elementor-widget__width-initial elementor-widget elementor-widget-image\" data-id=\"56c9ddb\" data-element_type=\"widget\" data-e-type=\"widget\" data-widget_type=\"image.default\">\n\t\t\t\t<div class=\"elementor-widget-container\">\n\t\t\t\t\t\t\t\t\t\t\t\t\t\t\t<img loading=\"lazy\" decoding=\"async\" width=\"1024\" height=\"768\" src=\"https:\/\/balticoverlanders.eu\/wp-content\/uploads\/2023\/04\/P1160184-1024x768.jpg\" class=\"attachment-large size-large wp-image-29708\" alt=\"\" srcset=\"https:\/\/balticoverlanders.eu\/wp-content\/uploads\/2023\/04\/P1160184-1024x768.jpg 1024w, https:\/\/balticoverlanders.eu\/wp-content\/uploads\/2023\/04\/P1160184-300x225.jpg 300w, https:\/\/balticoverlanders.eu\/wp-content\/uploads\/2023\/04\/P1160184-768x576.jpg 768w, https:\/\/balticoverlanders.eu\/wp-content\/uploads\/2023\/04\/P1160184-1536x1152.jpg 1536w, https:\/\/balticoverlanders.eu\/wp-content\/uploads\/2023\/04\/P1160184-2048x1536.jpg 2048w, https:\/\/balticoverlanders.eu\/wp-content\/uploads\/2023\/04\/P1160184-150x113.jpg 150w, https:\/\/balticoverlanders.eu\/wp-content\/uploads\/2023\/04\/P1160184-600x450.jpg 600w\" sizes=\"(max-width: 1024px) 100vw, 1024px\" \/>\t\t\t\t\t\t\t\t\t\t\t\t\t\t\t<\/div>\n\t\t\t\t<\/div>\n\t\t\r\n\t\t\r\n\t\t\t\t\t\t\t<\/div>\r\n\t\t\t\r\n\t\t<\/div>\r\n\t\t\t\t<div\t\t class=\" elementor-column elementor-col-50 elementor-inner-column elementor-element elementor-element-d50e97a\" data-id=\"d50e97a\" data-element_type=\"column\" data-e-type=\"column\">\r\n\t\t\t\r\n\t\t\t\r\n\t\t\t\r\n\t\t\t<div class=\"elementor-widget-wrap elementor-element-populated\">\r\n\t\t\t\t\t\t\t\t<div class=\" elementor-element elementor-element-363f5b3 elementor-widget__width-initial elementor-widget elementor-widget-image\" data-id=\"363f5b3\" data-element_type=\"widget\" data-e-type=\"widget\" data-widget_type=\"image.default\">\n\t\t\t\t<div class=\"elementor-widget-container\">\n\t\t\t\t\t\t\t\t\t\t\t\t\t\t\t<img loading=\"lazy\" decoding=\"async\" width=\"1024\" height=\"768\" src=\"https:\/\/balticoverlanders.eu\/wp-content\/uploads\/2023\/04\/P1160269-1024x768.jpg\" class=\"attachment-large size-large wp-image-29707\" alt=\"\" srcset=\"https:\/\/balticoverlanders.eu\/wp-content\/uploads\/2023\/04\/P1160269-1024x768.jpg 1024w, https:\/\/balticoverlanders.eu\/wp-content\/uploads\/2023\/04\/P1160269-300x225.jpg 300w, https:\/\/balticoverlanders.eu\/wp-content\/uploads\/2023\/04\/P1160269-768x576.jpg 768w, https:\/\/balticoverlanders.eu\/wp-content\/uploads\/2023\/04\/P1160269-1536x1152.jpg 1536w, https:\/\/balticoverlanders.eu\/wp-content\/uploads\/2023\/04\/P1160269-2048x1536.jpg 2048w, https:\/\/balticoverlanders.eu\/wp-content\/uploads\/2023\/04\/P1160269-150x113.jpg 150w, https:\/\/balticoverlanders.eu\/wp-content\/uploads\/2023\/04\/P1160269-600x450.jpg 600w\" sizes=\"(max-width: 1024px) 100vw, 1024px\" \/>\t\t\t\t\t\t\t\t\t\t\t\t\t\t\t<\/div>\n\t\t\t\t<\/div>\n\t\t\r\n\t\t\r\n\t\t\t\t\t\t\t<\/div>\r\n\t\t\t\r\n\t\t<\/div>\r\n\t\t\t\t\t\t\t\t\t\t\t\t\t\t\t\t\t<\/div>\r\n\t\t\t\t\t\t<\/section>\r\n\t\t\r\n\t\t\r\n\t\t\t\t\t\t\t<\/div>\r\n\t\t\t\r\n\t\t<\/div>\r\n\t\t\t\t\t\t\t\t\t\t\t\t\t\t\t\t\t<\/div>\r\n\t\t\t\t\t\t<\/section>\r\n\t\t\t\t<\/div>\n\t\t","protected":false},"excerpt":{"rendered":"<p>Baltic Overlanders on ylpe\u00e4 siit\u00e4, ett\u00e4 se on virallinen jakelija seuraaville tuotteille James Baroud kaikissa Baltian maissa &#8211; Latviassa, Virossa ja Liettuassa. James Baroud edustaa markkinoiden parhaita kattotelttoja, ja se on hallinnut premium-kattoteltta-alan markkinoita jo yli 20 vuoden ajan. Vuosikymmeni\u00e4 kest\u00e4nyt testaus \u00e4\u00e4rimm\u00e4isiss\u00e4 olosuhteissa ja suunnittelun hienos\u00e4\u00e4d\u00f6t ovat johtaneet ylivoimaisen kattotelttavalikoiman kehittymiseen. Kaikissa James Baroudin [&hellip;]<\/p>\n","protected":false},"author":1,"featured_media":0,"parent":0,"menu_order":0,"comment_status":"closed","ping_status":"closed","template":"elementor_header_footer","meta":{"footnotes":""},"class_list":["post-29704","page","type-page","status-publish","hentry"],"yoast_head":"<!-- This site is optimized with the Yoast SEO plugin v27.3 - https:\/\/yoast.com\/product\/yoast-seo-wordpress\/ -->\n<title>James Baroud - BALTIC OVERLANDERS<\/title>\n<meta name=\"description\" content=\"Tutustu \u00e4\u00e4rimm\u00e4iseen vapauteen ja seikkailuun James Baroudin kattoteltoilla, jotka sopivat kaikkiin autoihin ja 4x4-ajoneuvoihin. (Baltia - Latvia, Viro, Liettua).\" \/>\n<meta name=\"robots\" content=\"index, follow, max-snippet:-1, max-image-preview:large, max-video-preview:-1\" \/>\n<link rel=\"canonical\" href=\"https:\/\/balticoverlanders.eu\/fi\/james-baroud\/\" \/>\n<meta property=\"og:locale\" content=\"fi_FI\" \/>\n<meta property=\"og:type\" content=\"article\" \/>\n<meta property=\"og:title\" content=\"James Baroud - BALTIC OVERLANDERS\" \/>\n<meta property=\"og:description\" content=\"Tutustu \u00e4\u00e4rimm\u00e4iseen vapauteen ja seikkailuun James Baroudin autojen ja 4x4-ajoneuvojen kattoteltoilla. (Baltia - Latvia, Viro, Liettua).\" \/>\n<meta property=\"og:url\" content=\"https:\/\/balticoverlanders.eu\/fi\/james-baroud\/\" \/>\n<meta property=\"og:site_name\" content=\"BALTIC OVERLANDERS\" \/>\n<meta property=\"article:modified_time\" content=\"2024-01-31T21:19:24+00:00\" \/>\n<meta property=\"og:image\" content=\"https:\/\/balticoverlanders.eu\/wp-content\/uploads\/2023\/04\/James-Baroud-Logo-2022-v1.4-Horizontal-Black-Mono-.png\" \/>\n<meta name=\"twitter:card\" content=\"summary_large_image\" \/>\n<meta name=\"twitter:title\" content=\"James Baroud - BALTIC OVERLANDERS\" \/>\n<meta name=\"twitter:description\" content=\"Tutustu \u00e4\u00e4rimm\u00e4iseen vapauteen ja seikkailuun James Baroudin autojen ja 4x4-ajoneuvojen kattoteltoilla. (Baltia - Latvia, Viro, Liettua).\" \/>\n<meta name=\"twitter:label1\" content=\"Arvioitu lukuaika\" \/>\n\t<meta name=\"twitter:data1\" content=\"1 minuutti\" \/>\n<script type=\"application\/ld+json\" class=\"yoast-schema-graph\">{\"@context\":\"https:\\\/\\\/schema.org\",\"@graph\":[{\"@type\":\"WebPage\",\"@id\":\"https:\\\/\\\/balticoverlanders.eu\\\/fi\\\/james-baroud\\\/\",\"url\":\"https:\\\/\\\/balticoverlanders.eu\\\/fi\\\/james-baroud\\\/\",\"name\":\"James Baroud - BALTIC OVERLANDERS\",\"isPartOf\":{\"@id\":\"https:\\\/\\\/balticoverlanders.eu\\\/fi\\\/#website\"},\"primaryImageOfPage\":{\"@id\":\"https:\\\/\\\/balticoverlanders.eu\\\/fi\\\/james-baroud\\\/#primaryimage\"},\"image\":{\"@id\":\"https:\\\/\\\/balticoverlanders.eu\\\/fi\\\/james-baroud\\\/#primaryimage\"},\"thumbnailUrl\":\"https:\\\/\\\/balticoverlanders.eu\\\/wp-content\\\/uploads\\\/2023\\\/04\\\/James-Baroud-Logo-2022-v1.4-Horizontal-Black-Mono-.png\",\"datePublished\":\"2023-04-11T11:14:16+00:00\",\"dateModified\":\"2024-01-31T21:19:24+00:00\",\"description\":\"Tutustu \u00e4\u00e4rimm\u00e4iseen vapauteen ja seikkailuun James Baroudin kattoteltoilla, jotka sopivat kaikkiin autoihin ja 4x4-ajoneuvoihin. (Baltia - Latvia, Viro, Liettua).\",\"breadcrumb\":{\"@id\":\"https:\\\/\\\/balticoverlanders.eu\\\/fi\\\/james-baroud\\\/#breadcrumb\"},\"inLanguage\":\"fi\",\"potentialAction\":[{\"@type\":\"ReadAction\",\"target\":[\"https:\\\/\\\/balticoverlanders.eu\\\/fi\\\/james-baroud\\\/\"]}]},{\"@type\":\"ImageObject\",\"inLanguage\":\"fi\",\"@id\":\"https:\\\/\\\/balticoverlanders.eu\\\/fi\\\/james-baroud\\\/#primaryimage\",\"url\":\"https:\\\/\\\/balticoverlanders.eu\\\/wp-content\\\/uploads\\\/2023\\\/04\\\/James-Baroud-Logo-2022-v1.4-Horizontal-Black-Mono-.png\",\"contentUrl\":\"https:\\\/\\\/balticoverlanders.eu\\\/wp-content\\\/uploads\\\/2023\\\/04\\\/James-Baroud-Logo-2022-v1.4-Horizontal-Black-Mono-.png\"},{\"@type\":\"BreadcrumbList\",\"@id\":\"https:\\\/\\\/balticoverlanders.eu\\\/fi\\\/james-baroud\\\/#breadcrumb\",\"itemListElement\":[{\"@type\":\"ListItem\",\"position\":1,\"name\":\"Home\",\"item\":\"https:\\\/\\\/balticoverlanders.eu\\\/fi\\\/?page_id=30138\"},{\"@type\":\"ListItem\",\"position\":2,\"name\":\"James Baroud\"}]},{\"@type\":\"WebSite\",\"@id\":\"https:\\\/\\\/balticoverlanders.eu\\\/fi\\\/#website\",\"url\":\"https:\\\/\\\/balticoverlanders.eu\\\/fi\\\/\",\"name\":\"BALTIC OVERLANDERS\",\"description\":\"Your one-stop shop in Latvia, Estonia, and Lithuania for all your car camping, rooftop tent and accessory needs.\",\"potentialAction\":[{\"@type\":\"SearchAction\",\"target\":{\"@type\":\"EntryPoint\",\"urlTemplate\":\"https:\\\/\\\/balticoverlanders.eu\\\/fi\\\/?s={search_term_string}\"},\"query-input\":{\"@type\":\"PropertyValueSpecification\",\"valueRequired\":true,\"valueName\":\"search_term_string\"}}],\"inLanguage\":\"fi\"}]}<\/script>\n<!-- \/ Yoast SEO plugin. -->","yoast_head_json":{"title":"James Baroud - BALTIC OVERLANDERS","description":"Tutustu \u00e4\u00e4rimm\u00e4iseen vapauteen ja seikkailuun James Baroudin kattoteltoilla, jotka sopivat kaikkiin autoihin ja 4x4-ajoneuvoihin. (Baltia - Latvia, Viro, Liettua).","robots":{"index":"index","follow":"follow","max-snippet":"max-snippet:-1","max-image-preview":"max-image-preview:large","max-video-preview":"max-video-preview:-1"},"canonical":"https:\/\/balticoverlanders.eu\/fi\/james-baroud\/","og_locale":"fi_FI","og_type":"article","og_title":"James Baroud - BALTIC OVERLANDERS","og_description":"Tutustu \u00e4\u00e4rimm\u00e4iseen vapauteen ja seikkailuun James Baroudin autojen ja 4x4-ajoneuvojen kattoteltoilla. (Baltia - Latvia, Viro, Liettua).","og_url":"https:\/\/balticoverlanders.eu\/fi\/james-baroud\/","og_site_name":"BALTIC OVERLANDERS","article_modified_time":"2024-01-31T21:19:24+00:00","og_image":[{"url":"https:\/\/balticoverlanders.eu\/wp-content\/uploads\/2023\/04\/James-Baroud-Logo-2022-v1.4-Horizontal-Black-Mono-.png","type":"","width":"","height":""}],"twitter_card":"summary_large_image","twitter_title":"James Baroud - BALTIC OVERLANDERS","twitter_description":"Tutustu \u00e4\u00e4rimm\u00e4iseen vapauteen ja seikkailuun James Baroudin autojen ja 4x4-ajoneuvojen kattoteltoilla. (Baltia - Latvia, Viro, Liettua).","twitter_misc":{"Arvioitu lukuaika":"1 minuutti"},"schema":{"@context":"https:\/\/schema.org","@graph":[{"@type":"WebPage","@id":"https:\/\/balticoverlanders.eu\/fi\/james-baroud\/","url":"https:\/\/balticoverlanders.eu\/fi\/james-baroud\/","name":"James Baroud - BALTIC OVERLANDERS","isPartOf":{"@id":"https:\/\/balticoverlanders.eu\/fi\/#website"},"primaryImageOfPage":{"@id":"https:\/\/balticoverlanders.eu\/fi\/james-baroud\/#primaryimage"},"image":{"@id":"https:\/\/balticoverlanders.eu\/fi\/james-baroud\/#primaryimage"},"thumbnailUrl":"https:\/\/balticoverlanders.eu\/wp-content\/uploads\/2023\/04\/James-Baroud-Logo-2022-v1.4-Horizontal-Black-Mono-.png","datePublished":"2023-04-11T11:14:16+00:00","dateModified":"2024-01-31T21:19:24+00:00","description":"Tutustu \u00e4\u00e4rimm\u00e4iseen vapauteen ja seikkailuun James Baroudin kattoteltoilla, jotka sopivat kaikkiin autoihin ja 4x4-ajoneuvoihin. (Baltia - Latvia, Viro, Liettua).","breadcrumb":{"@id":"https:\/\/balticoverlanders.eu\/fi\/james-baroud\/#breadcrumb"},"inLanguage":"fi","potentialAction":[{"@type":"ReadAction","target":["https:\/\/balticoverlanders.eu\/fi\/james-baroud\/"]}]},{"@type":"ImageObject","inLanguage":"fi","@id":"https:\/\/balticoverlanders.eu\/fi\/james-baroud\/#primaryimage","url":"https:\/\/balticoverlanders.eu\/wp-content\/uploads\/2023\/04\/James-Baroud-Logo-2022-v1.4-Horizontal-Black-Mono-.png","contentUrl":"https:\/\/balticoverlanders.eu\/wp-content\/uploads\/2023\/04\/James-Baroud-Logo-2022-v1.4-Horizontal-Black-Mono-.png"},{"@type":"BreadcrumbList","@id":"https:\/\/balticoverlanders.eu\/fi\/james-baroud\/#breadcrumb","itemListElement":[{"@type":"ListItem","position":1,"name":"Home","item":"https:\/\/balticoverlanders.eu\/fi\/?page_id=30138"},{"@type":"ListItem","position":2,"name":"James Baroud"}]},{"@type":"WebSite","@id":"https:\/\/balticoverlanders.eu\/fi\/#website","url":"https:\/\/balticoverlanders.eu\/fi\/","name":"BALTIC OVERLANDERS","description":"Your one-stop shop in Latvia, Estonia, and Lithuania for all your car camping, rooftop tent and accessory needs.","potentialAction":[{"@type":"SearchAction","target":{"@type":"EntryPoint","urlTemplate":"https:\/\/balticoverlanders.eu\/fi\/?s={search_term_string}"},"query-input":{"@type":"PropertyValueSpecification","valueRequired":true,"valueName":"search_term_string"}}],"inLanguage":"fi"}]}},"_links":{"self":[{"href":"https:\/\/balticoverlanders.eu\/fi\/wp-json\/wp\/v2\/pages\/29704","targetHints":{"allow":["GET"]}}],"collection":[{"href":"https:\/\/balticoverlanders.eu\/fi\/wp-json\/wp\/v2\/pages"}],"about":[{"href":"https:\/\/balticoverlanders.eu\/fi\/wp-json\/wp\/v2\/types\/page"}],"author":[{"embeddable":true,"href":"https:\/\/balticoverlanders.eu\/fi\/wp-json\/wp\/v2\/users\/1"}],"replies":[{"embeddable":true,"href":"https:\/\/balticoverlanders.eu\/fi\/wp-json\/wp\/v2\/comments?post=29704"}],"version-history":[{"count":3,"href":"https:\/\/balticoverlanders.eu\/fi\/wp-json\/wp\/v2\/pages\/29704\/revisions"}],"predecessor-version":[{"id":29751,"href":"https:\/\/balticoverlanders.eu\/fi\/wp-json\/wp\/v2\/pages\/29704\/revisions\/29751"}],"wp:attachment":[{"href":"https:\/\/balticoverlanders.eu\/fi\/wp-json\/wp\/v2\/media?parent=29704"}],"curies":[{"name":"wp","href":"https:\/\/api.w.org\/{rel}","templated":true}]}}