{"id":30503,"date":"2023-03-09T12:34:16","date_gmt":"2023-03-09T10:34:16","guid":{"rendered":"https:\/\/balticoverlanders.eu\/ota-yhteytta\/"},"modified":"2024-01-31T23:21:46","modified_gmt":"2024-01-31T21:21:46","slug":"ota-yhteytta","status":"publish","type":"page","link":"https:\/\/balticoverlanders.eu\/fi\/ota-yhteytta\/","title":{"rendered":"Ota yhteytt\u00e4"},"content":{"rendered":"\t\t<div data-elementor-type=\"wp-page\" data-elementor-id=\"30503\" class=\"elementor elementor-30503 elementor-5771\">\n\t\t\t\t\t\t\r\n\t\t<section\t\t class=\" elementor-section elementor-top-section elementor-element elementor-element-dd5d5e2 elementor-section-boxed elementor-section-height-default elementor-section-height-default\" data-id=\"dd5d5e2\" data-element_type=\"section\" data-e-type=\"section\">\r\n\t\t\r\n\t\t\t\t\t\t\t\t\t\t<div class=\"elementor-container elementor-column-gap-default\" >\r\n\r\n\t\t\t\t\r\n\t\t\t\t\t\t\t\t\t\t\t\t\t\t<div\t\t class=\" elementor-column elementor-col-33 elementor-top-column elementor-element elementor-element-2ec9422\" data-id=\"2ec9422\" data-element_type=\"column\" data-e-type=\"column\" data-settings=\"{&quot;background_background&quot;:&quot;classic&quot;}\">\r\n\t\t\t\r\n\t\t\t\r\n\t\t\t\r\n\t\t\t<div class=\"elementor-widget-wrap elementor-element-populated\">\r\n\t\t\t\t\t\t\t\t<div class=\" elementor-element elementor-element-eed5a26 elementor-widget elementor-widget-heading\" data-id=\"eed5a26\" data-element_type=\"widget\" data-e-type=\"widget\" data-widget_type=\"heading.default\">\n\t\t\t\t<div class=\"elementor-widget-container\">\n\t\t\t\t\t<h5 class=\"elementor-heading-title elementor-size-default\">Esittelyn katselu ja toimituksen nouto Riiasta<\/h5>\t\t\t\t<\/div>\n\t\t\t\t<\/div>\n\t\t\t\t<div class=\" elementor-element elementor-element-8588c8a elementor-widget elementor-widget-heading\" data-id=\"8588c8a\" data-element_type=\"widget\" data-e-type=\"widget\" data-widget_type=\"heading.default\">\n\t\t\t\t<div class=\"elementor-widget-container\">\n\t\t\t\t\t<p class=\"elementor-heading-title elementor-size-default\">P\u00c4IV\u00c4 JA AIKA SOVITAAN ETUK\u00c4TEEN!<\/p>\t\t\t\t<\/div>\n\t\t\t\t<\/div>\n\t\t\t\t<div class=\" elementor-element elementor-element-66ce610 elementor-widget elementor-widget-text-editor\" data-id=\"66ce610\" data-element_type=\"widget\" data-e-type=\"widget\" data-widget_type=\"text-editor.default\">\n\t\t\t\t<div class=\"elementor-widget-container\">\n\t\t\t\t\t\t\t\t\t<p>Matisa Street 8, R\u012bga, LV-1001, Latvia<\/p>\n\t\t\t\t\t\t\t\t<\/div>\n\t\t\t\t<\/div>\n\t\t\t\t<div class=\" elementor-element elementor-element-804674d elementor-widget elementor-widget-heading\" data-id=\"804674d\" data-element_type=\"widget\" data-e-type=\"widget\" data-widget_type=\"heading.default\">\n\t\t\t\t<div class=\"elementor-widget-container\">\n\t\t\t\t\t<h5 class=\"elementor-heading-title elementor-size-default\">Puhelinnumero<\/h5>\t\t\t\t<\/div>\n\t\t\t\t<\/div>\n\t\t\t\t<div class=\" elementor-element elementor-element-1b8abbb elementor-widget elementor-widget-text-editor\" data-id=\"1b8abbb\" data-element_type=\"widget\" data-e-type=\"widget\" data-widget_type=\"text-editor.default\">\n\t\t\t\t<div class=\"elementor-widget-container\">\n\t\t\t\t\t\t\t\t\t<p>(+371) 2241-2653<\/p>\n\t\t\t\t\t\t\t\t<\/div>\n\t\t\t\t<\/div>\n\t\t\t\t<div class=\" elementor-element elementor-element-6c0c0da elementor-widget elementor-widget-heading\" data-id=\"6c0c0da\" data-element_type=\"widget\" data-e-type=\"widget\" data-widget_type=\"heading.default\">\n\t\t\t\t<div class=\"elementor-widget-container\">\n\t\t\t\t\t<h5 class=\"elementor-heading-title elementor-size-default\">Tuki<\/h5>\t\t\t\t<\/div>\n\t\t\t\t<\/div>\n\t\t\t\t<div class=\" elementor-element elementor-element-1316bda elementor-widget elementor-widget-text-editor\" data-id=\"1316bda\" data-element_type=\"widget\" data-e-type=\"widget\" data-widget_type=\"text-editor.default\">\n\t\t\t\t<div class=\"elementor-widget-container\">\n\t\t\t\t\t\t\t\t\t<p><a href=\"mailto:info@balticoverlanders.eu\">info@balticoverlanders.eu<\/a><\/p>\n\t\t\t\t\t\t\t\t<\/div>\n\t\t\t\t<\/div>\n\t\t\t\t<div class=\" elementor-element elementor-element-84f5ca3 elementor-widget elementor-widget-heading\" data-id=\"84f5ca3\" data-element_type=\"widget\" data-e-type=\"widget\" data-widget_type=\"heading.default\">\n\t\t\t\t<div class=\"elementor-widget-container\">\n\t\t\t\t\t<h5 class=\"elementor-heading-title elementor-size-default\">Yrityksen tiedot<\/h5>\t\t\t\t<\/div>\n\t\t\t\t<\/div>\n\t\t\t\t<div class=\" elementor-element elementor-element-b828bc0 elementor-widget elementor-widget-text-editor\" data-id=\"b828bc0\" data-element_type=\"widget\" data-e-type=\"widget\" data-widget_type=\"text-editor.default\">\n\t\t\t\t<div class=\"elementor-widget-container\">\n\t\t\t\t\t\t\t\t\t<p><a href=\"https:\/\/company.lursoft.lv\/en\/overland-ready\/40203448240\">OVERLAND VALMIS, SIA<\/a><br \/><strong>Reg. Ei.<\/strong>  40203448240<br \/><strong>ALV-nro.<\/strong>  LV40203448240<br \/><strong>Oikeudellinen osoite:<\/strong> Iecavas iela 1-24, R\u012bga, LV-1083, Latvija.<\/p>\n\t\t\t\t\t\t\t\t<\/div>\n\t\t\t\t<\/div>\n\t\t\t\t<div class=\" elementor-element elementor-element-33a7e2f elementor-widget elementor-widget-heading\" data-id=\"33a7e2f\" data-element_type=\"widget\" data-e-type=\"widget\" data-widget_type=\"heading.default\">\n\t\t\t\t<div class=\"elementor-widget-container\">\n\t\t\t\t\t<h5 class=\"elementor-heading-title elementor-size-default\">Maksutiedot<\/h5>\t\t\t\t<\/div>\n\t\t\t\t<\/div>\n\t\t\t\t<div class=\" elementor-element elementor-element-cb5afc6 elementor-widget elementor-widget-text-editor\" data-id=\"cb5afc6\" data-element_type=\"widget\" data-e-type=\"widget\" data-widget_type=\"text-editor.default\">\n\t\t\t\t<div class=\"elementor-widget-container\">\n\t\t\t\t\t\t\t\t\t<p>Pankki: &#8221;Swedbank AS<br \/>BIC\/S.W.I.F.T.: HABALV22<br \/>IBAN: LV31 HABA 055 105 382 7475<\/p>\n\t\t\t\t\t\t\t\t<\/div>\n\t\t\t\t<\/div>\n\t\t\r\n\t\t\r\n\t\t\t\t\t\t\t<\/div>\r\n\t\t\t\r\n\t\t<\/div>\r\n\t\t\t\t<div\t\t class=\" elementor-column elementor-col-66 elementor-top-column elementor-element elementor-element-e63fa0b\" data-id=\"e63fa0b\" data-element_type=\"column\" data-e-type=\"column\" data-settings=\"{&quot;background_background&quot;:&quot;classic&quot;}\">\r\n\t\t\t\r\n\t\t\t\r\n\t\t\t\r\n\t\t\t<div class=\"elementor-widget-wrap elementor-element-populated\">\r\n\t\t\t\t\t\t\t\t<div class=\" elementor-element elementor-element-2df71f0 elementor-widget elementor-widget-heading\" data-id=\"2df71f0\" data-element_type=\"widget\" data-e-type=\"widget\" data-widget_type=\"heading.default\">\n\t\t\t\t<div class=\"elementor-widget-container\">\n\t\t\t\t\t<h3 class=\"elementor-heading-title elementor-size-default\">Let's Connect<\/h3>\t\t\t\t<\/div>\n\t\t\t\t<\/div>\n\t\t\t\t<div class=\" elementor-element elementor-element-d4efe4d elementor-widget elementor-widget-text-editor\" data-id=\"d4efe4d\" data-element_type=\"widget\" data-e-type=\"widget\" data-widget_type=\"text-editor.default\">\n\t\t\t\t<div class=\"elementor-widget-container\">\n\t\t\t\t\t\t\t\t\t<p>S\u00e4hk\u00f6postiosoitettasi ei julkaista. Pakolliset kent\u00e4t on merkitty *<\/p>\n\t\t\t\t\t\t\t\t<\/div>\n\t\t\t\t<\/div>\n\t\t\t\t<div class=\" elementor-element elementor-element-a8f63ed elementor-widget elementor-widget-shortcode\" data-id=\"a8f63ed\" data-element_type=\"widget\" data-e-type=\"widget\" data-widget_type=\"shortcode.default\">\n\t\t\t\t<div class=\"elementor-widget-container\">\n\t\t\t\t\t\t\t<div class=\"elementor-shortcode\">\n<div class=\"wpcf7 no-js\" id=\"wpcf7-f29721-o1\" lang=\"fi\" dir=\"ltr\" data-wpcf7-id=\"29721\">\n<div class=\"screen-reader-response\"><p role=\"status\" aria-live=\"polite\" aria-atomic=\"true\"><\/p> <ul><\/ul><\/div>\n<form action=\"\/fi\/wp-json\/wp\/v2\/pages\/30503#wpcf7-f29721-o1\" method=\"post\" class=\"wpcf7-form init\" aria-label=\"Yhteydenottolomake\" novalidate=\"novalidate\" data-status=\"init\">\n<fieldset class=\"hidden-fields-container\"><input type=\"hidden\" name=\"_wpcf7\" value=\"29721\" \/><input type=\"hidden\" name=\"_wpcf7_version\" value=\"6.1.5\" \/><input type=\"hidden\" name=\"_wpcf7_locale\" value=\"fi\" \/><input type=\"hidden\" name=\"_wpcf7_unit_tag\" value=\"wpcf7-f29721-o1\" \/><input type=\"hidden\" name=\"_wpcf7_container_post\" value=\"0\" \/><input type=\"hidden\" name=\"_wpcf7_posted_data_hash\" value=\"\" \/><input type=\"hidden\" name=\"_wpcf7_recaptcha_response\" value=\"\" \/>\n<\/fieldset>\n<div class=\"row\">\n\t<div class=\"col-12\">\n\t\t<p><span class=\"wpcf7-form-control-wrap\" data-name=\"client-name\"><input size=\"40\" maxlength=\"400\" class=\"wpcf7-form-control wpcf7-text wpcf7-validates-as-required form-control\" aria-required=\"true\" aria-invalid=\"false\" placeholder=\"Nimi *\" value=\"\" type=\"text\" name=\"client-name\" \/><\/span>\n\t\t<\/p>\n\t<\/div>\n\t<div class=\"col-md-6\">\n\t\t<p><span class=\"wpcf7-form-control-wrap\" data-name=\"phonenumber\"><input size=\"40\" maxlength=\"400\" class=\"wpcf7-form-control wpcf7-text form-control\" aria-invalid=\"false\" placeholder=\"Puhelinnumero\" value=\"\" type=\"text\" name=\"phonenumber\" \/><\/span>\n\t\t<\/p>\n\t<\/div>\n\t<div class=\"col-md-6\">\n\t\t<p><span class=\"wpcf7-form-control-wrap\" data-name=\"email\"><input size=\"40\" maxlength=\"400\" class=\"wpcf7-form-control wpcf7-email wpcf7-validates-as-required wpcf7-text wpcf7-validates-as-email form-control\" aria-required=\"true\" aria-invalid=\"false\" placeholder=\"S\u00e4hk\u00f6posti *\" value=\"\" type=\"email\" name=\"email\" \/><\/span>\n\t\t<\/p>\n\t<\/div>\n\t<div class=\"col-12\">\n\t\t<p><span class=\"wpcf7-form-control-wrap\" data-name=\"message\"><textarea cols=\"40\" rows=\"10\" maxlength=\"2000\" class=\"wpcf7-form-control wpcf7-textarea wpcf7-validates-as-required form-control\" aria-required=\"true\" aria-invalid=\"false\" placeholder=\"Viesti *\" name=\"message\"><\/textarea><\/span>\n\t\t<\/p>\n\t<\/div>\n\t<p><button class=\"btn btn-lg btn-dark\" style=\"padding: 1em 3.42em;\" type=\"submit\">L\u00e4het\u00e4<\/button>\n\t<\/p>\n<\/div><div class=\"wpcf7-response-output\" aria-hidden=\"true\"><\/div>\n<\/form>\n<\/div>\n<\/div>\n\t\t\t\t\t\t<\/div>\n\t\t\t\t<\/div>\n\t\t\r\n\t\t\r\n\t\t\t\t\t\t\t<\/div>\r\n\t\t\t\r\n\t\t<\/div>\r\n\t\t\t\t\t\t\t\t\t\t\t\t\t\t\t\t\t<\/div>\r\n\t\t\t\t\t\t<\/section>\r\n\t\t\t\t\r\n\t\t<section\t\t class=\" elementor-section elementor-top-section elementor-element elementor-element-7861fac elementor-section-boxed elementor-section-height-default elementor-section-height-default\" data-id=\"7861fac\" data-element_type=\"section\" data-e-type=\"section\">\r\n\t\t\r\n\t\t\t\t\t\t\t\t\t\t<div class=\"elementor-container elementor-column-gap-default\" >\r\n\r\n\t\t\t\t\r\n\t\t\t\t\t\t\t\t\t\t\t\t\t\t<div\t\t class=\" elementor-column elementor-col-100 elementor-top-column elementor-element elementor-element-3a59c73\" data-id=\"3a59c73\" data-element_type=\"column\" data-e-type=\"column\">\r\n\t\t\t\r\n\t\t\t\r\n\t\t\t\r\n\t\t\t<div class=\"elementor-widget-wrap elementor-element-populated\">\r\n\t\t\t\t\t\t\t\t\r\n\t\t<section\t\t class=\" elementor-section elementor-inner-section elementor-element elementor-element-e7885d1 elementor-section-boxed elementor-section-height-default elementor-section-height-default\" data-id=\"e7885d1\" data-element_type=\"section\" data-e-type=\"section\">\r\n\t\t\r\n\t\t\t\t\t\t\t\t\t\t<div class=\"elementor-container elementor-column-gap-default\" >\r\n\r\n\t\t\t\t\r\n\t\t\t\t\t\t\t\t\t\t\t\t\t\t<div\t\t class=\" elementor-column elementor-col-100 elementor-inner-column elementor-element elementor-element-2340e78\" data-id=\"2340e78\" data-element_type=\"column\" data-e-type=\"column\">\r\n\t\t\t\r\n\t\t\t\r\n\t\t\t\r\n\t\t\t<div class=\"elementor-widget-wrap elementor-element-populated\">\r\n\t\t\t\t\t\t\t\t<div class=\" elementor-element elementor-element-e06d76d elementor-widget elementor-widget-heading\" data-id=\"e06d76d\" data-element_type=\"widget\" data-e-type=\"widget\" data-widget_type=\"heading.default\">\n\t\t\t\t<div class=\"elementor-widget-container\">\n\t\t\t\t\t<h2 class=\"elementor-heading-title elementor-size-default\">Katso kattoteltat osoitteessa...<\/h2>\t\t\t\t<\/div>\n\t\t\t\t<\/div>\n\t\t\r\n\t\t\r\n\t\t\t\t\t\t\t<\/div>\r\n\t\t\t\r\n\t\t<\/div>\r\n\t\t\t\t\t\t\t\t\t\t\t\t\t\t\t\t\t<\/div>\r\n\t\t\t\t\t\t<\/section>\r\n\t\t\t\t\r\n\t\t<section\t\t class=\" elementor-section elementor-inner-section elementor-element elementor-element-ee4b9c9 elementor-section-full_width elementor-section-height-default elementor-section-height-default\" data-id=\"ee4b9c9\" data-element_type=\"section\" data-e-type=\"section\">\r\n\t\t\r\n\t\t\t\t\t\t\t\t\t\t<div class=\"elementor-container elementor-column-gap-default\" >\r\n\r\n\t\t\t\t\r\n\t\t\t\t\t\t\t\t\t\t\t\t\t\t<div\t\t class=\" elementor-column elementor-col-100 elementor-inner-column elementor-element elementor-element-791478b\" data-id=\"791478b\" data-element_type=\"column\" data-e-type=\"column\">\r\n\t\t\t\r\n\t\t\t\r\n\t\t\t\r\n\t\t\t<div class=\" row cols-lg-2 cols-md-2 cols-sm-1 cols-1  owl-carousel owl-theme elementor-widget-wrap elementor-element-populated\" data-plugin=\"owl\" data-owl-options=\"{&quot;margin&quot;:20,&quot;nav&quot;:false,&quot;dots&quot;:false,&quot;responsive&quot;:{&quot;992&quot;:{&quot;items&quot;:2,&quot;nav&quot;:false,&quot;dots&quot;:false},&quot;768&quot;:{&quot;items&quot;:2,&quot;nav&quot;:false,&quot;dots&quot;:false},&quot;576&quot;:{&quot;items&quot;:1},&quot;0&quot;:{&quot;items&quot;:1}}}\">\r\n\t\t\t\t\t\t\t\t<div class=\" elementor-element elementor-element-4904252 elementor-widget elementor-widget-riode_widget_imagebox\" data-id=\"4904252\" data-element_type=\"widget\" data-e-type=\"widget\" data-widget_type=\"riode_widget_imagebox.default\">\n\t\t\t\t<div class=\"elementor-widget-container\">\n\t\t\t\t\t<div class=\"image-box inner\"><figure><img fetchpriority=\"high\" decoding=\"async\" width=\"710\" height=\"473\" src=\"https:\/\/balticoverlanders.eu\/wp-content\/uploads\/2023\/04\/amserv.png\" class=\"attachment-full size-full wp-image-17516\" alt=\"\" srcset=\"https:\/\/balticoverlanders.eu\/wp-content\/uploads\/2023\/04\/amserv.png 710w, https:\/\/balticoverlanders.eu\/wp-content\/uploads\/2023\/04\/amserv-300x200.png 300w, https:\/\/balticoverlanders.eu\/wp-content\/uploads\/2023\/04\/amserv-150x100.png 150w, https:\/\/balticoverlanders.eu\/wp-content\/uploads\/2023\/04\/amserv-600x400.png 600w\" sizes=\"(max-width: 710px) 100vw, 710px\" \/><div class=\"overlay-visible\"><h3 class=\"title\">Autobrava Motors<\/h3><h4 class=\"subtitle\">Krasta street 42, R\u012bga, LV-1003<\/h4><\/div><div class=\"overlay overlay-transparent\"><\/div><\/figure><\/div>\t\t\t\t<\/div>\n\t\t\t\t<\/div>\n\t\t\t\t<div class=\" elementor-element elementor-element-d18e8f1 elementor-widget elementor-widget-riode_widget_imagebox\" data-id=\"d18e8f1\" data-element_type=\"widget\" data-e-type=\"widget\" data-widget_type=\"riode_widget_imagebox.default\">\n\t\t\t\t<div class=\"elementor-widget-container\">\n\t\t\t\t\t<div class=\"image-box inner\"><figure><img decoding=\"async\" width=\"710\" height=\"473\" src=\"https:\/\/balticoverlanders.eu\/wp-content\/uploads\/2023\/04\/autobrava.png\" class=\"attachment-full size-full wp-image-17521\" alt=\"\" srcset=\"https:\/\/balticoverlanders.eu\/wp-content\/uploads\/2023\/04\/autobrava.png 710w, https:\/\/balticoverlanders.eu\/wp-content\/uploads\/2023\/04\/autobrava-300x200.png 300w, https:\/\/balticoverlanders.eu\/wp-content\/uploads\/2023\/04\/autobrava-150x100.png 150w, https:\/\/balticoverlanders.eu\/wp-content\/uploads\/2023\/04\/autobrava-600x400.png 600w\" sizes=\"(max-width: 710px) 100vw, 710px\" \/><div class=\"overlay-visible\"><h3 class=\"title\">AMSERV MOTORS<\/h3><h4 class=\"subtitle\">Toyota autocenter <br> Krasta street 3, R\u012bga, LV-1003<\/h4><\/div><div class=\"overlay overlay-transparent\"><\/div><\/figure><\/div>\t\t\t\t<\/div>\n\t\t\t\t<\/div>\n\t\t\r\n\t\t\r\n\t\t\t\t\t\t\t<\/div>\r\n\t\t\t\r\n\t\t<\/div>\r\n\t\t\t\t\t\t\t\t\t\t\t\t\t\t\t\t\t<\/div>\r\n\t\t\t\t\t\t<\/section>\r\n\t\t\r\n\t\t\r\n\t\t\t\t\t\t\t<\/div>\r\n\t\t\t\r\n\t\t<\/div>\r\n\t\t\t\t\t\t\t\t\t\t\t\t\t\t\t\t\t<\/div>\r\n\t\t\t\t\t\t<\/section>\r\n\t\t\t\t<\/div>\n\t\t","protected":false},"excerpt":{"rendered":"<p>Esittelyn katselu ja toimituksen nouto Riiasta P\u00c4IV\u00c4 JA AIKA SOVITAAN ETUK\u00c4TEEN! Matisa Street 8, R\u012bga, LV-1001, Latvia Puhelinnumero (+371) 2241-2653 Tuki info@balticoverlanders.eu Yrityksen tiedot OVERLAND VALMIS, SIAReg. Ei. 40203448240ALV-nro. LV40203448240Oikeudellinen osoite: Iecavas iela 1-24, R\u012bga, LV-1083, Latvija. Maksutiedot Pankki: &#8221;Swedbank ASBIC\/S.W.I.F.T.: HABALV22IBAN: LV31 HABA 055 105 382 7475 Let&#8217;s Connect S\u00e4hk\u00f6postiosoitettasi ei julkaista. Pakolliset kent\u00e4t [&hellip;]<\/p>\n","protected":false},"author":1,"featured_media":0,"parent":0,"menu_order":0,"comment_status":"closed","ping_status":"closed","template":"","meta":{"footnotes":""},"class_list":["post-30503","page","type-page","status-publish","hentry"],"yoast_head":"<!-- This site is optimized with the Yoast SEO plugin v27.3 - https:\/\/yoast.com\/product\/yoast-seo-wordpress\/ -->\n<title>Ota yhteytt\u00e4 - BALTIC OVERLANDERS<\/title>\n<meta name=\"robots\" content=\"index, follow, max-snippet:-1, max-image-preview:large, max-video-preview:-1\" \/>\n<link rel=\"canonical\" href=\"https:\/\/balticoverlanders.eu\/fi\/ota-yhteytta\/\" \/>\n<meta property=\"og:locale\" content=\"fi_FI\" \/>\n<meta property=\"og:type\" content=\"article\" \/>\n<meta property=\"og:title\" content=\"Ota yhteytt\u00e4 - BALTIC OVERLANDERS\" \/>\n<meta property=\"og:description\" content=\"Esittelyn katselu ja toimituksen nouto Riiasta P\u00c4IV\u00c4 JA AIKA SOVITAAN ETUK\u00c4TEEN! Matisa Street 8, R\u012bga, LV-1001, Latvia Puhelinnumero (+371) 2241-2653 Tuki info@balticoverlanders.eu Yrityksen tiedot OVERLAND VALMIS, SIAReg. Ei. 40203448240ALV-nro. LV40203448240Oikeudellinen osoite: Iecavas iela 1-24, R\u012bga, LV-1083, Latvija. Maksutiedot Pankki: &#8221;Swedbank ASBIC\/S.W.I.F.T.: HABALV22IBAN: LV31 HABA 055 105 382 7475 Let&#8217;s Connect S\u00e4hk\u00f6postiosoitettasi ei julkaista. Pakolliset kent\u00e4t [&hellip;]\" \/>\n<meta property=\"og:url\" content=\"https:\/\/balticoverlanders.eu\/fi\/ota-yhteytta\/\" \/>\n<meta property=\"og:site_name\" content=\"BALTIC OVERLANDERS\" \/>\n<meta property=\"article:modified_time\" content=\"2024-01-31T21:21:46+00:00\" \/>\n<meta property=\"og:image\" content=\"https:\/\/balticoverlanders.eu\/wp-content\/uploads\/2023\/04\/amserv.png\" \/>\n<meta name=\"twitter:card\" content=\"summary_large_image\" \/>\n<script type=\"application\/ld+json\" class=\"yoast-schema-graph\">{\"@context\":\"https:\\\/\\\/schema.org\",\"@graph\":[{\"@type\":\"WebPage\",\"@id\":\"https:\\\/\\\/balticoverlanders.eu\\\/fi\\\/ota-yhteytta\\\/\",\"url\":\"https:\\\/\\\/balticoverlanders.eu\\\/fi\\\/ota-yhteytta\\\/\",\"name\":\"Ota yhteytt\u00e4 - BALTIC OVERLANDERS\",\"isPartOf\":{\"@id\":\"https:\\\/\\\/balticoverlanders.eu\\\/fi\\\/#website\"},\"primaryImageOfPage\":{\"@id\":\"https:\\\/\\\/balticoverlanders.eu\\\/fi\\\/ota-yhteytta\\\/#primaryimage\"},\"image\":{\"@id\":\"https:\\\/\\\/balticoverlanders.eu\\\/fi\\\/ota-yhteytta\\\/#primaryimage\"},\"thumbnailUrl\":\"https:\\\/\\\/balticoverlanders.eu\\\/wp-content\\\/uploads\\\/2023\\\/04\\\/amserv.png\",\"datePublished\":\"2023-03-09T10:34:16+00:00\",\"dateModified\":\"2024-01-31T21:21:46+00:00\",\"breadcrumb\":{\"@id\":\"https:\\\/\\\/balticoverlanders.eu\\\/fi\\\/ota-yhteytta\\\/#breadcrumb\"},\"inLanguage\":\"fi\",\"potentialAction\":[{\"@type\":\"ReadAction\",\"target\":[\"https:\\\/\\\/balticoverlanders.eu\\\/fi\\\/ota-yhteytta\\\/\"]}]},{\"@type\":\"ImageObject\",\"inLanguage\":\"fi\",\"@id\":\"https:\\\/\\\/balticoverlanders.eu\\\/fi\\\/ota-yhteytta\\\/#primaryimage\",\"url\":\"https:\\\/\\\/balticoverlanders.eu\\\/wp-content\\\/uploads\\\/2023\\\/04\\\/amserv.png\",\"contentUrl\":\"https:\\\/\\\/balticoverlanders.eu\\\/wp-content\\\/uploads\\\/2023\\\/04\\\/amserv.png\"},{\"@type\":\"BreadcrumbList\",\"@id\":\"https:\\\/\\\/balticoverlanders.eu\\\/fi\\\/ota-yhteytta\\\/#breadcrumb\",\"itemListElement\":[{\"@type\":\"ListItem\",\"position\":1,\"name\":\"Home\",\"item\":\"https:\\\/\\\/balticoverlanders.eu\\\/fi\\\/?page_id=30138\"},{\"@type\":\"ListItem\",\"position\":2,\"name\":\"Ota yhteytt\u00e4\"}]},{\"@type\":\"WebSite\",\"@id\":\"https:\\\/\\\/balticoverlanders.eu\\\/fi\\\/#website\",\"url\":\"https:\\\/\\\/balticoverlanders.eu\\\/fi\\\/\",\"name\":\"BALTIC OVERLANDERS\",\"description\":\"Your one-stop shop in Latvia, Estonia, and Lithuania for all your car camping, rooftop tent and accessory needs.\",\"potentialAction\":[{\"@type\":\"SearchAction\",\"target\":{\"@type\":\"EntryPoint\",\"urlTemplate\":\"https:\\\/\\\/balticoverlanders.eu\\\/fi\\\/?s={search_term_string}\"},\"query-input\":{\"@type\":\"PropertyValueSpecification\",\"valueRequired\":true,\"valueName\":\"search_term_string\"}}],\"inLanguage\":\"fi\"}]}<\/script>\n<!-- \/ Yoast SEO plugin. -->","yoast_head_json":{"title":"Ota yhteytt\u00e4 - BALTIC OVERLANDERS","robots":{"index":"index","follow":"follow","max-snippet":"max-snippet:-1","max-image-preview":"max-image-preview:large","max-video-preview":"max-video-preview:-1"},"canonical":"https:\/\/balticoverlanders.eu\/fi\/ota-yhteytta\/","og_locale":"fi_FI","og_type":"article","og_title":"Ota yhteytt\u00e4 - BALTIC OVERLANDERS","og_description":"Esittelyn katselu ja toimituksen nouto Riiasta P\u00c4IV\u00c4 JA AIKA SOVITAAN ETUK\u00c4TEEN! Matisa Street 8, R\u012bga, LV-1001, Latvia Puhelinnumero (+371) 2241-2653 Tuki info@balticoverlanders.eu Yrityksen tiedot OVERLAND VALMIS, SIAReg. Ei. 40203448240ALV-nro. LV40203448240Oikeudellinen osoite: Iecavas iela 1-24, R\u012bga, LV-1083, Latvija. Maksutiedot Pankki: &#8221;Swedbank ASBIC\/S.W.I.F.T.: HABALV22IBAN: LV31 HABA 055 105 382 7475 Let&#8217;s Connect S\u00e4hk\u00f6postiosoitettasi ei julkaista. Pakolliset kent\u00e4t [&hellip;]","og_url":"https:\/\/balticoverlanders.eu\/fi\/ota-yhteytta\/","og_site_name":"BALTIC OVERLANDERS","article_modified_time":"2024-01-31T21:21:46+00:00","og_image":[{"url":"https:\/\/balticoverlanders.eu\/wp-content\/uploads\/2023\/04\/amserv.png","type":"","width":"","height":""}],"twitter_card":"summary_large_image","schema":{"@context":"https:\/\/schema.org","@graph":[{"@type":"WebPage","@id":"https:\/\/balticoverlanders.eu\/fi\/ota-yhteytta\/","url":"https:\/\/balticoverlanders.eu\/fi\/ota-yhteytta\/","name":"Ota yhteytt\u00e4 - BALTIC OVERLANDERS","isPartOf":{"@id":"https:\/\/balticoverlanders.eu\/fi\/#website"},"primaryImageOfPage":{"@id":"https:\/\/balticoverlanders.eu\/fi\/ota-yhteytta\/#primaryimage"},"image":{"@id":"https:\/\/balticoverlanders.eu\/fi\/ota-yhteytta\/#primaryimage"},"thumbnailUrl":"https:\/\/balticoverlanders.eu\/wp-content\/uploads\/2023\/04\/amserv.png","datePublished":"2023-03-09T10:34:16+00:00","dateModified":"2024-01-31T21:21:46+00:00","breadcrumb":{"@id":"https:\/\/balticoverlanders.eu\/fi\/ota-yhteytta\/#breadcrumb"},"inLanguage":"fi","potentialAction":[{"@type":"ReadAction","target":["https:\/\/balticoverlanders.eu\/fi\/ota-yhteytta\/"]}]},{"@type":"ImageObject","inLanguage":"fi","@id":"https:\/\/balticoverlanders.eu\/fi\/ota-yhteytta\/#primaryimage","url":"https:\/\/balticoverlanders.eu\/wp-content\/uploads\/2023\/04\/amserv.png","contentUrl":"https:\/\/balticoverlanders.eu\/wp-content\/uploads\/2023\/04\/amserv.png"},{"@type":"BreadcrumbList","@id":"https:\/\/balticoverlanders.eu\/fi\/ota-yhteytta\/#breadcrumb","itemListElement":[{"@type":"ListItem","position":1,"name":"Home","item":"https:\/\/balticoverlanders.eu\/fi\/?page_id=30138"},{"@type":"ListItem","position":2,"name":"Ota yhteytt\u00e4"}]},{"@type":"WebSite","@id":"https:\/\/balticoverlanders.eu\/fi\/#website","url":"https:\/\/balticoverlanders.eu\/fi\/","name":"BALTIC OVERLANDERS","description":"Your one-stop shop in Latvia, Estonia, and Lithuania for all your car camping, rooftop tent and accessory needs.","potentialAction":[{"@type":"SearchAction","target":{"@type":"EntryPoint","urlTemplate":"https:\/\/balticoverlanders.eu\/fi\/?s={search_term_string}"},"query-input":{"@type":"PropertyValueSpecification","valueRequired":true,"valueName":"search_term_string"}}],"inLanguage":"fi"}]}},"_links":{"self":[{"href":"https:\/\/balticoverlanders.eu\/fi\/wp-json\/wp\/v2\/pages\/30503","targetHints":{"allow":["GET"]}}],"collection":[{"href":"https:\/\/balticoverlanders.eu\/fi\/wp-json\/wp\/v2\/pages"}],"about":[{"href":"https:\/\/balticoverlanders.eu\/fi\/wp-json\/wp\/v2\/types\/page"}],"author":[{"embeddable":true,"href":"https:\/\/balticoverlanders.eu\/fi\/wp-json\/wp\/v2\/users\/1"}],"replies":[{"embeddable":true,"href":"https:\/\/balticoverlanders.eu\/fi\/wp-json\/wp\/v2\/comments?post=30503"}],"version-history":[{"count":3,"href":"https:\/\/balticoverlanders.eu\/fi\/wp-json\/wp\/v2\/pages\/30503\/revisions"}],"predecessor-version":[{"id":30544,"href":"https:\/\/balticoverlanders.eu\/fi\/wp-json\/wp\/v2\/pages\/30503\/revisions\/30544"}],"wp:attachment":[{"href":"https:\/\/balticoverlanders.eu\/fi\/wp-json\/wp\/v2\/media?parent=30503"}],"curies":[{"name":"wp","href":"https:\/\/api.w.org\/{rel}","templated":true}]}}