{"id":30827,"date":"2023-03-09T09:33:19","date_gmt":"2023-03-09T07:33:19","guid":{"rendered":"https:\/\/balticoverlanders.eu\/tietosuojakaytanto\/"},"modified":"2024-01-31T23:22:14","modified_gmt":"2024-01-31T21:22:14","slug":"tietosuojakaytanto","status":"publish","type":"page","link":"https:\/\/balticoverlanders.eu\/fi\/tietosuojakaytanto\/","title":{"rendered":"Tietosuojak\u00e4yt\u00e4nt\u00f6"},"content":{"rendered":"\t\t<div data-elementor-type=\"wp-page\" data-elementor-id=\"30827\" class=\"elementor elementor-30827 elementor-3\">\n\t\t\t\t\t\t\r\n\t\t<section\t\t class=\" elementor-section elementor-top-section elementor-element elementor-element-3d208150 elementor-section-boxed elementor-section-height-default elementor-section-height-default\" data-id=\"3d208150\" data-element_type=\"section\" data-e-type=\"section\">\r\n\t\t\r\n\t\t\t\t\t\t\t\t\t\t<div class=\"elementor-container elementor-column-gap-default\" >\r\n\r\n\t\t\t\t\r\n\t\t\t\t\t\t\t\t\t\t\t\t\t\t<div\t\t class=\" elementor-column elementor-col-100 elementor-top-column elementor-element elementor-element-68f8ef6d\" data-id=\"68f8ef6d\" data-element_type=\"column\" data-e-type=\"column\">\r\n\t\t\t\r\n\t\t\t\r\n\t\t\t\r\n\t\t\t<div class=\"elementor-widget-wrap elementor-element-populated\">\r\n\t\t\t\t\t\t\t\t<div class=\" elementor-element elementor-element-7ca12f77 elementor-widget elementor-widget-text-editor\" data-id=\"7ca12f77\" data-element_type=\"widget\" data-e-type=\"widget\" data-widget_type=\"text-editor.default\">\n\t\t\t\t<div class=\"elementor-widget-container\">\n\t\t\t\t\t\t\t\t\t<p>Tiedot p\u00e4ivitettiin viimeksi 6. huhtikuuta 2023.<\/p>\n<p>Olet tervetullut tutustumaan <strong>Baltic Overlandersin <\/strong>tietosuojak\u00e4yt\u00e4nt\u00f6\u00f6n. T\u00e4ss\u00e4 k\u00e4yt\u00e4nn\u00f6ss\u00e4mme kuvataan, miten osakeyhti\u00f6 (SIA) Overland Ready, rekisterinumero: 40203448240 (j\u00e4ljemp\u00e4n\u00e4 &#8217;SIA&#8217;)  <strong>Baltic Overlanders<\/strong>) ker\u00e4\u00e4 ja k\u00e4sittelee henkil\u00f6tietoja, jotka <strong>Baltic Overlanders <\/strong>saa asiakkailtaan ja henkil\u00f6ilt\u00e4, jotka vierailevat <strong>Baltic Overlandersin <\/strong>Internet-sivustolla tai paikan p\u00e4\u00e4ll\u00e4 (esim. messuilla, tuote-esittelyvarastossa) (j\u00e4ljemp\u00e4n\u00e4 my\u00f6s &#8221;<strong>rekister\u00f6ity<\/strong>&#8221; tai &#8221;<strong>sin\u00e4<\/strong>&#8221;).<\/p>\n<p>Henkil\u00f6tietoja ovat kaikki tiedot, jotka liittyv\u00e4t tunnistettuun tai tunnistettavissa olevaan luonnolliseen henkil\u00f6\u00f6n eli rekister\u00f6ityyn. K\u00e4sittelyll\u00e4 tarkoitetaan kaikkia henkil\u00f6tietoihin kohdistuvia toimenpiteit\u00e4, kuten ker\u00e4\u00e4mist\u00e4, tallentamista, muuttamista, k\u00e4ytt\u00f6\u00e4, kysely\u00e4, poistamista tai tuhoamista.<\/p>\n<p>Henkil\u00f6tietojesi rekisterinpit\u00e4j\u00e4 on <strong>Baltic Overlanders<\/strong>, jonka puoleen k\u00e4\u00e4nnyt yksitt\u00e4istapauksessa hankkiaksesi tuotteen tai saadaksesi palvelun.<\/p>\n<p>Tutustu t\u00e4h\u00e4n tietosuojak\u00e4yt\u00e4nt\u00f6\u00f6n huolellisesti. Jos sinulla on kysytt\u00e4v\u00e4\u00e4 tai toiveita, ota yhteytt\u00e4 Baltic Overlandersiin k\u00e4ytt\u00e4m\u00e4ll\u00e4 kohdassa 11 annettuja tietoja. &#8221;Yhteystiedot&#8221; j\u00e4ljemp\u00e4n\u00e4.<\/p>\n<p>1. Yleiset s\u00e4\u00e4nn\u00f6kset<\/p>\n<p>1.1. T\u00e4ss\u00e4 tietosuojak\u00e4yt\u00e4nn\u00f6ss\u00e4 s\u00e4\u00e4nnell\u00e4\u00e4n henkil\u00f6tietojen ker\u00e4\u00e4misen, k\u00e4sittelyn ja s\u00e4ilytt\u00e4misen periaatteita. Henkil\u00f6tietoja k\u00e4sittelee ja s\u00e4ilytt\u00e4\u00e4 OVERLAND READY SIA, joka on henkil\u00f6tietojen rekisterinpit\u00e4j\u00e4 (j\u00e4ljemp\u00e4n\u00e4 &#8221;rekisterinpit\u00e4j\u00e4&#8221;).<\/p>\n<p>1.2. T\u00e4ss\u00e4 tietosuojak\u00e4yt\u00e4nn\u00f6ss\u00e4 rekister\u00f6idyll\u00e4 tarkoitetaan asiakasta tai muuta luonnollista henkil\u00f6\u00e4, jonka henkil\u00f6tietoja rekisterinpit\u00e4j\u00e4 k\u00e4sittelee.<\/p>\n<p>1.3. T\u00e4ss\u00e4 tietosuojak\u00e4yt\u00e4nn\u00f6ss\u00e4 asiakkaalla tarkoitetaan henkil\u00f6\u00e4, joka ostaa tavaroita tai palveluja rekisterinpit\u00e4j\u00e4n verkkosivustolta.<\/p>\n<p>1.4. Rekisterinpit\u00e4j\u00e4 noudattaa lains\u00e4\u00e4d\u00e4nn\u00f6ss\u00e4 s\u00e4\u00e4dettyj\u00e4 henkil\u00f6tietojen k\u00e4sittely\u00e4 koskevia periaatteita ja muun muassa k\u00e4sittelee henkil\u00f6tietoja laillisesti, oikeudenmukaisesti ja turvallisesti. Rekisterinpit\u00e4j\u00e4 voi ilmoittaa, ett\u00e4 henkil\u00f6tietoja on k\u00e4sitelty lains\u00e4\u00e4d\u00e4nn\u00f6n s\u00e4\u00e4nn\u00f6sten mukaisesti.<\/p>\n<p>2. Henkil\u00f6tietojen ker\u00e4\u00e4minen, k\u00e4sittely ja tallentaminen<\/p>\n<p>2.1. Rekisterinpit\u00e4j\u00e4n ker\u00e4\u00e4m\u00e4t, k\u00e4sittelem\u00e4t ja tallentamat henkil\u00f6tiedot on ker\u00e4tty s\u00e4hk\u00f6isesti, p\u00e4\u00e4asiassa verkkosivuston ja s\u00e4hk\u00f6postin v\u00e4lityksell\u00e4.  <\/p>\n<p>2.2. Jakamalla henkil\u00f6tietojaan rekister\u00f6ity antaa rekisterinpit\u00e4j\u00e4lle oikeuden ker\u00e4t\u00e4, j\u00e4rjest\u00e4\u00e4, k\u00e4ytt\u00e4\u00e4 ja hallinnoida tietosuojaselosteessa m\u00e4\u00e4riteltyj\u00e4 tarkoituksia varten henkil\u00f6tietoja, jotka rekister\u00f6ity jakaa rekisterinpit\u00e4j\u00e4n kanssa joko suoraan tai v\u00e4lillisesti ostaessaan tavaroita tai palveluja verkkosivustolta.<\/p>\n<p>2.3. Rekister\u00f6ity vastaa toimittamiensa tietojen tarkkuudesta, oikeellisuudesta ja eheydest\u00e4. Tietoisesti v\u00e4\u00e4rien tietojen antaminen katsotaan yksityisyyden suojaa koskevan politiikan rikkomiseksi. Rekister\u00f6idyn on ilmoitettava rekisterinpit\u00e4j\u00e4lle v\u00e4litt\u00f6m\u00e4sti kaikista toimitettujen tietojen muutoksista.<\/p>\n<p>2.4. Rekisterinpit\u00e4j\u00e4 ei ole vastuussa vahingoista tai menetyksist\u00e4, joita rekister\u00f6idylle tai kolmannelle osapuolelle aiheutuu siit\u00e4, ett\u00e4 rekister\u00f6ity on antanut v\u00e4\u00e4ri\u00e4 tietoja.<\/p>\n<p>3. Asiakkaiden henkil\u00f6tietojen k\u00e4sittely<\/p>\n<p>3.1. Rekisterinpit\u00e4j\u00e4 voi k\u00e4sitell\u00e4 seuraavia rekister\u00f6idyn henkil\u00f6tietoja:<\/p>\n<p>3.1.1. Etu- ja sukunimi;<\/p>\n<p>3.1.2. Syntym\u00e4aika;<\/p>\n<p>3.1.3. Puhelinnumero;<\/p>\n<p>3.1.4. S\u00e4hk\u00f6postiosoite;<\/p>\n<p>3.1.5. Toimitusosoite;<\/p>\n<p>3.1.6. Pankkitilin numero;<\/p>\n<p>3.1.7. Maksukortin tiedot;<\/p>\n<p>3.1.8. Tapahtumatiedot (tapahtuma-aika, hankitut tuotteet, hinta, maksutiedot jne.).<\/p>\n<p>3.2. Edell\u00e4 mainitun lis\u00e4ksi rekisterinpit\u00e4j\u00e4ll\u00e4 on oikeus ker\u00e4t\u00e4 asiakkaasta tietoja, jotka ovat saatavilla julkisista rekistereist\u00e4.<\/p>\n<p>3.3. Henkil\u00f6tietojen k\u00e4sittelyn oikeusperusta on seuraava (a), (b), (yleisen tietosuoja-asetuksen 6 artiklan 1 kohdan c ja f alakohdan mukaisesti:<\/p>\n<p>(a) rekister\u00f6ity on antanut suostumuksensa henkil\u00f6tietojensa k\u00e4sittelyyn yht\u00e4 tai useampaa erityist\u00e4 tarkoitusta varten;<\/p>\n<p>(b) k\u00e4sittely on tarpeen sellaisen sopimuksen t\u00e4yt\u00e4nt\u00f6\u00f6n panemiseksi, jossa rekister\u00f6ity on osapuolena, tai jotta rekister\u00f6idyn pyynn\u00f6st\u00e4 voidaan toteuttaa toimenpiteit\u00e4 ennen sopimuksen tekemist\u00e4;<\/p>\n<p>(c) k\u00e4sittely on tarpeen rekisterinpit\u00e4j\u00e4\u00e4n kohdistuvan oikeudellisen velvoitteen noudattamiseksi;<\/p>\n<p>(f) k\u00e4sittely on tarpeen rekisterinpit\u00e4j\u00e4n tai kolmannen osapuolen oikeutettujen etujen toteuttamiseksi, paitsi jos rekister\u00f6idyn edut tai perusoikeudet ja -vapaudet, jotka edellytt\u00e4v\u00e4t henkil\u00f6tietojen suojaamista, syrj\u00e4ytt\u00e4v\u00e4t n\u00e4m\u00e4 edut, erityisesti jos rekister\u00f6ity on lapsi.<\/p>\n<p>3.4. Henkil\u00f6tietojen k\u00e4sittely k\u00e4sittelyn tarkoituksen mukaisesti:<\/p>\n<p>3.4.1. K\u00e4sittelyn tarkoitus &#8211; turvallisuus<br \/>Henkil\u00f6tietojen enimm\u00e4iss\u00e4ilytysaika &#8211; laissa m\u00e4\u00e4riteltyjen ehtojen mukaisesti.<\/p>\n<p>3.4.2. K\u00e4sittelyn tarkoitus &#8211; tilausten k\u00e4sittely<br \/>Henkil\u00f6tietojen enimm\u00e4iss\u00e4ilytysaika &#8211; 1 (yksi) vuosi.<\/p>\n<p>3.4.3. K\u00e4sittelyn tarkoitus &#8211; verkkokaupan palvelujen toiminnan varmistaminen.<br \/>Henkil\u00f6tietojen enimm\u00e4iss\u00e4ilytysaika -1 (yksi) vuosi.<\/p>\n<p>3.4.4. K\u00e4sittelyn tarkoitus &#8211; asiakashallinta<br \/>Henkil\u00f6tietojen enimm\u00e4iss\u00e4ilytysaika &#8211; 1 (yksi) vuosi.<\/p>\n<p>3.4.5. K\u00e4sittelyn tarkoitus &#8211; taloudellinen toiminta, kirjanpito<br \/>Henkil\u00f6tietojen enimm\u00e4iss\u00e4ilytysaika &#8211; laissa m\u00e4\u00e4riteltyjen ehtojen mukaisesti.<\/p>\n<p>3.4.6. K\u00e4sittelyn tarkoitus &#8211; markkinointi &#8211; s\u00e4ilyt\u00e4mme suostumuksen perusteella saatuja tietoja p\u00e4\u00e4s\u00e4\u00e4nt\u00f6isesti suostumuksen peruuttamiseen asti tai niin kauan kuin suostumuksessa on sovittu.<\/p>\n<p>3.5. Rekisterinpit\u00e4j\u00e4ll\u00e4 on oikeus jakaa asiakkaiden henkil\u00f6tietoja kolmansille osapuolille, kuten henkil\u00f6tietojen k\u00e4sittelij\u00f6ille, kirjanpit\u00e4jille, kuljetus- ja kuriiripalveluyrityksille sek\u00e4 siirtopalveluja tarjoaville yrityksille. Rekisterinpit\u00e4j\u00e4 vastaa henkil\u00f6tietojen k\u00e4sittelyst\u00e4.  <\/p>\n<p>3.6. Rekisterinpit\u00e4j\u00e4 v\u00e4litt\u00e4\u00e4 maksujen suorittamiseksi tarvittavat henkil\u00f6tiedot.  <\/p>\n<ul>\n<li>alustan makecommerce.lv, joten yrityksemme siirt\u00e4\u00e4 maksujen suorittamiseen tarvittavat henkil\u00f6tiedot alustan omistajalle Maksekeskus AS, rekisterinumero 40203388134, osoite (Latvia): Skanstes iela 12, R\u012bga, LV-1013, Latvia.<\/li>\n<li>alustan inbank.lv, joten yrityksemme siirt\u00e4\u00e4 maksujen suorittamiseen tarvittavat henkil\u00f6tiedot alustan omistajalle SIA &#8221;Inbank Latvia&#8221;, rekisterinumero: 40103821436, virallinen osoite: Akme\u0146u iela 14, R\u012bga, LV-1048,<\/li>\n<\/ul>\n<p>3.6. Rekisterinpit\u00e4j\u00e4 k\u00e4sittelee ja tallentaa rekister\u00f6idyn henkil\u00f6tietoja toteuttamalla organisatorisia ja teknisi\u00e4 toimenpiteit\u00e4 sen varmistamiseksi, ett\u00e4 henkil\u00f6tiedot on suojattu vahingossa tapahtuvalta tai laittomalta tuhoamiselta, muuttamiselta, luovuttamiselta ja muulta laittomalta k\u00e4sittelylt\u00e4.<\/p>\n<p>3.7. Rekisterinpit\u00e4j\u00e4 s\u00e4ilytt\u00e4\u00e4 rekister\u00f6ityjen tiedot k\u00e4sittelyn tarkoituksesta riippuen, mutta enint\u00e4\u00e4n 7 vuotta.<\/p>\n<p>4. Rekister\u00f6idyn oikeudet<\/p>\n<p>4.1. Rekister\u00f6idyll\u00e4 on oikeus saada p\u00e4\u00e4sy henkil\u00f6tietoihinsa ja tutkia niit\u00e4.<\/p>\n<p>4.2. Rekister\u00f6idyll\u00e4 on oikeus saada tietoja henkil\u00f6tietojensa k\u00e4sittelyst\u00e4.<\/p>\n<p>4.3. Rekister\u00f6idyll\u00e4 on oikeus muuttaa tai oikaista virheelliset tiedot.<\/p>\n<p>4.4. Jos rekisterinpit\u00e4j\u00e4 k\u00e4sittelee rekister\u00f6idyn henkil\u00f6tietoja rekister\u00f6idyn antaman suostumuksen perusteella, rekister\u00f6idyll\u00e4 on oikeus peruuttaa suostumuksensa milloin tahansa.<\/p>\n<p>4.5. Rekister\u00f6ity voi k\u00e4ytt\u00e4\u00e4 oikeuksiaan ottamalla yhteytt\u00e4 verkkokaupan asiakastukeen osoitteessa info@balticoverlanders.eu.<\/p>\n<p>4.6. Oikeuksiensa suojaamiseksi rekister\u00f6ity voi tehd\u00e4 valituksen tietosuojavaltuutetulle.<\/p>\n<p>5. Loppus\u00e4\u00e4nn\u00f6kset<\/p>\n<p>5.1. N\u00e4m\u00e4 tietosuojaehdot on laadittu luonnollisten henkil\u00f6iden suojelusta henkil\u00f6tietojen k\u00e4sittelyss\u00e4 ja n\u00e4iden tietojen vapaasta liikkuvuudesta sek\u00e4 direktiivin 95\/46\/EY kumoamisesta (yleinen tietosuoja-asetus) annetun Euroopan parlamentin ja neuvoston asetuksen (EU) 2016\/679, Viron tasavallan henkil\u00f6tietolain sek\u00e4 Viron tasavallan ja Euroopan unionin lains\u00e4\u00e4d\u00e4nn\u00f6n mukaisesti.<\/p>\n<p>5.2. Rekisterinpit\u00e4j\u00e4ll\u00e4 on oikeus muuttaa tietosuojaehtoja osittain tai kokonaan ilmoittamalla muutoksista rekister\u00f6idyille osoitteessa www.balticoverlanders.eu.<\/p>\n<p>6. Verkkosivuston k\u00e4vij\u00e4t<\/p>\n<p>6.1. Kuten useimmat sivuston yll\u00e4pit\u00e4j\u00e4t, Baltic Overlanders ker\u00e4\u00e4 tietoja, jotka eiv\u00e4t ole henkil\u00f6kohtaisesti tunnistettavissa, kuten selaimen tyyppi, kieliasetukset, viittaussivusto sek\u00e4 kunkin k\u00e4vij\u00e4n pyynn\u00f6n p\u00e4iv\u00e4m\u00e4\u00e4r\u00e4 ja kellonaika. Baltic Overlandersin tavoitteena ei-henkil\u00f6kohtaisten tietojen ker\u00e4\u00e4misell\u00e4 on ymm\u00e4rt\u00e4\u00e4 paremmin, miten overland ready -verkkosivuston k\u00e4vij\u00e4t k\u00e4ytt\u00e4v\u00e4t sen verkkosivustoa. Baltic Overlanders voi aika ajoin julkaista koottuja tietoja, joista ei voi tunnistaa henkil\u00f6\u00e4, esimerkiksi julkaisemalla raportin verkkosivuston k\u00e4yt\u00f6n suuntauksista.<\/p>\n<p>7. Turvallisuus<\/p>\n<p>7.1. Henkil\u00f6kohtaisten tietojesi turvallisuus on meille t\u00e4rke\u00e4\u00e4, mutta muistathan, ett\u00e4 mik\u00e4\u00e4n internetin siirtomenetelm\u00e4 tai s\u00e4hk\u00f6inen tallennusmenetelm\u00e4 ei ole 100-prosenttisen turvallinen. Vaikka pyrimme k\u00e4ytt\u00e4m\u00e4\u00e4n kaupallisesti hyv\u00e4ksytt\u00e4vi\u00e4 keinoja henkil\u00f6tietojesi suojaamiseksi, emme voi taata niiden ehdotonta turvallisuutta.<\/p>\n<p>8. Linkit ulkoisiin sivustoihin ja muihin<\/p>\n<p>8.1. Baltic Overlandersin palvelu voi sis\u00e4lt\u00e4\u00e4 linkkej\u00e4 ulkopuolisille sivustoille, joita emme hallinnoi. Jos napsautat kolmannen osapuolen linkki\u00e4, sinut ohjataan kyseiselle kolmannen osapuolen verkkosivustolle. Suosittelemme, ett\u00e4 tutustut jokaisen vierailemasi sivuston tietosuojak\u00e4yt\u00e4nt\u00f6\u00f6n ja k\u00e4ytt\u00f6ehtoihin.<\/p>\n<p>8.2. Emme valvo emmek\u00e4 ota vastuuta kolmansien osapuolten verkkosivustojen, tuotteiden tai palveluiden sis\u00e4ll\u00f6st\u00e4, tietosuojak\u00e4yt\u00e4nn\u00f6ist\u00e4 tai k\u00e4yt\u00e4nn\u00f6ist\u00e4.<\/p>\n<p>9. Yhteenlasketut tilastot<\/p>\n<p>9.1. Baltic Overlanders voi ker\u00e4t\u00e4 tilastoja sivustonsa k\u00e4vij\u00f6iden k\u00e4ytt\u00e4ytymisest\u00e4 ja pid\u00e4tt\u00e4\u00e4 oikeuden esitt\u00e4\u00e4 n\u00e4m\u00e4 tiedot julkisesti tai antaa niit\u00e4 muille. Overland Ready ei kuitenkaan paljasta henkil\u00f6kohtaisesti tunnistettavia tietojasi.<\/p>\n<p>10. Ev\u00e4steet<\/p>\n<p>10.1. Baltic Overlanders k\u00e4ytt\u00e4\u00e4 &#8221;ev\u00e4steit\u00e4&#8221;, vastaavia tekniikoita ja muiden tarjoamia palveluita verkkokokemuksesi rikastuttamiseksi ja parantamiseksi, jotta voimme n\u00e4ytt\u00e4\u00e4 henkil\u00f6kohtaista sis\u00e4lt\u00f6\u00e4, asiaankuuluvaa mainontaa ja tallentaa mieltymyksesi tietokoneellesi.<\/p>\n<p>10.2. Ev\u00e4ste on tietosarja, jonka verkkosivusto tallentaa k\u00e4vij\u00e4n tietokoneelle ja jonka k\u00e4vij\u00e4n selain antaa sivustolle aina, kun k\u00e4vij\u00e4 palaa sivustolle. Baltic Overlanders k\u00e4ytt\u00e4\u00e4 ev\u00e4steit\u00e4 auttaakseen Baltic Overlandersia tunnistamaan ja seuraamaan k\u00e4vij\u00f6it\u00e4, heid\u00e4n verkkosivujensa https:\/\/balticoverlanders.eu k\u00e4ytt\u00f6\u00e4 ja verkkosivujen k\u00e4ytt\u00f6asetuksia. Overland Ready -vierailijoiden, jotka eiv\u00e4t halua ev\u00e4steit\u00e4 tietokoneelleen, on asetettava selaimensa ev\u00e4steiden torjuntaan ennen Baltic Overlanders -verkkosivujen k\u00e4ytt\u00f6\u00e4, jolloin tietyt Baltic Overlanders -verkkosivujen ominaisuudet eiv\u00e4t ehk\u00e4 toimi kunnolla ilman ev\u00e4steit\u00e4.<\/p>\n<p><strong>10.3. Jatkamalla sivustollamme navigointia muuttamatta ev\u00e4steasetuksia, hyv\u00e4ksyt Baltic Overlandersin ev\u00e4steiden k\u00e4yt\u00f6n.<\/strong><\/p>\n<p>11. Yhteystiedot<\/p>\n<p>11.1. Jos sinulla on kysytt\u00e4v\u00e4\u00e4 t\u00e4m\u00e4n tietosuojak\u00e4yt\u00e4nn\u00f6n ehdoista tai siit\u00e4, miten <strong>Baltic Overlanders <\/strong>k\u00e4sittelee tietojasi, tai jos haluat esitt\u00e4\u00e4 henkil\u00f6tietojen k\u00e4sittely\u00e4 koskevia pyynt\u00f6j\u00e4 tai valituksia, ota yhteytt\u00e4 <strong>Baltic Overlandersiin <\/strong>alla olevien yhteystietojen kautta:<\/p>\n<p>Baltic Overlanders (Overland Ready SIA)<\/p>\n<ul>\n<li>Rekisterinumero: 40203448240<\/li>\n<li>Laillinen osoite: Iecavas Street 1-24, R\u012bga, LV-1083, Latvia.<\/li>\n<li>Tilauksen nouto \/ asennus: Matisa Street 8, R\u012bga, LV-1001, Latvia.<\/li>\n<li>S\u00e4hk\u00f6posti: info@balticoverlanders.eu<\/li>\n<li>Matkapuhelin: (+371) 2241-2653<\/li>\n<\/ul>\n\t\t\t\t\t\t\t\t<\/div>\n\t\t\t\t<\/div>\n\t\t\r\n\t\t\r\n\t\t\t\t\t\t\t<\/div>\r\n\t\t\t\r\n\t\t<\/div>\r\n\t\t\t\t\t\t\t\t\t\t\t\t\t\t\t\t\t<\/div>\r\n\t\t\t\t\t\t<\/section>\r\n\t\t\t\t<\/div>\n\t\t","protected":false},"excerpt":{"rendered":"<p>Tiedot p\u00e4ivitettiin viimeksi 6. huhtikuuta 2023. Olet tervetullut tutustumaan Baltic Overlandersin tietosuojak\u00e4yt\u00e4nt\u00f6\u00f6n. T\u00e4ss\u00e4 k\u00e4yt\u00e4nn\u00f6ss\u00e4mme kuvataan, miten osakeyhti\u00f6 (SIA) Overland Ready, rekisterinumero: 40203448240 (j\u00e4ljemp\u00e4n\u00e4 &#8217;SIA&#8217;) Baltic Overlanders) ker\u00e4\u00e4 ja k\u00e4sittelee henkil\u00f6tietoja, jotka Baltic Overlanders saa asiakkailtaan ja henkil\u00f6ilt\u00e4, jotka vierailevat Baltic Overlandersin Internet-sivustolla tai paikan p\u00e4\u00e4ll\u00e4 (esim. messuilla, tuote-esittelyvarastossa) (j\u00e4ljemp\u00e4n\u00e4 my\u00f6s &#8221;rekister\u00f6ity&#8221; tai &#8221;sin\u00e4&#8221;). Henkil\u00f6tietoja ovat [&hellip;]<\/p>\n","protected":false},"author":1,"featured_media":0,"parent":0,"menu_order":0,"comment_status":"closed","ping_status":"open","template":"","meta":{"footnotes":""},"class_list":["post-30827","page","type-page","status-publish","hentry"],"yoast_head":"<!-- This site is optimized with the Yoast SEO plugin v27.3 - https:\/\/yoast.com\/product\/yoast-seo-wordpress\/ -->\n<title>Tietosuojak\u00e4yt\u00e4nt\u00f6 - BALTIC OVERLANDERS<\/title>\n<meta name=\"robots\" content=\"noindex, nofollow\" \/>\n<meta property=\"og:locale\" content=\"fi_FI\" \/>\n<meta property=\"og:type\" content=\"article\" \/>\n<meta property=\"og:title\" content=\"Tietosuojak\u00e4yt\u00e4nt\u00f6 - BALTIC OVERLANDERS\" \/>\n<meta property=\"og:description\" content=\"Tiedot p\u00e4ivitettiin viimeksi 6. huhtikuuta 2023. Olet tervetullut tutustumaan Baltic Overlandersin tietosuojak\u00e4yt\u00e4nt\u00f6\u00f6n. T\u00e4ss\u00e4 k\u00e4yt\u00e4nn\u00f6ss\u00e4mme kuvataan, miten osakeyhti\u00f6 (SIA) Overland Ready, rekisterinumero: 40203448240 (j\u00e4ljemp\u00e4n\u00e4 &#8217;SIA&#8217;) Baltic Overlanders) ker\u00e4\u00e4 ja k\u00e4sittelee henkil\u00f6tietoja, jotka Baltic Overlanders saa asiakkailtaan ja henkil\u00f6ilt\u00e4, jotka vierailevat Baltic Overlandersin Internet-sivustolla tai paikan p\u00e4\u00e4ll\u00e4 (esim. messuilla, tuote-esittelyvarastossa) (j\u00e4ljemp\u00e4n\u00e4 my\u00f6s &#8221;rekister\u00f6ity&#8221; tai &#8221;sin\u00e4&#8221;). Henkil\u00f6tietoja ovat [&hellip;]\" \/>\n<meta property=\"og:url\" content=\"https:\/\/balticoverlanders.eu\/fi\/tietosuojakaytanto\/\" \/>\n<meta property=\"og:site_name\" content=\"BALTIC OVERLANDERS\" \/>\n<meta property=\"article:modified_time\" content=\"2024-01-31T21:22:14+00:00\" \/>\n<meta property=\"og:image\" content=\"https:\/\/balticoverlanders.eu\/wp-content\/uploads\/2023\/04\/BALTIC-OVERLANDERS-LOGO.jpg\" \/>\n\t<meta property=\"og:image:width\" content=\"1497\" \/>\n\t<meta property=\"og:image:height\" content=\"310\" \/>\n\t<meta property=\"og:image:type\" content=\"image\/jpeg\" \/>\n<meta name=\"twitter:card\" content=\"summary_large_image\" \/>\n<meta name=\"twitter:label1\" content=\"Arvioitu lukuaika\" \/>\n\t<meta name=\"twitter:data1\" content=\"7 minuuttia\" \/>\n<script type=\"application\/ld+json\" class=\"yoast-schema-graph\">{\"@context\":\"https:\\\/\\\/schema.org\",\"@graph\":[{\"@type\":\"WebPage\",\"@id\":\"https:\\\/\\\/balticoverlanders.eu\\\/fi\\\/tietosuojakaytanto\\\/\",\"url\":\"https:\\\/\\\/balticoverlanders.eu\\\/fi\\\/tietosuojakaytanto\\\/\",\"name\":\"Tietosuojak\u00e4yt\u00e4nt\u00f6 - BALTIC OVERLANDERS\",\"isPartOf\":{\"@id\":\"https:\\\/\\\/balticoverlanders.eu\\\/fi\\\/#website\"},\"datePublished\":\"2023-03-09T07:33:19+00:00\",\"dateModified\":\"2024-01-31T21:22:14+00:00\",\"breadcrumb\":{\"@id\":\"https:\\\/\\\/balticoverlanders.eu\\\/fi\\\/tietosuojakaytanto\\\/#breadcrumb\"},\"inLanguage\":\"fi\",\"potentialAction\":[{\"@type\":\"ReadAction\",\"target\":[\"https:\\\/\\\/balticoverlanders.eu\\\/fi\\\/tietosuojakaytanto\\\/\"]}]},{\"@type\":\"BreadcrumbList\",\"@id\":\"https:\\\/\\\/balticoverlanders.eu\\\/fi\\\/tietosuojakaytanto\\\/#breadcrumb\",\"itemListElement\":[{\"@type\":\"ListItem\",\"position\":1,\"name\":\"Home\",\"item\":\"https:\\\/\\\/balticoverlanders.eu\\\/fi\\\/?page_id=30138\"},{\"@type\":\"ListItem\",\"position\":2,\"name\":\"Tietosuojak\u00e4yt\u00e4nt\u00f6\"}]},{\"@type\":\"WebSite\",\"@id\":\"https:\\\/\\\/balticoverlanders.eu\\\/fi\\\/#website\",\"url\":\"https:\\\/\\\/balticoverlanders.eu\\\/fi\\\/\",\"name\":\"BALTIC OVERLANDERS\",\"description\":\"Your one-stop shop in Latvia, Estonia, and Lithuania for all your car camping, rooftop tent and accessory needs.\",\"potentialAction\":[{\"@type\":\"SearchAction\",\"target\":{\"@type\":\"EntryPoint\",\"urlTemplate\":\"https:\\\/\\\/balticoverlanders.eu\\\/fi\\\/?s={search_term_string}\"},\"query-input\":{\"@type\":\"PropertyValueSpecification\",\"valueRequired\":true,\"valueName\":\"search_term_string\"}}],\"inLanguage\":\"fi\"}]}<\/script>\n<!-- \/ Yoast SEO plugin. -->","yoast_head_json":{"title":"Tietosuojak\u00e4yt\u00e4nt\u00f6 - BALTIC OVERLANDERS","robots":{"index":"noindex","follow":"nofollow"},"og_locale":"fi_FI","og_type":"article","og_title":"Tietosuojak\u00e4yt\u00e4nt\u00f6 - BALTIC OVERLANDERS","og_description":"Tiedot p\u00e4ivitettiin viimeksi 6. huhtikuuta 2023. Olet tervetullut tutustumaan Baltic Overlandersin tietosuojak\u00e4yt\u00e4nt\u00f6\u00f6n. T\u00e4ss\u00e4 k\u00e4yt\u00e4nn\u00f6ss\u00e4mme kuvataan, miten osakeyhti\u00f6 (SIA) Overland Ready, rekisterinumero: 40203448240 (j\u00e4ljemp\u00e4n\u00e4 &#8217;SIA&#8217;) Baltic Overlanders) ker\u00e4\u00e4 ja k\u00e4sittelee henkil\u00f6tietoja, jotka Baltic Overlanders saa asiakkailtaan ja henkil\u00f6ilt\u00e4, jotka vierailevat Baltic Overlandersin Internet-sivustolla tai paikan p\u00e4\u00e4ll\u00e4 (esim. messuilla, tuote-esittelyvarastossa) (j\u00e4ljemp\u00e4n\u00e4 my\u00f6s &#8221;rekister\u00f6ity&#8221; tai &#8221;sin\u00e4&#8221;). Henkil\u00f6tietoja ovat [&hellip;]","og_url":"https:\/\/balticoverlanders.eu\/fi\/tietosuojakaytanto\/","og_site_name":"BALTIC OVERLANDERS","article_modified_time":"2024-01-31T21:22:14+00:00","og_image":[{"width":1497,"height":310,"url":"https:\/\/balticoverlanders.eu\/wp-content\/uploads\/2023\/04\/BALTIC-OVERLANDERS-LOGO.jpg","type":"image\/jpeg"}],"twitter_card":"summary_large_image","twitter_misc":{"Arvioitu lukuaika":"7 minuuttia"},"schema":{"@context":"https:\/\/schema.org","@graph":[{"@type":"WebPage","@id":"https:\/\/balticoverlanders.eu\/fi\/tietosuojakaytanto\/","url":"https:\/\/balticoverlanders.eu\/fi\/tietosuojakaytanto\/","name":"Tietosuojak\u00e4yt\u00e4nt\u00f6 - BALTIC OVERLANDERS","isPartOf":{"@id":"https:\/\/balticoverlanders.eu\/fi\/#website"},"datePublished":"2023-03-09T07:33:19+00:00","dateModified":"2024-01-31T21:22:14+00:00","breadcrumb":{"@id":"https:\/\/balticoverlanders.eu\/fi\/tietosuojakaytanto\/#breadcrumb"},"inLanguage":"fi","potentialAction":[{"@type":"ReadAction","target":["https:\/\/balticoverlanders.eu\/fi\/tietosuojakaytanto\/"]}]},{"@type":"BreadcrumbList","@id":"https:\/\/balticoverlanders.eu\/fi\/tietosuojakaytanto\/#breadcrumb","itemListElement":[{"@type":"ListItem","position":1,"name":"Home","item":"https:\/\/balticoverlanders.eu\/fi\/?page_id=30138"},{"@type":"ListItem","position":2,"name":"Tietosuojak\u00e4yt\u00e4nt\u00f6"}]},{"@type":"WebSite","@id":"https:\/\/balticoverlanders.eu\/fi\/#website","url":"https:\/\/balticoverlanders.eu\/fi\/","name":"BALTIC OVERLANDERS","description":"Your one-stop shop in Latvia, Estonia, and Lithuania for all your car camping, rooftop tent and accessory needs.","potentialAction":[{"@type":"SearchAction","target":{"@type":"EntryPoint","urlTemplate":"https:\/\/balticoverlanders.eu\/fi\/?s={search_term_string}"},"query-input":{"@type":"PropertyValueSpecification","valueRequired":true,"valueName":"search_term_string"}}],"inLanguage":"fi"}]}},"_links":{"self":[{"href":"https:\/\/balticoverlanders.eu\/fi\/wp-json\/wp\/v2\/pages\/30827","targetHints":{"allow":["GET"]}}],"collection":[{"href":"https:\/\/balticoverlanders.eu\/fi\/wp-json\/wp\/v2\/pages"}],"about":[{"href":"https:\/\/balticoverlanders.eu\/fi\/wp-json\/wp\/v2\/types\/page"}],"author":[{"embeddable":true,"href":"https:\/\/balticoverlanders.eu\/fi\/wp-json\/wp\/v2\/users\/1"}],"replies":[{"embeddable":true,"href":"https:\/\/balticoverlanders.eu\/fi\/wp-json\/wp\/v2\/comments?post=30827"}],"version-history":[{"count":2,"href":"https:\/\/balticoverlanders.eu\/fi\/wp-json\/wp\/v2\/pages\/30827\/revisions"}],"predecessor-version":[{"id":30840,"href":"https:\/\/balticoverlanders.eu\/fi\/wp-json\/wp\/v2\/pages\/30827\/revisions\/30840"}],"wp:attachment":[{"href":"https:\/\/balticoverlanders.eu\/fi\/wp-json\/wp\/v2\/media?parent=30827"}],"curies":[{"name":"wp","href":"https:\/\/api.w.org\/{rel}","templated":true}]}}