{"id":29529,"date":"2023-04-13T10:44:30","date_gmt":"2023-04-13T07:44:30","guid":{"rendered":"https:\/\/balticoverlanders.eu\/product\/james-baroud-barbecue\/"},"modified":"2024-01-31T23:11:01","modified_gmt":"2024-01-31T21:11:01","slug":"james-baroud-barbecue","status":"publish","type":"product","link":"https:\/\/balticoverlanders.eu\/fi\/tuote\/james-baroud-barbecue\/","title":{"rendered":"James Baroud Barbecue"},"content":{"rendered":"<p>James Baroudin 2mm ruostumattomasta ter\u00e4ksest\u00e4 valmistettu grilli painaa 7 kg ja mahtuu 57x33x3 pussiin. Kest\u00e4v\u00e4 ja k\u00e4yt\u00e4nn\u00f6llinen, vie vain v\u00e4h\u00e4n s\u00e4ilytystilaa.<\/p>\n<ul>\n<li>Se tarkoittaa, ett\u00e4 sit\u00e4 voidaan s\u00e4ilytt\u00e4\u00e4 miss\u00e4 tahansa, istuimen takana tai laatikon alla.<\/li>\n<li>Se koostuu kuudesta laserleikatusta 2 mm paksusta ruostumattomasta ter\u00e4ksest\u00e4 valmistetusta levyst\u00e4.<\/li>\n<li>Vasen puoli grillausta varten ja oikea puoli \u00e0 la plancha -kypsennyst\u00e4 varten.<\/li>\n<li>Sen sivuilla ja alapuolella on lukuisia tuuletusaukkoja, jotka mahdollistavat paremman ilmankierron ja nopean sytytt\u00e4misen.<\/li>\n<\/ul>\n","protected":false},"excerpt":{"rendered":"<p>James Baroudin 2mm ruostumattomasta ter\u00e4ksest\u00e4 valmistettu grilli painaa 7 kg ja mahtuu 57x33x3 pussiin. Kest\u00e4v\u00e4 ja k\u00e4yt\u00e4nn\u00f6llinen, vie vain v\u00e4h\u00e4n s\u00e4ilytystilaa. Se tarkoittaa, ett\u00e4 sit\u00e4 voidaan s\u00e4ilytt\u00e4\u00e4 miss\u00e4 tahansa, istuimen takana tai laatikon alla. Se koostuu kuudesta laserleikatusta 2 mm paksusta ruostumattomasta ter\u00e4ksest\u00e4 valmistetusta levyst\u00e4. Vasen puoli grillausta varten ja oikea puoli \u00e0 la plancha [&hellip;]<\/p>\n","protected":false},"featured_media":19089,"template":"","meta":[],"product_brand":[],"product_cat":[365,366],"product_tag":[],"class_list":{"0":"post-29529","1":"product","2":"type-product","3":"status-publish","4":"has-post-thumbnail","6":"product_cat-james-baroud-fi","7":"product_cat-kattoteltan-lisavarusteet","9":"first","10":"onbackorder","11":"taxable","12":"shipping-taxable","13":"purchasable","14":"product-type-simple"},"yoast_head":"<!-- This site is optimized with the Yoast SEO plugin v27.3 - https:\/\/yoast.com\/product\/yoast-seo-wordpress\/ -->\n<title>James Baroud Barbecue - BALTIC OVERLANDERS<\/title>\n<meta name=\"robots\" content=\"index, follow, max-snippet:-1, max-image-preview:large, max-video-preview:-1\" \/>\n<link rel=\"canonical\" href=\"https:\/\/balticoverlanders.eu\/fi\/tuote\/james-baroud-barbecue\/\" \/>\n<meta property=\"og:locale\" content=\"fi_FI\" \/>\n<meta property=\"og:type\" content=\"article\" \/>\n<meta property=\"og:title\" content=\"James Baroud Barbecue - BALTIC OVERLANDERS\" \/>\n<meta property=\"og:description\" content=\"James Baroudin 2mm ruostumattomasta ter\u00e4ksest\u00e4 valmistettu grilli painaa 7 kg ja mahtuu 57x33x3 pussiin. Kest\u00e4v\u00e4 ja k\u00e4yt\u00e4nn\u00f6llinen, vie vain v\u00e4h\u00e4n s\u00e4ilytystilaa. Se tarkoittaa, ett\u00e4 sit\u00e4 voidaan s\u00e4ilytt\u00e4\u00e4 miss\u00e4 tahansa, istuimen takana tai laatikon alla. Se koostuu kuudesta laserleikatusta 2 mm paksusta ruostumattomasta ter\u00e4ksest\u00e4 valmistetusta levyst\u00e4. Vasen puoli grillausta varten ja oikea puoli \u00e0 la plancha [&hellip;]\" \/>\n<meta property=\"og:url\" content=\"https:\/\/balticoverlanders.eu\/fi\/tuote\/james-baroud-barbecue\/\" \/>\n<meta property=\"og:site_name\" content=\"BALTIC OVERLANDERS\" \/>\n<meta property=\"article:modified_time\" content=\"2024-01-31T21:11:01+00:00\" \/>\n<meta property=\"og:image\" content=\"https:\/\/balticoverlanders.eu\/wp-content\/uploads\/2023\/04\/14_james_baroud_products_accessories_barbeque_8194265736070345fce9b3.png\" \/>\n\t<meta property=\"og:image:width\" content=\"685\" \/>\n\t<meta property=\"og:image:height\" content=\"562\" \/>\n\t<meta property=\"og:image:type\" content=\"image\/png\" \/>\n<meta name=\"twitter:card\" content=\"summary_large_image\" \/>\n<script type=\"application\/ld+json\" class=\"yoast-schema-graph\">{\"@context\":\"https:\\\/\\\/schema.org\",\"@graph\":[{\"@type\":\"WebPage\",\"@id\":\"https:\\\/\\\/balticoverlanders.eu\\\/fi\\\/tuote\\\/james-baroud-barbecue\\\/\",\"url\":\"https:\\\/\\\/balticoverlanders.eu\\\/fi\\\/tuote\\\/james-baroud-barbecue\\\/\",\"name\":\"James Baroud Barbecue - BALTIC OVERLANDERS\",\"isPartOf\":{\"@id\":\"https:\\\/\\\/balticoverlanders.eu\\\/fi\\\/#website\"},\"primaryImageOfPage\":{\"@id\":\"https:\\\/\\\/balticoverlanders.eu\\\/fi\\\/tuote\\\/james-baroud-barbecue\\\/#primaryimage\"},\"image\":{\"@id\":\"https:\\\/\\\/balticoverlanders.eu\\\/fi\\\/tuote\\\/james-baroud-barbecue\\\/#primaryimage\"},\"thumbnailUrl\":\"https:\\\/\\\/balticoverlanders.eu\\\/wp-content\\\/uploads\\\/2023\\\/04\\\/14_james_baroud_products_accessories_barbeque_8194265736070345fce9b3.png\",\"datePublished\":\"2023-04-13T07:44:30+00:00\",\"dateModified\":\"2024-01-31T21:11:01+00:00\",\"breadcrumb\":{\"@id\":\"https:\\\/\\\/balticoverlanders.eu\\\/fi\\\/tuote\\\/james-baroud-barbecue\\\/#breadcrumb\"},\"inLanguage\":\"fi\",\"potentialAction\":[{\"@type\":\"ReadAction\",\"target\":[\"https:\\\/\\\/balticoverlanders.eu\\\/fi\\\/tuote\\\/james-baroud-barbecue\\\/\"]}]},{\"@type\":\"ImageObject\",\"inLanguage\":\"fi\",\"@id\":\"https:\\\/\\\/balticoverlanders.eu\\\/fi\\\/tuote\\\/james-baroud-barbecue\\\/#primaryimage\",\"url\":\"https:\\\/\\\/balticoverlanders.eu\\\/wp-content\\\/uploads\\\/2023\\\/04\\\/14_james_baroud_products_accessories_barbeque_8194265736070345fce9b3.png\",\"contentUrl\":\"https:\\\/\\\/balticoverlanders.eu\\\/wp-content\\\/uploads\\\/2023\\\/04\\\/14_james_baroud_products_accessories_barbeque_8194265736070345fce9b3.png\",\"width\":685,\"height\":562},{\"@type\":\"BreadcrumbList\",\"@id\":\"https:\\\/\\\/balticoverlanders.eu\\\/fi\\\/tuote\\\/james-baroud-barbecue\\\/#breadcrumb\",\"itemListElement\":[{\"@type\":\"ListItem\",\"position\":1,\"name\":\"Home\",\"item\":\"https:\\\/\\\/balticoverlanders.eu\\\/fi\\\/?page_id=30138\"},{\"@type\":\"ListItem\",\"position\":2,\"name\":\"Kauppa\",\"item\":\"https:\\\/\\\/balticoverlanders.eu\\\/fi\\\/?page_id=30882\"},{\"@type\":\"ListItem\",\"position\":3,\"name\":\"James Baroud Barbecue\"}]},{\"@type\":\"WebSite\",\"@id\":\"https:\\\/\\\/balticoverlanders.eu\\\/fi\\\/#website\",\"url\":\"https:\\\/\\\/balticoverlanders.eu\\\/fi\\\/\",\"name\":\"BALTIC OVERLANDERS\",\"description\":\"Your one-stop shop in Latvia, Estonia, and Lithuania for all your car camping, rooftop tent and accessory needs.\",\"potentialAction\":[{\"@type\":\"SearchAction\",\"target\":{\"@type\":\"EntryPoint\",\"urlTemplate\":\"https:\\\/\\\/balticoverlanders.eu\\\/fi\\\/?s={search_term_string}\"},\"query-input\":{\"@type\":\"PropertyValueSpecification\",\"valueRequired\":true,\"valueName\":\"search_term_string\"}}],\"inLanguage\":\"fi\"}]}<\/script>\n<!-- \/ Yoast SEO plugin. -->","yoast_head_json":{"title":"James Baroud Barbecue - BALTIC OVERLANDERS","robots":{"index":"index","follow":"follow","max-snippet":"max-snippet:-1","max-image-preview":"max-image-preview:large","max-video-preview":"max-video-preview:-1"},"canonical":"https:\/\/balticoverlanders.eu\/fi\/tuote\/james-baroud-barbecue\/","og_locale":"fi_FI","og_type":"article","og_title":"James Baroud Barbecue - BALTIC OVERLANDERS","og_description":"James Baroudin 2mm ruostumattomasta ter\u00e4ksest\u00e4 valmistettu grilli painaa 7 kg ja mahtuu 57x33x3 pussiin. Kest\u00e4v\u00e4 ja k\u00e4yt\u00e4nn\u00f6llinen, vie vain v\u00e4h\u00e4n s\u00e4ilytystilaa. Se tarkoittaa, ett\u00e4 sit\u00e4 voidaan s\u00e4ilytt\u00e4\u00e4 miss\u00e4 tahansa, istuimen takana tai laatikon alla. Se koostuu kuudesta laserleikatusta 2 mm paksusta ruostumattomasta ter\u00e4ksest\u00e4 valmistetusta levyst\u00e4. Vasen puoli grillausta varten ja oikea puoli \u00e0 la plancha [&hellip;]","og_url":"https:\/\/balticoverlanders.eu\/fi\/tuote\/james-baroud-barbecue\/","og_site_name":"BALTIC OVERLANDERS","article_modified_time":"2024-01-31T21:11:01+00:00","og_image":[{"width":685,"height":562,"url":"https:\/\/balticoverlanders.eu\/wp-content\/uploads\/2023\/04\/14_james_baroud_products_accessories_barbeque_8194265736070345fce9b3.png","type":"image\/png"}],"twitter_card":"summary_large_image","schema":{"@context":"https:\/\/schema.org","@graph":[{"@type":"WebPage","@id":"https:\/\/balticoverlanders.eu\/fi\/tuote\/james-baroud-barbecue\/","url":"https:\/\/balticoverlanders.eu\/fi\/tuote\/james-baroud-barbecue\/","name":"James Baroud Barbecue - BALTIC OVERLANDERS","isPartOf":{"@id":"https:\/\/balticoverlanders.eu\/fi\/#website"},"primaryImageOfPage":{"@id":"https:\/\/balticoverlanders.eu\/fi\/tuote\/james-baroud-barbecue\/#primaryimage"},"image":{"@id":"https:\/\/balticoverlanders.eu\/fi\/tuote\/james-baroud-barbecue\/#primaryimage"},"thumbnailUrl":"https:\/\/balticoverlanders.eu\/wp-content\/uploads\/2023\/04\/14_james_baroud_products_accessories_barbeque_8194265736070345fce9b3.png","datePublished":"2023-04-13T07:44:30+00:00","dateModified":"2024-01-31T21:11:01+00:00","breadcrumb":{"@id":"https:\/\/balticoverlanders.eu\/fi\/tuote\/james-baroud-barbecue\/#breadcrumb"},"inLanguage":"fi","potentialAction":[{"@type":"ReadAction","target":["https:\/\/balticoverlanders.eu\/fi\/tuote\/james-baroud-barbecue\/"]}]},{"@type":"ImageObject","inLanguage":"fi","@id":"https:\/\/balticoverlanders.eu\/fi\/tuote\/james-baroud-barbecue\/#primaryimage","url":"https:\/\/balticoverlanders.eu\/wp-content\/uploads\/2023\/04\/14_james_baroud_products_accessories_barbeque_8194265736070345fce9b3.png","contentUrl":"https:\/\/balticoverlanders.eu\/wp-content\/uploads\/2023\/04\/14_james_baroud_products_accessories_barbeque_8194265736070345fce9b3.png","width":685,"height":562},{"@type":"BreadcrumbList","@id":"https:\/\/balticoverlanders.eu\/fi\/tuote\/james-baroud-barbecue\/#breadcrumb","itemListElement":[{"@type":"ListItem","position":1,"name":"Home","item":"https:\/\/balticoverlanders.eu\/fi\/?page_id=30138"},{"@type":"ListItem","position":2,"name":"Kauppa","item":"https:\/\/balticoverlanders.eu\/fi\/?page_id=30882"},{"@type":"ListItem","position":3,"name":"James Baroud Barbecue"}]},{"@type":"WebSite","@id":"https:\/\/balticoverlanders.eu\/fi\/#website","url":"https:\/\/balticoverlanders.eu\/fi\/","name":"BALTIC OVERLANDERS","description":"Your one-stop shop in Latvia, Estonia, and Lithuania for all your car camping, rooftop tent and accessory needs.","potentialAction":[{"@type":"SearchAction","target":{"@type":"EntryPoint","urlTemplate":"https:\/\/balticoverlanders.eu\/fi\/?s={search_term_string}"},"query-input":{"@type":"PropertyValueSpecification","valueRequired":true,"valueName":"search_term_string"}}],"inLanguage":"fi"}]}},"_links":{"self":[{"href":"https:\/\/balticoverlanders.eu\/fi\/wp-json\/wp\/v2\/product\/29529","targetHints":{"allow":["GET"]}}],"collection":[{"href":"https:\/\/balticoverlanders.eu\/fi\/wp-json\/wp\/v2\/product"}],"about":[{"href":"https:\/\/balticoverlanders.eu\/fi\/wp-json\/wp\/v2\/types\/product"}],"wp:featuredmedia":[{"embeddable":true,"href":"https:\/\/balticoverlanders.eu\/fi\/wp-json\/wp\/v2\/media\/19089"}],"wp:attachment":[{"href":"https:\/\/balticoverlanders.eu\/fi\/wp-json\/wp\/v2\/media?parent=29529"}],"wp:term":[{"taxonomy":"product_brand","embeddable":true,"href":"https:\/\/balticoverlanders.eu\/fi\/wp-json\/wp\/v2\/product_brand?post=29529"},{"taxonomy":"product_cat","embeddable":true,"href":"https:\/\/balticoverlanders.eu\/fi\/wp-json\/wp\/v2\/product_cat?post=29529"},{"taxonomy":"product_tag","embeddable":true,"href":"https:\/\/balticoverlanders.eu\/fi\/wp-json\/wp\/v2\/product_tag?post=29529"}],"curies":[{"name":"wp","href":"https:\/\/api.w.org\/{rel}","templated":true}]}}