{"id":29633,"date":"2023-04-18T17:41:07","date_gmt":"2023-04-18T14:41:07","guid":{"rendered":"https:\/\/balticoverlanders.eu\/product\/james-baroud-sivumarkiisit-sivuseinat\/"},"modified":"2024-01-31T23:11:15","modified_gmt":"2024-01-31T21:11:15","slug":"james-baroud-sivumarkiisit-sivuseinat","status":"publish","type":"product","link":"https:\/\/balticoverlanders.eu\/fi\/tuote\/james-baroud-sivumarkiisit-sivuseinat\/","title":{"rendered":"James Baroud Sivumarkiisit sivusein\u00e4t"},"content":{"rendered":"<p>Etsitk\u00f6 lis\u00e4suojaa ja yksityisyytt\u00e4 telttaillessasi kattoteltalla? JAMES BAROUD SIDE-AWNING on nyt saatavana kolmen sivusein\u00e4n sarjalla, jossa on suuret ikkunat ja yksi ovi. T\u00e4m\u00e4n sarjan avulla voit luoda lis\u00e4\u00e4 puku- ja oleskelutiloja ja samalla suojautua auringolta tai sateelta.<\/p>\n<p>Seuraavassa on joitakin JAMES BAROUD SIVUOVEN SIVUSEIN\u00c4LL\u00c4 varustetun JAMES BAROUD SIDE-AWNINGin t\u00e4rkeimpi\u00e4 ominaisuuksia:<\/p>\n<ul>\n<li>Puoliympyr\u00e4n muotoinen profiili, jossa on my\u00f6hemmin putkikisko, kiinnitet\u00e4\u00e4n poikkipalkkiin ja kattoverhoiluun, ja sivusein\u00e4m\u00e4 vedet\u00e4\u00e4n putkikiskoon. N\u00e4in luodaan tuuli- ja vesitiivis liitos.<\/li>\n<li>Etusein\u00e4 vedet\u00e4\u00e4n alumiiniprofiilin putkikiskoon ja liitet\u00e4\u00e4n sivuseiniin vetoketjulla, mik\u00e4 takaa t\u00e4ydellisen yksityisyyden.<\/li>\n<li>Sivumarkiisin sivuseinien korkeus on noin 170-175 cm, joten siin\u00e4 on riitt\u00e4v\u00e4sti tilaa seisoa ja liikkua mukavasti.<\/li>\n<li>Vesisulkusauma on noin 30 cm, mik\u00e4 takaa, ett\u00e4 pysyt kuivana sateisissa olosuhteissa.<\/li>\n<li>Py\u00f6ristetyt ikkunat ovat todellinen katseenvangitsija, ja ne luovat valoisan ja yst\u00e4v\u00e4llisen tunnelman markiisin sis\u00e4lle.<\/li>\n<li>Ikkunat on varustettu hyttysverkoilla, ja ne voidaan tarvittaessa sulkea l\u00e4pin\u00e4kym\u00e4tt\u00f6miksi, jolloin saat t\u00e4ydellisen yksityisyyden ja suojan.<\/li>\n<\/ul>\n<p>JAMES BAROUD SIDE-AWNING -markiisin mukana toimitetuista kuvista k\u00e4y selv\u00e4sti ilmi, kuinka helppoa on asentaa ajoneuvon kylkeen kiinnitett\u00e4v\u00e4n markiisin sivupaneelit.<\/p>\n","protected":false},"excerpt":{"rendered":"<ul>\n<li>Lis\u00e4\u00e4 JAMES BAROUD SIDE-AWNING -m\u00f6kkiin kolme sivusein\u00e4\u00e4, joissa on suuret ikkunat ja ovi, niin saat lis\u00e4suojaa ja yksityisyytt\u00e4.<\/li>\n<li>Putkikiskolla varustettu puoliympyr\u00e4n muotoinen profiili mahdollistaa helpon kokoonpanon sek\u00e4 tuuli- ja vesitiiviit liitokset.<\/li>\n<\/ul>\n<p>Saatavana kahta kokoa, jotka sopivat molempien James Baroudin sivumarkiisin mittoihin:<\/p>\n<ul>\n<li>200 cm x 270 cm<\/li>\n<li>250 cm x 270 cm<\/li>\n<\/ul>\n","protected":false},"featured_media":29634,"template":"","meta":[],"product_brand":[],"product_cat":[365],"product_tag":[],"class_list":{"0":"post-29633","1":"product","2":"type-product","3":"status-publish","4":"has-post-thumbnail","6":"product_cat-james-baroud-fi","8":"first","9":"instock","10":"taxable","11":"shipping-taxable","12":"purchasable","13":"product-type-variable"},"yoast_head":"<!-- This site is optimized with the Yoast SEO plugin v27.3 - https:\/\/yoast.com\/product\/yoast-seo-wordpress\/ -->\n<title>JAMES BAROUD SIVUSIVUSEIN\u00c4T | Lis\u00e4suojaa ja yksityisyytt\u00e4<\/title>\n<meta name=\"description\" content=\"Luo lis\u00e4\u00e4 puku- ja oleskelutiloja JAMES BAROUD SIDE-AWNING -sarjalla, jossa on kolme sivusein\u00e4\u00e4, joissa on suuret ikkunat ja ovi. Helppo kokoonpano sek\u00e4 tuulenpit\u00e4v\u00e4 ja vesitiivis liit\u00e4nt\u00e4.\" \/>\n<meta name=\"robots\" content=\"index, follow, max-snippet:-1, max-image-preview:large, max-video-preview:-1\" \/>\n<link rel=\"canonical\" href=\"https:\/\/balticoverlanders.eu\/fi\/tuote\/james-baroud-sivumarkiisit-sivuseinat\/\" \/>\n<meta property=\"og:locale\" content=\"fi_FI\" \/>\n<meta property=\"og:type\" content=\"article\" \/>\n<meta property=\"og:title\" content=\"JAMES BAROUD SIVUSIVUSEIN\u00c4T | Lis\u00e4suojaa ja yksityisyytt\u00e4\" \/>\n<meta property=\"og:description\" content=\"Luo lis\u00e4\u00e4 puku- ja oleskelutiloja JAMES BAROUD SIDE-AWNING -sarjalla, jossa on kolme sivusein\u00e4\u00e4, joissa on suuret ikkunat ja ovi. Helppo kokoonpano sek\u00e4 tuulenpit\u00e4v\u00e4 ja vesitiivis liit\u00e4nt\u00e4.\" \/>\n<meta property=\"og:url\" content=\"https:\/\/balticoverlanders.eu\/fi\/tuote\/james-baroud-sivumarkiisit-sivuseinat\/\" \/>\n<meta property=\"og:site_name\" content=\"BALTIC OVERLANDERS\" \/>\n<meta property=\"article:modified_time\" content=\"2024-01-31T21:11:15+00:00\" \/>\n<meta property=\"og:image\" content=\"https:\/\/balticoverlanders.eu\/wp-content\/uploads\/2023\/04\/James-Baroud-Products-Accessories-Awning-Walls-3.jpg\" \/>\n\t<meta property=\"og:image:width\" content=\"1134\" \/>\n\t<meta property=\"og:image:height\" content=\"850\" \/>\n\t<meta property=\"og:image:type\" content=\"image\/jpeg\" \/>\n<meta name=\"twitter:card\" content=\"summary_large_image\" \/>\n<meta name=\"twitter:label1\" content=\"Arvioitu lukuaika\" \/>\n\t<meta name=\"twitter:data1\" content=\"1 minuutti\" \/>\n<script type=\"application\/ld+json\" class=\"yoast-schema-graph\">{\"@context\":\"https:\\\/\\\/schema.org\",\"@graph\":[{\"@type\":\"WebPage\",\"@id\":\"https:\\\/\\\/balticoverlanders.eu\\\/fi\\\/tuote\\\/james-baroud-sivumarkiisit-sivuseinat\\\/\",\"url\":\"https:\\\/\\\/balticoverlanders.eu\\\/fi\\\/tuote\\\/james-baroud-sivumarkiisit-sivuseinat\\\/\",\"name\":\"JAMES BAROUD SIVUSIVUSEIN\u00c4T | Lis\u00e4suojaa ja yksityisyytt\u00e4\",\"isPartOf\":{\"@id\":\"https:\\\/\\\/balticoverlanders.eu\\\/fi\\\/#website\"},\"primaryImageOfPage\":{\"@id\":\"https:\\\/\\\/balticoverlanders.eu\\\/fi\\\/tuote\\\/james-baroud-sivumarkiisit-sivuseinat\\\/#primaryimage\"},\"image\":{\"@id\":\"https:\\\/\\\/balticoverlanders.eu\\\/fi\\\/tuote\\\/james-baroud-sivumarkiisit-sivuseinat\\\/#primaryimage\"},\"thumbnailUrl\":\"https:\\\/\\\/balticoverlanders.eu\\\/wp-content\\\/uploads\\\/2023\\\/04\\\/James-Baroud-Products-Accessories-Awning-Walls-3.jpg\",\"datePublished\":\"2023-04-18T14:41:07+00:00\",\"dateModified\":\"2024-01-31T21:11:15+00:00\",\"description\":\"Luo lis\u00e4\u00e4 puku- ja oleskelutiloja JAMES BAROUD SIDE-AWNING -sarjalla, jossa on kolme sivusein\u00e4\u00e4, joissa on suuret ikkunat ja ovi. Helppo kokoonpano sek\u00e4 tuulenpit\u00e4v\u00e4 ja vesitiivis liit\u00e4nt\u00e4.\",\"breadcrumb\":{\"@id\":\"https:\\\/\\\/balticoverlanders.eu\\\/fi\\\/tuote\\\/james-baroud-sivumarkiisit-sivuseinat\\\/#breadcrumb\"},\"inLanguage\":\"fi\",\"potentialAction\":[{\"@type\":\"ReadAction\",\"target\":[\"https:\\\/\\\/balticoverlanders.eu\\\/fi\\\/tuote\\\/james-baroud-sivumarkiisit-sivuseinat\\\/\"]}]},{\"@type\":\"ImageObject\",\"inLanguage\":\"fi\",\"@id\":\"https:\\\/\\\/balticoverlanders.eu\\\/fi\\\/tuote\\\/james-baroud-sivumarkiisit-sivuseinat\\\/#primaryimage\",\"url\":\"https:\\\/\\\/balticoverlanders.eu\\\/wp-content\\\/uploads\\\/2023\\\/04\\\/James-Baroud-Products-Accessories-Awning-Walls-3.jpg\",\"contentUrl\":\"https:\\\/\\\/balticoverlanders.eu\\\/wp-content\\\/uploads\\\/2023\\\/04\\\/James-Baroud-Products-Accessories-Awning-Walls-3.jpg\",\"width\":1134,\"height\":850},{\"@type\":\"BreadcrumbList\",\"@id\":\"https:\\\/\\\/balticoverlanders.eu\\\/fi\\\/tuote\\\/james-baroud-sivumarkiisit-sivuseinat\\\/#breadcrumb\",\"itemListElement\":[{\"@type\":\"ListItem\",\"position\":1,\"name\":\"Home\",\"item\":\"https:\\\/\\\/balticoverlanders.eu\\\/fi\\\/?page_id=30138\"},{\"@type\":\"ListItem\",\"position\":2,\"name\":\"Kauppa\",\"item\":\"https:\\\/\\\/balticoverlanders.eu\\\/fi\\\/?page_id=30882\"},{\"@type\":\"ListItem\",\"position\":3,\"name\":\"James Baroud Sivumarkiisit sivusein\u00e4t\"}]},{\"@type\":\"WebSite\",\"@id\":\"https:\\\/\\\/balticoverlanders.eu\\\/fi\\\/#website\",\"url\":\"https:\\\/\\\/balticoverlanders.eu\\\/fi\\\/\",\"name\":\"BALTIC OVERLANDERS\",\"description\":\"Your one-stop shop in Latvia, Estonia, and Lithuania for all your car camping, rooftop tent and accessory needs.\",\"potentialAction\":[{\"@type\":\"SearchAction\",\"target\":{\"@type\":\"EntryPoint\",\"urlTemplate\":\"https:\\\/\\\/balticoverlanders.eu\\\/fi\\\/?s={search_term_string}\"},\"query-input\":{\"@type\":\"PropertyValueSpecification\",\"valueRequired\":true,\"valueName\":\"search_term_string\"}}],\"inLanguage\":\"fi\"}]}<\/script>\n<!-- \/ Yoast SEO plugin. -->","yoast_head_json":{"title":"JAMES BAROUD SIVUSIVUSEIN\u00c4T | Lis\u00e4suojaa ja yksityisyytt\u00e4","description":"Luo lis\u00e4\u00e4 puku- ja oleskelutiloja JAMES BAROUD SIDE-AWNING -sarjalla, jossa on kolme sivusein\u00e4\u00e4, joissa on suuret ikkunat ja ovi. Helppo kokoonpano sek\u00e4 tuulenpit\u00e4v\u00e4 ja vesitiivis liit\u00e4nt\u00e4.","robots":{"index":"index","follow":"follow","max-snippet":"max-snippet:-1","max-image-preview":"max-image-preview:large","max-video-preview":"max-video-preview:-1"},"canonical":"https:\/\/balticoverlanders.eu\/fi\/tuote\/james-baroud-sivumarkiisit-sivuseinat\/","og_locale":"fi_FI","og_type":"article","og_title":"JAMES BAROUD SIVUSIVUSEIN\u00c4T | Lis\u00e4suojaa ja yksityisyytt\u00e4","og_description":"Luo lis\u00e4\u00e4 puku- ja oleskelutiloja JAMES BAROUD SIDE-AWNING -sarjalla, jossa on kolme sivusein\u00e4\u00e4, joissa on suuret ikkunat ja ovi. Helppo kokoonpano sek\u00e4 tuulenpit\u00e4v\u00e4 ja vesitiivis liit\u00e4nt\u00e4.","og_url":"https:\/\/balticoverlanders.eu\/fi\/tuote\/james-baroud-sivumarkiisit-sivuseinat\/","og_site_name":"BALTIC OVERLANDERS","article_modified_time":"2024-01-31T21:11:15+00:00","og_image":[{"width":1134,"height":850,"url":"https:\/\/balticoverlanders.eu\/wp-content\/uploads\/2023\/04\/James-Baroud-Products-Accessories-Awning-Walls-3.jpg","type":"image\/jpeg"}],"twitter_card":"summary_large_image","twitter_misc":{"Arvioitu lukuaika":"1 minuutti"},"schema":{"@context":"https:\/\/schema.org","@graph":[{"@type":"WebPage","@id":"https:\/\/balticoverlanders.eu\/fi\/tuote\/james-baroud-sivumarkiisit-sivuseinat\/","url":"https:\/\/balticoverlanders.eu\/fi\/tuote\/james-baroud-sivumarkiisit-sivuseinat\/","name":"JAMES BAROUD SIVUSIVUSEIN\u00c4T | Lis\u00e4suojaa ja yksityisyytt\u00e4","isPartOf":{"@id":"https:\/\/balticoverlanders.eu\/fi\/#website"},"primaryImageOfPage":{"@id":"https:\/\/balticoverlanders.eu\/fi\/tuote\/james-baroud-sivumarkiisit-sivuseinat\/#primaryimage"},"image":{"@id":"https:\/\/balticoverlanders.eu\/fi\/tuote\/james-baroud-sivumarkiisit-sivuseinat\/#primaryimage"},"thumbnailUrl":"https:\/\/balticoverlanders.eu\/wp-content\/uploads\/2023\/04\/James-Baroud-Products-Accessories-Awning-Walls-3.jpg","datePublished":"2023-04-18T14:41:07+00:00","dateModified":"2024-01-31T21:11:15+00:00","description":"Luo lis\u00e4\u00e4 puku- ja oleskelutiloja JAMES BAROUD SIDE-AWNING -sarjalla, jossa on kolme sivusein\u00e4\u00e4, joissa on suuret ikkunat ja ovi. Helppo kokoonpano sek\u00e4 tuulenpit\u00e4v\u00e4 ja vesitiivis liit\u00e4nt\u00e4.","breadcrumb":{"@id":"https:\/\/balticoverlanders.eu\/fi\/tuote\/james-baroud-sivumarkiisit-sivuseinat\/#breadcrumb"},"inLanguage":"fi","potentialAction":[{"@type":"ReadAction","target":["https:\/\/balticoverlanders.eu\/fi\/tuote\/james-baroud-sivumarkiisit-sivuseinat\/"]}]},{"@type":"ImageObject","inLanguage":"fi","@id":"https:\/\/balticoverlanders.eu\/fi\/tuote\/james-baroud-sivumarkiisit-sivuseinat\/#primaryimage","url":"https:\/\/balticoverlanders.eu\/wp-content\/uploads\/2023\/04\/James-Baroud-Products-Accessories-Awning-Walls-3.jpg","contentUrl":"https:\/\/balticoverlanders.eu\/wp-content\/uploads\/2023\/04\/James-Baroud-Products-Accessories-Awning-Walls-3.jpg","width":1134,"height":850},{"@type":"BreadcrumbList","@id":"https:\/\/balticoverlanders.eu\/fi\/tuote\/james-baroud-sivumarkiisit-sivuseinat\/#breadcrumb","itemListElement":[{"@type":"ListItem","position":1,"name":"Home","item":"https:\/\/balticoverlanders.eu\/fi\/?page_id=30138"},{"@type":"ListItem","position":2,"name":"Kauppa","item":"https:\/\/balticoverlanders.eu\/fi\/?page_id=30882"},{"@type":"ListItem","position":3,"name":"James Baroud Sivumarkiisit sivusein\u00e4t"}]},{"@type":"WebSite","@id":"https:\/\/balticoverlanders.eu\/fi\/#website","url":"https:\/\/balticoverlanders.eu\/fi\/","name":"BALTIC OVERLANDERS","description":"Your one-stop shop in Latvia, Estonia, and Lithuania for all your car camping, rooftop tent and accessory needs.","potentialAction":[{"@type":"SearchAction","target":{"@type":"EntryPoint","urlTemplate":"https:\/\/balticoverlanders.eu\/fi\/?s={search_term_string}"},"query-input":{"@type":"PropertyValueSpecification","valueRequired":true,"valueName":"search_term_string"}}],"inLanguage":"fi"}]}},"_links":{"self":[{"href":"https:\/\/balticoverlanders.eu\/fi\/wp-json\/wp\/v2\/product\/29633","targetHints":{"allow":["GET"]}}],"collection":[{"href":"https:\/\/balticoverlanders.eu\/fi\/wp-json\/wp\/v2\/product"}],"about":[{"href":"https:\/\/balticoverlanders.eu\/fi\/wp-json\/wp\/v2\/types\/product"}],"wp:featuredmedia":[{"embeddable":true,"href":"https:\/\/balticoverlanders.eu\/fi\/wp-json\/wp\/v2\/media\/29634"}],"wp:attachment":[{"href":"https:\/\/balticoverlanders.eu\/fi\/wp-json\/wp\/v2\/media?parent=29633"}],"wp:term":[{"taxonomy":"product_brand","embeddable":true,"href":"https:\/\/balticoverlanders.eu\/fi\/wp-json\/wp\/v2\/product_brand?post=29633"},{"taxonomy":"product_cat","embeddable":true,"href":"https:\/\/balticoverlanders.eu\/fi\/wp-json\/wp\/v2\/product_cat?post=29633"},{"taxonomy":"product_tag","embeddable":true,"href":"https:\/\/balticoverlanders.eu\/fi\/wp-json\/wp\/v2\/product_tag?post=29633"}],"curies":[{"name":"wp","href":"https:\/\/api.w.org\/{rel}","templated":true}]}}