{"id":29665,"date":"2023-04-13T11:37:01","date_gmt":"2023-04-13T08:37:01","guid":{"rendered":"https:\/\/balticoverlanders.eu\/product\/alu-cab-lt-50-kevyt-kattoteltta\/"},"modified":"2024-01-31T23:11:25","modified_gmt":"2024-01-31T21:11:25","slug":"alu-cab-lt-50-kevyt-kattoteltta","status":"publish","type":"product","link":"https:\/\/balticoverlanders.eu\/fi\/tuote\/alu-cab-lt-50-kevyt-kattoteltta\/","title":{"rendered":"Alu-Cab LT-50 kevyt kattoteltta"},"content":{"rendered":"<p>Esittelemme LT-50:n, markkinoiden parhaan ultrakevyen kattoteltan, joka on laadultaan samanlainen kuin kaikki muutkin tuotteemme. Sen ominaisuuksiin kuuluvat:<\/p>\n<ul>\n<li>Kyky ponnahtaa esiin muutamassa sekunnissa nopeaa k\u00e4ytt\u00f6\u00f6nottoa varten<\/li>\n<li>Mahdollisuus pit\u00e4\u00e4 vuodevaatteet sis\u00e4ll\u00e4 lis\u00e4\u00e4 mukavuutta.<\/li>\n<li>Teltan p\u00e4\u00e4ll\u00e4 on 30 kg:n kantavuus.<\/li>\n<li>Kevytrakenteinen, joten se on helppo asentaa ja kuljettaa.<\/li>\n<li>Kompakti, virtaviivainen muotoilu, joka minimoi tuulenvastuksen ajon aikana.<\/li>\n<\/ul>\n<p>LT-50 tarjoaa monia etuja, kuten:<\/p>\n<ul>\n<li>Uusi mahdollisuus ajoneuvosovelluksiin muuallakin kuin maastoliikenteess\u00e4<\/li>\n<li>Mahdollisuus kuljettaa varusteita teltan p\u00e4\u00e4ll\u00e4 sen 30 kg:n kantavuuden ansiosta.<\/li>\n<li>Mutteriaukkoinen kansi ja pohjakehys, johon on helppo asentaa lis\u00e4varusteita, kuten markiiseja, suihkukuutioita, tikapuita ja lapioita.<\/li>\n<\/ul>\n<p>Alu-Cab-kattoteltan erikoisuutena on sen kevyt rakenne, joka tarjoaa:<\/p>\n<ul>\n<li>Helppo asentaa ja kuljettaa kevyen ja lujan alumiinirakenteen ansiosta.<\/li>\n<li>Aerodynaamisempi muoto, joka v\u00e4hent\u00e4\u00e4 tuulenpit\u00e4vyytt\u00e4 ajon aikana.<\/li>\n<\/ul>\n<p>P\u00e4ivit\u00e4 retkeilyasetelmasi LT-50:ll\u00e4, markkinoiden parhaalla ultrakevyell\u00e4 kattoteltalla, joka tarjoaa samaa laatua kuin kaikki muutkin tuotteemme. Nauti nopeasta ja helposta pystytyksest\u00e4, siit\u00e4, ett\u00e4 voit pit\u00e4\u00e4 vuodevaatteet teltan sis\u00e4ll\u00e4, ja siit\u00e4, ett\u00e4 voit kuljettaa varusteita teltan p\u00e4\u00e4ll\u00e4. Lis\u00e4ksi sen kevyt rakenne ja virtaviivainen muotoilu tekev\u00e4t siit\u00e4 ihanteellisen valinnan seuraavaan ulkoiluseikkailuusi.<\/p>\n","protected":false},"excerpt":{"rendered":"<p>LT-50 on markkinoiden paras ultrakevyt kattoteltta, jonka kevyt ja luja alumiinirakenne helpottaa asennusta ja kuljetusta. Sen kompakti, virtaviivainen muotoilu minimoi tuulenvastuksen ajon aikana, ja se voi kantaa jopa 30 kg:n kuorman teltan p\u00e4\u00e4ll\u00e4. LT-50 on t\u00e4ydellinen valinta seuraavaan ulkoiluseikkailuusi, sill\u00e4 se on helppo ja nopea asentaa ja vuodevaatteet voi s\u00e4ilytt\u00e4\u00e4 sis\u00e4ll\u00e4.<\/p>\n","protected":false},"featured_media":19192,"template":"","meta":[],"product_brand":[],"product_cat":[377,376],"product_tag":[],"class_list":{"0":"post-29665","1":"product","2":"type-product","3":"status-publish","4":"has-post-thumbnail","6":"product_cat-alu-ohjaamo","7":"product_cat-kattoteltat","9":"first","10":"onbackorder","11":"taxable","12":"shipping-taxable","13":"purchasable","14":"product-type-simple"},"yoast_head":"<!-- This site is optimized with the Yoast SEO plugin v27.3 - https:\/\/yoast.com\/product\/yoast-seo-wordpress\/ -->\n<title>Alu-Cab LT-50 kevyt kattoteltta - BALTIC OVERLANDERS<\/title>\n<meta name=\"robots\" content=\"index, follow, max-snippet:-1, max-image-preview:large, max-video-preview:-1\" \/>\n<link rel=\"canonical\" href=\"https:\/\/balticoverlanders.eu\/fi\/tuote\/alu-cab-lt-50-kevyt-kattoteltta\/\" \/>\n<meta property=\"og:locale\" content=\"fi_FI\" \/>\n<meta property=\"og:type\" content=\"article\" \/>\n<meta property=\"og:title\" content=\"Alu-Cab LT-50 kevyt kattoteltta - BALTIC OVERLANDERS\" \/>\n<meta property=\"og:description\" content=\"LT-50 on markkinoiden paras ultrakevyt kattoteltta, jonka kevyt ja luja alumiinirakenne helpottaa asennusta ja kuljetusta. Sen kompakti, virtaviivainen muotoilu minimoi tuulenvastuksen ajon aikana, ja se voi kantaa jopa 30 kg:n kuorman teltan p\u00e4\u00e4ll\u00e4. LT-50 on t\u00e4ydellinen valinta seuraavaan ulkoiluseikkailuusi, sill\u00e4 se on helppo ja nopea asentaa ja vuodevaatteet voi s\u00e4ilytt\u00e4\u00e4 sis\u00e4ll\u00e4.\" \/>\n<meta property=\"og:url\" content=\"https:\/\/balticoverlanders.eu\/fi\/tuote\/alu-cab-lt-50-kevyt-kattoteltta\/\" \/>\n<meta property=\"og:site_name\" content=\"BALTIC OVERLANDERS\" \/>\n<meta property=\"article:modified_time\" content=\"2024-01-31T21:11:25+00:00\" \/>\n<meta property=\"og:image\" content=\"https:\/\/balticoverlanders.eu\/wp-content\/uploads\/2023\/04\/LT-46-Rooftop-tent.jpg\" \/>\n\t<meta property=\"og:image:width\" content=\"900\" \/>\n\t<meta property=\"og:image:height\" content=\"600\" \/>\n\t<meta property=\"og:image:type\" content=\"image\/jpeg\" \/>\n<meta name=\"twitter:card\" content=\"summary_large_image\" \/>\n<meta name=\"twitter:label1\" content=\"Arvioitu lukuaika\" \/>\n\t<meta name=\"twitter:data1\" content=\"1 minuutti\" \/>\n<script type=\"application\/ld+json\" class=\"yoast-schema-graph\">{\"@context\":\"https:\\\/\\\/schema.org\",\"@graph\":[{\"@type\":\"WebPage\",\"@id\":\"https:\\\/\\\/balticoverlanders.eu\\\/fi\\\/tuote\\\/alu-cab-lt-50-kevyt-kattoteltta\\\/\",\"url\":\"https:\\\/\\\/balticoverlanders.eu\\\/fi\\\/tuote\\\/alu-cab-lt-50-kevyt-kattoteltta\\\/\",\"name\":\"Alu-Cab LT-50 kevyt kattoteltta - BALTIC OVERLANDERS\",\"isPartOf\":{\"@id\":\"https:\\\/\\\/balticoverlanders.eu\\\/fi\\\/#website\"},\"primaryImageOfPage\":{\"@id\":\"https:\\\/\\\/balticoverlanders.eu\\\/fi\\\/tuote\\\/alu-cab-lt-50-kevyt-kattoteltta\\\/#primaryimage\"},\"image\":{\"@id\":\"https:\\\/\\\/balticoverlanders.eu\\\/fi\\\/tuote\\\/alu-cab-lt-50-kevyt-kattoteltta\\\/#primaryimage\"},\"thumbnailUrl\":\"https:\\\/\\\/balticoverlanders.eu\\\/wp-content\\\/uploads\\\/2023\\\/04\\\/LT-46-Rooftop-tent.jpg\",\"datePublished\":\"2023-04-13T08:37:01+00:00\",\"dateModified\":\"2024-01-31T21:11:25+00:00\",\"breadcrumb\":{\"@id\":\"https:\\\/\\\/balticoverlanders.eu\\\/fi\\\/tuote\\\/alu-cab-lt-50-kevyt-kattoteltta\\\/#breadcrumb\"},\"inLanguage\":\"fi\",\"potentialAction\":[{\"@type\":\"ReadAction\",\"target\":[\"https:\\\/\\\/balticoverlanders.eu\\\/fi\\\/tuote\\\/alu-cab-lt-50-kevyt-kattoteltta\\\/\"]}]},{\"@type\":\"ImageObject\",\"inLanguage\":\"fi\",\"@id\":\"https:\\\/\\\/balticoverlanders.eu\\\/fi\\\/tuote\\\/alu-cab-lt-50-kevyt-kattoteltta\\\/#primaryimage\",\"url\":\"https:\\\/\\\/balticoverlanders.eu\\\/wp-content\\\/uploads\\\/2023\\\/04\\\/LT-46-Rooftop-tent.jpg\",\"contentUrl\":\"https:\\\/\\\/balticoverlanders.eu\\\/wp-content\\\/uploads\\\/2023\\\/04\\\/LT-46-Rooftop-tent.jpg\",\"width\":900,\"height\":600},{\"@type\":\"BreadcrumbList\",\"@id\":\"https:\\\/\\\/balticoverlanders.eu\\\/fi\\\/tuote\\\/alu-cab-lt-50-kevyt-kattoteltta\\\/#breadcrumb\",\"itemListElement\":[{\"@type\":\"ListItem\",\"position\":1,\"name\":\"Home\",\"item\":\"https:\\\/\\\/balticoverlanders.eu\\\/fi\\\/?page_id=30138\"},{\"@type\":\"ListItem\",\"position\":2,\"name\":\"Kauppa\",\"item\":\"https:\\\/\\\/balticoverlanders.eu\\\/fi\\\/?page_id=30882\"},{\"@type\":\"ListItem\",\"position\":3,\"name\":\"Alu-Cab LT-50 kevyt kattoteltta\"}]},{\"@type\":\"WebSite\",\"@id\":\"https:\\\/\\\/balticoverlanders.eu\\\/fi\\\/#website\",\"url\":\"https:\\\/\\\/balticoverlanders.eu\\\/fi\\\/\",\"name\":\"BALTIC OVERLANDERS\",\"description\":\"Your one-stop shop in Latvia, Estonia, and Lithuania for all your car camping, rooftop tent and accessory needs.\",\"potentialAction\":[{\"@type\":\"SearchAction\",\"target\":{\"@type\":\"EntryPoint\",\"urlTemplate\":\"https:\\\/\\\/balticoverlanders.eu\\\/fi\\\/?s={search_term_string}\"},\"query-input\":{\"@type\":\"PropertyValueSpecification\",\"valueRequired\":true,\"valueName\":\"search_term_string\"}}],\"inLanguage\":\"fi\"}]}<\/script>\n<!-- \/ Yoast SEO plugin. -->","yoast_head_json":{"title":"Alu-Cab LT-50 kevyt kattoteltta - BALTIC OVERLANDERS","robots":{"index":"index","follow":"follow","max-snippet":"max-snippet:-1","max-image-preview":"max-image-preview:large","max-video-preview":"max-video-preview:-1"},"canonical":"https:\/\/balticoverlanders.eu\/fi\/tuote\/alu-cab-lt-50-kevyt-kattoteltta\/","og_locale":"fi_FI","og_type":"article","og_title":"Alu-Cab LT-50 kevyt kattoteltta - BALTIC OVERLANDERS","og_description":"LT-50 on markkinoiden paras ultrakevyt kattoteltta, jonka kevyt ja luja alumiinirakenne helpottaa asennusta ja kuljetusta. Sen kompakti, virtaviivainen muotoilu minimoi tuulenvastuksen ajon aikana, ja se voi kantaa jopa 30 kg:n kuorman teltan p\u00e4\u00e4ll\u00e4. LT-50 on t\u00e4ydellinen valinta seuraavaan ulkoiluseikkailuusi, sill\u00e4 se on helppo ja nopea asentaa ja vuodevaatteet voi s\u00e4ilytt\u00e4\u00e4 sis\u00e4ll\u00e4.","og_url":"https:\/\/balticoverlanders.eu\/fi\/tuote\/alu-cab-lt-50-kevyt-kattoteltta\/","og_site_name":"BALTIC OVERLANDERS","article_modified_time":"2024-01-31T21:11:25+00:00","og_image":[{"width":900,"height":600,"url":"https:\/\/balticoverlanders.eu\/wp-content\/uploads\/2023\/04\/LT-46-Rooftop-tent.jpg","type":"image\/jpeg"}],"twitter_card":"summary_large_image","twitter_misc":{"Arvioitu lukuaika":"1 minuutti"},"schema":{"@context":"https:\/\/schema.org","@graph":[{"@type":"WebPage","@id":"https:\/\/balticoverlanders.eu\/fi\/tuote\/alu-cab-lt-50-kevyt-kattoteltta\/","url":"https:\/\/balticoverlanders.eu\/fi\/tuote\/alu-cab-lt-50-kevyt-kattoteltta\/","name":"Alu-Cab LT-50 kevyt kattoteltta - BALTIC OVERLANDERS","isPartOf":{"@id":"https:\/\/balticoverlanders.eu\/fi\/#website"},"primaryImageOfPage":{"@id":"https:\/\/balticoverlanders.eu\/fi\/tuote\/alu-cab-lt-50-kevyt-kattoteltta\/#primaryimage"},"image":{"@id":"https:\/\/balticoverlanders.eu\/fi\/tuote\/alu-cab-lt-50-kevyt-kattoteltta\/#primaryimage"},"thumbnailUrl":"https:\/\/balticoverlanders.eu\/wp-content\/uploads\/2023\/04\/LT-46-Rooftop-tent.jpg","datePublished":"2023-04-13T08:37:01+00:00","dateModified":"2024-01-31T21:11:25+00:00","breadcrumb":{"@id":"https:\/\/balticoverlanders.eu\/fi\/tuote\/alu-cab-lt-50-kevyt-kattoteltta\/#breadcrumb"},"inLanguage":"fi","potentialAction":[{"@type":"ReadAction","target":["https:\/\/balticoverlanders.eu\/fi\/tuote\/alu-cab-lt-50-kevyt-kattoteltta\/"]}]},{"@type":"ImageObject","inLanguage":"fi","@id":"https:\/\/balticoverlanders.eu\/fi\/tuote\/alu-cab-lt-50-kevyt-kattoteltta\/#primaryimage","url":"https:\/\/balticoverlanders.eu\/wp-content\/uploads\/2023\/04\/LT-46-Rooftop-tent.jpg","contentUrl":"https:\/\/balticoverlanders.eu\/wp-content\/uploads\/2023\/04\/LT-46-Rooftop-tent.jpg","width":900,"height":600},{"@type":"BreadcrumbList","@id":"https:\/\/balticoverlanders.eu\/fi\/tuote\/alu-cab-lt-50-kevyt-kattoteltta\/#breadcrumb","itemListElement":[{"@type":"ListItem","position":1,"name":"Home","item":"https:\/\/balticoverlanders.eu\/fi\/?page_id=30138"},{"@type":"ListItem","position":2,"name":"Kauppa","item":"https:\/\/balticoverlanders.eu\/fi\/?page_id=30882"},{"@type":"ListItem","position":3,"name":"Alu-Cab LT-50 kevyt kattoteltta"}]},{"@type":"WebSite","@id":"https:\/\/balticoverlanders.eu\/fi\/#website","url":"https:\/\/balticoverlanders.eu\/fi\/","name":"BALTIC OVERLANDERS","description":"Your one-stop shop in Latvia, Estonia, and Lithuania for all your car camping, rooftop tent and accessory needs.","potentialAction":[{"@type":"SearchAction","target":{"@type":"EntryPoint","urlTemplate":"https:\/\/balticoverlanders.eu\/fi\/?s={search_term_string}"},"query-input":{"@type":"PropertyValueSpecification","valueRequired":true,"valueName":"search_term_string"}}],"inLanguage":"fi"}]}},"_links":{"self":[{"href":"https:\/\/balticoverlanders.eu\/fi\/wp-json\/wp\/v2\/product\/29665","targetHints":{"allow":["GET"]}}],"collection":[{"href":"https:\/\/balticoverlanders.eu\/fi\/wp-json\/wp\/v2\/product"}],"about":[{"href":"https:\/\/balticoverlanders.eu\/fi\/wp-json\/wp\/v2\/types\/product"}],"wp:featuredmedia":[{"embeddable":true,"href":"https:\/\/balticoverlanders.eu\/fi\/wp-json\/wp\/v2\/media\/19192"}],"wp:attachment":[{"href":"https:\/\/balticoverlanders.eu\/fi\/wp-json\/wp\/v2\/media?parent=29665"}],"wp:term":[{"taxonomy":"product_brand","embeddable":true,"href":"https:\/\/balticoverlanders.eu\/fi\/wp-json\/wp\/v2\/product_brand?post=29665"},{"taxonomy":"product_cat","embeddable":true,"href":"https:\/\/balticoverlanders.eu\/fi\/wp-json\/wp\/v2\/product_cat?post=29665"},{"taxonomy":"product_tag","embeddable":true,"href":"https:\/\/balticoverlanders.eu\/fi\/wp-json\/wp\/v2\/product_tag?post=29665"}],"curies":[{"name":"wp","href":"https:\/\/api.w.org\/{rel}","templated":true}]}}