{"id":29690,"date":"2023-04-13T11:23:46","date_gmt":"2023-04-13T08:23:46","guid":{"rendered":"https:\/\/balticoverlanders.eu\/product\/alu-cab-gen-3-r-hard-shell-kattoteltta\/"},"modified":"2024-01-31T23:11:27","modified_gmt":"2024-01-31T21:11:27","slug":"alu-cab-gen-3-r-hard-shell-kattoteltta","status":"publish","type":"product","link":"https:\/\/balticoverlanders.eu\/fi\/tuote\/alu-cab-gen-3-r-hard-shell-kattoteltta\/","title":{"rendered":"Alu-Cab Gen 3-R Hard Shell kattoteltta"},"content":{"rendered":"<p>RT-R-B-kattoteltassa on useita ominaisuuksia, kuten:<\/p>\n<ul>\n<li>Uusi muotoilukieli, jossa yhdistyv\u00e4t estetiikka ja toiminnallisuus.<\/li>\n<li>L\u00e4mmitinportti pit\u00e4\u00e4 sinut l\u00e4mpim\u00e4n\u00e4 kylmemm\u00e4ll\u00e4 s\u00e4\u00e4ll\u00e4.<\/li>\n<li>Sis\u00e4\u00e4nrakennettu aurinkopaneelin sy\u00f6tt\u00f6 lis\u00e4\u00e4 mukavuutta<\/li>\n<\/ul>\n<p>Pop-up-kattoteltat tarjoavat monia etuja, kuten:<\/p>\n<ul>\n<li>Mahdollisuus pakata teltta ja patja auton katolle, mik\u00e4 s\u00e4\u00e4st\u00e4\u00e4 arvokasta pakkaustilaa.<\/li>\n<li>Nopea ja helppo asennus, joka tarjoaa suojaa kaikentyyppiselt\u00e4 s\u00e4\u00e4lt\u00e4.<\/li>\n<li>Kovakuorinen mallimme kest\u00e4\u00e4 paremmin s\u00e4\u00e4olosuhteita ja kest\u00e4\u00e4 kauemmin kuin vastaavat pehme\u00e4kuoriset mallit.<\/li>\n<\/ul>\n<p>Kriittisi\u00e4 ominaisuuksia, jotka erottavat kovakuorisen kattoteltan muista, ovat mm. seuraavat:<\/p>\n<ol>\n<li>Mukavuus ja mukavuus:<\/li>\n<\/ol>\n<ul>\n<li>Runsas 75 mm:n suuritiheyksinen vaahtomuovipatja takaa maksimaalisen mukavuuden.<\/li>\n<li>Lukuvalo, USB-latausportit ja 12 V:n pistorasia mukavuutta varten.<\/li>\n<li>S\u00e4ilytystaskut, jotta tavarat pysyv\u00e4t j\u00e4rjestyksess\u00e4 ja helposti saatavilla<\/li>\n<\/ul>\n<ol start=\"2\">\n<li>Toiminnallisuus:<\/li>\n<\/ol>\n<ul>\n<li>Tukeva alumiinikotelo mahdollistaa Alu-Cab-kuormatankojen asentamisen, jolloin voit pakata tilaa vievi\u00e4 tavaroita teltan p\u00e4\u00e4lle.<\/li>\n<li>Voit silti pakata varusteita autosi katolle telttaa k\u00e4ytt\u00e4ess\u00e4si, toisin kuin muissa kattoteltoissa.<\/li>\n<\/ul>\n<ol start=\"3\">\n<li>Eristys:<\/li>\n<\/ol>\n<ul>\n<li>Runsas eristys kattorakenteessa ja alapohjassa, jossa on umpisoluinen vaahtomuovivuori, joka takaa mukavuuden ja eristyksen ymp\u00e4ri vuoden.<\/li>\n<li>Markiisipeite takaoven yl\u00e4puolella, joka pit\u00e4\u00e4 sateen, lumen ja pakkasen poissa taka-aukosta<\/li>\n<\/ul>\n<p>Paranna retkeilykokemustasi Gen 3-R Hard Top -teltalla, joka tarjoaa:<\/p>\n<ul>\n<li>Kest\u00e4vyys, monipuolisuus ja helppok\u00e4ytt\u00f6isyys<\/li>\n<li>Tilava, nopeatempoinen koti kaukana kotoa<\/li>\n<li>Kehittyneiden ominaisuuksien ansiosta se on eritt\u00e4in mukava ja toimiva extreme-seikkailureissaajille ymp\u00e4ri maailmaa.<\/li>\n<\/ul>\n","protected":false},"excerpt":{"rendered":"<p>Kattoteltan uusimmassa versiossa, Gen 3-R:ss\u00e4, on parannettuja toimintoja, kuten:<\/p>\n<ul>\n<li>Uudistettu ulkon\u00e4k\u00f6, joka antaa sille tyylikk\u00e4\u00e4mm\u00e4n ilmeen ja lis\u00e4\u00e4 sen rakenteellista vakautta.<\/li>\n<li>L\u00e4mmittimen tuuletusaukko ja aurinkopaneelin sy\u00f6tt\u00f6 vakiovarusteena lis\u00e4\u00e4v\u00e4t mukavuutta.<\/li>\n<li>Paino on pienentynyt 76 kilogrammaan, mik\u00e4 parantaa siirrett\u00e4vyytt\u00e4.<\/li>\n<li>Lis\u00e4varusteet, kuten selk\u00e4noja ja alaslaskettava p\u00f6yt\u00e4, ovat saatavana erikseen.<\/li>\n<\/ul>\n","protected":false},"featured_media":19145,"template":"","meta":[],"product_brand":[],"product_cat":[377,376],"product_tag":[],"class_list":{"0":"post-29690","1":"product","2":"type-product","3":"status-publish","4":"has-post-thumbnail","6":"product_cat-alu-ohjaamo","7":"product_cat-kattoteltat","9":"first","10":"onbackorder","11":"taxable","12":"shipping-taxable","13":"purchasable","14":"product-type-simple"},"yoast_head":"<!-- This site is optimized with the Yoast SEO plugin v27.3 - https:\/\/yoast.com\/product\/yoast-seo-wordpress\/ -->\n<title>Alu-Cab Gen 3-R Hard Shell kattoteltta - BALTIC OVERLANDERS<\/title>\n<meta name=\"robots\" content=\"index, follow, max-snippet:-1, max-image-preview:large, max-video-preview:-1\" \/>\n<link rel=\"canonical\" href=\"https:\/\/balticoverlanders.eu\/fi\/tuote\/alu-cab-gen-3-r-hard-shell-kattoteltta\/\" \/>\n<meta property=\"og:locale\" content=\"fi_FI\" \/>\n<meta property=\"og:type\" content=\"article\" \/>\n<meta property=\"og:title\" content=\"Alu-Cab Gen 3-R Hard Shell kattoteltta - BALTIC OVERLANDERS\" \/>\n<meta property=\"og:description\" content=\"Kattoteltan uusimmassa versiossa, Gen 3-R:ss\u00e4, on parannettuja toimintoja, kuten:  Uudistettu ulkon\u00e4k\u00f6, joka antaa sille tyylikk\u00e4\u00e4mm\u00e4n ilmeen ja lis\u00e4\u00e4 sen rakenteellista vakautta.  L\u00e4mmittimen tuuletusaukko ja aurinkopaneelin sy\u00f6tt\u00f6 vakiovarusteena lis\u00e4\u00e4v\u00e4t mukavuutta.  Paino on pienentynyt 76 kilogrammaan, mik\u00e4 parantaa siirrett\u00e4vyytt\u00e4.  Lis\u00e4varusteet, kuten selk\u00e4noja ja alaslaskettava p\u00f6yt\u00e4, ovat saatavana erikseen.\" \/>\n<meta property=\"og:url\" content=\"https:\/\/balticoverlanders.eu\/fi\/tuote\/alu-cab-gen-3-r-hard-shell-kattoteltta\/\" \/>\n<meta property=\"og:site_name\" content=\"BALTIC OVERLANDERS\" \/>\n<meta property=\"article:modified_time\" content=\"2024-01-31T21:11:27+00:00\" \/>\n<meta property=\"og:image\" content=\"https:\/\/balticoverlanders.eu\/wp-content\/uploads\/2023\/04\/1-1.jpg\" \/>\n\t<meta property=\"og:image:width\" content=\"1200\" \/>\n\t<meta property=\"og:image:height\" content=\"800\" \/>\n\t<meta property=\"og:image:type\" content=\"image\/jpeg\" \/>\n<meta name=\"twitter:card\" content=\"summary_large_image\" \/>\n<meta name=\"twitter:label1\" content=\"Arvioitu lukuaika\" \/>\n\t<meta name=\"twitter:data1\" content=\"1 minuutti\" \/>\n<script type=\"application\/ld+json\" class=\"yoast-schema-graph\">{\"@context\":\"https:\\\/\\\/schema.org\",\"@graph\":[{\"@type\":\"WebPage\",\"@id\":\"https:\\\/\\\/balticoverlanders.eu\\\/fi\\\/tuote\\\/alu-cab-gen-3-r-hard-shell-kattoteltta\\\/\",\"url\":\"https:\\\/\\\/balticoverlanders.eu\\\/fi\\\/tuote\\\/alu-cab-gen-3-r-hard-shell-kattoteltta\\\/\",\"name\":\"Alu-Cab Gen 3-R Hard Shell kattoteltta - BALTIC OVERLANDERS\",\"isPartOf\":{\"@id\":\"https:\\\/\\\/balticoverlanders.eu\\\/fi\\\/#website\"},\"primaryImageOfPage\":{\"@id\":\"https:\\\/\\\/balticoverlanders.eu\\\/fi\\\/tuote\\\/alu-cab-gen-3-r-hard-shell-kattoteltta\\\/#primaryimage\"},\"image\":{\"@id\":\"https:\\\/\\\/balticoverlanders.eu\\\/fi\\\/tuote\\\/alu-cab-gen-3-r-hard-shell-kattoteltta\\\/#primaryimage\"},\"thumbnailUrl\":\"https:\\\/\\\/balticoverlanders.eu\\\/wp-content\\\/uploads\\\/2023\\\/04\\\/1-1.jpg\",\"datePublished\":\"2023-04-13T08:23:46+00:00\",\"dateModified\":\"2024-01-31T21:11:27+00:00\",\"breadcrumb\":{\"@id\":\"https:\\\/\\\/balticoverlanders.eu\\\/fi\\\/tuote\\\/alu-cab-gen-3-r-hard-shell-kattoteltta\\\/#breadcrumb\"},\"inLanguage\":\"fi\",\"potentialAction\":[{\"@type\":\"ReadAction\",\"target\":[\"https:\\\/\\\/balticoverlanders.eu\\\/fi\\\/tuote\\\/alu-cab-gen-3-r-hard-shell-kattoteltta\\\/\"]}]},{\"@type\":\"ImageObject\",\"inLanguage\":\"fi\",\"@id\":\"https:\\\/\\\/balticoverlanders.eu\\\/fi\\\/tuote\\\/alu-cab-gen-3-r-hard-shell-kattoteltta\\\/#primaryimage\",\"url\":\"https:\\\/\\\/balticoverlanders.eu\\\/wp-content\\\/uploads\\\/2023\\\/04\\\/1-1.jpg\",\"contentUrl\":\"https:\\\/\\\/balticoverlanders.eu\\\/wp-content\\\/uploads\\\/2023\\\/04\\\/1-1.jpg\",\"width\":1200,\"height\":800},{\"@type\":\"BreadcrumbList\",\"@id\":\"https:\\\/\\\/balticoverlanders.eu\\\/fi\\\/tuote\\\/alu-cab-gen-3-r-hard-shell-kattoteltta\\\/#breadcrumb\",\"itemListElement\":[{\"@type\":\"ListItem\",\"position\":1,\"name\":\"Home\",\"item\":\"https:\\\/\\\/balticoverlanders.eu\\\/fi\\\/?page_id=30138\"},{\"@type\":\"ListItem\",\"position\":2,\"name\":\"Kauppa\",\"item\":\"https:\\\/\\\/balticoverlanders.eu\\\/fi\\\/?page_id=30882\"},{\"@type\":\"ListItem\",\"position\":3,\"name\":\"Alu-Cab Gen 3-R Hard Shell kattoteltta\"}]},{\"@type\":\"WebSite\",\"@id\":\"https:\\\/\\\/balticoverlanders.eu\\\/fi\\\/#website\",\"url\":\"https:\\\/\\\/balticoverlanders.eu\\\/fi\\\/\",\"name\":\"BALTIC OVERLANDERS\",\"description\":\"Your one-stop shop in Latvia, Estonia, and Lithuania for all your car camping, rooftop tent and accessory needs.\",\"potentialAction\":[{\"@type\":\"SearchAction\",\"target\":{\"@type\":\"EntryPoint\",\"urlTemplate\":\"https:\\\/\\\/balticoverlanders.eu\\\/fi\\\/?s={search_term_string}\"},\"query-input\":{\"@type\":\"PropertyValueSpecification\",\"valueRequired\":true,\"valueName\":\"search_term_string\"}}],\"inLanguage\":\"fi\"}]}<\/script>\n<!-- \/ Yoast SEO plugin. -->","yoast_head_json":{"title":"Alu-Cab Gen 3-R Hard Shell kattoteltta - BALTIC OVERLANDERS","robots":{"index":"index","follow":"follow","max-snippet":"max-snippet:-1","max-image-preview":"max-image-preview:large","max-video-preview":"max-video-preview:-1"},"canonical":"https:\/\/balticoverlanders.eu\/fi\/tuote\/alu-cab-gen-3-r-hard-shell-kattoteltta\/","og_locale":"fi_FI","og_type":"article","og_title":"Alu-Cab Gen 3-R Hard Shell kattoteltta - BALTIC OVERLANDERS","og_description":"Kattoteltan uusimmassa versiossa, Gen 3-R:ss\u00e4, on parannettuja toimintoja, kuten:  Uudistettu ulkon\u00e4k\u00f6, joka antaa sille tyylikk\u00e4\u00e4mm\u00e4n ilmeen ja lis\u00e4\u00e4 sen rakenteellista vakautta.  L\u00e4mmittimen tuuletusaukko ja aurinkopaneelin sy\u00f6tt\u00f6 vakiovarusteena lis\u00e4\u00e4v\u00e4t mukavuutta.  Paino on pienentynyt 76 kilogrammaan, mik\u00e4 parantaa siirrett\u00e4vyytt\u00e4.  Lis\u00e4varusteet, kuten selk\u00e4noja ja alaslaskettava p\u00f6yt\u00e4, ovat saatavana erikseen.","og_url":"https:\/\/balticoverlanders.eu\/fi\/tuote\/alu-cab-gen-3-r-hard-shell-kattoteltta\/","og_site_name":"BALTIC OVERLANDERS","article_modified_time":"2024-01-31T21:11:27+00:00","og_image":[{"width":1200,"height":800,"url":"https:\/\/balticoverlanders.eu\/wp-content\/uploads\/2023\/04\/1-1.jpg","type":"image\/jpeg"}],"twitter_card":"summary_large_image","twitter_misc":{"Arvioitu lukuaika":"1 minuutti"},"schema":{"@context":"https:\/\/schema.org","@graph":[{"@type":"WebPage","@id":"https:\/\/balticoverlanders.eu\/fi\/tuote\/alu-cab-gen-3-r-hard-shell-kattoteltta\/","url":"https:\/\/balticoverlanders.eu\/fi\/tuote\/alu-cab-gen-3-r-hard-shell-kattoteltta\/","name":"Alu-Cab Gen 3-R Hard Shell kattoteltta - BALTIC OVERLANDERS","isPartOf":{"@id":"https:\/\/balticoverlanders.eu\/fi\/#website"},"primaryImageOfPage":{"@id":"https:\/\/balticoverlanders.eu\/fi\/tuote\/alu-cab-gen-3-r-hard-shell-kattoteltta\/#primaryimage"},"image":{"@id":"https:\/\/balticoverlanders.eu\/fi\/tuote\/alu-cab-gen-3-r-hard-shell-kattoteltta\/#primaryimage"},"thumbnailUrl":"https:\/\/balticoverlanders.eu\/wp-content\/uploads\/2023\/04\/1-1.jpg","datePublished":"2023-04-13T08:23:46+00:00","dateModified":"2024-01-31T21:11:27+00:00","breadcrumb":{"@id":"https:\/\/balticoverlanders.eu\/fi\/tuote\/alu-cab-gen-3-r-hard-shell-kattoteltta\/#breadcrumb"},"inLanguage":"fi","potentialAction":[{"@type":"ReadAction","target":["https:\/\/balticoverlanders.eu\/fi\/tuote\/alu-cab-gen-3-r-hard-shell-kattoteltta\/"]}]},{"@type":"ImageObject","inLanguage":"fi","@id":"https:\/\/balticoverlanders.eu\/fi\/tuote\/alu-cab-gen-3-r-hard-shell-kattoteltta\/#primaryimage","url":"https:\/\/balticoverlanders.eu\/wp-content\/uploads\/2023\/04\/1-1.jpg","contentUrl":"https:\/\/balticoverlanders.eu\/wp-content\/uploads\/2023\/04\/1-1.jpg","width":1200,"height":800},{"@type":"BreadcrumbList","@id":"https:\/\/balticoverlanders.eu\/fi\/tuote\/alu-cab-gen-3-r-hard-shell-kattoteltta\/#breadcrumb","itemListElement":[{"@type":"ListItem","position":1,"name":"Home","item":"https:\/\/balticoverlanders.eu\/fi\/?page_id=30138"},{"@type":"ListItem","position":2,"name":"Kauppa","item":"https:\/\/balticoverlanders.eu\/fi\/?page_id=30882"},{"@type":"ListItem","position":3,"name":"Alu-Cab Gen 3-R Hard Shell kattoteltta"}]},{"@type":"WebSite","@id":"https:\/\/balticoverlanders.eu\/fi\/#website","url":"https:\/\/balticoverlanders.eu\/fi\/","name":"BALTIC OVERLANDERS","description":"Your one-stop shop in Latvia, Estonia, and Lithuania for all your car camping, rooftop tent and accessory needs.","potentialAction":[{"@type":"SearchAction","target":{"@type":"EntryPoint","urlTemplate":"https:\/\/balticoverlanders.eu\/fi\/?s={search_term_string}"},"query-input":{"@type":"PropertyValueSpecification","valueRequired":true,"valueName":"search_term_string"}}],"inLanguage":"fi"}]}},"_links":{"self":[{"href":"https:\/\/balticoverlanders.eu\/fi\/wp-json\/wp\/v2\/product\/29690","targetHints":{"allow":["GET"]}}],"collection":[{"href":"https:\/\/balticoverlanders.eu\/fi\/wp-json\/wp\/v2\/product"}],"about":[{"href":"https:\/\/balticoverlanders.eu\/fi\/wp-json\/wp\/v2\/types\/product"}],"wp:featuredmedia":[{"embeddable":true,"href":"https:\/\/balticoverlanders.eu\/fi\/wp-json\/wp\/v2\/media\/19145"}],"wp:attachment":[{"href":"https:\/\/balticoverlanders.eu\/fi\/wp-json\/wp\/v2\/media?parent=29690"}],"wp:term":[{"taxonomy":"product_brand","embeddable":true,"href":"https:\/\/balticoverlanders.eu\/fi\/wp-json\/wp\/v2\/product_brand?post=29690"},{"taxonomy":"product_cat","embeddable":true,"href":"https:\/\/balticoverlanders.eu\/fi\/wp-json\/wp\/v2\/product_cat?post=29690"},{"taxonomy":"product_tag","embeddable":true,"href":"https:\/\/balticoverlanders.eu\/fi\/wp-json\/wp\/v2\/product_tag?post=29690"}],"curies":[{"name":"wp","href":"https:\/\/api.w.org\/{rel}","templated":true}]}}