{"id":29749,"date":"2023-04-06T16:52:02","date_gmt":"2023-04-06T13:52:02","guid":{"rendered":"https:\/\/balticoverlanders.eu\/product\/james-baroud-classic-sivumarkiisi\/"},"modified":"2024-01-31T23:19:22","modified_gmt":"2024-01-31T21:19:22","slug":"james-baroud-classic-sivumarkiisi","status":"publish","type":"product","link":"https:\/\/balticoverlanders.eu\/fi\/tuote\/james-baroud-classic-sivumarkiisi\/","title":{"rendered":"James Baroud Classic sivumarkiisi"},"content":{"rendered":"<p><a href=\"https:\/\/www.jamesbaroud.com\/awnings\/classic-awning\/\">JAMES BAROUD SIDE-AWNING<\/a> kattoteltoille on monipuolinen ratkaisu retkeilij\u00f6ille, jotka tarvitsevat lis\u00e4\u00e4 asuintilaa ja suojaa elementtej\u00e4 vastaan. Seuraavassa on joitakin sen t\u00e4rkeimpi\u00e4 ominaisuuksia:<\/p>\n<ul>\n<li>Teltan sis\u00e4\u00e4nk\u00e4ynti voidaan asentaa milloin tahansa, ja vastaavaa aukkoa voidaan k\u00e4ytt\u00e4\u00e4 joko kulkuv\u00e4yl\u00e4n\u00e4 ilman sis\u00e4\u00e4nk\u00e4yntitunnelia tai sulkea tuuli- ja vesitiiviisti.<\/li>\n<li>Ajoneuvon puoleisessa profiilissa on kaksi jatkuvaa C-kiskoa, mik\u00e4 helpottaa kokoonpanoa kuusikulmaruuveilla ja 90\u00b0 kulmilla.<\/li>\n<li>Markiisin pakkaaminen on yksinkertaista: taita poikkipalkit alumiiniprofiiliin ja korkeuss\u00e4\u00e4dett\u00e4v\u00e4t jalat ulkoprofiiliin. Rullaa sitten markiisi ajoneuvon profiiliin ja suojaa se PVC-peitteell\u00e4, joka suljetaan tarranauhalla.<\/li>\n<li>Voit luoda lis\u00e4\u00e4 oleskelu- ja pukuhuoneita lis\u00e4varusteena saatavalla kolmen sivusein\u00e4n sarjalla, jossa on suuret ikkunat ja ovi. N\u00e4m\u00e4 sivusein\u00e4t ovat tuulenpit\u00e4vi\u00e4 ja vedenpit\u00e4vi\u00e4 puoliympyr\u00e4n muotoisen profiilin ansiosta, jossa on liitosputkikisko, joka kiinnittyy poikkipalkkiin ja kattoverhoukseen.<\/li>\n<li>Hyttysverkoilla varustetut py\u00f6re\u00e4t ikkunat tuovat suunnitteluun ainutlaatuisen lis\u00e4n, ja ne voidaan tarvittaessa sulkea l\u00e4pin\u00e4kym\u00e4tt\u00f6miksi.<\/li>\n<\/ul>\n<p>Mitat ja paino:<\/p>\n<ul>\n<li>200&#215;270 &#8211; paino: 10kg<\/li>\n<li>250&#215;270 &#8211; paino: 13kg<\/li>\n<\/ul>\n","protected":false},"excerpt":{"rendered":"<p>JAMES BAROUD SIDE-AWNING w\/ valinnaiset kattoteltan sivusein\u00e4t luovat lis\u00e4\u00e4 asuintilaa ja suojaa elementtej\u00e4 vastaan.<\/p>\n<p>Saatavana kahdessa koossa:<\/p>\n<ul>\n<li>250 cm (leveys) x 270 cm (pituus) &#8211; paino: 13 kg.<\/li>\n<li>200 cm (leveys) x270 cm (pituus) &#8211; paino: 10 kg.<\/li>\n<\/ul>\n","protected":false},"featured_media":158253,"template":"","meta":[],"product_brand":[],"product_cat":[365],"product_tag":[],"class_list":{"0":"post-29749","1":"product","2":"type-product","3":"status-publish","4":"has-post-thumbnail","6":"product_cat-james-baroud-fi","8":"first","9":"instock","10":"taxable","11":"shipping-taxable","12":"purchasable","13":"product-type-variable"},"yoast_head":"<!-- This site is optimized with the Yoast SEO plugin v27.3 - https:\/\/yoast.com\/product\/yoast-seo-wordpress\/ -->\n<title>Sivumarkiisi kattoteltoille - BALTIC OVERLANDERS<\/title>\n<meta name=\"description\" content=\"Laajenna asuintilaa JAMES BAROUD SIDE-AWNING kattotelttaan. Saatavana 2 kokoa, valinnaiset sivusein\u00e4t, helppo asentaa ja s\u00e4ilytt\u00e4\u00e4. Osta nyt.\" \/>\n<meta name=\"robots\" content=\"index, follow, max-snippet:-1, max-image-preview:large, max-video-preview:-1\" \/>\n<link rel=\"canonical\" href=\"https:\/\/balticoverlanders.eu\/fi\/tuote\/james-baroud-classic-sivumarkiisi\/\" \/>\n<meta property=\"og:locale\" content=\"fi_FI\" \/>\n<meta property=\"og:type\" content=\"article\" \/>\n<meta property=\"og:title\" content=\"Laajenna asuintilaa JAMES BAROUD SIDE-AWNING kattoteltan leirint\u00e4alueella\" \/>\n<meta property=\"og:description\" content=\"JAMES BAROUD SIDE-AWNING on \u00e4lykk\u00e4\u00e4sti suunniteltu markiisi, jossa on valinnaiset sivusein\u00e4t, jotka luovat lis\u00e4\u00e4 asuintilaa ja suojaavat samalla auringolta tai sateelta. T\u00e4t\u00e4 monik\u00e4ytt\u00f6ist\u00e4 markiisia on saatavana kolmessa koossa, ja se on helppo koota ja sijoittaa.\" \/>\n<meta property=\"og:url\" content=\"https:\/\/balticoverlanders.eu\/fi\/tuote\/james-baroud-classic-sivumarkiisi\/\" \/>\n<meta property=\"og:site_name\" content=\"BALTIC OVERLANDERS\" \/>\n<meta property=\"article:modified_time\" content=\"2024-01-31T21:19:22+00:00\" \/>\n<meta property=\"og:image\" content=\"https:\/\/balticoverlanders.eu\/wp-content\/uploads\/2023\/04\/5_james_baroud_products_accessories_awning_side_14544485960703e69007c3.png\" \/>\n\t<meta property=\"og:image:width\" content=\"685\" \/>\n\t<meta property=\"og:image:height\" content=\"576\" \/>\n\t<meta property=\"og:image:type\" content=\"image\/png\" \/>\n<meta name=\"twitter:card\" content=\"summary_large_image\" \/>\n<meta name=\"twitter:title\" content=\"Kattoteltan telttailu on tehty paremmaksi JAMES BAROUD SIDE-AWNINGin avulla.\" \/>\n<meta name=\"twitter:description\" content=\"Luo lis\u00e4\u00e4 asuintilaa ja suojaa s\u00e4\u00e4lt\u00e4 JAMES BAROUD SIDE-AWNING kattotelttaan. Saatavana kolmessa koossa ja valinnaisilla sivuseinill\u00e4. #rooftoptentawning #campinggear\" \/>\n<meta name=\"twitter:label1\" content=\"Arvioitu lukuaika\" \/>\n\t<meta name=\"twitter:data1\" content=\"1 minuutti\" \/>\n<script type=\"application\/ld+json\" class=\"yoast-schema-graph\">{\"@context\":\"https:\\\/\\\/schema.org\",\"@graph\":[{\"@type\":\"WebPage\",\"@id\":\"https:\\\/\\\/balticoverlanders.eu\\\/fi\\\/tuote\\\/james-baroud-classic-sivumarkiisi\\\/\",\"url\":\"https:\\\/\\\/balticoverlanders.eu\\\/fi\\\/tuote\\\/james-baroud-classic-sivumarkiisi\\\/\",\"name\":\"Sivumarkiisi kattoteltoille - BALTIC OVERLANDERS\",\"isPartOf\":{\"@id\":\"https:\\\/\\\/balticoverlanders.eu\\\/fi\\\/#website\"},\"primaryImageOfPage\":{\"@id\":\"https:\\\/\\\/balticoverlanders.eu\\\/fi\\\/tuote\\\/james-baroud-classic-sivumarkiisi\\\/#primaryimage\"},\"image\":{\"@id\":\"https:\\\/\\\/balticoverlanders.eu\\\/fi\\\/tuote\\\/james-baroud-classic-sivumarkiisi\\\/#primaryimage\"},\"thumbnailUrl\":\"https:\\\/\\\/balticoverlanders.eu\\\/wp-content\\\/uploads\\\/2026\\\/04\\\/James-Baroud-awnings-SUV.jpg\",\"datePublished\":\"2023-04-06T13:52:02+00:00\",\"dateModified\":\"2024-01-31T21:19:22+00:00\",\"description\":\"Laajenna asuintilaa JAMES BAROUD SIDE-AWNING kattotelttaan. Saatavana 2 kokoa, valinnaiset sivusein\u00e4t, helppo asentaa ja s\u00e4ilytt\u00e4\u00e4. Osta nyt.\",\"breadcrumb\":{\"@id\":\"https:\\\/\\\/balticoverlanders.eu\\\/fi\\\/tuote\\\/james-baroud-classic-sivumarkiisi\\\/#breadcrumb\"},\"inLanguage\":\"fi\",\"potentialAction\":[{\"@type\":\"ReadAction\",\"target\":[\"https:\\\/\\\/balticoverlanders.eu\\\/fi\\\/tuote\\\/james-baroud-classic-sivumarkiisi\\\/\"]}]},{\"@type\":\"ImageObject\",\"inLanguage\":\"fi\",\"@id\":\"https:\\\/\\\/balticoverlanders.eu\\\/fi\\\/tuote\\\/james-baroud-classic-sivumarkiisi\\\/#primaryimage\",\"url\":\"https:\\\/\\\/balticoverlanders.eu\\\/wp-content\\\/uploads\\\/2026\\\/04\\\/James-Baroud-awnings-SUV.jpg\",\"contentUrl\":\"https:\\\/\\\/balticoverlanders.eu\\\/wp-content\\\/uploads\\\/2026\\\/04\\\/James-Baroud-awnings-SUV.jpg\",\"width\":1500,\"height\":1000,\"caption\":\"James Baroud Awning\"},{\"@type\":\"BreadcrumbList\",\"@id\":\"https:\\\/\\\/balticoverlanders.eu\\\/fi\\\/tuote\\\/james-baroud-classic-sivumarkiisi\\\/#breadcrumb\",\"itemListElement\":[{\"@type\":\"ListItem\",\"position\":1,\"name\":\"Home\",\"item\":\"https:\\\/\\\/balticoverlanders.eu\\\/fi\\\/?page_id=30138\"},{\"@type\":\"ListItem\",\"position\":2,\"name\":\"Kauppa\",\"item\":\"https:\\\/\\\/balticoverlanders.eu\\\/fi\\\/?page_id=30882\"},{\"@type\":\"ListItem\",\"position\":3,\"name\":\"James Baroud Classic sivumarkiisi\"}]},{\"@type\":\"WebSite\",\"@id\":\"https:\\\/\\\/balticoverlanders.eu\\\/fi\\\/#website\",\"url\":\"https:\\\/\\\/balticoverlanders.eu\\\/fi\\\/\",\"name\":\"BALTIC OVERLANDERS\",\"description\":\"Your one-stop shop in Latvia, Estonia, and Lithuania for all your car camping, rooftop tent and accessory needs.\",\"potentialAction\":[{\"@type\":\"SearchAction\",\"target\":{\"@type\":\"EntryPoint\",\"urlTemplate\":\"https:\\\/\\\/balticoverlanders.eu\\\/fi\\\/?s={search_term_string}\"},\"query-input\":{\"@type\":\"PropertyValueSpecification\",\"valueRequired\":true,\"valueName\":\"search_term_string\"}}],\"inLanguage\":\"fi\"}]}<\/script>\n<!-- \/ Yoast SEO plugin. -->","yoast_head_json":{"title":"Sivumarkiisi kattoteltoille - BALTIC OVERLANDERS","description":"Laajenna asuintilaa JAMES BAROUD SIDE-AWNING kattotelttaan. Saatavana 2 kokoa, valinnaiset sivusein\u00e4t, helppo asentaa ja s\u00e4ilytt\u00e4\u00e4. Osta nyt.","robots":{"index":"index","follow":"follow","max-snippet":"max-snippet:-1","max-image-preview":"max-image-preview:large","max-video-preview":"max-video-preview:-1"},"canonical":"https:\/\/balticoverlanders.eu\/fi\/tuote\/james-baroud-classic-sivumarkiisi\/","og_locale":"fi_FI","og_type":"article","og_title":"Laajenna asuintilaa JAMES BAROUD SIDE-AWNING kattoteltan leirint\u00e4alueella","og_description":"JAMES BAROUD SIDE-AWNING on \u00e4lykk\u00e4\u00e4sti suunniteltu markiisi, jossa on valinnaiset sivusein\u00e4t, jotka luovat lis\u00e4\u00e4 asuintilaa ja suojaavat samalla auringolta tai sateelta. T\u00e4t\u00e4 monik\u00e4ytt\u00f6ist\u00e4 markiisia on saatavana kolmessa koossa, ja se on helppo koota ja sijoittaa.","og_url":"https:\/\/balticoverlanders.eu\/fi\/tuote\/james-baroud-classic-sivumarkiisi\/","og_site_name":"BALTIC OVERLANDERS","article_modified_time":"2024-01-31T21:19:22+00:00","og_image":[{"width":685,"height":576,"url":"https:\/\/balticoverlanders.eu\/wp-content\/uploads\/2023\/04\/5_james_baroud_products_accessories_awning_side_14544485960703e69007c3.png","type":"image\/png"}],"twitter_card":"summary_large_image","twitter_title":"Kattoteltan telttailu on tehty paremmaksi JAMES BAROUD SIDE-AWNINGin avulla.","twitter_description":"Luo lis\u00e4\u00e4 asuintilaa ja suojaa s\u00e4\u00e4lt\u00e4 JAMES BAROUD SIDE-AWNING kattotelttaan. Saatavana kolmessa koossa ja valinnaisilla sivuseinill\u00e4. #rooftoptentawning #campinggear","twitter_misc":{"Arvioitu lukuaika":"1 minuutti"},"schema":{"@context":"https:\/\/schema.org","@graph":[{"@type":"WebPage","@id":"https:\/\/balticoverlanders.eu\/fi\/tuote\/james-baroud-classic-sivumarkiisi\/","url":"https:\/\/balticoverlanders.eu\/fi\/tuote\/james-baroud-classic-sivumarkiisi\/","name":"Sivumarkiisi kattoteltoille - BALTIC OVERLANDERS","isPartOf":{"@id":"https:\/\/balticoverlanders.eu\/fi\/#website"},"primaryImageOfPage":{"@id":"https:\/\/balticoverlanders.eu\/fi\/tuote\/james-baroud-classic-sivumarkiisi\/#primaryimage"},"image":{"@id":"https:\/\/balticoverlanders.eu\/fi\/tuote\/james-baroud-classic-sivumarkiisi\/#primaryimage"},"thumbnailUrl":"https:\/\/balticoverlanders.eu\/wp-content\/uploads\/2026\/04\/James-Baroud-awnings-SUV.jpg","datePublished":"2023-04-06T13:52:02+00:00","dateModified":"2024-01-31T21:19:22+00:00","description":"Laajenna asuintilaa JAMES BAROUD SIDE-AWNING kattotelttaan. Saatavana 2 kokoa, valinnaiset sivusein\u00e4t, helppo asentaa ja s\u00e4ilytt\u00e4\u00e4. Osta nyt.","breadcrumb":{"@id":"https:\/\/balticoverlanders.eu\/fi\/tuote\/james-baroud-classic-sivumarkiisi\/#breadcrumb"},"inLanguage":"fi","potentialAction":[{"@type":"ReadAction","target":["https:\/\/balticoverlanders.eu\/fi\/tuote\/james-baroud-classic-sivumarkiisi\/"]}]},{"@type":"ImageObject","inLanguage":"fi","@id":"https:\/\/balticoverlanders.eu\/fi\/tuote\/james-baroud-classic-sivumarkiisi\/#primaryimage","url":"https:\/\/balticoverlanders.eu\/wp-content\/uploads\/2026\/04\/James-Baroud-awnings-SUV.jpg","contentUrl":"https:\/\/balticoverlanders.eu\/wp-content\/uploads\/2026\/04\/James-Baroud-awnings-SUV.jpg","width":1500,"height":1000,"caption":"James Baroud Awning"},{"@type":"BreadcrumbList","@id":"https:\/\/balticoverlanders.eu\/fi\/tuote\/james-baroud-classic-sivumarkiisi\/#breadcrumb","itemListElement":[{"@type":"ListItem","position":1,"name":"Home","item":"https:\/\/balticoverlanders.eu\/fi\/?page_id=30138"},{"@type":"ListItem","position":2,"name":"Kauppa","item":"https:\/\/balticoverlanders.eu\/fi\/?page_id=30882"},{"@type":"ListItem","position":3,"name":"James Baroud Classic sivumarkiisi"}]},{"@type":"WebSite","@id":"https:\/\/balticoverlanders.eu\/fi\/#website","url":"https:\/\/balticoverlanders.eu\/fi\/","name":"BALTIC OVERLANDERS","description":"Your one-stop shop in Latvia, Estonia, and Lithuania for all your car camping, rooftop tent and accessory needs.","potentialAction":[{"@type":"SearchAction","target":{"@type":"EntryPoint","urlTemplate":"https:\/\/balticoverlanders.eu\/fi\/?s={search_term_string}"},"query-input":{"@type":"PropertyValueSpecification","valueRequired":true,"valueName":"search_term_string"}}],"inLanguage":"fi"}]}},"_links":{"self":[{"href":"https:\/\/balticoverlanders.eu\/fi\/wp-json\/wp\/v2\/product\/29749","targetHints":{"allow":["GET"]}}],"collection":[{"href":"https:\/\/balticoverlanders.eu\/fi\/wp-json\/wp\/v2\/product"}],"about":[{"href":"https:\/\/balticoverlanders.eu\/fi\/wp-json\/wp\/v2\/types\/product"}],"wp:featuredmedia":[{"embeddable":true,"href":"https:\/\/balticoverlanders.eu\/fi\/wp-json\/wp\/v2\/media\/158253"}],"wp:attachment":[{"href":"https:\/\/balticoverlanders.eu\/fi\/wp-json\/wp\/v2\/media?parent=29749"}],"wp:term":[{"taxonomy":"product_brand","embeddable":true,"href":"https:\/\/balticoverlanders.eu\/fi\/wp-json\/wp\/v2\/product_brand?post=29749"},{"taxonomy":"product_cat","embeddable":true,"href":"https:\/\/balticoverlanders.eu\/fi\/wp-json\/wp\/v2\/product_cat?post=29749"},{"taxonomy":"product_tag","embeddable":true,"href":"https:\/\/balticoverlanders.eu\/fi\/wp-json\/wp\/v2\/product_tag?post=29749"}],"curies":[{"name":"wp","href":"https:\/\/api.w.org\/{rel}","templated":true}]}}