{"id":29765,"date":"2023-03-19T11:14:06","date_gmt":"2023-03-19T09:14:06","guid":{"rendered":"https:\/\/balticoverlanders.eu\/product\/egoe-nestbox-tramp-250\/"},"modified":"2024-01-31T23:19:24","modified_gmt":"2024-01-31T21:19:24","slug":"egoe-nestbox-tramp-250","status":"publish","type":"product","link":"https:\/\/balticoverlanders.eu\/fi\/tuote\/egoe-nestbox-tramp-250\/","title":{"rendered":"Egoe Nestbox Tramp 250"},"content":{"rendered":"<p>Esittelyss\u00e4 Tramp 250, t\u00e4ydellinen Nestbox-malli kompaktin ja minimalistisen matkustamisen yst\u00e4ville! Yksinkertaistetusta rakenteestaan ja pienemm\u00e4st\u00e4 rungostaan huolimatta Trampissa on kaikki, mit\u00e4 tarvitset seikkailuissasi, mukaan lukien makuualusta, liesi, kylm\u00e4laukkutila ja irrotettava vedenpaines\u00e4kki.<\/p>\n<p>Seuraavassa on joitakin Trampin keskeisi\u00e4 ominaisuuksia:<\/p>\n<ul>\n<li>Kompakti koko helpottaa kuljetusta ja varastointia<\/li>\n<li>Yksinkertaistettu rakenne maalaismaiseman ja maanl\u00e4heisemm\u00e4n matkakokemuksen takaamiseksi.<\/li>\n<li>Mukana nukkumissetti mukavaa y\u00f6lepoa varten<\/li>\n<li>Liesi aterioiden valmistukseen matkalla<\/li>\n<li>J\u00e4\u00e4hdytyslaukussa on tilaa ruoan ja juomien s\u00e4ilytt\u00e4miseen tuoreena.<\/li>\n<li>Irrotettava vedenpaines\u00e4kki helpottaa puhdistusta ja huoltoa.<\/li>\n<\/ul>\n<p>Camper-malliin verrattuna Tramp on kooltaan pienempi, mutta tarjoaa silti kaikki matkallasi tarvitsemasi. Suunnittelitpa sitten viikonloppuretke\u00e4 tai pidemp\u00e4\u00e4 reissua, Tramp on t\u00e4ydellinen kumppani seikkailuihin. Tilaa omasi jo t\u00e4n\u00e4\u00e4n ja koe minimalistisen matkustamisen ilo!<\/p>\n<p><img fetchpriority=\"high\" decoding=\"async\" class=\"alignnone size-medium wp-image-6804\" src=\"https:\/\/balticoverlanders.eu\/wp-content\/uploads\/2023\/03\/Layer_18-300x188.png\" alt=\"\" width=\"300\" height=\"188\" srcset=\"https:\/\/balticoverlanders.eu\/wp-content\/uploads\/2023\/03\/Layer_18-300x188.png 300w, https:\/\/balticoverlanders.eu\/wp-content\/uploads\/2023\/03\/Layer_18-150x94.png 150w, https:\/\/balticoverlanders.eu\/wp-content\/uploads\/2023\/03\/Layer_18-600x375.png 600w, https:\/\/balticoverlanders.eu\/wp-content\/uploads\/2023\/03\/Layer_18.png 656w\" sizes=\"(max-width: 300px) 100vw, 300px\" \/><\/p>\n","protected":false},"excerpt":{"rendered":"<h4><span style=\"color: #993300;\"><strong>T\u00e4rke\u00e4<\/strong><\/span><\/h4>\n<ul>\n<li>6-8 viikkoa k\u00e4sirahan vastaanottamisesta tai varastojen mukaan. Ilmoitamme sinulle aina etuk\u00e4teen, milloin tavarasi valmistetaan tai milloin voit odottaa toimitusta.<\/li>\n<li>Toimituskulut eiv\u00e4t sis\u00e4lly hintaan.<\/li>\n<li>Kuvat ja tuotepiirrokset ovat vain havainnollistavia. Todellinen tekninen eritelm\u00e4 riippuu ajoneuvotyypist\u00e4.<\/li>\n<\/ul>\n<hr>\n<h5 class=\"nest-featured-product__title\">SET OPTIONS<\/h5>\n<h4 class=\"pricing-table__title\">T\u00e4ydellinen sarja+<\/h4>\n<p class=\"pricing-table__subtitle\">runko (irrotettava painevesipussi, s\u00e4ilytystila, joka on tarkoitettu ensisijaisesti j\u00e4\u00e4hdytyspussille), irrotettava liesi (versio Tramp) ja vuode (muotoiltu s\u00e4ngynpohja, yleisk\u00e4ytt\u00f6inen s\u00e4ngynpohjatuki, muotoiltu patja).<\/p>\n<h4 class=\"pricing-table__title\">Nukkumasetti+<\/h4>\n<p class=\"pricing-table__subtitle\">runko (irrotettava painevesipussi, ensisijaisesti j\u00e4\u00e4hdytyspussille tarkoitettu s\u00e4ilytystila), irrotettava liesi (versio Tramp) ja vuode (suora s\u00e4ngynpohja, yleinen s\u00e4ngynpohjatuki, suora patja).<\/p>\n<h4 class=\"pricing-table__title\">Keitti\u00f6kalusteet<\/h4>\n<p class=\"pricing-table__subtitle\">runko (irrotettava vesipaines\u00e4kki, s\u00e4ilytystilat suunniteltu ensisijaisesti j\u00e4\u00e4hdytyspussille), irrotettava liesi (versio Tramp)<\/p>\n","protected":false},"featured_media":6810,"template":"","meta":[],"product_brand":[],"product_cat":[389,388],"product_tag":[],"class_list":{"0":"post-29765","1":"product","2":"type-product","3":"status-publish","4":"has-post-thumbnail","6":"product_cat-egoe-nest-fi","7":"product_cat-leirintalaatikko","9":"first","10":"onbackorder","11":"taxable","12":"shipping-taxable","13":"purchasable","14":"product-type-variable"},"yoast_head":"<!-- This site is optimized with the Yoast SEO plugin v27.3 - https:\/\/yoast.com\/product\/yoast-seo-wordpress\/ -->\n<title>Egoe Nestbox Tramp 250 - BALTIC OVERLANDERS<\/title>\n<meta name=\"robots\" content=\"index, follow, max-snippet:-1, max-image-preview:large, max-video-preview:-1\" \/>\n<link rel=\"canonical\" href=\"https:\/\/balticoverlanders.eu\/fi\/tuote\/egoe-nestbox-tramp-250\/\" \/>\n<meta property=\"og:locale\" content=\"fi_FI\" \/>\n<meta property=\"og:type\" content=\"article\" \/>\n<meta property=\"og:title\" content=\"Egoe Nestbox Tramp 250 - BALTIC OVERLANDERS\" \/>\n<meta property=\"og:description\" content=\"T\u00e4rke\u00e4  6-8 viikkoa k\u00e4sirahan vastaanottamisesta tai varastojen mukaan. Ilmoitamme sinulle aina etuk\u00e4teen, milloin tavarasi valmistetaan tai milloin voit odottaa toimitusta.  Toimituskulut eiv\u00e4t sis\u00e4lly hintaan.  Kuvat ja tuotepiirrokset ovat vain havainnollistavia. Todellinen tekninen eritelm\u00e4 riippuu ajoneuvotyypist\u00e4.   SET OPTIONS T\u00e4ydellinen sarja+ runko (irrotettava painevesipussi, s\u00e4ilytystila, joka on tarkoitettu ensisijaisesti j\u00e4\u00e4hdytyspussille), irrotettava liesi (versio Tramp) ja vuode (muotoiltu s\u00e4ngynpohja, yleisk\u00e4ytt\u00f6inen s\u00e4ngynpohjatuki, muotoiltu patja). Nukkumasetti+ runko (irrotettava painevesipussi, ensisijaisesti j\u00e4\u00e4hdytyspussille tarkoitettu s\u00e4ilytystila), irrotettava liesi (versio Tramp) ja vuode (suora s\u00e4ngynpohja, yleinen s\u00e4ngynpohjatuki, suora patja). Keitti\u00f6kalusteet runko (irrotettava vesipaines\u00e4kki, s\u00e4ilytystilat suunniteltu ensisijaisesti j\u00e4\u00e4hdytyspussille), irrotettava liesi (versio Tramp)\" \/>\n<meta property=\"og:url\" content=\"https:\/\/balticoverlanders.eu\/fi\/tuote\/egoe-nestbox-tramp-250\/\" \/>\n<meta property=\"og:site_name\" content=\"BALTIC OVERLANDERS\" \/>\n<meta property=\"article:modified_time\" content=\"2024-01-31T21:19:24+00:00\" \/>\n<meta property=\"og:image\" content=\"https:\/\/balticoverlanders.eu\/wp-content\/uploads\/2023\/03\/tramp-250-1-scaled.webp\" \/>\n\t<meta property=\"og:image:width\" content=\"2560\" \/>\n\t<meta property=\"og:image:height\" content=\"1707\" \/>\n\t<meta property=\"og:image:type\" content=\"image\/webp\" \/>\n<meta name=\"twitter:card\" content=\"summary_large_image\" \/>\n<meta name=\"twitter:label1\" content=\"Arvioitu lukuaika\" \/>\n\t<meta name=\"twitter:data1\" content=\"1 minuutti\" \/>\n<script type=\"application\/ld+json\" class=\"yoast-schema-graph\">{\"@context\":\"https:\\\/\\\/schema.org\",\"@graph\":[{\"@type\":\"WebPage\",\"@id\":\"https:\\\/\\\/balticoverlanders.eu\\\/fi\\\/tuote\\\/egoe-nestbox-tramp-250\\\/\",\"url\":\"https:\\\/\\\/balticoverlanders.eu\\\/fi\\\/tuote\\\/egoe-nestbox-tramp-250\\\/\",\"name\":\"Egoe Nestbox Tramp 250 - BALTIC OVERLANDERS\",\"isPartOf\":{\"@id\":\"https:\\\/\\\/balticoverlanders.eu\\\/fi\\\/#website\"},\"primaryImageOfPage\":{\"@id\":\"https:\\\/\\\/balticoverlanders.eu\\\/fi\\\/tuote\\\/egoe-nestbox-tramp-250\\\/#primaryimage\"},\"image\":{\"@id\":\"https:\\\/\\\/balticoverlanders.eu\\\/fi\\\/tuote\\\/egoe-nestbox-tramp-250\\\/#primaryimage\"},\"thumbnailUrl\":\"https:\\\/\\\/balticoverlanders.eu\\\/wp-content\\\/uploads\\\/2023\\\/03\\\/tramp-250-1-scaled.webp\",\"datePublished\":\"2023-03-19T09:14:06+00:00\",\"dateModified\":\"2024-01-31T21:19:24+00:00\",\"breadcrumb\":{\"@id\":\"https:\\\/\\\/balticoverlanders.eu\\\/fi\\\/tuote\\\/egoe-nestbox-tramp-250\\\/#breadcrumb\"},\"inLanguage\":\"fi\",\"potentialAction\":[{\"@type\":\"ReadAction\",\"target\":[\"https:\\\/\\\/balticoverlanders.eu\\\/fi\\\/tuote\\\/egoe-nestbox-tramp-250\\\/\"]}]},{\"@type\":\"ImageObject\",\"inLanguage\":\"fi\",\"@id\":\"https:\\\/\\\/balticoverlanders.eu\\\/fi\\\/tuote\\\/egoe-nestbox-tramp-250\\\/#primaryimage\",\"url\":\"https:\\\/\\\/balticoverlanders.eu\\\/wp-content\\\/uploads\\\/2023\\\/03\\\/tramp-250-1-scaled.webp\",\"contentUrl\":\"https:\\\/\\\/balticoverlanders.eu\\\/wp-content\\\/uploads\\\/2023\\\/03\\\/tramp-250-1-scaled.webp\",\"width\":2560,\"height\":1707},{\"@type\":\"BreadcrumbList\",\"@id\":\"https:\\\/\\\/balticoverlanders.eu\\\/fi\\\/tuote\\\/egoe-nestbox-tramp-250\\\/#breadcrumb\",\"itemListElement\":[{\"@type\":\"ListItem\",\"position\":1,\"name\":\"Home\",\"item\":\"https:\\\/\\\/balticoverlanders.eu\\\/fi\\\/?page_id=30138\"},{\"@type\":\"ListItem\",\"position\":2,\"name\":\"Kauppa\",\"item\":\"https:\\\/\\\/balticoverlanders.eu\\\/fi\\\/?page_id=30882\"},{\"@type\":\"ListItem\",\"position\":3,\"name\":\"Egoe Nestbox Tramp 250\"}]},{\"@type\":\"WebSite\",\"@id\":\"https:\\\/\\\/balticoverlanders.eu\\\/fi\\\/#website\",\"url\":\"https:\\\/\\\/balticoverlanders.eu\\\/fi\\\/\",\"name\":\"BALTIC OVERLANDERS\",\"description\":\"Your one-stop shop in Latvia, Estonia, and Lithuania for all your car camping, rooftop tent and accessory needs.\",\"potentialAction\":[{\"@type\":\"SearchAction\",\"target\":{\"@type\":\"EntryPoint\",\"urlTemplate\":\"https:\\\/\\\/balticoverlanders.eu\\\/fi\\\/?s={search_term_string}\"},\"query-input\":{\"@type\":\"PropertyValueSpecification\",\"valueRequired\":true,\"valueName\":\"search_term_string\"}}],\"inLanguage\":\"fi\"}]}<\/script>\n<!-- \/ Yoast SEO plugin. -->","yoast_head_json":{"title":"Egoe Nestbox Tramp 250 - BALTIC OVERLANDERS","robots":{"index":"index","follow":"follow","max-snippet":"max-snippet:-1","max-image-preview":"max-image-preview:large","max-video-preview":"max-video-preview:-1"},"canonical":"https:\/\/balticoverlanders.eu\/fi\/tuote\/egoe-nestbox-tramp-250\/","og_locale":"fi_FI","og_type":"article","og_title":"Egoe Nestbox Tramp 250 - BALTIC OVERLANDERS","og_description":"T\u00e4rke\u00e4  6-8 viikkoa k\u00e4sirahan vastaanottamisesta tai varastojen mukaan. Ilmoitamme sinulle aina etuk\u00e4teen, milloin tavarasi valmistetaan tai milloin voit odottaa toimitusta.  Toimituskulut eiv\u00e4t sis\u00e4lly hintaan.  Kuvat ja tuotepiirrokset ovat vain havainnollistavia. Todellinen tekninen eritelm\u00e4 riippuu ajoneuvotyypist\u00e4.   SET OPTIONS T\u00e4ydellinen sarja+ runko (irrotettava painevesipussi, s\u00e4ilytystila, joka on tarkoitettu ensisijaisesti j\u00e4\u00e4hdytyspussille), irrotettava liesi (versio Tramp) ja vuode (muotoiltu s\u00e4ngynpohja, yleisk\u00e4ytt\u00f6inen s\u00e4ngynpohjatuki, muotoiltu patja). Nukkumasetti+ runko (irrotettava painevesipussi, ensisijaisesti j\u00e4\u00e4hdytyspussille tarkoitettu s\u00e4ilytystila), irrotettava liesi (versio Tramp) ja vuode (suora s\u00e4ngynpohja, yleinen s\u00e4ngynpohjatuki, suora patja). Keitti\u00f6kalusteet runko (irrotettava vesipaines\u00e4kki, s\u00e4ilytystilat suunniteltu ensisijaisesti j\u00e4\u00e4hdytyspussille), irrotettava liesi (versio Tramp)","og_url":"https:\/\/balticoverlanders.eu\/fi\/tuote\/egoe-nestbox-tramp-250\/","og_site_name":"BALTIC OVERLANDERS","article_modified_time":"2024-01-31T21:19:24+00:00","og_image":[{"width":2560,"height":1707,"url":"https:\/\/balticoverlanders.eu\/wp-content\/uploads\/2023\/03\/tramp-250-1-scaled.webp","type":"image\/webp"}],"twitter_card":"summary_large_image","twitter_misc":{"Arvioitu lukuaika":"1 minuutti"},"schema":{"@context":"https:\/\/schema.org","@graph":[{"@type":"WebPage","@id":"https:\/\/balticoverlanders.eu\/fi\/tuote\/egoe-nestbox-tramp-250\/","url":"https:\/\/balticoverlanders.eu\/fi\/tuote\/egoe-nestbox-tramp-250\/","name":"Egoe Nestbox Tramp 250 - BALTIC OVERLANDERS","isPartOf":{"@id":"https:\/\/balticoverlanders.eu\/fi\/#website"},"primaryImageOfPage":{"@id":"https:\/\/balticoverlanders.eu\/fi\/tuote\/egoe-nestbox-tramp-250\/#primaryimage"},"image":{"@id":"https:\/\/balticoverlanders.eu\/fi\/tuote\/egoe-nestbox-tramp-250\/#primaryimage"},"thumbnailUrl":"https:\/\/balticoverlanders.eu\/wp-content\/uploads\/2023\/03\/tramp-250-1-scaled.webp","datePublished":"2023-03-19T09:14:06+00:00","dateModified":"2024-01-31T21:19:24+00:00","breadcrumb":{"@id":"https:\/\/balticoverlanders.eu\/fi\/tuote\/egoe-nestbox-tramp-250\/#breadcrumb"},"inLanguage":"fi","potentialAction":[{"@type":"ReadAction","target":["https:\/\/balticoverlanders.eu\/fi\/tuote\/egoe-nestbox-tramp-250\/"]}]},{"@type":"ImageObject","inLanguage":"fi","@id":"https:\/\/balticoverlanders.eu\/fi\/tuote\/egoe-nestbox-tramp-250\/#primaryimage","url":"https:\/\/balticoverlanders.eu\/wp-content\/uploads\/2023\/03\/tramp-250-1-scaled.webp","contentUrl":"https:\/\/balticoverlanders.eu\/wp-content\/uploads\/2023\/03\/tramp-250-1-scaled.webp","width":2560,"height":1707},{"@type":"BreadcrumbList","@id":"https:\/\/balticoverlanders.eu\/fi\/tuote\/egoe-nestbox-tramp-250\/#breadcrumb","itemListElement":[{"@type":"ListItem","position":1,"name":"Home","item":"https:\/\/balticoverlanders.eu\/fi\/?page_id=30138"},{"@type":"ListItem","position":2,"name":"Kauppa","item":"https:\/\/balticoverlanders.eu\/fi\/?page_id=30882"},{"@type":"ListItem","position":3,"name":"Egoe Nestbox Tramp 250"}]},{"@type":"WebSite","@id":"https:\/\/balticoverlanders.eu\/fi\/#website","url":"https:\/\/balticoverlanders.eu\/fi\/","name":"BALTIC OVERLANDERS","description":"Your one-stop shop in Latvia, Estonia, and Lithuania for all your car camping, rooftop tent and accessory needs.","potentialAction":[{"@type":"SearchAction","target":{"@type":"EntryPoint","urlTemplate":"https:\/\/balticoverlanders.eu\/fi\/?s={search_term_string}"},"query-input":{"@type":"PropertyValueSpecification","valueRequired":true,"valueName":"search_term_string"}}],"inLanguage":"fi"}]}},"_links":{"self":[{"href":"https:\/\/balticoverlanders.eu\/fi\/wp-json\/wp\/v2\/product\/29765","targetHints":{"allow":["GET"]}}],"collection":[{"href":"https:\/\/balticoverlanders.eu\/fi\/wp-json\/wp\/v2\/product"}],"about":[{"href":"https:\/\/balticoverlanders.eu\/fi\/wp-json\/wp\/v2\/types\/product"}],"wp:featuredmedia":[{"embeddable":true,"href":"https:\/\/balticoverlanders.eu\/fi\/wp-json\/wp\/v2\/media\/6810"}],"wp:attachment":[{"href":"https:\/\/balticoverlanders.eu\/fi\/wp-json\/wp\/v2\/media?parent=29765"}],"wp:term":[{"taxonomy":"product_brand","embeddable":true,"href":"https:\/\/balticoverlanders.eu\/fi\/wp-json\/wp\/v2\/product_brand?post=29765"},{"taxonomy":"product_cat","embeddable":true,"href":"https:\/\/balticoverlanders.eu\/fi\/wp-json\/wp\/v2\/product_cat?post=29765"},{"taxonomy":"product_tag","embeddable":true,"href":"https:\/\/balticoverlanders.eu\/fi\/wp-json\/wp\/v2\/product_tag?post=29765"}],"curies":[{"name":"wp","href":"https:\/\/api.w.org\/{rel}","templated":true}]}}