{"id":29836,"date":"2023-03-19T11:06:32","date_gmt":"2023-03-19T09:06:32","guid":{"rendered":"https:\/\/balticoverlanders.eu\/product\/egoe-nestbox-camper-200\/"},"modified":"2024-01-31T23:19:28","modified_gmt":"2024-01-31T21:19:28","slug":"egoe-nestbox-camper-200","status":"publish","type":"product","link":"https:\/\/balticoverlanders.eu\/fi\/tuote\/egoe-nestbox-camper-200\/","title":{"rendered":"Egoe Nestbox Camper 200"},"content":{"rendered":"<p><img fetchpriority=\"high\" decoding=\"async\" class=\"alignnone size-medium wp-image-6791\" src=\"https:\/\/balticoverlanders.eu\/wp-content\/uploads\/2023\/03\/Layer_17-300x188.png\" alt=\"\" width=\"300\" height=\"188\" srcset=\"https:\/\/balticoverlanders.eu\/wp-content\/uploads\/2023\/03\/Layer_17-300x188.png 300w, https:\/\/balticoverlanders.eu\/wp-content\/uploads\/2023\/03\/Layer_17-150x94.png 150w, https:\/\/balticoverlanders.eu\/wp-content\/uploads\/2023\/03\/Layer_17-600x375.png 600w, https:\/\/balticoverlanders.eu\/wp-content\/uploads\/2023\/03\/Layer_17.png 656w\" sizes=\"(max-width: 300px) 100vw, 300px\" \/><\/p>\n","protected":false},"excerpt":{"rendered":"<h4><span style=\"color: #993300;\"><strong>T\u00e4rke\u00e4<\/strong><\/span><\/h4>\n<ul>\n<li>Toimitus 6 &#8211; 8 viikkoa k\u00e4sirahan vastaanottamisesta tai varaston mukaan. Ilmoitamme sinulle aina etuk\u00e4teen, milloin tavarasi valmistetaan tai milloin voit odottaa toimitusta.<\/li>\n<li>Toimituskulut eiv\u00e4t sis\u00e4lly hintaan,<\/li>\n<li>Kuvat ja tuotepiirrokset ovat vain havainnollistavia. Todelliset tekniset tiedot riippuvat ajoneuvotyypist\u00e4.<\/li>\n<\/ul>\n<hr>\n<h5 class=\"nest-featured-product__title\">SET OPTIONS<\/h5>\n<h4 class=\"pricing-table__title\">T\u00e4ydellinen sarja+<\/h4>\n<p class=\"pricing-table__subtitle\">runko, jossa on kiinte\u00e4 integroitu vesimoduuli ja s\u00e4ilytystila, joka on tarkoitettu ensisijaisesti j\u00e4\u00e4hdytyspussille, irrotettava keittomoduuli (versio Camper) ja s\u00e4nky (s\u00e4ngyn alusta sivukiskoilla, yleisk\u00e4ytt\u00f6inen s\u00e4ngyn pohjatuki, patja sivuosilla).<\/p>\n<h4 class=\"pricing-table__title\">Keitti\u00f6kalusteet<\/h4>\n<p class=\"pricing-table__subtitle\">runko, jossa on kiinte\u00e4 integroitu vesimoduuli ja s\u00e4ilytystila, joka on tarkoitettu ensisijaisesti j\u00e4\u00e4hdytyspussille ja irrotettavalle keittomoduulille (versio Camper).<\/p>\n","protected":false},"featured_media":6799,"template":"","meta":[],"product_brand":[],"product_cat":[389,388],"product_tag":[],"class_list":{"0":"post-29836","1":"product","2":"type-product","3":"status-publish","4":"has-post-thumbnail","6":"product_cat-egoe-nest-fi","7":"product_cat-leirintalaatikko","9":"first","10":"onbackorder","11":"taxable","12":"shipping-taxable","13":"purchasable","14":"product-type-variable"},"yoast_head":"<!-- This site is optimized with the Yoast SEO plugin v27.3 - https:\/\/yoast.com\/product\/yoast-seo-wordpress\/ -->\n<title>Egoe Nestbox Camper 200 - BALTIC OVERLANDERS<\/title>\n<meta name=\"robots\" content=\"index, follow, max-snippet:-1, max-image-preview:large, max-video-preview:-1\" \/>\n<link rel=\"canonical\" href=\"https:\/\/balticoverlanders.eu\/fi\/tuote\/egoe-nestbox-camper-200\/\" \/>\n<meta property=\"og:locale\" content=\"fi_FI\" \/>\n<meta property=\"og:type\" content=\"article\" \/>\n<meta property=\"og:title\" content=\"Egoe Nestbox Camper 200 - BALTIC OVERLANDERS\" \/>\n<meta property=\"og:description\" content=\"T\u00e4rke\u00e4  Toimitus 6 - 8 viikkoa k\u00e4sirahan vastaanottamisesta tai varaston mukaan. Ilmoitamme sinulle aina etuk\u00e4teen, milloin tavarasi valmistetaan tai milloin voit odottaa toimitusta.  Toimituskulut eiv\u00e4t sis\u00e4lly hintaan,  Kuvat ja tuotepiirrokset ovat vain havainnollistavia. Todelliset tekniset tiedot riippuvat ajoneuvotyypist\u00e4.   SET OPTIONS T\u00e4ydellinen sarja+ runko, jossa on kiinte\u00e4 integroitu vesimoduuli ja s\u00e4ilytystila, joka on tarkoitettu ensisijaisesti j\u00e4\u00e4hdytyspussille, irrotettava keittomoduuli (versio Camper) ja s\u00e4nky (s\u00e4ngyn alusta sivukiskoilla, yleisk\u00e4ytt\u00f6inen s\u00e4ngyn pohjatuki, patja sivuosilla). Keitti\u00f6kalusteet runko, jossa on kiinte\u00e4 integroitu vesimoduuli ja s\u00e4ilytystila, joka on tarkoitettu ensisijaisesti j\u00e4\u00e4hdytyspussille ja irrotettavalle keittomoduulille (versio Camper).\" \/>\n<meta property=\"og:url\" content=\"https:\/\/balticoverlanders.eu\/fi\/tuote\/egoe-nestbox-camper-200\/\" \/>\n<meta property=\"og:site_name\" content=\"BALTIC OVERLANDERS\" \/>\n<meta property=\"article:modified_time\" content=\"2024-01-31T21:19:28+00:00\" \/>\n<meta property=\"og:image\" content=\"https:\/\/balticoverlanders.eu\/wp-content\/uploads\/2023\/03\/camper-200-scaled.webp\" \/>\n\t<meta property=\"og:image:width\" content=\"2560\" \/>\n\t<meta property=\"og:image:height\" content=\"1707\" \/>\n\t<meta property=\"og:image:type\" content=\"image\/webp\" \/>\n<meta name=\"twitter:card\" content=\"summary_large_image\" \/>\n<script type=\"application\/ld+json\" class=\"yoast-schema-graph\">{\"@context\":\"https:\\\/\\\/schema.org\",\"@graph\":[{\"@type\":\"WebPage\",\"@id\":\"https:\\\/\\\/balticoverlanders.eu\\\/fi\\\/tuote\\\/egoe-nestbox-camper-200\\\/\",\"url\":\"https:\\\/\\\/balticoverlanders.eu\\\/fi\\\/tuote\\\/egoe-nestbox-camper-200\\\/\",\"name\":\"Egoe Nestbox Camper 200 - BALTIC OVERLANDERS\",\"isPartOf\":{\"@id\":\"https:\\\/\\\/balticoverlanders.eu\\\/fi\\\/#website\"},\"primaryImageOfPage\":{\"@id\":\"https:\\\/\\\/balticoverlanders.eu\\\/fi\\\/tuote\\\/egoe-nestbox-camper-200\\\/#primaryimage\"},\"image\":{\"@id\":\"https:\\\/\\\/balticoverlanders.eu\\\/fi\\\/tuote\\\/egoe-nestbox-camper-200\\\/#primaryimage\"},\"thumbnailUrl\":\"https:\\\/\\\/balticoverlanders.eu\\\/wp-content\\\/uploads\\\/2023\\\/03\\\/camper-200-scaled.webp\",\"datePublished\":\"2023-03-19T09:06:32+00:00\",\"dateModified\":\"2024-01-31T21:19:28+00:00\",\"breadcrumb\":{\"@id\":\"https:\\\/\\\/balticoverlanders.eu\\\/fi\\\/tuote\\\/egoe-nestbox-camper-200\\\/#breadcrumb\"},\"inLanguage\":\"fi\",\"potentialAction\":[{\"@type\":\"ReadAction\",\"target\":[\"https:\\\/\\\/balticoverlanders.eu\\\/fi\\\/tuote\\\/egoe-nestbox-camper-200\\\/\"]}]},{\"@type\":\"ImageObject\",\"inLanguage\":\"fi\",\"@id\":\"https:\\\/\\\/balticoverlanders.eu\\\/fi\\\/tuote\\\/egoe-nestbox-camper-200\\\/#primaryimage\",\"url\":\"https:\\\/\\\/balticoverlanders.eu\\\/wp-content\\\/uploads\\\/2023\\\/03\\\/camper-200-scaled.webp\",\"contentUrl\":\"https:\\\/\\\/balticoverlanders.eu\\\/wp-content\\\/uploads\\\/2023\\\/03\\\/camper-200-scaled.webp\",\"width\":2560,\"height\":1707},{\"@type\":\"BreadcrumbList\",\"@id\":\"https:\\\/\\\/balticoverlanders.eu\\\/fi\\\/tuote\\\/egoe-nestbox-camper-200\\\/#breadcrumb\",\"itemListElement\":[{\"@type\":\"ListItem\",\"position\":1,\"name\":\"Home\",\"item\":\"https:\\\/\\\/balticoverlanders.eu\\\/fi\\\/?page_id=30138\"},{\"@type\":\"ListItem\",\"position\":2,\"name\":\"Kauppa\",\"item\":\"https:\\\/\\\/balticoverlanders.eu\\\/fi\\\/?page_id=30882\"},{\"@type\":\"ListItem\",\"position\":3,\"name\":\"Egoe Nestbox Camper 200\"}]},{\"@type\":\"WebSite\",\"@id\":\"https:\\\/\\\/balticoverlanders.eu\\\/fi\\\/#website\",\"url\":\"https:\\\/\\\/balticoverlanders.eu\\\/fi\\\/\",\"name\":\"BALTIC OVERLANDERS\",\"description\":\"Your one-stop shop in Latvia, Estonia, and Lithuania for all your car camping, rooftop tent and accessory needs.\",\"potentialAction\":[{\"@type\":\"SearchAction\",\"target\":{\"@type\":\"EntryPoint\",\"urlTemplate\":\"https:\\\/\\\/balticoverlanders.eu\\\/fi\\\/?s={search_term_string}\"},\"query-input\":{\"@type\":\"PropertyValueSpecification\",\"valueRequired\":true,\"valueName\":\"search_term_string\"}}],\"inLanguage\":\"fi\"}]}<\/script>\n<!-- \/ Yoast SEO plugin. -->","yoast_head_json":{"title":"Egoe Nestbox Camper 200 - BALTIC OVERLANDERS","robots":{"index":"index","follow":"follow","max-snippet":"max-snippet:-1","max-image-preview":"max-image-preview:large","max-video-preview":"max-video-preview:-1"},"canonical":"https:\/\/balticoverlanders.eu\/fi\/tuote\/egoe-nestbox-camper-200\/","og_locale":"fi_FI","og_type":"article","og_title":"Egoe Nestbox Camper 200 - BALTIC OVERLANDERS","og_description":"T\u00e4rke\u00e4  Toimitus 6 - 8 viikkoa k\u00e4sirahan vastaanottamisesta tai varaston mukaan. Ilmoitamme sinulle aina etuk\u00e4teen, milloin tavarasi valmistetaan tai milloin voit odottaa toimitusta.  Toimituskulut eiv\u00e4t sis\u00e4lly hintaan,  Kuvat ja tuotepiirrokset ovat vain havainnollistavia. Todelliset tekniset tiedot riippuvat ajoneuvotyypist\u00e4.   SET OPTIONS T\u00e4ydellinen sarja+ runko, jossa on kiinte\u00e4 integroitu vesimoduuli ja s\u00e4ilytystila, joka on tarkoitettu ensisijaisesti j\u00e4\u00e4hdytyspussille, irrotettava keittomoduuli (versio Camper) ja s\u00e4nky (s\u00e4ngyn alusta sivukiskoilla, yleisk\u00e4ytt\u00f6inen s\u00e4ngyn pohjatuki, patja sivuosilla). Keitti\u00f6kalusteet runko, jossa on kiinte\u00e4 integroitu vesimoduuli ja s\u00e4ilytystila, joka on tarkoitettu ensisijaisesti j\u00e4\u00e4hdytyspussille ja irrotettavalle keittomoduulille (versio Camper).","og_url":"https:\/\/balticoverlanders.eu\/fi\/tuote\/egoe-nestbox-camper-200\/","og_site_name":"BALTIC OVERLANDERS","article_modified_time":"2024-01-31T21:19:28+00:00","og_image":[{"width":2560,"height":1707,"url":"https:\/\/balticoverlanders.eu\/wp-content\/uploads\/2023\/03\/camper-200-scaled.webp","type":"image\/webp"}],"twitter_card":"summary_large_image","schema":{"@context":"https:\/\/schema.org","@graph":[{"@type":"WebPage","@id":"https:\/\/balticoverlanders.eu\/fi\/tuote\/egoe-nestbox-camper-200\/","url":"https:\/\/balticoverlanders.eu\/fi\/tuote\/egoe-nestbox-camper-200\/","name":"Egoe Nestbox Camper 200 - BALTIC OVERLANDERS","isPartOf":{"@id":"https:\/\/balticoverlanders.eu\/fi\/#website"},"primaryImageOfPage":{"@id":"https:\/\/balticoverlanders.eu\/fi\/tuote\/egoe-nestbox-camper-200\/#primaryimage"},"image":{"@id":"https:\/\/balticoverlanders.eu\/fi\/tuote\/egoe-nestbox-camper-200\/#primaryimage"},"thumbnailUrl":"https:\/\/balticoverlanders.eu\/wp-content\/uploads\/2023\/03\/camper-200-scaled.webp","datePublished":"2023-03-19T09:06:32+00:00","dateModified":"2024-01-31T21:19:28+00:00","breadcrumb":{"@id":"https:\/\/balticoverlanders.eu\/fi\/tuote\/egoe-nestbox-camper-200\/#breadcrumb"},"inLanguage":"fi","potentialAction":[{"@type":"ReadAction","target":["https:\/\/balticoverlanders.eu\/fi\/tuote\/egoe-nestbox-camper-200\/"]}]},{"@type":"ImageObject","inLanguage":"fi","@id":"https:\/\/balticoverlanders.eu\/fi\/tuote\/egoe-nestbox-camper-200\/#primaryimage","url":"https:\/\/balticoverlanders.eu\/wp-content\/uploads\/2023\/03\/camper-200-scaled.webp","contentUrl":"https:\/\/balticoverlanders.eu\/wp-content\/uploads\/2023\/03\/camper-200-scaled.webp","width":2560,"height":1707},{"@type":"BreadcrumbList","@id":"https:\/\/balticoverlanders.eu\/fi\/tuote\/egoe-nestbox-camper-200\/#breadcrumb","itemListElement":[{"@type":"ListItem","position":1,"name":"Home","item":"https:\/\/balticoverlanders.eu\/fi\/?page_id=30138"},{"@type":"ListItem","position":2,"name":"Kauppa","item":"https:\/\/balticoverlanders.eu\/fi\/?page_id=30882"},{"@type":"ListItem","position":3,"name":"Egoe Nestbox Camper 200"}]},{"@type":"WebSite","@id":"https:\/\/balticoverlanders.eu\/fi\/#website","url":"https:\/\/balticoverlanders.eu\/fi\/","name":"BALTIC OVERLANDERS","description":"Your one-stop shop in Latvia, Estonia, and Lithuania for all your car camping, rooftop tent and accessory needs.","potentialAction":[{"@type":"SearchAction","target":{"@type":"EntryPoint","urlTemplate":"https:\/\/balticoverlanders.eu\/fi\/?s={search_term_string}"},"query-input":{"@type":"PropertyValueSpecification","valueRequired":true,"valueName":"search_term_string"}}],"inLanguage":"fi"}]}},"_links":{"self":[{"href":"https:\/\/balticoverlanders.eu\/fi\/wp-json\/wp\/v2\/product\/29836","targetHints":{"allow":["GET"]}}],"collection":[{"href":"https:\/\/balticoverlanders.eu\/fi\/wp-json\/wp\/v2\/product"}],"about":[{"href":"https:\/\/balticoverlanders.eu\/fi\/wp-json\/wp\/v2\/types\/product"}],"wp:featuredmedia":[{"embeddable":true,"href":"https:\/\/balticoverlanders.eu\/fi\/wp-json\/wp\/v2\/media\/6799"}],"wp:attachment":[{"href":"https:\/\/balticoverlanders.eu\/fi\/wp-json\/wp\/v2\/media?parent=29836"}],"wp:term":[{"taxonomy":"product_brand","embeddable":true,"href":"https:\/\/balticoverlanders.eu\/fi\/wp-json\/wp\/v2\/product_brand?post=29836"},{"taxonomy":"product_cat","embeddable":true,"href":"https:\/\/balticoverlanders.eu\/fi\/wp-json\/wp\/v2\/product_cat?post=29836"},{"taxonomy":"product_tag","embeddable":true,"href":"https:\/\/balticoverlanders.eu\/fi\/wp-json\/wp\/v2\/product_tag?post=29836"}],"curies":[{"name":"wp","href":"https:\/\/api.w.org\/{rel}","templated":true}]}}