{"id":30072,"date":"2023-03-18T16:21:10","date_gmt":"2023-03-18T14:21:10","guid":{"rendered":"https:\/\/balticoverlanders.eu\/product\/james-baroud-odyssey-m\/"},"modified":"2024-01-31T23:19:50","modified_gmt":"2024-01-31T21:19:50","slug":"james-baroud-odyssey-m","status":"publish","type":"product","link":"https:\/\/balticoverlanders.eu\/fi\/tuote\/james-baroud-odyssey-m\/","title":{"rendered":"James Baroud Odyssey M"},"content":{"rendered":"<p><strong>James Baroud Odyssey M: Premium-laatuinen kattoteltta, jossa on 100 % pimennys t\u00e4ydelliseen mukavuuteen.<\/strong><\/p>\n<p><em>Koe poikkeuksellisia retkeilyseikkailuja kaikkiin ymp\u00e4rist\u00f6ihin suunnitellulla kattoteltalla!<\/em><\/p>\n<p><strong>Ihanteellinen 2 aikuiselle ja 1 lapselle<\/strong><\/p>\n<ul>\n<li>Patjan koko: 140cm x 200cm<\/li>\n<li>Avoin korkeus: 100cm<\/li>\n<\/ul>\n<p><strong>Monik\u00e4ytt\u00f6inen kattoteltta<\/strong><\/p>\n<ul>\n<li>Kevyt: 2 henkil\u00f6\u00e4 asentaa helposti<\/li>\n<li>Majoitustilat 2 aikuiselle ja 1 lapselle<\/li>\n<li>Kest\u00e4\u00e4 \u00e4\u00e4rimm\u00e4isiss\u00e4 ymp\u00e4rist\u00f6iss\u00e4<\/li>\n<\/ul>\n<p><strong>Verraton mukavuus ja mukavuus<\/strong><\/p>\n<ul>\n<li>Korkean tiheyden patja \u00e4\u00e4rimm\u00e4ist\u00e4 rentoutumista varten<\/li>\n<li>100% pimennys, eristetty ja kest\u00e4v\u00e4 kangas<\/li>\n<li>Nopea ja helppo asennus ja purkaminen vain 1 minuutissa.<\/li>\n<\/ul>\n<p>Olitpa sitten yksin matkalla aavikolla tai telttailemassa perheen kanssa mets\u00e4ss\u00e4, James Baroud Odyssey tarjoaa huippulaatua, turvallisuutta ja mukavuutta jokaisella matkalla.<\/p>\n","protected":false},"excerpt":{"rendered":"<p>Tutustu \u00e4\u00e4rimm\u00e4iseen ulkoilmapakoon: James Baroud Odyssey M kattoteltta!<\/p>\n<p>&#8211; Mukavasti nukkuu 2 aikuista ja 1 lapsi 140&#215;200 cm:n suuritiheyksisell\u00e4 patjalla &#8211; Nopea yhden minuutin asennus, 100 % pimennys ja kest\u00e4v\u00e4t materiaalit \u00e4\u00e4riolosuhteisiin &#8211; 360\u00ba n\u00e4kym\u00e4, aurinkoenergialla toimiva tuuletusaukko ja r\u00e4\u00e4t\u00e4l\u00f6it\u00e4viss\u00e4 olevat poikkitangot lis\u00e4varastointia varten.<\/p>\n<p>Nosta retkeilyseikkailusi uusiin ulottuvuuksiin \u00e4\u00e4rimm\u00e4isell\u00e4 mukavuudella ja mukavuudella. \u00c4l\u00e4 missaa kattotelttaa, joka m\u00e4\u00e4rittelee ulkoilmael\u00e4m\u00e4n uudelleen!<\/p>\n","protected":false},"featured_media":8365,"template":"","meta":[],"product_brand":[],"product_cat":[365,376],"product_tag":[],"class_list":{"0":"post-30072","1":"product","2":"type-product","3":"status-publish","4":"has-post-thumbnail","6":"product_cat-james-baroud-fi","7":"product_cat-kattoteltat","9":"first","10":"instock","11":"taxable","12":"shipping-taxable","13":"purchasable","14":"product-type-variable"},"yoast_head":"<!-- This site is optimized with the Yoast SEO plugin v27.3 - https:\/\/yoast.com\/product\/yoast-seo-wordpress\/ -->\n<title>James Baroud Odyssey M - BALTIC OVERLANDERS<\/title>\n<meta name=\"robots\" content=\"index, follow, max-snippet:-1, max-image-preview:large, max-video-preview:-1\" \/>\n<link rel=\"canonical\" href=\"https:\/\/balticoverlanders.eu\/fi\/tuote\/james-baroud-odyssey-m\/\" \/>\n<meta property=\"og:locale\" content=\"fi_FI\" \/>\n<meta property=\"og:type\" content=\"article\" \/>\n<meta property=\"og:title\" content=\"James Baroud Odyssey M - BALTIC OVERLANDERS\" \/>\n<meta property=\"og:description\" content=\"Tutustu \u00e4\u00e4rimm\u00e4iseen ulkoilmapakoon: James Baroud Odyssey M kattoteltta! - Mukavasti nukkuu 2 aikuista ja 1 lapsi 140x200 cm:n suuritiheyksisell\u00e4 patjalla - Nopea yhden minuutin asennus, 100 % pimennys ja kest\u00e4v\u00e4t materiaalit \u00e4\u00e4riolosuhteisiin - 360\u00ba n\u00e4kym\u00e4, aurinkoenergialla toimiva tuuletusaukko ja r\u00e4\u00e4t\u00e4l\u00f6it\u00e4viss\u00e4 olevat poikkitangot lis\u00e4varastointia varten. Nosta retkeilyseikkailusi uusiin ulottuvuuksiin \u00e4\u00e4rimm\u00e4isell\u00e4 mukavuudella ja mukavuudella. \u00c4l\u00e4 missaa kattotelttaa, joka m\u00e4\u00e4rittelee ulkoilmael\u00e4m\u00e4n uudelleen!\" \/>\n<meta property=\"og:url\" content=\"https:\/\/balticoverlanders.eu\/fi\/tuote\/james-baroud-odyssey-m\/\" \/>\n<meta property=\"og:site_name\" content=\"BALTIC OVERLANDERS\" \/>\n<meta property=\"article:modified_time\" content=\"2024-01-31T21:19:50+00:00\" \/>\n<meta property=\"og:image\" content=\"https:\/\/balticoverlanders.eu\/wp-content\/uploads\/2023\/03\/James-Baroud-Odyssey-Transparent-BG1.png\" \/>\n\t<meta property=\"og:image:width\" content=\"1000\" \/>\n\t<meta property=\"og:image:height\" content=\"667\" \/>\n\t<meta property=\"og:image:type\" content=\"image\/png\" \/>\n<meta name=\"twitter:card\" content=\"summary_large_image\" \/>\n<script type=\"application\/ld+json\" class=\"yoast-schema-graph\">{\"@context\":\"https:\\\/\\\/schema.org\",\"@graph\":[{\"@type\":\"WebPage\",\"@id\":\"https:\\\/\\\/balticoverlanders.eu\\\/fi\\\/tuote\\\/james-baroud-odyssey-m\\\/\",\"url\":\"https:\\\/\\\/balticoverlanders.eu\\\/fi\\\/tuote\\\/james-baroud-odyssey-m\\\/\",\"name\":\"James Baroud Odyssey M - BALTIC OVERLANDERS\",\"isPartOf\":{\"@id\":\"https:\\\/\\\/balticoverlanders.eu\\\/fi\\\/#website\"},\"primaryImageOfPage\":{\"@id\":\"https:\\\/\\\/balticoverlanders.eu\\\/fi\\\/tuote\\\/james-baroud-odyssey-m\\\/#primaryimage\"},\"image\":{\"@id\":\"https:\\\/\\\/balticoverlanders.eu\\\/fi\\\/tuote\\\/james-baroud-odyssey-m\\\/#primaryimage\"},\"thumbnailUrl\":\"https:\\\/\\\/balticoverlanders.eu\\\/wp-content\\\/uploads\\\/2023\\\/03\\\/James-Baroud-Odyssey-Transparent-BG1.png\",\"datePublished\":\"2023-03-18T14:21:10+00:00\",\"dateModified\":\"2024-01-31T21:19:50+00:00\",\"breadcrumb\":{\"@id\":\"https:\\\/\\\/balticoverlanders.eu\\\/fi\\\/tuote\\\/james-baroud-odyssey-m\\\/#breadcrumb\"},\"inLanguage\":\"fi\",\"potentialAction\":[{\"@type\":\"ReadAction\",\"target\":[\"https:\\\/\\\/balticoverlanders.eu\\\/fi\\\/tuote\\\/james-baroud-odyssey-m\\\/\"]}]},{\"@type\":\"ImageObject\",\"inLanguage\":\"fi\",\"@id\":\"https:\\\/\\\/balticoverlanders.eu\\\/fi\\\/tuote\\\/james-baroud-odyssey-m\\\/#primaryimage\",\"url\":\"https:\\\/\\\/balticoverlanders.eu\\\/wp-content\\\/uploads\\\/2023\\\/03\\\/James-Baroud-Odyssey-Transparent-BG1.png\",\"contentUrl\":\"https:\\\/\\\/balticoverlanders.eu\\\/wp-content\\\/uploads\\\/2023\\\/03\\\/James-Baroud-Odyssey-Transparent-BG1.png\",\"width\":1000,\"height\":667},{\"@type\":\"BreadcrumbList\",\"@id\":\"https:\\\/\\\/balticoverlanders.eu\\\/fi\\\/tuote\\\/james-baroud-odyssey-m\\\/#breadcrumb\",\"itemListElement\":[{\"@type\":\"ListItem\",\"position\":1,\"name\":\"Home\",\"item\":\"https:\\\/\\\/balticoverlanders.eu\\\/fi\\\/?page_id=30138\"},{\"@type\":\"ListItem\",\"position\":2,\"name\":\"Kauppa\",\"item\":\"https:\\\/\\\/balticoverlanders.eu\\\/fi\\\/?page_id=30882\"},{\"@type\":\"ListItem\",\"position\":3,\"name\":\"James Baroud Odyssey M\"}]},{\"@type\":\"WebSite\",\"@id\":\"https:\\\/\\\/balticoverlanders.eu\\\/fi\\\/#website\",\"url\":\"https:\\\/\\\/balticoverlanders.eu\\\/fi\\\/\",\"name\":\"BALTIC OVERLANDERS\",\"description\":\"Your one-stop shop in Latvia, Estonia, and Lithuania for all your car camping, rooftop tent and accessory needs.\",\"potentialAction\":[{\"@type\":\"SearchAction\",\"target\":{\"@type\":\"EntryPoint\",\"urlTemplate\":\"https:\\\/\\\/balticoverlanders.eu\\\/fi\\\/?s={search_term_string}\"},\"query-input\":{\"@type\":\"PropertyValueSpecification\",\"valueRequired\":true,\"valueName\":\"search_term_string\"}}],\"inLanguage\":\"fi\"}]}<\/script>\n<!-- \/ Yoast SEO plugin. -->","yoast_head_json":{"title":"James Baroud Odyssey M - BALTIC OVERLANDERS","robots":{"index":"index","follow":"follow","max-snippet":"max-snippet:-1","max-image-preview":"max-image-preview:large","max-video-preview":"max-video-preview:-1"},"canonical":"https:\/\/balticoverlanders.eu\/fi\/tuote\/james-baroud-odyssey-m\/","og_locale":"fi_FI","og_type":"article","og_title":"James Baroud Odyssey M - BALTIC OVERLANDERS","og_description":"Tutustu \u00e4\u00e4rimm\u00e4iseen ulkoilmapakoon: James Baroud Odyssey M kattoteltta! - Mukavasti nukkuu 2 aikuista ja 1 lapsi 140x200 cm:n suuritiheyksisell\u00e4 patjalla - Nopea yhden minuutin asennus, 100 % pimennys ja kest\u00e4v\u00e4t materiaalit \u00e4\u00e4riolosuhteisiin - 360\u00ba n\u00e4kym\u00e4, aurinkoenergialla toimiva tuuletusaukko ja r\u00e4\u00e4t\u00e4l\u00f6it\u00e4viss\u00e4 olevat poikkitangot lis\u00e4varastointia varten. Nosta retkeilyseikkailusi uusiin ulottuvuuksiin \u00e4\u00e4rimm\u00e4isell\u00e4 mukavuudella ja mukavuudella. \u00c4l\u00e4 missaa kattotelttaa, joka m\u00e4\u00e4rittelee ulkoilmael\u00e4m\u00e4n uudelleen!","og_url":"https:\/\/balticoverlanders.eu\/fi\/tuote\/james-baroud-odyssey-m\/","og_site_name":"BALTIC OVERLANDERS","article_modified_time":"2024-01-31T21:19:50+00:00","og_image":[{"width":1000,"height":667,"url":"https:\/\/balticoverlanders.eu\/wp-content\/uploads\/2023\/03\/James-Baroud-Odyssey-Transparent-BG1.png","type":"image\/png"}],"twitter_card":"summary_large_image","schema":{"@context":"https:\/\/schema.org","@graph":[{"@type":"WebPage","@id":"https:\/\/balticoverlanders.eu\/fi\/tuote\/james-baroud-odyssey-m\/","url":"https:\/\/balticoverlanders.eu\/fi\/tuote\/james-baroud-odyssey-m\/","name":"James Baroud Odyssey M - BALTIC OVERLANDERS","isPartOf":{"@id":"https:\/\/balticoverlanders.eu\/fi\/#website"},"primaryImageOfPage":{"@id":"https:\/\/balticoverlanders.eu\/fi\/tuote\/james-baroud-odyssey-m\/#primaryimage"},"image":{"@id":"https:\/\/balticoverlanders.eu\/fi\/tuote\/james-baroud-odyssey-m\/#primaryimage"},"thumbnailUrl":"https:\/\/balticoverlanders.eu\/wp-content\/uploads\/2023\/03\/James-Baroud-Odyssey-Transparent-BG1.png","datePublished":"2023-03-18T14:21:10+00:00","dateModified":"2024-01-31T21:19:50+00:00","breadcrumb":{"@id":"https:\/\/balticoverlanders.eu\/fi\/tuote\/james-baroud-odyssey-m\/#breadcrumb"},"inLanguage":"fi","potentialAction":[{"@type":"ReadAction","target":["https:\/\/balticoverlanders.eu\/fi\/tuote\/james-baroud-odyssey-m\/"]}]},{"@type":"ImageObject","inLanguage":"fi","@id":"https:\/\/balticoverlanders.eu\/fi\/tuote\/james-baroud-odyssey-m\/#primaryimage","url":"https:\/\/balticoverlanders.eu\/wp-content\/uploads\/2023\/03\/James-Baroud-Odyssey-Transparent-BG1.png","contentUrl":"https:\/\/balticoverlanders.eu\/wp-content\/uploads\/2023\/03\/James-Baroud-Odyssey-Transparent-BG1.png","width":1000,"height":667},{"@type":"BreadcrumbList","@id":"https:\/\/balticoverlanders.eu\/fi\/tuote\/james-baroud-odyssey-m\/#breadcrumb","itemListElement":[{"@type":"ListItem","position":1,"name":"Home","item":"https:\/\/balticoverlanders.eu\/fi\/?page_id=30138"},{"@type":"ListItem","position":2,"name":"Kauppa","item":"https:\/\/balticoverlanders.eu\/fi\/?page_id=30882"},{"@type":"ListItem","position":3,"name":"James Baroud Odyssey M"}]},{"@type":"WebSite","@id":"https:\/\/balticoverlanders.eu\/fi\/#website","url":"https:\/\/balticoverlanders.eu\/fi\/","name":"BALTIC OVERLANDERS","description":"Your one-stop shop in Latvia, Estonia, and Lithuania for all your car camping, rooftop tent and accessory needs.","potentialAction":[{"@type":"SearchAction","target":{"@type":"EntryPoint","urlTemplate":"https:\/\/balticoverlanders.eu\/fi\/?s={search_term_string}"},"query-input":{"@type":"PropertyValueSpecification","valueRequired":true,"valueName":"search_term_string"}}],"inLanguage":"fi"}]}},"_links":{"self":[{"href":"https:\/\/balticoverlanders.eu\/fi\/wp-json\/wp\/v2\/product\/30072","targetHints":{"allow":["GET"]}}],"collection":[{"href":"https:\/\/balticoverlanders.eu\/fi\/wp-json\/wp\/v2\/product"}],"about":[{"href":"https:\/\/balticoverlanders.eu\/fi\/wp-json\/wp\/v2\/types\/product"}],"wp:featuredmedia":[{"embeddable":true,"href":"https:\/\/balticoverlanders.eu\/fi\/wp-json\/wp\/v2\/media\/8365"}],"wp:attachment":[{"href":"https:\/\/balticoverlanders.eu\/fi\/wp-json\/wp\/v2\/media?parent=30072"}],"wp:term":[{"taxonomy":"product_brand","embeddable":true,"href":"https:\/\/balticoverlanders.eu\/fi\/wp-json\/wp\/v2\/product_brand?post=30072"},{"taxonomy":"product_cat","embeddable":true,"href":"https:\/\/balticoverlanders.eu\/fi\/wp-json\/wp\/v2\/product_cat?post=30072"},{"taxonomy":"product_tag","embeddable":true,"href":"https:\/\/balticoverlanders.eu\/fi\/wp-json\/wp\/v2\/product_tag?post=30072"}],"curies":[{"name":"wp","href":"https:\/\/api.w.org\/{rel}","templated":true}]}}