{"id":30082,"date":"2023-03-19T10:51:44","date_gmt":"2023-03-19T08:51:44","guid":{"rendered":"https:\/\/balticoverlanders.eu\/product\/egoe-nestbox-retkeilija-410\/"},"modified":"2024-01-31T23:19:50","modified_gmt":"2024-01-31T21:19:50","slug":"egoe-nestbox-retkeilija-410","status":"publish","type":"product","link":"https:\/\/balticoverlanders.eu\/fi\/tuote\/egoe-nestbox-retkeilija-410\/","title":{"rendered":"Egoe Nestbox Retkeilij\u00e4 410"},"content":{"rendered":"<p><img fetchpriority=\"high\" decoding=\"async\" class=\"alignnone size-medium wp-image-6757\" src=\"https:\/\/balticoverlanders.eu\/wp-content\/uploads\/2023\/03\/Layer_16-300x188.png\" alt=\"\" width=\"300\" height=\"188\" srcset=\"https:\/\/balticoverlanders.eu\/wp-content\/uploads\/2023\/03\/Layer_16-300x188.png 300w, https:\/\/balticoverlanders.eu\/wp-content\/uploads\/2023\/03\/Layer_16-150x94.png 150w, https:\/\/balticoverlanders.eu\/wp-content\/uploads\/2023\/03\/Layer_16-600x375.png 600w, https:\/\/balticoverlanders.eu\/wp-content\/uploads\/2023\/03\/Layer_16.png 656w\" sizes=\"(max-width: 300px) 100vw, 300px\" \/><\/p>\n","protected":false},"excerpt":{"rendered":"<h4 class=\"pricing-table__title\">T\u00e4ydellinen sarja+<\/h4>\n<p class=\"pricing-table__subtitle\">runko, irrotettava vesimoduuli ja keittomoduuli, s\u00e4ilytystila, joka on tarkoitettu ensisijaisesti j\u00e4\u00e4kaapille, s\u00e4nky (s\u00e4ngynpohja sivukiskoilla, s\u00e4ngynpohjan tuki, patja sivuosineen).<\/p>\n<h4 class=\"pricing-table__title\">Nukkumasetti+<\/h4>\n<p class=\"pricing-table__subtitle\">runko, s\u00e4nky (s\u00e4ngynpohja sivukiskoilla, s\u00e4ngynpohjatuki, patja sivuosineen)<\/p>\n<h4 class=\"pricing-table__title\">Keitti\u00f6kalusteet<\/h4>\n<p class=\"pricing-table__subtitle\">runko, irrotettava vesimoduuli ja keittomoduuli, s\u00e4ilytystila, joka on tarkoitettu ensisijaisesti j\u00e4\u00e4kaappia varten<\/p>\n","protected":false},"featured_media":6758,"template":"","meta":[],"product_brand":[],"product_cat":[389,388],"product_tag":[],"class_list":{"0":"post-30082","1":"product","2":"type-product","3":"status-publish","4":"has-post-thumbnail","6":"product_cat-egoe-nest-fi","7":"product_cat-leirintalaatikko","9":"first","10":"onbackorder","11":"taxable","12":"shipping-taxable","13":"purchasable","14":"product-type-variable"},"yoast_head":"<!-- This site is optimized with the Yoast SEO plugin v27.3 - https:\/\/yoast.com\/product\/yoast-seo-wordpress\/ -->\n<title>Egoe Nestbox Retkeilij\u00e4 410 - BALTIC OVERLANDERS<\/title>\n<meta name=\"robots\" content=\"index, follow, max-snippet:-1, max-image-preview:large, max-video-preview:-1\" \/>\n<link rel=\"canonical\" href=\"https:\/\/balticoverlanders.eu\/fi\/tuote\/egoe-nestbox-retkeilija-410\/\" \/>\n<meta property=\"og:locale\" content=\"fi_FI\" \/>\n<meta property=\"og:type\" content=\"article\" \/>\n<meta property=\"og:title\" content=\"Egoe Nestbox Retkeilij\u00e4 410 - BALTIC OVERLANDERS\" \/>\n<meta property=\"og:description\" content=\"T\u00e4ydellinen sarja+ runko, irrotettava vesimoduuli ja keittomoduuli, s\u00e4ilytystila, joka on tarkoitettu ensisijaisesti j\u00e4\u00e4kaapille, s\u00e4nky (s\u00e4ngynpohja sivukiskoilla, s\u00e4ngynpohjan tuki, patja sivuosineen). Nukkumasetti+ runko, s\u00e4nky (s\u00e4ngynpohja sivukiskoilla, s\u00e4ngynpohjatuki, patja sivuosineen) Keitti\u00f6kalusteet runko, irrotettava vesimoduuli ja keittomoduuli, s\u00e4ilytystila, joka on tarkoitettu ensisijaisesti j\u00e4\u00e4kaappia varten\" \/>\n<meta property=\"og:url\" content=\"https:\/\/balticoverlanders.eu\/fi\/tuote\/egoe-nestbox-retkeilija-410\/\" \/>\n<meta property=\"og:site_name\" content=\"BALTIC OVERLANDERS\" \/>\n<meta property=\"article:modified_time\" content=\"2024-01-31T21:19:50+00:00\" \/>\n<meta property=\"og:image\" content=\"https:\/\/balticoverlanders.eu\/wp-content\/uploads\/2023\/03\/hiker-410-1-scaled.webp\" \/>\n\t<meta property=\"og:image:width\" content=\"2560\" \/>\n\t<meta property=\"og:image:height\" content=\"1707\" \/>\n\t<meta property=\"og:image:type\" content=\"image\/webp\" \/>\n<meta name=\"twitter:card\" content=\"summary_large_image\" \/>\n<script type=\"application\/ld+json\" class=\"yoast-schema-graph\">{\"@context\":\"https:\\\/\\\/schema.org\",\"@graph\":[{\"@type\":\"WebPage\",\"@id\":\"https:\\\/\\\/balticoverlanders.eu\\\/fi\\\/tuote\\\/egoe-nestbox-retkeilija-410\\\/\",\"url\":\"https:\\\/\\\/balticoverlanders.eu\\\/fi\\\/tuote\\\/egoe-nestbox-retkeilija-410\\\/\",\"name\":\"Egoe Nestbox Retkeilij\u00e4 410 - BALTIC OVERLANDERS\",\"isPartOf\":{\"@id\":\"https:\\\/\\\/balticoverlanders.eu\\\/fi\\\/#website\"},\"primaryImageOfPage\":{\"@id\":\"https:\\\/\\\/balticoverlanders.eu\\\/fi\\\/tuote\\\/egoe-nestbox-retkeilija-410\\\/#primaryimage\"},\"image\":{\"@id\":\"https:\\\/\\\/balticoverlanders.eu\\\/fi\\\/tuote\\\/egoe-nestbox-retkeilija-410\\\/#primaryimage\"},\"thumbnailUrl\":\"https:\\\/\\\/balticoverlanders.eu\\\/wp-content\\\/uploads\\\/2023\\\/03\\\/hiker-410-1-scaled.webp\",\"datePublished\":\"2023-03-19T08:51:44+00:00\",\"dateModified\":\"2024-01-31T21:19:50+00:00\",\"breadcrumb\":{\"@id\":\"https:\\\/\\\/balticoverlanders.eu\\\/fi\\\/tuote\\\/egoe-nestbox-retkeilija-410\\\/#breadcrumb\"},\"inLanguage\":\"fi\",\"potentialAction\":[{\"@type\":\"ReadAction\",\"target\":[\"https:\\\/\\\/balticoverlanders.eu\\\/fi\\\/tuote\\\/egoe-nestbox-retkeilija-410\\\/\"]}]},{\"@type\":\"ImageObject\",\"inLanguage\":\"fi\",\"@id\":\"https:\\\/\\\/balticoverlanders.eu\\\/fi\\\/tuote\\\/egoe-nestbox-retkeilija-410\\\/#primaryimage\",\"url\":\"https:\\\/\\\/balticoverlanders.eu\\\/wp-content\\\/uploads\\\/2023\\\/03\\\/hiker-410-1-scaled.webp\",\"contentUrl\":\"https:\\\/\\\/balticoverlanders.eu\\\/wp-content\\\/uploads\\\/2023\\\/03\\\/hiker-410-1-scaled.webp\",\"width\":2560,\"height\":1707},{\"@type\":\"BreadcrumbList\",\"@id\":\"https:\\\/\\\/balticoverlanders.eu\\\/fi\\\/tuote\\\/egoe-nestbox-retkeilija-410\\\/#breadcrumb\",\"itemListElement\":[{\"@type\":\"ListItem\",\"position\":1,\"name\":\"Home\",\"item\":\"https:\\\/\\\/balticoverlanders.eu\\\/fi\\\/?page_id=30138\"},{\"@type\":\"ListItem\",\"position\":2,\"name\":\"Kauppa\",\"item\":\"https:\\\/\\\/balticoverlanders.eu\\\/fi\\\/?page_id=30882\"},{\"@type\":\"ListItem\",\"position\":3,\"name\":\"Egoe Nestbox Retkeilij\u00e4 410\"}]},{\"@type\":\"WebSite\",\"@id\":\"https:\\\/\\\/balticoverlanders.eu\\\/fi\\\/#website\",\"url\":\"https:\\\/\\\/balticoverlanders.eu\\\/fi\\\/\",\"name\":\"BALTIC OVERLANDERS\",\"description\":\"Your one-stop shop in Latvia, Estonia, and Lithuania for all your car camping, rooftop tent and accessory needs.\",\"potentialAction\":[{\"@type\":\"SearchAction\",\"target\":{\"@type\":\"EntryPoint\",\"urlTemplate\":\"https:\\\/\\\/balticoverlanders.eu\\\/fi\\\/?s={search_term_string}\"},\"query-input\":{\"@type\":\"PropertyValueSpecification\",\"valueRequired\":true,\"valueName\":\"search_term_string\"}}],\"inLanguage\":\"fi\"}]}<\/script>\n<!-- \/ Yoast SEO plugin. -->","yoast_head_json":{"title":"Egoe Nestbox Retkeilij\u00e4 410 - BALTIC OVERLANDERS","robots":{"index":"index","follow":"follow","max-snippet":"max-snippet:-1","max-image-preview":"max-image-preview:large","max-video-preview":"max-video-preview:-1"},"canonical":"https:\/\/balticoverlanders.eu\/fi\/tuote\/egoe-nestbox-retkeilija-410\/","og_locale":"fi_FI","og_type":"article","og_title":"Egoe Nestbox Retkeilij\u00e4 410 - BALTIC OVERLANDERS","og_description":"T\u00e4ydellinen sarja+ runko, irrotettava vesimoduuli ja keittomoduuli, s\u00e4ilytystila, joka on tarkoitettu ensisijaisesti j\u00e4\u00e4kaapille, s\u00e4nky (s\u00e4ngynpohja sivukiskoilla, s\u00e4ngynpohjan tuki, patja sivuosineen). Nukkumasetti+ runko, s\u00e4nky (s\u00e4ngynpohja sivukiskoilla, s\u00e4ngynpohjatuki, patja sivuosineen) Keitti\u00f6kalusteet runko, irrotettava vesimoduuli ja keittomoduuli, s\u00e4ilytystila, joka on tarkoitettu ensisijaisesti j\u00e4\u00e4kaappia varten","og_url":"https:\/\/balticoverlanders.eu\/fi\/tuote\/egoe-nestbox-retkeilija-410\/","og_site_name":"BALTIC OVERLANDERS","article_modified_time":"2024-01-31T21:19:50+00:00","og_image":[{"width":2560,"height":1707,"url":"https:\/\/balticoverlanders.eu\/wp-content\/uploads\/2023\/03\/hiker-410-1-scaled.webp","type":"image\/webp"}],"twitter_card":"summary_large_image","schema":{"@context":"https:\/\/schema.org","@graph":[{"@type":"WebPage","@id":"https:\/\/balticoverlanders.eu\/fi\/tuote\/egoe-nestbox-retkeilija-410\/","url":"https:\/\/balticoverlanders.eu\/fi\/tuote\/egoe-nestbox-retkeilija-410\/","name":"Egoe Nestbox Retkeilij\u00e4 410 - BALTIC OVERLANDERS","isPartOf":{"@id":"https:\/\/balticoverlanders.eu\/fi\/#website"},"primaryImageOfPage":{"@id":"https:\/\/balticoverlanders.eu\/fi\/tuote\/egoe-nestbox-retkeilija-410\/#primaryimage"},"image":{"@id":"https:\/\/balticoverlanders.eu\/fi\/tuote\/egoe-nestbox-retkeilija-410\/#primaryimage"},"thumbnailUrl":"https:\/\/balticoverlanders.eu\/wp-content\/uploads\/2023\/03\/hiker-410-1-scaled.webp","datePublished":"2023-03-19T08:51:44+00:00","dateModified":"2024-01-31T21:19:50+00:00","breadcrumb":{"@id":"https:\/\/balticoverlanders.eu\/fi\/tuote\/egoe-nestbox-retkeilija-410\/#breadcrumb"},"inLanguage":"fi","potentialAction":[{"@type":"ReadAction","target":["https:\/\/balticoverlanders.eu\/fi\/tuote\/egoe-nestbox-retkeilija-410\/"]}]},{"@type":"ImageObject","inLanguage":"fi","@id":"https:\/\/balticoverlanders.eu\/fi\/tuote\/egoe-nestbox-retkeilija-410\/#primaryimage","url":"https:\/\/balticoverlanders.eu\/wp-content\/uploads\/2023\/03\/hiker-410-1-scaled.webp","contentUrl":"https:\/\/balticoverlanders.eu\/wp-content\/uploads\/2023\/03\/hiker-410-1-scaled.webp","width":2560,"height":1707},{"@type":"BreadcrumbList","@id":"https:\/\/balticoverlanders.eu\/fi\/tuote\/egoe-nestbox-retkeilija-410\/#breadcrumb","itemListElement":[{"@type":"ListItem","position":1,"name":"Home","item":"https:\/\/balticoverlanders.eu\/fi\/?page_id=30138"},{"@type":"ListItem","position":2,"name":"Kauppa","item":"https:\/\/balticoverlanders.eu\/fi\/?page_id=30882"},{"@type":"ListItem","position":3,"name":"Egoe Nestbox Retkeilij\u00e4 410"}]},{"@type":"WebSite","@id":"https:\/\/balticoverlanders.eu\/fi\/#website","url":"https:\/\/balticoverlanders.eu\/fi\/","name":"BALTIC OVERLANDERS","description":"Your one-stop shop in Latvia, Estonia, and Lithuania for all your car camping, rooftop tent and accessory needs.","potentialAction":[{"@type":"SearchAction","target":{"@type":"EntryPoint","urlTemplate":"https:\/\/balticoverlanders.eu\/fi\/?s={search_term_string}"},"query-input":{"@type":"PropertyValueSpecification","valueRequired":true,"valueName":"search_term_string"}}],"inLanguage":"fi"}]}},"_links":{"self":[{"href":"https:\/\/balticoverlanders.eu\/fi\/wp-json\/wp\/v2\/product\/30082","targetHints":{"allow":["GET"]}}],"collection":[{"href":"https:\/\/balticoverlanders.eu\/fi\/wp-json\/wp\/v2\/product"}],"about":[{"href":"https:\/\/balticoverlanders.eu\/fi\/wp-json\/wp\/v2\/types\/product"}],"wp:featuredmedia":[{"embeddable":true,"href":"https:\/\/balticoverlanders.eu\/fi\/wp-json\/wp\/v2\/media\/6758"}],"wp:attachment":[{"href":"https:\/\/balticoverlanders.eu\/fi\/wp-json\/wp\/v2\/media?parent=30082"}],"wp:term":[{"taxonomy":"product_brand","embeddable":true,"href":"https:\/\/balticoverlanders.eu\/fi\/wp-json\/wp\/v2\/product_brand?post=30082"},{"taxonomy":"product_cat","embeddable":true,"href":"https:\/\/balticoverlanders.eu\/fi\/wp-json\/wp\/v2\/product_cat?post=30082"},{"taxonomy":"product_tag","embeddable":true,"href":"https:\/\/balticoverlanders.eu\/fi\/wp-json\/wp\/v2\/product_tag?post=30082"}],"curies":[{"name":"wp","href":"https:\/\/api.w.org\/{rel}","templated":true}]}}