{"id":30291,"date":"2023-03-12T12:45:28","date_gmt":"2023-03-12T10:45:28","guid":{"rendered":"https:\/\/balticoverlanders.eu\/product\/james-baroud-visio-180\/"},"modified":"2024-01-31T23:20:17","modified_gmt":"2024-01-31T21:20:17","slug":"james-baroud-visio-180","status":"publish","type":"product","link":"https:\/\/balticoverlanders.eu\/fi\/tuote\/james-baroud-visio-180\/","title":{"rendered":"James Baroud Visio 180"},"content":{"rendered":"<p class=\"preFade fadeIn disable-executed-animation\"><strong>VISION 180 &#8211; Isommille perheille ja mukavuuden yst\u00e4ville.<br \/>\n<\/strong><\/p>\n<ul>\n<li class=\"preFade fadeIn disable-executed-animation\">v\u00e4hint\u00e4\u00e4n 4 hengen perheille<\/li>\n<li class=\"preFade fadeIn disable-executed-animation\">patjan koko 180 cm x 220 cm<\/li>\n<li class=\"preFade fadeIn disable-executed-animation\">avoin korkeus 120 cm<\/li>\n<\/ul>\n<p>Pehme\u00e4kattoteltan markkinoilla se on nopein pystytt\u00e4\u00e4 ja taittaa kokoon. Se on my\u00f6s se, jolla on paras tuulenpit\u00e4vyys iglu-muotonsa ansiosta. Vision-teltta on asettanut riman innovaatiolle ja kehitykselle, sill\u00e4 se on maailman ensimm\u00e4inen kokoontaitettava kattoteltta, jossa on kaasulla toimivien jousien avulla avustettu avautuminen. Se on my\u00f6s yksi maailman kevyimmist\u00e4 kattoteltoista, koska siin\u00e4 on t\u00e4ysalumiinirakenne, alumiinikomposiittilattia ja erist\u00e4v\u00e4 sis\u00e4kerros. Suunnittelu ja k\u00e4ytettyjen materiaalien laatu tekev\u00e4t siit\u00e4 joustavan ja ainutlaatuisen teltan maailmassa.<\/p>\n<p>Sit\u00e4 on saatavana kahdessa koossa, 150x220cm ja 180x220cm.<\/p>\n<p><img fetchpriority=\"high\" decoding=\"async\" class=\"alignnone size-medium wp-image-6245\" src=\"https:\/\/balticoverlanders.eu\/wp-content\/uploads\/2023\/03\/Vision180_1-300x300.png\" alt=\"\" width=\"300\" height=\"300\" srcset=\"https:\/\/balticoverlanders.eu\/wp-content\/uploads\/2023\/03\/Vision180_1-300x300.png 300w, https:\/\/balticoverlanders.eu\/wp-content\/uploads\/2023\/03\/Vision180_1-150x150.png 150w, https:\/\/balticoverlanders.eu\/wp-content\/uploads\/2023\/03\/Vision180_1.png 500w\" sizes=\"(max-width: 300px) 100vw, 300px\" \/>  <img decoding=\"async\" class=\"alignnone size-medium wp-image-6248\" src=\"https:\/\/balticoverlanders.eu\/wp-content\/uploads\/2023\/03\/Vision180_2-300x300.png\" alt=\"\" width=\"300\" height=\"300\" srcset=\"https:\/\/balticoverlanders.eu\/wp-content\/uploads\/2023\/03\/Vision180_2-300x300.png 300w, https:\/\/balticoverlanders.eu\/wp-content\/uploads\/2023\/03\/Vision180_2-150x150.png 150w, https:\/\/balticoverlanders.eu\/wp-content\/uploads\/2023\/03\/Vision180_2.png 500w\" sizes=\"(max-width: 300px) 100vw, 300px\" \/><img decoding=\"async\" class=\"alignnone size-medium wp-image-6247\" src=\"https:\/\/balticoverlanders.eu\/wp-content\/uploads\/2023\/03\/Vision180_3-300x300.png\" alt=\"\" width=\"300\" height=\"300\" srcset=\"https:\/\/balticoverlanders.eu\/wp-content\/uploads\/2023\/03\/Vision180_3-300x300.png 300w, https:\/\/balticoverlanders.eu\/wp-content\/uploads\/2023\/03\/Vision180_3-150x150.png 150w, https:\/\/balticoverlanders.eu\/wp-content\/uploads\/2023\/03\/Vision180_3.png 500w\" sizes=\"(max-width: 300px) 100vw, 300px\" \/> <img loading=\"lazy\" decoding=\"async\" class=\"alignnone size-medium wp-image-6246\" src=\"https:\/\/balticoverlanders.eu\/wp-content\/uploads\/2023\/03\/Vision180_4-300x300.png\" alt=\"\" width=\"300\" height=\"300\" srcset=\"https:\/\/balticoverlanders.eu\/wp-content\/uploads\/2023\/03\/Vision180_4-300x300.png 300w, https:\/\/balticoverlanders.eu\/wp-content\/uploads\/2023\/03\/Vision180_4-150x150.png 150w, https:\/\/balticoverlanders.eu\/wp-content\/uploads\/2023\/03\/Vision180_4.png 500w\" sizes=\"(max-width: 300px) 100vw, 300px\" \/><\/p>\n","protected":false},"excerpt":{"rendered":"<p>VISION 180 &#8211; Isommille perheille ja mukavuuden yst\u00e4ville.<\/p>\n<ul>\n<li class=\"preFade fadeIn disable-executed-animation\">v\u00e4hint\u00e4\u00e4n 4 hengen perheille<\/li>\n<li class=\"preFade fadeIn disable-executed-animation\">patjan koko 180 cm x 220 cm<\/li>\n<li class=\"preFade fadeIn disable-executed-animation\">avoin korkeus 120 cm<\/li>\n<\/ul>\n<p>INNOVAATIO, MUKAVUUS, VAHVUUS JA NOPEUS<\/p>\n<p>N\u00e4m\u00e4 ovat t\u00e4rkeimm\u00e4t tekij\u00e4t, jotka ovat tehneet James Baroudin kattoteltoista maailmanlaajuisesti tunnettuja.<\/p>\n","protected":false},"featured_media":6242,"template":"","meta":[],"product_brand":[],"product_cat":[365,376],"product_tag":[],"class_list":{"0":"post-30291","1":"product","2":"type-product","3":"status-publish","4":"has-post-thumbnail","6":"product_cat-james-baroud-fi","7":"product_cat-kattoteltat","9":"first","10":"instock","11":"taxable","12":"shipping-taxable","13":"purchasable","14":"product-type-simple"},"yoast_head":"<!-- This site is optimized with the Yoast SEO plugin v27.2 - https:\/\/yoast.com\/product\/yoast-seo-wordpress\/ -->\n<title>James Baroud Visio 180 - BALTIC OVERLANDERS<\/title>\n<meta name=\"robots\" content=\"index, follow, max-snippet:-1, max-image-preview:large, max-video-preview:-1\" \/>\n<link rel=\"canonical\" href=\"https:\/\/balticoverlanders.eu\/fi\/tuote\/james-baroud-visio-180\/\" \/>\n<meta property=\"og:locale\" content=\"fi_FI\" \/>\n<meta property=\"og:type\" content=\"article\" \/>\n<meta property=\"og:title\" content=\"James Baroud Visio 180 - BALTIC OVERLANDERS\" \/>\n<meta property=\"og:description\" content=\"VISION 180 - Isommille perheille ja mukavuuden yst\u00e4ville.  v\u00e4hint\u00e4\u00e4n 4 hengen perheille  patjan koko 180 cm x 220 cm  avoin korkeus 120 cm INNOVAATIO, MUKAVUUS, VAHVUUS JA NOPEUS N\u00e4m\u00e4 ovat t\u00e4rkeimm\u00e4t tekij\u00e4t, jotka ovat tehneet James Baroudin kattoteltoista maailmanlaajuisesti tunnettuja.\" \/>\n<meta property=\"og:url\" content=\"https:\/\/balticoverlanders.eu\/fi\/tuote\/james-baroud-visio-180\/\" \/>\n<meta property=\"og:site_name\" content=\"BALTIC OVERLANDERS\" \/>\n<meta property=\"article:modified_time\" content=\"2024-01-31T21:20:17+00:00\" \/>\n<meta property=\"og:image\" content=\"https:\/\/balticoverlanders.eu\/wp-content\/uploads\/2023\/03\/Vision22.png\" \/>\n\t<meta property=\"og:image:width\" content=\"1000\" \/>\n\t<meta property=\"og:image:height\" content=\"667\" \/>\n\t<meta property=\"og:image:type\" content=\"image\/png\" \/>\n<meta name=\"twitter:card\" content=\"summary_large_image\" \/>\n<meta name=\"twitter:label1\" content=\"Arvioitu lukuaika\" \/>\n\t<meta name=\"twitter:data1\" content=\"1 minuutti\" \/>\n<script type=\"application\/ld+json\" class=\"yoast-schema-graph\">{\"@context\":\"https:\/\/schema.org\",\"@graph\":[{\"@type\":\"WebPage\",\"@id\":\"https:\/\/balticoverlanders.eu\/fi\/tuote\/james-baroud-visio-180\/\",\"url\":\"https:\/\/balticoverlanders.eu\/fi\/tuote\/james-baroud-visio-180\/\",\"name\":\"James Baroud Visio 180 - BALTIC OVERLANDERS\",\"isPartOf\":{\"@id\":\"https:\/\/balticoverlanders.eu\/fi\/#website\"},\"primaryImageOfPage\":{\"@id\":\"https:\/\/balticoverlanders.eu\/fi\/tuote\/james-baroud-visio-180\/#primaryimage\"},\"image\":{\"@id\":\"https:\/\/balticoverlanders.eu\/fi\/tuote\/james-baroud-visio-180\/#primaryimage\"},\"thumbnailUrl\":\"https:\/\/balticoverlanders.eu\/wp-content\/uploads\/2023\/03\/Vision22.png\",\"datePublished\":\"2023-03-12T10:45:28+00:00\",\"dateModified\":\"2024-01-31T21:20:17+00:00\",\"breadcrumb\":{\"@id\":\"https:\/\/balticoverlanders.eu\/fi\/tuote\/james-baroud-visio-180\/#breadcrumb\"},\"inLanguage\":\"fi\",\"potentialAction\":[{\"@type\":\"ReadAction\",\"target\":[\"https:\/\/balticoverlanders.eu\/fi\/tuote\/james-baroud-visio-180\/\"]}]},{\"@type\":\"ImageObject\",\"inLanguage\":\"fi\",\"@id\":\"https:\/\/balticoverlanders.eu\/fi\/tuote\/james-baroud-visio-180\/#primaryimage\",\"url\":\"https:\/\/balticoverlanders.eu\/wp-content\/uploads\/2023\/03\/Vision22.png\",\"contentUrl\":\"https:\/\/balticoverlanders.eu\/wp-content\/uploads\/2023\/03\/Vision22.png\",\"width\":1000,\"height\":667},{\"@type\":\"BreadcrumbList\",\"@id\":\"https:\/\/balticoverlanders.eu\/fi\/tuote\/james-baroud-visio-180\/#breadcrumb\",\"itemListElement\":[{\"@type\":\"ListItem\",\"position\":1,\"name\":\"Home\",\"item\":\"https:\/\/balticoverlanders.eu\/fi\/?page_id=30138\"},{\"@type\":\"ListItem\",\"position\":2,\"name\":\"Kauppa\",\"item\":\"https:\/\/balticoverlanders.eu\/fi\/?page_id=30882\"},{\"@type\":\"ListItem\",\"position\":3,\"name\":\"James Baroud Visio 180\"}]},{\"@type\":\"WebSite\",\"@id\":\"https:\/\/balticoverlanders.eu\/fi\/#website\",\"url\":\"https:\/\/balticoverlanders.eu\/fi\/\",\"name\":\"BALTIC OVERLANDERS\",\"description\":\"Your one-stop shop in Latvia, Estonia, and Lithuania for all your car camping, rooftop tent and accessory needs.\",\"potentialAction\":[{\"@type\":\"SearchAction\",\"target\":{\"@type\":\"EntryPoint\",\"urlTemplate\":\"https:\/\/balticoverlanders.eu\/fi\/?s={search_term_string}\"},\"query-input\":{\"@type\":\"PropertyValueSpecification\",\"valueRequired\":true,\"valueName\":\"search_term_string\"}}],\"inLanguage\":\"fi\"}]}<\/script>\n<!-- \/ Yoast SEO plugin. -->","yoast_head_json":{"title":"James Baroud Visio 180 - BALTIC OVERLANDERS","robots":{"index":"index","follow":"follow","max-snippet":"max-snippet:-1","max-image-preview":"max-image-preview:large","max-video-preview":"max-video-preview:-1"},"canonical":"https:\/\/balticoverlanders.eu\/fi\/tuote\/james-baroud-visio-180\/","og_locale":"fi_FI","og_type":"article","og_title":"James Baroud Visio 180 - BALTIC OVERLANDERS","og_description":"VISION 180 - Isommille perheille ja mukavuuden yst\u00e4ville.  v\u00e4hint\u00e4\u00e4n 4 hengen perheille  patjan koko 180 cm x 220 cm  avoin korkeus 120 cm INNOVAATIO, MUKAVUUS, VAHVUUS JA NOPEUS N\u00e4m\u00e4 ovat t\u00e4rkeimm\u00e4t tekij\u00e4t, jotka ovat tehneet James Baroudin kattoteltoista maailmanlaajuisesti tunnettuja.","og_url":"https:\/\/balticoverlanders.eu\/fi\/tuote\/james-baroud-visio-180\/","og_site_name":"BALTIC OVERLANDERS","article_modified_time":"2024-01-31T21:20:17+00:00","og_image":[{"width":1000,"height":667,"url":"https:\/\/balticoverlanders.eu\/wp-content\/uploads\/2023\/03\/Vision22.png","type":"image\/png"}],"twitter_card":"summary_large_image","twitter_misc":{"Arvioitu lukuaika":"1 minuutti"},"schema":{"@context":"https:\/\/schema.org","@graph":[{"@type":"WebPage","@id":"https:\/\/balticoverlanders.eu\/fi\/tuote\/james-baroud-visio-180\/","url":"https:\/\/balticoverlanders.eu\/fi\/tuote\/james-baroud-visio-180\/","name":"James Baroud Visio 180 - BALTIC OVERLANDERS","isPartOf":{"@id":"https:\/\/balticoverlanders.eu\/fi\/#website"},"primaryImageOfPage":{"@id":"https:\/\/balticoverlanders.eu\/fi\/tuote\/james-baroud-visio-180\/#primaryimage"},"image":{"@id":"https:\/\/balticoverlanders.eu\/fi\/tuote\/james-baroud-visio-180\/#primaryimage"},"thumbnailUrl":"https:\/\/balticoverlanders.eu\/wp-content\/uploads\/2023\/03\/Vision22.png","datePublished":"2023-03-12T10:45:28+00:00","dateModified":"2024-01-31T21:20:17+00:00","breadcrumb":{"@id":"https:\/\/balticoverlanders.eu\/fi\/tuote\/james-baroud-visio-180\/#breadcrumb"},"inLanguage":"fi","potentialAction":[{"@type":"ReadAction","target":["https:\/\/balticoverlanders.eu\/fi\/tuote\/james-baroud-visio-180\/"]}]},{"@type":"ImageObject","inLanguage":"fi","@id":"https:\/\/balticoverlanders.eu\/fi\/tuote\/james-baroud-visio-180\/#primaryimage","url":"https:\/\/balticoverlanders.eu\/wp-content\/uploads\/2023\/03\/Vision22.png","contentUrl":"https:\/\/balticoverlanders.eu\/wp-content\/uploads\/2023\/03\/Vision22.png","width":1000,"height":667},{"@type":"BreadcrumbList","@id":"https:\/\/balticoverlanders.eu\/fi\/tuote\/james-baroud-visio-180\/#breadcrumb","itemListElement":[{"@type":"ListItem","position":1,"name":"Home","item":"https:\/\/balticoverlanders.eu\/fi\/?page_id=30138"},{"@type":"ListItem","position":2,"name":"Kauppa","item":"https:\/\/balticoverlanders.eu\/fi\/?page_id=30882"},{"@type":"ListItem","position":3,"name":"James Baroud Visio 180"}]},{"@type":"WebSite","@id":"https:\/\/balticoverlanders.eu\/fi\/#website","url":"https:\/\/balticoverlanders.eu\/fi\/","name":"BALTIC OVERLANDERS","description":"Your one-stop shop in Latvia, Estonia, and Lithuania for all your car camping, rooftop tent and accessory needs.","potentialAction":[{"@type":"SearchAction","target":{"@type":"EntryPoint","urlTemplate":"https:\/\/balticoverlanders.eu\/fi\/?s={search_term_string}"},"query-input":{"@type":"PropertyValueSpecification","valueRequired":true,"valueName":"search_term_string"}}],"inLanguage":"fi"}]}},"_links":{"self":[{"href":"https:\/\/balticoverlanders.eu\/fi\/wp-json\/wp\/v2\/product\/30291","targetHints":{"allow":["GET"]}}],"collection":[{"href":"https:\/\/balticoverlanders.eu\/fi\/wp-json\/wp\/v2\/product"}],"about":[{"href":"https:\/\/balticoverlanders.eu\/fi\/wp-json\/wp\/v2\/types\/product"}],"wp:featuredmedia":[{"embeddable":true,"href":"https:\/\/balticoverlanders.eu\/fi\/wp-json\/wp\/v2\/media\/6242"}],"wp:attachment":[{"href":"https:\/\/balticoverlanders.eu\/fi\/wp-json\/wp\/v2\/media?parent=30291"}],"wp:term":[{"taxonomy":"product_brand","embeddable":true,"href":"https:\/\/balticoverlanders.eu\/fi\/wp-json\/wp\/v2\/product_brand?post=30291"},{"taxonomy":"product_cat","embeddable":true,"href":"https:\/\/balticoverlanders.eu\/fi\/wp-json\/wp\/v2\/product_cat?post=30291"},{"taxonomy":"product_tag","embeddable":true,"href":"https:\/\/balticoverlanders.eu\/fi\/wp-json\/wp\/v2\/product_tag?post=30291"}],"curies":[{"name":"wp","href":"https:\/\/api.w.org\/{rel}","templated":true}]}}