{"id":30308,"date":"2023-03-09T20:12:51","date_gmt":"2023-03-09T18:12:51","guid":{"rendered":"https:\/\/balticoverlanders.eu\/product\/james-baroud-discovery-m\/"},"modified":"2024-01-31T23:21:31","modified_gmt":"2024-01-31T21:21:31","slug":"james-baroud-discovery-m","status":"publish","type":"product","link":"https:\/\/balticoverlanders.eu\/fi\/tuote\/james-baroud-discovery-m\/","title":{"rendered":"James Baroud Discovery M"},"content":{"rendered":"<p><strong>James Baroud Discovery M kattoteltta: Ultra-Nopea pystytys, vertaansa vailla oleva mukavuus ja panoraaman\u00e4kym\u00e4t 3 hengelle.<\/strong><\/p>\n<p>Nauti ulkoilusta helposti, mukavasti ja kest\u00e4v\u00e4sti!<\/p>\n<p><strong>Ihanteellinen 2 aikuiselle ja 1 lapselle<\/strong><\/p>\n<ul>\n<li>Patjan koko: 140cm x 200cm<\/li>\n<li>Avoin korkeus: 130cm<\/li>\n<\/ul>\n<p><strong>Innovatiivinen kuoren avaaminen<\/strong><\/p>\n<p>James Baroud Discovery M -kattoteltassa on uraauurtava kuoren avautumismalli, jonka ansiosta teltta on nopea ja helppo pystytt\u00e4\u00e4 ja pakata. Upealla vedenpit\u00e4vyydell\u00e4 ja tuulenpit\u00e4vyydell\u00e4.<\/p>\n<p><strong>Nopea avaaminen ja sulkeminen<\/strong><\/p>\n<ul>\n<li>Aukeaa alle 15 sekunnissa kahden hydraulisylinterin avulla.<\/li>\n<li>Sulkeutuu helposti alle 1 minuutissa yhden henkil\u00f6n toimesta.<\/li>\n<\/ul>\n<p><strong>Mukavuus &amp; upeat n\u00e4kym\u00e4t<\/strong><\/p>\n<ul>\n<li>Mukava patja hyv\u00e4\u00e4 y\u00f6unta varten<\/li>\n<li>Suuret ikkunat parantavat ilmavirtaa ja tarjoavat vaikuttavan 180\u00ba panoraaman\u00e4kym\u00e4n.<\/li>\n<\/ul>\n<p><strong>5 vuoden takuu James Baroudin toimesta<\/strong><\/p>\n<p>Voit olla huoletta 5 vuoden takuun ansiosta, jota James Baroudin omistautuminen laadulle tukee.<\/p>\n<p><strong>Saatavilla olevat koot<\/strong><\/p>\n<ul>\n<li>Discovery M: 140cm x 200cm (sopii 2 aikuiselle ja 1 lapselle).<\/li>\n<li>Discovery XL: 160cm x 224cm (lis\u00e4tilaa mukavuuden lis\u00e4\u00e4miseksi)<\/li>\n<\/ul>\n<p>Paranna ulkoilmael\u00e4myksi\u00e4si James Baroud Discovery M -kattoteltalla, joka on suunniteltu niille, jotka etsiv\u00e4t ihanteellista yhdistelm\u00e4\u00e4 mukavuudesta, mukavuudesta ja kest\u00e4vyydest\u00e4.<\/p>\n<p><img fetchpriority=\"high\" decoding=\"async\" class=\"alignnone size-medium wp-image-5838\" src=\"https:\/\/balticoverlanders.eu\/wp-content\/uploads\/2023\/03\/DiscoveryM_2-300x300.png\" alt=\"\" width=\"300\" height=\"300\" srcset=\"https:\/\/balticoverlanders.eu\/wp-content\/uploads\/2023\/03\/DiscoveryM_2-300x300.png 300w, https:\/\/balticoverlanders.eu\/wp-content\/uploads\/2023\/03\/DiscoveryM_2-150x150.png 150w, https:\/\/balticoverlanders.eu\/wp-content\/uploads\/2023\/03\/DiscoveryM_2.png 500w\" sizes=\"(max-width: 300px) 100vw, 300px\" \/> <img decoding=\"async\" class=\"alignnone size-medium wp-image-5837\" src=\"https:\/\/balticoverlanders.eu\/wp-content\/uploads\/2023\/03\/DiscoveryM_3-300x300.png\" alt=\"\" width=\"300\" height=\"300\" srcset=\"https:\/\/balticoverlanders.eu\/wp-content\/uploads\/2023\/03\/DiscoveryM_3-300x300.png 300w, https:\/\/balticoverlanders.eu\/wp-content\/uploads\/2023\/03\/DiscoveryM_3-150x150.png 150w, https:\/\/balticoverlanders.eu\/wp-content\/uploads\/2023\/03\/DiscoveryM_3.png 500w\" sizes=\"(max-width: 300px) 100vw, 300px\" \/> <img decoding=\"async\" class=\"alignnone size-medium wp-image-5836\" src=\"https:\/\/balticoverlanders.eu\/wp-content\/uploads\/2023\/03\/DiscoveryM_4-300x300.png\" alt=\"\" width=\"300\" height=\"300\" srcset=\"https:\/\/balticoverlanders.eu\/wp-content\/uploads\/2023\/03\/DiscoveryM_4-300x300.png 300w, https:\/\/balticoverlanders.eu\/wp-content\/uploads\/2023\/03\/DiscoveryM_4-150x150.png 150w, https:\/\/balticoverlanders.eu\/wp-content\/uploads\/2023\/03\/DiscoveryM_4.png 500w\" sizes=\"(max-width: 300px) 100vw, 300px\" \/> <img loading=\"lazy\" decoding=\"async\" class=\"alignnone size-medium wp-image-5835\" src=\"https:\/\/balticoverlanders.eu\/wp-content\/uploads\/2023\/03\/DiscoveryM_1-300x300.png\" alt=\"\" width=\"300\" height=\"300\" srcset=\"https:\/\/balticoverlanders.eu\/wp-content\/uploads\/2023\/03\/DiscoveryM_1-300x300.png 300w, https:\/\/balticoverlanders.eu\/wp-content\/uploads\/2023\/03\/DiscoveryM_1-150x150.png 150w, https:\/\/balticoverlanders.eu\/wp-content\/uploads\/2023\/03\/DiscoveryM_1.png 500w\" sizes=\"(max-width: 300px) 100vw, 300px\" \/><\/p>\n","protected":false},"excerpt":{"rendered":"<p><strong>Paranna leirint\u00e4aluepeli\u00e4si: James Baroud Discovery M kattoteltta.<\/strong><\/p>\n<ul>\n<li>Eritt\u00e4in nopea asennus: Avautuu alle 15 sekunnissa, sulkeutuu alle minuutissa.<\/li>\n<li>Verraton mukavuus: Ylellinen 140cm x 200cm patja 2 aikuiselle ja 1 lapselle.<\/li>\n<li>Henke\u00e4salpaavat n\u00e4kym\u00e4t: 180\u00ba panoraaman\u00e4kym\u00e4t ja suuret ikkunat optimaalisen ilmavirran varmistamiseksi.<\/li>\n<\/ul>\n<p>P\u00e4ivit\u00e4 ulkoiluseikkailusi t\u00e4ydellisell\u00e4 yhdistelm\u00e4ll\u00e4 mukavuutta, mukavuutta ja kest\u00e4vyytt\u00e4 &#8211; valitse James Baroud Discovery M ja koe ero!<\/p>\n","protected":false},"featured_media":5821,"template":"","meta":[],"product_brand":[],"product_cat":[365,376],"product_tag":[],"class_list":{"0":"post-30308","1":"product","2":"type-product","3":"status-publish","4":"has-post-thumbnail","6":"product_cat-james-baroud-fi","7":"product_cat-kattoteltat","9":"first","10":"onbackorder","11":"taxable","12":"shipping-taxable","13":"purchasable","14":"product-type-variable"},"yoast_head":"<!-- This site is optimized with the Yoast SEO plugin v27.3 - https:\/\/yoast.com\/product\/yoast-seo-wordpress\/ -->\n<title>James Baroud Discovery M - BALTIC OVERLANDERS<\/title>\n<meta name=\"robots\" content=\"index, follow, max-snippet:-1, max-image-preview:large, max-video-preview:-1\" \/>\n<link rel=\"canonical\" href=\"https:\/\/balticoverlanders.eu\/fi\/tuote\/james-baroud-discovery-m\/\" \/>\n<meta property=\"og:locale\" content=\"fi_FI\" \/>\n<meta property=\"og:type\" content=\"article\" \/>\n<meta property=\"og:title\" content=\"James Baroud Discovery M - BALTIC OVERLANDERS\" \/>\n<meta property=\"og:description\" content=\"Paranna leirint\u00e4aluepeli\u00e4si: James Baroud Discovery M kattoteltta.  Eritt\u00e4in nopea asennus: Avautuu alle 15 sekunnissa, sulkeutuu alle minuutissa.  Verraton mukavuus: Ylellinen 140cm x 200cm patja 2 aikuiselle ja 1 lapselle.  Henke\u00e4salpaavat n\u00e4kym\u00e4t: 180\u00ba panoraaman\u00e4kym\u00e4t ja suuret ikkunat optimaalisen ilmavirran varmistamiseksi. P\u00e4ivit\u00e4 ulkoiluseikkailusi t\u00e4ydellisell\u00e4 yhdistelm\u00e4ll\u00e4 mukavuutta, mukavuutta ja kest\u00e4vyytt\u00e4 - valitse James Baroud Discovery M ja koe ero!\" \/>\n<meta property=\"og:url\" content=\"https:\/\/balticoverlanders.eu\/fi\/tuote\/james-baroud-discovery-m\/\" \/>\n<meta property=\"og:site_name\" content=\"BALTIC OVERLANDERS\" \/>\n<meta property=\"article:modified_time\" content=\"2024-01-31T21:21:31+00:00\" \/>\n<meta property=\"og:image\" content=\"https:\/\/balticoverlanders.eu\/wp-content\/uploads\/2023\/03\/DiscoverySTD-White9-1024x683.png\" \/>\n\t<meta property=\"og:image:width\" content=\"1024\" \/>\n\t<meta property=\"og:image:height\" content=\"683\" \/>\n\t<meta property=\"og:image:type\" content=\"image\/png\" \/>\n<meta name=\"twitter:card\" content=\"summary_large_image\" \/>\n<meta name=\"twitter:label1\" content=\"Arvioitu lukuaika\" \/>\n\t<meta name=\"twitter:data1\" content=\"1 minuutti\" \/>\n<script type=\"application\/ld+json\" class=\"yoast-schema-graph\">{\"@context\":\"https:\\\/\\\/schema.org\",\"@graph\":[{\"@type\":\"WebPage\",\"@id\":\"https:\\\/\\\/balticoverlanders.eu\\\/fi\\\/tuote\\\/james-baroud-discovery-m\\\/\",\"url\":\"https:\\\/\\\/balticoverlanders.eu\\\/fi\\\/tuote\\\/james-baroud-discovery-m\\\/\",\"name\":\"James Baroud Discovery M - BALTIC OVERLANDERS\",\"isPartOf\":{\"@id\":\"https:\\\/\\\/balticoverlanders.eu\\\/fi\\\/#website\"},\"primaryImageOfPage\":{\"@id\":\"https:\\\/\\\/balticoverlanders.eu\\\/fi\\\/tuote\\\/james-baroud-discovery-m\\\/#primaryimage\"},\"image\":{\"@id\":\"https:\\\/\\\/balticoverlanders.eu\\\/fi\\\/tuote\\\/james-baroud-discovery-m\\\/#primaryimage\"},\"thumbnailUrl\":\"https:\\\/\\\/balticoverlanders.eu\\\/wp-content\\\/uploads\\\/2023\\\/03\\\/DiscoverySTD-White9.png\",\"datePublished\":\"2023-03-09T18:12:51+00:00\",\"dateModified\":\"2024-01-31T21:21:31+00:00\",\"breadcrumb\":{\"@id\":\"https:\\\/\\\/balticoverlanders.eu\\\/fi\\\/tuote\\\/james-baroud-discovery-m\\\/#breadcrumb\"},\"inLanguage\":\"fi\",\"potentialAction\":[{\"@type\":\"ReadAction\",\"target\":[\"https:\\\/\\\/balticoverlanders.eu\\\/fi\\\/tuote\\\/james-baroud-discovery-m\\\/\"]}]},{\"@type\":\"ImageObject\",\"inLanguage\":\"fi\",\"@id\":\"https:\\\/\\\/balticoverlanders.eu\\\/fi\\\/tuote\\\/james-baroud-discovery-m\\\/#primaryimage\",\"url\":\"https:\\\/\\\/balticoverlanders.eu\\\/wp-content\\\/uploads\\\/2023\\\/03\\\/DiscoverySTD-White9.png\",\"contentUrl\":\"https:\\\/\\\/balticoverlanders.eu\\\/wp-content\\\/uploads\\\/2023\\\/03\\\/DiscoverySTD-White9.png\",\"width\":2500,\"height\":1667},{\"@type\":\"BreadcrumbList\",\"@id\":\"https:\\\/\\\/balticoverlanders.eu\\\/fi\\\/tuote\\\/james-baroud-discovery-m\\\/#breadcrumb\",\"itemListElement\":[{\"@type\":\"ListItem\",\"position\":1,\"name\":\"Home\",\"item\":\"https:\\\/\\\/balticoverlanders.eu\\\/fi\\\/?page_id=30138\"},{\"@type\":\"ListItem\",\"position\":2,\"name\":\"Kauppa\",\"item\":\"https:\\\/\\\/balticoverlanders.eu\\\/fi\\\/?page_id=30882\"},{\"@type\":\"ListItem\",\"position\":3,\"name\":\"James Baroud Discovery M\"}]},{\"@type\":\"WebSite\",\"@id\":\"https:\\\/\\\/balticoverlanders.eu\\\/fi\\\/#website\",\"url\":\"https:\\\/\\\/balticoverlanders.eu\\\/fi\\\/\",\"name\":\"BALTIC OVERLANDERS\",\"description\":\"Your one-stop shop in Latvia, Estonia, and Lithuania for all your car camping, rooftop tent and accessory needs.\",\"potentialAction\":[{\"@type\":\"SearchAction\",\"target\":{\"@type\":\"EntryPoint\",\"urlTemplate\":\"https:\\\/\\\/balticoverlanders.eu\\\/fi\\\/?s={search_term_string}\"},\"query-input\":{\"@type\":\"PropertyValueSpecification\",\"valueRequired\":true,\"valueName\":\"search_term_string\"}}],\"inLanguage\":\"fi\"}]}<\/script>\n<!-- \/ Yoast SEO plugin. -->","yoast_head_json":{"title":"James Baroud Discovery M - BALTIC OVERLANDERS","robots":{"index":"index","follow":"follow","max-snippet":"max-snippet:-1","max-image-preview":"max-image-preview:large","max-video-preview":"max-video-preview:-1"},"canonical":"https:\/\/balticoverlanders.eu\/fi\/tuote\/james-baroud-discovery-m\/","og_locale":"fi_FI","og_type":"article","og_title":"James Baroud Discovery M - BALTIC OVERLANDERS","og_description":"Paranna leirint\u00e4aluepeli\u00e4si: James Baroud Discovery M kattoteltta.  Eritt\u00e4in nopea asennus: Avautuu alle 15 sekunnissa, sulkeutuu alle minuutissa.  Verraton mukavuus: Ylellinen 140cm x 200cm patja 2 aikuiselle ja 1 lapselle.  Henke\u00e4salpaavat n\u00e4kym\u00e4t: 180\u00ba panoraaman\u00e4kym\u00e4t ja suuret ikkunat optimaalisen ilmavirran varmistamiseksi. P\u00e4ivit\u00e4 ulkoiluseikkailusi t\u00e4ydellisell\u00e4 yhdistelm\u00e4ll\u00e4 mukavuutta, mukavuutta ja kest\u00e4vyytt\u00e4 - valitse James Baroud Discovery M ja koe ero!","og_url":"https:\/\/balticoverlanders.eu\/fi\/tuote\/james-baroud-discovery-m\/","og_site_name":"BALTIC OVERLANDERS","article_modified_time":"2024-01-31T21:21:31+00:00","og_image":[{"width":1024,"height":683,"url":"https:\/\/balticoverlanders.eu\/wp-content\/uploads\/2023\/03\/DiscoverySTD-White9-1024x683.png","type":"image\/png"}],"twitter_card":"summary_large_image","twitter_misc":{"Arvioitu lukuaika":"1 minuutti"},"schema":{"@context":"https:\/\/schema.org","@graph":[{"@type":"WebPage","@id":"https:\/\/balticoverlanders.eu\/fi\/tuote\/james-baroud-discovery-m\/","url":"https:\/\/balticoverlanders.eu\/fi\/tuote\/james-baroud-discovery-m\/","name":"James Baroud Discovery M - BALTIC OVERLANDERS","isPartOf":{"@id":"https:\/\/balticoverlanders.eu\/fi\/#website"},"primaryImageOfPage":{"@id":"https:\/\/balticoverlanders.eu\/fi\/tuote\/james-baroud-discovery-m\/#primaryimage"},"image":{"@id":"https:\/\/balticoverlanders.eu\/fi\/tuote\/james-baroud-discovery-m\/#primaryimage"},"thumbnailUrl":"https:\/\/balticoverlanders.eu\/wp-content\/uploads\/2023\/03\/DiscoverySTD-White9.png","datePublished":"2023-03-09T18:12:51+00:00","dateModified":"2024-01-31T21:21:31+00:00","breadcrumb":{"@id":"https:\/\/balticoverlanders.eu\/fi\/tuote\/james-baroud-discovery-m\/#breadcrumb"},"inLanguage":"fi","potentialAction":[{"@type":"ReadAction","target":["https:\/\/balticoverlanders.eu\/fi\/tuote\/james-baroud-discovery-m\/"]}]},{"@type":"ImageObject","inLanguage":"fi","@id":"https:\/\/balticoverlanders.eu\/fi\/tuote\/james-baroud-discovery-m\/#primaryimage","url":"https:\/\/balticoverlanders.eu\/wp-content\/uploads\/2023\/03\/DiscoverySTD-White9.png","contentUrl":"https:\/\/balticoverlanders.eu\/wp-content\/uploads\/2023\/03\/DiscoverySTD-White9.png","width":2500,"height":1667},{"@type":"BreadcrumbList","@id":"https:\/\/balticoverlanders.eu\/fi\/tuote\/james-baroud-discovery-m\/#breadcrumb","itemListElement":[{"@type":"ListItem","position":1,"name":"Home","item":"https:\/\/balticoverlanders.eu\/fi\/?page_id=30138"},{"@type":"ListItem","position":2,"name":"Kauppa","item":"https:\/\/balticoverlanders.eu\/fi\/?page_id=30882"},{"@type":"ListItem","position":3,"name":"James Baroud Discovery M"}]},{"@type":"WebSite","@id":"https:\/\/balticoverlanders.eu\/fi\/#website","url":"https:\/\/balticoverlanders.eu\/fi\/","name":"BALTIC OVERLANDERS","description":"Your one-stop shop in Latvia, Estonia, and Lithuania for all your car camping, rooftop tent and accessory needs.","potentialAction":[{"@type":"SearchAction","target":{"@type":"EntryPoint","urlTemplate":"https:\/\/balticoverlanders.eu\/fi\/?s={search_term_string}"},"query-input":{"@type":"PropertyValueSpecification","valueRequired":true,"valueName":"search_term_string"}}],"inLanguage":"fi"}]}},"_links":{"self":[{"href":"https:\/\/balticoverlanders.eu\/fi\/wp-json\/wp\/v2\/product\/30308","targetHints":{"allow":["GET"]}}],"collection":[{"href":"https:\/\/balticoverlanders.eu\/fi\/wp-json\/wp\/v2\/product"}],"about":[{"href":"https:\/\/balticoverlanders.eu\/fi\/wp-json\/wp\/v2\/types\/product"}],"wp:featuredmedia":[{"embeddable":true,"href":"https:\/\/balticoverlanders.eu\/fi\/wp-json\/wp\/v2\/media\/5821"}],"wp:attachment":[{"href":"https:\/\/balticoverlanders.eu\/fi\/wp-json\/wp\/v2\/media?parent=30308"}],"wp:term":[{"taxonomy":"product_brand","embeddable":true,"href":"https:\/\/balticoverlanders.eu\/fi\/wp-json\/wp\/v2\/product_brand?post=30308"},{"taxonomy":"product_cat","embeddable":true,"href":"https:\/\/balticoverlanders.eu\/fi\/wp-json\/wp\/v2\/product_cat?post=30308"},{"taxonomy":"product_tag","embeddable":true,"href":"https:\/\/balticoverlanders.eu\/fi\/wp-json\/wp\/v2\/product_tag?post=30308"}],"curies":[{"name":"wp","href":"https:\/\/api.w.org\/{rel}","templated":true}]}}