{"id":30309,"date":"2023-03-18T16:03:36","date_gmt":"2023-03-18T14:03:36","guid":{"rendered":"https:\/\/balticoverlanders.eu\/product\/james-baroud-evasion-s\/"},"modified":"2024-01-31T23:21:32","modified_gmt":"2024-01-31T21:21:32","slug":"james-baroud-evasion-s","status":"publish","type":"product","link":"https:\/\/balticoverlanders.eu\/fi\/tuote\/james-baroud-evasion-s\/","title":{"rendered":"James Baroud Evasion S"},"content":{"rendered":"<p><strong>James Baroud EVASION S<\/strong>, \u00e4\u00e4rimm\u00e4inen kattoteltta ulkoseikkailuihin! Tilavan sis\u00e4tilan, mukavan patjan ja henke\u00e4salpaavien n\u00e4kymien ansiosta t\u00e4m\u00e4 teltta on jokaisen ulkoiluharrastajan pakollinen hankinta.<\/p>\n<p>Seuraavassa on joitakin keskeisi\u00e4 tietoja James Baroud EVASION S:st\u00e4:<\/p>\n<ul>\n<li>Teltta on suunniteltu majoittamaan enint\u00e4\u00e4n 2 aikuista, joten se sopii erinomaisesti pariskunnille tai pienille perheille.<\/li>\n<li>Patjan koko on 130 cm x 200 cm, joten siin\u00e4 on runsaasti tilaa mukaville y\u00f6unille.<\/li>\n<li>Teltan avokorkeus on 100 cm, joten teltassa on runsaasti tilaa liikkua ja rentoutua.<\/li>\n<li>Verrattuna muihin markkinoilla oleviin vaakasuoraan aukeaviin telttoihin James Baroud Evasionissa on suurin sis\u00e4tilavuus, ja siin\u00e4 on runsaasti tilaa aikuisille istua pystyasennossa teltan kummassakin p\u00e4\u00e4ss\u00e4.<\/li>\n<li>Teltan 360\u00ba panoraamaikkunat tarjoavat upeat n\u00e4kym\u00e4t ymp\u00e4rist\u00f6\u00f6n ja mahdollistavat optimaalisen ilmankierron, mik\u00e4 pit\u00e4\u00e4 sinut viile\u00e4n\u00e4 ja mukavana l\u00e4mpim\u00e4ss\u00e4 ilmastossa.<\/li>\n<li>James Baroud EVASION S on saatavana kolmessa koossa: S (130&#215;200 cm), M (140&#215;200 cm) ja XL (160&#215;224 cm), mik\u00e4 takaa, ett\u00e4 jokaiselle seikkailijalle l\u00f6ytyy sopiva koko.<\/li>\n<\/ul>\n<p>Suunnittelitpa sitten viikonloppuretke\u00e4 tai pidemp\u00e4\u00e4 retkeily\u00e4, James Baroud EVASION S on t\u00e4ydellinen kattoteltta tarpeisiisi. Tilaa omasi jo t\u00e4n\u00e4\u00e4n ja aloita seuraava seikkailusi mukavasti ja tyylill\u00e4!<\/p>\n<p><img fetchpriority=\"high\" decoding=\"async\" class=\"alignnone size-medium wp-image-6098\" src=\"https:\/\/balticoverlanders.eu\/wp-content\/uploads\/2023\/03\/EvasionM_11-300x300.png\" alt=\"\" width=\"300\" height=\"300\" srcset=\"https:\/\/balticoverlanders.eu\/wp-content\/uploads\/2023\/03\/EvasionM_11-300x300.png 300w, https:\/\/balticoverlanders.eu\/wp-content\/uploads\/2023\/03\/EvasionM_11-150x150.png 150w, https:\/\/balticoverlanders.eu\/wp-content\/uploads\/2023\/03\/EvasionM_11.png 500w\" sizes=\"(max-width: 300px) 100vw, 300px\" \/><img decoding=\"async\" class=\"alignnone size-medium wp-image-6097\" src=\"https:\/\/balticoverlanders.eu\/wp-content\/uploads\/2023\/03\/EvasionM_21-300x300.png\" alt=\"\" width=\"300\" height=\"300\" srcset=\"https:\/\/balticoverlanders.eu\/wp-content\/uploads\/2023\/03\/EvasionM_21-300x300.png 300w, https:\/\/balticoverlanders.eu\/wp-content\/uploads\/2023\/03\/EvasionM_21-150x150.png 150w, https:\/\/balticoverlanders.eu\/wp-content\/uploads\/2023\/03\/EvasionM_21.png 500w\" sizes=\"(max-width: 300px) 100vw, 300px\" \/> <img decoding=\"async\" class=\"alignnone size-medium wp-image-6611\" src=\"https:\/\/balticoverlanders.eu\/wp-content\/uploads\/2023\/03\/Evasion-S_3-300x300.png\" alt=\"\" width=\"300\" height=\"300\" srcset=\"https:\/\/balticoverlanders.eu\/wp-content\/uploads\/2023\/03\/Evasion-S_3-300x300.png 300w, https:\/\/balticoverlanders.eu\/wp-content\/uploads\/2023\/03\/Evasion-S_3-1024x1024.png 1024w, https:\/\/balticoverlanders.eu\/wp-content\/uploads\/2023\/03\/Evasion-S_3-150x150.png 150w, https:\/\/balticoverlanders.eu\/wp-content\/uploads\/2023\/03\/Evasion-S_3-768x768.png 768w, https:\/\/balticoverlanders.eu\/wp-content\/uploads\/2023\/03\/Evasion-S_3-1536x1536.png 1536w, https:\/\/balticoverlanders.eu\/wp-content\/uploads\/2023\/03\/Evasion-S_3-2048x2048.png 2048w, https:\/\/balticoverlanders.eu\/wp-content\/uploads\/2023\/03\/Evasion-S_3-600x600.png 600w\" sizes=\"(max-width: 300px) 100vw, 300px\" \/><img loading=\"lazy\" decoding=\"async\" class=\"alignnone size-medium wp-image-6610\" src=\"https:\/\/balticoverlanders.eu\/wp-content\/uploads\/2023\/03\/Evasion-S_4-300x300.png\" alt=\"\" width=\"300\" height=\"300\" srcset=\"https:\/\/balticoverlanders.eu\/wp-content\/uploads\/2023\/03\/Evasion-S_4-300x300.png 300w, https:\/\/balticoverlanders.eu\/wp-content\/uploads\/2023\/03\/Evasion-S_4-1024x1024.png 1024w, https:\/\/balticoverlanders.eu\/wp-content\/uploads\/2023\/03\/Evasion-S_4-150x150.png 150w, https:\/\/balticoverlanders.eu\/wp-content\/uploads\/2023\/03\/Evasion-S_4-768x768.png 768w, https:\/\/balticoverlanders.eu\/wp-content\/uploads\/2023\/03\/Evasion-S_4-1536x1536.png 1536w, https:\/\/balticoverlanders.eu\/wp-content\/uploads\/2023\/03\/Evasion-S_4-2048x2048.png 2048w, https:\/\/balticoverlanders.eu\/wp-content\/uploads\/2023\/03\/Evasion-S_4-600x600.png 600w\" sizes=\"(max-width: 300px) 100vw, 300px\" \/><\/p>\n","protected":false},"excerpt":{"rendered":"<p>James Baroud EVASION S, tilava sisustus, mukava patja ja henke\u00e4salpaavat 360\u00ba n\u00e4kym\u00e4t, t\u00e4m\u00e4 teltta on t\u00e4ydellinen pariskunnille tai pienille perheille.<\/p>\n<p>T\u00e4rkeimpi\u00e4 ominaisuuksia ovat:<\/p>\n<ul>\n<li>Suunniteltu 2 aikuiselle<\/li>\n<li>Patjan koko 130 cm x 200 cm<\/li>\n<li>Avoin korkeus 100 cm<\/li>\n<li>Innovatiivinen muotoilu takaa maksimaalisen mukavuuden ja mukavuuden<\/li>\n<li>Vahva ja kest\u00e4v\u00e4 rakenne<\/li>\n<li>Nopea ja helppo asentaa<\/li>\n<\/ul>\n<p>Liity James Baroudin kattoteltan harrastajien maailmanlaajuiseen yhteis\u00f6\u00f6n ja tilaa EVASION S jo t\u00e4n\u00e4\u00e4n!<\/p>\n","protected":false},"featured_media":6106,"template":"","meta":[],"product_brand":[],"product_cat":[365,376],"product_tag":[],"class_list":{"0":"post-30309","1":"product","2":"type-product","3":"status-publish","4":"has-post-thumbnail","6":"product_cat-james-baroud-fi","7":"product_cat-kattoteltat","9":"first","10":"onbackorder","11":"taxable","12":"shipping-taxable","13":"purchasable","14":"product-type-variable"},"yoast_head":"<!-- This site is optimized with the Yoast SEO plugin v27.3 - https:\/\/yoast.com\/product\/yoast-seo-wordpress\/ -->\n<title>James Baroud Evasion S - BALTIC OVERLANDERS<\/title>\n<meta name=\"robots\" content=\"index, follow, max-snippet:-1, max-image-preview:large, max-video-preview:-1\" \/>\n<link rel=\"canonical\" href=\"https:\/\/balticoverlanders.eu\/fi\/tuote\/james-baroud-evasion-s\/\" \/>\n<meta property=\"og:locale\" content=\"fi_FI\" \/>\n<meta property=\"og:type\" content=\"article\" \/>\n<meta property=\"og:title\" content=\"James Baroud Evasion S - BALTIC OVERLANDERS\" \/>\n<meta property=\"og:description\" content=\"James Baroud EVASION S, tilava sisustus, mukava patja ja henke\u00e4salpaavat 360\u00ba n\u00e4kym\u00e4t, t\u00e4m\u00e4 teltta on t\u00e4ydellinen pariskunnille tai pienille perheille. T\u00e4rkeimpi\u00e4 ominaisuuksia ovat:  Suunniteltu 2 aikuiselle  Patjan koko 130 cm x 200 cm  Avoin korkeus 100 cm  Innovatiivinen muotoilu takaa maksimaalisen mukavuuden ja mukavuuden  Vahva ja kest\u00e4v\u00e4 rakenne  Nopea ja helppo asentaa Liity James Baroudin kattoteltan harrastajien maailmanlaajuiseen yhteis\u00f6\u00f6n ja tilaa EVASION S jo t\u00e4n\u00e4\u00e4n!\" \/>\n<meta property=\"og:url\" content=\"https:\/\/balticoverlanders.eu\/fi\/tuote\/james-baroud-evasion-s\/\" \/>\n<meta property=\"og:site_name\" content=\"BALTIC OVERLANDERS\" \/>\n<meta property=\"article:modified_time\" content=\"2024-01-31T21:21:32+00:00\" \/>\n<meta property=\"og:image\" content=\"https:\/\/balticoverlanders.eu\/wp-content\/uploads\/2023\/03\/EvasionSTD-Grey20.png\" \/>\n\t<meta property=\"og:image:width\" content=\"1000\" \/>\n\t<meta property=\"og:image:height\" content=\"667\" \/>\n\t<meta property=\"og:image:type\" content=\"image\/png\" \/>\n<meta name=\"twitter:card\" content=\"summary_large_image\" \/>\n<meta name=\"twitter:label1\" content=\"Arvioitu lukuaika\" \/>\n\t<meta name=\"twitter:data1\" content=\"1 minuutti\" \/>\n<script type=\"application\/ld+json\" class=\"yoast-schema-graph\">{\"@context\":\"https:\\\/\\\/schema.org\",\"@graph\":[{\"@type\":\"WebPage\",\"@id\":\"https:\\\/\\\/balticoverlanders.eu\\\/fi\\\/tuote\\\/james-baroud-evasion-s\\\/\",\"url\":\"https:\\\/\\\/balticoverlanders.eu\\\/fi\\\/tuote\\\/james-baroud-evasion-s\\\/\",\"name\":\"James Baroud Evasion S - BALTIC OVERLANDERS\",\"isPartOf\":{\"@id\":\"https:\\\/\\\/balticoverlanders.eu\\\/fi\\\/#website\"},\"primaryImageOfPage\":{\"@id\":\"https:\\\/\\\/balticoverlanders.eu\\\/fi\\\/tuote\\\/james-baroud-evasion-s\\\/#primaryimage\"},\"image\":{\"@id\":\"https:\\\/\\\/balticoverlanders.eu\\\/fi\\\/tuote\\\/james-baroud-evasion-s\\\/#primaryimage\"},\"thumbnailUrl\":\"https:\\\/\\\/balticoverlanders.eu\\\/wp-content\\\/uploads\\\/2023\\\/03\\\/EvasionSTD-Grey20.png\",\"datePublished\":\"2023-03-18T14:03:36+00:00\",\"dateModified\":\"2024-01-31T21:21:32+00:00\",\"breadcrumb\":{\"@id\":\"https:\\\/\\\/balticoverlanders.eu\\\/fi\\\/tuote\\\/james-baroud-evasion-s\\\/#breadcrumb\"},\"inLanguage\":\"fi\",\"potentialAction\":[{\"@type\":\"ReadAction\",\"target\":[\"https:\\\/\\\/balticoverlanders.eu\\\/fi\\\/tuote\\\/james-baroud-evasion-s\\\/\"]}]},{\"@type\":\"ImageObject\",\"inLanguage\":\"fi\",\"@id\":\"https:\\\/\\\/balticoverlanders.eu\\\/fi\\\/tuote\\\/james-baroud-evasion-s\\\/#primaryimage\",\"url\":\"https:\\\/\\\/balticoverlanders.eu\\\/wp-content\\\/uploads\\\/2023\\\/03\\\/EvasionSTD-Grey20.png\",\"contentUrl\":\"https:\\\/\\\/balticoverlanders.eu\\\/wp-content\\\/uploads\\\/2023\\\/03\\\/EvasionSTD-Grey20.png\",\"width\":1000,\"height\":667},{\"@type\":\"BreadcrumbList\",\"@id\":\"https:\\\/\\\/balticoverlanders.eu\\\/fi\\\/tuote\\\/james-baroud-evasion-s\\\/#breadcrumb\",\"itemListElement\":[{\"@type\":\"ListItem\",\"position\":1,\"name\":\"Home\",\"item\":\"https:\\\/\\\/balticoverlanders.eu\\\/fi\\\/?page_id=30138\"},{\"@type\":\"ListItem\",\"position\":2,\"name\":\"Kauppa\",\"item\":\"https:\\\/\\\/balticoverlanders.eu\\\/fi\\\/?page_id=30882\"},{\"@type\":\"ListItem\",\"position\":3,\"name\":\"James Baroud Evasion S\"}]},{\"@type\":\"WebSite\",\"@id\":\"https:\\\/\\\/balticoverlanders.eu\\\/fi\\\/#website\",\"url\":\"https:\\\/\\\/balticoverlanders.eu\\\/fi\\\/\",\"name\":\"BALTIC OVERLANDERS\",\"description\":\"Your one-stop shop in Latvia, Estonia, and Lithuania for all your car camping, rooftop tent and accessory needs.\",\"potentialAction\":[{\"@type\":\"SearchAction\",\"target\":{\"@type\":\"EntryPoint\",\"urlTemplate\":\"https:\\\/\\\/balticoverlanders.eu\\\/fi\\\/?s={search_term_string}\"},\"query-input\":{\"@type\":\"PropertyValueSpecification\",\"valueRequired\":true,\"valueName\":\"search_term_string\"}}],\"inLanguage\":\"fi\"}]}<\/script>\n<!-- \/ Yoast SEO plugin. -->","yoast_head_json":{"title":"James Baroud Evasion S - BALTIC OVERLANDERS","robots":{"index":"index","follow":"follow","max-snippet":"max-snippet:-1","max-image-preview":"max-image-preview:large","max-video-preview":"max-video-preview:-1"},"canonical":"https:\/\/balticoverlanders.eu\/fi\/tuote\/james-baroud-evasion-s\/","og_locale":"fi_FI","og_type":"article","og_title":"James Baroud Evasion S - BALTIC OVERLANDERS","og_description":"James Baroud EVASION S, tilava sisustus, mukava patja ja henke\u00e4salpaavat 360\u00ba n\u00e4kym\u00e4t, t\u00e4m\u00e4 teltta on t\u00e4ydellinen pariskunnille tai pienille perheille. T\u00e4rkeimpi\u00e4 ominaisuuksia ovat:  Suunniteltu 2 aikuiselle  Patjan koko 130 cm x 200 cm  Avoin korkeus 100 cm  Innovatiivinen muotoilu takaa maksimaalisen mukavuuden ja mukavuuden  Vahva ja kest\u00e4v\u00e4 rakenne  Nopea ja helppo asentaa Liity James Baroudin kattoteltan harrastajien maailmanlaajuiseen yhteis\u00f6\u00f6n ja tilaa EVASION S jo t\u00e4n\u00e4\u00e4n!","og_url":"https:\/\/balticoverlanders.eu\/fi\/tuote\/james-baroud-evasion-s\/","og_site_name":"BALTIC OVERLANDERS","article_modified_time":"2024-01-31T21:21:32+00:00","og_image":[{"width":1000,"height":667,"url":"https:\/\/balticoverlanders.eu\/wp-content\/uploads\/2023\/03\/EvasionSTD-Grey20.png","type":"image\/png"}],"twitter_card":"summary_large_image","twitter_misc":{"Arvioitu lukuaika":"1 minuutti"},"schema":{"@context":"https:\/\/schema.org","@graph":[{"@type":"WebPage","@id":"https:\/\/balticoverlanders.eu\/fi\/tuote\/james-baroud-evasion-s\/","url":"https:\/\/balticoverlanders.eu\/fi\/tuote\/james-baroud-evasion-s\/","name":"James Baroud Evasion S - BALTIC OVERLANDERS","isPartOf":{"@id":"https:\/\/balticoverlanders.eu\/fi\/#website"},"primaryImageOfPage":{"@id":"https:\/\/balticoverlanders.eu\/fi\/tuote\/james-baroud-evasion-s\/#primaryimage"},"image":{"@id":"https:\/\/balticoverlanders.eu\/fi\/tuote\/james-baroud-evasion-s\/#primaryimage"},"thumbnailUrl":"https:\/\/balticoverlanders.eu\/wp-content\/uploads\/2023\/03\/EvasionSTD-Grey20.png","datePublished":"2023-03-18T14:03:36+00:00","dateModified":"2024-01-31T21:21:32+00:00","breadcrumb":{"@id":"https:\/\/balticoverlanders.eu\/fi\/tuote\/james-baroud-evasion-s\/#breadcrumb"},"inLanguage":"fi","potentialAction":[{"@type":"ReadAction","target":["https:\/\/balticoverlanders.eu\/fi\/tuote\/james-baroud-evasion-s\/"]}]},{"@type":"ImageObject","inLanguage":"fi","@id":"https:\/\/balticoverlanders.eu\/fi\/tuote\/james-baroud-evasion-s\/#primaryimage","url":"https:\/\/balticoverlanders.eu\/wp-content\/uploads\/2023\/03\/EvasionSTD-Grey20.png","contentUrl":"https:\/\/balticoverlanders.eu\/wp-content\/uploads\/2023\/03\/EvasionSTD-Grey20.png","width":1000,"height":667},{"@type":"BreadcrumbList","@id":"https:\/\/balticoverlanders.eu\/fi\/tuote\/james-baroud-evasion-s\/#breadcrumb","itemListElement":[{"@type":"ListItem","position":1,"name":"Home","item":"https:\/\/balticoverlanders.eu\/fi\/?page_id=30138"},{"@type":"ListItem","position":2,"name":"Kauppa","item":"https:\/\/balticoverlanders.eu\/fi\/?page_id=30882"},{"@type":"ListItem","position":3,"name":"James Baroud Evasion S"}]},{"@type":"WebSite","@id":"https:\/\/balticoverlanders.eu\/fi\/#website","url":"https:\/\/balticoverlanders.eu\/fi\/","name":"BALTIC OVERLANDERS","description":"Your one-stop shop in Latvia, Estonia, and Lithuania for all your car camping, rooftop tent and accessory needs.","potentialAction":[{"@type":"SearchAction","target":{"@type":"EntryPoint","urlTemplate":"https:\/\/balticoverlanders.eu\/fi\/?s={search_term_string}"},"query-input":{"@type":"PropertyValueSpecification","valueRequired":true,"valueName":"search_term_string"}}],"inLanguage":"fi"}]}},"_links":{"self":[{"href":"https:\/\/balticoverlanders.eu\/fi\/wp-json\/wp\/v2\/product\/30309","targetHints":{"allow":["GET"]}}],"collection":[{"href":"https:\/\/balticoverlanders.eu\/fi\/wp-json\/wp\/v2\/product"}],"about":[{"href":"https:\/\/balticoverlanders.eu\/fi\/wp-json\/wp\/v2\/types\/product"}],"wp:featuredmedia":[{"embeddable":true,"href":"https:\/\/balticoverlanders.eu\/fi\/wp-json\/wp\/v2\/media\/6106"}],"wp:attachment":[{"href":"https:\/\/balticoverlanders.eu\/fi\/wp-json\/wp\/v2\/media?parent=30309"}],"wp:term":[{"taxonomy":"product_brand","embeddable":true,"href":"https:\/\/balticoverlanders.eu\/fi\/wp-json\/wp\/v2\/product_brand?post=30309"},{"taxonomy":"product_cat","embeddable":true,"href":"https:\/\/balticoverlanders.eu\/fi\/wp-json\/wp\/v2\/product_cat?post=30309"},{"taxonomy":"product_tag","embeddable":true,"href":"https:\/\/balticoverlanders.eu\/fi\/wp-json\/wp\/v2\/product_tag?post=30309"}],"curies":[{"name":"wp","href":"https:\/\/api.w.org\/{rel}","templated":true}]}}