{"id":30410,"date":"2023-03-12T11:16:23","date_gmt":"2023-03-12T09:16:23","guid":{"rendered":"https:\/\/balticoverlanders.eu\/product\/james-baroud-space-m\/"},"modified":"2024-01-31T23:21:43","modified_gmt":"2024-01-31T21:21:43","slug":"james-baroud-space-m","status":"publish","type":"product","link":"https:\/\/balticoverlanders.eu\/fi\/tuote\/james-baroud-space-m\/","title":{"rendered":"James Baroud Space M"},"content":{"rendered":"<p class=\"preFade fadeIn disable-executed-animation\"><strong>SPACE M &#8211; Enemm\u00e4n tilaa yl\u00e4puolella, enemm\u00e4n mukavuutta.<br \/>\n<\/strong><\/p>\n<ul>\n<li class=\"preFade fadeIn disable-executed-animation\">2 aikuista ja 1 lapsi<\/li>\n<li class=\"preFade fadeIn disable-executed-animation\">patjan koko 140 cm x 200 cm<\/li>\n<li class=\"preFade fadeIn disable-executed-animation\">avoin korkeus 145 cm<\/li>\n<\/ul>\n<p>James Baroud Space -kattoteltta on suunniteltu helpottamaan korkeimpienkin k\u00e4ytt\u00e4jien el\u00e4m\u00e4\u00e4 etukompassin ansiosta, jossa on 40 cm jaloille ja 145 cm p\u00e4\u00e4h\u00e4n. Innovatiivinen harjakattoprofiili lis\u00e4\u00e4 my\u00f6s ilmankiertoa teltan l\u00e4pi ja tarjoaa yhdess\u00e4 luonnollisen tuuletusaukon l\u00e4mpim\u00e4lle ilmalle sen noustessa yl\u00f6s. Suuret ovet ja ikkunat tarjoavat erinomaisen ristivirtausilmanvaihdon ja 180\u00ba n\u00e4kym\u00e4n.<\/p>\n<p>Se on saatavana koossa S, jonka mitat ovat 130&#215;200 cm, koossa M, jonka mitat ovat 140x200cm ja koossa XL, jonka mitat ovat 160x224cm.<\/p>\n<p><img fetchpriority=\"high\" decoding=\"async\" class=\"alignnone size-medium wp-image-6062\" src=\"https:\/\/balticoverlanders.eu\/wp-content\/uploads\/2023\/03\/SpaceM_1-300x300.png\" alt=\"\" width=\"300\" height=\"300\" srcset=\"https:\/\/balticoverlanders.eu\/wp-content\/uploads\/2023\/03\/SpaceM_1-300x300.png 300w, https:\/\/balticoverlanders.eu\/wp-content\/uploads\/2023\/03\/SpaceM_1-150x150.png 150w, https:\/\/balticoverlanders.eu\/wp-content\/uploads\/2023\/03\/SpaceM_1.png 500w\" sizes=\"(max-width: 300px) 100vw, 300px\" \/> <img decoding=\"async\" class=\"alignnone size-medium wp-image-6061\" src=\"https:\/\/balticoverlanders.eu\/wp-content\/uploads\/2023\/03\/SpaceM_2-300x300.png\" alt=\"\" width=\"300\" height=\"300\" srcset=\"https:\/\/balticoverlanders.eu\/wp-content\/uploads\/2023\/03\/SpaceM_2-300x300.png 300w, https:\/\/balticoverlanders.eu\/wp-content\/uploads\/2023\/03\/SpaceM_2-150x150.png 150w, https:\/\/balticoverlanders.eu\/wp-content\/uploads\/2023\/03\/SpaceM_2.png 500w\" sizes=\"(max-width: 300px) 100vw, 300px\" \/> <img decoding=\"async\" class=\"alignnone size-medium wp-image-6060\" src=\"https:\/\/balticoverlanders.eu\/wp-content\/uploads\/2023\/03\/SpaceM_3-300x300.png\" alt=\"\" width=\"300\" height=\"300\" srcset=\"https:\/\/balticoverlanders.eu\/wp-content\/uploads\/2023\/03\/SpaceM_3-300x300.png 300w, https:\/\/balticoverlanders.eu\/wp-content\/uploads\/2023\/03\/SpaceM_3-150x150.png 150w, https:\/\/balticoverlanders.eu\/wp-content\/uploads\/2023\/03\/SpaceM_3.png 500w\" sizes=\"(max-width: 300px) 100vw, 300px\" \/> <img loading=\"lazy\" decoding=\"async\" class=\"alignnone size-medium wp-image-6059\" src=\"https:\/\/balticoverlanders.eu\/wp-content\/uploads\/2023\/03\/SpaceM_4-300x300.png\" alt=\"\" width=\"300\" height=\"300\" srcset=\"https:\/\/balticoverlanders.eu\/wp-content\/uploads\/2023\/03\/SpaceM_4-300x300.png 300w, https:\/\/balticoverlanders.eu\/wp-content\/uploads\/2023\/03\/SpaceM_4-150x150.png 150w, https:\/\/balticoverlanders.eu\/wp-content\/uploads\/2023\/03\/SpaceM_4.png 500w\" sizes=\"(max-width: 300px) 100vw, 300px\" \/><\/p>\n","protected":false},"excerpt":{"rendered":"<p>SPACE M &#8211; Enemm\u00e4n tilaa yl\u00e4puolella, enemm\u00e4n mukavuutta.<\/p>\n<ul>\n<li class=\"preFade fadeIn disable-executed-animation\">2 aikuista ja 1 lapsi<\/li>\n<li class=\"preFade fadeIn disable-executed-animation\">patjan koko 140 cm x 200 cm<\/li>\n<li class=\"preFade fadeIn disable-executed-animation\">avoin korkeus 145 cm<\/li>\n<\/ul>\n<p>INNOVAATIO, MUKAVUUS, VAHVUUS JA NOPEUS<\/p>\n<p>N\u00e4m\u00e4 ovat t\u00e4rkeimm\u00e4t tekij\u00e4t, jotka ovat tehneet James Baroudin kattoteltoista maailmanlaajuisesti tunnettuja.<\/p>\n","protected":false},"featured_media":6069,"template":"","meta":[],"product_brand":[],"product_cat":[365,376],"product_tag":[],"class_list":{"0":"post-30410","1":"product","2":"type-product","3":"status-publish","4":"has-post-thumbnail","6":"product_cat-james-baroud-fi","7":"product_cat-kattoteltat","9":"first","10":"instock","11":"taxable","12":"shipping-taxable","13":"purchasable","14":"product-type-variable"},"yoast_head":"<!-- This site is optimized with the Yoast SEO plugin v27.2 - https:\/\/yoast.com\/product\/yoast-seo-wordpress\/ -->\n<title>James Baroud Space M - BALTIC OVERLANDERS<\/title>\n<meta name=\"robots\" content=\"index, follow, max-snippet:-1, max-image-preview:large, max-video-preview:-1\" \/>\n<link rel=\"canonical\" href=\"https:\/\/balticoverlanders.eu\/fi\/tuote\/james-baroud-space-m\/\" \/>\n<meta property=\"og:locale\" content=\"fi_FI\" \/>\n<meta property=\"og:type\" content=\"article\" \/>\n<meta property=\"og:title\" content=\"James Baroud Space M - BALTIC OVERLANDERS\" \/>\n<meta property=\"og:description\" content=\"SPACE M - Enemm\u00e4n tilaa yl\u00e4puolella, enemm\u00e4n mukavuutta.  2 aikuista ja 1 lapsi  patjan koko 140 cm x 200 cm  avoin korkeus 145 cm INNOVAATIO, MUKAVUUS, VAHVUUS JA NOPEUS N\u00e4m\u00e4 ovat t\u00e4rkeimm\u00e4t tekij\u00e4t, jotka ovat tehneet James Baroudin kattoteltoista maailmanlaajuisesti tunnettuja.\" \/>\n<meta property=\"og:url\" content=\"https:\/\/balticoverlanders.eu\/fi\/tuote\/james-baroud-space-m\/\" \/>\n<meta property=\"og:site_name\" content=\"BALTIC OVERLANDERS\" \/>\n<meta property=\"article:modified_time\" content=\"2024-01-31T21:21:43+00:00\" \/>\n<meta property=\"og:image\" content=\"https:\/\/balticoverlanders.eu\/wp-content\/uploads\/2023\/03\/SpaceSTD-Black18.png\" \/>\n\t<meta property=\"og:image:width\" content=\"1000\" \/>\n\t<meta property=\"og:image:height\" content=\"667\" \/>\n\t<meta property=\"og:image:type\" content=\"image\/png\" \/>\n<meta name=\"twitter:card\" content=\"summary_large_image\" \/>\n<meta name=\"twitter:label1\" content=\"Arvioitu lukuaika\" \/>\n\t<meta name=\"twitter:data1\" content=\"1 minuutti\" \/>\n<script type=\"application\/ld+json\" class=\"yoast-schema-graph\">{\"@context\":\"https:\/\/schema.org\",\"@graph\":[{\"@type\":\"WebPage\",\"@id\":\"https:\/\/balticoverlanders.eu\/fi\/tuote\/james-baroud-space-m\/\",\"url\":\"https:\/\/balticoverlanders.eu\/fi\/tuote\/james-baroud-space-m\/\",\"name\":\"James Baroud Space M - BALTIC OVERLANDERS\",\"isPartOf\":{\"@id\":\"https:\/\/balticoverlanders.eu\/fi\/#website\"},\"primaryImageOfPage\":{\"@id\":\"https:\/\/balticoverlanders.eu\/fi\/tuote\/james-baroud-space-m\/#primaryimage\"},\"image\":{\"@id\":\"https:\/\/balticoverlanders.eu\/fi\/tuote\/james-baroud-space-m\/#primaryimage\"},\"thumbnailUrl\":\"https:\/\/balticoverlanders.eu\/wp-content\/uploads\/2023\/03\/SpaceSTD-Black18.png\",\"datePublished\":\"2023-03-12T09:16:23+00:00\",\"dateModified\":\"2024-01-31T21:21:43+00:00\",\"breadcrumb\":{\"@id\":\"https:\/\/balticoverlanders.eu\/fi\/tuote\/james-baroud-space-m\/#breadcrumb\"},\"inLanguage\":\"fi\",\"potentialAction\":[{\"@type\":\"ReadAction\",\"target\":[\"https:\/\/balticoverlanders.eu\/fi\/tuote\/james-baroud-space-m\/\"]}]},{\"@type\":\"ImageObject\",\"inLanguage\":\"fi\",\"@id\":\"https:\/\/balticoverlanders.eu\/fi\/tuote\/james-baroud-space-m\/#primaryimage\",\"url\":\"https:\/\/balticoverlanders.eu\/wp-content\/uploads\/2023\/03\/SpaceSTD-Black18.png\",\"contentUrl\":\"https:\/\/balticoverlanders.eu\/wp-content\/uploads\/2023\/03\/SpaceSTD-Black18.png\",\"width\":1000,\"height\":667},{\"@type\":\"BreadcrumbList\",\"@id\":\"https:\/\/balticoverlanders.eu\/fi\/tuote\/james-baroud-space-m\/#breadcrumb\",\"itemListElement\":[{\"@type\":\"ListItem\",\"position\":1,\"name\":\"Home\",\"item\":\"https:\/\/balticoverlanders.eu\/fi\/?page_id=30138\"},{\"@type\":\"ListItem\",\"position\":2,\"name\":\"Kauppa\",\"item\":\"https:\/\/balticoverlanders.eu\/fi\/?page_id=30882\"},{\"@type\":\"ListItem\",\"position\":3,\"name\":\"James Baroud Space M\"}]},{\"@type\":\"WebSite\",\"@id\":\"https:\/\/balticoverlanders.eu\/fi\/#website\",\"url\":\"https:\/\/balticoverlanders.eu\/fi\/\",\"name\":\"BALTIC OVERLANDERS\",\"description\":\"Your one-stop shop in Latvia, Estonia, and Lithuania for all your car camping, rooftop tent and accessory needs.\",\"potentialAction\":[{\"@type\":\"SearchAction\",\"target\":{\"@type\":\"EntryPoint\",\"urlTemplate\":\"https:\/\/balticoverlanders.eu\/fi\/?s={search_term_string}\"},\"query-input\":{\"@type\":\"PropertyValueSpecification\",\"valueRequired\":true,\"valueName\":\"search_term_string\"}}],\"inLanguage\":\"fi\"}]}<\/script>\n<!-- \/ Yoast SEO plugin. -->","yoast_head_json":{"title":"James Baroud Space M - BALTIC OVERLANDERS","robots":{"index":"index","follow":"follow","max-snippet":"max-snippet:-1","max-image-preview":"max-image-preview:large","max-video-preview":"max-video-preview:-1"},"canonical":"https:\/\/balticoverlanders.eu\/fi\/tuote\/james-baroud-space-m\/","og_locale":"fi_FI","og_type":"article","og_title":"James Baroud Space M - BALTIC OVERLANDERS","og_description":"SPACE M - Enemm\u00e4n tilaa yl\u00e4puolella, enemm\u00e4n mukavuutta.  2 aikuista ja 1 lapsi  patjan koko 140 cm x 200 cm  avoin korkeus 145 cm INNOVAATIO, MUKAVUUS, VAHVUUS JA NOPEUS N\u00e4m\u00e4 ovat t\u00e4rkeimm\u00e4t tekij\u00e4t, jotka ovat tehneet James Baroudin kattoteltoista maailmanlaajuisesti tunnettuja.","og_url":"https:\/\/balticoverlanders.eu\/fi\/tuote\/james-baroud-space-m\/","og_site_name":"BALTIC OVERLANDERS","article_modified_time":"2024-01-31T21:21:43+00:00","og_image":[{"width":1000,"height":667,"url":"https:\/\/balticoverlanders.eu\/wp-content\/uploads\/2023\/03\/SpaceSTD-Black18.png","type":"image\/png"}],"twitter_card":"summary_large_image","twitter_misc":{"Arvioitu lukuaika":"1 minuutti"},"schema":{"@context":"https:\/\/schema.org","@graph":[{"@type":"WebPage","@id":"https:\/\/balticoverlanders.eu\/fi\/tuote\/james-baroud-space-m\/","url":"https:\/\/balticoverlanders.eu\/fi\/tuote\/james-baroud-space-m\/","name":"James Baroud Space M - BALTIC OVERLANDERS","isPartOf":{"@id":"https:\/\/balticoverlanders.eu\/fi\/#website"},"primaryImageOfPage":{"@id":"https:\/\/balticoverlanders.eu\/fi\/tuote\/james-baroud-space-m\/#primaryimage"},"image":{"@id":"https:\/\/balticoverlanders.eu\/fi\/tuote\/james-baroud-space-m\/#primaryimage"},"thumbnailUrl":"https:\/\/balticoverlanders.eu\/wp-content\/uploads\/2023\/03\/SpaceSTD-Black18.png","datePublished":"2023-03-12T09:16:23+00:00","dateModified":"2024-01-31T21:21:43+00:00","breadcrumb":{"@id":"https:\/\/balticoverlanders.eu\/fi\/tuote\/james-baroud-space-m\/#breadcrumb"},"inLanguage":"fi","potentialAction":[{"@type":"ReadAction","target":["https:\/\/balticoverlanders.eu\/fi\/tuote\/james-baroud-space-m\/"]}]},{"@type":"ImageObject","inLanguage":"fi","@id":"https:\/\/balticoverlanders.eu\/fi\/tuote\/james-baroud-space-m\/#primaryimage","url":"https:\/\/balticoverlanders.eu\/wp-content\/uploads\/2023\/03\/SpaceSTD-Black18.png","contentUrl":"https:\/\/balticoverlanders.eu\/wp-content\/uploads\/2023\/03\/SpaceSTD-Black18.png","width":1000,"height":667},{"@type":"BreadcrumbList","@id":"https:\/\/balticoverlanders.eu\/fi\/tuote\/james-baroud-space-m\/#breadcrumb","itemListElement":[{"@type":"ListItem","position":1,"name":"Home","item":"https:\/\/balticoverlanders.eu\/fi\/?page_id=30138"},{"@type":"ListItem","position":2,"name":"Kauppa","item":"https:\/\/balticoverlanders.eu\/fi\/?page_id=30882"},{"@type":"ListItem","position":3,"name":"James Baroud Space M"}]},{"@type":"WebSite","@id":"https:\/\/balticoverlanders.eu\/fi\/#website","url":"https:\/\/balticoverlanders.eu\/fi\/","name":"BALTIC OVERLANDERS","description":"Your one-stop shop in Latvia, Estonia, and Lithuania for all your car camping, rooftop tent and accessory needs.","potentialAction":[{"@type":"SearchAction","target":{"@type":"EntryPoint","urlTemplate":"https:\/\/balticoverlanders.eu\/fi\/?s={search_term_string}"},"query-input":{"@type":"PropertyValueSpecification","valueRequired":true,"valueName":"search_term_string"}}],"inLanguage":"fi"}]}},"_links":{"self":[{"href":"https:\/\/balticoverlanders.eu\/fi\/wp-json\/wp\/v2\/product\/30410","targetHints":{"allow":["GET"]}}],"collection":[{"href":"https:\/\/balticoverlanders.eu\/fi\/wp-json\/wp\/v2\/product"}],"about":[{"href":"https:\/\/balticoverlanders.eu\/fi\/wp-json\/wp\/v2\/types\/product"}],"wp:featuredmedia":[{"embeddable":true,"href":"https:\/\/balticoverlanders.eu\/fi\/wp-json\/wp\/v2\/media\/6069"}],"wp:attachment":[{"href":"https:\/\/balticoverlanders.eu\/fi\/wp-json\/wp\/v2\/media?parent=30410"}],"wp:term":[{"taxonomy":"product_brand","embeddable":true,"href":"https:\/\/balticoverlanders.eu\/fi\/wp-json\/wp\/v2\/product_brand?post=30410"},{"taxonomy":"product_cat","embeddable":true,"href":"https:\/\/balticoverlanders.eu\/fi\/wp-json\/wp\/v2\/product_cat?post=30410"},{"taxonomy":"product_tag","embeddable":true,"href":"https:\/\/balticoverlanders.eu\/fi\/wp-json\/wp\/v2\/product_tag?post=30410"}],"curies":[{"name":"wp","href":"https:\/\/api.w.org\/{rel}","templated":true}]}}