{"id":30700,"date":"2023-03-12T12:12:45","date_gmt":"2023-03-12T10:12:45","guid":{"rendered":"https:\/\/balticoverlanders.eu\/product\/james-baroud-grand-raid-x\/"},"modified":"2024-01-31T23:22:03","modified_gmt":"2024-01-31T21:22:03","slug":"james-baroud-grand-raid-x","status":"publish","type":"product","link":"https:\/\/balticoverlanders.eu\/fi\/tuote\/james-baroud-grand-raid-x\/","title":{"rendered":"James Baroud Grand Raid X"},"content":{"rendered":"<p class=\"preFade fadeIn disable-executed-animation\"><strong>GRAND RAID X &#8211; 360\u00ba n\u00e4kym\u00e4 matkatavaroiden kuljetuslaitteen kanssa.<br \/>\n<\/strong><\/p>\n<ul>\n<li class=\"preFade fadeIn disable-executed-animation\">2 aikuiselle ja 2 lapselle<\/li>\n<li class=\"preFade fadeIn disable-executed-animation\">patjan koko 160 cm x 200 cm<\/li>\n<li class=\"preFade fadeIn disable-executed-animation\">avoin korkeus 100 cm<\/li>\n<\/ul>\n<p>James Baroud Grand Raid -kattoteltta perustuu samaan konseptiin kuin Evasion-teltta, jossa on vaakasuora aukko ja 360\u00ba panoraaman\u00e4kym\u00e4, mutta se eroaa muista teltoista matkatavaroiden kuljetuslaitteella, johon mahtuu helposti 25 kg:n kuorma. Malliston tilavin teltta XL-versiossa, James Baroud Grand Raid -teltassa on nopea asennus, optimaalinen mukavuus, t\u00e4ydellinen 360\u00ba panoraaman\u00e4kym\u00e4, aurinkoenergialla toimiva ilmanvaihtoj\u00e4rjestelm\u00e4 \u00e4\u00e4riolosuhteita varten ja s\u00e4ilytyslokero, jonka p\u00e4\u00e4ll\u00e4 on kiinnityspisteet.<\/p>\n<p>Se on saatavana koossa M, jossa on 140x200cm, koossa X, jossa on 160x200cm ja koossa XL, jossa on 160x224cm.<\/p>\n<p><img fetchpriority=\"high\" decoding=\"async\" class=\"alignnone size-medium wp-image-6191\" src=\"https:\/\/balticoverlanders.eu\/wp-content\/uploads\/2023\/03\/GrandRaidX_1-300x300.png\" alt=\"\" width=\"300\" height=\"300\" srcset=\"https:\/\/balticoverlanders.eu\/wp-content\/uploads\/2023\/03\/GrandRaidX_1-300x300.png 300w, https:\/\/balticoverlanders.eu\/wp-content\/uploads\/2023\/03\/GrandRaidX_1-150x150.png 150w, https:\/\/balticoverlanders.eu\/wp-content\/uploads\/2023\/03\/GrandRaidX_1.png 500w\" sizes=\"(max-width: 300px) 100vw, 300px\" \/><img decoding=\"async\" class=\"alignnone size-medium wp-image-6190\" src=\"https:\/\/balticoverlanders.eu\/wp-content\/uploads\/2023\/03\/GrandRaidX_2-300x300.png\" alt=\"\" width=\"300\" height=\"300\" srcset=\"https:\/\/balticoverlanders.eu\/wp-content\/uploads\/2023\/03\/GrandRaidX_2-300x300.png 300w, https:\/\/balticoverlanders.eu\/wp-content\/uploads\/2023\/03\/GrandRaidX_2-150x150.png 150w, https:\/\/balticoverlanders.eu\/wp-content\/uploads\/2023\/03\/GrandRaidX_2.png 500w\" sizes=\"(max-width: 300px) 100vw, 300px\" \/> <img decoding=\"async\" class=\"alignnone size-medium wp-image-6189\" src=\"https:\/\/balticoverlanders.eu\/wp-content\/uploads\/2023\/03\/GrandRaidX_3-300x300.png\" alt=\"\" width=\"300\" height=\"300\" srcset=\"https:\/\/balticoverlanders.eu\/wp-content\/uploads\/2023\/03\/GrandRaidX_3-300x300.png 300w, https:\/\/balticoverlanders.eu\/wp-content\/uploads\/2023\/03\/GrandRaidX_3-150x150.png 150w, https:\/\/balticoverlanders.eu\/wp-content\/uploads\/2023\/03\/GrandRaidX_3.png 500w\" sizes=\"(max-width: 300px) 100vw, 300px\" \/> <img loading=\"lazy\" decoding=\"async\" class=\"alignnone size-medium wp-image-6188\" src=\"https:\/\/balticoverlanders.eu\/wp-content\/uploads\/2023\/03\/GrandRaidX_4-300x300.png\" alt=\"\" width=\"300\" height=\"300\" srcset=\"https:\/\/balticoverlanders.eu\/wp-content\/uploads\/2023\/03\/GrandRaidX_4-300x300.png 300w, https:\/\/balticoverlanders.eu\/wp-content\/uploads\/2023\/03\/GrandRaidX_4-150x150.png 150w, https:\/\/balticoverlanders.eu\/wp-content\/uploads\/2023\/03\/GrandRaidX_4.png 500w\" sizes=\"(max-width: 300px) 100vw, 300px\" \/><\/p>\n","protected":false},"excerpt":{"rendered":"<p>GRAND RAID X &#8211; 360\u00ba n\u00e4kym\u00e4 matkatavaroiden kuljetuslaitteen kanssa.<\/p>\n<ul>\n<li class=\"preFade fadeIn disable-executed-animation\">2 aikuiselle ja 2 lapselle<\/li>\n<li class=\"preFade fadeIn disable-executed-animation\">patjan koko 160 cm x 200 cm<\/li>\n<li class=\"preFade fadeIn disable-executed-animation\">avoin korkeus 100 cm<\/li>\n<\/ul>\n<p>INNOVAATIO, MUKAVUUS, VAHVUUS JA NOPEUS<\/p>\n<p>N\u00e4m\u00e4 ovat t\u00e4rkeimm\u00e4t tekij\u00e4t, jotka ovat tehneet James Baroudin kattoteltoista maailmanlaajuisesti tunnettuja.<\/p>\n","protected":false},"featured_media":6165,"template":"","meta":[],"product_brand":[],"product_cat":[365,376],"product_tag":[],"class_list":{"0":"post-30700","1":"product","2":"type-product","3":"status-publish","4":"has-post-thumbnail","6":"product_cat-james-baroud-fi","7":"product_cat-kattoteltat","9":"first","10":"instock","11":"taxable","12":"shipping-taxable","13":"purchasable","14":"product-type-variable"},"yoast_head":"<!-- This site is optimized with the Yoast SEO plugin v27.3 - https:\/\/yoast.com\/product\/yoast-seo-wordpress\/ -->\n<title>James Baroud Grand Raid X - BALTIC OVERLANDERS<\/title>\n<meta name=\"robots\" content=\"index, follow, max-snippet:-1, max-image-preview:large, max-video-preview:-1\" \/>\n<link rel=\"canonical\" href=\"https:\/\/balticoverlanders.eu\/fi\/tuote\/james-baroud-grand-raid-x\/\" \/>\n<meta property=\"og:locale\" content=\"fi_FI\" \/>\n<meta property=\"og:type\" content=\"article\" \/>\n<meta property=\"og:title\" content=\"James Baroud Grand Raid X - BALTIC OVERLANDERS\" \/>\n<meta property=\"og:description\" content=\"GRAND RAID X - 360\u00ba n\u00e4kym\u00e4 matkatavaroiden kuljetuslaitteen kanssa.  2 aikuiselle ja 2 lapselle  patjan koko 160 cm x 200 cm  avoin korkeus 100 cm INNOVAATIO, MUKAVUUS, VAHVUUS JA NOPEUS N\u00e4m\u00e4 ovat t\u00e4rkeimm\u00e4t tekij\u00e4t, jotka ovat tehneet James Baroudin kattoteltoista maailmanlaajuisesti tunnettuja.\" \/>\n<meta property=\"og:url\" content=\"https:\/\/balticoverlanders.eu\/fi\/tuote\/james-baroud-grand-raid-x\/\" \/>\n<meta property=\"og:site_name\" content=\"BALTIC OVERLANDERS\" \/>\n<meta property=\"article:modified_time\" content=\"2024-01-31T21:22:03+00:00\" \/>\n<meta property=\"og:image\" content=\"https:\/\/balticoverlanders.eu\/wp-content\/uploads\/2023\/03\/ExplorerSTD-White18.png\" \/>\n\t<meta property=\"og:image:width\" content=\"1000\" \/>\n\t<meta property=\"og:image:height\" content=\"667\" \/>\n\t<meta property=\"og:image:type\" content=\"image\/png\" \/>\n<meta name=\"twitter:card\" content=\"summary_large_image\" \/>\n<meta name=\"twitter:label1\" content=\"Arvioitu lukuaika\" \/>\n\t<meta name=\"twitter:data1\" content=\"1 minuutti\" \/>\n<script type=\"application\/ld+json\" class=\"yoast-schema-graph\">{\"@context\":\"https:\\\/\\\/schema.org\",\"@graph\":[{\"@type\":\"WebPage\",\"@id\":\"https:\\\/\\\/balticoverlanders.eu\\\/fi\\\/tuote\\\/james-baroud-grand-raid-x\\\/\",\"url\":\"https:\\\/\\\/balticoverlanders.eu\\\/fi\\\/tuote\\\/james-baroud-grand-raid-x\\\/\",\"name\":\"James Baroud Grand Raid X - BALTIC OVERLANDERS\",\"isPartOf\":{\"@id\":\"https:\\\/\\\/balticoverlanders.eu\\\/fi\\\/#website\"},\"primaryImageOfPage\":{\"@id\":\"https:\\\/\\\/balticoverlanders.eu\\\/fi\\\/tuote\\\/james-baroud-grand-raid-x\\\/#primaryimage\"},\"image\":{\"@id\":\"https:\\\/\\\/balticoverlanders.eu\\\/fi\\\/tuote\\\/james-baroud-grand-raid-x\\\/#primaryimage\"},\"thumbnailUrl\":\"https:\\\/\\\/balticoverlanders.eu\\\/wp-content\\\/uploads\\\/2023\\\/03\\\/ExplorerSTD-White18.png\",\"datePublished\":\"2023-03-12T10:12:45+00:00\",\"dateModified\":\"2024-01-31T21:22:03+00:00\",\"breadcrumb\":{\"@id\":\"https:\\\/\\\/balticoverlanders.eu\\\/fi\\\/tuote\\\/james-baroud-grand-raid-x\\\/#breadcrumb\"},\"inLanguage\":\"fi\",\"potentialAction\":[{\"@type\":\"ReadAction\",\"target\":[\"https:\\\/\\\/balticoverlanders.eu\\\/fi\\\/tuote\\\/james-baroud-grand-raid-x\\\/\"]}]},{\"@type\":\"ImageObject\",\"inLanguage\":\"fi\",\"@id\":\"https:\\\/\\\/balticoverlanders.eu\\\/fi\\\/tuote\\\/james-baroud-grand-raid-x\\\/#primaryimage\",\"url\":\"https:\\\/\\\/balticoverlanders.eu\\\/wp-content\\\/uploads\\\/2023\\\/03\\\/ExplorerSTD-White18.png\",\"contentUrl\":\"https:\\\/\\\/balticoverlanders.eu\\\/wp-content\\\/uploads\\\/2023\\\/03\\\/ExplorerSTD-White18.png\",\"width\":1000,\"height\":667},{\"@type\":\"BreadcrumbList\",\"@id\":\"https:\\\/\\\/balticoverlanders.eu\\\/fi\\\/tuote\\\/james-baroud-grand-raid-x\\\/#breadcrumb\",\"itemListElement\":[{\"@type\":\"ListItem\",\"position\":1,\"name\":\"Home\",\"item\":\"https:\\\/\\\/balticoverlanders.eu\\\/fi\\\/?page_id=30138\"},{\"@type\":\"ListItem\",\"position\":2,\"name\":\"Kauppa\",\"item\":\"https:\\\/\\\/balticoverlanders.eu\\\/fi\\\/?page_id=30882\"},{\"@type\":\"ListItem\",\"position\":3,\"name\":\"James Baroud Grand Raid X\"}]},{\"@type\":\"WebSite\",\"@id\":\"https:\\\/\\\/balticoverlanders.eu\\\/fi\\\/#website\",\"url\":\"https:\\\/\\\/balticoverlanders.eu\\\/fi\\\/\",\"name\":\"BALTIC OVERLANDERS\",\"description\":\"Your one-stop shop in Latvia, Estonia, and Lithuania for all your car camping, rooftop tent and accessory needs.\",\"potentialAction\":[{\"@type\":\"SearchAction\",\"target\":{\"@type\":\"EntryPoint\",\"urlTemplate\":\"https:\\\/\\\/balticoverlanders.eu\\\/fi\\\/?s={search_term_string}\"},\"query-input\":{\"@type\":\"PropertyValueSpecification\",\"valueRequired\":true,\"valueName\":\"search_term_string\"}}],\"inLanguage\":\"fi\"}]}<\/script>\n<!-- \/ Yoast SEO plugin. -->","yoast_head_json":{"title":"James Baroud Grand Raid X - BALTIC OVERLANDERS","robots":{"index":"index","follow":"follow","max-snippet":"max-snippet:-1","max-image-preview":"max-image-preview:large","max-video-preview":"max-video-preview:-1"},"canonical":"https:\/\/balticoverlanders.eu\/fi\/tuote\/james-baroud-grand-raid-x\/","og_locale":"fi_FI","og_type":"article","og_title":"James Baroud Grand Raid X - BALTIC OVERLANDERS","og_description":"GRAND RAID X - 360\u00ba n\u00e4kym\u00e4 matkatavaroiden kuljetuslaitteen kanssa.  2 aikuiselle ja 2 lapselle  patjan koko 160 cm x 200 cm  avoin korkeus 100 cm INNOVAATIO, MUKAVUUS, VAHVUUS JA NOPEUS N\u00e4m\u00e4 ovat t\u00e4rkeimm\u00e4t tekij\u00e4t, jotka ovat tehneet James Baroudin kattoteltoista maailmanlaajuisesti tunnettuja.","og_url":"https:\/\/balticoverlanders.eu\/fi\/tuote\/james-baroud-grand-raid-x\/","og_site_name":"BALTIC OVERLANDERS","article_modified_time":"2024-01-31T21:22:03+00:00","og_image":[{"width":1000,"height":667,"url":"https:\/\/balticoverlanders.eu\/wp-content\/uploads\/2023\/03\/ExplorerSTD-White18.png","type":"image\/png"}],"twitter_card":"summary_large_image","twitter_misc":{"Arvioitu lukuaika":"1 minuutti"},"schema":{"@context":"https:\/\/schema.org","@graph":[{"@type":"WebPage","@id":"https:\/\/balticoverlanders.eu\/fi\/tuote\/james-baroud-grand-raid-x\/","url":"https:\/\/balticoverlanders.eu\/fi\/tuote\/james-baroud-grand-raid-x\/","name":"James Baroud Grand Raid X - BALTIC OVERLANDERS","isPartOf":{"@id":"https:\/\/balticoverlanders.eu\/fi\/#website"},"primaryImageOfPage":{"@id":"https:\/\/balticoverlanders.eu\/fi\/tuote\/james-baroud-grand-raid-x\/#primaryimage"},"image":{"@id":"https:\/\/balticoverlanders.eu\/fi\/tuote\/james-baroud-grand-raid-x\/#primaryimage"},"thumbnailUrl":"https:\/\/balticoverlanders.eu\/wp-content\/uploads\/2023\/03\/ExplorerSTD-White18.png","datePublished":"2023-03-12T10:12:45+00:00","dateModified":"2024-01-31T21:22:03+00:00","breadcrumb":{"@id":"https:\/\/balticoverlanders.eu\/fi\/tuote\/james-baroud-grand-raid-x\/#breadcrumb"},"inLanguage":"fi","potentialAction":[{"@type":"ReadAction","target":["https:\/\/balticoverlanders.eu\/fi\/tuote\/james-baroud-grand-raid-x\/"]}]},{"@type":"ImageObject","inLanguage":"fi","@id":"https:\/\/balticoverlanders.eu\/fi\/tuote\/james-baroud-grand-raid-x\/#primaryimage","url":"https:\/\/balticoverlanders.eu\/wp-content\/uploads\/2023\/03\/ExplorerSTD-White18.png","contentUrl":"https:\/\/balticoverlanders.eu\/wp-content\/uploads\/2023\/03\/ExplorerSTD-White18.png","width":1000,"height":667},{"@type":"BreadcrumbList","@id":"https:\/\/balticoverlanders.eu\/fi\/tuote\/james-baroud-grand-raid-x\/#breadcrumb","itemListElement":[{"@type":"ListItem","position":1,"name":"Home","item":"https:\/\/balticoverlanders.eu\/fi\/?page_id=30138"},{"@type":"ListItem","position":2,"name":"Kauppa","item":"https:\/\/balticoverlanders.eu\/fi\/?page_id=30882"},{"@type":"ListItem","position":3,"name":"James Baroud Grand Raid X"}]},{"@type":"WebSite","@id":"https:\/\/balticoverlanders.eu\/fi\/#website","url":"https:\/\/balticoverlanders.eu\/fi\/","name":"BALTIC OVERLANDERS","description":"Your one-stop shop in Latvia, Estonia, and Lithuania for all your car camping, rooftop tent and accessory needs.","potentialAction":[{"@type":"SearchAction","target":{"@type":"EntryPoint","urlTemplate":"https:\/\/balticoverlanders.eu\/fi\/?s={search_term_string}"},"query-input":{"@type":"PropertyValueSpecification","valueRequired":true,"valueName":"search_term_string"}}],"inLanguage":"fi"}]}},"_links":{"self":[{"href":"https:\/\/balticoverlanders.eu\/fi\/wp-json\/wp\/v2\/product\/30700","targetHints":{"allow":["GET"]}}],"collection":[{"href":"https:\/\/balticoverlanders.eu\/fi\/wp-json\/wp\/v2\/product"}],"about":[{"href":"https:\/\/balticoverlanders.eu\/fi\/wp-json\/wp\/v2\/types\/product"}],"wp:featuredmedia":[{"embeddable":true,"href":"https:\/\/balticoverlanders.eu\/fi\/wp-json\/wp\/v2\/media\/6165"}],"wp:attachment":[{"href":"https:\/\/balticoverlanders.eu\/fi\/wp-json\/wp\/v2\/media?parent=30700"}],"wp:term":[{"taxonomy":"product_brand","embeddable":true,"href":"https:\/\/balticoverlanders.eu\/fi\/wp-json\/wp\/v2\/product_brand?post=30700"},{"taxonomy":"product_cat","embeddable":true,"href":"https:\/\/balticoverlanders.eu\/fi\/wp-json\/wp\/v2\/product_cat?post=30700"},{"taxonomy":"product_tag","embeddable":true,"href":"https:\/\/balticoverlanders.eu\/fi\/wp-json\/wp\/v2\/product_tag?post=30700"}],"curies":[{"name":"wp","href":"https:\/\/api.w.org\/{rel}","templated":true}]}}