{"id":39202,"date":"2024-04-05T15:27:43","date_gmt":"2024-04-05T12:27:43","guid":{"rendered":"https:\/\/balticoverlanders.eu\/product\/wild-land-bush-cruiser-120\/"},"modified":"2024-05-06T22:40:32","modified_gmt":"2024-05-06T19:40:32","slug":"wild-land-bush-cruiser-120","status":"publish","type":"product","link":"https:\/\/balticoverlanders.eu\/fi\/tuote\/wild-land-bush-cruiser-120\/","title":{"rendered":"Wild Land Bush Cruiser 120"},"content":{"rendered":"<p><strong>Esittelyss\u00e4 Bush Cruiser: Cruiser Cruiser: Perimm\u00e4inen kovakuorinen kattoteltta<\/strong><\/p>\n<p><strong>Yleiskatsaus:<\/strong><\/p>\n<ul>\n<li>Wild Landin uusin malli, Bush Cruiser, m\u00e4\u00e4rittelee retkeilyn mukavuuden uudelleen innovatiivisella muotoilullaan ja ensiluokkaisilla ominaisuuksillaan.<\/li>\n<li>Se on suunniteltu liikkeell\u00e4 oleville seikkailijoille, ja se tarjoaa vertaansa vailla olevan helppouden asennuksessa ja pakkaamisessa, joten se sopii erinomaisesti niin automatkoille kuin ulkoilijoillekin.<\/li>\n<\/ul>\n<p><strong>T\u00e4rkeimm\u00e4t ominaisuudet:<\/strong><\/p>\n<ul>\n<li>Patentoitu matalaprofiilinen muotoilu, jossa on ainutlaatuinen alumiininen lamellirunko, v\u00e4hent\u00e4\u00e4 painoa, tilaa ja kondensaatiota.<\/li>\n<li>Naarmuuntumaton alumiininen kovakuorinen katto, jossa on integroidut tavaratelineet kajakkien, surffilautojen, lis\u00e4varusteiden ja jopa aurinkopaneelien kuljettamista varten.<\/li>\n<li>Kaasujousiavusteinen avautuminen, sis\u00e4puolelta asennettu suojaamaan s\u00e4\u00e4lt\u00e4.<\/li>\n<li>Nopea 60 sekunnin pystytys ja purkaminen ilman hankalia ikkunapylv\u00e4it\u00e4.<\/li>\n<li>Tilava takaovi ja ylimitoitetut sivuikkunat helpottavat p\u00e4\u00e4sy\u00e4 ja tarjoavat panoraaman\u00e4kym\u00e4t.<\/li>\n<li>Mukana LED-valonauhat y\u00f6valaistusta varten.<\/li>\n<li>Kiinnitet\u00e4\u00e4n helposti kattotelineen poikkitankoihin vakauden ja turvallisuuden takaamiseksi.<\/li>\n<li>Vedenpit\u00e4v\u00e4 teltta, teltan runko ja lattia takaavat kuivan ja mukavan retkeilyn kaikissa s\u00e4\u00e4olosuhteissa.<\/li>\n<li>Alumiinipuristetut sivut tarjoavat kiinnityspisteit\u00e4 lis\u00e4varusteille.<\/li>\n<\/ul>\n<p><strong>Saatavilla olevat mallit:<\/strong><\/p>\n<ul>\n<li>Bush Cruiser on saatavana kahtena leveyten\u00e4: 120 cm ja 140 cm, mik\u00e4 tarjoaa vaihtoehtoja eri ajoneuvoasennuksiin ja leirint\u00e4alueiden mieltymyksiin.<\/li>\n<\/ul>\n<p><strong>Mukana tulevat lis\u00e4varusteet:<\/strong><\/p>\n<ul>\n<li>Jokaisessa Bush Cruiserissa on k\u00e4tev\u00e4t tavaratelineet, kenk\u00e4pussit ja LED-valonauhat, jotka takaavat, ett\u00e4 olet t\u00e4ysin varustautunut ulkoiluseikkailuihin.<\/li>\n<\/ul>\n","protected":false},"excerpt":{"rendered":"<p>Kovakuori kokonaan alumiinista hunajakennoa mustana, suljettu korkeus vain 15 cm ja 18 cm alumiiniprofiililla alla, T-rivi pitk\u00e4ll\u00e4 sivulla lis\u00e4varusteiden kiinnitt\u00e4mist\u00e4 varten, 2 irrotettavaa tankoa lis\u00e4varusteiden yms. kiinnitt\u00e4mist\u00e4 varten, metalliset nauhat teltan sulkemiseksi T\u00e4ydellinen: teleskooppitikkaat 230 cm:n pituuteen asti, asiat, kenk\u00e4taskut, LED-valo sis\u00e4ll\u00e4 valon voimakkuuden s\u00e4\u00e4t\u00e4misell\u00e4 ja virran kytkemisell\u00e4 p\u00e4\u00e4lle\/pois p\u00e4\u00e4lt\u00e4, 2 kpl tankoja irrotettavissa, kiinnityssarja sek\u00e4 ohjeet.<\/p>\n","protected":false},"featured_media":50882,"template":"","meta":[],"product_brand":[],"product_cat":[376,492],"product_tag":[],"class_list":{"0":"post-39202","1":"product","2":"type-product","3":"status-publish","4":"has-post-thumbnail","6":"product_cat-kattoteltat","7":"product_cat-wild-land-fi","9":"first","10":"onbackorder","11":"taxable","12":"shipping-taxable","13":"purchasable","14":"product-type-simple"},"yoast_head":"<!-- This site is optimized with the Yoast SEO plugin v27.3 - https:\/\/yoast.com\/product\/yoast-seo-wordpress\/ -->\n<title>Wild Land Bush Cruiser 120 - BALTIC OVERLANDERS<\/title>\n<meta name=\"description\" content=\"Tutustu kest\u00e4v\u00e4\u00e4n alumiinitelttaamme, Wild Land Bush Cruiseriin, jossa on k\u00e4tevi\u00e4 retkeilytarvikkeita. Yksinkertainen kokoonpano, kompakti, monik\u00e4ytt\u00f6inen.\" \/>\n<meta name=\"robots\" content=\"index, follow, max-snippet:-1, max-image-preview:large, max-video-preview:-1\" \/>\n<link rel=\"canonical\" href=\"https:\/\/balticoverlanders.eu\/fi\/tuote\/wild-land-bush-cruiser-120\/\" \/>\n<meta property=\"og:locale\" content=\"fi_FI\" \/>\n<meta property=\"og:type\" content=\"article\" \/>\n<meta property=\"og:title\" content=\"Wild Land Bush Cruiser 120 - BALTIC OVERLANDERS\" \/>\n<meta property=\"og:description\" content=\"Tutustu kest\u00e4v\u00e4\u00e4n alumiinitelttaamme, Wild Land Bush Cruiseriin, jossa on k\u00e4tevi\u00e4 retkeilytarvikkeita. Yksinkertainen kokoonpano, kompakti, monik\u00e4ytt\u00f6inen.\" \/>\n<meta property=\"og:url\" content=\"https:\/\/balticoverlanders.eu\/fi\/tuote\/wild-land-bush-cruiser-120\/\" \/>\n<meta property=\"og:site_name\" content=\"BALTIC OVERLANDERS\" \/>\n<meta property=\"article:modified_time\" content=\"2024-05-06T19:40:32+00:00\" \/>\n<meta property=\"og:image\" content=\"https:\/\/balticoverlanders.eu\/wp-content\/uploads\/2024\/04\/WhatsApp-Image-2024-04-03-at-8.48.25-AM.jpeg\" \/>\n\t<meta property=\"og:image:width\" content=\"1600\" \/>\n\t<meta property=\"og:image:height\" content=\"1200\" \/>\n\t<meta property=\"og:image:type\" content=\"image\/jpeg\" \/>\n<meta name=\"twitter:card\" content=\"summary_large_image\" \/>\n<meta name=\"twitter:label1\" content=\"Arvioitu lukuaika\" \/>\n\t<meta name=\"twitter:data1\" content=\"1 minuutti\" \/>\n<script type=\"application\/ld+json\" class=\"yoast-schema-graph\">{\"@context\":\"https:\\\/\\\/schema.org\",\"@graph\":[{\"@type\":\"WebPage\",\"@id\":\"https:\\\/\\\/balticoverlanders.eu\\\/fi\\\/tuote\\\/wild-land-bush-cruiser-120\\\/\",\"url\":\"https:\\\/\\\/balticoverlanders.eu\\\/fi\\\/tuote\\\/wild-land-bush-cruiser-120\\\/\",\"name\":\"Wild Land Bush Cruiser 120 - BALTIC OVERLANDERS\",\"isPartOf\":{\"@id\":\"https:\\\/\\\/balticoverlanders.eu\\\/fi\\\/#website\"},\"primaryImageOfPage\":{\"@id\":\"https:\\\/\\\/balticoverlanders.eu\\\/fi\\\/tuote\\\/wild-land-bush-cruiser-120\\\/#primaryimage\"},\"image\":{\"@id\":\"https:\\\/\\\/balticoverlanders.eu\\\/fi\\\/tuote\\\/wild-land-bush-cruiser-120\\\/#primaryimage\"},\"thumbnailUrl\":\"https:\\\/\\\/balticoverlanders.eu\\\/wp-content\\\/uploads\\\/2024\\\/04\\\/Wild-Land-Bush-Cruiser-II-roof-top-tent_006.jpg\",\"datePublished\":\"2024-04-05T12:27:43+00:00\",\"dateModified\":\"2024-05-06T19:40:32+00:00\",\"description\":\"Tutustu kest\u00e4v\u00e4\u00e4n alumiinitelttaamme, Wild Land Bush Cruiseriin, jossa on k\u00e4tevi\u00e4 retkeilytarvikkeita. Yksinkertainen kokoonpano, kompakti, monik\u00e4ytt\u00f6inen.\",\"breadcrumb\":{\"@id\":\"https:\\\/\\\/balticoverlanders.eu\\\/fi\\\/tuote\\\/wild-land-bush-cruiser-120\\\/#breadcrumb\"},\"inLanguage\":\"fi\",\"potentialAction\":[{\"@type\":\"ReadAction\",\"target\":[\"https:\\\/\\\/balticoverlanders.eu\\\/fi\\\/tuote\\\/wild-land-bush-cruiser-120\\\/\"]}]},{\"@type\":\"ImageObject\",\"inLanguage\":\"fi\",\"@id\":\"https:\\\/\\\/balticoverlanders.eu\\\/fi\\\/tuote\\\/wild-land-bush-cruiser-120\\\/#primaryimage\",\"url\":\"https:\\\/\\\/balticoverlanders.eu\\\/wp-content\\\/uploads\\\/2024\\\/04\\\/Wild-Land-Bush-Cruiser-II-roof-top-tent_006.jpg\",\"contentUrl\":\"https:\\\/\\\/balticoverlanders.eu\\\/wp-content\\\/uploads\\\/2024\\\/04\\\/Wild-Land-Bush-Cruiser-II-roof-top-tent_006.jpg\",\"width\":1920,\"height\":1080},{\"@type\":\"BreadcrumbList\",\"@id\":\"https:\\\/\\\/balticoverlanders.eu\\\/fi\\\/tuote\\\/wild-land-bush-cruiser-120\\\/#breadcrumb\",\"itemListElement\":[{\"@type\":\"ListItem\",\"position\":1,\"name\":\"Home\",\"item\":\"https:\\\/\\\/balticoverlanders.eu\\\/fi\\\/?page_id=30138\"},{\"@type\":\"ListItem\",\"position\":2,\"name\":\"Kauppa\",\"item\":\"https:\\\/\\\/balticoverlanders.eu\\\/fi\\\/?page_id=30882\"},{\"@type\":\"ListItem\",\"position\":3,\"name\":\"Wild Land Bush Cruiser 120\"}]},{\"@type\":\"WebSite\",\"@id\":\"https:\\\/\\\/balticoverlanders.eu\\\/fi\\\/#website\",\"url\":\"https:\\\/\\\/balticoverlanders.eu\\\/fi\\\/\",\"name\":\"BALTIC OVERLANDERS\",\"description\":\"Your one-stop shop in Latvia, Estonia, and Lithuania for all your car camping, rooftop tent and accessory needs.\",\"potentialAction\":[{\"@type\":\"SearchAction\",\"target\":{\"@type\":\"EntryPoint\",\"urlTemplate\":\"https:\\\/\\\/balticoverlanders.eu\\\/fi\\\/?s={search_term_string}\"},\"query-input\":{\"@type\":\"PropertyValueSpecification\",\"valueRequired\":true,\"valueName\":\"search_term_string\"}}],\"inLanguage\":\"fi\"}]}<\/script>\n<!-- \/ Yoast SEO plugin. -->","yoast_head_json":{"title":"Wild Land Bush Cruiser 120 - BALTIC OVERLANDERS","description":"Tutustu kest\u00e4v\u00e4\u00e4n alumiinitelttaamme, Wild Land Bush Cruiseriin, jossa on k\u00e4tevi\u00e4 retkeilytarvikkeita. Yksinkertainen kokoonpano, kompakti, monik\u00e4ytt\u00f6inen.","robots":{"index":"index","follow":"follow","max-snippet":"max-snippet:-1","max-image-preview":"max-image-preview:large","max-video-preview":"max-video-preview:-1"},"canonical":"https:\/\/balticoverlanders.eu\/fi\/tuote\/wild-land-bush-cruiser-120\/","og_locale":"fi_FI","og_type":"article","og_title":"Wild Land Bush Cruiser 120 - BALTIC OVERLANDERS","og_description":"Tutustu kest\u00e4v\u00e4\u00e4n alumiinitelttaamme, Wild Land Bush Cruiseriin, jossa on k\u00e4tevi\u00e4 retkeilytarvikkeita. Yksinkertainen kokoonpano, kompakti, monik\u00e4ytt\u00f6inen.","og_url":"https:\/\/balticoverlanders.eu\/fi\/tuote\/wild-land-bush-cruiser-120\/","og_site_name":"BALTIC OVERLANDERS","article_modified_time":"2024-05-06T19:40:32+00:00","og_image":[{"width":1600,"height":1200,"url":"https:\/\/balticoverlanders.eu\/wp-content\/uploads\/2024\/04\/WhatsApp-Image-2024-04-03-at-8.48.25-AM.jpeg","type":"image\/jpeg"}],"twitter_card":"summary_large_image","twitter_misc":{"Arvioitu lukuaika":"1 minuutti"},"schema":{"@context":"https:\/\/schema.org","@graph":[{"@type":"WebPage","@id":"https:\/\/balticoverlanders.eu\/fi\/tuote\/wild-land-bush-cruiser-120\/","url":"https:\/\/balticoverlanders.eu\/fi\/tuote\/wild-land-bush-cruiser-120\/","name":"Wild Land Bush Cruiser 120 - BALTIC OVERLANDERS","isPartOf":{"@id":"https:\/\/balticoverlanders.eu\/fi\/#website"},"primaryImageOfPage":{"@id":"https:\/\/balticoverlanders.eu\/fi\/tuote\/wild-land-bush-cruiser-120\/#primaryimage"},"image":{"@id":"https:\/\/balticoverlanders.eu\/fi\/tuote\/wild-land-bush-cruiser-120\/#primaryimage"},"thumbnailUrl":"https:\/\/balticoverlanders.eu\/wp-content\/uploads\/2024\/04\/Wild-Land-Bush-Cruiser-II-roof-top-tent_006.jpg","datePublished":"2024-04-05T12:27:43+00:00","dateModified":"2024-05-06T19:40:32+00:00","description":"Tutustu kest\u00e4v\u00e4\u00e4n alumiinitelttaamme, Wild Land Bush Cruiseriin, jossa on k\u00e4tevi\u00e4 retkeilytarvikkeita. Yksinkertainen kokoonpano, kompakti, monik\u00e4ytt\u00f6inen.","breadcrumb":{"@id":"https:\/\/balticoverlanders.eu\/fi\/tuote\/wild-land-bush-cruiser-120\/#breadcrumb"},"inLanguage":"fi","potentialAction":[{"@type":"ReadAction","target":["https:\/\/balticoverlanders.eu\/fi\/tuote\/wild-land-bush-cruiser-120\/"]}]},{"@type":"ImageObject","inLanguage":"fi","@id":"https:\/\/balticoverlanders.eu\/fi\/tuote\/wild-land-bush-cruiser-120\/#primaryimage","url":"https:\/\/balticoverlanders.eu\/wp-content\/uploads\/2024\/04\/Wild-Land-Bush-Cruiser-II-roof-top-tent_006.jpg","contentUrl":"https:\/\/balticoverlanders.eu\/wp-content\/uploads\/2024\/04\/Wild-Land-Bush-Cruiser-II-roof-top-tent_006.jpg","width":1920,"height":1080},{"@type":"BreadcrumbList","@id":"https:\/\/balticoverlanders.eu\/fi\/tuote\/wild-land-bush-cruiser-120\/#breadcrumb","itemListElement":[{"@type":"ListItem","position":1,"name":"Home","item":"https:\/\/balticoverlanders.eu\/fi\/?page_id=30138"},{"@type":"ListItem","position":2,"name":"Kauppa","item":"https:\/\/balticoverlanders.eu\/fi\/?page_id=30882"},{"@type":"ListItem","position":3,"name":"Wild Land Bush Cruiser 120"}]},{"@type":"WebSite","@id":"https:\/\/balticoverlanders.eu\/fi\/#website","url":"https:\/\/balticoverlanders.eu\/fi\/","name":"BALTIC OVERLANDERS","description":"Your one-stop shop in Latvia, Estonia, and Lithuania for all your car camping, rooftop tent and accessory needs.","potentialAction":[{"@type":"SearchAction","target":{"@type":"EntryPoint","urlTemplate":"https:\/\/balticoverlanders.eu\/fi\/?s={search_term_string}"},"query-input":{"@type":"PropertyValueSpecification","valueRequired":true,"valueName":"search_term_string"}}],"inLanguage":"fi"}]}},"_links":{"self":[{"href":"https:\/\/balticoverlanders.eu\/fi\/wp-json\/wp\/v2\/product\/39202","targetHints":{"allow":["GET"]}}],"collection":[{"href":"https:\/\/balticoverlanders.eu\/fi\/wp-json\/wp\/v2\/product"}],"about":[{"href":"https:\/\/balticoverlanders.eu\/fi\/wp-json\/wp\/v2\/types\/product"}],"wp:featuredmedia":[{"embeddable":true,"href":"https:\/\/balticoverlanders.eu\/fi\/wp-json\/wp\/v2\/media\/50882"}],"wp:attachment":[{"href":"https:\/\/balticoverlanders.eu\/fi\/wp-json\/wp\/v2\/media?parent=39202"}],"wp:term":[{"taxonomy":"product_brand","embeddable":true,"href":"https:\/\/balticoverlanders.eu\/fi\/wp-json\/wp\/v2\/product_brand?post=39202"},{"taxonomy":"product_cat","embeddable":true,"href":"https:\/\/balticoverlanders.eu\/fi\/wp-json\/wp\/v2\/product_cat?post=39202"},{"taxonomy":"product_tag","embeddable":true,"href":"https:\/\/balticoverlanders.eu\/fi\/wp-json\/wp\/v2\/product_tag?post=39202"}],"curies":[{"name":"wp","href":"https:\/\/api.w.org\/{rel}","templated":true}]}}