{"id":39214,"date":"2024-03-17T13:50:19","date_gmt":"2024-03-17T11:50:19","guid":{"rendered":"https:\/\/balticoverlanders.eu\/product\/wild-land-desert-cruiser-120\/"},"modified":"2024-05-06T22:40:35","modified_gmt":"2024-05-06T19:40:35","slug":"wild-land-desert-cruiser-120","status":"publish","type":"product","link":"https:\/\/balticoverlanders.eu\/fi\/tuote\/wild-land-desert-cruiser-120\/","title":{"rendered":"Wild Land Desert Cruiser 120"},"content":{"rendered":"<p><em>L\u00f6yd\u00e4 kest\u00e4vyyden, muotoilun ja mukavuuden huippu vallankumouksellisessa kattoteltassamme. Teltta on suunniteltu seikkailijoille, jotka vaativat parasta, ja teltta m\u00e4\u00e4rittelee ulkoilmamajoituksen uudelleen.<\/em><\/p>\n<p><strong>Vertaansa vailla olevat ominaisuudet:<\/strong><\/p>\n<ul>\n<li><strong>Poikkeuksellisen ohut muotoilu:<\/strong> Kattoteltta on vain 18 cm paksu, mukaan lukien sen alla olevat vankat alumiiniprofiilit, ja se on ainutlaatuisen kompakti mukavuudesta tinkim\u00e4tt\u00e4.<\/li>\n<li><strong>Monipuoliset s\u00e4ilytysratkaisut:<\/strong> Teltta maksimoi tilank\u00e4yt\u00f6n ja mahdollistaa matkatavaroiden, polkupy\u00f6rien, kajakkien tai jopa aurinkopaneelien k\u00e4tev\u00e4n s\u00e4ilytyksen katolla.<\/li>\n<li><strong>Vaivaton asennus:<\/strong> Teltta avautuu hydraulisen avausj\u00e4rjestelm\u00e4n ansiosta alle minuutissa, mik\u00e4 takaa vaivattoman pystytyksen vaativimmissakin olosuhteissa.<\/li>\n<li><strong>Ylellinen sisustus:<\/strong> Sis\u00e4\u00e4nrakennettu LED-valaistus ja laajat ikkunat luovat ilmavan tunnelman, joka sopii t\u00e4ydellisesti rentoutumiseen seikkailup\u00e4iv\u00e4n j\u00e4lkeen.<\/li>\n<li><strong>S\u00e4\u00e4nkest\u00e4v\u00e4 muotoilu:<\/strong> Pysy kuivana ja viihtyis\u00e4n\u00e4 sadekuurojen aikana: Tiiviit saumat ja strategisesti sijoitetut vetoketjut est\u00e4v\u00e4t veden p\u00e4\u00e4syn sis\u00e4\u00e4n. Innovatiivinen flysheet-verhouskansi johtaa veden pois kuin kouru ja varmistaa, ett\u00e4 sis\u00e4tilat ovat aina kuivat.<\/li>\n<li><strong>Optimoitu ilmanvaihto:<\/strong> Se yll\u00e4pit\u00e4\u00e4 ilmavirtausta ulkoisista olosuhteista riippumatta ja takaa miellytt\u00e4v\u00e4n ilmapiirin teltan sis\u00e4ll\u00e4.<\/li>\n<li><strong>Helppo huolto:<\/strong> Teltan jokainen osa on t\u00e4ysin irrotettavissa, mik\u00e4 mahdollistaa vaivattoman puhdistuksen ja huollon. Lis\u00e4ksi voit nauttia mielenrauhasta kattavan takuun j\u00e4lkeisen huoltopalvelumme ansiosta, joka takaa kest\u00e4v\u00e4n tyytyv\u00e4isyyden.<\/li>\n<\/ul>\n<p><strong>Mukauta kokemuksesi:<\/strong><\/p>\n<ul>\n<li><strong>Lis\u00e4varusteet:<\/strong> Mukana on muun muassa eristeit\u00e4, monipuolisia eteiskattoja, markiiseja ja lis\u00e4varusteita, jotka on suunniteltu t\u00e4ydent\u00e4m\u00e4\u00e4n seikkailuasi.<\/li>\n<\/ul>\n<p>Paranna ulkoilmael\u00e4myst\u00e4si premium-kattoteltallamme &#8211; jossa kest\u00e4vyys, muotoilu ja mukavuus yhdistyv\u00e4t luodaksesi unohtumattomia muistoja avotaivaan alla.<\/p>\n","protected":false},"excerpt":{"rendered":"<p>Top kova kuori kaikki alumiini hunajakenno musta, suljettu korkea vain 15 cm ja 18 cm alumiiniprofiili alla, T-rivi pitk\u00e4ll\u00e4 puolella asentaa lis\u00e4varusteita, 2 irrotettavaa baaria kiinnitt\u00e4\u00e4 lis\u00e4varusteita, jne., metallisalvat sulkea teltta.<\/p>\n<p>Mukana: teleskooppitikkaat 230 cm:n pituuteen asti, asiat, kenk\u00e4taskut, LED-valo sis\u00e4ll\u00e4, jossa on valon voimakkuuden s\u00e4\u00e4t\u00f6 ja virran kytkent\u00e4, 2 kpl irrotettavia tankoja, kiinnityssarja ja ohjeet.<\/p>\n","protected":false},"featured_media":33836,"template":"","meta":[],"product_brand":[],"product_cat":[376,492],"product_tag":[],"class_list":{"0":"post-39214","1":"product","2":"type-product","3":"status-publish","4":"has-post-thumbnail","6":"product_cat-kattoteltat","7":"product_cat-wild-land-fi","9":"first","10":"onbackorder","11":"taxable","12":"shipping-taxable","13":"purchasable","14":"product-type-simple"},"yoast_head":"<!-- This site is optimized with the Yoast SEO plugin v27.3 - https:\/\/yoast.com\/product\/yoast-seo-wordpress\/ -->\n<title>Wild Land Desert Cruiser 120 - BALTIC OVERLANDERS<\/title>\n<meta name=\"description\" content=\"Ensiluokkainen musta alumiininen kovakuorinen kattoteltta, jossa on teleskooppitikkaat, LED-valo, irrotettavat tangot ja kiinnityssarja maastoseikkailuja varten.\" \/>\n<meta name=\"robots\" content=\"index, follow, max-snippet:-1, max-image-preview:large, max-video-preview:-1\" \/>\n<link rel=\"canonical\" href=\"https:\/\/balticoverlanders.eu\/fi\/tuote\/wild-land-desert-cruiser-120\/\" \/>\n<meta property=\"og:locale\" content=\"fi_FI\" \/>\n<meta property=\"og:type\" content=\"article\" \/>\n<meta property=\"og:title\" content=\"Wild Land Desert Cruiser 120 - BALTIC OVERLANDERS\" \/>\n<meta property=\"og:description\" content=\"Ensiluokkainen musta alumiininen kovakuorinen kattoteltta, jossa on teleskooppitikkaat, LED-valo, irrotettavat tangot ja kiinnityssarja maastoseikkailuja varten.\" \/>\n<meta property=\"og:url\" content=\"https:\/\/balticoverlanders.eu\/fi\/tuote\/wild-land-desert-cruiser-120\/\" \/>\n<meta property=\"og:site_name\" content=\"BALTIC OVERLANDERS\" \/>\n<meta property=\"article:modified_time\" content=\"2024-05-06T19:40:35+00:00\" \/>\n<meta property=\"og:image\" content=\"https:\/\/balticoverlanders.eu\/wp-content\/uploads\/2024\/03\/Dolomity-namiot-dachowy-Desert-Cruiser-II-120-rozlozony-na-Volvo-V90-zdjecie-z-tylu-auta-zblizenie-na-bryle-i-jakosc-wykonania.jpg\" \/>\n\t<meta property=\"og:image:width\" content=\"1500\" \/>\n\t<meta property=\"og:image:height\" content=\"1000\" \/>\n\t<meta property=\"og:image:type\" content=\"image\/jpeg\" \/>\n<meta name=\"twitter:card\" content=\"summary_large_image\" \/>\n<meta name=\"twitter:label1\" content=\"Arvioitu lukuaika\" \/>\n\t<meta name=\"twitter:data1\" content=\"1 minuutti\" \/>\n<script type=\"application\/ld+json\" class=\"yoast-schema-graph\">{\"@context\":\"https:\\\/\\\/schema.org\",\"@graph\":[{\"@type\":\"WebPage\",\"@id\":\"https:\\\/\\\/balticoverlanders.eu\\\/fi\\\/tuote\\\/wild-land-desert-cruiser-120\\\/\",\"url\":\"https:\\\/\\\/balticoverlanders.eu\\\/fi\\\/tuote\\\/wild-land-desert-cruiser-120\\\/\",\"name\":\"Wild Land Desert Cruiser 120 - BALTIC OVERLANDERS\",\"isPartOf\":{\"@id\":\"https:\\\/\\\/balticoverlanders.eu\\\/fi\\\/#website\"},\"primaryImageOfPage\":{\"@id\":\"https:\\\/\\\/balticoverlanders.eu\\\/fi\\\/tuote\\\/wild-land-desert-cruiser-120\\\/#primaryimage\"},\"image\":{\"@id\":\"https:\\\/\\\/balticoverlanders.eu\\\/fi\\\/tuote\\\/wild-land-desert-cruiser-120\\\/#primaryimage\"},\"thumbnailUrl\":\"https:\\\/\\\/balticoverlanders.eu\\\/wp-content\\\/uploads\\\/2024\\\/03\\\/Dolomity-namiot-dachowy-Desert-Cruiser-II-120-rozlozony-na-Volvo-V90-zdjecie-z-tylu-auta-zblizenie-na-bryle-i-jakosc-wykonania.jpg\",\"datePublished\":\"2024-03-17T11:50:19+00:00\",\"dateModified\":\"2024-05-06T19:40:35+00:00\",\"description\":\"Ensiluokkainen musta alumiininen kovakuorinen kattoteltta, jossa on teleskooppitikkaat, LED-valo, irrotettavat tangot ja kiinnityssarja maastoseikkailuja varten.\",\"breadcrumb\":{\"@id\":\"https:\\\/\\\/balticoverlanders.eu\\\/fi\\\/tuote\\\/wild-land-desert-cruiser-120\\\/#breadcrumb\"},\"inLanguage\":\"fi\",\"potentialAction\":[{\"@type\":\"ReadAction\",\"target\":[\"https:\\\/\\\/balticoverlanders.eu\\\/fi\\\/tuote\\\/wild-land-desert-cruiser-120\\\/\"]}]},{\"@type\":\"ImageObject\",\"inLanguage\":\"fi\",\"@id\":\"https:\\\/\\\/balticoverlanders.eu\\\/fi\\\/tuote\\\/wild-land-desert-cruiser-120\\\/#primaryimage\",\"url\":\"https:\\\/\\\/balticoverlanders.eu\\\/wp-content\\\/uploads\\\/2024\\\/03\\\/Dolomity-namiot-dachowy-Desert-Cruiser-II-120-rozlozony-na-Volvo-V90-zdjecie-z-tylu-auta-zblizenie-na-bryle-i-jakosc-wykonania.jpg\",\"contentUrl\":\"https:\\\/\\\/balticoverlanders.eu\\\/wp-content\\\/uploads\\\/2024\\\/03\\\/Dolomity-namiot-dachowy-Desert-Cruiser-II-120-rozlozony-na-Volvo-V90-zdjecie-z-tylu-auta-zblizenie-na-bryle-i-jakosc-wykonania.jpg\",\"width\":1500,\"height\":1000},{\"@type\":\"BreadcrumbList\",\"@id\":\"https:\\\/\\\/balticoverlanders.eu\\\/fi\\\/tuote\\\/wild-land-desert-cruiser-120\\\/#breadcrumb\",\"itemListElement\":[{\"@type\":\"ListItem\",\"position\":1,\"name\":\"Home\",\"item\":\"https:\\\/\\\/balticoverlanders.eu\\\/fi\\\/?page_id=30138\"},{\"@type\":\"ListItem\",\"position\":2,\"name\":\"Kauppa\",\"item\":\"https:\\\/\\\/balticoverlanders.eu\\\/fi\\\/?page_id=30882\"},{\"@type\":\"ListItem\",\"position\":3,\"name\":\"Wild Land Desert Cruiser 120\"}]},{\"@type\":\"WebSite\",\"@id\":\"https:\\\/\\\/balticoverlanders.eu\\\/fi\\\/#website\",\"url\":\"https:\\\/\\\/balticoverlanders.eu\\\/fi\\\/\",\"name\":\"BALTIC OVERLANDERS\",\"description\":\"Your one-stop shop in Latvia, Estonia, and Lithuania for all your car camping, rooftop tent and accessory needs.\",\"potentialAction\":[{\"@type\":\"SearchAction\",\"target\":{\"@type\":\"EntryPoint\",\"urlTemplate\":\"https:\\\/\\\/balticoverlanders.eu\\\/fi\\\/?s={search_term_string}\"},\"query-input\":{\"@type\":\"PropertyValueSpecification\",\"valueRequired\":true,\"valueName\":\"search_term_string\"}}],\"inLanguage\":\"fi\"}]}<\/script>\n<!-- \/ Yoast SEO plugin. -->","yoast_head_json":{"title":"Wild Land Desert Cruiser 120 - BALTIC OVERLANDERS","description":"Ensiluokkainen musta alumiininen kovakuorinen kattoteltta, jossa on teleskooppitikkaat, LED-valo, irrotettavat tangot ja kiinnityssarja maastoseikkailuja varten.","robots":{"index":"index","follow":"follow","max-snippet":"max-snippet:-1","max-image-preview":"max-image-preview:large","max-video-preview":"max-video-preview:-1"},"canonical":"https:\/\/balticoverlanders.eu\/fi\/tuote\/wild-land-desert-cruiser-120\/","og_locale":"fi_FI","og_type":"article","og_title":"Wild Land Desert Cruiser 120 - BALTIC OVERLANDERS","og_description":"Ensiluokkainen musta alumiininen kovakuorinen kattoteltta, jossa on teleskooppitikkaat, LED-valo, irrotettavat tangot ja kiinnityssarja maastoseikkailuja varten.","og_url":"https:\/\/balticoverlanders.eu\/fi\/tuote\/wild-land-desert-cruiser-120\/","og_site_name":"BALTIC OVERLANDERS","article_modified_time":"2024-05-06T19:40:35+00:00","og_image":[{"width":1500,"height":1000,"url":"https:\/\/balticoverlanders.eu\/wp-content\/uploads\/2024\/03\/Dolomity-namiot-dachowy-Desert-Cruiser-II-120-rozlozony-na-Volvo-V90-zdjecie-z-tylu-auta-zblizenie-na-bryle-i-jakosc-wykonania.jpg","type":"image\/jpeg"}],"twitter_card":"summary_large_image","twitter_misc":{"Arvioitu lukuaika":"1 minuutti"},"schema":{"@context":"https:\/\/schema.org","@graph":[{"@type":"WebPage","@id":"https:\/\/balticoverlanders.eu\/fi\/tuote\/wild-land-desert-cruiser-120\/","url":"https:\/\/balticoverlanders.eu\/fi\/tuote\/wild-land-desert-cruiser-120\/","name":"Wild Land Desert Cruiser 120 - BALTIC OVERLANDERS","isPartOf":{"@id":"https:\/\/balticoverlanders.eu\/fi\/#website"},"primaryImageOfPage":{"@id":"https:\/\/balticoverlanders.eu\/fi\/tuote\/wild-land-desert-cruiser-120\/#primaryimage"},"image":{"@id":"https:\/\/balticoverlanders.eu\/fi\/tuote\/wild-land-desert-cruiser-120\/#primaryimage"},"thumbnailUrl":"https:\/\/balticoverlanders.eu\/wp-content\/uploads\/2024\/03\/Dolomity-namiot-dachowy-Desert-Cruiser-II-120-rozlozony-na-Volvo-V90-zdjecie-z-tylu-auta-zblizenie-na-bryle-i-jakosc-wykonania.jpg","datePublished":"2024-03-17T11:50:19+00:00","dateModified":"2024-05-06T19:40:35+00:00","description":"Ensiluokkainen musta alumiininen kovakuorinen kattoteltta, jossa on teleskooppitikkaat, LED-valo, irrotettavat tangot ja kiinnityssarja maastoseikkailuja varten.","breadcrumb":{"@id":"https:\/\/balticoverlanders.eu\/fi\/tuote\/wild-land-desert-cruiser-120\/#breadcrumb"},"inLanguage":"fi","potentialAction":[{"@type":"ReadAction","target":["https:\/\/balticoverlanders.eu\/fi\/tuote\/wild-land-desert-cruiser-120\/"]}]},{"@type":"ImageObject","inLanguage":"fi","@id":"https:\/\/balticoverlanders.eu\/fi\/tuote\/wild-land-desert-cruiser-120\/#primaryimage","url":"https:\/\/balticoverlanders.eu\/wp-content\/uploads\/2024\/03\/Dolomity-namiot-dachowy-Desert-Cruiser-II-120-rozlozony-na-Volvo-V90-zdjecie-z-tylu-auta-zblizenie-na-bryle-i-jakosc-wykonania.jpg","contentUrl":"https:\/\/balticoverlanders.eu\/wp-content\/uploads\/2024\/03\/Dolomity-namiot-dachowy-Desert-Cruiser-II-120-rozlozony-na-Volvo-V90-zdjecie-z-tylu-auta-zblizenie-na-bryle-i-jakosc-wykonania.jpg","width":1500,"height":1000},{"@type":"BreadcrumbList","@id":"https:\/\/balticoverlanders.eu\/fi\/tuote\/wild-land-desert-cruiser-120\/#breadcrumb","itemListElement":[{"@type":"ListItem","position":1,"name":"Home","item":"https:\/\/balticoverlanders.eu\/fi\/?page_id=30138"},{"@type":"ListItem","position":2,"name":"Kauppa","item":"https:\/\/balticoverlanders.eu\/fi\/?page_id=30882"},{"@type":"ListItem","position":3,"name":"Wild Land Desert Cruiser 120"}]},{"@type":"WebSite","@id":"https:\/\/balticoverlanders.eu\/fi\/#website","url":"https:\/\/balticoverlanders.eu\/fi\/","name":"BALTIC OVERLANDERS","description":"Your one-stop shop in Latvia, Estonia, and Lithuania for all your car camping, rooftop tent and accessory needs.","potentialAction":[{"@type":"SearchAction","target":{"@type":"EntryPoint","urlTemplate":"https:\/\/balticoverlanders.eu\/fi\/?s={search_term_string}"},"query-input":{"@type":"PropertyValueSpecification","valueRequired":true,"valueName":"search_term_string"}}],"inLanguage":"fi"}]}},"_links":{"self":[{"href":"https:\/\/balticoverlanders.eu\/fi\/wp-json\/wp\/v2\/product\/39214","targetHints":{"allow":["GET"]}}],"collection":[{"href":"https:\/\/balticoverlanders.eu\/fi\/wp-json\/wp\/v2\/product"}],"about":[{"href":"https:\/\/balticoverlanders.eu\/fi\/wp-json\/wp\/v2\/types\/product"}],"wp:featuredmedia":[{"embeddable":true,"href":"https:\/\/balticoverlanders.eu\/fi\/wp-json\/wp\/v2\/media\/33836"}],"wp:attachment":[{"href":"https:\/\/balticoverlanders.eu\/fi\/wp-json\/wp\/v2\/media?parent=39214"}],"wp:term":[{"taxonomy":"product_brand","embeddable":true,"href":"https:\/\/balticoverlanders.eu\/fi\/wp-json\/wp\/v2\/product_brand?post=39214"},{"taxonomy":"product_cat","embeddable":true,"href":"https:\/\/balticoverlanders.eu\/fi\/wp-json\/wp\/v2\/product_cat?post=39214"},{"taxonomy":"product_tag","embeddable":true,"href":"https:\/\/balticoverlanders.eu\/fi\/wp-json\/wp\/v2\/product_tag?post=39214"}],"curies":[{"name":"wp","href":"https:\/\/api.w.org\/{rel}","templated":true}]}}