{"id":39217,"date":"2024-02-19T17:18:28","date_gmt":"2024-02-19T15:18:28","guid":{"rendered":"https:\/\/balticoverlanders.eu\/product\/dometic-go-camp-poydan-sailytyslaukku\/"},"modified":"2024-05-06T22:40:39","modified_gmt":"2024-05-06T19:40:39","slug":"dometic-go-camp-poydan-sailytyslaukku","status":"publish","type":"product","link":"https:\/\/balticoverlanders.eu\/fi\/tuote\/dometic-go-camp-poydan-sailytyslaukku\/","title":{"rendered":"Dometic GO Camp -p\u00f6yd\u00e4n s\u00e4ilytyslaukku"},"content":{"rendered":"<p><strong>Esittelyss\u00e4 Dometic Go Compact -leirip\u00f6yd\u00e4n s\u00e4ilytyspussi<\/strong><\/p>\n<p>Paranna retkeilykokemustasi Dometic Go Compact -leirip\u00f6yd\u00e4n s\u00e4ilytyslaukun avulla. T\u00e4m\u00e4 k\u00e4tev\u00e4ksi ja kest\u00e4v\u00e4ksi suunniteltu s\u00e4ilytyspussi takaa leirip\u00f6yd\u00e4n helpon lastaamisen, purkamisen, s\u00e4ilytt\u00e4misen ja kuljettamisen. Se on valmistettu raskaasta 600D-kankaasta, joka suojaa p\u00f6yd\u00e4n bambupintaa erinomaisesti ja takaa sen pitk\u00e4ik\u00e4isyyden my\u00f6s ankarissa ulko-olosuhteissa.<\/p>\n<p><strong>T\u00e4rkeimm\u00e4t ominaisuudet:<\/strong><\/p>\n<ul>\n<li><strong>Helppokulkuinen muotoilu:<\/strong> Kahden sis\u00e4\u00e4nrakennetun kantokahvan ja s\u00e4\u00e4dett\u00e4v\u00e4n olkahihnan ansiosta leirip\u00f6yd\u00e4n kuljettaminen ei ole koskaan ollut helpompaa. T\u00e4m\u00e4 laukku helpottaa prosessia riippumatta siit\u00e4, siirr\u00e4tk\u00f6 sen ajoneuvosta leirint\u00e4alueelle vai s\u00e4ilyt\u00e4tk\u00f6 sit\u00e4 yksinkertaisesti, t\u00e4m\u00e4 laukku helpottaa prosessia.<\/li>\n<li><strong>Kest\u00e4v\u00e4 rakenne:<\/strong> T\u00e4m\u00e4 pehmustetusta 600D-kankaasta valmistettu s\u00e4ilytyspussi on rakennettu kest\u00e4m\u00e4\u00e4n ulkoseikkailuja. Se tarjoaa ylim\u00e4\u00e4r\u00e4isen suojakerroksen, joka suojaa p\u00f6yd\u00e4n pintaa naarmuilta, kolhuilta ja muilta mahdollisilta vaurioilta.<\/li>\n<li><strong>Monipuolinen yhteensopivuus:<\/strong> T\u00e4m\u00e4 s\u00e4ilytyspussi on suunniteltu erityisesti Dometic Go collection -leirip\u00f6ytien kanssa k\u00e4ytett\u00e4v\u00e4ksi, ja se takaa t\u00e4ydellisen istuvuuden ja saumattoman integroinnin olemassa oleviin ulkoiluv\u00e4lineisiisi.<\/li>\n<li><strong>Parannettu suojaus:<\/strong> Pehmustettu muotoilu ei ainoastaan suojaa p\u00f6yt\u00e4\u00e4si kuljetuksen aikana, vaan se my\u00f6s lis\u00e4\u00e4 pehmustekerroksen, mik\u00e4 varmistaa, ett\u00e4 p\u00f6yt\u00e4si pysyy koskemattomassa kunnossa matkasta toiseen.<\/li>\n<li><strong>K\u00e4tev\u00e4 s\u00e4ilytys:<\/strong> N\u00e4in s\u00e4\u00e4st\u00e4t arvokasta tilaa retkeilyvarusteiden s\u00e4ilytystilassa tai ajoneuvossa.<\/li>\n<li><strong>Tyylik\u00e4s ja toimiva:<\/strong> T\u00e4m\u00e4 s\u00e4ilytyspussi on tyylik\u00e4s muotoilu ja laadukkaat materiaalit, joten se on k\u00e4yt\u00e4nn\u00f6llinen ja tuo my\u00f6s tyylikkyytt\u00e4 ulkotiloihin.<\/li>\n<li><strong>Osa Dometic Go -mallistoa:<\/strong> T\u00e4m\u00e4 s\u00e4ilytyspussi on suunniteltu t\u00e4ydent\u00e4m\u00e4\u00e4n muita Dometic Go -malliston tuotteita, ja se integroituu saumattomasti retkeilykokonaisuuteen tarjoten yhten\u00e4isen ja hyvin koordinoidun ulkoilukokemuksen.<\/li>\n<\/ul>\n<p>P\u00e4ivit\u00e4 retkeilyvarusteesi Dometic Go Compact -leirip\u00f6yd\u00e4n s\u00e4ilytyslaukulla ja nauti sen tuomasta k\u00e4tevyydest\u00e4, suojasta ja tyylist\u00e4 ulkoiluseikkailuihisi.<\/p>\n","protected":false},"excerpt":{"rendered":"<p>P\u00f6yd\u00e4n s\u00e4ilytyslaukkumme tekee leirip\u00f6yd\u00e4n lastaamisesta, purkamisesta, s\u00e4ilytt\u00e4misest\u00e4 ja kuljettamisesta helppoa. Se on valmistettu raskaasta 600D-kankaasta, ja se on pehmustettu suojaamaan p\u00f6yd\u00e4n bambupintaa. Laukussa on kaksi sis\u00e4\u00e4nrakennettua kantokahvaa ja s\u00e4\u00e4dett\u00e4v\u00e4 olkahihna.<\/p>\n","protected":false},"featured_media":31536,"template":"","meta":[],"product_brand":[],"product_cat":[504,505],"product_tag":[],"class_list":{"0":"post-39217","1":"product","2":"type-product","3":"status-publish","4":"has-post-thumbnail","6":"product_cat-dometic-fi","7":"product_cat-leirintapoyta","9":"first","10":"onbackorder","11":"taxable","12":"shipping-taxable","13":"purchasable","14":"product-type-simple"},"yoast_head":"<!-- This site is optimized with the Yoast SEO plugin v27.3 - https:\/\/yoast.com\/product\/yoast-seo-wordpress\/ -->\n<title>Dometic GO Camp -p\u00f6yd\u00e4n s\u00e4ilytyslaukku - BALTIC OVERLANDERS<\/title>\n<meta name=\"description\" content=\"K\u00e4tev\u00e4 p\u00f6yd\u00e4n s\u00e4ilytyslaukku, jossa on pehmustettu suoja, sis\u00e4\u00e4nrakennetut kahvat ja s\u00e4\u00e4dett\u00e4v\u00e4 olkahihna helppoa kuljetusta varten. Kest\u00e4v\u00e4 600D-kangasrakenne.\" \/>\n<meta name=\"robots\" content=\"index, follow, max-snippet:-1, max-image-preview:large, max-video-preview:-1\" \/>\n<link rel=\"canonical\" href=\"https:\/\/balticoverlanders.eu\/fi\/tuote\/dometic-go-camp-poydan-sailytyslaukku\/\" \/>\n<meta property=\"og:locale\" content=\"fi_FI\" \/>\n<meta property=\"og:type\" content=\"article\" \/>\n<meta property=\"og:title\" content=\"Dometic GO Camp -p\u00f6yd\u00e4n s\u00e4ilytyslaukku - BALTIC OVERLANDERS\" \/>\n<meta property=\"og:description\" content=\"K\u00e4tev\u00e4 p\u00f6yd\u00e4n s\u00e4ilytyslaukku, jossa on pehmustettu suoja, sis\u00e4\u00e4nrakennetut kahvat ja s\u00e4\u00e4dett\u00e4v\u00e4 olkahihna helppoa kuljetusta varten. Kest\u00e4v\u00e4 600D-kangasrakenne.\" \/>\n<meta property=\"og:url\" content=\"https:\/\/balticoverlanders.eu\/fi\/tuote\/dometic-go-camp-poydan-sailytyslaukku\/\" \/>\n<meta property=\"og:site_name\" content=\"BALTIC OVERLANDERS\" \/>\n<meta property=\"article:modified_time\" content=\"2024-05-06T19:40:39+00:00\" \/>\n<meta property=\"og:image\" content=\"https:\/\/balticoverlanders.eu\/wp-content\/uploads\/2024\/02\/tbra042_1.jpg\" \/>\n\t<meta property=\"og:image:width\" content=\"1024\" \/>\n\t<meta property=\"og:image:height\" content=\"768\" \/>\n\t<meta property=\"og:image:type\" content=\"image\/jpeg\" \/>\n<meta name=\"twitter:card\" content=\"summary_large_image\" \/>\n<meta name=\"twitter:label1\" content=\"Arvioitu lukuaika\" \/>\n\t<meta name=\"twitter:data1\" content=\"2 minuuttia\" \/>\n<script type=\"application\/ld+json\" class=\"yoast-schema-graph\">{\"@context\":\"https:\\\/\\\/schema.org\",\"@graph\":[{\"@type\":\"WebPage\",\"@id\":\"https:\\\/\\\/balticoverlanders.eu\\\/fi\\\/tuote\\\/dometic-go-camp-poydan-sailytyslaukku\\\/\",\"url\":\"https:\\\/\\\/balticoverlanders.eu\\\/fi\\\/tuote\\\/dometic-go-camp-poydan-sailytyslaukku\\\/\",\"name\":\"Dometic GO Camp -p\u00f6yd\u00e4n s\u00e4ilytyslaukku - BALTIC OVERLANDERS\",\"isPartOf\":{\"@id\":\"https:\\\/\\\/balticoverlanders.eu\\\/fi\\\/#website\"},\"primaryImageOfPage\":{\"@id\":\"https:\\\/\\\/balticoverlanders.eu\\\/fi\\\/tuote\\\/dometic-go-camp-poydan-sailytyslaukku\\\/#primaryimage\"},\"image\":{\"@id\":\"https:\\\/\\\/balticoverlanders.eu\\\/fi\\\/tuote\\\/dometic-go-camp-poydan-sailytyslaukku\\\/#primaryimage\"},\"thumbnailUrl\":\"https:\\\/\\\/balticoverlanders.eu\\\/wp-content\\\/uploads\\\/2024\\\/02\\\/tbra042_1.jpg\",\"datePublished\":\"2024-02-19T15:18:28+00:00\",\"dateModified\":\"2024-05-06T19:40:39+00:00\",\"description\":\"K\u00e4tev\u00e4 p\u00f6yd\u00e4n s\u00e4ilytyslaukku, jossa on pehmustettu suoja, sis\u00e4\u00e4nrakennetut kahvat ja s\u00e4\u00e4dett\u00e4v\u00e4 olkahihna helppoa kuljetusta varten. Kest\u00e4v\u00e4 600D-kangasrakenne.\",\"breadcrumb\":{\"@id\":\"https:\\\/\\\/balticoverlanders.eu\\\/fi\\\/tuote\\\/dometic-go-camp-poydan-sailytyslaukku\\\/#breadcrumb\"},\"inLanguage\":\"fi\",\"potentialAction\":[{\"@type\":\"ReadAction\",\"target\":[\"https:\\\/\\\/balticoverlanders.eu\\\/fi\\\/tuote\\\/dometic-go-camp-poydan-sailytyslaukku\\\/\"]}]},{\"@type\":\"ImageObject\",\"inLanguage\":\"fi\",\"@id\":\"https:\\\/\\\/balticoverlanders.eu\\\/fi\\\/tuote\\\/dometic-go-camp-poydan-sailytyslaukku\\\/#primaryimage\",\"url\":\"https:\\\/\\\/balticoverlanders.eu\\\/wp-content\\\/uploads\\\/2024\\\/02\\\/tbra042_1.jpg\",\"contentUrl\":\"https:\\\/\\\/balticoverlanders.eu\\\/wp-content\\\/uploads\\\/2024\\\/02\\\/tbra042_1.jpg\",\"width\":1024,\"height\":768},{\"@type\":\"BreadcrumbList\",\"@id\":\"https:\\\/\\\/balticoverlanders.eu\\\/fi\\\/tuote\\\/dometic-go-camp-poydan-sailytyslaukku\\\/#breadcrumb\",\"itemListElement\":[{\"@type\":\"ListItem\",\"position\":1,\"name\":\"Home\",\"item\":\"https:\\\/\\\/balticoverlanders.eu\\\/fi\\\/?page_id=30138\"},{\"@type\":\"ListItem\",\"position\":2,\"name\":\"Kauppa\",\"item\":\"https:\\\/\\\/balticoverlanders.eu\\\/fi\\\/?page_id=30882\"},{\"@type\":\"ListItem\",\"position\":3,\"name\":\"Dometic GO Camp -p\u00f6yd\u00e4n s\u00e4ilytyslaukku\"}]},{\"@type\":\"WebSite\",\"@id\":\"https:\\\/\\\/balticoverlanders.eu\\\/fi\\\/#website\",\"url\":\"https:\\\/\\\/balticoverlanders.eu\\\/fi\\\/\",\"name\":\"BALTIC OVERLANDERS\",\"description\":\"Your one-stop shop in Latvia, Estonia, and Lithuania for all your car camping, rooftop tent and accessory needs.\",\"potentialAction\":[{\"@type\":\"SearchAction\",\"target\":{\"@type\":\"EntryPoint\",\"urlTemplate\":\"https:\\\/\\\/balticoverlanders.eu\\\/fi\\\/?s={search_term_string}\"},\"query-input\":{\"@type\":\"PropertyValueSpecification\",\"valueRequired\":true,\"valueName\":\"search_term_string\"}}],\"inLanguage\":\"fi\"}]}<\/script>\n<!-- \/ Yoast SEO plugin. -->","yoast_head_json":{"title":"Dometic GO Camp -p\u00f6yd\u00e4n s\u00e4ilytyslaukku - BALTIC OVERLANDERS","description":"K\u00e4tev\u00e4 p\u00f6yd\u00e4n s\u00e4ilytyslaukku, jossa on pehmustettu suoja, sis\u00e4\u00e4nrakennetut kahvat ja s\u00e4\u00e4dett\u00e4v\u00e4 olkahihna helppoa kuljetusta varten. Kest\u00e4v\u00e4 600D-kangasrakenne.","robots":{"index":"index","follow":"follow","max-snippet":"max-snippet:-1","max-image-preview":"max-image-preview:large","max-video-preview":"max-video-preview:-1"},"canonical":"https:\/\/balticoverlanders.eu\/fi\/tuote\/dometic-go-camp-poydan-sailytyslaukku\/","og_locale":"fi_FI","og_type":"article","og_title":"Dometic GO Camp -p\u00f6yd\u00e4n s\u00e4ilytyslaukku - BALTIC OVERLANDERS","og_description":"K\u00e4tev\u00e4 p\u00f6yd\u00e4n s\u00e4ilytyslaukku, jossa on pehmustettu suoja, sis\u00e4\u00e4nrakennetut kahvat ja s\u00e4\u00e4dett\u00e4v\u00e4 olkahihna helppoa kuljetusta varten. Kest\u00e4v\u00e4 600D-kangasrakenne.","og_url":"https:\/\/balticoverlanders.eu\/fi\/tuote\/dometic-go-camp-poydan-sailytyslaukku\/","og_site_name":"BALTIC OVERLANDERS","article_modified_time":"2024-05-06T19:40:39+00:00","og_image":[{"width":1024,"height":768,"url":"https:\/\/balticoverlanders.eu\/wp-content\/uploads\/2024\/02\/tbra042_1.jpg","type":"image\/jpeg"}],"twitter_card":"summary_large_image","twitter_misc":{"Arvioitu lukuaika":"2 minuuttia"},"schema":{"@context":"https:\/\/schema.org","@graph":[{"@type":"WebPage","@id":"https:\/\/balticoverlanders.eu\/fi\/tuote\/dometic-go-camp-poydan-sailytyslaukku\/","url":"https:\/\/balticoverlanders.eu\/fi\/tuote\/dometic-go-camp-poydan-sailytyslaukku\/","name":"Dometic GO Camp -p\u00f6yd\u00e4n s\u00e4ilytyslaukku - BALTIC OVERLANDERS","isPartOf":{"@id":"https:\/\/balticoverlanders.eu\/fi\/#website"},"primaryImageOfPage":{"@id":"https:\/\/balticoverlanders.eu\/fi\/tuote\/dometic-go-camp-poydan-sailytyslaukku\/#primaryimage"},"image":{"@id":"https:\/\/balticoverlanders.eu\/fi\/tuote\/dometic-go-camp-poydan-sailytyslaukku\/#primaryimage"},"thumbnailUrl":"https:\/\/balticoverlanders.eu\/wp-content\/uploads\/2024\/02\/tbra042_1.jpg","datePublished":"2024-02-19T15:18:28+00:00","dateModified":"2024-05-06T19:40:39+00:00","description":"K\u00e4tev\u00e4 p\u00f6yd\u00e4n s\u00e4ilytyslaukku, jossa on pehmustettu suoja, sis\u00e4\u00e4nrakennetut kahvat ja s\u00e4\u00e4dett\u00e4v\u00e4 olkahihna helppoa kuljetusta varten. Kest\u00e4v\u00e4 600D-kangasrakenne.","breadcrumb":{"@id":"https:\/\/balticoverlanders.eu\/fi\/tuote\/dometic-go-camp-poydan-sailytyslaukku\/#breadcrumb"},"inLanguage":"fi","potentialAction":[{"@type":"ReadAction","target":["https:\/\/balticoverlanders.eu\/fi\/tuote\/dometic-go-camp-poydan-sailytyslaukku\/"]}]},{"@type":"ImageObject","inLanguage":"fi","@id":"https:\/\/balticoverlanders.eu\/fi\/tuote\/dometic-go-camp-poydan-sailytyslaukku\/#primaryimage","url":"https:\/\/balticoverlanders.eu\/wp-content\/uploads\/2024\/02\/tbra042_1.jpg","contentUrl":"https:\/\/balticoverlanders.eu\/wp-content\/uploads\/2024\/02\/tbra042_1.jpg","width":1024,"height":768},{"@type":"BreadcrumbList","@id":"https:\/\/balticoverlanders.eu\/fi\/tuote\/dometic-go-camp-poydan-sailytyslaukku\/#breadcrumb","itemListElement":[{"@type":"ListItem","position":1,"name":"Home","item":"https:\/\/balticoverlanders.eu\/fi\/?page_id=30138"},{"@type":"ListItem","position":2,"name":"Kauppa","item":"https:\/\/balticoverlanders.eu\/fi\/?page_id=30882"},{"@type":"ListItem","position":3,"name":"Dometic GO Camp -p\u00f6yd\u00e4n s\u00e4ilytyslaukku"}]},{"@type":"WebSite","@id":"https:\/\/balticoverlanders.eu\/fi\/#website","url":"https:\/\/balticoverlanders.eu\/fi\/","name":"BALTIC OVERLANDERS","description":"Your one-stop shop in Latvia, Estonia, and Lithuania for all your car camping, rooftop tent and accessory needs.","potentialAction":[{"@type":"SearchAction","target":{"@type":"EntryPoint","urlTemplate":"https:\/\/balticoverlanders.eu\/fi\/?s={search_term_string}"},"query-input":{"@type":"PropertyValueSpecification","valueRequired":true,"valueName":"search_term_string"}}],"inLanguage":"fi"}]}},"_links":{"self":[{"href":"https:\/\/balticoverlanders.eu\/fi\/wp-json\/wp\/v2\/product\/39217","targetHints":{"allow":["GET"]}}],"collection":[{"href":"https:\/\/balticoverlanders.eu\/fi\/wp-json\/wp\/v2\/product"}],"about":[{"href":"https:\/\/balticoverlanders.eu\/fi\/wp-json\/wp\/v2\/types\/product"}],"wp:featuredmedia":[{"embeddable":true,"href":"https:\/\/balticoverlanders.eu\/fi\/wp-json\/wp\/v2\/media\/31536"}],"wp:attachment":[{"href":"https:\/\/balticoverlanders.eu\/fi\/wp-json\/wp\/v2\/media?parent=39217"}],"wp:term":[{"taxonomy":"product_brand","embeddable":true,"href":"https:\/\/balticoverlanders.eu\/fi\/wp-json\/wp\/v2\/product_brand?post=39217"},{"taxonomy":"product_cat","embeddable":true,"href":"https:\/\/balticoverlanders.eu\/fi\/wp-json\/wp\/v2\/product_cat?post=39217"},{"taxonomy":"product_tag","embeddable":true,"href":"https:\/\/balticoverlanders.eu\/fi\/wp-json\/wp\/v2\/product_tag?post=39217"}],"curies":[{"name":"wp","href":"https:\/\/api.w.org\/{rel}","templated":true}]}}