{"id":39227,"date":"2024-02-19T17:11:40","date_gmt":"2024-02-19T15:11:40","guid":{"rendered":"https:\/\/balticoverlanders.eu\/product\/dometic-go-compact-leiripoyta\/"},"modified":"2024-05-06T22:40:47","modified_gmt":"2024-05-06T19:40:47","slug":"dometic-go-compact-leiripoyta","status":"publish","type":"product","link":"https:\/\/balticoverlanders.eu\/fi\/tuote\/dometic-go-compact-leiripoyta\/","title":{"rendered":"Dometic GO Compact -leirip\u00f6yt\u00e4"},"content":{"rendered":"<p><strong>Esittelyss\u00e4 Dometic Go Compact -leirip\u00f6yt\u00e4 \/ Bambu<\/strong><\/p>\n<p>Koe Dometic Go Compact Camp Table -leirip\u00f6yd\u00e4n mukavuus ja monipuolisuus. Se on muotoiltu ainutlaatuisella muotoilulla, joka parantaa ulkoilmaseikkailujasi. T\u00e4ss\u00e4 innovatiivisessa p\u00f6yd\u00e4ss\u00e4 on kest\u00e4v\u00e4t pintamateriaalit ja vankka rakenne, joka tarjoaa luotettavuutta matkoillasi. Tilaa s\u00e4\u00e4st\u00e4v\u00e4n kokoontaitettavan rakenteensa ansiosta sen kuljettaminen on vaivatonta, joten se on olennainen kumppani retkeilyyn, piknikille ja muuallekin.<\/p>\n<p><strong>T\u00e4rkeimm\u00e4t ominaisuudet:<\/strong><\/p>\n<ul>\n<li><strong>S\u00e4\u00e4dett\u00e4v\u00e4 korkeus:<\/strong> Se sopii erilaisiin tarpeisiin, kuten sohvap\u00f6yd\u00e4n, lasten p\u00f6yd\u00e4n ja ruokailu-\/ruokap\u00f6yd\u00e4n tarpeisiin.<\/li>\n<li><strong>Runsaat istumapaikat:<\/strong> T\u00e4ydellinen aterioiden nauttimiseen tai aktiviteettien pariin kokoontumiseen.<\/li>\n<li><strong>Optimoitu mukavuus:<\/strong> Se takaa vakauden ja maksimoi k\u00e4ytt\u00f6mukavuuden.<\/li>\n<li><strong>Kompakti siirrett\u00e4vyys:<\/strong> Taittuu puoleen ajoneuvon tavaratilan leveydest\u00e4, mik\u00e4 mahdollistaa vaivattoman kuljetuksen ja s\u00e4ilytyksen.<\/li>\n<li><strong>Ensiluokkaiset materiaalit:<\/strong> Se tarjoaa sek\u00e4 tyyli\u00e4 ett\u00e4 kest\u00e4vyytt\u00e4 ulkoseikkailuihin.<\/li>\n<li><strong>Integroitu kantokahva:<\/strong> Helpottaa kuljetusta paikasta toiseen ja lis\u00e4\u00e4 mukavuutta matkalla.<\/li>\n<li><strong>Yhteensopivuus:<\/strong> Osa Dometic Go -mallistoa, joka integroituu saumattomasti muihin tuotteisiin t\u00e4ydellisen ulkoilmakokemuksen tarjoamiseksi.<\/li>\n<\/ul>\n<p><strong>Paranna ulkoilukokemustasi Dometic Go:<\/strong><\/p>\n<p>Dometic Go Compact Camp Table -leirip\u00f6yd\u00e4n avulla voit vapauttaa koko potentiaalin ulkoilureissuistasi. Olitpa sitten retkeilem\u00e4ss\u00e4 er\u00e4maassa tai nauttimassa piknikist\u00e4 puistossa, t\u00e4m\u00e4 monipuolinen p\u00f6yt\u00e4 takaa mukavuuden, helppouden ja tyylin. Nosta seikkailujasi Dometic Go &#8211; luotettava kumppanisi kaikkiin ulkoilutarpeisiisi.<\/p>\n<p><a href=\"https:\/\/balticoverlanders.eu\/product\/dometic-go-camp-table-storage-bag\/\"><em>Kantolaukku myyd\u00e4\u00e4n erikseen.<\/em><\/a><\/p>\n","protected":false},"excerpt":{"rendered":"<p>Dometicin CMP T4 -p\u00f6yd\u00e4ss\u00e4 on joustava bambupinta ja tukevat alumiinijalat, jotka taittuvat alas niin, ett\u00e4 ne mahtuvat puolet tavaratilan leveydest\u00e4, ja ne on helppo kuljettaa. Valitse kolmesta eri korkeudesta useisiin k\u00e4ytt\u00f6tarkoituksiin ulkotiloissa.<\/p>\n","protected":false},"featured_media":31486,"template":"","meta":[],"product_brand":[],"product_cat":[504,505],"product_tag":[],"class_list":{"0":"post-39227","1":"product","2":"type-product","3":"status-publish","4":"has-post-thumbnail","6":"product_cat-dometic-fi","7":"product_cat-leirintapoyta","9":"first","10":"onbackorder","11":"taxable","12":"shipping-taxable","13":"purchasable","14":"product-type-simple"},"yoast_head":"<!-- This site is optimized with the Yoast SEO plugin v27.3 - https:\/\/yoast.com\/product\/yoast-seo-wordpress\/ -->\n<title>Dometic GO Compact -leirip\u00f6yt\u00e4 - BALTIC OVERLANDERS<\/title>\n<meta name=\"description\" content=\"Dometic CMP T4 -p\u00f6yt\u00e4: Kannettava, kest\u00e4v\u00e4 bambupinta taittuvilla alumiinijaloilla, joka tarjoaa monipuolisuutta ja mukavuutta ulkoiluun.\" \/>\n<meta name=\"robots\" content=\"index, follow, max-snippet:-1, max-image-preview:large, max-video-preview:-1\" \/>\n<link rel=\"canonical\" href=\"https:\/\/balticoverlanders.eu\/fi\/tuote\/dometic-go-compact-leiripoyta\/\" \/>\n<meta property=\"og:locale\" content=\"fi_FI\" \/>\n<meta property=\"og:type\" content=\"article\" \/>\n<meta property=\"og:title\" content=\"Dometic GO Compact -leirip\u00f6yt\u00e4 - BALTIC OVERLANDERS\" \/>\n<meta property=\"og:description\" content=\"Dometic CMP T4 -p\u00f6yt\u00e4: Kannettava, kest\u00e4v\u00e4 bambupinta taittuvilla alumiinijaloilla, joka tarjoaa monipuolisuutta ja mukavuutta ulkoiluun.\" \/>\n<meta property=\"og:url\" content=\"https:\/\/balticoverlanders.eu\/fi\/tuote\/dometic-go-compact-leiripoyta\/\" \/>\n<meta property=\"og:site_name\" content=\"BALTIC OVERLANDERS\" \/>\n<meta property=\"article:modified_time\" content=\"2024-05-06T19:40:47+00:00\" \/>\n<meta property=\"og:image\" content=\"https:\/\/balticoverlanders.eu\/wp-content\/uploads\/2024\/02\/tbra041_1.jpg\" \/>\n\t<meta property=\"og:image:width\" content=\"1024\" \/>\n\t<meta property=\"og:image:height\" content=\"768\" \/>\n\t<meta property=\"og:image:type\" content=\"image\/jpeg\" \/>\n<meta name=\"twitter:card\" content=\"summary_large_image\" \/>\n<meta name=\"twitter:label1\" content=\"Arvioitu lukuaika\" \/>\n\t<meta name=\"twitter:data1\" content=\"1 minuutti\" \/>\n<script type=\"application\/ld+json\" class=\"yoast-schema-graph\">{\"@context\":\"https:\\\/\\\/schema.org\",\"@graph\":[{\"@type\":\"WebPage\",\"@id\":\"https:\\\/\\\/balticoverlanders.eu\\\/fi\\\/tuote\\\/dometic-go-compact-leiripoyta\\\/\",\"url\":\"https:\\\/\\\/balticoverlanders.eu\\\/fi\\\/tuote\\\/dometic-go-compact-leiripoyta\\\/\",\"name\":\"Dometic GO Compact -leirip\u00f6yt\u00e4 - BALTIC OVERLANDERS\",\"isPartOf\":{\"@id\":\"https:\\\/\\\/balticoverlanders.eu\\\/fi\\\/#website\"},\"primaryImageOfPage\":{\"@id\":\"https:\\\/\\\/balticoverlanders.eu\\\/fi\\\/tuote\\\/dometic-go-compact-leiripoyta\\\/#primaryimage\"},\"image\":{\"@id\":\"https:\\\/\\\/balticoverlanders.eu\\\/fi\\\/tuote\\\/dometic-go-compact-leiripoyta\\\/#primaryimage\"},\"thumbnailUrl\":\"https:\\\/\\\/balticoverlanders.eu\\\/wp-content\\\/uploads\\\/2024\\\/02\\\/tbra041_1.jpg\",\"datePublished\":\"2024-02-19T15:11:40+00:00\",\"dateModified\":\"2024-05-06T19:40:47+00:00\",\"description\":\"Dometic CMP T4 -p\u00f6yt\u00e4: Kannettava, kest\u00e4v\u00e4 bambupinta taittuvilla alumiinijaloilla, joka tarjoaa monipuolisuutta ja mukavuutta ulkoiluun.\",\"breadcrumb\":{\"@id\":\"https:\\\/\\\/balticoverlanders.eu\\\/fi\\\/tuote\\\/dometic-go-compact-leiripoyta\\\/#breadcrumb\"},\"inLanguage\":\"fi\",\"potentialAction\":[{\"@type\":\"ReadAction\",\"target\":[\"https:\\\/\\\/balticoverlanders.eu\\\/fi\\\/tuote\\\/dometic-go-compact-leiripoyta\\\/\"]}]},{\"@type\":\"ImageObject\",\"inLanguage\":\"fi\",\"@id\":\"https:\\\/\\\/balticoverlanders.eu\\\/fi\\\/tuote\\\/dometic-go-compact-leiripoyta\\\/#primaryimage\",\"url\":\"https:\\\/\\\/balticoverlanders.eu\\\/wp-content\\\/uploads\\\/2024\\\/02\\\/tbra041_1.jpg\",\"contentUrl\":\"https:\\\/\\\/balticoverlanders.eu\\\/wp-content\\\/uploads\\\/2024\\\/02\\\/tbra041_1.jpg\",\"width\":1024,\"height\":768},{\"@type\":\"BreadcrumbList\",\"@id\":\"https:\\\/\\\/balticoverlanders.eu\\\/fi\\\/tuote\\\/dometic-go-compact-leiripoyta\\\/#breadcrumb\",\"itemListElement\":[{\"@type\":\"ListItem\",\"position\":1,\"name\":\"Home\",\"item\":\"https:\\\/\\\/balticoverlanders.eu\\\/fi\\\/?page_id=30138\"},{\"@type\":\"ListItem\",\"position\":2,\"name\":\"Kauppa\",\"item\":\"https:\\\/\\\/balticoverlanders.eu\\\/fi\\\/?page_id=30882\"},{\"@type\":\"ListItem\",\"position\":3,\"name\":\"Dometic GO Compact -leirip\u00f6yt\u00e4\"}]},{\"@type\":\"WebSite\",\"@id\":\"https:\\\/\\\/balticoverlanders.eu\\\/fi\\\/#website\",\"url\":\"https:\\\/\\\/balticoverlanders.eu\\\/fi\\\/\",\"name\":\"BALTIC OVERLANDERS\",\"description\":\"Your one-stop shop in Latvia, Estonia, and Lithuania for all your car camping, rooftop tent and accessory needs.\",\"potentialAction\":[{\"@type\":\"SearchAction\",\"target\":{\"@type\":\"EntryPoint\",\"urlTemplate\":\"https:\\\/\\\/balticoverlanders.eu\\\/fi\\\/?s={search_term_string}\"},\"query-input\":{\"@type\":\"PropertyValueSpecification\",\"valueRequired\":true,\"valueName\":\"search_term_string\"}}],\"inLanguage\":\"fi\"}]}<\/script>\n<!-- \/ Yoast SEO plugin. -->","yoast_head_json":{"title":"Dometic GO Compact -leirip\u00f6yt\u00e4 - BALTIC OVERLANDERS","description":"Dometic CMP T4 -p\u00f6yt\u00e4: Kannettava, kest\u00e4v\u00e4 bambupinta taittuvilla alumiinijaloilla, joka tarjoaa monipuolisuutta ja mukavuutta ulkoiluun.","robots":{"index":"index","follow":"follow","max-snippet":"max-snippet:-1","max-image-preview":"max-image-preview:large","max-video-preview":"max-video-preview:-1"},"canonical":"https:\/\/balticoverlanders.eu\/fi\/tuote\/dometic-go-compact-leiripoyta\/","og_locale":"fi_FI","og_type":"article","og_title":"Dometic GO Compact -leirip\u00f6yt\u00e4 - BALTIC OVERLANDERS","og_description":"Dometic CMP T4 -p\u00f6yt\u00e4: Kannettava, kest\u00e4v\u00e4 bambupinta taittuvilla alumiinijaloilla, joka tarjoaa monipuolisuutta ja mukavuutta ulkoiluun.","og_url":"https:\/\/balticoverlanders.eu\/fi\/tuote\/dometic-go-compact-leiripoyta\/","og_site_name":"BALTIC OVERLANDERS","article_modified_time":"2024-05-06T19:40:47+00:00","og_image":[{"width":1024,"height":768,"url":"https:\/\/balticoverlanders.eu\/wp-content\/uploads\/2024\/02\/tbra041_1.jpg","type":"image\/jpeg"}],"twitter_card":"summary_large_image","twitter_misc":{"Arvioitu lukuaika":"1 minuutti"},"schema":{"@context":"https:\/\/schema.org","@graph":[{"@type":"WebPage","@id":"https:\/\/balticoverlanders.eu\/fi\/tuote\/dometic-go-compact-leiripoyta\/","url":"https:\/\/balticoverlanders.eu\/fi\/tuote\/dometic-go-compact-leiripoyta\/","name":"Dometic GO Compact -leirip\u00f6yt\u00e4 - BALTIC OVERLANDERS","isPartOf":{"@id":"https:\/\/balticoverlanders.eu\/fi\/#website"},"primaryImageOfPage":{"@id":"https:\/\/balticoverlanders.eu\/fi\/tuote\/dometic-go-compact-leiripoyta\/#primaryimage"},"image":{"@id":"https:\/\/balticoverlanders.eu\/fi\/tuote\/dometic-go-compact-leiripoyta\/#primaryimage"},"thumbnailUrl":"https:\/\/balticoverlanders.eu\/wp-content\/uploads\/2024\/02\/tbra041_1.jpg","datePublished":"2024-02-19T15:11:40+00:00","dateModified":"2024-05-06T19:40:47+00:00","description":"Dometic CMP T4 -p\u00f6yt\u00e4: Kannettava, kest\u00e4v\u00e4 bambupinta taittuvilla alumiinijaloilla, joka tarjoaa monipuolisuutta ja mukavuutta ulkoiluun.","breadcrumb":{"@id":"https:\/\/balticoverlanders.eu\/fi\/tuote\/dometic-go-compact-leiripoyta\/#breadcrumb"},"inLanguage":"fi","potentialAction":[{"@type":"ReadAction","target":["https:\/\/balticoverlanders.eu\/fi\/tuote\/dometic-go-compact-leiripoyta\/"]}]},{"@type":"ImageObject","inLanguage":"fi","@id":"https:\/\/balticoverlanders.eu\/fi\/tuote\/dometic-go-compact-leiripoyta\/#primaryimage","url":"https:\/\/balticoverlanders.eu\/wp-content\/uploads\/2024\/02\/tbra041_1.jpg","contentUrl":"https:\/\/balticoverlanders.eu\/wp-content\/uploads\/2024\/02\/tbra041_1.jpg","width":1024,"height":768},{"@type":"BreadcrumbList","@id":"https:\/\/balticoverlanders.eu\/fi\/tuote\/dometic-go-compact-leiripoyta\/#breadcrumb","itemListElement":[{"@type":"ListItem","position":1,"name":"Home","item":"https:\/\/balticoverlanders.eu\/fi\/?page_id=30138"},{"@type":"ListItem","position":2,"name":"Kauppa","item":"https:\/\/balticoverlanders.eu\/fi\/?page_id=30882"},{"@type":"ListItem","position":3,"name":"Dometic GO Compact -leirip\u00f6yt\u00e4"}]},{"@type":"WebSite","@id":"https:\/\/balticoverlanders.eu\/fi\/#website","url":"https:\/\/balticoverlanders.eu\/fi\/","name":"BALTIC OVERLANDERS","description":"Your one-stop shop in Latvia, Estonia, and Lithuania for all your car camping, rooftop tent and accessory needs.","potentialAction":[{"@type":"SearchAction","target":{"@type":"EntryPoint","urlTemplate":"https:\/\/balticoverlanders.eu\/fi\/?s={search_term_string}"},"query-input":{"@type":"PropertyValueSpecification","valueRequired":true,"valueName":"search_term_string"}}],"inLanguage":"fi"}]}},"_links":{"self":[{"href":"https:\/\/balticoverlanders.eu\/fi\/wp-json\/wp\/v2\/product\/39227","targetHints":{"allow":["GET"]}}],"collection":[{"href":"https:\/\/balticoverlanders.eu\/fi\/wp-json\/wp\/v2\/product"}],"about":[{"href":"https:\/\/balticoverlanders.eu\/fi\/wp-json\/wp\/v2\/types\/product"}],"wp:featuredmedia":[{"embeddable":true,"href":"https:\/\/balticoverlanders.eu\/fi\/wp-json\/wp\/v2\/media\/31486"}],"wp:attachment":[{"href":"https:\/\/balticoverlanders.eu\/fi\/wp-json\/wp\/v2\/media?parent=39227"}],"wp:term":[{"taxonomy":"product_brand","embeddable":true,"href":"https:\/\/balticoverlanders.eu\/fi\/wp-json\/wp\/v2\/product_brand?post=39227"},{"taxonomy":"product_cat","embeddable":true,"href":"https:\/\/balticoverlanders.eu\/fi\/wp-json\/wp\/v2\/product_cat?post=39227"},{"taxonomy":"product_tag","embeddable":true,"href":"https:\/\/balticoverlanders.eu\/fi\/wp-json\/wp\/v2\/product_tag?post=39227"}],"curies":[{"name":"wp","href":"https:\/\/api.w.org\/{rel}","templated":true}]}}