{"id":39240,"date":"2024-02-19T16:38:46","date_gmt":"2024-02-19T14:38:46","guid":{"rendered":"https:\/\/balticoverlanders.eu\/product\/dometic-go-compact-leirituoli\/"},"modified":"2024-05-06T22:41:36","modified_gmt":"2024-05-06T19:41:36","slug":"dometic-go-compact-leirituoli","status":"publish","type":"product","link":"https:\/\/balticoverlanders.eu\/fi\/tuote\/dometic-go-compact-leirituoli\/","title":{"rendered":"Dometic GO Compact -leirituoli"},"content":{"rendered":"<p><strong>Esittelyss\u00e4 Dometic GO Compact -leirituoli<\/strong><\/p>\n<p>Koe ulkoilma mukavasti Dometicin kompaktilla leirituolilla. T\u00e4m\u00e4 kannettava istuinratkaisu sopii erinomaisesti erilaisiin ulkoilma-aktiviteetteihin piknikist\u00e4 ja retkeilyst\u00e4 takapihalla oleskeluun.<\/p>\n<p><strong>Ominaisuudet:<\/strong><\/p>\n<ul>\n<li><strong>Kokoontaitettava muotoilu:<\/strong> Se on k\u00e4tev\u00e4 pakata ja s\u00e4ilytt\u00e4\u00e4 ulkoseikkailuissa.<\/li>\n<li><strong>Mukavat istuimet:<\/strong> Se takaa mukavuuden ja kest\u00e4vyyden kaikenkokoisille k\u00e4ytt\u00e4jille.<\/li>\n<li><strong>Korkealaatuiset materiaalit:<\/strong> T\u00e4m\u00e4 tuoli on valmistettu raskaasta 600D-kankaasta, kevyest\u00e4 alumiinista ja tyylikk\u00e4ist\u00e4 py\u00f6kkipuisista k\u00e4sinojista, ja se on rakennettu kest\u00e4m\u00e4\u00e4n monia ulkoiluretki\u00e4.<\/li>\n<li><strong>Lis\u00e4varasto:<\/strong> Se tarjoaa k\u00e4tev\u00e4n s\u00e4ilytyspaikan pienille tavaroille, kuten kirjoille, v\u00e4lipaloille tai puhelimelle, kun rentoudut ulkona.<\/li>\n<li><strong>Mukana kuljetuss\u00e4kki:<\/strong> Mukana kuljetuss\u00e4kki, joka helpottaa kuljetusta suosikkipaikoillesi ja takaisin.<\/li>\n<\/ul>\n<p>Dometic GO Compact -leirituoli tarjoaa kannettavaa mukavuutta riippumatta siit\u00e4, nautitko ateriaa, luitko lukemista tai nautitko vain maisemista, minne seikkailusi viev\u00e4tkin sinut.<\/p>\n","protected":false},"excerpt":{"rendered":"<p>Dometicin CMP C1 Compact Camp Chair tarjoaa mukavat, kannettavat istuimet ruokailuun, lukemiseen, viihdytt\u00e4miseen ja yksinkertaisesti ulkoilmasta nauttimiseen.<\/p>\n","protected":false},"featured_media":31410,"template":"","meta":[],"product_brand":[],"product_cat":[504,538],"product_tag":[],"class_list":{"0":"post-39240","1":"product","2":"type-product","3":"status-publish","4":"has-post-thumbnail","6":"product_cat-dometic-fi","7":"product_cat-leirintatuoli","9":"first","10":"onbackorder","11":"taxable","12":"shipping-taxable","13":"purchasable","14":"product-type-variable"},"yoast_head":"<!-- This site is optimized with the Yoast SEO plugin v27.3 - https:\/\/yoast.com\/product\/yoast-seo-wordpress\/ -->\n<title>Dometic GO Compact -leirituoli - BALTIC OVERLANDERS<\/title>\n<meta name=\"description\" content=\"Dometicin CMP C1 Compact Camp Chair tarjoaa mukavat, kannettavat istuimet ruokailuun, lukemiseen, viihdytt\u00e4miseen ja yksinkertaisesti ulkoilmasta nauttimiseen.\" \/>\n<meta name=\"robots\" content=\"index, follow, max-snippet:-1, max-image-preview:large, max-video-preview:-1\" \/>\n<link rel=\"canonical\" href=\"https:\/\/balticoverlanders.eu\/fi\/tuote\/dometic-go-compact-leirituoli\/\" \/>\n<meta property=\"og:locale\" content=\"fi_FI\" \/>\n<meta property=\"og:type\" content=\"article\" \/>\n<meta property=\"og:title\" content=\"Dometic GO Compact -leirituoli - BALTIC OVERLANDERS\" \/>\n<meta property=\"og:description\" content=\"Dometicin CMP C1 Compact Camp Chair tarjoaa mukavat, kannettavat istuimet ruokailuun, lukemiseen, viihdytt\u00e4miseen ja yksinkertaisesti ulkoilmasta nauttimiseen.\" \/>\n<meta property=\"og:url\" content=\"https:\/\/balticoverlanders.eu\/fi\/tuote\/dometic-go-compact-leirituoli\/\" \/>\n<meta property=\"og:site_name\" content=\"BALTIC OVERLANDERS\" \/>\n<meta property=\"article:modified_time\" content=\"2024-05-06T19:41:36+00:00\" \/>\n<meta property=\"og:image\" content=\"https:\/\/balticoverlanders.eu\/wp-content\/uploads\/2024\/02\/chai012-chai014con.jpg\" \/>\n\t<meta property=\"og:image:width\" content=\"1363\" \/>\n\t<meta property=\"og:image:height\" content=\"1200\" \/>\n\t<meta property=\"og:image:type\" content=\"image\/jpeg\" \/>\n<meta name=\"twitter:card\" content=\"summary_large_image\" \/>\n<meta name=\"twitter:label1\" content=\"Arvioitu lukuaika\" \/>\n\t<meta name=\"twitter:data1\" content=\"1 minuutti\" \/>\n<script type=\"application\/ld+json\" class=\"yoast-schema-graph\">{\"@context\":\"https:\\\/\\\/schema.org\",\"@graph\":[{\"@type\":\"WebPage\",\"@id\":\"https:\\\/\\\/balticoverlanders.eu\\\/fi\\\/tuote\\\/dometic-go-compact-leirituoli\\\/\",\"url\":\"https:\\\/\\\/balticoverlanders.eu\\\/fi\\\/tuote\\\/dometic-go-compact-leirituoli\\\/\",\"name\":\"Dometic GO Compact -leirituoli - BALTIC OVERLANDERS\",\"isPartOf\":{\"@id\":\"https:\\\/\\\/balticoverlanders.eu\\\/fi\\\/#website\"},\"primaryImageOfPage\":{\"@id\":\"https:\\\/\\\/balticoverlanders.eu\\\/fi\\\/tuote\\\/dometic-go-compact-leirituoli\\\/#primaryimage\"},\"image\":{\"@id\":\"https:\\\/\\\/balticoverlanders.eu\\\/fi\\\/tuote\\\/dometic-go-compact-leirituoli\\\/#primaryimage\"},\"thumbnailUrl\":\"https:\\\/\\\/balticoverlanders.eu\\\/wp-content\\\/uploads\\\/2024\\\/02\\\/chai012-chai014con.jpg\",\"datePublished\":\"2024-02-19T14:38:46+00:00\",\"dateModified\":\"2024-05-06T19:41:36+00:00\",\"description\":\"Dometicin CMP C1 Compact Camp Chair tarjoaa mukavat, kannettavat istuimet ruokailuun, lukemiseen, viihdytt\u00e4miseen ja yksinkertaisesti ulkoilmasta nauttimiseen.\",\"breadcrumb\":{\"@id\":\"https:\\\/\\\/balticoverlanders.eu\\\/fi\\\/tuote\\\/dometic-go-compact-leirituoli\\\/#breadcrumb\"},\"inLanguage\":\"fi\",\"potentialAction\":[{\"@type\":\"ReadAction\",\"target\":[\"https:\\\/\\\/balticoverlanders.eu\\\/fi\\\/tuote\\\/dometic-go-compact-leirituoli\\\/\"]}]},{\"@type\":\"ImageObject\",\"inLanguage\":\"fi\",\"@id\":\"https:\\\/\\\/balticoverlanders.eu\\\/fi\\\/tuote\\\/dometic-go-compact-leirituoli\\\/#primaryimage\",\"url\":\"https:\\\/\\\/balticoverlanders.eu\\\/wp-content\\\/uploads\\\/2024\\\/02\\\/chai012-chai014con.jpg\",\"contentUrl\":\"https:\\\/\\\/balticoverlanders.eu\\\/wp-content\\\/uploads\\\/2024\\\/02\\\/chai012-chai014con.jpg\",\"width\":1363,\"height\":1200},{\"@type\":\"BreadcrumbList\",\"@id\":\"https:\\\/\\\/balticoverlanders.eu\\\/fi\\\/tuote\\\/dometic-go-compact-leirituoli\\\/#breadcrumb\",\"itemListElement\":[{\"@type\":\"ListItem\",\"position\":1,\"name\":\"Home\",\"item\":\"https:\\\/\\\/balticoverlanders.eu\\\/fi\\\/?page_id=30138\"},{\"@type\":\"ListItem\",\"position\":2,\"name\":\"Kauppa\",\"item\":\"https:\\\/\\\/balticoverlanders.eu\\\/fi\\\/?page_id=30882\"},{\"@type\":\"ListItem\",\"position\":3,\"name\":\"Dometic GO Compact -leirituoli\"}]},{\"@type\":\"WebSite\",\"@id\":\"https:\\\/\\\/balticoverlanders.eu\\\/fi\\\/#website\",\"url\":\"https:\\\/\\\/balticoverlanders.eu\\\/fi\\\/\",\"name\":\"BALTIC OVERLANDERS\",\"description\":\"Your one-stop shop in Latvia, Estonia, and Lithuania for all your car camping, rooftop tent and accessory needs.\",\"potentialAction\":[{\"@type\":\"SearchAction\",\"target\":{\"@type\":\"EntryPoint\",\"urlTemplate\":\"https:\\\/\\\/balticoverlanders.eu\\\/fi\\\/?s={search_term_string}\"},\"query-input\":{\"@type\":\"PropertyValueSpecification\",\"valueRequired\":true,\"valueName\":\"search_term_string\"}}],\"inLanguage\":\"fi\"}]}<\/script>\n<!-- \/ Yoast SEO plugin. -->","yoast_head_json":{"title":"Dometic GO Compact -leirituoli - BALTIC OVERLANDERS","description":"Dometicin CMP C1 Compact Camp Chair tarjoaa mukavat, kannettavat istuimet ruokailuun, lukemiseen, viihdytt\u00e4miseen ja yksinkertaisesti ulkoilmasta nauttimiseen.","robots":{"index":"index","follow":"follow","max-snippet":"max-snippet:-1","max-image-preview":"max-image-preview:large","max-video-preview":"max-video-preview:-1"},"canonical":"https:\/\/balticoverlanders.eu\/fi\/tuote\/dometic-go-compact-leirituoli\/","og_locale":"fi_FI","og_type":"article","og_title":"Dometic GO Compact -leirituoli - BALTIC OVERLANDERS","og_description":"Dometicin CMP C1 Compact Camp Chair tarjoaa mukavat, kannettavat istuimet ruokailuun, lukemiseen, viihdytt\u00e4miseen ja yksinkertaisesti ulkoilmasta nauttimiseen.","og_url":"https:\/\/balticoverlanders.eu\/fi\/tuote\/dometic-go-compact-leirituoli\/","og_site_name":"BALTIC OVERLANDERS","article_modified_time":"2024-05-06T19:41:36+00:00","og_image":[{"width":1363,"height":1200,"url":"https:\/\/balticoverlanders.eu\/wp-content\/uploads\/2024\/02\/chai012-chai014con.jpg","type":"image\/jpeg"}],"twitter_card":"summary_large_image","twitter_misc":{"Arvioitu lukuaika":"1 minuutti"},"schema":{"@context":"https:\/\/schema.org","@graph":[{"@type":"WebPage","@id":"https:\/\/balticoverlanders.eu\/fi\/tuote\/dometic-go-compact-leirituoli\/","url":"https:\/\/balticoverlanders.eu\/fi\/tuote\/dometic-go-compact-leirituoli\/","name":"Dometic GO Compact -leirituoli - BALTIC OVERLANDERS","isPartOf":{"@id":"https:\/\/balticoverlanders.eu\/fi\/#website"},"primaryImageOfPage":{"@id":"https:\/\/balticoverlanders.eu\/fi\/tuote\/dometic-go-compact-leirituoli\/#primaryimage"},"image":{"@id":"https:\/\/balticoverlanders.eu\/fi\/tuote\/dometic-go-compact-leirituoli\/#primaryimage"},"thumbnailUrl":"https:\/\/balticoverlanders.eu\/wp-content\/uploads\/2024\/02\/chai012-chai014con.jpg","datePublished":"2024-02-19T14:38:46+00:00","dateModified":"2024-05-06T19:41:36+00:00","description":"Dometicin CMP C1 Compact Camp Chair tarjoaa mukavat, kannettavat istuimet ruokailuun, lukemiseen, viihdytt\u00e4miseen ja yksinkertaisesti ulkoilmasta nauttimiseen.","breadcrumb":{"@id":"https:\/\/balticoverlanders.eu\/fi\/tuote\/dometic-go-compact-leirituoli\/#breadcrumb"},"inLanguage":"fi","potentialAction":[{"@type":"ReadAction","target":["https:\/\/balticoverlanders.eu\/fi\/tuote\/dometic-go-compact-leirituoli\/"]}]},{"@type":"ImageObject","inLanguage":"fi","@id":"https:\/\/balticoverlanders.eu\/fi\/tuote\/dometic-go-compact-leirituoli\/#primaryimage","url":"https:\/\/balticoverlanders.eu\/wp-content\/uploads\/2024\/02\/chai012-chai014con.jpg","contentUrl":"https:\/\/balticoverlanders.eu\/wp-content\/uploads\/2024\/02\/chai012-chai014con.jpg","width":1363,"height":1200},{"@type":"BreadcrumbList","@id":"https:\/\/balticoverlanders.eu\/fi\/tuote\/dometic-go-compact-leirituoli\/#breadcrumb","itemListElement":[{"@type":"ListItem","position":1,"name":"Home","item":"https:\/\/balticoverlanders.eu\/fi\/?page_id=30138"},{"@type":"ListItem","position":2,"name":"Kauppa","item":"https:\/\/balticoverlanders.eu\/fi\/?page_id=30882"},{"@type":"ListItem","position":3,"name":"Dometic GO Compact -leirituoli"}]},{"@type":"WebSite","@id":"https:\/\/balticoverlanders.eu\/fi\/#website","url":"https:\/\/balticoverlanders.eu\/fi\/","name":"BALTIC OVERLANDERS","description":"Your one-stop shop in Latvia, Estonia, and Lithuania for all your car camping, rooftop tent and accessory needs.","potentialAction":[{"@type":"SearchAction","target":{"@type":"EntryPoint","urlTemplate":"https:\/\/balticoverlanders.eu\/fi\/?s={search_term_string}"},"query-input":{"@type":"PropertyValueSpecification","valueRequired":true,"valueName":"search_term_string"}}],"inLanguage":"fi"}]}},"_links":{"self":[{"href":"https:\/\/balticoverlanders.eu\/fi\/wp-json\/wp\/v2\/product\/39240","targetHints":{"allow":["GET"]}}],"collection":[{"href":"https:\/\/balticoverlanders.eu\/fi\/wp-json\/wp\/v2\/product"}],"about":[{"href":"https:\/\/balticoverlanders.eu\/fi\/wp-json\/wp\/v2\/types\/product"}],"wp:featuredmedia":[{"embeddable":true,"href":"https:\/\/balticoverlanders.eu\/fi\/wp-json\/wp\/v2\/media\/31410"}],"wp:attachment":[{"href":"https:\/\/balticoverlanders.eu\/fi\/wp-json\/wp\/v2\/media?parent=39240"}],"wp:term":[{"taxonomy":"product_brand","embeddable":true,"href":"https:\/\/balticoverlanders.eu\/fi\/wp-json\/wp\/v2\/product_brand?post=39240"},{"taxonomy":"product_cat","embeddable":true,"href":"https:\/\/balticoverlanders.eu\/fi\/wp-json\/wp\/v2\/product_cat?post=39240"},{"taxonomy":"product_tag","embeddable":true,"href":"https:\/\/balticoverlanders.eu\/fi\/wp-json\/wp\/v2\/product_tag?post=39240"}],"curies":[{"name":"wp","href":"https:\/\/api.w.org\/{rel}","templated":true}]}}