{"id":39251,"date":"2024-02-19T16:59:04","date_gmt":"2024-02-19T14:59:04","guid":{"rendered":"https:\/\/balticoverlanders.eu\/product\/dometic-go-compact-leiripenkki-siltti\/"},"modified":"2024-05-06T22:41:45","modified_gmt":"2024-05-06T19:41:45","slug":"dometic-go-compact-leiripenkki-siltti","status":"publish","type":"product","link":"https:\/\/balticoverlanders.eu\/fi\/tuote\/dometic-go-compact-leiripenkki-siltti\/","title":{"rendered":"Dometic GO Compact leiripenkki, Siltti"},"content":{"rendered":"<p><strong>Esittelyss\u00e4 Dometic Go Compact -leiripenkki\/laatikko<\/strong><\/p>\n<p><strong>Yleiskatsaus:<\/strong> Dometic Go Compact -leiripenkki on ratkaisu kevyeen ja kest\u00e4v\u00e4\u00e4n ulkoistuimeen, joka on suunniteltu erityisesti kahdelle henkil\u00f6lle. T\u00e4m\u00e4 penkki tarjoaa mukavuutta ja vakautta tyylikk\u00e4\u00e4ss\u00e4 ja kompaktissa muotoilussa, olitpa sitten retkeilem\u00e4ss\u00e4, piknikill\u00e4 tai vain nauttimassa ulkoilmasta.<\/p>\n<p><strong>Ominaisuudet:<\/strong><\/p>\n<ul>\n<li><strong>Kahden hengen istuimet:<\/strong> 136 kg:n painoon asti.<\/li>\n<li><strong>Tilaa s\u00e4\u00e4st\u00e4v\u00e4 muotoilu:<\/strong> Se on helppo kuljettaa ja s\u00e4ilytt\u00e4\u00e4.<\/li>\n<li><strong>Premium-rakenne:<\/strong> Rakennettu kevyest\u00e4 alumiinirungosta ja raskaasta 600D-kankaasta, joka takaa pitk\u00e4aikaisen kest\u00e4vyyden.<\/li>\n<li><strong>Siirrett\u00e4vyys:<\/strong> Mukana k\u00e4tev\u00e4 kuljetuss\u00e4kki vaivatonta kuljetusta varten.<\/li>\n<li><strong>Monipuolinen k\u00e4ytt\u00f6:<\/strong> T\u00e4ydellinen retkeilyyn, ulkotilaisuuksiin, urheilutapahtumiin ja paljon muuta.<\/li>\n<\/ul>\n<p>Paranna ulkoilukokemustasi Dometic Go Compact -leiripenkill\u00e4\/-siltill\u00e4. Se on suunniteltu k\u00e4tev\u00e4ksi, kest\u00e4v\u00e4ksi ja mukavaksi, joten se on t\u00e4ydellinen istuinratkaisu seuraavaa seikkailuasi varten.<\/p>\n","protected":false},"excerpt":{"rendered":"<p>Dometic ratkaisee kevyiden ja tukevien ulkotilojen istuimien tarpeen kahdelle hengelle suunnitellulla CMP-B2 Compact Camp Bench -leiripenkill\u00e4. Kest\u00e4\u00e4 jopa 150 kg, ja sit\u00e4 voidaan k\u00e4ytt\u00e4\u00e4 istuimena, kylm\u00e4laukun pidikkeen\u00e4 tai yksinkertaisena p\u00f6yt\u00e4n\u00e4.<\/p>\n","protected":false},"featured_media":31457,"template":"","meta":[],"product_brand":[],"product_cat":[504,546],"product_tag":[],"class_list":{"0":"post-39251","1":"product","2":"type-product","3":"status-publish","4":"has-post-thumbnail","6":"product_cat-dometic-fi","7":"product_cat-leirintaalueen-penkki","9":"first","10":"onbackorder","11":"taxable","12":"shipping-taxable","13":"purchasable","14":"product-type-simple"},"yoast_head":"<!-- This site is optimized with the Yoast SEO plugin v27.2 - https:\/\/yoast.com\/product\/yoast-seo-wordpress\/ -->\n<title>Dometic GO Compact leiripenkki, Siltti - BALTIC OVERLANDERS<\/title>\n<meta name=\"description\" content=\"Dometic ratkaisee kevyiden ja tukevien ulkotilojen istuimien tarpeen kahdelle hengelle suunnitellulla CMP-B2 Compact Camp Bench -leiripenkill\u00e4. Kest\u00e4\u00e4 jopa 150 kg, ja sit\u00e4 voidaan k\u00e4ytt\u00e4\u00e4 istuimena, kylm\u00e4laukun pidikkeen\u00e4 tai yksinkertaisena p\u00f6yt\u00e4n\u00e4.\" \/>\n<meta name=\"robots\" content=\"index, follow, max-snippet:-1, max-image-preview:large, max-video-preview:-1\" \/>\n<link rel=\"canonical\" href=\"https:\/\/balticoverlanders.eu\/fi\/tuote\/dometic-go-compact-leiripenkki-siltti\/\" \/>\n<meta property=\"og:locale\" content=\"fi_FI\" \/>\n<meta property=\"og:type\" content=\"article\" \/>\n<meta property=\"og:title\" content=\"Dometic GO Compact leiripenkki, Siltti - BALTIC OVERLANDERS\" \/>\n<meta property=\"og:description\" content=\"Dometic ratkaisee kevyiden ja tukevien ulkotilojen istuimien tarpeen kahdelle hengelle suunnitellulla CMP-B2 Compact Camp Bench -leiripenkill\u00e4. Kest\u00e4\u00e4 jopa 150 kg, ja sit\u00e4 voidaan k\u00e4ytt\u00e4\u00e4 istuimena, kylm\u00e4laukun pidikkeen\u00e4 tai yksinkertaisena p\u00f6yt\u00e4n\u00e4.\" \/>\n<meta property=\"og:url\" content=\"https:\/\/balticoverlanders.eu\/fi\/tuote\/dometic-go-compact-leiripenkki-siltti\/\" \/>\n<meta property=\"og:site_name\" content=\"BALTIC OVERLANDERS\" \/>\n<meta property=\"article:modified_time\" content=\"2024-05-06T19:41:45+00:00\" \/>\n<meta property=\"og:image\" content=\"https:\/\/balticoverlanders.eu\/wp-content\/uploads\/2024\/02\/chai015_3.jpg\" \/>\n\t<meta property=\"og:image:width\" content=\"650\" \/>\n\t<meta property=\"og:image:height\" content=\"488\" \/>\n\t<meta property=\"og:image:type\" content=\"image\/jpeg\" \/>\n<meta name=\"twitter:card\" content=\"summary_large_image\" \/>\n<meta name=\"twitter:label1\" content=\"Arvioitu lukuaika\" \/>\n\t<meta name=\"twitter:data1\" content=\"1 minuutti\" \/>\n<script type=\"application\/ld+json\" class=\"yoast-schema-graph\">{\"@context\":\"https:\/\/schema.org\",\"@graph\":[{\"@type\":\"WebPage\",\"@id\":\"https:\/\/balticoverlanders.eu\/fi\/tuote\/dometic-go-compact-leiripenkki-siltti\/\",\"url\":\"https:\/\/balticoverlanders.eu\/fi\/tuote\/dometic-go-compact-leiripenkki-siltti\/\",\"name\":\"Dometic GO Compact leiripenkki, Siltti - BALTIC OVERLANDERS\",\"isPartOf\":{\"@id\":\"https:\/\/balticoverlanders.eu\/fi\/#website\"},\"primaryImageOfPage\":{\"@id\":\"https:\/\/balticoverlanders.eu\/fi\/tuote\/dometic-go-compact-leiripenkki-siltti\/#primaryimage\"},\"image\":{\"@id\":\"https:\/\/balticoverlanders.eu\/fi\/tuote\/dometic-go-compact-leiripenkki-siltti\/#primaryimage\"},\"thumbnailUrl\":\"https:\/\/balticoverlanders.eu\/wp-content\/uploads\/2024\/02\/chai015_3.jpg\",\"datePublished\":\"2024-02-19T14:59:04+00:00\",\"dateModified\":\"2024-05-06T19:41:45+00:00\",\"description\":\"Dometic ratkaisee kevyiden ja tukevien ulkotilojen istuimien tarpeen kahdelle hengelle suunnitellulla CMP-B2 Compact Camp Bench -leiripenkill\u00e4. Kest\u00e4\u00e4 jopa 150 kg, ja sit\u00e4 voidaan k\u00e4ytt\u00e4\u00e4 istuimena, kylm\u00e4laukun pidikkeen\u00e4 tai yksinkertaisena p\u00f6yt\u00e4n\u00e4.\",\"breadcrumb\":{\"@id\":\"https:\/\/balticoverlanders.eu\/fi\/tuote\/dometic-go-compact-leiripenkki-siltti\/#breadcrumb\"},\"inLanguage\":\"fi\",\"potentialAction\":[{\"@type\":\"ReadAction\",\"target\":[\"https:\/\/balticoverlanders.eu\/fi\/tuote\/dometic-go-compact-leiripenkki-siltti\/\"]}]},{\"@type\":\"ImageObject\",\"inLanguage\":\"fi\",\"@id\":\"https:\/\/balticoverlanders.eu\/fi\/tuote\/dometic-go-compact-leiripenkki-siltti\/#primaryimage\",\"url\":\"https:\/\/balticoverlanders.eu\/wp-content\/uploads\/2024\/02\/chai015_3.jpg\",\"contentUrl\":\"https:\/\/balticoverlanders.eu\/wp-content\/uploads\/2024\/02\/chai015_3.jpg\",\"width\":650,\"height\":488},{\"@type\":\"BreadcrumbList\",\"@id\":\"https:\/\/balticoverlanders.eu\/fi\/tuote\/dometic-go-compact-leiripenkki-siltti\/#breadcrumb\",\"itemListElement\":[{\"@type\":\"ListItem\",\"position\":1,\"name\":\"Home\",\"item\":\"https:\/\/balticoverlanders.eu\/fi\/?page_id=30138\"},{\"@type\":\"ListItem\",\"position\":2,\"name\":\"Kauppa\",\"item\":\"https:\/\/balticoverlanders.eu\/fi\/?page_id=30882\"},{\"@type\":\"ListItem\",\"position\":3,\"name\":\"Dometic GO Compact leiripenkki, Siltti\"}]},{\"@type\":\"WebSite\",\"@id\":\"https:\/\/balticoverlanders.eu\/fi\/#website\",\"url\":\"https:\/\/balticoverlanders.eu\/fi\/\",\"name\":\"BALTIC OVERLANDERS\",\"description\":\"Your one-stop shop in Latvia, Estonia, and Lithuania for all your car camping, rooftop tent and accessory needs.\",\"potentialAction\":[{\"@type\":\"SearchAction\",\"target\":{\"@type\":\"EntryPoint\",\"urlTemplate\":\"https:\/\/balticoverlanders.eu\/fi\/?s={search_term_string}\"},\"query-input\":{\"@type\":\"PropertyValueSpecification\",\"valueRequired\":true,\"valueName\":\"search_term_string\"}}],\"inLanguage\":\"fi\"}]}<\/script>\n<!-- \/ Yoast SEO plugin. -->","yoast_head_json":{"title":"Dometic GO Compact leiripenkki, Siltti - BALTIC OVERLANDERS","description":"Dometic ratkaisee kevyiden ja tukevien ulkotilojen istuimien tarpeen kahdelle hengelle suunnitellulla CMP-B2 Compact Camp Bench -leiripenkill\u00e4. Kest\u00e4\u00e4 jopa 150 kg, ja sit\u00e4 voidaan k\u00e4ytt\u00e4\u00e4 istuimena, kylm\u00e4laukun pidikkeen\u00e4 tai yksinkertaisena p\u00f6yt\u00e4n\u00e4.","robots":{"index":"index","follow":"follow","max-snippet":"max-snippet:-1","max-image-preview":"max-image-preview:large","max-video-preview":"max-video-preview:-1"},"canonical":"https:\/\/balticoverlanders.eu\/fi\/tuote\/dometic-go-compact-leiripenkki-siltti\/","og_locale":"fi_FI","og_type":"article","og_title":"Dometic GO Compact leiripenkki, Siltti - BALTIC OVERLANDERS","og_description":"Dometic ratkaisee kevyiden ja tukevien ulkotilojen istuimien tarpeen kahdelle hengelle suunnitellulla CMP-B2 Compact Camp Bench -leiripenkill\u00e4. Kest\u00e4\u00e4 jopa 150 kg, ja sit\u00e4 voidaan k\u00e4ytt\u00e4\u00e4 istuimena, kylm\u00e4laukun pidikkeen\u00e4 tai yksinkertaisena p\u00f6yt\u00e4n\u00e4.","og_url":"https:\/\/balticoverlanders.eu\/fi\/tuote\/dometic-go-compact-leiripenkki-siltti\/","og_site_name":"BALTIC OVERLANDERS","article_modified_time":"2024-05-06T19:41:45+00:00","og_image":[{"width":650,"height":488,"url":"https:\/\/balticoverlanders.eu\/wp-content\/uploads\/2024\/02\/chai015_3.jpg","type":"image\/jpeg"}],"twitter_card":"summary_large_image","twitter_misc":{"Arvioitu lukuaika":"1 minuutti"},"schema":{"@context":"https:\/\/schema.org","@graph":[{"@type":"WebPage","@id":"https:\/\/balticoverlanders.eu\/fi\/tuote\/dometic-go-compact-leiripenkki-siltti\/","url":"https:\/\/balticoverlanders.eu\/fi\/tuote\/dometic-go-compact-leiripenkki-siltti\/","name":"Dometic GO Compact leiripenkki, Siltti - BALTIC OVERLANDERS","isPartOf":{"@id":"https:\/\/balticoverlanders.eu\/fi\/#website"},"primaryImageOfPage":{"@id":"https:\/\/balticoverlanders.eu\/fi\/tuote\/dometic-go-compact-leiripenkki-siltti\/#primaryimage"},"image":{"@id":"https:\/\/balticoverlanders.eu\/fi\/tuote\/dometic-go-compact-leiripenkki-siltti\/#primaryimage"},"thumbnailUrl":"https:\/\/balticoverlanders.eu\/wp-content\/uploads\/2024\/02\/chai015_3.jpg","datePublished":"2024-02-19T14:59:04+00:00","dateModified":"2024-05-06T19:41:45+00:00","description":"Dometic ratkaisee kevyiden ja tukevien ulkotilojen istuimien tarpeen kahdelle hengelle suunnitellulla CMP-B2 Compact Camp Bench -leiripenkill\u00e4. Kest\u00e4\u00e4 jopa 150 kg, ja sit\u00e4 voidaan k\u00e4ytt\u00e4\u00e4 istuimena, kylm\u00e4laukun pidikkeen\u00e4 tai yksinkertaisena p\u00f6yt\u00e4n\u00e4.","breadcrumb":{"@id":"https:\/\/balticoverlanders.eu\/fi\/tuote\/dometic-go-compact-leiripenkki-siltti\/#breadcrumb"},"inLanguage":"fi","potentialAction":[{"@type":"ReadAction","target":["https:\/\/balticoverlanders.eu\/fi\/tuote\/dometic-go-compact-leiripenkki-siltti\/"]}]},{"@type":"ImageObject","inLanguage":"fi","@id":"https:\/\/balticoverlanders.eu\/fi\/tuote\/dometic-go-compact-leiripenkki-siltti\/#primaryimage","url":"https:\/\/balticoverlanders.eu\/wp-content\/uploads\/2024\/02\/chai015_3.jpg","contentUrl":"https:\/\/balticoverlanders.eu\/wp-content\/uploads\/2024\/02\/chai015_3.jpg","width":650,"height":488},{"@type":"BreadcrumbList","@id":"https:\/\/balticoverlanders.eu\/fi\/tuote\/dometic-go-compact-leiripenkki-siltti\/#breadcrumb","itemListElement":[{"@type":"ListItem","position":1,"name":"Home","item":"https:\/\/balticoverlanders.eu\/fi\/?page_id=30138"},{"@type":"ListItem","position":2,"name":"Kauppa","item":"https:\/\/balticoverlanders.eu\/fi\/?page_id=30882"},{"@type":"ListItem","position":3,"name":"Dometic GO Compact leiripenkki, Siltti"}]},{"@type":"WebSite","@id":"https:\/\/balticoverlanders.eu\/fi\/#website","url":"https:\/\/balticoverlanders.eu\/fi\/","name":"BALTIC OVERLANDERS","description":"Your one-stop shop in Latvia, Estonia, and Lithuania for all your car camping, rooftop tent and accessory needs.","potentialAction":[{"@type":"SearchAction","target":{"@type":"EntryPoint","urlTemplate":"https:\/\/balticoverlanders.eu\/fi\/?s={search_term_string}"},"query-input":{"@type":"PropertyValueSpecification","valueRequired":true,"valueName":"search_term_string"}}],"inLanguage":"fi"}]}},"_links":{"self":[{"href":"https:\/\/balticoverlanders.eu\/fi\/wp-json\/wp\/v2\/product\/39251","targetHints":{"allow":["GET"]}}],"collection":[{"href":"https:\/\/balticoverlanders.eu\/fi\/wp-json\/wp\/v2\/product"}],"about":[{"href":"https:\/\/balticoverlanders.eu\/fi\/wp-json\/wp\/v2\/types\/product"}],"wp:featuredmedia":[{"embeddable":true,"href":"https:\/\/balticoverlanders.eu\/fi\/wp-json\/wp\/v2\/media\/31457"}],"wp:attachment":[{"href":"https:\/\/balticoverlanders.eu\/fi\/wp-json\/wp\/v2\/media?parent=39251"}],"wp:term":[{"taxonomy":"product_brand","embeddable":true,"href":"https:\/\/balticoverlanders.eu\/fi\/wp-json\/wp\/v2\/product_brand?post=39251"},{"taxonomy":"product_cat","embeddable":true,"href":"https:\/\/balticoverlanders.eu\/fi\/wp-json\/wp\/v2\/product_cat?post=39251"},{"taxonomy":"product_tag","embeddable":true,"href":"https:\/\/balticoverlanders.eu\/fi\/wp-json\/wp\/v2\/product_tag?post=39251"}],"curies":[{"name":"wp","href":"https:\/\/api.w.org\/{rel}","templated":true}]}}