{"id":39252,"date":"2024-02-18T17:23:48","date_gmt":"2024-02-18T15:23:48","guid":{"rendered":"https:\/\/balticoverlanders.eu\/product\/dometic-go-hydration-vesihana-kannettava-itsetoimiva-vesihana\/"},"modified":"2024-05-06T22:41:45","modified_gmt":"2024-05-06T19:41:45","slug":"dometic-go-hydration-vesihana-kannettava-itsetoimiva-vesihana","status":"publish","type":"product","link":"https:\/\/balticoverlanders.eu\/fi\/tuote\/dometic-go-hydration-vesihana-kannettava-itsetoimiva-vesihana\/","title":{"rendered":"Dometic GO Hydration vesihana Kannettava, itsetoimiva vesihana"},"content":{"rendered":"<p><strong>T\u00e4rkeimm\u00e4t ominaisuudet:<\/strong><\/p>\n<ul>\n<li><strong>Kosketustoiminto<\/strong>: Automaattinen sammutus mahdollistaa optimaalisen vedens\u00e4\u00e4st\u00f6n.<\/li>\n<li><strong>Integroitu LED-valo<\/strong>: Navigoi y\u00f6ll\u00e4 tai h\u00e4m\u00e4r\u00e4ss\u00e4 vaivattomasti integroidun LED-valon avulla, joka takaa n\u00e4kyvyyden ja mukavuuden.<\/li>\n<li><strong>Kaksoisnapautustoiminto<\/strong>: Aktivoi veden virtaus v\u00e4litt\u00f6m\u00e4sti kaksoishanalla, mik\u00e4 mahdollistaa nopean ja tehokkaan annostelun.<\/li>\n<li><strong>Monipuolinen sijoitus<\/strong>: Magneettipohja takaa turvallisen k\u00e4yt\u00f6n erilaisilla pinnoilla: Mukana on kiekko hanan helppoa sijoittamista varten ja magneettinen pohja turvallista k\u00e4ytt\u00f6\u00e4 varten.<\/li>\n<li><strong>Pitk\u00e4kestoinen akku<\/strong>: Suurikapasiteettisen akun ansiosta voit nauttia jopa 150 litran veden annostelusta latausta kohden, mik\u00e4 takaa pitk\u00e4aikaisen k\u00e4yt\u00f6n ilman keskeytyksi\u00e4.<\/li>\n<li><strong>Kest\u00e4v\u00e4 rakenne<\/strong>: IPX4-luokiteltu hana on valmistettu BPA-vapaista, elintarvikekelpoisista materiaaleista, jotka takaavat kest\u00e4vyyden ja turvallisuuden.<\/li>\n<li><strong>Yhteensopiva vesikannun kanssa<\/strong>: Saumattomasti integroituu Hydration Water Jug -vesikannun kanssa t\u00e4ydellist\u00e4 nesteytysratkaisua varten.<\/li>\n<li><strong>Osa Dometic Go -mallistoa<\/strong>: Se on osa Dometic Go -mallistoa, joka tarjoaa vertaansa vailla olevaa toiminnallisuutta ja luotettavuutta.<\/li>\n<\/ul>\n","protected":false},"excerpt":{"rendered":"<p>Dometicin HYD WF Hydration -vesihana muuttaa mink\u00e4 tahansa vesis\u00e4ili\u00f6n ulkokeitti\u00f6hanaksi, jolloin voit annostella vain tarvitsemasi m\u00e4\u00e4r\u00e4n ilman h\u00e4vikki\u00e4. Yhdist\u00e4 HYD J11 Hydration Water Jug -vesikannuun tai muuhun vesis\u00e4ili\u00f6\u00f6n, jotta saat juoksevaa vett\u00e4 aina tarvittaessa.<\/p>\n","protected":false},"featured_media":31342,"template":"","meta":[],"product_brand":[],"product_cat":[504,545],"product_tag":[],"class_list":{"0":"post-39252","1":"product","2":"type-product","3":"status-publish","4":"has-post-thumbnail","6":"product_cat-dometic-fi","7":"product_cat-hydratointi","9":"first","10":"onbackorder","11":"taxable","12":"shipping-taxable","13":"purchasable","14":"product-type-simple"},"yoast_head":"<!-- This site is optimized with the Yoast SEO plugin v27.3 - https:\/\/yoast.com\/product\/yoast-seo-wordpress\/ -->\n<title>Dometic GO Hydration vesihana Kannettava, itsetoimiva vesihana - BALTIC OVERLANDERS<\/title>\n<meta name=\"description\" content=\"&quot;Tutustu Dometicin HYD WF Hydration -vesihanaan ulkok\u00e4ytt\u00f6\u00f6n, joka muuttaa mink\u00e4 tahansa s\u00e4ili\u00f6n keitti\u00f6hanaksi ilman j\u00e4tett\u00e4.&quot;\" \/>\n<meta name=\"robots\" content=\"index, follow, max-snippet:-1, max-image-preview:large, max-video-preview:-1\" \/>\n<link rel=\"canonical\" href=\"https:\/\/balticoverlanders.eu\/fi\/tuote\/dometic-go-hydration-vesihana-kannettava-itsetoimiva-vesihana\/\" \/>\n<meta property=\"og:locale\" content=\"fi_FI\" \/>\n<meta property=\"og:type\" content=\"article\" \/>\n<meta property=\"og:title\" content=\"Dometic GO Hydration vesihana Kannettava, itsetoimiva vesihana - BALTIC OVERLANDERS\" \/>\n<meta property=\"og:description\" content=\"&quot;Tutustu Dometicin HYD WF Hydration -vesihanaan ulkok\u00e4ytt\u00f6\u00f6n, joka muuttaa mink\u00e4 tahansa s\u00e4ili\u00f6n keitti\u00f6hanaksi ilman j\u00e4tett\u00e4.&quot;\" \/>\n<meta property=\"og:url\" content=\"https:\/\/balticoverlanders.eu\/fi\/tuote\/dometic-go-hydration-vesihana-kannettava-itsetoimiva-vesihana\/\" \/>\n<meta property=\"og:site_name\" content=\"BALTIC OVERLANDERS\" \/>\n<meta property=\"article:modified_time\" content=\"2024-05-06T19:41:45+00:00\" \/>\n<meta property=\"og:image\" content=\"https:\/\/balticoverlanders.eu\/wp-content\/uploads\/2024\/02\/wtan068_1.jpg\" \/>\n\t<meta property=\"og:image:width\" content=\"650\" \/>\n\t<meta property=\"og:image:height\" content=\"488\" \/>\n\t<meta property=\"og:image:type\" content=\"image\/jpeg\" \/>\n<meta name=\"twitter:card\" content=\"summary_large_image\" \/>\n<meta name=\"twitter:label1\" content=\"Arvioitu lukuaika\" \/>\n\t<meta name=\"twitter:data1\" content=\"1 minuutti\" \/>\n<script type=\"application\/ld+json\" class=\"yoast-schema-graph\">{\"@context\":\"https:\\\/\\\/schema.org\",\"@graph\":[{\"@type\":\"WebPage\",\"@id\":\"https:\\\/\\\/balticoverlanders.eu\\\/fi\\\/tuote\\\/dometic-go-hydration-vesihana-kannettava-itsetoimiva-vesihana\\\/\",\"url\":\"https:\\\/\\\/balticoverlanders.eu\\\/fi\\\/tuote\\\/dometic-go-hydration-vesihana-kannettava-itsetoimiva-vesihana\\\/\",\"name\":\"Dometic GO Hydration vesihana Kannettava, itsetoimiva vesihana - BALTIC OVERLANDERS\",\"isPartOf\":{\"@id\":\"https:\\\/\\\/balticoverlanders.eu\\\/fi\\\/#website\"},\"primaryImageOfPage\":{\"@id\":\"https:\\\/\\\/balticoverlanders.eu\\\/fi\\\/tuote\\\/dometic-go-hydration-vesihana-kannettava-itsetoimiva-vesihana\\\/#primaryimage\"},\"image\":{\"@id\":\"https:\\\/\\\/balticoverlanders.eu\\\/fi\\\/tuote\\\/dometic-go-hydration-vesihana-kannettava-itsetoimiva-vesihana\\\/#primaryimage\"},\"thumbnailUrl\":\"https:\\\/\\\/balticoverlanders.eu\\\/wp-content\\\/uploads\\\/2024\\\/02\\\/wtan068_1.jpg\",\"datePublished\":\"2024-02-18T15:23:48+00:00\",\"dateModified\":\"2024-05-06T19:41:45+00:00\",\"description\":\"\\\"Tutustu Dometicin HYD WF Hydration -vesihanaan ulkok\u00e4ytt\u00f6\u00f6n, joka muuttaa mink\u00e4 tahansa s\u00e4ili\u00f6n keitti\u00f6hanaksi ilman j\u00e4tett\u00e4.\\\"\",\"breadcrumb\":{\"@id\":\"https:\\\/\\\/balticoverlanders.eu\\\/fi\\\/tuote\\\/dometic-go-hydration-vesihana-kannettava-itsetoimiva-vesihana\\\/#breadcrumb\"},\"inLanguage\":\"fi\",\"potentialAction\":[{\"@type\":\"ReadAction\",\"target\":[\"https:\\\/\\\/balticoverlanders.eu\\\/fi\\\/tuote\\\/dometic-go-hydration-vesihana-kannettava-itsetoimiva-vesihana\\\/\"]}]},{\"@type\":\"ImageObject\",\"inLanguage\":\"fi\",\"@id\":\"https:\\\/\\\/balticoverlanders.eu\\\/fi\\\/tuote\\\/dometic-go-hydration-vesihana-kannettava-itsetoimiva-vesihana\\\/#primaryimage\",\"url\":\"https:\\\/\\\/balticoverlanders.eu\\\/wp-content\\\/uploads\\\/2024\\\/02\\\/wtan068_1.jpg\",\"contentUrl\":\"https:\\\/\\\/balticoverlanders.eu\\\/wp-content\\\/uploads\\\/2024\\\/02\\\/wtan068_1.jpg\",\"width\":650,\"height\":488},{\"@type\":\"BreadcrumbList\",\"@id\":\"https:\\\/\\\/balticoverlanders.eu\\\/fi\\\/tuote\\\/dometic-go-hydration-vesihana-kannettava-itsetoimiva-vesihana\\\/#breadcrumb\",\"itemListElement\":[{\"@type\":\"ListItem\",\"position\":1,\"name\":\"Home\",\"item\":\"https:\\\/\\\/balticoverlanders.eu\\\/fi\\\/?page_id=30138\"},{\"@type\":\"ListItem\",\"position\":2,\"name\":\"Kauppa\",\"item\":\"https:\\\/\\\/balticoverlanders.eu\\\/fi\\\/?page_id=30882\"},{\"@type\":\"ListItem\",\"position\":3,\"name\":\"Dometic GO Hydration vesihana Kannettava, itsetoimiva vesihana\"}]},{\"@type\":\"WebSite\",\"@id\":\"https:\\\/\\\/balticoverlanders.eu\\\/fi\\\/#website\",\"url\":\"https:\\\/\\\/balticoverlanders.eu\\\/fi\\\/\",\"name\":\"BALTIC OVERLANDERS\",\"description\":\"Your one-stop shop in Latvia, Estonia, and Lithuania for all your car camping, rooftop tent and accessory needs.\",\"potentialAction\":[{\"@type\":\"SearchAction\",\"target\":{\"@type\":\"EntryPoint\",\"urlTemplate\":\"https:\\\/\\\/balticoverlanders.eu\\\/fi\\\/?s={search_term_string}\"},\"query-input\":{\"@type\":\"PropertyValueSpecification\",\"valueRequired\":true,\"valueName\":\"search_term_string\"}}],\"inLanguage\":\"fi\"}]}<\/script>\n<!-- \/ Yoast SEO plugin. -->","yoast_head_json":{"title":"Dometic GO Hydration vesihana Kannettava, itsetoimiva vesihana - BALTIC OVERLANDERS","description":"\"Tutustu Dometicin HYD WF Hydration -vesihanaan ulkok\u00e4ytt\u00f6\u00f6n, joka muuttaa mink\u00e4 tahansa s\u00e4ili\u00f6n keitti\u00f6hanaksi ilman j\u00e4tett\u00e4.\"","robots":{"index":"index","follow":"follow","max-snippet":"max-snippet:-1","max-image-preview":"max-image-preview:large","max-video-preview":"max-video-preview:-1"},"canonical":"https:\/\/balticoverlanders.eu\/fi\/tuote\/dometic-go-hydration-vesihana-kannettava-itsetoimiva-vesihana\/","og_locale":"fi_FI","og_type":"article","og_title":"Dometic GO Hydration vesihana Kannettava, itsetoimiva vesihana - BALTIC OVERLANDERS","og_description":"\"Tutustu Dometicin HYD WF Hydration -vesihanaan ulkok\u00e4ytt\u00f6\u00f6n, joka muuttaa mink\u00e4 tahansa s\u00e4ili\u00f6n keitti\u00f6hanaksi ilman j\u00e4tett\u00e4.\"","og_url":"https:\/\/balticoverlanders.eu\/fi\/tuote\/dometic-go-hydration-vesihana-kannettava-itsetoimiva-vesihana\/","og_site_name":"BALTIC OVERLANDERS","article_modified_time":"2024-05-06T19:41:45+00:00","og_image":[{"width":650,"height":488,"url":"https:\/\/balticoverlanders.eu\/wp-content\/uploads\/2024\/02\/wtan068_1.jpg","type":"image\/jpeg"}],"twitter_card":"summary_large_image","twitter_misc":{"Arvioitu lukuaika":"1 minuutti"},"schema":{"@context":"https:\/\/schema.org","@graph":[{"@type":"WebPage","@id":"https:\/\/balticoverlanders.eu\/fi\/tuote\/dometic-go-hydration-vesihana-kannettava-itsetoimiva-vesihana\/","url":"https:\/\/balticoverlanders.eu\/fi\/tuote\/dometic-go-hydration-vesihana-kannettava-itsetoimiva-vesihana\/","name":"Dometic GO Hydration vesihana Kannettava, itsetoimiva vesihana - BALTIC OVERLANDERS","isPartOf":{"@id":"https:\/\/balticoverlanders.eu\/fi\/#website"},"primaryImageOfPage":{"@id":"https:\/\/balticoverlanders.eu\/fi\/tuote\/dometic-go-hydration-vesihana-kannettava-itsetoimiva-vesihana\/#primaryimage"},"image":{"@id":"https:\/\/balticoverlanders.eu\/fi\/tuote\/dometic-go-hydration-vesihana-kannettava-itsetoimiva-vesihana\/#primaryimage"},"thumbnailUrl":"https:\/\/balticoverlanders.eu\/wp-content\/uploads\/2024\/02\/wtan068_1.jpg","datePublished":"2024-02-18T15:23:48+00:00","dateModified":"2024-05-06T19:41:45+00:00","description":"\"Tutustu Dometicin HYD WF Hydration -vesihanaan ulkok\u00e4ytt\u00f6\u00f6n, joka muuttaa mink\u00e4 tahansa s\u00e4ili\u00f6n keitti\u00f6hanaksi ilman j\u00e4tett\u00e4.\"","breadcrumb":{"@id":"https:\/\/balticoverlanders.eu\/fi\/tuote\/dometic-go-hydration-vesihana-kannettava-itsetoimiva-vesihana\/#breadcrumb"},"inLanguage":"fi","potentialAction":[{"@type":"ReadAction","target":["https:\/\/balticoverlanders.eu\/fi\/tuote\/dometic-go-hydration-vesihana-kannettava-itsetoimiva-vesihana\/"]}]},{"@type":"ImageObject","inLanguage":"fi","@id":"https:\/\/balticoverlanders.eu\/fi\/tuote\/dometic-go-hydration-vesihana-kannettava-itsetoimiva-vesihana\/#primaryimage","url":"https:\/\/balticoverlanders.eu\/wp-content\/uploads\/2024\/02\/wtan068_1.jpg","contentUrl":"https:\/\/balticoverlanders.eu\/wp-content\/uploads\/2024\/02\/wtan068_1.jpg","width":650,"height":488},{"@type":"BreadcrumbList","@id":"https:\/\/balticoverlanders.eu\/fi\/tuote\/dometic-go-hydration-vesihana-kannettava-itsetoimiva-vesihana\/#breadcrumb","itemListElement":[{"@type":"ListItem","position":1,"name":"Home","item":"https:\/\/balticoverlanders.eu\/fi\/?page_id=30138"},{"@type":"ListItem","position":2,"name":"Kauppa","item":"https:\/\/balticoverlanders.eu\/fi\/?page_id=30882"},{"@type":"ListItem","position":3,"name":"Dometic GO Hydration vesihana Kannettava, itsetoimiva vesihana"}]},{"@type":"WebSite","@id":"https:\/\/balticoverlanders.eu\/fi\/#website","url":"https:\/\/balticoverlanders.eu\/fi\/","name":"BALTIC OVERLANDERS","description":"Your one-stop shop in Latvia, Estonia, and Lithuania for all your car camping, rooftop tent and accessory needs.","potentialAction":[{"@type":"SearchAction","target":{"@type":"EntryPoint","urlTemplate":"https:\/\/balticoverlanders.eu\/fi\/?s={search_term_string}"},"query-input":{"@type":"PropertyValueSpecification","valueRequired":true,"valueName":"search_term_string"}}],"inLanguage":"fi"}]}},"_links":{"self":[{"href":"https:\/\/balticoverlanders.eu\/fi\/wp-json\/wp\/v2\/product\/39252","targetHints":{"allow":["GET"]}}],"collection":[{"href":"https:\/\/balticoverlanders.eu\/fi\/wp-json\/wp\/v2\/product"}],"about":[{"href":"https:\/\/balticoverlanders.eu\/fi\/wp-json\/wp\/v2\/types\/product"}],"wp:featuredmedia":[{"embeddable":true,"href":"https:\/\/balticoverlanders.eu\/fi\/wp-json\/wp\/v2\/media\/31342"}],"wp:attachment":[{"href":"https:\/\/balticoverlanders.eu\/fi\/wp-json\/wp\/v2\/media?parent=39252"}],"wp:term":[{"taxonomy":"product_brand","embeddable":true,"href":"https:\/\/balticoverlanders.eu\/fi\/wp-json\/wp\/v2\/product_brand?post=39252"},{"taxonomy":"product_cat","embeddable":true,"href":"https:\/\/balticoverlanders.eu\/fi\/wp-json\/wp\/v2\/product_cat?post=39252"},{"taxonomy":"product_tag","embeddable":true,"href":"https:\/\/balticoverlanders.eu\/fi\/wp-json\/wp\/v2\/product_tag?post=39252"}],"curies":[{"name":"wp","href":"https:\/\/api.w.org\/{rel}","templated":true}]}}